{"id":459,"date":"2019-02-28T19:06:31","date_gmt":"2019-02-28T19:06:31","guid":{"rendered":"http:\/\/sonographycanada.ca\/?page_id=459"},"modified":"2022-04-08T15:11:54","modified_gmt":"2022-04-08T15:11:54","slug":"comite-prix-bourses","status":"publish","type":"page","link":"https:\/\/sonographycanada.ca\/fr\/adhesion\/comites\/comite-prix-bourses","title":{"rendered":"Comit\u00e9 des prix et bourses"},"content":{"rendered":"<p>Le comit\u00e9 des prix et bourses a la responsabilit\u00e9 de sensibiliser les membres aux crit\u00e8res d&#8217;admissibilit\u00e9 rattach\u00e9s aux divers prix, de chercher des candidatures pour certains prix, d&#8217;encourager les mises en candidature pour d&#8217;autres prix, d&#8217;\u00e9tablir la rubrique des crit\u00e8res de s\u00e9lection pour identifier les laur\u00e9ats, ainsi que d\u2019examiner et d\u2019\u00e9valuer les candidatures selon les crit\u00e8res pr\u00e9d\u00e9finis.<\/p><p>  <a href=\"https:\/\/sonographycanada.ca\/app\/uploads\/2022\/04\/Awards-Committee-TOR-FINAL.pdf\">Cliquez ici<\/a> pour acc\u00e9der aux termes de r\u00e9f\u00e9rence pour ce comit\u00e9. (Disponible en anglais seulement) <br><\/p><div class=\"wp-block-advgb-accordions advgb-accordion-wrapper\" data-collapsed=\"true\"><div class=\"wp-block-advgb-accordion-item advgb-accordion-item\" style=\"margin-bottom:15px\"><div class=\"advgb-accordion-header\" style=\"background-color:#d8e1ec;color:#313131;border-style:solid;border-color:#ffffff\"><span class=\"advgb-accordion-header-icon\"><svg fill=\"#313131\" xmlns=\"http:\/\/www.w3.org\/2000\/svg\" width=\"24\" height=\"24\" viewbox=\"0 0 24 24\"><path opacity=\"0.87\" fill=\"none\" d=\"M24,24H0L0,0l24,0V24z\"><\/path><path d=\"M16.59,8.59L12,13.17L7.41,8.59L6,10l6,6l6-6L16.59,8.59z\"><\/path><\/svg><\/span><h4 class=\"advgb-accordion-header-title\" style=\"color:inherit\">Membres du comit\u00e9 des prix et bourses<\/h4><\/div><div class=\"advgb-accordion-body\" style=\"background-color:#e9eef4;border-style:solid !important;border-color:#ffffff !important;border-top:none !important\"><p>Catherine Lo, Pr\u00e9sidente<br><a rel=\"noreferrer noopener\" href=\"https:\/\/sonographycanada.ca\/wp\/wp-admin\/Catherine.Lo6@vch.ca\" target=\"_blank\">Catherine.Lo6@vch.ca<\/a><\/p>\n\n<figure class=\"wp-block-table\"><table class=\"\"><tbody><tr><td>Amy Harvey <\/td><td>Babitha Thamipinathan <\/td><\/tr><tr><td>Sandra Strang <\/td><td>Ruby Chan <\/td><\/tr><tr><td>Jasmine Jawanda <\/td><td>Shauna Nicholson <\/td><\/tr><\/tbody><\/table><\/figure><\/div><\/div><\/div><p><\/p><p class=\"has-small-font-size\">Page r\u00e9vis\u00e9e le 8 avril 2022.<\/p>","protected":false},"excerpt":{"rendered":"<p>Le comit\u00e9 des prix et bourses a la responsabilit\u00e9 de sensibiliser les membres aux crit\u00e8res d&#8217;admissibilit\u00e9 rattach\u00e9s aux divers prix, de chercher des candidatures pour certains prix, d&#8217;encourager les mises en candidature pour d&#8217;autres prix, d&#8217;\u00e9tablir la rubrique des crit\u00e8res de s\u00e9lection pour identifier les laur\u00e9ats, ainsi que d\u2019examiner et d\u2019\u00e9valuer les candidatures selon les [&hellip;]<\/p>\n","protected":false},"author":1,"featured_media":0,"parent":455,"menu_order":104020,"comment_status":"closed","ping_status":"closed","template":"","meta":{"_acf_changed":false,"advgb_blocks_editor_width":"","advgb_blocks_columns_visual_guide":"","wicket_organization":"","_seat_count":"","_member_id":[],"_edit_last":"1307","_start_date":"","_end_date":"","footnotes":""},"class_list":["post-459","page","type-page","status-publish","hentry"],"acf":[],"yoast_head":"<!-- This site is optimized with the Yoast SEO plugin v23.5 - https:\/\/yoast.com\/wordpress\/plugins\/seo\/ -->\n<title>Comit\u00e9 des prix et bourses - \u00c9chographie Canada<\/title>\n<meta name=\"robots\" content=\"index, follow, max-snippet:-1, max-image-preview:large, max-video-preview:-1\" \/>\n<link rel=\"canonical\" href=\"https:\/\/sonographycanada.ca\/fr\/adhesion\/comites\/comite-prix-bourses\" \/>\n<meta property=\"og:locale\" content=\"fr_FR\" \/>\n<meta property=\"og:type\" content=\"article\" \/>\n<meta property=\"og:title\" content=\"Comit\u00e9 des prix et bourses - \u00c9chographie Canada\" \/>\n<meta property=\"og:description\" content=\"Le comit\u00e9 des prix et bourses a la responsabilit\u00e9 de sensibiliser les membres aux crit\u00e8res d&#8217;admissibilit\u00e9 rattach\u00e9s aux divers prix, de chercher des candidatures pour certains prix, d&#8217;encourager les mises en candidature pour d&#8217;autres prix, d&#8217;\u00e9tablir la rubrique des crit\u00e8res de s\u00e9lection pour identifier les laur\u00e9ats, ainsi que d\u2019examiner et d\u2019\u00e9valuer les candidatures selon les [&hellip;]\" \/>\n<meta property=\"og:url\" content=\"https:\/\/sonographycanada.ca\/fr\/adhesion\/comites\/comite-prix-bourses\" \/>\n<meta property=\"og:site_name\" content=\"\u00c9chographie Canada\" \/>\n<meta property=\"article:modified_time\" content=\"2022-04-08T15:11:54+00:00\" \/>\n<meta name=\"twitter:card\" content=\"summary_large_image\" \/>\n<meta name=\"twitter:label1\" content=\"Est. reading time\" \/>\n\t<meta name=\"twitter:data1\" content=\"1 minute\" \/>\n<script type=\"application\/ld+json\" class=\"yoast-schema-graph\">{\"@context\":\"https:\/\/schema.org\",\"@graph\":[{\"@type\":\"WebPage\",\"@id\":\"https:\/\/sonographycanada.ca\/fr\/adhesion\/comites\/comite-prix-bourses\",\"url\":\"https:\/\/sonographycanada.ca\/fr\/adhesion\/comites\/comite-prix-bourses\",\"name\":\"Comit\u00e9 des prix et bourses - \u00c9chographie Canada\",\"isPartOf\":{\"@id\":\"https:\/\/sonographycanada.ca\/#website\"},\"datePublished\":\"2019-02-28T19:06:31+00:00\",\"dateModified\":\"2022-04-08T15:11:54+00:00\",\"breadcrumb\":{\"@id\":\"https:\/\/sonographycanada.ca\/fr\/adhesion\/comites\/comite-prix-bourses#breadcrumb\"},\"inLanguage\":\"fr-FR\",\"potentialAction\":[{\"@type\":\"ReadAction\",\"target\":[\"https:\/\/sonographycanada.ca\/fr\/adhesion\/comites\/comite-prix-bourses\"]}]},{\"@type\":\"BreadcrumbList\",\"@id\":\"https:\/\/sonographycanada.ca\/fr\/adhesion\/comites\/comite-prix-bourses#breadcrumb\",\"itemListElement\":[{\"@type\":\"ListItem\",\"position\":1,\"name\":\"Accueil\",\"item\":\"https:\/\/sonographycanada.ca\/fr\"},{\"@type\":\"ListItem\",\"position\":2,\"name\":\"Adh\u00e9sion\",\"item\":\"https:\/\/sonographycanada.ca\/fr\/adhesion\"},{\"@type\":\"ListItem\",\"position\":3,\"name\":\"Comit\u00e9s\",\"item\":\"https:\/\/sonographycanada.ca\/fr\/adhesion\/comites\"},{\"@type\":\"ListItem\",\"position\":4,\"name\":\"Comit\u00e9 des prix et bourses\"}]},{\"@type\":\"WebSite\",\"@id\":\"https:\/\/sonographycanada.ca\/#website\",\"url\":\"https:\/\/sonographycanada.ca\/\",\"name\":\"\u00c9chographie Canada\",\"description\":\"La voix des \u00e9chographistes m\u00e9dicaux diagnostiques au Canada\",\"potentialAction\":[{\"@type\":\"SearchAction\",\"target\":{\"@type\":\"EntryPoint\",\"urlTemplate\":\"https:\/\/sonographycanada.ca\/?s={search_term_string}\"},\"query-input\":{\"@type\":\"PropertyValueSpecification\",\"valueRequired\":true,\"valueName\":\"search_term_string\"}}],\"inLanguage\":\"fr-FR\"}]}<\/script>\n<!-- \/ Yoast SEO plugin. -->","yoast_head_json":{"title":"Comit\u00e9 des prix et bourses - \u00c9chographie Canada","robots":{"index":"index","follow":"follow","max-snippet":"max-snippet:-1","max-image-preview":"max-image-preview:large","max-video-preview":"max-video-preview:-1"},"canonical":"https:\/\/sonographycanada.ca\/fr\/adhesion\/comites\/comite-prix-bourses","og_locale":"fr_FR","og_type":"article","og_title":"Comit\u00e9 des prix et bourses - \u00c9chographie Canada","og_description":"Le comit\u00e9 des prix et bourses a la responsabilit\u00e9 de sensibiliser les membres aux crit\u00e8res d&#8217;admissibilit\u00e9 rattach\u00e9s aux divers prix, de chercher des candidatures pour certains prix, d&#8217;encourager les mises en candidature pour d&#8217;autres prix, d&#8217;\u00e9tablir la rubrique des crit\u00e8res de s\u00e9lection pour identifier les laur\u00e9ats, ainsi que d\u2019examiner et d\u2019\u00e9valuer les candidatures selon les [&hellip;]","og_url":"https:\/\/sonographycanada.ca\/fr\/adhesion\/comites\/comite-prix-bourses","og_site_name":"\u00c9chographie Canada","article_modified_time":"2022-04-08T15:11:54+00:00","twitter_card":"summary_large_image","twitter_misc":{"Est. reading time":"1 minute"},"schema":{"@context":"https:\/\/schema.org","@graph":[{"@type":"WebPage","@id":"https:\/\/sonographycanada.ca\/fr\/adhesion\/comites\/comite-prix-bourses","url":"https:\/\/sonographycanada.ca\/fr\/adhesion\/comites\/comite-prix-bourses","name":"Comit\u00e9 des prix et bourses - \u00c9chographie Canada","isPartOf":{"@id":"https:\/\/sonographycanada.ca\/#website"},"datePublished":"2019-02-28T19:06:31+00:00","dateModified":"2022-04-08T15:11:54+00:00","breadcrumb":{"@id":"https:\/\/sonographycanada.ca\/fr\/adhesion\/comites\/comite-prix-bourses#breadcrumb"},"inLanguage":"fr-FR","potentialAction":[{"@type":"ReadAction","target":["https:\/\/sonographycanada.ca\/fr\/adhesion\/comites\/comite-prix-bourses"]}]},{"@type":"BreadcrumbList","@id":"https:\/\/sonographycanada.ca\/fr\/adhesion\/comites\/comite-prix-bourses#breadcrumb","itemListElement":[{"@type":"ListItem","position":1,"name":"Accueil","item":"https:\/\/sonographycanada.ca\/fr"},{"@type":"ListItem","position":2,"name":"Adh\u00e9sion","item":"https:\/\/sonographycanada.ca\/fr\/adhesion"},{"@type":"ListItem","position":3,"name":"Comit\u00e9s","item":"https:\/\/sonographycanada.ca\/fr\/adhesion\/comites"},{"@type":"ListItem","position":4,"name":"Comit\u00e9 des prix et bourses"}]},{"@type":"WebSite","@id":"https:\/\/sonographycanada.ca\/#website","url":"https:\/\/sonographycanada.ca\/","name":"\u00c9chographie Canada","description":"La voix des \u00e9chographistes m\u00e9dicaux diagnostiques au Canada","potentialAction":[{"@type":"SearchAction","target":{"@type":"EntryPoint","urlTemplate":"https:\/\/sonographycanada.ca\/?s={search_term_string}"},"query-input":{"@type":"PropertyValueSpecification","valueRequired":true,"valueName":"search_term_string"}}],"inLanguage":"fr-FR"}]}},"coauthors":[],"author_meta":{"author_link":"https:\/\/sonographycanada.ca\/fr\/author\/admin","display_name":"Kevin Andrews"},"relative_dates":{"created":"Publi\u00e9 7 years il y a","modified":"Mis \u00e0 jour 4 years il y a"},"absolute_dates":{"created":"Publi\u00e9 le f\u00e9vrier 28, 2019","modified":"Mise \u00e0 jour le avril 8, 2022"},"absolute_dates_time":{"created":"Publi\u00e9 le f\u00e9vrier 28, 2019 7:06 pm","modified":"Mise \u00e0 jour le avril 8, 2022 3:11 pm"},"featured_img_caption":"","featured_img":false,"series_order":"","_links":{"self":[{"href":"https:\/\/sonographycanada.ca\/fr\/wp-json\/wp\/v2\/pages\/459"}],"collection":[{"href":"https:\/\/sonographycanada.ca\/fr\/wp-json\/wp\/v2\/pages"}],"about":[{"href":"https:\/\/sonographycanada.ca\/fr\/wp-json\/wp\/v2\/types\/page"}],"author":[{"embeddable":true,"href":"https:\/\/sonographycanada.ca\/fr\/wp-json\/wp\/v2\/users\/1"}],"replies":[{"embeddable":true,"href":"https:\/\/sonographycanada.ca\/fr\/wp-json\/wp\/v2\/comments?post=459"}],"version-history":[{"count":10,"href":"https:\/\/sonographycanada.ca\/fr\/wp-json\/wp\/v2\/pages\/459\/revisions"}],"predecessor-version":[{"id":149867,"href":"https:\/\/sonographycanada.ca\/fr\/wp-json\/wp\/v2\/pages\/459\/revisions\/149867"}],"up":[{"embeddable":true,"href":"https:\/\/sonographycanada.ca\/fr\/wp-json\/wp\/v2\/pages\/455"}],"wp:attachment":[{"href":"https:\/\/sonographycanada.ca\/fr\/wp-json\/wp\/v2\/media?parent=459"}],"curies":[{"name":"wp","href":"https:\/\/api.w.org\/{rel}","templated":true}]}}