{"id":461,"date":"2019-02-28T19:07:25","date_gmt":"2019-02-28T19:07:25","guid":{"rendered":"http:\/\/sonographycanada.ca\/?page_id=461"},"modified":"2022-04-08T15:04:19","modified_gmt":"2022-04-08T15:04:19","slug":"comite-redaction-rcem","status":"publish","type":"page","link":"https:\/\/sonographycanada.ca\/fr\/adhesion\/comites\/comite-redaction-rcem","title":{"rendered":"Comit\u00e9 de r\u00e9daction de la RCEM"},"content":{"rendered":"<p>Le r\u00f4le du comit\u00e9 de r\u00e9daction est de guider le contenu de la <em>Revue canadienne d\u2019\u00e9chographie m\u00e9dicale <\/em>(RCEM) et de fournir de l&#8217;information de qualit\u00e9 \u00e0 ses lecteurs, tout en gardant \u00e0 l&#8217;esprit le mandat et les objectifs organisationnels d&#8217;\u00c9chographie Canada.\u00a0Le comit\u00e9 de r\u00e9daction est \u00e9galement responsable de r\u00e9viser les articles soumis par les pairs, de chercher et d\u2019obtenir des articles pour la publication, ainsi que de faire la promotion de la RCEM.<\/p><p>Le comit\u00e9 de la RCEM est constitu\u00e9 d\u2019un r\u00e9dacteur en chef, de quatre r\u00e9dacteurs et de jusqu&#8217;\u00e0 12 critiques professsionelles.<\/p><p> <a href=\"https:\/\/sonographycanada.ca\/app\/uploads\/2022\/04\/Journal-TOR-FINAL_RevJuly2018.pdf\">Cliquez ici<\/a> pour acc\u00e9der aux termes de r\u00e9f\u00e9rence pour ce comit\u00e9. (Disponible en anglais seulement) <br><\/p><div class=\"wp-block-advgb-accordions advgb-accordion-wrapper\" data-collapsed=\"true\"><div class=\"wp-block-advgb-accordion-item advgb-accordion-item\" style=\"margin-bottom:15px\"><div class=\"advgb-accordion-header\" style=\"background-color:#d8e1ec;color:#313131;border-style:solid;border-color:#ffffff\"><span class=\"advgb-accordion-header-icon\"><svg fill=\"#313131\" xmlns=\"http:\/\/www.w3.org\/2000\/svg\" width=\"24\" height=\"24\" viewbox=\"0 0 24 24\"><path opacity=\"0.87\" fill=\"none\" d=\"M24,24H0L0,0l24,0V24z\"><\/path><path d=\"M16.59,8.59L12,13.17L7.41,8.59L6,10l6,6l6-6L16.59,8.59z\"><\/path><\/svg><\/span><h4 class=\"advgb-accordion-header-title\" style=\"color:inherit\">Membres du comit\u00e9 de r\u00e9daction de la RCEM<\/h4><\/div><div class=\"advgb-accordion-body\" style=\"background-color:#e9eef4;border-style:solid !important;border-color:#ffffff !important;border-top:none !important\"><p>Sheena Bhimji-Hewitt, R\u00e9dactrice en chef<br><a href=\"mailto:editorcjms@sonographycanada.ca\">editorcjms@sonographycanada.ca<\/a><\/p>\n\n<figure class=\"wp-block-table\"><table class=\"\"><tbody><tr><td>Marion Cairnduff <\/td><td>Leonardo Faundez <\/td><\/tr><tr><td>Kimberly Jozkow <\/td><td>Megan White <\/td><\/tr><\/tbody><\/table><\/figure><\/div><\/div><\/div>","protected":false},"excerpt":{"rendered":"<p>Le r\u00f4le du comit\u00e9 de r\u00e9daction est de guider le contenu de la Revue canadienne d\u2019\u00e9chographie m\u00e9dicale (RCEM) et de fournir de l&#8217;information de qualit\u00e9 \u00e0 ses lecteurs, tout en gardant \u00e0 l&#8217;esprit le mandat et les objectifs organisationnels d&#8217;\u00c9chographie Canada.\u00a0Le comit\u00e9 de r\u00e9daction est \u00e9galement responsable de r\u00e9viser les articles soumis par les pairs, [&hellip;]<\/p>\n","protected":false},"author":1,"featured_media":0,"parent":455,"menu_order":104030,"comment_status":"closed","ping_status":"closed","template":"","meta":{"_acf_changed":false,"advgb_blocks_editor_width":"","advgb_blocks_columns_visual_guide":"","wicket_organization":"","_seat_count":"","_member_id":[],"_edit_last":"1307","_start_date":"","_end_date":"","footnotes":""},"class_list":["post-461","page","type-page","status-publish","hentry"],"acf":[],"yoast_head":"<!-- This site is optimized with the Yoast SEO plugin v23.5 - https:\/\/yoast.com\/wordpress\/plugins\/seo\/ -->\n<title>Comit\u00e9 de r\u00e9daction de la RCEM - \u00c9chographie Canada<\/title>\n<meta name=\"robots\" content=\"index, follow, max-snippet:-1, max-image-preview:large, max-video-preview:-1\" \/>\n<link rel=\"canonical\" href=\"https:\/\/sonographycanada.ca\/fr\/adhesion\/comites\/comite-redaction-rcem\" \/>\n<meta property=\"og:locale\" content=\"fr_FR\" \/>\n<meta property=\"og:type\" content=\"article\" \/>\n<meta property=\"og:title\" content=\"Comit\u00e9 de r\u00e9daction de la RCEM - \u00c9chographie Canada\" \/>\n<meta property=\"og:description\" content=\"Le r\u00f4le du comit\u00e9 de r\u00e9daction est de guider le contenu de la Revue canadienne d\u2019\u00e9chographie m\u00e9dicale (RCEM) et de fournir de l&#8217;information de qualit\u00e9 \u00e0 ses lecteurs, tout en gardant \u00e0 l&#8217;esprit le mandat et les objectifs organisationnels d&#8217;\u00c9chographie Canada.\u00a0Le comit\u00e9 de r\u00e9daction est \u00e9galement responsable de r\u00e9viser les articles soumis par les pairs, [&hellip;]\" \/>\n<meta property=\"og:url\" content=\"https:\/\/sonographycanada.ca\/fr\/adhesion\/comites\/comite-redaction-rcem\" \/>\n<meta property=\"og:site_name\" content=\"\u00c9chographie Canada\" \/>\n<meta property=\"article:modified_time\" content=\"2022-04-08T15:04:19+00:00\" \/>\n<meta name=\"twitter:card\" content=\"summary_large_image\" \/>\n<meta name=\"twitter:label1\" content=\"Est. reading time\" \/>\n\t<meta name=\"twitter:data1\" content=\"1 minute\" \/>\n<script type=\"application\/ld+json\" class=\"yoast-schema-graph\">{\"@context\":\"https:\/\/schema.org\",\"@graph\":[{\"@type\":\"WebPage\",\"@id\":\"https:\/\/sonographycanada.ca\/fr\/adhesion\/comites\/comite-redaction-rcem\",\"url\":\"https:\/\/sonographycanada.ca\/fr\/adhesion\/comites\/comite-redaction-rcem\",\"name\":\"Comit\u00e9 de r\u00e9daction de la RCEM - \u00c9chographie Canada\",\"isPartOf\":{\"@id\":\"https:\/\/sonographycanada.ca\/#website\"},\"datePublished\":\"2019-02-28T19:07:25+00:00\",\"dateModified\":\"2022-04-08T15:04:19+00:00\",\"breadcrumb\":{\"@id\":\"https:\/\/sonographycanada.ca\/fr\/adhesion\/comites\/comite-redaction-rcem#breadcrumb\"},\"inLanguage\":\"fr-FR\",\"potentialAction\":[{\"@type\":\"ReadAction\",\"target\":[\"https:\/\/sonographycanada.ca\/fr\/adhesion\/comites\/comite-redaction-rcem\"]}]},{\"@type\":\"BreadcrumbList\",\"@id\":\"https:\/\/sonographycanada.ca\/fr\/adhesion\/comites\/comite-redaction-rcem#breadcrumb\",\"itemListElement\":[{\"@type\":\"ListItem\",\"position\":1,\"name\":\"Accueil\",\"item\":\"https:\/\/sonographycanada.ca\/fr\"},{\"@type\":\"ListItem\",\"position\":2,\"name\":\"Adh\u00e9sion\",\"item\":\"https:\/\/sonographycanada.ca\/fr\/adhesion\"},{\"@type\":\"ListItem\",\"position\":3,\"name\":\"Comit\u00e9s\",\"item\":\"https:\/\/sonographycanada.ca\/fr\/adhesion\/comites\"},{\"@type\":\"ListItem\",\"position\":4,\"name\":\"Comit\u00e9 de r\u00e9daction de la RCEM\"}]},{\"@type\":\"WebSite\",\"@id\":\"https:\/\/sonographycanada.ca\/#website\",\"url\":\"https:\/\/sonographycanada.ca\/\",\"name\":\"\u00c9chographie Canada\",\"description\":\"La voix des \u00e9chographistes m\u00e9dicaux diagnostiques au Canada\",\"potentialAction\":[{\"@type\":\"SearchAction\",\"target\":{\"@type\":\"EntryPoint\",\"urlTemplate\":\"https:\/\/sonographycanada.ca\/?s={search_term_string}\"},\"query-input\":{\"@type\":\"PropertyValueSpecification\",\"valueRequired\":true,\"valueName\":\"search_term_string\"}}],\"inLanguage\":\"fr-FR\"}]}<\/script>\n<!-- \/ Yoast SEO plugin. -->","yoast_head_json":{"title":"Comit\u00e9 de r\u00e9daction de la RCEM - \u00c9chographie Canada","robots":{"index":"index","follow":"follow","max-snippet":"max-snippet:-1","max-image-preview":"max-image-preview:large","max-video-preview":"max-video-preview:-1"},"canonical":"https:\/\/sonographycanada.ca\/fr\/adhesion\/comites\/comite-redaction-rcem","og_locale":"fr_FR","og_type":"article","og_title":"Comit\u00e9 de r\u00e9daction de la RCEM - \u00c9chographie Canada","og_description":"Le r\u00f4le du comit\u00e9 de r\u00e9daction est de guider le contenu de la Revue canadienne d\u2019\u00e9chographie m\u00e9dicale (RCEM) et de fournir de l&#8217;information de qualit\u00e9 \u00e0 ses lecteurs, tout en gardant \u00e0 l&#8217;esprit le mandat et les objectifs organisationnels d&#8217;\u00c9chographie Canada.\u00a0Le comit\u00e9 de r\u00e9daction est \u00e9galement responsable de r\u00e9viser les articles soumis par les pairs, [&hellip;]","og_url":"https:\/\/sonographycanada.ca\/fr\/adhesion\/comites\/comite-redaction-rcem","og_site_name":"\u00c9chographie Canada","article_modified_time":"2022-04-08T15:04:19+00:00","twitter_card":"summary_large_image","twitter_misc":{"Est. reading time":"1 minute"},"schema":{"@context":"https:\/\/schema.org","@graph":[{"@type":"WebPage","@id":"https:\/\/sonographycanada.ca\/fr\/adhesion\/comites\/comite-redaction-rcem","url":"https:\/\/sonographycanada.ca\/fr\/adhesion\/comites\/comite-redaction-rcem","name":"Comit\u00e9 de r\u00e9daction de la RCEM - \u00c9chographie Canada","isPartOf":{"@id":"https:\/\/sonographycanada.ca\/#website"},"datePublished":"2019-02-28T19:07:25+00:00","dateModified":"2022-04-08T15:04:19+00:00","breadcrumb":{"@id":"https:\/\/sonographycanada.ca\/fr\/adhesion\/comites\/comite-redaction-rcem#breadcrumb"},"inLanguage":"fr-FR","potentialAction":[{"@type":"ReadAction","target":["https:\/\/sonographycanada.ca\/fr\/adhesion\/comites\/comite-redaction-rcem"]}]},{"@type":"BreadcrumbList","@id":"https:\/\/sonographycanada.ca\/fr\/adhesion\/comites\/comite-redaction-rcem#breadcrumb","itemListElement":[{"@type":"ListItem","position":1,"name":"Accueil","item":"https:\/\/sonographycanada.ca\/fr"},{"@type":"ListItem","position":2,"name":"Adh\u00e9sion","item":"https:\/\/sonographycanada.ca\/fr\/adhesion"},{"@type":"ListItem","position":3,"name":"Comit\u00e9s","item":"https:\/\/sonographycanada.ca\/fr\/adhesion\/comites"},{"@type":"ListItem","position":4,"name":"Comit\u00e9 de r\u00e9daction de la RCEM"}]},{"@type":"WebSite","@id":"https:\/\/sonographycanada.ca\/#website","url":"https:\/\/sonographycanada.ca\/","name":"\u00c9chographie Canada","description":"La voix des \u00e9chographistes m\u00e9dicaux diagnostiques au Canada","potentialAction":[{"@type":"SearchAction","target":{"@type":"EntryPoint","urlTemplate":"https:\/\/sonographycanada.ca\/?s={search_term_string}"},"query-input":{"@type":"PropertyValueSpecification","valueRequired":true,"valueName":"search_term_string"}}],"inLanguage":"fr-FR"}]}},"coauthors":[],"author_meta":{"author_link":"https:\/\/sonographycanada.ca\/fr\/author\/admin","display_name":"Kevin Andrews"},"relative_dates":{"created":"Publi\u00e9 7 years il y a","modified":"Mis \u00e0 jour 4 years il y a"},"absolute_dates":{"created":"Publi\u00e9 le f\u00e9vrier 28, 2019","modified":"Mise \u00e0 jour le avril 8, 2022"},"absolute_dates_time":{"created":"Publi\u00e9 le f\u00e9vrier 28, 2019 7:07 pm","modified":"Mise \u00e0 jour le avril 8, 2022 3:04 pm"},"featured_img_caption":"","featured_img":false,"series_order":"","_links":{"self":[{"href":"https:\/\/sonographycanada.ca\/fr\/wp-json\/wp\/v2\/pages\/461"}],"collection":[{"href":"https:\/\/sonographycanada.ca\/fr\/wp-json\/wp\/v2\/pages"}],"about":[{"href":"https:\/\/sonographycanada.ca\/fr\/wp-json\/wp\/v2\/types\/page"}],"author":[{"embeddable":true,"href":"https:\/\/sonographycanada.ca\/fr\/wp-json\/wp\/v2\/users\/1"}],"replies":[{"embeddable":true,"href":"https:\/\/sonographycanada.ca\/fr\/wp-json\/wp\/v2\/comments?post=461"}],"version-history":[{"count":9,"href":"https:\/\/sonographycanada.ca\/fr\/wp-json\/wp\/v2\/pages\/461\/revisions"}],"predecessor-version":[{"id":149861,"href":"https:\/\/sonographycanada.ca\/fr\/wp-json\/wp\/v2\/pages\/461\/revisions\/149861"}],"up":[{"embeddable":true,"href":"https:\/\/sonographycanada.ca\/fr\/wp-json\/wp\/v2\/pages\/455"}],"wp:attachment":[{"href":"https:\/\/sonographycanada.ca\/fr\/wp-json\/wp\/v2\/media?parent=461"}],"curies":[{"name":"wp","href":"https:\/\/api.w.org\/{rel}","templated":true}]}}