{"id":463,"date":"2019-02-28T19:08:49","date_gmt":"2019-02-28T19:08:49","guid":{"rendered":"http:\/\/sonographycanada.ca\/?page_id=463"},"modified":"2022-04-08T15:53:41","modified_gmt":"2022-04-08T15:53:41","slug":"comite-consultatif-education","status":"publish","type":"page","link":"https:\/\/sonographycanada.ca\/fr\/adhesion\/comites\/comite-consultatif-education","title":{"rendered":"Comit\u00e9 consultatif sur l&#8217;\u00e9ducation national"},"content":{"rendered":"<p>Le Comit\u00e9 consultatif sur l&#8217;\u00e9ducation nationale (CCEN) est un comit\u00e9 national d&#8217;\u00e9ducateurs ayant des repr\u00e9sentants de tous les programmes de formation au Canada en \u00e9chographie diagnostique accr\u00e9dit\u00e9s par Agr\u00e9ment Canada. Le CCEN collabore avec le conseil d&#8217;\u00c9chographie Canada dans la formulation et la mise en \u0153uvre de d\u00e9cisions sur les processus d&#8217;\u00e9valuation des profils de comp\u00e9tences, de connaissances et d&#8217;habilet\u00e9s cliniques d&#8217;admission.<\/p><p> &nbsp;<a href=\"https:\/\/sonographycanada.ca\/app\/uploads\/2022\/04\/NEAC-Terms-of-Reference-June-2018.pdf\">Cliquez ici<\/a> pour acc\u00e9der aux termes de r\u00e9f\u00e9rence de ce comit\u00e9. (Disponible en anglais) <\/p><h2 class=\"wp-block-heading\">Membres du comit\u00e9 consultatif sur l&#8217;\u00e9ducation nationale<\/h2><p>Pr\u00e9sidente du comit\u00e9 : <strong>Gis\u00e8le Mayer-Burton<\/strong>, Coll\u00e8ge Bor\u00e9al <\/p><div class=\"wp-block-advgb-accordions advgb-accordion-wrapper\" data-collapsed=\"true\"><div class=\"wp-block-advgb-accordion-item advgb-accordion-item\" style=\"margin-bottom:15px\"><div class=\"advgb-accordion-header\" style=\"background-color:#d8e1ec;color:#313131;border-style:solid;border-color:#ffffff\"><span class=\"advgb-accordion-header-icon\"><svg fill=\"#313131\" xmlns=\"http:\/\/www.w3.org\/2000\/svg\" width=\"24\" height=\"24\" viewbox=\"0 0 24 24\"><path opacity=\"0.87\" fill=\"none\" d=\"M24,24H0L0,0l24,0V24z\"><\/path><path d=\"M16.59,8.59L12,13.17L7.41,8.59L6,10l6,6l6-6L16.59,8.59z\"><\/path><\/svg><\/span><h4 class=\"advgb-accordion-header-title\" style=\"color:inherit\">Programmes agr\u00e9\u00e9s<\/h4><\/div><div class=\"advgb-accordion-body\" style=\"background-color:#e9eef4;border-style:solid !important;border-color:#ffffff !important;border-top:none !important\"><figure class=\"wp-block-table\"><table class=\"\"><tbody><tr><td><strong>\u00c9cole<\/strong><\/td><td> <strong>Repr\u00e9sentant(e)<\/strong><\/td><\/tr><tr><td>British Columbia Institute of Technology (BCIT) <\/td><td> Tami Riley <\/td><\/tr><tr><td> Canadian National Institute of Health (CNIH)  <\/td><td> Lyne Roy  <\/td><\/tr><tr><td>Coll\u00e8ge algonquin<\/td><td> Rose Marie Di Bucchianico <\/td><\/tr><tr><td>Coll\u00e8ge algonquin<\/td><td> Jane St. Germain <\/td><\/tr><tr><td>Coll\u00e8ge Bor\u00e9al<\/td><td> Gis\u00e8le Mayer-Burton<\/td><\/tr><tr><td>Coll\u00e8ge Cambrian<\/td><td> Sheila Grech <\/td><\/tr><tr><td>Coll\u00e8ge de New Caledonia (CNC)<\/td><td> Tatym Schneider <\/td><\/tr><tr><td>Coll\u00e8ge du North Atlantic <\/td><td> Renee Marks <\/td><\/tr><tr><td>Coll\u00e8ge Mohawk<\/td><td> Jennifer Burton <\/td><\/tr><tr><td>Coll\u00e8ge Mohawk<\/td><td> Sue Kras <\/td><\/tr><tr><td>Coll\u00e8ge Red River<\/td><td> Shaun Lysak <\/td><\/tr><tr><td>Coll\u00e8ge St. Clair<\/td><td> Jody Delisle<\/td><\/tr><tr><td>North Alberta Institute of Technology (NAIT)<\/td><td> Lee Dubois<\/td><\/tr><tr><td>Pharma-Medical Science of Canada &#8211; Scarborough (Cardiac) <\/td><td> Yahya Jaberi <\/td><\/tr><tr><td>Pharma-Medical Science of Canada &#8211; Scarborough (Generalist) <\/td><td> Mary Gao <\/td><\/tr><tr><td>Southern Alberta Institute of Technology (SAIT) <\/td><td> Sandra Dobson <\/td><\/tr><tr><td>The Michener Institute of Education at UHN <\/td><td> Noor Hesson <\/td><\/tr><tr><td>Universit\u00e9 de Dalhousie<\/td><td> Sherry Chauder <\/td><\/tr><\/tbody><\/table><\/figure>\n\n<p><\/p><\/div><\/div><\/div><p><\/p><div class=\"wp-block-advgb-accordions advgb-accordion-wrapper\" data-collapsed=\"true\"><div class=\"wp-block-advgb-accordion-item advgb-accordion-item\" style=\"margin-bottom:15px\"><div class=\"advgb-accordion-header\" style=\"background-color:#d8e1ec;color:#313131;border-style:solid;border-color:#ffffff\"><span class=\"advgb-accordion-header-icon\"><svg fill=\"#313131\" xmlns=\"http:\/\/www.w3.org\/2000\/svg\" width=\"24\" height=\"24\" viewbox=\"0 0 24 24\"><path opacity=\"0.87\" fill=\"none\" d=\"M24,24H0L0,0l24,0V24z\"><\/path><path d=\"M16.59,8.59L12,13.17L7.41,8.59L6,10l6,6l6-6L16.59,8.59z\"><\/path><\/svg><\/span><h4 class=\"advgb-accordion-header-title\" style=\"color:inherit\">Programme enregistr\u00e9s<\/h4><\/div><div class=\"advgb-accordion-body\" style=\"background-color:#e9eef4;border-style:solid !important;border-color:#ffffff !important;border-top:none !important\"><figure class=\"wp-block-table\"><table class=\"\"><tbody><tr><td><strong>\u00c9cole<\/strong><\/td><td><strong>Repr\u00e9sentant(e)<\/strong><\/td><\/tr><tr><td> Anderson College of Health, Business &amp; Technology <\/td><td> John Lai <\/td><\/tr><tr><td> Coll\u00e8ge BizTech <\/td><td> Zafar Bajwa  <\/td><\/tr><tr><td> Coll\u00e8ge Camosun <\/td><td> \u00c0 confirmer <\/td><\/tr><tr><td> Coll\u00e8ge St. Clair<\/td><td> \u00c0 confirmer  <\/td><\/tr><tr><td> MCG Career College <\/td><td> Val West <\/td><\/tr><tr><td> OTIMRO<\/td><td> \u00c0 confirmer  <\/td><\/tr><tr><td> Pharma-Medical Science of Canada &#8211; Etobicoke (Generalist) <\/td><td> Mary Gao <\/td><\/tr><tr><td> Pharma-Medical Science of Canada &#8211; Etobicoke (Cardiac) <\/td><td> Yahya Jaberi <\/td><\/tr><\/tbody><\/table><\/figure><\/div><\/div><\/div><p class=\"has-small-font-size\">Page r\u00e9vis\u00e9e le 8 avril 2022.<\/p>","protected":false},"excerpt":{"rendered":"<p>Le Comit\u00e9 consultatif sur l&#8217;\u00e9ducation nationale (CCEN) est un comit\u00e9 national d&#8217;\u00e9ducateurs ayant des repr\u00e9sentants de tous les programmes de formation au Canada en \u00e9chographie diagnostique accr\u00e9dit\u00e9s par Agr\u00e9ment Canada. Le CCEN collabore avec le conseil d&#8217;\u00c9chographie Canada dans la formulation et la mise en \u0153uvre de d\u00e9cisions sur les processus d&#8217;\u00e9valuation des profils de [&hellip;]<\/p>\n","protected":false},"author":1,"featured_media":0,"parent":455,"menu_order":104040,"comment_status":"closed","ping_status":"closed","template":"","meta":{"_acf_changed":false,"advgb_blocks_editor_width":"","advgb_blocks_columns_visual_guide":"","wicket_organization":"","_seat_count":"","_member_id":[],"_edit_last":"1307","_start_date":"","_end_date":"","footnotes":""},"class_list":["post-463","page","type-page","status-publish","hentry"],"acf":[],"yoast_head":"<!-- This site is optimized with the Yoast SEO plugin v23.5 - https:\/\/yoast.com\/wordpress\/plugins\/seo\/ -->\n<title>Comit\u00e9 consultatif sur l&#039;\u00e9ducation national - \u00c9chographie Canada<\/title>\n<meta name=\"robots\" content=\"index, follow, max-snippet:-1, max-image-preview:large, max-video-preview:-1\" \/>\n<link rel=\"canonical\" href=\"https:\/\/sonographycanada.ca\/fr\/adhesion\/comites\/comite-consultatif-education\" \/>\n<meta property=\"og:locale\" content=\"fr_FR\" \/>\n<meta property=\"og:type\" content=\"article\" \/>\n<meta property=\"og:title\" content=\"Comit\u00e9 consultatif sur l&#039;\u00e9ducation national - \u00c9chographie Canada\" \/>\n<meta property=\"og:description\" content=\"Le Comit\u00e9 consultatif sur l&#8217;\u00e9ducation nationale (CCEN) est un comit\u00e9 national d&#8217;\u00e9ducateurs ayant des repr\u00e9sentants de tous les programmes de formation au Canada en \u00e9chographie diagnostique accr\u00e9dit\u00e9s par Agr\u00e9ment Canada. Le CCEN collabore avec le conseil d&#8217;\u00c9chographie Canada dans la formulation et la mise en \u0153uvre de d\u00e9cisions sur les processus d&#8217;\u00e9valuation des profils de [&hellip;]\" \/>\n<meta property=\"og:url\" content=\"https:\/\/sonographycanada.ca\/fr\/adhesion\/comites\/comite-consultatif-education\" \/>\n<meta property=\"og:site_name\" content=\"\u00c9chographie Canada\" \/>\n<meta property=\"article:modified_time\" content=\"2022-04-08T15:53:41+00:00\" \/>\n<meta name=\"twitter:card\" content=\"summary_large_image\" \/>\n<meta name=\"twitter:label1\" content=\"Est. reading time\" \/>\n\t<meta name=\"twitter:data1\" content=\"2 minutes\" \/>\n<script type=\"application\/ld+json\" class=\"yoast-schema-graph\">{\"@context\":\"https:\/\/schema.org\",\"@graph\":[{\"@type\":\"WebPage\",\"@id\":\"https:\/\/sonographycanada.ca\/fr\/adhesion\/comites\/comite-consultatif-education\",\"url\":\"https:\/\/sonographycanada.ca\/fr\/adhesion\/comites\/comite-consultatif-education\",\"name\":\"Comit\u00e9 consultatif sur l'\u00e9ducation national - \u00c9chographie Canada\",\"isPartOf\":{\"@id\":\"https:\/\/sonographycanada.ca\/#website\"},\"datePublished\":\"2019-02-28T19:08:49+00:00\",\"dateModified\":\"2022-04-08T15:53:41+00:00\",\"breadcrumb\":{\"@id\":\"https:\/\/sonographycanada.ca\/fr\/adhesion\/comites\/comite-consultatif-education#breadcrumb\"},\"inLanguage\":\"fr-FR\",\"potentialAction\":[{\"@type\":\"ReadAction\",\"target\":[\"https:\/\/sonographycanada.ca\/fr\/adhesion\/comites\/comite-consultatif-education\"]}]},{\"@type\":\"BreadcrumbList\",\"@id\":\"https:\/\/sonographycanada.ca\/fr\/adhesion\/comites\/comite-consultatif-education#breadcrumb\",\"itemListElement\":[{\"@type\":\"ListItem\",\"position\":1,\"name\":\"Accueil\",\"item\":\"https:\/\/sonographycanada.ca\/fr\"},{\"@type\":\"ListItem\",\"position\":2,\"name\":\"Adh\u00e9sion\",\"item\":\"https:\/\/sonographycanada.ca\/fr\/adhesion\"},{\"@type\":\"ListItem\",\"position\":3,\"name\":\"Comit\u00e9s\",\"item\":\"https:\/\/sonographycanada.ca\/fr\/adhesion\/comites\"},{\"@type\":\"ListItem\",\"position\":4,\"name\":\"Comit\u00e9 consultatif sur l&#8217;\u00e9ducation national\"}]},{\"@type\":\"WebSite\",\"@id\":\"https:\/\/sonographycanada.ca\/#website\",\"url\":\"https:\/\/sonographycanada.ca\/\",\"name\":\"\u00c9chographie Canada\",\"description\":\"La voix des \u00e9chographistes m\u00e9dicaux diagnostiques au Canada\",\"potentialAction\":[{\"@type\":\"SearchAction\",\"target\":{\"@type\":\"EntryPoint\",\"urlTemplate\":\"https:\/\/sonographycanada.ca\/?s={search_term_string}\"},\"query-input\":{\"@type\":\"PropertyValueSpecification\",\"valueRequired\":true,\"valueName\":\"search_term_string\"}}],\"inLanguage\":\"fr-FR\"}]}<\/script>\n<!-- \/ Yoast SEO plugin. -->","yoast_head_json":{"title":"Comit\u00e9 consultatif sur l'\u00e9ducation national - \u00c9chographie Canada","robots":{"index":"index","follow":"follow","max-snippet":"max-snippet:-1","max-image-preview":"max-image-preview:large","max-video-preview":"max-video-preview:-1"},"canonical":"https:\/\/sonographycanada.ca\/fr\/adhesion\/comites\/comite-consultatif-education","og_locale":"fr_FR","og_type":"article","og_title":"Comit\u00e9 consultatif sur l'\u00e9ducation national - \u00c9chographie Canada","og_description":"Le Comit\u00e9 consultatif sur l&#8217;\u00e9ducation nationale (CCEN) est un comit\u00e9 national d&#8217;\u00e9ducateurs ayant des repr\u00e9sentants de tous les programmes de formation au Canada en \u00e9chographie diagnostique accr\u00e9dit\u00e9s par Agr\u00e9ment Canada. Le CCEN collabore avec le conseil d&#8217;\u00c9chographie Canada dans la formulation et la mise en \u0153uvre de d\u00e9cisions sur les processus d&#8217;\u00e9valuation des profils de [&hellip;]","og_url":"https:\/\/sonographycanada.ca\/fr\/adhesion\/comites\/comite-consultatif-education","og_site_name":"\u00c9chographie Canada","article_modified_time":"2022-04-08T15:53:41+00:00","twitter_card":"summary_large_image","twitter_misc":{"Est. reading time":"2 minutes"},"schema":{"@context":"https:\/\/schema.org","@graph":[{"@type":"WebPage","@id":"https:\/\/sonographycanada.ca\/fr\/adhesion\/comites\/comite-consultatif-education","url":"https:\/\/sonographycanada.ca\/fr\/adhesion\/comites\/comite-consultatif-education","name":"Comit\u00e9 consultatif sur l'\u00e9ducation national - \u00c9chographie Canada","isPartOf":{"@id":"https:\/\/sonographycanada.ca\/#website"},"datePublished":"2019-02-28T19:08:49+00:00","dateModified":"2022-04-08T15:53:41+00:00","breadcrumb":{"@id":"https:\/\/sonographycanada.ca\/fr\/adhesion\/comites\/comite-consultatif-education#breadcrumb"},"inLanguage":"fr-FR","potentialAction":[{"@type":"ReadAction","target":["https:\/\/sonographycanada.ca\/fr\/adhesion\/comites\/comite-consultatif-education"]}]},{"@type":"BreadcrumbList","@id":"https:\/\/sonographycanada.ca\/fr\/adhesion\/comites\/comite-consultatif-education#breadcrumb","itemListElement":[{"@type":"ListItem","position":1,"name":"Accueil","item":"https:\/\/sonographycanada.ca\/fr"},{"@type":"ListItem","position":2,"name":"Adh\u00e9sion","item":"https:\/\/sonographycanada.ca\/fr\/adhesion"},{"@type":"ListItem","position":3,"name":"Comit\u00e9s","item":"https:\/\/sonographycanada.ca\/fr\/adhesion\/comites"},{"@type":"ListItem","position":4,"name":"Comit\u00e9 consultatif sur l&#8217;\u00e9ducation national"}]},{"@type":"WebSite","@id":"https:\/\/sonographycanada.ca\/#website","url":"https:\/\/sonographycanada.ca\/","name":"\u00c9chographie Canada","description":"La voix des \u00e9chographistes m\u00e9dicaux diagnostiques au Canada","potentialAction":[{"@type":"SearchAction","target":{"@type":"EntryPoint","urlTemplate":"https:\/\/sonographycanada.ca\/?s={search_term_string}"},"query-input":{"@type":"PropertyValueSpecification","valueRequired":true,"valueName":"search_term_string"}}],"inLanguage":"fr-FR"}]}},"coauthors":[],"author_meta":{"author_link":"https:\/\/sonographycanada.ca\/fr\/author\/admin","display_name":"Kevin Andrews"},"relative_dates":{"created":"Publi\u00e9 7 years il y a","modified":"Mis \u00e0 jour 4 years il y a"},"absolute_dates":{"created":"Publi\u00e9 le f\u00e9vrier 28, 2019","modified":"Mise \u00e0 jour le avril 8, 2022"},"absolute_dates_time":{"created":"Publi\u00e9 le f\u00e9vrier 28, 2019 7:08 pm","modified":"Mise \u00e0 jour le avril 8, 2022 3:53 pm"},"featured_img_caption":"","featured_img":false,"series_order":"","_links":{"self":[{"href":"https:\/\/sonographycanada.ca\/fr\/wp-json\/wp\/v2\/pages\/463"}],"collection":[{"href":"https:\/\/sonographycanada.ca\/fr\/wp-json\/wp\/v2\/pages"}],"about":[{"href":"https:\/\/sonographycanada.ca\/fr\/wp-json\/wp\/v2\/types\/page"}],"author":[{"embeddable":true,"href":"https:\/\/sonographycanada.ca\/fr\/wp-json\/wp\/v2\/users\/1"}],"replies":[{"embeddable":true,"href":"https:\/\/sonographycanada.ca\/fr\/wp-json\/wp\/v2\/comments?post=463"}],"version-history":[{"count":10,"href":"https:\/\/sonographycanada.ca\/fr\/wp-json\/wp\/v2\/pages\/463\/revisions"}],"predecessor-version":[{"id":149878,"href":"https:\/\/sonographycanada.ca\/fr\/wp-json\/wp\/v2\/pages\/463\/revisions\/149878"}],"up":[{"embeddable":true,"href":"https:\/\/sonographycanada.ca\/fr\/wp-json\/wp\/v2\/pages\/455"}],"wp:attachment":[{"href":"https:\/\/sonographycanada.ca\/fr\/wp-json\/wp\/v2\/media?parent=463"}],"curies":[{"name":"wp","href":"https:\/\/api.w.org\/{rel}","templated":true}]}}