{"id":471,"date":"2019-02-28T19:18:46","date_gmt":"2019-02-28T19:18:46","guid":{"rendered":"http:\/\/sonographycanada.ca\/?page_id=471"},"modified":"2019-03-15T16:30:40","modified_gmt":"2019-03-15T16:30:40","slug":"assemblee-generale-annuelle","status":"publish","type":"page","link":"https:\/\/sonographycanada.ca\/fr\/a-propos\/evenements\/assemblee-generale-annuelle","title":{"rendered":"Assembl\u00e9e g\u00e9n\u00e9rale annuelle"},"content":{"rendered":"<p>\u00c9chographie Canada\ntient son assembl\u00e9e annuelle des membres en conjonction avec la conf\u00e9rence\nannuelle en mai.&nbsp; Tous les membres actifs en r\u00e8gle qui participe\nphysiquement \u00e0 l\u2019AGA ont le droit de voter.<\/p><p>Vous\ndevez \u00eatre un membre actif et avoir \u00e9tabli une connexion au site pour\nvisualiser ce contenu. Veuillez vous connecter ci-dessous.<\/p><ul class=\"wp-block-list\"><li>Votre\nadresse courriel est la m\u00eame que celle \u00e0 laquelle vous recevez des courriels\nd\u2019OAC.<\/li><li>Votre mot de passe est le m\u00eame que celui que vous utilisez pour avoir acc\u00e8s aux sections des membres et associ\u00e9s du site Web d\u2019OAC (si vous ne vous souvenez pas de votre mot de passe, le syst\u00e8me vous permettra de le r\u00e9initialiser.) <\/li><\/ul><p><a href=\"https:\/\/sonographycanada.ca\/fr\/membres\/gouvernance\/assemblee-generale-annuelle\">Se connecter<\/a><\/p>","protected":false},"excerpt":{"rendered":"<p>\u00c9chographie Canada tient son assembl\u00e9e annuelle des membres en conjonction avec la conf\u00e9rence annuelle en mai.&nbsp; Tous les membres actifs en r\u00e8gle qui participe physiquement \u00e0 l\u2019AGA ont le droit de voter. Vous devez \u00eatre un membre actif et avoir \u00e9tabli une connexion au site pour visualiser ce contenu. Veuillez vous connecter ci-dessous. Votre adresse [&hellip;]<\/p>\n","protected":false},"author":1,"featured_media":0,"parent":469,"menu_order":105010,"comment_status":"closed","ping_status":"closed","template":"","meta":{"_acf_changed":false,"advgb_blocks_editor_width":"","advgb_blocks_columns_visual_guide":"","wicket_organization":"","_seat_count":"","_member_id":[],"_edit_last":"1","_start_date":"","_end_date":"","footnotes":""},"class_list":["post-471","page","type-page","status-publish","hentry"],"acf":[],"yoast_head":"<!-- This site is optimized with the Yoast SEO plugin v23.5 - https:\/\/yoast.com\/wordpress\/plugins\/seo\/ -->\n<title>Assembl\u00e9e g\u00e9n\u00e9rale annuelle - \u00c9chographie Canada<\/title>\n<meta name=\"robots\" content=\"index, follow, max-snippet:-1, max-image-preview:large, max-video-preview:-1\" \/>\n<link rel=\"canonical\" href=\"https:\/\/sonographycanada.ca\/fr\/a-propos\/evenements\/assemblee-generale-annuelle\" \/>\n<meta property=\"og:locale\" content=\"fr_FR\" \/>\n<meta property=\"og:type\" content=\"article\" \/>\n<meta property=\"og:title\" content=\"Assembl\u00e9e g\u00e9n\u00e9rale annuelle - \u00c9chographie Canada\" \/>\n<meta property=\"og:description\" content=\"\u00c9chographie Canada tient son assembl\u00e9e annuelle des membres en conjonction avec la conf\u00e9rence annuelle en mai.&nbsp; Tous les membres actifs en r\u00e8gle qui participe physiquement \u00e0 l\u2019AGA ont le droit de voter. Vous devez \u00eatre un membre actif et avoir \u00e9tabli une connexion au site pour visualiser ce contenu. Veuillez vous connecter ci-dessous. Votre adresse [&hellip;]\" \/>\n<meta property=\"og:url\" content=\"https:\/\/sonographycanada.ca\/fr\/a-propos\/evenements\/assemblee-generale-annuelle\" \/>\n<meta property=\"og:site_name\" content=\"\u00c9chographie Canada\" \/>\n<meta property=\"article:modified_time\" content=\"2019-03-15T16:30:40+00:00\" \/>\n<meta name=\"twitter:card\" content=\"summary_large_image\" \/>\n<meta name=\"twitter:label1\" content=\"Est. reading time\" \/>\n\t<meta name=\"twitter:data1\" content=\"1 minute\" \/>\n<script type=\"application\/ld+json\" class=\"yoast-schema-graph\">{\"@context\":\"https:\/\/schema.org\",\"@graph\":[{\"@type\":\"WebPage\",\"@id\":\"https:\/\/sonographycanada.ca\/fr\/a-propos\/evenements\/assemblee-generale-annuelle\",\"url\":\"https:\/\/sonographycanada.ca\/fr\/a-propos\/evenements\/assemblee-generale-annuelle\",\"name\":\"Assembl\u00e9e g\u00e9n\u00e9rale annuelle - \u00c9chographie Canada\",\"isPartOf\":{\"@id\":\"https:\/\/sonographycanada.ca\/#website\"},\"datePublished\":\"2019-02-28T19:18:46+00:00\",\"dateModified\":\"2019-03-15T16:30:40+00:00\",\"breadcrumb\":{\"@id\":\"https:\/\/sonographycanada.ca\/fr\/a-propos\/evenements\/assemblee-generale-annuelle#breadcrumb\"},\"inLanguage\":\"fr-FR\",\"potentialAction\":[{\"@type\":\"ReadAction\",\"target\":[\"https:\/\/sonographycanada.ca\/fr\/a-propos\/evenements\/assemblee-generale-annuelle\"]}]},{\"@type\":\"BreadcrumbList\",\"@id\":\"https:\/\/sonographycanada.ca\/fr\/a-propos\/evenements\/assemblee-generale-annuelle#breadcrumb\",\"itemListElement\":[{\"@type\":\"ListItem\",\"position\":1,\"name\":\"Accueil\",\"item\":\"https:\/\/sonographycanada.ca\/fr\"},{\"@type\":\"ListItem\",\"position\":2,\"name\":\"\u00c0 propos\",\"item\":\"https:\/\/sonographycanada.ca\/fr\/a-propos\"},{\"@type\":\"ListItem\",\"position\":3,\"name\":\"\u00c9v\u00e9nements \u00e0 venir\",\"item\":\"https:\/\/sonographycanada.ca\/fr\/a-propos\/evenements\"},{\"@type\":\"ListItem\",\"position\":4,\"name\":\"Assembl\u00e9e g\u00e9n\u00e9rale annuelle\"}]},{\"@type\":\"WebSite\",\"@id\":\"https:\/\/sonographycanada.ca\/#website\",\"url\":\"https:\/\/sonographycanada.ca\/\",\"name\":\"\u00c9chographie Canada\",\"description\":\"La voix des \u00e9chographistes m\u00e9dicaux diagnostiques au Canada\",\"potentialAction\":[{\"@type\":\"SearchAction\",\"target\":{\"@type\":\"EntryPoint\",\"urlTemplate\":\"https:\/\/sonographycanada.ca\/?s={search_term_string}\"},\"query-input\":{\"@type\":\"PropertyValueSpecification\",\"valueRequired\":true,\"valueName\":\"search_term_string\"}}],\"inLanguage\":\"fr-FR\"}]}<\/script>\n<!-- \/ Yoast SEO plugin. -->","yoast_head_json":{"title":"Assembl\u00e9e g\u00e9n\u00e9rale annuelle - \u00c9chographie Canada","robots":{"index":"index","follow":"follow","max-snippet":"max-snippet:-1","max-image-preview":"max-image-preview:large","max-video-preview":"max-video-preview:-1"},"canonical":"https:\/\/sonographycanada.ca\/fr\/a-propos\/evenements\/assemblee-generale-annuelle","og_locale":"fr_FR","og_type":"article","og_title":"Assembl\u00e9e g\u00e9n\u00e9rale annuelle - \u00c9chographie Canada","og_description":"\u00c9chographie Canada tient son assembl\u00e9e annuelle des membres en conjonction avec la conf\u00e9rence annuelle en mai.&nbsp; Tous les membres actifs en r\u00e8gle qui participe physiquement \u00e0 l\u2019AGA ont le droit de voter. Vous devez \u00eatre un membre actif et avoir \u00e9tabli une connexion au site pour visualiser ce contenu. Veuillez vous connecter ci-dessous. Votre adresse [&hellip;]","og_url":"https:\/\/sonographycanada.ca\/fr\/a-propos\/evenements\/assemblee-generale-annuelle","og_site_name":"\u00c9chographie Canada","article_modified_time":"2019-03-15T16:30:40+00:00","twitter_card":"summary_large_image","twitter_misc":{"Est. reading time":"1 minute"},"schema":{"@context":"https:\/\/schema.org","@graph":[{"@type":"WebPage","@id":"https:\/\/sonographycanada.ca\/fr\/a-propos\/evenements\/assemblee-generale-annuelle","url":"https:\/\/sonographycanada.ca\/fr\/a-propos\/evenements\/assemblee-generale-annuelle","name":"Assembl\u00e9e g\u00e9n\u00e9rale annuelle - \u00c9chographie Canada","isPartOf":{"@id":"https:\/\/sonographycanada.ca\/#website"},"datePublished":"2019-02-28T19:18:46+00:00","dateModified":"2019-03-15T16:30:40+00:00","breadcrumb":{"@id":"https:\/\/sonographycanada.ca\/fr\/a-propos\/evenements\/assemblee-generale-annuelle#breadcrumb"},"inLanguage":"fr-FR","potentialAction":[{"@type":"ReadAction","target":["https:\/\/sonographycanada.ca\/fr\/a-propos\/evenements\/assemblee-generale-annuelle"]}]},{"@type":"BreadcrumbList","@id":"https:\/\/sonographycanada.ca\/fr\/a-propos\/evenements\/assemblee-generale-annuelle#breadcrumb","itemListElement":[{"@type":"ListItem","position":1,"name":"Accueil","item":"https:\/\/sonographycanada.ca\/fr"},{"@type":"ListItem","position":2,"name":"\u00c0 propos","item":"https:\/\/sonographycanada.ca\/fr\/a-propos"},{"@type":"ListItem","position":3,"name":"\u00c9v\u00e9nements \u00e0 venir","item":"https:\/\/sonographycanada.ca\/fr\/a-propos\/evenements"},{"@type":"ListItem","position":4,"name":"Assembl\u00e9e g\u00e9n\u00e9rale annuelle"}]},{"@type":"WebSite","@id":"https:\/\/sonographycanada.ca\/#website","url":"https:\/\/sonographycanada.ca\/","name":"\u00c9chographie Canada","description":"La voix des \u00e9chographistes m\u00e9dicaux diagnostiques au Canada","potentialAction":[{"@type":"SearchAction","target":{"@type":"EntryPoint","urlTemplate":"https:\/\/sonographycanada.ca\/?s={search_term_string}"},"query-input":{"@type":"PropertyValueSpecification","valueRequired":true,"valueName":"search_term_string"}}],"inLanguage":"fr-FR"}]}},"coauthors":[],"author_meta":{"author_link":"https:\/\/sonographycanada.ca\/fr\/author\/admin","display_name":"Kevin Andrews"},"relative_dates":{"created":"Publi\u00e9 7 years il y a","modified":"Mis \u00e0 jour 7 years il y a"},"absolute_dates":{"created":"Publi\u00e9 le f\u00e9vrier 28, 2019","modified":"Mise \u00e0 jour le mars 15, 2019"},"absolute_dates_time":{"created":"Publi\u00e9 le f\u00e9vrier 28, 2019 7:18 pm","modified":"Mise \u00e0 jour le mars 15, 2019 4:30 pm"},"featured_img_caption":"","featured_img":false,"series_order":"","_links":{"self":[{"href":"https:\/\/sonographycanada.ca\/fr\/wp-json\/wp\/v2\/pages\/471"}],"collection":[{"href":"https:\/\/sonographycanada.ca\/fr\/wp-json\/wp\/v2\/pages"}],"about":[{"href":"https:\/\/sonographycanada.ca\/fr\/wp-json\/wp\/v2\/types\/page"}],"author":[{"embeddable":true,"href":"https:\/\/sonographycanada.ca\/fr\/wp-json\/wp\/v2\/users\/1"}],"replies":[{"embeddable":true,"href":"https:\/\/sonographycanada.ca\/fr\/wp-json\/wp\/v2\/comments?post=471"}],"version-history":[{"count":2,"href":"https:\/\/sonographycanada.ca\/fr\/wp-json\/wp\/v2\/pages\/471\/revisions"}],"predecessor-version":[{"id":2125,"href":"https:\/\/sonographycanada.ca\/fr\/wp-json\/wp\/v2\/pages\/471\/revisions\/2125"}],"up":[{"embeddable":true,"href":"https:\/\/sonographycanada.ca\/fr\/wp-json\/wp\/v2\/pages\/469"}],"wp:attachment":[{"href":"https:\/\/sonographycanada.ca\/fr\/wp-json\/wp\/v2\/media?parent=471"}],"curies":[{"name":"wp","href":"https:\/\/api.w.org\/{rel}","templated":true}]}}