{"id":473,"date":"2019-02-28T19:19:24","date_gmt":"2019-02-28T19:19:24","guid":{"rendered":"http:\/\/sonographycanada.ca\/?page_id=473"},"modified":"2020-03-23T15:42:34","modified_gmt":"2020-03-23T15:42:34","slug":"conference-nationale","status":"publish","type":"page","link":"https:\/\/sonographycanada.ca\/fr\/a-propos\/evenements\/conference-nationale","title":{"rendered":"Conf\u00e9rence annuelle 2020 &#8211; Report\u00e9. L&#8217;inscription demeure ouverte"},"content":{"rendered":"<div class=\"wp-block-image\"><figure class=\"aligncenter\"><img loading=\"lazy\" decoding=\"async\" width=\"1024\" height=\"226\" src=\"https:\/\/sonographycanada.ca\/app\/uploads\/2019\/11\/SonoCon_20-1-1024x226.jpg\" alt=\"\" class=\"wp-image-8050\" srcset=\"https:\/\/sonographycanada.ca\/app\/uploads\/2019\/11\/SonoCon_20-1-1024x226.jpg 1024w, https:\/\/sonographycanada.ca\/app\/uploads\/2019\/11\/SonoCon_20-1-600x132.jpg 600w, https:\/\/sonographycanada.ca\/app\/uploads\/2019\/11\/SonoCon_20-1-300x66.jpg 300w, https:\/\/sonographycanada.ca\/app\/uploads\/2019\/11\/SonoCon_20-1-768x170.jpg 768w, https:\/\/sonographycanada.ca\/app\/uploads\/2019\/11\/SonoCon_20-1-390x86.jpg 390w, https:\/\/sonographycanada.ca\/app\/uploads\/2019\/11\/SonoCon_20-1.jpg 1997w\" sizes=\"(max-width: 1024px) 100vw, 1024px\" \/><\/figure><\/div><h3 class=\"has-vivid-red-color has-text-color has-text-align-center\" style=\"font-size:38px\">SonoCon2020 sera report\u00e9!<\/h3><p>La <a href=\"https:\/\/www.alberta.ca\/release.cfm?xID=6980324A5B1B0-BC2C-40A8-A6AD9E30E3189425\" target=\"_blank\" rel=\"noreferrer noopener\" aria-label=\"province de l\u2019Alberta a \u00e9mis un communiqu\u00e9 de presse (opens in a new tab)\">province de l\u2019Alberta a \u00e9mis un communiqu\u00e9 de presse<\/a> (en anglais) qui d\u00e9clare que, d\u00e8s maintenant, le gouvernement de l\u2019Alberta demande l\u2019annulation de tout grand rassemblement ou \u00e9v\u00e9nement dans la province impliquant plus de 250 participants, y compris les conf\u00e9rences.<\/p><p><strong> Ainsi, nous allons reporter notre conf\u00e9rence annuelle. Nous n\u2019allons pas annuler celle-ci compl\u00e8tement puisque nos conf\u00e9renciers sont exceptionnels et SonoCon est la seule conf\u00e9rence enti\u00e8rement d\u00e9vou\u00e9e \u00e0 l\u2019\u00e9chographie diagnostique m\u00e9dicale au Canada. Nous cherchons \u00e0 confirmer une date plus tard cette ann\u00e9e, \u00e0 l\u2019h\u00f4tel Hyatt Regency \u00e0 Calgary.<\/strong><\/p><p> Nous demandons \u00e0 tous les participants, conf\u00e9renciers et partenaires de faire preuve de patience; notre \u00e9quipe de gestion des conf\u00e9rences consulte pr\u00e9sentement les fournisseurs et nous explorons les mesures possibles afin que nous puissions partager les d\u00e9marches futures avec vous. <\/p><hr class=\"wp-block-separator\"\/><p>En 2020, nous avons donn\u00e9 <strong>une nouvelle image de marque<\/strong> \u00e0 notre conf\u00e9rence. Portant maintenant le nom de <strong>SonoCon<\/strong>, la conf\u00e9rence refl\u00e8te maintenant les \u00e9chographistes modernes. La conf\u00e9rence nationale en 2020 sera le lieu de rassemblement des \u00e9chographistes, des gestionnaires, des \u00e9ducateurs, des professionnels des soins de sant\u00e9 alli\u00e9s, des employeurs et des d\u00e9cideurs qui cherchent \u00e0 mettre \u00e0 jour leurs comp\u00e9tences et connaissances, \u00e0 atteindre leurs objectifs professionnels, et \u00e0 se renseigner sur les nouvelles tendances et d\u00e9veloppements qui appuient des normes tr\u00e8s \u00e9lev\u00e9es en mati\u00e8re de soins aux patients.<\/p><p>Nous avons des NOUVEAUT\u00c9S passionnantes qui se rajoutent au programme&nbsp;:<\/p><div class=\"wp-block-media-text alignwide\"><figure class=\"wp-block-media-text__media\"><img loading=\"lazy\" decoding=\"async\" width=\"1000\" height=\"473\" src=\"https:\/\/sonographycanada.ca\/app\/uploads\/2020\/02\/SonoCon-affiche-en-francais.jpg\" alt=\"SonoCon affiche en francais\" class=\"wp-image-16142\" srcset=\"https:\/\/sonographycanada.ca\/app\/uploads\/2020\/02\/SonoCon-affiche-en-francais.jpg 1000w, https:\/\/sonographycanada.ca\/app\/uploads\/2020\/02\/SonoCon-affiche-en-francais-600x284.jpg 600w, https:\/\/sonographycanada.ca\/app\/uploads\/2020\/02\/SonoCon-affiche-en-francais-300x142.jpg 300w, https:\/\/sonographycanada.ca\/app\/uploads\/2020\/02\/SonoCon-affiche-en-francais-768x363.jpg 768w, https:\/\/sonographycanada.ca\/app\/uploads\/2020\/02\/SonoCon-affiche-en-francais-390x184.jpg 390w\" sizes=\"(max-width: 1000px) 100vw, 1000px\" \/><\/figure><div class=\"wp-block-media-text__content\"><ul class=\"wp-block-list\"><li>Une s\u00e9rie de sessions \u00e9clairs<\/li><li>Un nouveau parcours d&#8217;enseignement<\/li><li>Des conf\u00e9renciers invit\u00e9s de renomm\u00e9e<\/li><li>Davantage d\u2019ateliers pratiques <\/li><li>Un \u00e9v\u00e9nement social le samedi soir au Zoo de Calgary<\/li><li>Des mises \u00e0 jour suivront sous peu!<\/li><\/ul>\n\n<p><\/p><\/div><\/div><p>Plus de 450 d\u00e9l\u00e9gu\u00e9s ont particip\u00e9 \u00e0 la conf\u00e9rence annuelle l\u2019an dernier, \u00e0 Toronto. Inscrivez les dates \u00e0 votre calendrier et prenez les dispositions pour vous joindre \u00e0 nous \u00e0 Calgary pour #SonoCon2020!<\/p><p> Vous souhaitez confirmer votre chambre \u00e0 l\u2019avance?&nbsp; <a rel=\"noreferrer noopener\" aria-label=\" (opens in a new tab)\" href=\"https:\/\/www.hyatt.com\/en-US\/group-booking\/CALRC\/G-SONO\" target=\"_blank\">Cliquez ici pour compl\u00e9ter vos r\u00e9servations<\/a>.<\/p><p><a class=\"button button--primary text--centered\" href=\"https:\/\/sonographycanada.ca\/app\/uploads\/2020\/02\/SonoCon2020-Trousse-de-justification.pdf\" target=\"_blank\" rel=\"noopener noreferrer\">T\u00e9l\u00e9chargez la Trousse de Justification <\/a><\/p>\n\n<p><a class=\"button button--primary text--centered\" href=\"https:\/\/sonographycanada.ca\/app\/uploads\/2020\/02\/SonoCon2020-Program-At-A-Glance-1.pdf\" target=\"_blank\" rel=\"noopener noreferrer\">T\u00e9l\u00e9chargez le Programme<\/a> (Disponible en anglais uniquement)<\/p>\n\n<p><a class=\"button button--primary text--centered\" href=\"http:\/\/www.cvent.com\/events\/sonocon2020\/event-summary-6b4f614043a5485da72ec9b5d5bc7b90.aspx\" target=\"_blank\" rel=\"noopener noreferrer\">Site Pour Les Inscriptions<\/a> (Disponible en anglais uniquement)<\/p>\n\n<p><a class=\"button button--primary text--centered\" href=\"https:\/\/sonographycanada.ca\/fr\/sonocon-2020-commanditaire-exposant\"> Renseignements pour Commanditaires\/Exposants<\/a><\/p>\n\n<p><a class=\"button button--primary text--centered\" href=\"https:\/\/sonographycanada.ca\/fr\/formulaire-pour-commanditaire-exposant\">Formulaire d\u2019Inscription Pour Commanditaires\/Exposants<\/a><\/p>","protected":false},"excerpt":{"rendered":"<p>SonoCon2020 sera report\u00e9! La province de l\u2019Alberta a \u00e9mis un communiqu\u00e9 de presse (en anglais) qui d\u00e9clare que, d\u00e8s maintenant, le gouvernement de l\u2019Alberta demande l\u2019annulation de tout grand rassemblement ou \u00e9v\u00e9nement dans la province impliquant plus de 250 participants, y compris les conf\u00e9rences. Ainsi, nous allons reporter notre conf\u00e9rence annuelle. Nous n\u2019allons pas annuler [&hellip;]<\/p>\n","protected":false},"author":1,"featured_media":18019,"parent":469,"menu_order":105020,"comment_status":"closed","ping_status":"closed","template":"","meta":{"_acf_changed":false,"advgb_blocks_editor_width":"","advgb_blocks_columns_visual_guide":"","wicket_organization":"","_seat_count":"","_member_id":[],"_edit_last":"6718","_start_date":"","_end_date":"","footnotes":""},"class_list":["post-473","page","type-page","status-publish","has-post-thumbnail","hentry"],"acf":[],"yoast_head":"<!-- This site is optimized with the Yoast SEO plugin v23.5 - https:\/\/yoast.com\/wordpress\/plugins\/seo\/ -->\n<title>Conf\u00e9rence annuelle 2020 - Report\u00e9. L&#039;inscription demeure ouverte - \u00c9chographie Canada<\/title>\n<meta name=\"robots\" content=\"index, follow, max-snippet:-1, max-image-preview:large, max-video-preview:-1\" \/>\n<link rel=\"canonical\" href=\"https:\/\/sonographycanada.ca\/fr\/a-propos\/evenements\/conference-nationale\" \/>\n<meta property=\"og:locale\" content=\"fr_FR\" \/>\n<meta property=\"og:type\" content=\"article\" \/>\n<meta property=\"og:title\" content=\"Conf\u00e9rence annuelle 2020 - Report\u00e9. L&#039;inscription demeure ouverte - \u00c9chographie Canada\" \/>\n<meta property=\"og:description\" content=\"SonoCon2020 sera report\u00e9! La province de l\u2019Alberta a \u00e9mis un communiqu\u00e9 de presse (en anglais) qui d\u00e9clare que, d\u00e8s maintenant, le gouvernement de l\u2019Alberta demande l\u2019annulation de tout grand rassemblement ou \u00e9v\u00e9nement dans la province impliquant plus de 250 participants, y compris les conf\u00e9rences. Ainsi, nous allons reporter notre conf\u00e9rence annuelle. Nous n\u2019allons pas annuler [&hellip;]\" \/>\n<meta property=\"og:url\" content=\"https:\/\/sonographycanada.ca\/fr\/a-propos\/evenements\/conference-nationale\" \/>\n<meta property=\"og:site_name\" content=\"\u00c9chographie Canada\" \/>\n<meta property=\"article:modified_time\" content=\"2020-03-23T15:42:34+00:00\" \/>\n<meta property=\"og:image\" content=\"https:\/\/sonographycanada.ca\/app\/uploads\/2020\/02\/SonoCon-2020-small-logo.jpg\" \/>\n\t<meta property=\"og:image:width\" content=\"390\" \/>\n\t<meta property=\"og:image:height\" content=\"172\" \/>\n\t<meta property=\"og:image:type\" content=\"image\/jpeg\" \/>\n<meta name=\"twitter:card\" content=\"summary_large_image\" \/>\n<meta name=\"twitter:label1\" content=\"Est. reading time\" \/>\n\t<meta name=\"twitter:data1\" content=\"2 minutes\" \/>\n<script type=\"application\/ld+json\" class=\"yoast-schema-graph\">{\"@context\":\"https:\/\/schema.org\",\"@graph\":[{\"@type\":\"WebPage\",\"@id\":\"https:\/\/sonographycanada.ca\/fr\/a-propos\/evenements\/conference-nationale\",\"url\":\"https:\/\/sonographycanada.ca\/fr\/a-propos\/evenements\/conference-nationale\",\"name\":\"Conf\u00e9rence annuelle 2020 - Report\u00e9. L'inscription demeure ouverte - \u00c9chographie Canada\",\"isPartOf\":{\"@id\":\"https:\/\/sonographycanada.ca\/#website\"},\"primaryImageOfPage\":{\"@id\":\"https:\/\/sonographycanada.ca\/fr\/a-propos\/evenements\/conference-nationale#primaryimage\"},\"image\":{\"@id\":\"https:\/\/sonographycanada.ca\/fr\/a-propos\/evenements\/conference-nationale#primaryimage\"},\"thumbnailUrl\":\"https:\/\/sonographycanada.ca\/app\/uploads\/2020\/02\/SonoCon-2020-small-logo.jpg\",\"datePublished\":\"2019-02-28T19:19:24+00:00\",\"dateModified\":\"2020-03-23T15:42:34+00:00\",\"breadcrumb\":{\"@id\":\"https:\/\/sonographycanada.ca\/fr\/a-propos\/evenements\/conference-nationale#breadcrumb\"},\"inLanguage\":\"fr-FR\",\"potentialAction\":[{\"@type\":\"ReadAction\",\"target\":[\"https:\/\/sonographycanada.ca\/fr\/a-propos\/evenements\/conference-nationale\"]}]},{\"@type\":\"ImageObject\",\"inLanguage\":\"fr-FR\",\"@id\":\"https:\/\/sonographycanada.ca\/fr\/a-propos\/evenements\/conference-nationale#primaryimage\",\"url\":\"https:\/\/sonographycanada.ca\/app\/uploads\/2020\/02\/SonoCon-2020-small-logo.jpg\",\"contentUrl\":\"https:\/\/sonographycanada.ca\/app\/uploads\/2020\/02\/SonoCon-2020-small-logo.jpg\",\"width\":390,\"height\":172,\"caption\":\"SonoCon 2020 small logo\"},{\"@type\":\"BreadcrumbList\",\"@id\":\"https:\/\/sonographycanada.ca\/fr\/a-propos\/evenements\/conference-nationale#breadcrumb\",\"itemListElement\":[{\"@type\":\"ListItem\",\"position\":1,\"name\":\"Accueil\",\"item\":\"https:\/\/sonographycanada.ca\/fr\"},{\"@type\":\"ListItem\",\"position\":2,\"name\":\"\u00c0 propos\",\"item\":\"https:\/\/sonographycanada.ca\/fr\/a-propos\"},{\"@type\":\"ListItem\",\"position\":3,\"name\":\"\u00c9v\u00e9nements \u00e0 venir\",\"item\":\"https:\/\/sonographycanada.ca\/fr\/a-propos\/evenements\"},{\"@type\":\"ListItem\",\"position\":4,\"name\":\"Conf\u00e9rence annuelle 2020 &#8211; Report\u00e9. L&#8217;inscription demeure ouverte\"}]},{\"@type\":\"WebSite\",\"@id\":\"https:\/\/sonographycanada.ca\/#website\",\"url\":\"https:\/\/sonographycanada.ca\/\",\"name\":\"\u00c9chographie Canada\",\"description\":\"La voix des \u00e9chographistes m\u00e9dicaux diagnostiques au Canada\",\"potentialAction\":[{\"@type\":\"SearchAction\",\"target\":{\"@type\":\"EntryPoint\",\"urlTemplate\":\"https:\/\/sonographycanada.ca\/?s={search_term_string}\"},\"query-input\":{\"@type\":\"PropertyValueSpecification\",\"valueRequired\":true,\"valueName\":\"search_term_string\"}}],\"inLanguage\":\"fr-FR\"}]}<\/script>\n<!-- \/ Yoast SEO plugin. -->","yoast_head_json":{"title":"Conf\u00e9rence annuelle 2020 - Report\u00e9. L'inscription demeure ouverte - \u00c9chographie Canada","robots":{"index":"index","follow":"follow","max-snippet":"max-snippet:-1","max-image-preview":"max-image-preview:large","max-video-preview":"max-video-preview:-1"},"canonical":"https:\/\/sonographycanada.ca\/fr\/a-propos\/evenements\/conference-nationale","og_locale":"fr_FR","og_type":"article","og_title":"Conf\u00e9rence annuelle 2020 - Report\u00e9. L'inscription demeure ouverte - \u00c9chographie Canada","og_description":"SonoCon2020 sera report\u00e9! La province de l\u2019Alberta a \u00e9mis un communiqu\u00e9 de presse (en anglais) qui d\u00e9clare que, d\u00e8s maintenant, le gouvernement de l\u2019Alberta demande l\u2019annulation de tout grand rassemblement ou \u00e9v\u00e9nement dans la province impliquant plus de 250 participants, y compris les conf\u00e9rences. Ainsi, nous allons reporter notre conf\u00e9rence annuelle. Nous n\u2019allons pas annuler [&hellip;]","og_url":"https:\/\/sonographycanada.ca\/fr\/a-propos\/evenements\/conference-nationale","og_site_name":"\u00c9chographie Canada","article_modified_time":"2020-03-23T15:42:34+00:00","og_image":[{"width":390,"height":172,"url":"https:\/\/sonographycanada.ca\/app\/uploads\/2020\/02\/SonoCon-2020-small-logo.jpg","type":"image\/jpeg"}],"twitter_card":"summary_large_image","twitter_misc":{"Est. reading time":"2 minutes"},"schema":{"@context":"https:\/\/schema.org","@graph":[{"@type":"WebPage","@id":"https:\/\/sonographycanada.ca\/fr\/a-propos\/evenements\/conference-nationale","url":"https:\/\/sonographycanada.ca\/fr\/a-propos\/evenements\/conference-nationale","name":"Conf\u00e9rence annuelle 2020 - Report\u00e9. L'inscription demeure ouverte - \u00c9chographie Canada","isPartOf":{"@id":"https:\/\/sonographycanada.ca\/#website"},"primaryImageOfPage":{"@id":"https:\/\/sonographycanada.ca\/fr\/a-propos\/evenements\/conference-nationale#primaryimage"},"image":{"@id":"https:\/\/sonographycanada.ca\/fr\/a-propos\/evenements\/conference-nationale#primaryimage"},"thumbnailUrl":"https:\/\/sonographycanada.ca\/app\/uploads\/2020\/02\/SonoCon-2020-small-logo.jpg","datePublished":"2019-02-28T19:19:24+00:00","dateModified":"2020-03-23T15:42:34+00:00","breadcrumb":{"@id":"https:\/\/sonographycanada.ca\/fr\/a-propos\/evenements\/conference-nationale#breadcrumb"},"inLanguage":"fr-FR","potentialAction":[{"@type":"ReadAction","target":["https:\/\/sonographycanada.ca\/fr\/a-propos\/evenements\/conference-nationale"]}]},{"@type":"ImageObject","inLanguage":"fr-FR","@id":"https:\/\/sonographycanada.ca\/fr\/a-propos\/evenements\/conference-nationale#primaryimage","url":"https:\/\/sonographycanada.ca\/app\/uploads\/2020\/02\/SonoCon-2020-small-logo.jpg","contentUrl":"https:\/\/sonographycanada.ca\/app\/uploads\/2020\/02\/SonoCon-2020-small-logo.jpg","width":390,"height":172,"caption":"SonoCon 2020 small logo"},{"@type":"BreadcrumbList","@id":"https:\/\/sonographycanada.ca\/fr\/a-propos\/evenements\/conference-nationale#breadcrumb","itemListElement":[{"@type":"ListItem","position":1,"name":"Accueil","item":"https:\/\/sonographycanada.ca\/fr"},{"@type":"ListItem","position":2,"name":"\u00c0 propos","item":"https:\/\/sonographycanada.ca\/fr\/a-propos"},{"@type":"ListItem","position":3,"name":"\u00c9v\u00e9nements \u00e0 venir","item":"https:\/\/sonographycanada.ca\/fr\/a-propos\/evenements"},{"@type":"ListItem","position":4,"name":"Conf\u00e9rence annuelle 2020 &#8211; Report\u00e9. L&#8217;inscription demeure ouverte"}]},{"@type":"WebSite","@id":"https:\/\/sonographycanada.ca\/#website","url":"https:\/\/sonographycanada.ca\/","name":"\u00c9chographie Canada","description":"La voix des \u00e9chographistes m\u00e9dicaux diagnostiques au Canada","potentialAction":[{"@type":"SearchAction","target":{"@type":"EntryPoint","urlTemplate":"https:\/\/sonographycanada.ca\/?s={search_term_string}"},"query-input":{"@type":"PropertyValueSpecification","valueRequired":true,"valueName":"search_term_string"}}],"inLanguage":"fr-FR"}]}},"coauthors":[],"author_meta":{"author_link":"https:\/\/sonographycanada.ca\/fr\/author\/admin","display_name":"Kevin Andrews"},"relative_dates":{"created":"Publi\u00e9 7 years il y a","modified":"Mis \u00e0 jour 6 years il y a"},"absolute_dates":{"created":"Publi\u00e9 le f\u00e9vrier 28, 2019","modified":"Mise \u00e0 jour le mars 23, 2020"},"absolute_dates_time":{"created":"Publi\u00e9 le f\u00e9vrier 28, 2019 7:19 pm","modified":"Mise \u00e0 jour le mars 23, 2020 3:42 pm"},"featured_img_caption":"","featured_img":"https:\/\/sonographycanada.ca\/app\/uploads\/2020\/02\/SonoCon-2020-small-logo.jpg","series_order":"","_links":{"self":[{"href":"https:\/\/sonographycanada.ca\/fr\/wp-json\/wp\/v2\/pages\/473"}],"collection":[{"href":"https:\/\/sonographycanada.ca\/fr\/wp-json\/wp\/v2\/pages"}],"about":[{"href":"https:\/\/sonographycanada.ca\/fr\/wp-json\/wp\/v2\/types\/page"}],"author":[{"embeddable":true,"href":"https:\/\/sonographycanada.ca\/fr\/wp-json\/wp\/v2\/users\/1"}],"replies":[{"embeddable":true,"href":"https:\/\/sonographycanada.ca\/fr\/wp-json\/wp\/v2\/comments?post=473"}],"version-history":[{"count":39,"href":"https:\/\/sonographycanada.ca\/fr\/wp-json\/wp\/v2\/pages\/473\/revisions"}],"predecessor-version":[{"id":20918,"href":"https:\/\/sonographycanada.ca\/fr\/wp-json\/wp\/v2\/pages\/473\/revisions\/20918"}],"up":[{"embeddable":true,"href":"https:\/\/sonographycanada.ca\/fr\/wp-json\/wp\/v2\/pages\/469"}],"wp:featuredmedia":[{"embeddable":true,"href":"https:\/\/sonographycanada.ca\/fr\/wp-json\/wp\/v2\/media\/18019"}],"wp:attachment":[{"href":"https:\/\/sonographycanada.ca\/fr\/wp-json\/wp\/v2\/media?parent=473"}],"curies":[{"name":"wp","href":"https:\/\/api.w.org\/{rel}","templated":true}]}}