{"id":478,"date":"2019-02-28T19:21:30","date_gmt":"2019-02-28T19:21:30","guid":{"rendered":"http:\/\/sonographycanada.ca\/?page_id=478"},"modified":"2022-04-25T15:33:55","modified_gmt":"2022-04-25T15:33:55","slug":"publications","status":"publish","type":"page","link":"https:\/\/sonographycanada.ca\/fr\/a-propos\/publications","title":{"rendered":"Revue canadienne d\u2019\u00e9chographie m\u00e9dicale (RCEM)"},"content":{"rendered":"<div class=\"wp-block-image\"><figure class=\"aligncenter size-large is-resized\"><img loading=\"lazy\" decoding=\"async\" src=\"https:\/\/sonographycanada.ca\/app\/uploads\/2022\/01\/CJMS-Volume-12-issue-4_-front-page.jpg\" alt=\"CJMS Volume 12 issue 4 front page\" class=\"wp-image-144682\" width=\"402\" height=\"505\" srcset=\"https:\/\/sonographycanada.ca\/app\/uploads\/2022\/01\/CJMS-Volume-12-issue-4_-front-page.jpg 803w, https:\/\/sonographycanada.ca\/app\/uploads\/2022\/01\/CJMS-Volume-12-issue-4_-front-page-600x754.jpg 600w, https:\/\/sonographycanada.ca\/app\/uploads\/2022\/01\/CJMS-Volume-12-issue-4_-front-page-239x300.jpg 239w, https:\/\/sonographycanada.ca\/app\/uploads\/2022\/01\/CJMS-Volume-12-issue-4_-front-page-768x965.jpg 768w, https:\/\/sonographycanada.ca\/app\/uploads\/2022\/01\/CJMS-Volume-12-issue-4_-front-page-159x200.jpg 159w\" sizes=\"(max-width: 402px) 100vw, 402px\" \/><\/figure><\/div><p>Publication officielle d\u2019\u00c9chographie Canada, la <em>RCEM<\/em> est publi\u00e9e \u00e0 tous les trimestres. On y pr\u00e9sente des recherches ax\u00e9es sur les faits, des \u00e9tudes de cas cliniques et des mises \u00e0 jour professionnelles. Comprise avec l&#8217;inscription comme membre d&#8217;\u00c9chographie Canada, la <em>Revue<\/em> offre aux membres des occasions d\u2019obtenir des cr\u00e9dits de DPC en r\u00e9pondant aux quiz joints \u00e0 nombre des articles.  Nous proposons les num\u00e9ros actuels et archiv\u00e9s de la RCEM en ligne au format PDF \u00e0 lire \u00e0 votre convenance et \/ ou \u00e0 t\u00e9l\u00e9charger.<\/p><ul class=\"wp-block-list\"><li><a href=\"https:\/\/sonographycanada.ca\/fr\/membres\/revue-canadienne-echographie-medicale\">\u00c9dition courante<\/a><\/li><li><a href=\"https:\/\/sonographycanada.ca\/fr\/membres\/revue-canadienne-echographie-medicale\">\u00c9ditions archiv\u00e9es<\/a><\/li><\/ul><p>Pour obtenir des cr\u00e9dits de DPC, veuillez cliquer sur le lien suivant : <\/p><ul class=\"wp-block-list\"><li><a rel=\"noreferrer noopener\" href=\"https:\/\/sonographycanada.ca\/professional-development\/cjms-quiz\" target=\"_blank\">Quiz li\u00e9s aux articles de la RCEM<\/a><a href=\"https:\/\/sonographycanada.ca\/professional-development\/cpd-activities\"><\/a><\/li><\/ul><p>Veuillez soumettre un article ou une \u00e9tude de cas :<\/p><ul class=\"wp-block-list\"><li><a rel=\"noreferrer noopener\" href=\"https:\/\/sonographycanada.ca\/app\/uploads\/2020\/01\/CJMS_Instructions_for_authors.pdf\" target=\"_blank\">Lignes directrices pour les auteurs<\/a> (en anglais)<\/li><li><a rel=\"noreferrer noopener\" href=\"https:\/\/sonographycanada.ca\/app\/uploads\/2020\/01\/CJMS-Authors-Manual.pdf\" target=\"_blank\">Manuel `\u00e0 l&#8217;intention des auteurs<\/a> (en anglais)<\/li><li><a rel=\"noreferrer noopener\" href=\"https:\/\/sonographycanada.ca\/app\/uploads\/2020\/01\/CJMS-Original-research-Check-list-1.pdf\" target=\"_blank\">Recherche originale &#8211; Liste de contr\u00f4le pour les auteurs<\/a> (en anglais)<\/li><li><a rel=\"noreferrer noopener\" href=\"https:\/\/sonographycanada.ca\/app\/uploads\/2020\/01\/CJMS-Case-Report-Check-list-for-the-Author.pdf\" target=\"_blank\">Rapport d&#8217;une \u00e9tude de cas &#8211; Liste de contr\u00f4le pour les auteurs<\/a>  (en anglais) <\/li><li><a rel=\"noreferrer noopener\" href=\"https:\/\/sonographycanada.ca\/app\/uploads\/2020\/01\/CJMS-Systematic-review-Check-list-for-reviewer.pdf\" target=\"_blank\">Revue syst\u00e9matique &#8211; Liste de contr\u00f4le pour les auteurs<\/a>  (en anglais) <\/li><li><a rel=\"noreferrer noopener\" href=\"https:\/\/sonographycanada.ca\/app\/uploads\/2020\/01\/CJMS-Literature-Review-Check-list-for-the-Author.pdf\" target=\"_blank\">Revue de la litt\u00e9rature &#8211; Liste de contr\u00f4le pour les auteurs<\/a>  (en anglais)<\/li><li><a rel=\"noreferrer noopener\" href=\"https:\/\/sonographycanada.ca\/app\/uploads\/2020\/01\/CJMS-Pictorial-Essay-Check-list-for-the-Author.pdf\" target=\"_blank\">Compte rendu illustr\u00e9 &#8211; Liste de contr\u00f4le pour les auteurs<\/a>  (en anglais) <\/li><\/ul><h4 class=\"wp-block-heading\"><strong>Publiez vos articles<\/strong><\/h4><a target=\"_blank\" class=\"button button--primary text--centered\" href=\"https:\/\/jsonocan.com\/index.php\/CJMS\/index\" rel=\"noopener noreferrer\">Visitez la page de soumission<\/a><p><br>Si vous \u00eates dans l&#8217;impossibilit\u00e9 d&#8217;utiliser la page de soumission, veuillez communiquer avec shewitt@michener.ca.<\/p><h3 class=\"wp-block-heading\"><strong>Coordonn\u00e9es pour la RC\u00c9M<\/strong><\/h3><ul class=\"wp-block-list\"><li><strong>R\u00c9DACTRICE EN CHEF DE LA REVUE (RC\u00c9M)<\/strong><br>Sheena Bhimji-Hewitt : <a href=\"mailto:editorCJMS@sonographycanada.ca\">editorCJMS@sonographycanada.ca<\/a><\/li><li><strong>DIRECTEUR DE LA R\u00c9DACTION DE LA REVUE<\/strong><br>Scott Bryant : <a href=\"mailto:sbryant@dougmargroup.com\">sbryant@dougmargroup.com<\/a><br><\/li><li><strong>Repr\u00e9sentant de la publicit\u00e9<br><\/strong>John Birkby :&nbsp;<a href=\"mailto:jbirkby@dougmargroup.com\">jbirkby@dougmargroup.com<\/a><\/li><li><strong>Coordinatrice des ventes et de la circulation<br><\/strong>Kelly Brooks:&nbsp;<a href=\"mailto:kbrooks@dougmargroup.com\">kbrooks@dougmargroup.com<\/a><\/li><\/ul>","protected":false},"excerpt":{"rendered":"<p>Publication officielle d\u2019\u00c9chographie Canada, la RCEM est publi\u00e9e \u00e0 tous les trimestres. On y pr\u00e9sente des recherches ax\u00e9es sur les faits, des \u00e9tudes de cas cliniques et des mises \u00e0 jour professionnelles. Comprise avec l&#8217;inscription comme membre d&#8217;\u00c9chographie Canada, la Revue offre aux membres des occasions d\u2019obtenir des cr\u00e9dits de DPC en r\u00e9pondant aux quiz [&hellip;]<\/p>\n","protected":false},"author":1,"featured_media":150714,"parent":435,"menu_order":1060,"comment_status":"closed","ping_status":"closed","template":"","meta":{"_acf_changed":false,"advgb_blocks_editor_width":"","advgb_blocks_columns_visual_guide":"","wicket_organization":"","_seat_count":"","_member_id":[],"_edit_last":"1307","_start_date":"","_end_date":"","footnotes":""},"class_list":["post-478","page","type-page","status-publish","has-post-thumbnail","hentry"],"acf":[],"yoast_head":"<!-- This site is optimized with the Yoast SEO plugin v23.5 - https:\/\/yoast.com\/wordpress\/plugins\/seo\/ -->\n<title>Revue canadienne d\u2019\u00e9chographie m\u00e9dicale (RCEM) - \u00c9chographie Canada<\/title>\n<meta name=\"robots\" content=\"index, follow, max-snippet:-1, max-image-preview:large, max-video-preview:-1\" \/>\n<link rel=\"canonical\" href=\"https:\/\/sonographycanada.ca\/fr\/a-propos\/publications\" \/>\n<meta property=\"og:locale\" content=\"fr_FR\" \/>\n<meta property=\"og:type\" content=\"article\" \/>\n<meta property=\"og:title\" content=\"Revue canadienne d\u2019\u00e9chographie m\u00e9dicale (RCEM) - \u00c9chographie Canada\" \/>\n<meta property=\"og:description\" content=\"Publication officielle d\u2019\u00c9chographie Canada, la RCEM est publi\u00e9e \u00e0 tous les trimestres. On y pr\u00e9sente des recherches ax\u00e9es sur les faits, des \u00e9tudes de cas cliniques et des mises \u00e0 jour professionnelles. Comprise avec l&#8217;inscription comme membre d&#8217;\u00c9chographie Canada, la Revue offre aux membres des occasions d\u2019obtenir des cr\u00e9dits de DPC en r\u00e9pondant aux quiz [&hellip;]\" \/>\n<meta property=\"og:url\" content=\"https:\/\/sonographycanada.ca\/fr\/a-propos\/publications\" \/>\n<meta property=\"og:site_name\" content=\"\u00c9chographie Canada\" \/>\n<meta property=\"article:modified_time\" content=\"2022-04-25T15:33:55+00:00\" \/>\n<meta property=\"og:image\" content=\"https:\/\/sonographycanada.ca\/app\/uploads\/2022\/04\/CJMS-website.png\" \/>\n\t<meta property=\"og:image:width\" content=\"390\" \/>\n\t<meta property=\"og:image:height\" content=\"172\" \/>\n\t<meta property=\"og:image:type\" content=\"image\/png\" \/>\n<meta name=\"twitter:card\" content=\"summary_large_image\" \/>\n<meta name=\"twitter:label1\" content=\"Est. reading time\" \/>\n\t<meta name=\"twitter:data1\" content=\"1 minute\" \/>\n<script type=\"application\/ld+json\" class=\"yoast-schema-graph\">{\"@context\":\"https:\/\/schema.org\",\"@graph\":[{\"@type\":\"WebPage\",\"@id\":\"https:\/\/sonographycanada.ca\/fr\/a-propos\/publications\",\"url\":\"https:\/\/sonographycanada.ca\/fr\/a-propos\/publications\",\"name\":\"Revue canadienne d\u2019\u00e9chographie m\u00e9dicale (RCEM) - \u00c9chographie Canada\",\"isPartOf\":{\"@id\":\"https:\/\/sonographycanada.ca\/#website\"},\"primaryImageOfPage\":{\"@id\":\"https:\/\/sonographycanada.ca\/fr\/a-propos\/publications#primaryimage\"},\"image\":{\"@id\":\"https:\/\/sonographycanada.ca\/fr\/a-propos\/publications#primaryimage\"},\"thumbnailUrl\":\"https:\/\/sonographycanada.ca\/app\/uploads\/2022\/04\/CJMS-website.png\",\"datePublished\":\"2019-02-28T19:21:30+00:00\",\"dateModified\":\"2022-04-25T15:33:55+00:00\",\"breadcrumb\":{\"@id\":\"https:\/\/sonographycanada.ca\/fr\/a-propos\/publications#breadcrumb\"},\"inLanguage\":\"fr-FR\",\"potentialAction\":[{\"@type\":\"ReadAction\",\"target\":[\"https:\/\/sonographycanada.ca\/fr\/a-propos\/publications\"]}]},{\"@type\":\"ImageObject\",\"inLanguage\":\"fr-FR\",\"@id\":\"https:\/\/sonographycanada.ca\/fr\/a-propos\/publications#primaryimage\",\"url\":\"https:\/\/sonographycanada.ca\/app\/uploads\/2022\/04\/CJMS-website.png\",\"contentUrl\":\"https:\/\/sonographycanada.ca\/app\/uploads\/2022\/04\/CJMS-website.png\",\"width\":390,\"height\":172},{\"@type\":\"BreadcrumbList\",\"@id\":\"https:\/\/sonographycanada.ca\/fr\/a-propos\/publications#breadcrumb\",\"itemListElement\":[{\"@type\":\"ListItem\",\"position\":1,\"name\":\"Accueil\",\"item\":\"https:\/\/sonographycanada.ca\/fr\"},{\"@type\":\"ListItem\",\"position\":2,\"name\":\"\u00c0 propos\",\"item\":\"https:\/\/sonographycanada.ca\/fr\/a-propos\"},{\"@type\":\"ListItem\",\"position\":3,\"name\":\"Revue canadienne d\u2019\u00e9chographie m\u00e9dicale (RCEM)\"}]},{\"@type\":\"WebSite\",\"@id\":\"https:\/\/sonographycanada.ca\/#website\",\"url\":\"https:\/\/sonographycanada.ca\/\",\"name\":\"\u00c9chographie Canada\",\"description\":\"La voix des \u00e9chographistes m\u00e9dicaux diagnostiques au Canada\",\"potentialAction\":[{\"@type\":\"SearchAction\",\"target\":{\"@type\":\"EntryPoint\",\"urlTemplate\":\"https:\/\/sonographycanada.ca\/?s={search_term_string}\"},\"query-input\":{\"@type\":\"PropertyValueSpecification\",\"valueRequired\":true,\"valueName\":\"search_term_string\"}}],\"inLanguage\":\"fr-FR\"}]}<\/script>\n<!-- \/ Yoast SEO plugin. -->","yoast_head_json":{"title":"Revue canadienne d\u2019\u00e9chographie m\u00e9dicale (RCEM) - \u00c9chographie Canada","robots":{"index":"index","follow":"follow","max-snippet":"max-snippet:-1","max-image-preview":"max-image-preview:large","max-video-preview":"max-video-preview:-1"},"canonical":"https:\/\/sonographycanada.ca\/fr\/a-propos\/publications","og_locale":"fr_FR","og_type":"article","og_title":"Revue canadienne d\u2019\u00e9chographie m\u00e9dicale (RCEM) - \u00c9chographie Canada","og_description":"Publication officielle d\u2019\u00c9chographie Canada, la RCEM est publi\u00e9e \u00e0 tous les trimestres. On y pr\u00e9sente des recherches ax\u00e9es sur les faits, des \u00e9tudes de cas cliniques et des mises \u00e0 jour professionnelles. Comprise avec l&#8217;inscription comme membre d&#8217;\u00c9chographie Canada, la Revue offre aux membres des occasions d\u2019obtenir des cr\u00e9dits de DPC en r\u00e9pondant aux quiz [&hellip;]","og_url":"https:\/\/sonographycanada.ca\/fr\/a-propos\/publications","og_site_name":"\u00c9chographie Canada","article_modified_time":"2022-04-25T15:33:55+00:00","og_image":[{"width":390,"height":172,"url":"https:\/\/sonographycanada.ca\/app\/uploads\/2022\/04\/CJMS-website.png","type":"image\/png"}],"twitter_card":"summary_large_image","twitter_misc":{"Est. reading time":"1 minute"},"schema":{"@context":"https:\/\/schema.org","@graph":[{"@type":"WebPage","@id":"https:\/\/sonographycanada.ca\/fr\/a-propos\/publications","url":"https:\/\/sonographycanada.ca\/fr\/a-propos\/publications","name":"Revue canadienne d\u2019\u00e9chographie m\u00e9dicale (RCEM) - \u00c9chographie Canada","isPartOf":{"@id":"https:\/\/sonographycanada.ca\/#website"},"primaryImageOfPage":{"@id":"https:\/\/sonographycanada.ca\/fr\/a-propos\/publications#primaryimage"},"image":{"@id":"https:\/\/sonographycanada.ca\/fr\/a-propos\/publications#primaryimage"},"thumbnailUrl":"https:\/\/sonographycanada.ca\/app\/uploads\/2022\/04\/CJMS-website.png","datePublished":"2019-02-28T19:21:30+00:00","dateModified":"2022-04-25T15:33:55+00:00","breadcrumb":{"@id":"https:\/\/sonographycanada.ca\/fr\/a-propos\/publications#breadcrumb"},"inLanguage":"fr-FR","potentialAction":[{"@type":"ReadAction","target":["https:\/\/sonographycanada.ca\/fr\/a-propos\/publications"]}]},{"@type":"ImageObject","inLanguage":"fr-FR","@id":"https:\/\/sonographycanada.ca\/fr\/a-propos\/publications#primaryimage","url":"https:\/\/sonographycanada.ca\/app\/uploads\/2022\/04\/CJMS-website.png","contentUrl":"https:\/\/sonographycanada.ca\/app\/uploads\/2022\/04\/CJMS-website.png","width":390,"height":172},{"@type":"BreadcrumbList","@id":"https:\/\/sonographycanada.ca\/fr\/a-propos\/publications#breadcrumb","itemListElement":[{"@type":"ListItem","position":1,"name":"Accueil","item":"https:\/\/sonographycanada.ca\/fr"},{"@type":"ListItem","position":2,"name":"\u00c0 propos","item":"https:\/\/sonographycanada.ca\/fr\/a-propos"},{"@type":"ListItem","position":3,"name":"Revue canadienne d\u2019\u00e9chographie m\u00e9dicale (RCEM)"}]},{"@type":"WebSite","@id":"https:\/\/sonographycanada.ca\/#website","url":"https:\/\/sonographycanada.ca\/","name":"\u00c9chographie Canada","description":"La voix des \u00e9chographistes m\u00e9dicaux diagnostiques au Canada","potentialAction":[{"@type":"SearchAction","target":{"@type":"EntryPoint","urlTemplate":"https:\/\/sonographycanada.ca\/?s={search_term_string}"},"query-input":{"@type":"PropertyValueSpecification","valueRequired":true,"valueName":"search_term_string"}}],"inLanguage":"fr-FR"}]}},"coauthors":[],"author_meta":{"author_link":"https:\/\/sonographycanada.ca\/fr\/author\/admin","display_name":"Kevin Andrews"},"relative_dates":{"created":"Publi\u00e9 7 years il y a","modified":"Mis \u00e0 jour 4 years il y a"},"absolute_dates":{"created":"Publi\u00e9 le f\u00e9vrier 28, 2019","modified":"Mise \u00e0 jour le avril 25, 2022"},"absolute_dates_time":{"created":"Publi\u00e9 le f\u00e9vrier 28, 2019 7:21 pm","modified":"Mise \u00e0 jour le avril 25, 2022 3:33 pm"},"featured_img_caption":"","featured_img":"https:\/\/sonographycanada.ca\/app\/uploads\/2022\/04\/CJMS-website.png","series_order":"","_links":{"self":[{"href":"https:\/\/sonographycanada.ca\/fr\/wp-json\/wp\/v2\/pages\/478"}],"collection":[{"href":"https:\/\/sonographycanada.ca\/fr\/wp-json\/wp\/v2\/pages"}],"about":[{"href":"https:\/\/sonographycanada.ca\/fr\/wp-json\/wp\/v2\/types\/page"}],"author":[{"embeddable":true,"href":"https:\/\/sonographycanada.ca\/fr\/wp-json\/wp\/v2\/users\/1"}],"replies":[{"embeddable":true,"href":"https:\/\/sonographycanada.ca\/fr\/wp-json\/wp\/v2\/comments?post=478"}],"version-history":[{"count":11,"href":"https:\/\/sonographycanada.ca\/fr\/wp-json\/wp\/v2\/pages\/478\/revisions"}],"predecessor-version":[{"id":150748,"href":"https:\/\/sonographycanada.ca\/fr\/wp-json\/wp\/v2\/pages\/478\/revisions\/150748"}],"up":[{"embeddable":true,"href":"https:\/\/sonographycanada.ca\/fr\/wp-json\/wp\/v2\/pages\/435"}],"wp:featuredmedia":[{"embeddable":true,"href":"https:\/\/sonographycanada.ca\/fr\/wp-json\/wp\/v2\/media\/150714"}],"wp:attachment":[{"href":"https:\/\/sonographycanada.ca\/fr\/wp-json\/wp\/v2\/media?parent=478"}],"curies":[{"name":"wp","href":"https:\/\/api.w.org\/{rel}","templated":true}]}}