{"id":481,"date":"2019-02-28T19:22:15","date_gmt":"2019-02-28T19:22:15","guid":{"rendered":"http:\/\/sonographycanada.ca\/?page_id=481"},"modified":"2022-12-23T13:58:01","modified_gmt":"2022-12-23T13:58:01","slug":"bulletin-sonogramme","status":"publish","type":"page","link":"https:\/\/sonographycanada.ca\/fr\/a-propos\/publications\/bulletin-sonogramme","title":{"rendered":"Bulletin SONOgramme"},"content":{"rendered":"<p>Le bulletin de nouvelles mensuel d\u2019\u00c9chographie Canada renseigne les membres au sujet des ressources professionnelles utiles, fournit des mises \u00e0 jour sur les grands dossiers et les grandes tendances en \u00e9chographie et offre des mises \u00e0 jour sur les activit\u00e9s d\u2019\u00c9chographie Canada. De la r\u00e9glementation \u00e0 l&#8217;obtention d&#8217;un titre de comp\u00e9tences et du d\u00e9veloppement professionnel aux occasions de r\u00e9seautage\u2026 tout y est.&nbsp; On invite les membres \u00e0 pr\u00e9senter des articles \u00e0 publier dans SONO<em>gramme<\/em> \u00e0 l\u2019adresse suivante&nbsp;: <a href=\"mailto:communications@sonographycanada.ca\">communications@sonographycanada.ca<\/a>.<\/p><h2 class=\"wp-block-heading\">\u00c9dition courante<\/h2><p><a href=\"https:\/\/sonographycanada.ca\/app\/uploads\/2022\/12\/SONOgramme-December-2022.pdf\">Bulletin SONO<em>gramme <\/em>d\u00e9cembre 2022<\/a><br><\/p><h2 class=\"wp-block-heading\">Archives<\/h2><p><strong>\u00c9ditions 2022<\/strong><br><a href=\"https:\/\/sonographycanada.ca\/app\/uploads\/2022\/11\/SONOgramme-November-2022.pdf\">Bulletin SONO<em>gramme <\/em>novembre 2022<\/a> <br><a href=\"https:\/\/sonographycanada.ca\/app\/uploads\/2022\/10\/SONOgramme-October-2022.pdf\">Bulletin SONO<em>gramme <\/em>octobre 2022<\/a> <br><a href=\"https:\/\/sonographycanada.ca\/app\/uploads\/2022\/10\/SONOgramme-September-2022.pdf\">Bulletin SONO<em>gramme <\/em>septembre 2022<\/a> <br><a href=\"https:\/\/sonographycanada.ca\/app\/uploads\/2022\/08\/SONOgramme-August-2022.pdf\">Bulletin SONO<em>gramme <\/em>ao\u00fbt 2022<\/a> <br><a href=\"https:\/\/sonographycanada.ca\/app\/uploads\/2022\/07\/SONOgramme-July-2022.pdf\">Bulletin SONO<em>gramme <\/em>juillet 2022<\/a> <br><a href=\"https:\/\/sonographycanada.ca\/app\/uploads\/2022\/07\/SONOgramme-June-2022.pdf\">Bulletin SONO<em>gramme <\/em>juin 2022<\/a> <br><a href=\"https:\/\/sonographycanada.ca\/app\/uploads\/2022\/06\/SONOgramme-May-2022.pdf\">Bulletin SONO<em>gramme <\/em>mai 2022<\/a> <br><a href=\"https:\/\/sonographycanada.ca\/app\/uploads\/2022\/05\/SONOgramme-April-2022.pdf\">Bulletin SONO<em>gramme <\/em>avril 2022<\/a> <br><a href=\"https:\/\/sonographycanada.ca\/app\/uploads\/2022\/03\/SONOgramme-March-2022.pdf\">Bulletin SONO<em>gramme <\/em>mars 2022<\/a> <br><a href=\"https:\/\/sonographycanada.ca\/app\/uploads\/2022\/02\/SONOgramme-February-2022.pdf\">Bulletin SONO<em>gramme <\/em>f\u00e9vrier 2022<\/a> <br><a href=\"https:\/\/sonographycanada.ca\/app\/uploads\/2022\/01\/SONOgramme-January-2022.pdf\">Bulletin SONO<em>gramme <\/em>janvier 2022<\/a> <br><br><strong>\u00c9ditions 202<\/strong>1 <br><a href=\"https:\/\/sonographycanada.ca\/app\/uploads\/2021\/12\/SONOgramme-December-2021.pdf\">Bulletin SONO<em>gramme <\/em>d\u00e9cembre 2021<\/a> <br><a href=\"https:\/\/sonographycanada.ca\/app\/uploads\/2021\/11\/SONOgramme-November-2021.pdf\">Bulletin SONO<em>gramme <\/em>novembre 2021<\/a> <br><a href=\"https:\/\/sonographycanada.ca\/app\/uploads\/2021\/11\/SONOgramme-October-2021.pdf\">Bulletin SONO<em>gramme <\/em>octobre 2021<\/a> <br><a href=\"https:\/\/sonographycanada.ca\/app\/uploads\/2021\/10\/SONOgramme-September-2021-v4.pdf\">Bulletin SONO<em>gramme <\/em>septembre 2021<\/a> <br><a href=\"https:\/\/sonographycanada.ca\/app\/uploads\/2021\/08\/SONOgramme-August-2021.pdf\">Bulletin SONO<em>gramme <\/em>ao\u00fbt 2021<\/a> <br><a href=\"https:\/\/sonographycanada.ca\/app\/uploads\/2021\/07\/SONOgramme-July-2021-1.pdf\">Bulletin SONO<em>gramme <\/em>juillet 2021<\/a> <br><a href=\"https:\/\/sonographycanada.ca\/app\/uploads\/2021\/06\/SONOgramme-June-2021.pdf\">Bulletin SONO<em>gramme <\/em>juin 2021<\/a> <br><a href=\"https:\/\/sonographycanada.ca\/app\/uploads\/2021\/05\/SONOgramme-May-2021.pdf\">Bulletin SONO<em>gramme <\/em>mai 2021<\/a> <br><a href=\"https:\/\/sonographycanada.ca\/app\/uploads\/2021\/04\/SONOgramme-April-2021.pdf\">Bulletin SONO<em>gramme <\/em>avril 2021<\/a> <br><a href=\"https:\/\/sonographycanada.ca\/app\/uploads\/2021\/03\/SONOgramme-March-2021.pdf\">Bulletin SONO<em>gramme <\/em>mars 2021<\/a> <br><a href=\"https:\/\/sonographycanada.ca\/app\/uploads\/2021\/02\/SONOgramme-February-2021.pdf\">Bulletin SONO<em>gramme<\/em> f\u00e9vrier 2021<\/a> <br><a href=\"https:\/\/sonographycanada.ca\/app\/uploads\/2021\/01\/SONOgramme-January-2021.pdf\">Bulletin SONO<em>gramme <\/em>janvier 2021<\/a> <br><br><strong>\u00c9ditions 2020<\/strong><br><a href=\"https:\/\/sonographycanada.ca\/app\/uploads\/2021\/01\/SONOgramme-December-2020.pdf\">Bulletin SONO<em>gramme <\/em>d\u00e9cembre 2020<\/a> <br><a href=\"https:\/\/sonographycanada.ca\/app\/uploads\/2020\/12\/SONOgramme-November-2020.pdf\">Bulletin SONO<em>gramme <\/em>novembre 2020<\/a> <br><a rel=\"noreferrer noopener\" href=\"https:\/\/sonographycanada.ca\/app\/uploads\/2020\/11\/SONOgramme-October-2020.pdf\" target=\"_blank\">Bulletin SONO<em>gramme<\/em> octobre 2020<\/a> <br><a rel=\"noreferrer noopener\" href=\"https:\/\/sonographycanada.ca\/app\/uploads\/2020\/10\/SONOgramme-September-2020.pdf\" target=\"_blank\">Bulletin SONO<em>gramme<\/em> septembre 2020<\/a> <br><a rel=\"noreferrer noopener\" href=\"https:\/\/sonographycanada.ca\/app\/uploads\/2020\/09\/SONOgramme-August-2020.pdf\" target=\"_blank\">Bulletin SONO<em>gramme<\/em> ao\u00fbt 2020<\/a> <br><a rel=\"noreferrer noopener\" href=\"https:\/\/sonographycanada.ca\/app\/uploads\/2020\/08\/SONOgramme-July-2020.pdf\" target=\"_blank\">Bulletin SONO<em>gramme<\/em> juillet 2020<\/a> <br><a rel=\"noreferrer noopener\" href=\"https:\/\/sonographycanada.ca\/app\/uploads\/2020\/07\/SONOgramme-June-2020-1.pdf\" target=\"_blank\">Bulletin SONO<em>gramme<\/em> juin <\/a><a rel=\"noreferrer noopener\" href=\"https:\/\/sonographycanada.ca\/app\/uploads\/2020\/07\/SONOgramme-June-2020.pdf\" target=\"_blank\">2020<\/a> <br><a rel=\"noreferrer noopener\" aria-label=\" (opens in a new tab)\" href=\"https:\/\/sonographycanada.ca\/app\/uploads\/2020\/07\/SONOgramme-May-2020.pdf\" target=\"_blank\">Bulletin SONO<em>gramme<\/em> mai 2020<\/a><br><a rel=\"noreferrer noopener\" href=\"https:\/\/sonographycanada.ca\/app\/uploads\/2020\/05\/SONOgramme-Avril-2020.pdf\" target=\"_blank\">Bulletin SONO<em>gramme<\/em> avril 2020<\/a><br><a rel=\"noreferrer noopener\" aria-label=\" (opens in a new tab)\" href=\"https:\/\/sonographycanada.ca\/app\/uploads\/2020\/05\/SONOgramme-f\u00e9vrier-2020.pdf\" target=\"_blank\">Bulletin SONO<em>gramme<\/em> f\u00e9vrier 2020<\/a> <br><a rel=\"noreferrer noopener\" href=\"https:\/\/sonographycanada.ca\/app\/uploads\/2020\/02\/SONOgramme-janvier-2020-3.pdf\" target=\"_blank\">Bulletin SONO<em>gramme<\/em> janvier 2020<\/a> <br><br><strong>\u00c9ditions 2019<\/strong><br><a rel=\"noreferrer noopener\" aria-label=\" (opens in a new tab)\" href=\"https:\/\/sonographycanada.ca\/app\/uploads\/2020\/02\/SONOgramme-d\u00e9cembre-2019.pdf\" target=\"_blank\">Bulletin SONO<em>gramme<\/em> d\u00e9cembre 2019<\/a> <br><a rel=\"noreferrer noopener\" href=\"https:\/\/sonographycanada.ca\/app\/uploads\/2019\/11\/SONOgramme-novembre-2019.pdf\" target=\"_blank\">Bulletin SONO<em>gramme<\/em> novembre 2019<\/a> <br><a rel=\"noreferrer noopener\" href=\"https:\/\/sonographycanada.ca\/app\/uploads\/2019\/11\/SONOgramme-octobre-2019.pdf\" target=\"_blank\">Bulletin SONO<\/a><em><a rel=\"noreferrer noopener\" href=\"https:\/\/sonographycanada.ca\/app\/uploads\/2019\/11\/SONOgramme-octobre-2019.pdf\" target=\"_blank\">gramme<\/a><\/em><a rel=\"noreferrer noopener\" href=\"https:\/\/sonographycanada.ca\/app\/uploads\/2019\/11\/SONOgramme-octobre-2019.pdf\" target=\"_blank\"> octobre 2019<\/a> <br><a rel=\"noreferrer noopener\" href=\"https:\/\/sonographycanada.ca\/app\/uploads\/2019\/10\/SONOgramme-septembre-2019.pdf\" target=\"_blank\">Bulletin SONO<\/a><em><a rel=\"noreferrer noopener\" href=\"https:\/\/sonographycanada.ca\/app\/uploads\/2019\/10\/SONOgramme-septembre-2019.pdf\" target=\"_blank\">gramme<\/a><\/em><a rel=\"noreferrer noopener\" href=\"https:\/\/sonographycanada.ca\/app\/uploads\/2019\/10\/SONOgramme-septembre-2019.pdf\" target=\"_blank\"> septembre 2019<\/a> <br><a rel=\"noreferrer noopener\" href=\"https:\/\/sonographycanada.ca\/app\/uploads\/2019\/09\/SONOgramme-ao%C3%BBt-2019.pdf\" target=\"_blank\">Bulletin SONO<\/a><em><a rel=\"noreferrer noopener\" href=\"https:\/\/sonographycanada.ca\/app\/uploads\/2019\/09\/SONOgramme-ao%C3%BBt-2019.pdf\" target=\"_blank\">gramme<\/a><\/em><a rel=\"noreferrer noopener\" href=\"https:\/\/sonographycanada.ca\/app\/uploads\/2019\/09\/SONOgramme-ao%C3%BBt-2019.pdf\" target=\"_blank\"> ao\u00fbt 2019<\/a> <br><a rel=\"noreferrer noopener\" aria-label=\" (opens in a new tab)\" href=\"https:\/\/sonographycanada.ca\/app\/uploads\/2019\/08\/SONOgramme-juillet-2019.pdf\" target=\"_blank\">Bulletin SONO<\/a><em><a rel=\"noreferrer noopener\" aria-label=\" (opens in a new tab)\" href=\"https:\/\/sonographycanada.ca\/app\/uploads\/2019\/08\/SONOgramme-juillet-2019.pdf\" target=\"_blank\">gramme<\/a><\/em><a rel=\"noreferrer noopener\" aria-label=\" (opens in a new tab)\" href=\"https:\/\/sonographycanada.ca\/app\/uploads\/2019\/08\/SONOgramme-juillet-2019.pdf\" target=\"_blank\"> juillet 2019<\/a><br><a rel=\"noreferrer noopener\" href=\"https:\/\/sonographycanada.ca\/app\/uploads\/2019\/07\/SONOgramme-juin-2019-Final-FRA.pdf\" target=\"_blank\">Bulletin SONO<em>gramme<\/em> juin 2019<\/a> <br><a rel=\"noreferrer noopener\" aria-label=\"Bulletin SONOgramme mai 2019 (opens in a new tab)\" href=\"https:\/\/sonographycanada.ca\/app\/uploads\/2019\/06\/SONOgramme-May-2019-edition-Final.pdf\" target=\"_blank\">Bulletin SONO<\/a><em><a rel=\"noreferrer noopener\" aria-label=\"Bulletin SONOgramme mai 2019 (opens in a new tab)\" href=\"https:\/\/sonographycanada.ca\/app\/uploads\/2019\/06\/SONOgramme-May-2019-edition-Final.pdf\" target=\"_blank\">gramme<\/a><\/em><a rel=\"noreferrer noopener\" aria-label=\"Bulletin SONOgramme mai 2019 (opens in a new tab)\" href=\"https:\/\/sonographycanada.ca\/app\/uploads\/2019\/06\/SONOgramme-May-2019-edition-Final.pdf\" target=\"_blank\"> mai 2019<\/a><br><a rel=\"noreferrer noopener\" aria-label=\"Bulletin SONOgramme d\u00e9cembre 2018 (opens in a new tab)\" href=\"https:\/\/sonographycanada.ca\/app\/uploads\/2019\/04\/SONOgramme-April-2019-Final-1.pdf\" target=\"_blank\">Bulletin SONO<em>gramme<\/em> avril 2019<\/a> <br><a rel=\"noreferrer noopener\" href=\"https:\/\/sonographycanada.ca\/app\/uploads\/2019\/04\/SONOgramme-March-2019-Final.pdf\" target=\"_blank\">Bulletin SONO<em>gramme <\/em>mars 2019<\/a> <br><a rel=\"noreferrer noopener\" href=\"https:\/\/sonographycanada.ca\/app\/uploads\/2019\/04\/SONOgramme-February-2019-Final.pdf\" target=\"_blank\">Bulletin SONO<em>gramme<\/em> f\u00e9vrier 2019<\/a> <br><a rel=\"noreferrer noopener\" aria-label=\"Bulletin SONOgramme janvier 2019 (opens in a new tab)\" href=\"https:\/\/sonographycanada.ca\/app\/uploads\/2019\/03\/SONOgramme-January-2019-Final.pdf\" target=\"_blank\">Bulletin SONO<\/a><em><a rel=\"noreferrer noopener\" aria-label=\"Bulletin SONOgramme janvier 2019 (opens in a new tab)\" href=\"https:\/\/sonographycanada.ca\/app\/uploads\/2019\/03\/SONOgramme-January-2019-Final.pdf\" target=\"_blank\">gramme<\/a><\/em><a rel=\"noreferrer noopener\" aria-label=\"Bulletin SONOgramme janvier 2019 (opens in a new tab)\" href=\"https:\/\/sonographycanada.ca\/app\/uploads\/2019\/03\/SONOgramme-January-2019-Final.pdf\" target=\"_blank\"> janvier 2019<\/a> <br><br><strong>\u00c9ditions 2018<\/strong><br><a rel=\"noreferrer noopener\" href=\"https:\/\/sonographycanada.ca\/app\/uploads\/2019\/03\/Sono-Gramme-Final-December-2018.pdf\" target=\"_blank\">Bulletin SONO<em>gramme<\/em> d\u00e9cembre 2018<\/a>   <\/p>","protected":false},"excerpt":{"rendered":"<p>Le bulletin de nouvelles mensuel d\u2019\u00c9chographie Canada renseigne les membres au sujet des ressources professionnelles utiles, fournit des mises \u00e0 jour sur les grands dossiers et les grandes tendances en \u00e9chographie et offre des mises \u00e0 jour sur les activit\u00e9s d\u2019\u00c9chographie Canada. De la r\u00e9glementation \u00e0 l&#8217;obtention d&#8217;un titre de comp\u00e9tences et du d\u00e9veloppement professionnel [&hellip;]<\/p>\n","protected":false},"author":1,"featured_media":0,"parent":478,"menu_order":106010,"comment_status":"closed","ping_status":"closed","template":"","meta":{"_acf_changed":false,"advgb_blocks_editor_width":"","advgb_blocks_columns_visual_guide":"","wicket_organization":"","_seat_count":"","_member_id":[],"_edit_last":"1307","_start_date":"","_end_date":"","footnotes":""},"class_list":["post-481","page","type-page","status-publish","hentry"],"acf":[],"yoast_head":"<!-- This site is optimized with the Yoast SEO plugin v23.5 - https:\/\/yoast.com\/wordpress\/plugins\/seo\/ -->\n<title>Bulletin SONOgramme - \u00c9chographie Canada<\/title>\n<meta name=\"robots\" content=\"index, follow, max-snippet:-1, max-image-preview:large, max-video-preview:-1\" \/>\n<link rel=\"canonical\" href=\"https:\/\/sonographycanada.ca\/fr\/a-propos\/publications\/bulletin-sonogramme\" \/>\n<meta property=\"og:locale\" content=\"fr_FR\" \/>\n<meta property=\"og:type\" content=\"article\" \/>\n<meta property=\"og:title\" content=\"Bulletin SONOgramme - \u00c9chographie Canada\" \/>\n<meta property=\"og:description\" content=\"Le bulletin de nouvelles mensuel d\u2019\u00c9chographie Canada renseigne les membres au sujet des ressources professionnelles utiles, fournit des mises \u00e0 jour sur les grands dossiers et les grandes tendances en \u00e9chographie et offre des mises \u00e0 jour sur les activit\u00e9s d\u2019\u00c9chographie Canada. De la r\u00e9glementation \u00e0 l&#8217;obtention d&#8217;un titre de comp\u00e9tences et du d\u00e9veloppement professionnel [&hellip;]\" \/>\n<meta property=\"og:url\" content=\"https:\/\/sonographycanada.ca\/fr\/a-propos\/publications\/bulletin-sonogramme\" \/>\n<meta property=\"og:site_name\" content=\"\u00c9chographie Canada\" \/>\n<meta property=\"article:modified_time\" content=\"2022-12-23T13:58:01+00:00\" \/>\n<meta name=\"twitter:card\" content=\"summary_large_image\" \/>\n<meta name=\"twitter:label1\" content=\"Est. reading time\" \/>\n\t<meta name=\"twitter:data1\" content=\"1 minute\" \/>\n<script type=\"application\/ld+json\" class=\"yoast-schema-graph\">{\"@context\":\"https:\/\/schema.org\",\"@graph\":[{\"@type\":\"WebPage\",\"@id\":\"https:\/\/sonographycanada.ca\/fr\/a-propos\/publications\/bulletin-sonogramme\",\"url\":\"https:\/\/sonographycanada.ca\/fr\/a-propos\/publications\/bulletin-sonogramme\",\"name\":\"Bulletin SONOgramme - \u00c9chographie Canada\",\"isPartOf\":{\"@id\":\"https:\/\/sonographycanada.ca\/#website\"},\"datePublished\":\"2019-02-28T19:22:15+00:00\",\"dateModified\":\"2022-12-23T13:58:01+00:00\",\"breadcrumb\":{\"@id\":\"https:\/\/sonographycanada.ca\/fr\/a-propos\/publications\/bulletin-sonogramme#breadcrumb\"},\"inLanguage\":\"fr-FR\",\"potentialAction\":[{\"@type\":\"ReadAction\",\"target\":[\"https:\/\/sonographycanada.ca\/fr\/a-propos\/publications\/bulletin-sonogramme\"]}]},{\"@type\":\"BreadcrumbList\",\"@id\":\"https:\/\/sonographycanada.ca\/fr\/a-propos\/publications\/bulletin-sonogramme#breadcrumb\",\"itemListElement\":[{\"@type\":\"ListItem\",\"position\":1,\"name\":\"Accueil\",\"item\":\"https:\/\/sonographycanada.ca\/fr\"},{\"@type\":\"ListItem\",\"position\":2,\"name\":\"\u00c0 propos\",\"item\":\"https:\/\/sonographycanada.ca\/fr\/a-propos\"},{\"@type\":\"ListItem\",\"position\":3,\"name\":\"Revue canadienne d\u2019\u00e9chographie m\u00e9dicale (RCEM)\",\"item\":\"https:\/\/sonographycanada.ca\/fr\/a-propos\/publications\"},{\"@type\":\"ListItem\",\"position\":4,\"name\":\"Bulletin SONOgramme\"}]},{\"@type\":\"WebSite\",\"@id\":\"https:\/\/sonographycanada.ca\/#website\",\"url\":\"https:\/\/sonographycanada.ca\/\",\"name\":\"\u00c9chographie Canada\",\"description\":\"La voix des \u00e9chographistes m\u00e9dicaux diagnostiques au Canada\",\"potentialAction\":[{\"@type\":\"SearchAction\",\"target\":{\"@type\":\"EntryPoint\",\"urlTemplate\":\"https:\/\/sonographycanada.ca\/?s={search_term_string}\"},\"query-input\":{\"@type\":\"PropertyValueSpecification\",\"valueRequired\":true,\"valueName\":\"search_term_string\"}}],\"inLanguage\":\"fr-FR\"}]}<\/script>\n<!-- \/ Yoast SEO plugin. -->","yoast_head_json":{"title":"Bulletin SONOgramme - \u00c9chographie Canada","robots":{"index":"index","follow":"follow","max-snippet":"max-snippet:-1","max-image-preview":"max-image-preview:large","max-video-preview":"max-video-preview:-1"},"canonical":"https:\/\/sonographycanada.ca\/fr\/a-propos\/publications\/bulletin-sonogramme","og_locale":"fr_FR","og_type":"article","og_title":"Bulletin SONOgramme - \u00c9chographie Canada","og_description":"Le bulletin de nouvelles mensuel d\u2019\u00c9chographie Canada renseigne les membres au sujet des ressources professionnelles utiles, fournit des mises \u00e0 jour sur les grands dossiers et les grandes tendances en \u00e9chographie et offre des mises \u00e0 jour sur les activit\u00e9s d\u2019\u00c9chographie Canada. De la r\u00e9glementation \u00e0 l&#8217;obtention d&#8217;un titre de comp\u00e9tences et du d\u00e9veloppement professionnel [&hellip;]","og_url":"https:\/\/sonographycanada.ca\/fr\/a-propos\/publications\/bulletin-sonogramme","og_site_name":"\u00c9chographie Canada","article_modified_time":"2022-12-23T13:58:01+00:00","twitter_card":"summary_large_image","twitter_misc":{"Est. reading time":"1 minute"},"schema":{"@context":"https:\/\/schema.org","@graph":[{"@type":"WebPage","@id":"https:\/\/sonographycanada.ca\/fr\/a-propos\/publications\/bulletin-sonogramme","url":"https:\/\/sonographycanada.ca\/fr\/a-propos\/publications\/bulletin-sonogramme","name":"Bulletin SONOgramme - \u00c9chographie Canada","isPartOf":{"@id":"https:\/\/sonographycanada.ca\/#website"},"datePublished":"2019-02-28T19:22:15+00:00","dateModified":"2022-12-23T13:58:01+00:00","breadcrumb":{"@id":"https:\/\/sonographycanada.ca\/fr\/a-propos\/publications\/bulletin-sonogramme#breadcrumb"},"inLanguage":"fr-FR","potentialAction":[{"@type":"ReadAction","target":["https:\/\/sonographycanada.ca\/fr\/a-propos\/publications\/bulletin-sonogramme"]}]},{"@type":"BreadcrumbList","@id":"https:\/\/sonographycanada.ca\/fr\/a-propos\/publications\/bulletin-sonogramme#breadcrumb","itemListElement":[{"@type":"ListItem","position":1,"name":"Accueil","item":"https:\/\/sonographycanada.ca\/fr"},{"@type":"ListItem","position":2,"name":"\u00c0 propos","item":"https:\/\/sonographycanada.ca\/fr\/a-propos"},{"@type":"ListItem","position":3,"name":"Revue canadienne d\u2019\u00e9chographie m\u00e9dicale (RCEM)","item":"https:\/\/sonographycanada.ca\/fr\/a-propos\/publications"},{"@type":"ListItem","position":4,"name":"Bulletin SONOgramme"}]},{"@type":"WebSite","@id":"https:\/\/sonographycanada.ca\/#website","url":"https:\/\/sonographycanada.ca\/","name":"\u00c9chographie Canada","description":"La voix des \u00e9chographistes m\u00e9dicaux diagnostiques au Canada","potentialAction":[{"@type":"SearchAction","target":{"@type":"EntryPoint","urlTemplate":"https:\/\/sonographycanada.ca\/?s={search_term_string}"},"query-input":{"@type":"PropertyValueSpecification","valueRequired":true,"valueName":"search_term_string"}}],"inLanguage":"fr-FR"}]}},"coauthors":[],"author_meta":{"author_link":"https:\/\/sonographycanada.ca\/fr\/author\/admin","display_name":"Kevin Andrews"},"relative_dates":{"created":"Publi\u00e9 7 years il y a","modified":"Mis \u00e0 jour 3 years il y a"},"absolute_dates":{"created":"Publi\u00e9 le f\u00e9vrier 28, 2019","modified":"Mise \u00e0 jour le d\u00e9cembre 23, 2022"},"absolute_dates_time":{"created":"Publi\u00e9 le f\u00e9vrier 28, 2019 7:22 pm","modified":"Mise \u00e0 jour le d\u00e9cembre 23, 2022 1:58 pm"},"featured_img_caption":"","featured_img":false,"series_order":"","_links":{"self":[{"href":"https:\/\/sonographycanada.ca\/fr\/wp-json\/wp\/v2\/pages\/481"}],"collection":[{"href":"https:\/\/sonographycanada.ca\/fr\/wp-json\/wp\/v2\/pages"}],"about":[{"href":"https:\/\/sonographycanada.ca\/fr\/wp-json\/wp\/v2\/types\/page"}],"author":[{"embeddable":true,"href":"https:\/\/sonographycanada.ca\/fr\/wp-json\/wp\/v2\/users\/1"}],"replies":[{"embeddable":true,"href":"https:\/\/sonographycanada.ca\/fr\/wp-json\/wp\/v2\/comments?post=481"}],"version-history":[{"count":74,"href":"https:\/\/sonographycanada.ca\/fr\/wp-json\/wp\/v2\/pages\/481\/revisions"}],"predecessor-version":[{"id":163455,"href":"https:\/\/sonographycanada.ca\/fr\/wp-json\/wp\/v2\/pages\/481\/revisions\/163455"}],"up":[{"embeddable":true,"href":"https:\/\/sonographycanada.ca\/fr\/wp-json\/wp\/v2\/pages\/478"}],"wp:attachment":[{"href":"https:\/\/sonographycanada.ca\/fr\/wp-json\/wp\/v2\/media?parent=481"}],"curies":[{"name":"wp","href":"https:\/\/api.w.org\/{rel}","templated":true}]}}