{"id":484,"date":"2019-02-28T19:26:07","date_gmt":"2019-02-28T19:26:07","guid":{"rendered":"http:\/\/sonographycanada.ca\/?page_id=484"},"modified":"2019-04-26T18:33:14","modified_gmt":"2019-04-26T18:33:14","slug":"revue-canadienne-echographie-medicale","status":"publish","type":"page","link":"https:\/\/sonographycanada.ca\/fr\/a-propos\/publications\/revue-canadienne-echographie-medicale","title":{"rendered":"Revue canadienne d&#8217;\u00e9chographie m\u00e9dicale (RCEM)"},"content":{"rendered":"<p>La Revue canadienne d\u2019\u00e9chographie m\u00e9dicale (CJMS) est la publication officielle d\u2019\u00c9chographie Canada et est publi\u00e9 quatre fois par an. Le CJMS est disponible comme un des principaux avantages aux membres d\u2019\u00c9chographie Canada .&nbsp; Chaque num\u00e9ro comprend une combinaison d\u2019articles clinique et scientifique, \u00e9tudes de cas et de commentaires. Plusieurs des articles comprennent d\u2019un questionnaire qui, quand r\u00e9solu, procurent aux membres l\u2019opportunit\u00e9 d\u2019obtenir des heures DPC.<\/p><p>Nous offrons la publication courante et archiv\u00e9es du Journal en ligne en format PDF \u00e0 lire \u00e0 votre convenance et\/ou pour t\u00e9l\u00e9charger.<\/p><p>Cliquez sur le lien suivant pour:<\/p><ul class=\"wp-block-list\"><li><a href=\"https:\/\/sonographycanada.ca\/fr\/membres\/revue-canadienne-echographie-medicale\">Num\u00e9ros actuels<\/a><\/li><li><a href=\"https:\/\/sonographycanada.ca\/fr\/membres\/revue-canadienne-echographie-medicale\">Num\u00e9ros archiv\u00e9s<\/a><\/li><\/ul><p> Pour obtenir des cr\u00e9dits DPC cliquez sur le lien qui suit&nbsp;: <\/p><ul class=\"wp-block-list\"><li><em><a href=\"https:\/\/sonographycanada.ca\/professional-development\/cpd-activities\">CJMS<\/a><\/em><a href=\"https:\/\/sonographycanada.ca\/professional-development\/cpd-activities\"> Quizzes<\/a><\/li><\/ul><p> Information pour la soumission d\u2019un article :<\/p><ul class=\"wp-block-list\"><li><a href=\"https:\/\/sonographycanada.ca\/app\/uploads\/2019\/04\/CJMS_Instructions_for_authors-2-Pages-Final-26Apr19_FR.pdf\" target=\"_blank\" rel=\"noreferrer noopener\" aria-label=\"Directives pour les auteurs (opens in a new tab)\">Directives pour les auteurs<\/a><\/li><\/ul><p> Pour publier dans le journal CJMS : <\/p><p><span style=\"background-color: rgb(232, 234, 235);\"><i>Coordonn\u00e9es du journal CJMS<\/i><\/span><\/p><p><strong>LE R\u00c9DACTEUR EN CHEF DE LA REVUE (RCEM) :<\/strong><br><a href=\"mailto:editorCJMS@sonographycanada.ca\">editorCJMS@sonographycanada.ca<\/a><\/p><p><strong>JOURNAL MANAGING EDITOR<\/strong><br><a href=\"mailto:sbryant@dougmargroup.com\">sbryant@dougmargroup.com<\/a><\/p><p><strong>Dougmar Publishing Group Inc<\/strong><br>1 Hunter Street East, Suite G-100&nbsp;<br>Hamilton Ontario, L8N 3W1&nbsp;<br><strong>T#:<\/strong>&nbsp;289-238-7917&nbsp; &nbsp;<br><a href=\"mailto:info@dougmargroup.com\">Dougmar Publishing Group Inc<\/a><\/p><p><strong>Le repr\u00e9sentant en publicit\u00e9<br><\/strong>John Birkby:&nbsp;<a href=\"mailto:jbirkby@dougmargroup.com\">jbirkby@dougmargroup.com<\/a><\/p><p><strong>Le coordonnateur des ventes et de la mise en circulation<br><\/strong>Kelly Brooks:&nbsp;<a href=\"mailto:kbrooks@dougmargroup.com\">kbrooks@dougmargroup.com<\/a><\/p>","protected":false},"excerpt":{"rendered":"<p>La Revue canadienne d\u2019\u00e9chographie m\u00e9dicale (CJMS) est la publication officielle d\u2019\u00c9chographie Canada et est publi\u00e9 quatre fois par an. Le CJMS est disponible comme un des principaux avantages aux membres d\u2019\u00c9chographie Canada .&nbsp; Chaque num\u00e9ro comprend une combinaison d\u2019articles clinique et scientifique, \u00e9tudes de cas et de commentaires. Plusieurs des articles comprennent d\u2019un questionnaire qui, [&hellip;]<\/p>\n","protected":false},"author":1,"featured_media":0,"parent":478,"menu_order":106020,"comment_status":"closed","ping_status":"closed","template":"","meta":{"_acf_changed":false,"advgb_blocks_editor_width":"","advgb_blocks_columns_visual_guide":"","wicket_organization":"","_seat_count":"","_member_id":[],"_edit_last":"99","_start_date":"","_end_date":"","footnotes":""},"class_list":["post-484","page","type-page","status-publish","hentry"],"acf":[],"yoast_head":"<!-- This site is optimized with the Yoast SEO plugin v23.5 - https:\/\/yoast.com\/wordpress\/plugins\/seo\/ -->\n<title>Revue canadienne d&#039;\u00e9chographie m\u00e9dicale (RCEM) - \u00c9chographie Canada<\/title>\n<meta name=\"robots\" content=\"index, follow, max-snippet:-1, max-image-preview:large, max-video-preview:-1\" \/>\n<link rel=\"canonical\" href=\"https:\/\/sonographycanada.ca\/fr\/a-propos\/publications\/revue-canadienne-echographie-medicale\" \/>\n<meta property=\"og:locale\" content=\"fr_FR\" \/>\n<meta property=\"og:type\" content=\"article\" \/>\n<meta property=\"og:title\" content=\"Revue canadienne d&#039;\u00e9chographie m\u00e9dicale (RCEM) - \u00c9chographie Canada\" \/>\n<meta property=\"og:description\" content=\"La Revue canadienne d\u2019\u00e9chographie m\u00e9dicale (CJMS) est la publication officielle d\u2019\u00c9chographie Canada et est publi\u00e9 quatre fois par an. Le CJMS est disponible comme un des principaux avantages aux membres d\u2019\u00c9chographie Canada .&nbsp; Chaque num\u00e9ro comprend une combinaison d\u2019articles clinique et scientifique, \u00e9tudes de cas et de commentaires. Plusieurs des articles comprennent d\u2019un questionnaire qui, [&hellip;]\" \/>\n<meta property=\"og:url\" content=\"https:\/\/sonographycanada.ca\/fr\/a-propos\/publications\/revue-canadienne-echographie-medicale\" \/>\n<meta property=\"og:site_name\" content=\"\u00c9chographie Canada\" \/>\n<meta property=\"article:modified_time\" content=\"2019-04-26T18:33:14+00:00\" \/>\n<meta name=\"twitter:card\" content=\"summary_large_image\" \/>\n<meta name=\"twitter:label1\" content=\"Est. reading time\" \/>\n\t<meta name=\"twitter:data1\" content=\"1 minute\" \/>\n<script type=\"application\/ld+json\" class=\"yoast-schema-graph\">{\"@context\":\"https:\/\/schema.org\",\"@graph\":[{\"@type\":\"WebPage\",\"@id\":\"https:\/\/sonographycanada.ca\/fr\/a-propos\/publications\/revue-canadienne-echographie-medicale\",\"url\":\"https:\/\/sonographycanada.ca\/fr\/a-propos\/publications\/revue-canadienne-echographie-medicale\",\"name\":\"Revue canadienne d'\u00e9chographie m\u00e9dicale (RCEM) - \u00c9chographie Canada\",\"isPartOf\":{\"@id\":\"https:\/\/sonographycanada.ca\/#website\"},\"datePublished\":\"2019-02-28T19:26:07+00:00\",\"dateModified\":\"2019-04-26T18:33:14+00:00\",\"breadcrumb\":{\"@id\":\"https:\/\/sonographycanada.ca\/fr\/a-propos\/publications\/revue-canadienne-echographie-medicale#breadcrumb\"},\"inLanguage\":\"fr-FR\",\"potentialAction\":[{\"@type\":\"ReadAction\",\"target\":[\"https:\/\/sonographycanada.ca\/fr\/a-propos\/publications\/revue-canadienne-echographie-medicale\"]}]},{\"@type\":\"BreadcrumbList\",\"@id\":\"https:\/\/sonographycanada.ca\/fr\/a-propos\/publications\/revue-canadienne-echographie-medicale#breadcrumb\",\"itemListElement\":[{\"@type\":\"ListItem\",\"position\":1,\"name\":\"Accueil\",\"item\":\"https:\/\/sonographycanada.ca\/fr\"},{\"@type\":\"ListItem\",\"position\":2,\"name\":\"\u00c0 propos\",\"item\":\"https:\/\/sonographycanada.ca\/fr\/a-propos\"},{\"@type\":\"ListItem\",\"position\":3,\"name\":\"Revue canadienne d\u2019\u00e9chographie m\u00e9dicale (RCEM)\",\"item\":\"https:\/\/sonographycanada.ca\/fr\/a-propos\/publications\"},{\"@type\":\"ListItem\",\"position\":4,\"name\":\"Revue canadienne d&#8217;\u00e9chographie m\u00e9dicale (RCEM)\"}]},{\"@type\":\"WebSite\",\"@id\":\"https:\/\/sonographycanada.ca\/#website\",\"url\":\"https:\/\/sonographycanada.ca\/\",\"name\":\"\u00c9chographie Canada\",\"description\":\"La voix des \u00e9chographistes m\u00e9dicaux diagnostiques au Canada\",\"potentialAction\":[{\"@type\":\"SearchAction\",\"target\":{\"@type\":\"EntryPoint\",\"urlTemplate\":\"https:\/\/sonographycanada.ca\/?s={search_term_string}\"},\"query-input\":{\"@type\":\"PropertyValueSpecification\",\"valueRequired\":true,\"valueName\":\"search_term_string\"}}],\"inLanguage\":\"fr-FR\"}]}<\/script>\n<!-- \/ Yoast SEO plugin. -->","yoast_head_json":{"title":"Revue canadienne d'\u00e9chographie m\u00e9dicale (RCEM) - \u00c9chographie Canada","robots":{"index":"index","follow":"follow","max-snippet":"max-snippet:-1","max-image-preview":"max-image-preview:large","max-video-preview":"max-video-preview:-1"},"canonical":"https:\/\/sonographycanada.ca\/fr\/a-propos\/publications\/revue-canadienne-echographie-medicale","og_locale":"fr_FR","og_type":"article","og_title":"Revue canadienne d'\u00e9chographie m\u00e9dicale (RCEM) - \u00c9chographie Canada","og_description":"La Revue canadienne d\u2019\u00e9chographie m\u00e9dicale (CJMS) est la publication officielle d\u2019\u00c9chographie Canada et est publi\u00e9 quatre fois par an. Le CJMS est disponible comme un des principaux avantages aux membres d\u2019\u00c9chographie Canada .&nbsp; Chaque num\u00e9ro comprend une combinaison d\u2019articles clinique et scientifique, \u00e9tudes de cas et de commentaires. Plusieurs des articles comprennent d\u2019un questionnaire qui, [&hellip;]","og_url":"https:\/\/sonographycanada.ca\/fr\/a-propos\/publications\/revue-canadienne-echographie-medicale","og_site_name":"\u00c9chographie Canada","article_modified_time":"2019-04-26T18:33:14+00:00","twitter_card":"summary_large_image","twitter_misc":{"Est. reading time":"1 minute"},"schema":{"@context":"https:\/\/schema.org","@graph":[{"@type":"WebPage","@id":"https:\/\/sonographycanada.ca\/fr\/a-propos\/publications\/revue-canadienne-echographie-medicale","url":"https:\/\/sonographycanada.ca\/fr\/a-propos\/publications\/revue-canadienne-echographie-medicale","name":"Revue canadienne d'\u00e9chographie m\u00e9dicale (RCEM) - \u00c9chographie Canada","isPartOf":{"@id":"https:\/\/sonographycanada.ca\/#website"},"datePublished":"2019-02-28T19:26:07+00:00","dateModified":"2019-04-26T18:33:14+00:00","breadcrumb":{"@id":"https:\/\/sonographycanada.ca\/fr\/a-propos\/publications\/revue-canadienne-echographie-medicale#breadcrumb"},"inLanguage":"fr-FR","potentialAction":[{"@type":"ReadAction","target":["https:\/\/sonographycanada.ca\/fr\/a-propos\/publications\/revue-canadienne-echographie-medicale"]}]},{"@type":"BreadcrumbList","@id":"https:\/\/sonographycanada.ca\/fr\/a-propos\/publications\/revue-canadienne-echographie-medicale#breadcrumb","itemListElement":[{"@type":"ListItem","position":1,"name":"Accueil","item":"https:\/\/sonographycanada.ca\/fr"},{"@type":"ListItem","position":2,"name":"\u00c0 propos","item":"https:\/\/sonographycanada.ca\/fr\/a-propos"},{"@type":"ListItem","position":3,"name":"Revue canadienne d\u2019\u00e9chographie m\u00e9dicale (RCEM)","item":"https:\/\/sonographycanada.ca\/fr\/a-propos\/publications"},{"@type":"ListItem","position":4,"name":"Revue canadienne d&#8217;\u00e9chographie m\u00e9dicale (RCEM)"}]},{"@type":"WebSite","@id":"https:\/\/sonographycanada.ca\/#website","url":"https:\/\/sonographycanada.ca\/","name":"\u00c9chographie Canada","description":"La voix des \u00e9chographistes m\u00e9dicaux diagnostiques au Canada","potentialAction":[{"@type":"SearchAction","target":{"@type":"EntryPoint","urlTemplate":"https:\/\/sonographycanada.ca\/?s={search_term_string}"},"query-input":{"@type":"PropertyValueSpecification","valueRequired":true,"valueName":"search_term_string"}}],"inLanguage":"fr-FR"}]}},"coauthors":[],"author_meta":{"author_link":"https:\/\/sonographycanada.ca\/fr\/author\/admin","display_name":"Kevin Andrews"},"relative_dates":{"created":"Publi\u00e9 7 years il y a","modified":"Mis \u00e0 jour 7 years il y a"},"absolute_dates":{"created":"Publi\u00e9 le f\u00e9vrier 28, 2019","modified":"Mise \u00e0 jour le avril 26, 2019"},"absolute_dates_time":{"created":"Publi\u00e9 le f\u00e9vrier 28, 2019 7:26 pm","modified":"Mise \u00e0 jour le avril 26, 2019 6:33 pm"},"featured_img_caption":"","featured_img":false,"series_order":"","_links":{"self":[{"href":"https:\/\/sonographycanada.ca\/fr\/wp-json\/wp\/v2\/pages\/484"}],"collection":[{"href":"https:\/\/sonographycanada.ca\/fr\/wp-json\/wp\/v2\/pages"}],"about":[{"href":"https:\/\/sonographycanada.ca\/fr\/wp-json\/wp\/v2\/types\/page"}],"author":[{"embeddable":true,"href":"https:\/\/sonographycanada.ca\/fr\/wp-json\/wp\/v2\/users\/1"}],"replies":[{"embeddable":true,"href":"https:\/\/sonographycanada.ca\/fr\/wp-json\/wp\/v2\/comments?post=484"}],"version-history":[{"count":3,"href":"https:\/\/sonographycanada.ca\/fr\/wp-json\/wp\/v2\/pages\/484\/revisions"}],"predecessor-version":[{"id":3046,"href":"https:\/\/sonographycanada.ca\/fr\/wp-json\/wp\/v2\/pages\/484\/revisions\/3046"}],"up":[{"embeddable":true,"href":"https:\/\/sonographycanada.ca\/fr\/wp-json\/wp\/v2\/pages\/478"}],"wp:attachment":[{"href":"https:\/\/sonographycanada.ca\/fr\/wp-json\/wp\/v2\/media?parent=484"}],"curies":[{"name":"wp","href":"https:\/\/api.w.org\/{rel}","templated":true}]}}