{"id":486,"date":"2019-02-28T19:27:17","date_gmt":"2019-02-28T19:27:17","guid":{"rendered":"http:\/\/sonographycanada.ca\/?page_id=486"},"modified":"2022-07-26T12:20:11","modified_gmt":"2022-07-26T12:20:11","slug":"prix-et-bourses","status":"publish","type":"page","link":"https:\/\/sonographycanada.ca\/fr\/adhesion\/prix-et-bourses","title":{"rendered":"Prix et bourses"},"content":{"rendered":"<p>Le programme de prix et bourses d&#8217;\u00c9chographie Canada reconna\u00eet et c\u00e9l\u00e8bre les individus dont les contributions ont eu un impact significatif sur la profession ou l\u2019association. \u00c0 chaque ann\u00e9e, les membres peuvent postuler pour recevoir une bourse ou soumettre la candidature d&#8217;un de leurs paires, mentors ou coll\u00e8gues afin de souligner leurs r\u00e9alisations exceptionnelles dans le milieu de l&#8217;\u00e9chographie m\u00e9dicale diagnostique au Canada.<\/p><p>Nos prix reconnaissent les diff\u00e9rents r\u00f4les et r\u00e9alisations des \u00e9chographistes au cours de leur carri\u00e8re, d&#8217;abord comme \u00e9tudiants, puis ensuite comme mentors, \u00e9ducateurs ou coll\u00e8gues. Vous pouvez en apprendre davantage sur chaque prix en cliquant sur le lien correspondant \u00e0 celui qui vous int\u00e9resse.<\/p><p>Nous avons mis \u00e0 jour le processus de mise en candidature:  <\/p><ul class=\"wp-block-list\"><li><strong>d\u00e9cembre <\/strong>:  Ouverture de la p\u00e9riode des mises en candidature.<\/li><li><strong>le 15 avril :<\/strong>&nbsp;Date limite pour soumettre les candidatures.<\/li><li><strong>le 27 mai :<\/strong>&nbsp;Le Comit\u00e9 des prix et bourses \u00e9value les candidatures et s\u00e9lectionne les laur\u00e9ats.<\/li><li><strong>mai\/juin : <\/strong>\u00c9chographie Canada communique avec les laur\u00e9ats et annonce les gagnants.<\/li><li><strong>septembre\/octobre :<\/strong> \u00c9chographie Canada pr\u00e9sente les prix lors de la conf\u00e9rence annuelle.<\/li><\/ul><p>Nous suivons le m\u00eame calendrier chaque ann\u00e9e afin de maintenir la coh\u00e9rence pour nos membres. Nous avons ajout\u00e9 deux semaines \u00e0 la p\u00e9riode de mise en candidature, accorder ainsi plus de temps pour proposer le(s) nom(s) de candidat(e)s m\u00e9ritant(e)s.<\/p><p>De plus, nous avons cr\u00e9\u00e9 un nouveau formulaire en ligne et un portail de soumission. Vous pouvez vous familiariser avec les crit\u00e8res d&#8217;admissibilit\u00e9, d&#8217;\u00e9valuation et de s\u00e9lection, ainsi que le processus de mise en candidature pour chaque prix en cliquant sur le prix en question ci-dessous. <\/p><p>Nous nous r\u00e9jouissons de recevoir vos demandes chaque ann\u00e9e et souhaitons encourager les membres \u00e0 explorer les possibilit\u00e9s offertes par les prix.  Les demandes de renseignements et les questions concernant les prix peuvent \u00eatre envoy\u00e9es par courriel \u00e0 <a href=\"mailto:awards@sonographycanada.ca\">awards@sonographycanada.ca<\/a>. <\/p><h2 class=\"wp-block-heading\"><strong>Liste des prix et bourses<\/strong><\/h2><p><strong><a rel=\"noreferrer noopener\" href=\"https:\/\/sonographycanada.ca\/fr\/prix-de-la-reussite-dune-etudiante\" target=\"_blank\">Prix de la r\u00e9ussite d\u2019un(e) \u00e9tudiant(e)<\/a><\/strong> <br><br><strong><a rel=\"noreferrer noopener\" href=\"https:\/\/sonographycanada.ca\/fr\/prix-de-reussite-professionnelle-precoce\" target=\"_blank\">Prix de r\u00e9ussite professionnelle pr\u00e9coce<\/a><\/strong><br><br><strong><a rel=\"noreferrer noopener\" href=\"https:\/\/sonographycanada.ca\/fr\/prix-fellowship\" target=\"_blank\">Prix fellowship<\/a><\/strong> <br><br><strong><a rel=\"noreferrer noopener\" aria-label=\"Prix pour un article ou \u00e9tude de cas exceptionnel\n (opens in a new tab)\" href=\"https:\/\/sonographycanada.ca\/fr\/a-propos\/article-ou-detude-de-cas-exceptionnel\" target=\"_blank\">Prix pour un article ou une \u00e9tude de cas exceptionnel(le)<\/a><\/strong><br><a rel=\"noreferrer noopener\" aria-label=\"Prix pour un article ou \u00e9tude de cas exceptionnel\n (opens in a new tab)\" href=\"https:\/\/sonographycanada.ca\/fr\/a-propos\/article-ou-detude-de-cas-exceptionnel\" target=\"_blank\"><br><\/a><strong><a rel=\"noreferrer noopener\" aria-label=\"Prix pour le mentorat exceptionnel (opens in a new tab)\" href=\"https:\/\/sonographycanada.ca\/fr\/a-propos\/prix-%e2%80%8b%e2%80%8bde-mentorat-exceptionnel\" target=\"_blank\">Prix pour le mentorat exceptionnel<\/a><\/strong><br><br><strong><a href=\"https:\/\/sonographycanada.ca\/fr\/a-propos\/prix-et-bourses\/prix-pour-un-article-exceptionnel-publie-dans-la-revue-canadienne-dechographie-medicale\">Prix pour une soumission exceptionnelle \u00e0 la Revue<\/a><\/strong><br><br><strong><a rel=\"noreferrer noopener\" aria-label=\"Bourse d\u2019\u00e9tude comm\u00e9morative Peter McLardie (opens in a new tab)\" href=\"https:\/\/sonographycanada.ca\/fr\/a-propos\/prix-et-bourses\/bourses-detudes-et-dechographistes-commemoratives-peter-mclardie\" target=\"_blank\">Bourses d\u2019\u00e9tude comm\u00e9moratives Peter McLardie<\/a><\/strong><br><br><strong><a href=\"https:\/\/sonographycanada.ca\/fr\/prix-ensemble-des-realisations\">NOUVEAU! Prix pour l&#8217;ensemble des r\u00e9alisations<\/a><\/strong><\/p><p><\/p><h2 class=\"wp-block-heading\">Laur\u00e9ats des prix<\/h2><ul class=\"wp-block-list\"><li><a href=\"https:\/\/sonographycanada.ca\/app\/uploads\/2022\/07\/2022-Sonography-Canada-Awards-Booklet.pdf\">Laur\u00e9ats de 2022<\/a><\/li><li><a href=\"https:\/\/sonographycanada.ca\/fr\/laureats-de-2021\">Laur\u00e9ats de 2021<\/a> <\/li><li><a href=\"https:\/\/sonographycanada.ca\/fr\/a-propos\/prix-et-bourses\/laureats-de-2020\">Laur\u00e9ats de 2020<\/a> <\/li><li><a href=\"https:\/\/sonographycanada.ca\/app\/uploads\/2019\/11\/Award-Winners_2014-2018.pdf\">Laur\u00e9ats des ann\u00e9es 2014 \u00e0 2018<\/a><\/li><\/ul><p><em>Page r\u00e9vis\u00e9e le 20 janvier 2022<\/em><\/p>","protected":false},"excerpt":{"rendered":"<p>Le programme de prix et bourses d&#8217;\u00c9chographie Canada reconna\u00eet et c\u00e9l\u00e8bre les individus dont les contributions ont eu un impact significatif sur la profession ou l\u2019association. \u00c0 chaque ann\u00e9e, les membres peuvent postuler pour recevoir une bourse ou soumettre la candidature d&#8217;un de leurs paires, mentors ou coll\u00e8gues afin de souligner leurs r\u00e9alisations exceptionnelles dans [&hellip;]<\/p>\n","protected":false},"author":1,"featured_media":145667,"parent":516,"menu_order":1070,"comment_status":"closed","ping_status":"closed","template":"","meta":{"_acf_changed":false,"advgb_blocks_editor_width":"","advgb_blocks_columns_visual_guide":"","wicket_organization":"","_seat_count":"","_member_id":[],"_edit_last":"1307","_start_date":"","_end_date":"","footnotes":""},"class_list":["post-486","page","type-page","status-publish","has-post-thumbnail","hentry"],"acf":[],"yoast_head":"<!-- This site is optimized with the Yoast SEO plugin v23.5 - https:\/\/yoast.com\/wordpress\/plugins\/seo\/ -->\n<title>Prix et bourses - \u00c9chographie Canada<\/title>\n<meta name=\"robots\" content=\"index, follow, max-snippet:-1, max-image-preview:large, max-video-preview:-1\" \/>\n<link rel=\"canonical\" href=\"https:\/\/sonographycanada.ca\/fr\/adhesion\/prix-et-bourses\" \/>\n<meta property=\"og:locale\" content=\"fr_FR\" \/>\n<meta property=\"og:type\" content=\"article\" \/>\n<meta property=\"og:title\" content=\"Prix et bourses - \u00c9chographie Canada\" \/>\n<meta property=\"og:description\" content=\"Le programme de prix et bourses d&#8217;\u00c9chographie Canada reconna\u00eet et c\u00e9l\u00e8bre les individus dont les contributions ont eu un impact significatif sur la profession ou l\u2019association. \u00c0 chaque ann\u00e9e, les membres peuvent postuler pour recevoir une bourse ou soumettre la candidature d&#8217;un de leurs paires, mentors ou coll\u00e8gues afin de souligner leurs r\u00e9alisations exceptionnelles dans [&hellip;]\" \/>\n<meta property=\"og:url\" content=\"https:\/\/sonographycanada.ca\/fr\/adhesion\/prix-et-bourses\" \/>\n<meta property=\"og:site_name\" content=\"\u00c9chographie Canada\" \/>\n<meta property=\"article:modified_time\" content=\"2022-07-26T12:20:11+00:00\" \/>\n<meta property=\"og:image\" content=\"https:\/\/sonographycanada.ca\/app\/uploads\/2022\/01\/Prix-2022-Appel-de-candidatures-website.png\" \/>\n\t<meta property=\"og:image:width\" content=\"390\" \/>\n\t<meta property=\"og:image:height\" content=\"172\" \/>\n\t<meta property=\"og:image:type\" content=\"image\/png\" \/>\n<meta name=\"twitter:card\" content=\"summary_large_image\" \/>\n<meta name=\"twitter:label1\" content=\"Est. reading time\" \/>\n\t<meta name=\"twitter:data1\" content=\"2 minutes\" \/>\n<script type=\"application\/ld+json\" class=\"yoast-schema-graph\">{\"@context\":\"https:\/\/schema.org\",\"@graph\":[{\"@type\":\"WebPage\",\"@id\":\"https:\/\/sonographycanada.ca\/fr\/adhesion\/prix-et-bourses\",\"url\":\"https:\/\/sonographycanada.ca\/fr\/adhesion\/prix-et-bourses\",\"name\":\"Prix et bourses - \u00c9chographie Canada\",\"isPartOf\":{\"@id\":\"https:\/\/sonographycanada.ca\/#website\"},\"primaryImageOfPage\":{\"@id\":\"https:\/\/sonographycanada.ca\/fr\/adhesion\/prix-et-bourses#primaryimage\"},\"image\":{\"@id\":\"https:\/\/sonographycanada.ca\/fr\/adhesion\/prix-et-bourses#primaryimage\"},\"thumbnailUrl\":\"https:\/\/sonographycanada.ca\/app\/uploads\/2022\/01\/Prix-2022-Appel-de-candidatures-website.png\",\"datePublished\":\"2019-02-28T19:27:17+00:00\",\"dateModified\":\"2022-07-26T12:20:11+00:00\",\"breadcrumb\":{\"@id\":\"https:\/\/sonographycanada.ca\/fr\/adhesion\/prix-et-bourses#breadcrumb\"},\"inLanguage\":\"fr-FR\",\"potentialAction\":[{\"@type\":\"ReadAction\",\"target\":[\"https:\/\/sonographycanada.ca\/fr\/adhesion\/prix-et-bourses\"]}]},{\"@type\":\"ImageObject\",\"inLanguage\":\"fr-FR\",\"@id\":\"https:\/\/sonographycanada.ca\/fr\/adhesion\/prix-et-bourses#primaryimage\",\"url\":\"https:\/\/sonographycanada.ca\/app\/uploads\/2022\/01\/Prix-2022-Appel-de-candidatures-website.png\",\"contentUrl\":\"https:\/\/sonographycanada.ca\/app\/uploads\/2022\/01\/Prix-2022-Appel-de-candidatures-website.png\",\"width\":390,\"height\":172},{\"@type\":\"BreadcrumbList\",\"@id\":\"https:\/\/sonographycanada.ca\/fr\/adhesion\/prix-et-bourses#breadcrumb\",\"itemListElement\":[{\"@type\":\"ListItem\",\"position\":1,\"name\":\"Accueil\",\"item\":\"https:\/\/sonographycanada.ca\/fr\"},{\"@type\":\"ListItem\",\"position\":2,\"name\":\"Adh\u00e9sion\",\"item\":\"https:\/\/sonographycanada.ca\/fr\/adhesion\"},{\"@type\":\"ListItem\",\"position\":3,\"name\":\"Prix et bourses\"}]},{\"@type\":\"WebSite\",\"@id\":\"https:\/\/sonographycanada.ca\/#website\",\"url\":\"https:\/\/sonographycanada.ca\/\",\"name\":\"\u00c9chographie Canada\",\"description\":\"La voix des \u00e9chographistes m\u00e9dicaux diagnostiques au Canada\",\"potentialAction\":[{\"@type\":\"SearchAction\",\"target\":{\"@type\":\"EntryPoint\",\"urlTemplate\":\"https:\/\/sonographycanada.ca\/?s={search_term_string}\"},\"query-input\":{\"@type\":\"PropertyValueSpecification\",\"valueRequired\":true,\"valueName\":\"search_term_string\"}}],\"inLanguage\":\"fr-FR\"}]}<\/script>\n<!-- \/ Yoast SEO plugin. -->","yoast_head_json":{"title":"Prix et bourses - \u00c9chographie Canada","robots":{"index":"index","follow":"follow","max-snippet":"max-snippet:-1","max-image-preview":"max-image-preview:large","max-video-preview":"max-video-preview:-1"},"canonical":"https:\/\/sonographycanada.ca\/fr\/adhesion\/prix-et-bourses","og_locale":"fr_FR","og_type":"article","og_title":"Prix et bourses - \u00c9chographie Canada","og_description":"Le programme de prix et bourses d&#8217;\u00c9chographie Canada reconna\u00eet et c\u00e9l\u00e8bre les individus dont les contributions ont eu un impact significatif sur la profession ou l\u2019association. \u00c0 chaque ann\u00e9e, les membres peuvent postuler pour recevoir une bourse ou soumettre la candidature d&#8217;un de leurs paires, mentors ou coll\u00e8gues afin de souligner leurs r\u00e9alisations exceptionnelles dans [&hellip;]","og_url":"https:\/\/sonographycanada.ca\/fr\/adhesion\/prix-et-bourses","og_site_name":"\u00c9chographie Canada","article_modified_time":"2022-07-26T12:20:11+00:00","og_image":[{"width":390,"height":172,"url":"https:\/\/sonographycanada.ca\/app\/uploads\/2022\/01\/Prix-2022-Appel-de-candidatures-website.png","type":"image\/png"}],"twitter_card":"summary_large_image","twitter_misc":{"Est. reading time":"2 minutes"},"schema":{"@context":"https:\/\/schema.org","@graph":[{"@type":"WebPage","@id":"https:\/\/sonographycanada.ca\/fr\/adhesion\/prix-et-bourses","url":"https:\/\/sonographycanada.ca\/fr\/adhesion\/prix-et-bourses","name":"Prix et bourses - \u00c9chographie Canada","isPartOf":{"@id":"https:\/\/sonographycanada.ca\/#website"},"primaryImageOfPage":{"@id":"https:\/\/sonographycanada.ca\/fr\/adhesion\/prix-et-bourses#primaryimage"},"image":{"@id":"https:\/\/sonographycanada.ca\/fr\/adhesion\/prix-et-bourses#primaryimage"},"thumbnailUrl":"https:\/\/sonographycanada.ca\/app\/uploads\/2022\/01\/Prix-2022-Appel-de-candidatures-website.png","datePublished":"2019-02-28T19:27:17+00:00","dateModified":"2022-07-26T12:20:11+00:00","breadcrumb":{"@id":"https:\/\/sonographycanada.ca\/fr\/adhesion\/prix-et-bourses#breadcrumb"},"inLanguage":"fr-FR","potentialAction":[{"@type":"ReadAction","target":["https:\/\/sonographycanada.ca\/fr\/adhesion\/prix-et-bourses"]}]},{"@type":"ImageObject","inLanguage":"fr-FR","@id":"https:\/\/sonographycanada.ca\/fr\/adhesion\/prix-et-bourses#primaryimage","url":"https:\/\/sonographycanada.ca\/app\/uploads\/2022\/01\/Prix-2022-Appel-de-candidatures-website.png","contentUrl":"https:\/\/sonographycanada.ca\/app\/uploads\/2022\/01\/Prix-2022-Appel-de-candidatures-website.png","width":390,"height":172},{"@type":"BreadcrumbList","@id":"https:\/\/sonographycanada.ca\/fr\/adhesion\/prix-et-bourses#breadcrumb","itemListElement":[{"@type":"ListItem","position":1,"name":"Accueil","item":"https:\/\/sonographycanada.ca\/fr"},{"@type":"ListItem","position":2,"name":"Adh\u00e9sion","item":"https:\/\/sonographycanada.ca\/fr\/adhesion"},{"@type":"ListItem","position":3,"name":"Prix et bourses"}]},{"@type":"WebSite","@id":"https:\/\/sonographycanada.ca\/#website","url":"https:\/\/sonographycanada.ca\/","name":"\u00c9chographie Canada","description":"La voix des \u00e9chographistes m\u00e9dicaux diagnostiques au Canada","potentialAction":[{"@type":"SearchAction","target":{"@type":"EntryPoint","urlTemplate":"https:\/\/sonographycanada.ca\/?s={search_term_string}"},"query-input":{"@type":"PropertyValueSpecification","valueRequired":true,"valueName":"search_term_string"}}],"inLanguage":"fr-FR"}]}},"coauthors":[],"author_meta":{"author_link":"https:\/\/sonographycanada.ca\/fr\/author\/admin","display_name":"Kevin Andrews"},"relative_dates":{"created":"Publi\u00e9 7 years il y a","modified":"Mis \u00e0 jour 4 years il y a"},"absolute_dates":{"created":"Publi\u00e9 le f\u00e9vrier 28, 2019","modified":"Mise \u00e0 jour le juillet 26, 2022"},"absolute_dates_time":{"created":"Publi\u00e9 le f\u00e9vrier 28, 2019 7:27 pm","modified":"Mise \u00e0 jour le juillet 26, 2022 12:20 pm"},"featured_img_caption":"","featured_img":"https:\/\/sonographycanada.ca\/app\/uploads\/2022\/01\/Prix-2022-Appel-de-candidatures-website.png","series_order":"","_links":{"self":[{"href":"https:\/\/sonographycanada.ca\/fr\/wp-json\/wp\/v2\/pages\/486"}],"collection":[{"href":"https:\/\/sonographycanada.ca\/fr\/wp-json\/wp\/v2\/pages"}],"about":[{"href":"https:\/\/sonographycanada.ca\/fr\/wp-json\/wp\/v2\/types\/page"}],"author":[{"embeddable":true,"href":"https:\/\/sonographycanada.ca\/fr\/wp-json\/wp\/v2\/users\/1"}],"replies":[{"embeddable":true,"href":"https:\/\/sonographycanada.ca\/fr\/wp-json\/wp\/v2\/comments?post=486"}],"version-history":[{"count":31,"href":"https:\/\/sonographycanada.ca\/fr\/wp-json\/wp\/v2\/pages\/486\/revisions"}],"predecessor-version":[{"id":154781,"href":"https:\/\/sonographycanada.ca\/fr\/wp-json\/wp\/v2\/pages\/486\/revisions\/154781"}],"up":[{"embeddable":true,"href":"https:\/\/sonographycanada.ca\/fr\/wp-json\/wp\/v2\/pages\/516"}],"wp:featuredmedia":[{"embeddable":true,"href":"https:\/\/sonographycanada.ca\/fr\/wp-json\/wp\/v2\/media\/145667"}],"wp:attachment":[{"href":"https:\/\/sonographycanada.ca\/fr\/wp-json\/wp\/v2\/media?parent=486"}],"curies":[{"name":"wp","href":"https:\/\/api.w.org\/{rel}","templated":true}]}}