{"id":492,"date":"2019-02-28T19:30:15","date_gmt":"2019-02-28T19:30:15","guid":{"rendered":"http:\/\/sonographycanada.ca\/?page_id=492"},"modified":"2022-08-09T08:40:53","modified_gmt":"2022-08-09T08:40:53","slug":"societes-provinciales","status":"publish","type":"page","link":"https:\/\/sonographycanada.ca\/fr\/concernant-echographie\/societes-provinciales","title":{"rendered":"Soci\u00e9t\u00e9s provinciales"},"content":{"rendered":"<h2 class=\"wp-block-heading\">British Columbia Ultrasonographers\u2019 Society \u2013 BCUS&nbsp;<\/h2><dl>\n<dt>Pr\u00e9sident&nbsp;:<\/dt>\n<dd>Ken Szeto<\/dd>\n<dt>Directeur ex\u00e9cutif&nbsp;:<\/dt>\n<dt>&nbsp;&nbsp;&nbsp;&nbsp;&nbsp;&nbsp;&nbsp;&nbsp; Darlene Visintini<\/dt>\n<dt><\/dt>\n<dt>Web&nbsp;:<\/dt>\n<dd><a href=\"http:\/\/www.bcus.org\/\">www.bcus.org<\/a><\/dd>\n<\/dl><h2 class=\"wp-block-heading\">Saskatchewan Association of Diagnostic Medical Sonographers \u2013 SADMS<\/h2><dl>\n<dt>Pr\u00e9sident\u00a0:<\/dt>\n<dd>Shannon Hamilton-Rask<\/dd>\n<dt>Courriel\u00a0:<\/dt>\n<dd><a href=\"mailto:exec@sadms.com\">exec@sadms.com<\/a><\/dd>\n<dt>Web\u00a0:<\/dt>\n<dd><a href=\"http:\/\/www.sadms.com\/\">www.sadms.com<\/a><\/dd>\n<\/dl><h2 class=\"wp-block-heading\">Ontario Association of Medical Radiation Sciences \u2013 OAMRS&nbsp;<\/h2><dl>\n<dt>Pr\u00e9sident Directeur G\u00e9n\u00e9ral&nbsp;:<\/dt>\n<dd>Greg Toffner<\/dd>\n<dt>Courriel&nbsp;:<\/dt>\n<dd><a href=\"mailto:toffnerg@oamrs.org\">toffnerg@oamrs.org<br><\/a><\/dd>\n<dt>Web&nbsp;:<\/dt>\n<dd><a href=\"http:\/\/www.oamrs.org\/\">www.oamrs.org<\/a><\/dd>\n<\/dl><h2 class=\"wp-block-heading\">New Brunswick Society of Diagnostic Medical Sonographers &#8211; NBSDMS<\/h2><dl>\n<dt>Pr\u00e9sident&nbsp;:<\/dt>\n<dd>Lise Melanson<\/dd>\n<dt>Courriel&nbsp;:<\/dt>\n<dd><a href=\"mailto:Lisemelanson03@live.com\">lisemelanson03@live.com<\/a><\/dd>\n<\/dl><h2 class=\"wp-block-heading\">Newfoundland and Labrador Society of Diagnostic Medical Sonographers \u2013 NLSDMS&nbsp;<\/h2><dl>\n<dt>Pr\u00e9sident&nbsp;:<\/dt>\n<dd>Victor Lee<\/dd>\n<dt>Courriel&nbsp;:<\/dt>\n<dd><a href=\"mailto:victorlee.csdms@gmail.com\">victorlee.csdms@gmail.com<\/a><\/dd>\n<\/dl><h2 class=\"wp-block-heading\">Nova Scotia Society of Diagnostic Medical Sonographers \u2013 NSSDMS&nbsp;<\/h2><dl>\n<dt>Pr\u00e9sident&nbsp;:<\/dt>\n<dd>Jennifer Kressebuch<\/dd>\n<dt>Courriel&nbsp;:<\/dt>\n<dd><a href=\"mailto:info@nscmirtp.ca\">info@nscmirtp.ca<\/a><\/dd>\n<dt>Web&nbsp;:<\/dt>\n<dd><a href=\"https:\/\/nscmirtp.ca\/\">www.nscmirtp.ca<\/a>&nbsp;<\/dd>\n<\/dl>","protected":false},"excerpt":{"rendered":"<p>British Columbia Ultrasonographers\u2019 Society \u2013 BCUS&nbsp; Pr\u00e9sident&nbsp;: Ken Szeto Directeur ex\u00e9cutif&nbsp;: &nbsp;&nbsp;&nbsp;&nbsp;&nbsp;&nbsp;&nbsp;&nbsp; Darlene Visintini Web&nbsp;: www.bcus.org Saskatchewan Association of Diagnostic Medical Sonographers \u2013 SADMS Pr\u00e9sident\u00a0: Shannon Hamilton-Rask Courriel\u00a0: exec@sadms.com Web\u00a0: www.sadms.com Ontario Association of Medical Radiation Sciences \u2013 OAMRS&nbsp; Pr\u00e9sident Directeur G\u00e9n\u00e9ral&nbsp;: Greg Toffner Courriel&nbsp;: toffnerg@oamrs.org Web&nbsp;: www.oamrs.org New Brunswick Society of Diagnostic Medical Sonographers [&hellip;]<\/p>\n","protected":false},"author":1,"featured_media":0,"parent":498,"menu_order":1100,"comment_status":"closed","ping_status":"closed","template":"","meta":{"_acf_changed":false,"advgb_blocks_editor_width":"","advgb_blocks_columns_visual_guide":"","wicket_organization":"","_seat_count":"","_member_id":[],"_edit_last":"6292","_start_date":"","_end_date":"","footnotes":""},"class_list":["post-492","page","type-page","status-publish","hentry"],"acf":[],"yoast_head":"<!-- This site is optimized with the Yoast SEO plugin v23.5 - https:\/\/yoast.com\/wordpress\/plugins\/seo\/ -->\n<title>Soci\u00e9t\u00e9s provinciales - \u00c9chographie Canada<\/title>\n<meta name=\"robots\" content=\"index, follow, max-snippet:-1, max-image-preview:large, max-video-preview:-1\" \/>\n<link rel=\"canonical\" href=\"https:\/\/sonographycanada.ca\/fr\/concernant-echographie\/societes-provinciales\" \/>\n<meta property=\"og:locale\" content=\"fr_FR\" \/>\n<meta property=\"og:type\" content=\"article\" \/>\n<meta property=\"og:title\" content=\"Soci\u00e9t\u00e9s provinciales - \u00c9chographie Canada\" \/>\n<meta property=\"og:description\" content=\"British Columbia Ultrasonographers\u2019 Society \u2013 BCUS&nbsp; Pr\u00e9sident&nbsp;: Ken Szeto Directeur ex\u00e9cutif&nbsp;: &nbsp;&nbsp;&nbsp;&nbsp;&nbsp;&nbsp;&nbsp;&nbsp; Darlene Visintini Web&nbsp;: www.bcus.org Saskatchewan Association of Diagnostic Medical Sonographers \u2013 SADMS Pr\u00e9sident\u00a0: Shannon Hamilton-Rask Courriel\u00a0: exec@sadms.com Web\u00a0: www.sadms.com Ontario Association of Medical Radiation Sciences \u2013 OAMRS&nbsp; Pr\u00e9sident Directeur G\u00e9n\u00e9ral&nbsp;: Greg Toffner Courriel&nbsp;: toffnerg@oamrs.org Web&nbsp;: www.oamrs.org New Brunswick Society of Diagnostic Medical Sonographers [&hellip;]\" \/>\n<meta property=\"og:url\" content=\"https:\/\/sonographycanada.ca\/fr\/concernant-echographie\/societes-provinciales\" \/>\n<meta property=\"og:site_name\" content=\"\u00c9chographie Canada\" \/>\n<meta property=\"article:modified_time\" content=\"2022-08-09T08:40:53+00:00\" \/>\n<meta name=\"twitter:card\" content=\"summary_large_image\" \/>\n<meta name=\"twitter:label1\" content=\"Est. reading time\" \/>\n\t<meta name=\"twitter:data1\" content=\"1 minute\" \/>\n<script type=\"application\/ld+json\" class=\"yoast-schema-graph\">{\"@context\":\"https:\/\/schema.org\",\"@graph\":[{\"@type\":\"WebPage\",\"@id\":\"https:\/\/sonographycanada.ca\/fr\/concernant-echographie\/societes-provinciales\",\"url\":\"https:\/\/sonographycanada.ca\/fr\/concernant-echographie\/societes-provinciales\",\"name\":\"Soci\u00e9t\u00e9s provinciales - \u00c9chographie Canada\",\"isPartOf\":{\"@id\":\"https:\/\/sonographycanada.ca\/#website\"},\"datePublished\":\"2019-02-28T19:30:15+00:00\",\"dateModified\":\"2022-08-09T08:40:53+00:00\",\"breadcrumb\":{\"@id\":\"https:\/\/sonographycanada.ca\/fr\/concernant-echographie\/societes-provinciales#breadcrumb\"},\"inLanguage\":\"fr-FR\",\"potentialAction\":[{\"@type\":\"ReadAction\",\"target\":[\"https:\/\/sonographycanada.ca\/fr\/concernant-echographie\/societes-provinciales\"]}]},{\"@type\":\"BreadcrumbList\",\"@id\":\"https:\/\/sonographycanada.ca\/fr\/concernant-echographie\/societes-provinciales#breadcrumb\",\"itemListElement\":[{\"@type\":\"ListItem\",\"position\":1,\"name\":\"Accueil\",\"item\":\"https:\/\/sonographycanada.ca\/fr\"},{\"@type\":\"ListItem\",\"position\":2,\"name\":\"Concernant l&#8217;\u00e9chographie\",\"item\":\"https:\/\/sonographycanada.ca\/fr\/concernant-echographie\"},{\"@type\":\"ListItem\",\"position\":3,\"name\":\"Soci\u00e9t\u00e9s provinciales\"}]},{\"@type\":\"WebSite\",\"@id\":\"https:\/\/sonographycanada.ca\/#website\",\"url\":\"https:\/\/sonographycanada.ca\/\",\"name\":\"\u00c9chographie Canada\",\"description\":\"La voix des \u00e9chographistes m\u00e9dicaux diagnostiques au Canada\",\"potentialAction\":[{\"@type\":\"SearchAction\",\"target\":{\"@type\":\"EntryPoint\",\"urlTemplate\":\"https:\/\/sonographycanada.ca\/?s={search_term_string}\"},\"query-input\":{\"@type\":\"PropertyValueSpecification\",\"valueRequired\":true,\"valueName\":\"search_term_string\"}}],\"inLanguage\":\"fr-FR\"}]}<\/script>\n<!-- \/ Yoast SEO plugin. -->","yoast_head_json":{"title":"Soci\u00e9t\u00e9s provinciales - \u00c9chographie Canada","robots":{"index":"index","follow":"follow","max-snippet":"max-snippet:-1","max-image-preview":"max-image-preview:large","max-video-preview":"max-video-preview:-1"},"canonical":"https:\/\/sonographycanada.ca\/fr\/concernant-echographie\/societes-provinciales","og_locale":"fr_FR","og_type":"article","og_title":"Soci\u00e9t\u00e9s provinciales - \u00c9chographie Canada","og_description":"British Columbia Ultrasonographers\u2019 Society \u2013 BCUS&nbsp; Pr\u00e9sident&nbsp;: Ken Szeto Directeur ex\u00e9cutif&nbsp;: &nbsp;&nbsp;&nbsp;&nbsp;&nbsp;&nbsp;&nbsp;&nbsp; Darlene Visintini Web&nbsp;: www.bcus.org Saskatchewan Association of Diagnostic Medical Sonographers \u2013 SADMS Pr\u00e9sident\u00a0: Shannon Hamilton-Rask Courriel\u00a0: exec@sadms.com Web\u00a0: www.sadms.com Ontario Association of Medical Radiation Sciences \u2013 OAMRS&nbsp; Pr\u00e9sident Directeur G\u00e9n\u00e9ral&nbsp;: Greg Toffner Courriel&nbsp;: toffnerg@oamrs.org Web&nbsp;: www.oamrs.org New Brunswick Society of Diagnostic Medical Sonographers [&hellip;]","og_url":"https:\/\/sonographycanada.ca\/fr\/concernant-echographie\/societes-provinciales","og_site_name":"\u00c9chographie Canada","article_modified_time":"2022-08-09T08:40:53+00:00","twitter_card":"summary_large_image","twitter_misc":{"Est. reading time":"1 minute"},"schema":{"@context":"https:\/\/schema.org","@graph":[{"@type":"WebPage","@id":"https:\/\/sonographycanada.ca\/fr\/concernant-echographie\/societes-provinciales","url":"https:\/\/sonographycanada.ca\/fr\/concernant-echographie\/societes-provinciales","name":"Soci\u00e9t\u00e9s provinciales - \u00c9chographie Canada","isPartOf":{"@id":"https:\/\/sonographycanada.ca\/#website"},"datePublished":"2019-02-28T19:30:15+00:00","dateModified":"2022-08-09T08:40:53+00:00","breadcrumb":{"@id":"https:\/\/sonographycanada.ca\/fr\/concernant-echographie\/societes-provinciales#breadcrumb"},"inLanguage":"fr-FR","potentialAction":[{"@type":"ReadAction","target":["https:\/\/sonographycanada.ca\/fr\/concernant-echographie\/societes-provinciales"]}]},{"@type":"BreadcrumbList","@id":"https:\/\/sonographycanada.ca\/fr\/concernant-echographie\/societes-provinciales#breadcrumb","itemListElement":[{"@type":"ListItem","position":1,"name":"Accueil","item":"https:\/\/sonographycanada.ca\/fr"},{"@type":"ListItem","position":2,"name":"Concernant l&#8217;\u00e9chographie","item":"https:\/\/sonographycanada.ca\/fr\/concernant-echographie"},{"@type":"ListItem","position":3,"name":"Soci\u00e9t\u00e9s provinciales"}]},{"@type":"WebSite","@id":"https:\/\/sonographycanada.ca\/#website","url":"https:\/\/sonographycanada.ca\/","name":"\u00c9chographie Canada","description":"La voix des \u00e9chographistes m\u00e9dicaux diagnostiques au Canada","potentialAction":[{"@type":"SearchAction","target":{"@type":"EntryPoint","urlTemplate":"https:\/\/sonographycanada.ca\/?s={search_term_string}"},"query-input":{"@type":"PropertyValueSpecification","valueRequired":true,"valueName":"search_term_string"}}],"inLanguage":"fr-FR"}]}},"coauthors":[],"author_meta":{"author_link":"https:\/\/sonographycanada.ca\/fr\/author\/admin","display_name":"Kevin Andrews"},"relative_dates":{"created":"Publi\u00e9 7 years il y a","modified":"Mis \u00e0 jour 4 years il y a"},"absolute_dates":{"created":"Publi\u00e9 le f\u00e9vrier 28, 2019","modified":"Mise \u00e0 jour le ao\u00fbt 9, 2022"},"absolute_dates_time":{"created":"Publi\u00e9 le f\u00e9vrier 28, 2019 7:30 pm","modified":"Mise \u00e0 jour le ao\u00fbt 9, 2022 8:40 am"},"featured_img_caption":"","featured_img":false,"series_order":"","_links":{"self":[{"href":"https:\/\/sonographycanada.ca\/fr\/wp-json\/wp\/v2\/pages\/492"}],"collection":[{"href":"https:\/\/sonographycanada.ca\/fr\/wp-json\/wp\/v2\/pages"}],"about":[{"href":"https:\/\/sonographycanada.ca\/fr\/wp-json\/wp\/v2\/types\/page"}],"author":[{"embeddable":true,"href":"https:\/\/sonographycanada.ca\/fr\/wp-json\/wp\/v2\/users\/1"}],"replies":[{"embeddable":true,"href":"https:\/\/sonographycanada.ca\/fr\/wp-json\/wp\/v2\/comments?post=492"}],"version-history":[{"count":7,"href":"https:\/\/sonographycanada.ca\/fr\/wp-json\/wp\/v2\/pages\/492\/revisions"}],"predecessor-version":[{"id":155017,"href":"https:\/\/sonographycanada.ca\/fr\/wp-json\/wp\/v2\/pages\/492\/revisions\/155017"}],"up":[{"embeddable":true,"href":"https:\/\/sonographycanada.ca\/fr\/wp-json\/wp\/v2\/pages\/498"}],"wp:attachment":[{"href":"https:\/\/sonographycanada.ca\/fr\/wp-json\/wp\/v2\/media?parent=492"}],"curies":[{"name":"wp","href":"https:\/\/api.w.org\/{rel}","templated":true}]}}