{"id":49947,"date":"2020-04-22T16:13:01","date_gmt":"2020-04-22T16:13:01","guid":{"rendered":"https:\/\/sonographycanada.ca\/ressources\/covid-19-statements-resources-and-information-for-diagnostic-medical-sonographers-in-canada"},"modified":"2021-04-30T15:31:22","modified_gmt":"2021-04-30T15:31:22","slug":"covid-19-declarations-ressources-et-renseignements-a-lintention-des-echographistes-medicaux-diagnostiques-au-canada","status":"publish","type":"page","link":"https:\/\/sonographycanada.ca\/fr\/ressources\/covid-19-declarations-ressources-et-renseignements-a-lintention-des-echographistes-medicaux-diagnostiques-au-canada","title":{"rendered":"COVID-19 : D\u00e9clarations, ressources et renseignements \u00e0 l\u2019intention des \u00e9chographistes m\u00e9dicaux diagnostiques au Canada"},"content":{"rendered":"<p>  Les \u00e9chographistes m\u00e9dicaux diagnostiques jouent un r\u00f4le important au sein de l\u2019\u00e9quipe des soins de la sant\u00e9 au Canada. Nous reconnaissons le besoin de poursuivre les op\u00e9rations habituelles et de fournir les traitements m\u00e9dicaux diagnostiques dont les Canadiens ont besoin. Cette page a \u00e9t\u00e9 cr\u00e9\u00e9e afin d\u2019offrir aux \u00e9chographistes les renseignements pertinents et utiles qui leur permettront de se prot\u00e9ger et d\u2019aider \u00e0 lutter contre la propagation du COVID-19. <\/p><h3 class=\"wp-block-heading\"><a href=\"https:\/\/sonographycanada.ca\/fr\/ressources\/covid-19-declarations-ressources-et-renseignements-a-lintention-des-echographistes-medicaux-diagnostiques-au-canada\/covid-19-les-operations-dechographie-canada\">Les op\u00e9rations d\u2019\u00c9chographie Canada<\/a><\/h3><h3 class=\"wp-block-heading\">D\u00e9clarations<\/h3><ul class=\"wp-block-list\"><li><a href=\"https:\/\/sonographycanada.ca\/fr\/declaration-dechographie-canada-les-echographistes-et-le-covid-19\">D\u00e9claration d\u2019\u00c9chographie Canada : Les \u00e9chographistes et le COVID-19<\/a><\/li><li><a rel=\"noreferrer noopener\" href=\"https:\/\/sonographycanada.ca\/app\/uploads\/2020\/04\/COVID-19_Position-Statement_Sonography-Canada.pdf\" target=\"_blank\">BMS Canada Risk Safety Ltd. \u2013 D\u00e9claration sur l\u2019ARP et le COVID-19<\/a><\/li><li><a href=\"https:\/\/car.ca\/wp-content\/uploads\/2020\/04\/Sonography-Canada-statement-COVID-19-CAR-Endorsement-April-8th-En.pdf\">D\u00e9claration d\u2019\u00c9chographie Canada approuv\u00e9e par l\u2019ACR<\/a><\/li><\/ul><h3 class=\"wp-block-heading\">Enqu\u00eates<\/h3><ul class=\"wp-block-list\"><li><a href=\"https:\/\/sonographycanada.ca\/app\/uploads\/2021\/04\/Member-Survey_Vaccinations-March-2021-2.pdf\">Sondage aupr\u00e8s des membres : Vaccinations contre la COVID-19 (mars 2021)<\/a> (en anglais)<\/li><\/ul><h3 class=\"wp-block-heading\"><a href=\"https:\/\/sonographycanada.ca\/fr\/ressources\/covid-19-declarations-ressources-et-renseignements-a-lintention-des-echographistes-medicaux-diagnostiques-au-canada\/directives-sur-la-securite-des-departements-dechographie-pendant-le-covid-19\">Les op\u00e9rations des d\u00e9partements d\u2019\u00e9chographie pendant le COVID-19<\/a><\/h3><ul class=\"wp-block-list\"><li>Lignes directrices\/recommandations d\u00e9partementales<\/li><li>Normes en mati\u00e8re d\u2019hygi\u00e8ne des mains et des\n\u00e9quipements de protection individuelle (EPI)<\/li><li>Pr\u00e9paration et nettoyage des salles d\u2019\u00e9chographie,\ndes \u00e9quipements et des transducteurs<\/li><\/ul><h3 class=\"wp-block-heading\"><a href=\"https:\/\/sonographycanada.ca\/fr\/ressources\/covid-19-declarations-ressources-et-renseignements-a-lintention-des-echographistes-medicaux-diagnostiques-au-canada\/lignes-directrices-et-recommandations-professionnelles\">Lignes directrices et recommandations professionnelles<\/a><\/h3><ul class=\"wp-block-list\"><li>Sant\u00e9 Canada<\/li><li>Organisation mondiale de la Sant\u00e9<\/li><li>Centre de pr\u00e9vention et de contr\u00f4le des maladies infectieuses<\/li><\/ul><h3 class=\"wp-block-heading\"><a href=\"https:\/\/sonographycanada.ca\/fr\/ressources\/covid-19-declarations-ressources-et-renseignements-a-lintention-des-echographistes-medicaux-diagnostiques-au-canada\/soutien-et-ressources-en-matiere-de-sante-mentale\">Soutien et ressources en mati\u00e8re de sant\u00e9 mentale<\/a><\/h3><h3 class=\"wp-block-heading\">Ressources suppl\u00e9mentaires<\/h3><ul class=\"wp-block-list\"><li><a href=\"https:\/\/www.isuog.org\/clinical-resources\/coronavirus-covid-19-resources\/webinar-series-on-covid-19.html\" target=\"_blank\" rel=\"noreferrer noopener\" aria-label=\" (opens in a new tab)\">International Society of Ultrasound in Obstetrics and Gynecology \u2013 Free Webinar Series on COVID-19<\/a> (s\u00e9rie de webinaires gratuits sur le COVID-19)<\/li><li><a href=\"https:\/\/healthcloudtrialmaster-15a4d-17117fe91a8.force.com\/matchingportal\/s\/?language=fr\" target=\"_blank\" rel=\"noreferrer noopener\" aria-label=\" (opens in a new tab)\">Le portail de jumelage des ressources humaines \u2013 Fournisseur de soins de sant\u00e9<\/a><\/li><li><a rel=\"noreferrer noopener\" href=\"https:\/\/www.publichealthontario.ca\/-\/media\/documents\/ncov\/updated-ipac-measures-covid-19.pdf?la=fr\" target=\"_blank\">Rapport technique : Recommandations en PCI concernant l\u2019utilisation d\u2019\u00e9quipements de protection individuelle pour la prise en charge des personnes dont l\u2019infection \u00e0 la COVID-19 est suspect\u00e9e ou confirm\u00e9e<\/a><\/li><\/ul>","protected":false},"excerpt":{"rendered":"<p>Les \u00e9chographistes m\u00e9dicaux diagnostiques jouent un r\u00f4le important au sein de l\u2019\u00e9quipe des soins de la sant\u00e9 au Canada. Nous reconnaissons le besoin de poursuivre les op\u00e9rations habituelles et de fournir les traitements m\u00e9dicaux diagnostiques dont les Canadiens ont besoin. Cette page a \u00e9t\u00e9 cr\u00e9\u00e9e afin d\u2019offrir aux \u00e9chographistes les renseignements pertinents et utiles qui [&hellip;]<\/p>\n","protected":false},"author":6718,"featured_media":24354,"parent":557,"menu_order":1,"comment_status":"closed","ping_status":"closed","template":"","meta":{"_acf_changed":false,"advgb_blocks_editor_width":"","advgb_blocks_columns_visual_guide":"","wicket_organization":"","_seat_count":"","_member_id":[],"_edit_last":"1307","_start_date":"","_end_date":"","footnotes":""},"class_list":["post-49947","page","type-page","status-publish","has-post-thumbnail","hentry"],"acf":[],"yoast_head":"<!-- This site is optimized with the Yoast SEO plugin v23.5 - https:\/\/yoast.com\/wordpress\/plugins\/seo\/ -->\n<title>COVID-19 : D\u00e9clarations, ressources et renseignements \u00e0 l\u2019intention des \u00e9chographistes m\u00e9dicaux diagnostiques au Canada - \u00c9chographie Canada<\/title>\n<meta name=\"robots\" content=\"index, follow, max-snippet:-1, max-image-preview:large, max-video-preview:-1\" \/>\n<link rel=\"canonical\" href=\"https:\/\/sonographycanada.ca\/fr\/ressources\/covid-19-declarations-ressources-et-renseignements-a-lintention-des-echographistes-medicaux-diagnostiques-au-canada\" \/>\n<meta property=\"og:locale\" content=\"fr_FR\" \/>\n<meta property=\"og:type\" content=\"article\" \/>\n<meta property=\"og:title\" content=\"COVID-19 : D\u00e9clarations, ressources et renseignements \u00e0 l\u2019intention des \u00e9chographistes m\u00e9dicaux diagnostiques au Canada - \u00c9chographie Canada\" \/>\n<meta property=\"og:description\" content=\"Les \u00e9chographistes m\u00e9dicaux diagnostiques jouent un r\u00f4le important au sein de l\u2019\u00e9quipe des soins de la sant\u00e9 au Canada. Nous reconnaissons le besoin de poursuivre les op\u00e9rations habituelles et de fournir les traitements m\u00e9dicaux diagnostiques dont les Canadiens ont besoin. Cette page a \u00e9t\u00e9 cr\u00e9\u00e9e afin d\u2019offrir aux \u00e9chographistes les renseignements pertinents et utiles qui [&hellip;]\" \/>\n<meta property=\"og:url\" content=\"https:\/\/sonographycanada.ca\/fr\/ressources\/covid-19-declarations-ressources-et-renseignements-a-lintention-des-echographistes-medicaux-diagnostiques-au-canada\" \/>\n<meta property=\"og:site_name\" content=\"\u00c9chographie Canada\" \/>\n<meta property=\"article:modified_time\" content=\"2021-04-30T15:31:22+00:00\" \/>\n<meta property=\"og:image\" content=\"https:\/\/sonographycanada.ca\/app\/uploads\/2020\/04\/Coronavirus-and-sonography-canada.jpg\" \/>\n\t<meta property=\"og:image:width\" content=\"390\" \/>\n\t<meta property=\"og:image:height\" content=\"172\" \/>\n\t<meta property=\"og:image:type\" content=\"image\/jpeg\" \/>\n<meta name=\"twitter:card\" content=\"summary_large_image\" \/>\n<meta name=\"twitter:label1\" content=\"Est. reading time\" \/>\n\t<meta name=\"twitter:data1\" content=\"1 minute\" \/>\n<script type=\"application\/ld+json\" class=\"yoast-schema-graph\">{\"@context\":\"https:\/\/schema.org\",\"@graph\":[{\"@type\":\"WebPage\",\"@id\":\"https:\/\/sonographycanada.ca\/fr\/ressources\/covid-19-declarations-ressources-et-renseignements-a-lintention-des-echographistes-medicaux-diagnostiques-au-canada\",\"url\":\"https:\/\/sonographycanada.ca\/fr\/ressources\/covid-19-declarations-ressources-et-renseignements-a-lintention-des-echographistes-medicaux-diagnostiques-au-canada\",\"name\":\"COVID-19 : D\u00e9clarations, ressources et renseignements \u00e0 l\u2019intention des \u00e9chographistes m\u00e9dicaux diagnostiques au Canada - \u00c9chographie Canada\",\"isPartOf\":{\"@id\":\"https:\/\/sonographycanada.ca\/#website\"},\"primaryImageOfPage\":{\"@id\":\"https:\/\/sonographycanada.ca\/fr\/ressources\/covid-19-declarations-ressources-et-renseignements-a-lintention-des-echographistes-medicaux-diagnostiques-au-canada#primaryimage\"},\"image\":{\"@id\":\"https:\/\/sonographycanada.ca\/fr\/ressources\/covid-19-declarations-ressources-et-renseignements-a-lintention-des-echographistes-medicaux-diagnostiques-au-canada#primaryimage\"},\"thumbnailUrl\":\"https:\/\/sonographycanada.ca\/app\/uploads\/2020\/04\/Coronavirus-and-sonography-canada.jpg\",\"datePublished\":\"2020-04-22T16:13:01+00:00\",\"dateModified\":\"2021-04-30T15:31:22+00:00\",\"breadcrumb\":{\"@id\":\"https:\/\/sonographycanada.ca\/fr\/ressources\/covid-19-declarations-ressources-et-renseignements-a-lintention-des-echographistes-medicaux-diagnostiques-au-canada#breadcrumb\"},\"inLanguage\":\"fr-FR\",\"potentialAction\":[{\"@type\":\"ReadAction\",\"target\":[\"https:\/\/sonographycanada.ca\/fr\/ressources\/covid-19-declarations-ressources-et-renseignements-a-lintention-des-echographistes-medicaux-diagnostiques-au-canada\"]}]},{\"@type\":\"ImageObject\",\"inLanguage\":\"fr-FR\",\"@id\":\"https:\/\/sonographycanada.ca\/fr\/ressources\/covid-19-declarations-ressources-et-renseignements-a-lintention-des-echographistes-medicaux-diagnostiques-au-canada#primaryimage\",\"url\":\"https:\/\/sonographycanada.ca\/app\/uploads\/2020\/04\/Coronavirus-and-sonography-canada.jpg\",\"contentUrl\":\"https:\/\/sonographycanada.ca\/app\/uploads\/2020\/04\/Coronavirus-and-sonography-canada.jpg\",\"width\":390,\"height\":172,\"caption\":\"Coronavirus and sonography canada\"},{\"@type\":\"BreadcrumbList\",\"@id\":\"https:\/\/sonographycanada.ca\/fr\/ressources\/covid-19-declarations-ressources-et-renseignements-a-lintention-des-echographistes-medicaux-diagnostiques-au-canada#breadcrumb\",\"itemListElement\":[{\"@type\":\"ListItem\",\"position\":1,\"name\":\"Accueil\",\"item\":\"https:\/\/sonographycanada.ca\/fr\"},{\"@type\":\"ListItem\",\"position\":2,\"name\":\"Ressources\",\"item\":\"https:\/\/sonographycanada.ca\/fr\/ressources\"},{\"@type\":\"ListItem\",\"position\":3,\"name\":\"COVID-19 : D\u00e9clarations, ressources et renseignements \u00e0 l\u2019intention des \u00e9chographistes m\u00e9dicaux diagnostiques au Canada\"}]},{\"@type\":\"WebSite\",\"@id\":\"https:\/\/sonographycanada.ca\/#website\",\"url\":\"https:\/\/sonographycanada.ca\/\",\"name\":\"\u00c9chographie Canada\",\"description\":\"La voix des \u00e9chographistes m\u00e9dicaux diagnostiques au Canada\",\"potentialAction\":[{\"@type\":\"SearchAction\",\"target\":{\"@type\":\"EntryPoint\",\"urlTemplate\":\"https:\/\/sonographycanada.ca\/?s={search_term_string}\"},\"query-input\":{\"@type\":\"PropertyValueSpecification\",\"valueRequired\":true,\"valueName\":\"search_term_string\"}}],\"inLanguage\":\"fr-FR\"}]}<\/script>\n<!-- \/ Yoast SEO plugin. -->","yoast_head_json":{"title":"COVID-19 : D\u00e9clarations, ressources et renseignements \u00e0 l\u2019intention des \u00e9chographistes m\u00e9dicaux diagnostiques au Canada - \u00c9chographie Canada","robots":{"index":"index","follow":"follow","max-snippet":"max-snippet:-1","max-image-preview":"max-image-preview:large","max-video-preview":"max-video-preview:-1"},"canonical":"https:\/\/sonographycanada.ca\/fr\/ressources\/covid-19-declarations-ressources-et-renseignements-a-lintention-des-echographistes-medicaux-diagnostiques-au-canada","og_locale":"fr_FR","og_type":"article","og_title":"COVID-19 : D\u00e9clarations, ressources et renseignements \u00e0 l\u2019intention des \u00e9chographistes m\u00e9dicaux diagnostiques au Canada - \u00c9chographie Canada","og_description":"Les \u00e9chographistes m\u00e9dicaux diagnostiques jouent un r\u00f4le important au sein de l\u2019\u00e9quipe des soins de la sant\u00e9 au Canada. Nous reconnaissons le besoin de poursuivre les op\u00e9rations habituelles et de fournir les traitements m\u00e9dicaux diagnostiques dont les Canadiens ont besoin. Cette page a \u00e9t\u00e9 cr\u00e9\u00e9e afin d\u2019offrir aux \u00e9chographistes les renseignements pertinents et utiles qui [&hellip;]","og_url":"https:\/\/sonographycanada.ca\/fr\/ressources\/covid-19-declarations-ressources-et-renseignements-a-lintention-des-echographistes-medicaux-diagnostiques-au-canada","og_site_name":"\u00c9chographie Canada","article_modified_time":"2021-04-30T15:31:22+00:00","og_image":[{"width":390,"height":172,"url":"https:\/\/sonographycanada.ca\/app\/uploads\/2020\/04\/Coronavirus-and-sonography-canada.jpg","type":"image\/jpeg"}],"twitter_card":"summary_large_image","twitter_misc":{"Est. reading time":"1 minute"},"schema":{"@context":"https:\/\/schema.org","@graph":[{"@type":"WebPage","@id":"https:\/\/sonographycanada.ca\/fr\/ressources\/covid-19-declarations-ressources-et-renseignements-a-lintention-des-echographistes-medicaux-diagnostiques-au-canada","url":"https:\/\/sonographycanada.ca\/fr\/ressources\/covid-19-declarations-ressources-et-renseignements-a-lintention-des-echographistes-medicaux-diagnostiques-au-canada","name":"COVID-19 : D\u00e9clarations, ressources et renseignements \u00e0 l\u2019intention des \u00e9chographistes m\u00e9dicaux diagnostiques au Canada - \u00c9chographie Canada","isPartOf":{"@id":"https:\/\/sonographycanada.ca\/#website"},"primaryImageOfPage":{"@id":"https:\/\/sonographycanada.ca\/fr\/ressources\/covid-19-declarations-ressources-et-renseignements-a-lintention-des-echographistes-medicaux-diagnostiques-au-canada#primaryimage"},"image":{"@id":"https:\/\/sonographycanada.ca\/fr\/ressources\/covid-19-declarations-ressources-et-renseignements-a-lintention-des-echographistes-medicaux-diagnostiques-au-canada#primaryimage"},"thumbnailUrl":"https:\/\/sonographycanada.ca\/app\/uploads\/2020\/04\/Coronavirus-and-sonography-canada.jpg","datePublished":"2020-04-22T16:13:01+00:00","dateModified":"2021-04-30T15:31:22+00:00","breadcrumb":{"@id":"https:\/\/sonographycanada.ca\/fr\/ressources\/covid-19-declarations-ressources-et-renseignements-a-lintention-des-echographistes-medicaux-diagnostiques-au-canada#breadcrumb"},"inLanguage":"fr-FR","potentialAction":[{"@type":"ReadAction","target":["https:\/\/sonographycanada.ca\/fr\/ressources\/covid-19-declarations-ressources-et-renseignements-a-lintention-des-echographistes-medicaux-diagnostiques-au-canada"]}]},{"@type":"ImageObject","inLanguage":"fr-FR","@id":"https:\/\/sonographycanada.ca\/fr\/ressources\/covid-19-declarations-ressources-et-renseignements-a-lintention-des-echographistes-medicaux-diagnostiques-au-canada#primaryimage","url":"https:\/\/sonographycanada.ca\/app\/uploads\/2020\/04\/Coronavirus-and-sonography-canada.jpg","contentUrl":"https:\/\/sonographycanada.ca\/app\/uploads\/2020\/04\/Coronavirus-and-sonography-canada.jpg","width":390,"height":172,"caption":"Coronavirus and sonography canada"},{"@type":"BreadcrumbList","@id":"https:\/\/sonographycanada.ca\/fr\/ressources\/covid-19-declarations-ressources-et-renseignements-a-lintention-des-echographistes-medicaux-diagnostiques-au-canada#breadcrumb","itemListElement":[{"@type":"ListItem","position":1,"name":"Accueil","item":"https:\/\/sonographycanada.ca\/fr"},{"@type":"ListItem","position":2,"name":"Ressources","item":"https:\/\/sonographycanada.ca\/fr\/ressources"},{"@type":"ListItem","position":3,"name":"COVID-19 : D\u00e9clarations, ressources et renseignements \u00e0 l\u2019intention des \u00e9chographistes m\u00e9dicaux diagnostiques au Canada"}]},{"@type":"WebSite","@id":"https:\/\/sonographycanada.ca\/#website","url":"https:\/\/sonographycanada.ca\/","name":"\u00c9chographie Canada","description":"La voix des \u00e9chographistes m\u00e9dicaux diagnostiques au Canada","potentialAction":[{"@type":"SearchAction","target":{"@type":"EntryPoint","urlTemplate":"https:\/\/sonographycanada.ca\/?s={search_term_string}"},"query-input":{"@type":"PropertyValueSpecification","valueRequired":true,"valueName":"search_term_string"}}],"inLanguage":"fr-FR"}]}},"coauthors":[],"author_meta":{"author_link":"https:\/\/sonographycanada.ca\/fr\/author\/263a58fd-0292-4830-a513-b6bccee25d5d","display_name":"Riad Kadi"},"relative_dates":{"created":"Publi\u00e9 6 years il y a","modified":"Mis \u00e0 jour 5 years il y a"},"absolute_dates":{"created":"Publi\u00e9 le avril 22, 2020","modified":"Mise \u00e0 jour le avril 30, 2021"},"absolute_dates_time":{"created":"Publi\u00e9 le avril 22, 2020 4:13 pm","modified":"Mise \u00e0 jour le avril 30, 2021 3:31 pm"},"featured_img_caption":"","featured_img":"https:\/\/sonographycanada.ca\/app\/uploads\/2020\/04\/Coronavirus-and-sonography-canada.jpg","series_order":"","_links":{"self":[{"href":"https:\/\/sonographycanada.ca\/fr\/wp-json\/wp\/v2\/pages\/49947"}],"collection":[{"href":"https:\/\/sonographycanada.ca\/fr\/wp-json\/wp\/v2\/pages"}],"about":[{"href":"https:\/\/sonographycanada.ca\/fr\/wp-json\/wp\/v2\/types\/page"}],"author":[{"embeddable":true,"href":"https:\/\/sonographycanada.ca\/fr\/wp-json\/wp\/v2\/users\/6718"}],"replies":[{"embeddable":true,"href":"https:\/\/sonographycanada.ca\/fr\/wp-json\/wp\/v2\/comments?post=49947"}],"version-history":[{"count":9,"href":"https:\/\/sonographycanada.ca\/fr\/wp-json\/wp\/v2\/pages\/49947\/revisions"}],"predecessor-version":[{"id":128461,"href":"https:\/\/sonographycanada.ca\/fr\/wp-json\/wp\/v2\/pages\/49947\/revisions\/128461"}],"up":[{"embeddable":true,"href":"https:\/\/sonographycanada.ca\/fr\/wp-json\/wp\/v2\/pages\/557"}],"wp:featuredmedia":[{"embeddable":true,"href":"https:\/\/sonographycanada.ca\/fr\/wp-json\/wp\/v2\/media\/24354"}],"wp:attachment":[{"href":"https:\/\/sonographycanada.ca\/fr\/wp-json\/wp\/v2\/media?parent=49947"}],"curies":[{"name":"wp","href":"https:\/\/api.w.org\/{rel}","templated":true}]}}