{"id":49959,"date":"2020-04-22T16:27:16","date_gmt":"2020-04-22T16:27:16","guid":{"rendered":"https:\/\/sonographycanada.ca\/ressources\/covid-19-declarations-ressources-et-renseignements-a-lintention-des-echographistes-medicaux-diagnostiques-au-canada\/professional-guidelines-and-recommendations"},"modified":"2020-05-05T09:45:49","modified_gmt":"2020-05-05T09:45:49","slug":"lignes-directrices-et-recommandations-professionnelles","status":"publish","type":"page","link":"https:\/\/sonographycanada.ca\/fr\/ressources\/covid-19-declarations-ressources-et-renseignements-a-lintention-des-echographistes-medicaux-diagnostiques-au-canada\/lignes-directrices-et-recommandations-professionnelles","title":{"rendered":"Lignes directrices et recommandations professionnelles"},"content":{"rendered":"<h4 class=\"wp-block-heading\">Sant\u00e9 Canada<\/h4><ul class=\"wp-block-list\"><li><a href=\"https:\/\/www.canada.ca\/fr\/sante-publique\/services\/maladies\/maladie-coronavirus-covid-19.html\" target=\"_blank\" rel=\"noreferrer noopener\" aria-label=\" (opens in a new tab)\">Renseignements sur le COVID-19<\/a><\/li><li><a rel=\"noreferrer noopener\" href=\"https:\/\/www.canada.ca\/fr\/sante-publique\/services\/maladies\/2019-nouveau-coronavirus\/professionnels-sante.html\" target=\"_blank\">La maladie \u00e0 coronavirus (COVID-19): Pour les professionnels de la sant\u00e9<\/a><\/li><li><a href=\"https:\/\/www.canada.ca\/fr\/sante-publique\/services\/grippe-influenza\/preparation-canada-cas-grippe-pandemique-guide-planification-secteur-sante.html\" target=\"_blank\" rel=\"noreferrer noopener\" aria-label=\" (opens in a new tab)\">Pr\u00e9paration du Canada en cas de grippe pand\u00e9mique\u00a0: Guide de planification pour le secteur de la sant\u00e9<\/a><\/li><\/ul><h4 class=\"wp-block-heading\">Organisation mondiale de la Sant\u00e9<\/h4><ul class=\"wp-block-list\"><li><a href=\"https:\/\/www.who.int\/fr\/emergencies\/diseases\/novel-coronavirus-2019\" target=\"_blank\" rel=\"noreferrer noopener\" aria-label=\" (opens in a new tab)\">Renseignements sur la flamb\u00e9e de maladie \u00e0 coronavirus (COVID-19)<\/a><\/li><li><a rel=\"noreferrer noopener\" href=\"https:\/\/apps.who.int\/iris\/bitstream\/handle\/10665\/331215\/WHO-2019-nCov-IPCPPE_use-2020.1-eng.pdf\" target=\"_blank\">Rational use of personal protective equipment for coronavirus disease 2019 (COVID-19)<\/a> (Utilisation efficace des \u00e9quipements de protection individuelle contre la maladie \u00e0 coronavirus 2019 (COVID-19))<\/li><\/ul><h4 class=\"wp-block-heading\">Centre de pr\u00e9vention et de contr\u00f4le des maladies infectieuses<\/h4><ul class=\"wp-block-list\"><li><a href=\"https:\/\/www.cdc.gov\/coronavirus\/2019-ncov\/healthcare-facilities\/steps-to-prepare.html\" target=\"_blank\" rel=\"noreferrer noopener\" aria-label=\" (opens in a new tab)\">Steps Healthcare Facilities Can Take to Prepare\u00a0for Coronavirus Disease 2019 (COVID-19)<\/a> (Les mesures que les \u00e9tablissements de soins de sant\u00e9 peuvent prendre pour se pr\u00e9parer pour la maladie \u00e0 coronavirus 2019 (COVID-19))<\/li><li><a href=\"https:\/\/www.cdc.gov\/coronavirus\/2019-ncov\/hcp\/index.html?CDC_AA_refVal=https%3A%2F%2Fwww.cdc.gov%2Fcoronavirus%2F2019-ncov%2Fhealthcare-facilities%2Findex.html\" target=\"_blank\" rel=\"noreferrer noopener\" aria-label=\" (opens in a new tab)\">Resources for Clinics and Healthcare Facilities<\/a> (Ressources pour les cliniques et les \u00e9tablissements de soins de sant\u00e9)<\/li><li><a rel=\"noreferrer noopener\" href=\"https:\/\/www.cdc.gov\/coronavirus\/2019-ncov\/healthcare-facilities\/guidance-hcf.html\" target=\"_blank\">Interim Guidance for Healthcare Facilities: Preparing for Community Transmission of COVID-19 in the United States<\/a> (Conseils int\u00e9rimaires pour les \u00e9tablissements de soins de sant\u00e9\u00a0: Se pr\u00e9parer pour la transmission collective du COVID-19 aux \u00c9tats-Unis)<\/li><li><a rel=\"noreferrer noopener\" href=\"https:\/\/www.cdc.gov\/coronavirus\/2019-ncov\/hcp\/index.html?CDC_AA_refVal=https%3A%2F%2Fwww.cdc.gov%2Fcoronavirus%2F2019-ncov%2Fhealthcare-facilities%2Findex.html\" target=\"_blank\">What Healthcare Personnel Should Know about Caring for Patients with Confirmed or Possible COVID-19 Infection<\/a> (Ce que le personnel des soins de sant\u00e9 devrait savoir pour la prise en charge des personnes dont l\u2019infection \u00e0 la COVID-19 est suspect\u00e9e ou confirm\u00e9e) <\/li><li><a rel=\"noreferrer noopener\" href=\"https:\/\/www.cdc.gov\/oralhealth\/infectioncontrol\/faqs\/personal-protective-equipment.html\" target=\"_blank\">Frequently Asked Questions on Personal Protective Equipment<\/a> (Foire aux questions sur les \u00e9quipements de protection individuelle)<\/li><\/ul>","protected":false},"excerpt":{"rendered":"<p>Sant\u00e9 Canada Renseignements sur le COVID-19 La maladie \u00e0 coronavirus (COVID-19): Pour les professionnels de la sant\u00e9 Pr\u00e9paration du Canada en cas de grippe pand\u00e9mique\u00a0: Guide de planification pour le secteur de la sant\u00e9 Organisation mondiale de la Sant\u00e9 Renseignements sur la flamb\u00e9e de maladie \u00e0 coronavirus (COVID-19) Rational use of personal protective equipment for [&hellip;]<\/p>\n","protected":false},"author":6718,"featured_media":0,"parent":49947,"menu_order":0,"comment_status":"closed","ping_status":"closed","template":"","meta":{"_acf_changed":false,"advgb_blocks_editor_width":"","advgb_blocks_columns_visual_guide":"","wicket_organization":"","_seat_count":"","_member_id":[],"_edit_last":"6718","_start_date":"","_end_date":"","footnotes":""},"class_list":["post-49959","page","type-page","status-publish","hentry"],"acf":[],"yoast_head":"<!-- This site is optimized with the Yoast SEO plugin v23.5 - https:\/\/yoast.com\/wordpress\/plugins\/seo\/ -->\n<title>Lignes directrices et recommandations professionnelles - \u00c9chographie Canada<\/title>\n<meta name=\"robots\" content=\"index, follow, max-snippet:-1, max-image-preview:large, max-video-preview:-1\" \/>\n<link rel=\"canonical\" href=\"https:\/\/sonographycanada.ca\/fr\/ressources\/covid-19-declarations-ressources-et-renseignements-a-lintention-des-echographistes-medicaux-diagnostiques-au-canada\/lignes-directrices-et-recommandations-professionnelles\" \/>\n<meta property=\"og:locale\" content=\"fr_FR\" \/>\n<meta property=\"og:type\" content=\"article\" \/>\n<meta property=\"og:title\" content=\"Lignes directrices et recommandations professionnelles - \u00c9chographie Canada\" \/>\n<meta property=\"og:description\" content=\"Sant\u00e9 Canada Renseignements sur le COVID-19 La maladie \u00e0 coronavirus (COVID-19): Pour les professionnels de la sant\u00e9 Pr\u00e9paration du Canada en cas de grippe pand\u00e9mique\u00a0: Guide de planification pour le secteur de la sant\u00e9 Organisation mondiale de la Sant\u00e9 Renseignements sur la flamb\u00e9e de maladie \u00e0 coronavirus (COVID-19) Rational use of personal protective equipment for [&hellip;]\" \/>\n<meta property=\"og:url\" content=\"https:\/\/sonographycanada.ca\/fr\/ressources\/covid-19-declarations-ressources-et-renseignements-a-lintention-des-echographistes-medicaux-diagnostiques-au-canada\/lignes-directrices-et-recommandations-professionnelles\" \/>\n<meta property=\"og:site_name\" content=\"\u00c9chographie Canada\" \/>\n<meta property=\"article:modified_time\" content=\"2020-05-05T09:45:49+00:00\" \/>\n<meta name=\"twitter:card\" content=\"summary_large_image\" \/>\n<meta name=\"twitter:label1\" content=\"Est. reading time\" \/>\n\t<meta name=\"twitter:data1\" content=\"1 minute\" \/>\n<script type=\"application\/ld+json\" class=\"yoast-schema-graph\">{\"@context\":\"https:\/\/schema.org\",\"@graph\":[{\"@type\":\"WebPage\",\"@id\":\"https:\/\/sonographycanada.ca\/fr\/ressources\/covid-19-declarations-ressources-et-renseignements-a-lintention-des-echographistes-medicaux-diagnostiques-au-canada\/lignes-directrices-et-recommandations-professionnelles\",\"url\":\"https:\/\/sonographycanada.ca\/fr\/ressources\/covid-19-declarations-ressources-et-renseignements-a-lintention-des-echographistes-medicaux-diagnostiques-au-canada\/lignes-directrices-et-recommandations-professionnelles\",\"name\":\"Lignes directrices et recommandations professionnelles - \u00c9chographie Canada\",\"isPartOf\":{\"@id\":\"https:\/\/sonographycanada.ca\/#website\"},\"datePublished\":\"2020-04-22T16:27:16+00:00\",\"dateModified\":\"2020-05-05T09:45:49+00:00\",\"breadcrumb\":{\"@id\":\"https:\/\/sonographycanada.ca\/fr\/ressources\/covid-19-declarations-ressources-et-renseignements-a-lintention-des-echographistes-medicaux-diagnostiques-au-canada\/lignes-directrices-et-recommandations-professionnelles#breadcrumb\"},\"inLanguage\":\"fr-FR\",\"potentialAction\":[{\"@type\":\"ReadAction\",\"target\":[\"https:\/\/sonographycanada.ca\/fr\/ressources\/covid-19-declarations-ressources-et-renseignements-a-lintention-des-echographistes-medicaux-diagnostiques-au-canada\/lignes-directrices-et-recommandations-professionnelles\"]}]},{\"@type\":\"BreadcrumbList\",\"@id\":\"https:\/\/sonographycanada.ca\/fr\/ressources\/covid-19-declarations-ressources-et-renseignements-a-lintention-des-echographistes-medicaux-diagnostiques-au-canada\/lignes-directrices-et-recommandations-professionnelles#breadcrumb\",\"itemListElement\":[{\"@type\":\"ListItem\",\"position\":1,\"name\":\"Accueil\",\"item\":\"https:\/\/sonographycanada.ca\/fr\"},{\"@type\":\"ListItem\",\"position\":2,\"name\":\"Ressources\",\"item\":\"https:\/\/sonographycanada.ca\/fr\/ressources\"},{\"@type\":\"ListItem\",\"position\":3,\"name\":\"COVID-19 : D\u00e9clarations, ressources et renseignements \u00e0 l\u2019intention des \u00e9chographistes m\u00e9dicaux diagnostiques au Canada\",\"item\":\"https:\/\/sonographycanada.ca\/fr\/ressources\/covid-19-declarations-ressources-et-renseignements-a-lintention-des-echographistes-medicaux-diagnostiques-au-canada\"},{\"@type\":\"ListItem\",\"position\":4,\"name\":\"Lignes directrices et recommandations professionnelles\"}]},{\"@type\":\"WebSite\",\"@id\":\"https:\/\/sonographycanada.ca\/#website\",\"url\":\"https:\/\/sonographycanada.ca\/\",\"name\":\"\u00c9chographie Canada\",\"description\":\"La voix des \u00e9chographistes m\u00e9dicaux diagnostiques au Canada\",\"potentialAction\":[{\"@type\":\"SearchAction\",\"target\":{\"@type\":\"EntryPoint\",\"urlTemplate\":\"https:\/\/sonographycanada.ca\/?s={search_term_string}\"},\"query-input\":{\"@type\":\"PropertyValueSpecification\",\"valueRequired\":true,\"valueName\":\"search_term_string\"}}],\"inLanguage\":\"fr-FR\"}]}<\/script>\n<!-- \/ Yoast SEO plugin. -->","yoast_head_json":{"title":"Lignes directrices et recommandations professionnelles - \u00c9chographie Canada","robots":{"index":"index","follow":"follow","max-snippet":"max-snippet:-1","max-image-preview":"max-image-preview:large","max-video-preview":"max-video-preview:-1"},"canonical":"https:\/\/sonographycanada.ca\/fr\/ressources\/covid-19-declarations-ressources-et-renseignements-a-lintention-des-echographistes-medicaux-diagnostiques-au-canada\/lignes-directrices-et-recommandations-professionnelles","og_locale":"fr_FR","og_type":"article","og_title":"Lignes directrices et recommandations professionnelles - \u00c9chographie Canada","og_description":"Sant\u00e9 Canada Renseignements sur le COVID-19 La maladie \u00e0 coronavirus (COVID-19): Pour les professionnels de la sant\u00e9 Pr\u00e9paration du Canada en cas de grippe pand\u00e9mique\u00a0: Guide de planification pour le secteur de la sant\u00e9 Organisation mondiale de la Sant\u00e9 Renseignements sur la flamb\u00e9e de maladie \u00e0 coronavirus (COVID-19) Rational use of personal protective equipment for [&hellip;]","og_url":"https:\/\/sonographycanada.ca\/fr\/ressources\/covid-19-declarations-ressources-et-renseignements-a-lintention-des-echographistes-medicaux-diagnostiques-au-canada\/lignes-directrices-et-recommandations-professionnelles","og_site_name":"\u00c9chographie Canada","article_modified_time":"2020-05-05T09:45:49+00:00","twitter_card":"summary_large_image","twitter_misc":{"Est. reading time":"1 minute"},"schema":{"@context":"https:\/\/schema.org","@graph":[{"@type":"WebPage","@id":"https:\/\/sonographycanada.ca\/fr\/ressources\/covid-19-declarations-ressources-et-renseignements-a-lintention-des-echographistes-medicaux-diagnostiques-au-canada\/lignes-directrices-et-recommandations-professionnelles","url":"https:\/\/sonographycanada.ca\/fr\/ressources\/covid-19-declarations-ressources-et-renseignements-a-lintention-des-echographistes-medicaux-diagnostiques-au-canada\/lignes-directrices-et-recommandations-professionnelles","name":"Lignes directrices et recommandations professionnelles - \u00c9chographie Canada","isPartOf":{"@id":"https:\/\/sonographycanada.ca\/#website"},"datePublished":"2020-04-22T16:27:16+00:00","dateModified":"2020-05-05T09:45:49+00:00","breadcrumb":{"@id":"https:\/\/sonographycanada.ca\/fr\/ressources\/covid-19-declarations-ressources-et-renseignements-a-lintention-des-echographistes-medicaux-diagnostiques-au-canada\/lignes-directrices-et-recommandations-professionnelles#breadcrumb"},"inLanguage":"fr-FR","potentialAction":[{"@type":"ReadAction","target":["https:\/\/sonographycanada.ca\/fr\/ressources\/covid-19-declarations-ressources-et-renseignements-a-lintention-des-echographistes-medicaux-diagnostiques-au-canada\/lignes-directrices-et-recommandations-professionnelles"]}]},{"@type":"BreadcrumbList","@id":"https:\/\/sonographycanada.ca\/fr\/ressources\/covid-19-declarations-ressources-et-renseignements-a-lintention-des-echographistes-medicaux-diagnostiques-au-canada\/lignes-directrices-et-recommandations-professionnelles#breadcrumb","itemListElement":[{"@type":"ListItem","position":1,"name":"Accueil","item":"https:\/\/sonographycanada.ca\/fr"},{"@type":"ListItem","position":2,"name":"Ressources","item":"https:\/\/sonographycanada.ca\/fr\/ressources"},{"@type":"ListItem","position":3,"name":"COVID-19 : D\u00e9clarations, ressources et renseignements \u00e0 l\u2019intention des \u00e9chographistes m\u00e9dicaux diagnostiques au Canada","item":"https:\/\/sonographycanada.ca\/fr\/ressources\/covid-19-declarations-ressources-et-renseignements-a-lintention-des-echographistes-medicaux-diagnostiques-au-canada"},{"@type":"ListItem","position":4,"name":"Lignes directrices et recommandations professionnelles"}]},{"@type":"WebSite","@id":"https:\/\/sonographycanada.ca\/#website","url":"https:\/\/sonographycanada.ca\/","name":"\u00c9chographie Canada","description":"La voix des \u00e9chographistes m\u00e9dicaux diagnostiques au Canada","potentialAction":[{"@type":"SearchAction","target":{"@type":"EntryPoint","urlTemplate":"https:\/\/sonographycanada.ca\/?s={search_term_string}"},"query-input":{"@type":"PropertyValueSpecification","valueRequired":true,"valueName":"search_term_string"}}],"inLanguage":"fr-FR"}]}},"coauthors":[],"author_meta":{"author_link":"https:\/\/sonographycanada.ca\/fr\/author\/263a58fd-0292-4830-a513-b6bccee25d5d","display_name":"Riad Kadi"},"relative_dates":{"created":"Publi\u00e9 6 years il y a","modified":"Mis \u00e0 jour 6 years il y a"},"absolute_dates":{"created":"Publi\u00e9 le avril 22, 2020","modified":"Mise \u00e0 jour le mai 5, 2020"},"absolute_dates_time":{"created":"Publi\u00e9 le avril 22, 2020 4:27 pm","modified":"Mise \u00e0 jour le mai 5, 2020 9:45 am"},"featured_img_caption":"","featured_img":false,"series_order":"","_links":{"self":[{"href":"https:\/\/sonographycanada.ca\/fr\/wp-json\/wp\/v2\/pages\/49959"}],"collection":[{"href":"https:\/\/sonographycanada.ca\/fr\/wp-json\/wp\/v2\/pages"}],"about":[{"href":"https:\/\/sonographycanada.ca\/fr\/wp-json\/wp\/v2\/types\/page"}],"author":[{"embeddable":true,"href":"https:\/\/sonographycanada.ca\/fr\/wp-json\/wp\/v2\/users\/6718"}],"replies":[{"embeddable":true,"href":"https:\/\/sonographycanada.ca\/fr\/wp-json\/wp\/v2\/comments?post=49959"}],"version-history":[{"count":1,"href":"https:\/\/sonographycanada.ca\/fr\/wp-json\/wp\/v2\/pages\/49959\/revisions"}],"predecessor-version":[{"id":49960,"href":"https:\/\/sonographycanada.ca\/fr\/wp-json\/wp\/v2\/pages\/49959\/revisions\/49960"}],"up":[{"embeddable":true,"href":"https:\/\/sonographycanada.ca\/fr\/wp-json\/wp\/v2\/pages\/49947"}],"wp:attachment":[{"href":"https:\/\/sonographycanada.ca\/fr\/wp-json\/wp\/v2\/media?parent=49959"}],"curies":[{"name":"wp","href":"https:\/\/api.w.org\/{rel}","templated":true}]}}