{"id":49962,"date":"2020-04-27T14:01:53","date_gmt":"2020-04-27T14:01:53","guid":{"rendered":"https:\/\/sonographycanada.ca\/ressources\/covid-19-declarations-ressources-et-renseignements-a-lintention-des-echographistes-medicaux-diagnostiques-au-canada\/mental-health-support-and-resources"},"modified":"2020-05-05T09:55:31","modified_gmt":"2020-05-05T09:55:31","slug":"soutien-et-ressources-en-matiere-de-sante-mentale","status":"publish","type":"page","link":"https:\/\/sonographycanada.ca\/fr\/ressources\/covid-19-declarations-ressources-et-renseignements-a-lintention-des-echographistes-medicaux-diagnostiques-au-canada\/soutien-et-ressources-en-matiere-de-sante-mentale","title":{"rendered":"Soutien et ressources en mati\u00e8re de sant\u00e9 mentale"},"content":{"rendered":"<p> Il s\u2019agit d\u2019une p\u00e9riode difficile pour les \u00e9chographistes \u00e0 travers le pays. Nous vivons divers sc\u00e9narios; certains membres ont subi des mises \u00e0 pied en raison de la pand\u00e9mie du COVID-19 tandis que d\u2019autres poursuivent leur travail sur site, en pratiquant la distanciation sociale de leurs coll\u00e8gues et en portant les \u00e9quipements de protection individuelle (EPI) pendant qu\u2019ils effectuent des examens \u00e9chographiques. \u00c9chographie Canada reconnait qu\u2019il s\u2019agit d\u2019une p\u00e9riode stressante pour nos membres. Ainsi, nous continuerons \u00e0 vous soutenir alors que la situation li\u00e9e au COVID-19 \u00e9volue. La sant\u00e9 mentale repr\u00e9sente une partie importante de la sant\u00e9 globale d\u2019un individu et nous souhaitons nous assurer que nos membres sont conscients des ressources mises \u00e0 la disposition des Canadiens<\/p><h3 class=\"wp-block-heading\">Ressources provinciales<\/h3><p><a href=\"https:\/\/www.mentalhealthcommission.ca\/Francais\/ressources-covid-19-provinciales-et-territoriales\" target=\"_blank\" rel=\"noreferrer noopener\" aria-label=\" (opens in a new tab)\">Commission de la sant\u00e9 mentale du Canada\u00a0\u2013 Ressources COVID-19 provinciales et territoriales<\/a><\/p><p><a href=\"https:\/\/covid19therapists.com\/\" target=\"_blank\" rel=\"noreferrer noopener\" aria-label=\" (opens in a new tab)\">Ontario COVID-19 Mental Health Network: offers counselling to frontline workers<\/a> (R\u00e9seau ontarien sur la sant\u00e9 mentale li\u00e9e au COVID-19 : offre des conseils au personnel de premi\u00e8re ligne)<\/p><h3 class=\"wp-block-heading\">Ressources nationales<\/h3><p><a href=\"https:\/\/www.canada.ca\/fr\/gouvernement\/fonctionpublique\/covid-19\/protegez-sante-mentale.html\" target=\"_blank\" rel=\"noreferrer noopener\" aria-label=\" (opens in a new tab)\">Gouvernement du Canada \u2013 Prot\u00e9gez votre sant\u00e9 mentale<\/a><\/p><p><a href=\"https:\/\/www.canada.ca\/fr\/sante-publique\/services\/maladies\/2019-nouveau-coronavirus\/sante-mentale.html\" target=\"_blank\" rel=\"noreferrer noopener\" aria-label=\" (opens in a new tab)\">Agence de la sant\u00e9 publique du Canada \u2013 Prendre soin de sa sant\u00e9 mentale durant la pand\u00e9mie de la COVID-19<\/a><\/p><p><a href=\"https:\/\/www.crisisservicescanada.ca\/fr\/ressources-covid-19\/\" target=\"_blank\" rel=\"noreferrer noopener\" aria-label=\" (opens in a new tab)\">Services de crises du Canada \u2013 Ressources COVID-19<\/a><\/p><p><a href=\"http:\/\/www.camh.ca\/fr\/info-sante\/mental-health-and-covid-19\/information-for-professionals\" target=\"_blank\" rel=\"noreferrer noopener\" aria-label=\" (opens in a new tab)\">Association canadienne de la sant\u00e9 mentale : ressources destin\u00e9es aux travailleurs de la sant\u00e9<\/a><\/p>","protected":false},"excerpt":{"rendered":"<p>Il s\u2019agit d\u2019une p\u00e9riode difficile pour les \u00e9chographistes \u00e0 travers le pays. Nous vivons divers sc\u00e9narios; certains membres ont subi des mises \u00e0 pied en raison de la pand\u00e9mie du COVID-19 tandis que d\u2019autres poursuivent leur travail sur site, en pratiquant la distanciation sociale de leurs coll\u00e8gues et en portant les \u00e9quipements de protection individuelle [&hellip;]<\/p>\n","protected":false},"author":6718,"featured_media":0,"parent":49947,"menu_order":0,"comment_status":"closed","ping_status":"closed","template":"","meta":{"_acf_changed":false,"advgb_blocks_editor_width":"","advgb_blocks_columns_visual_guide":"","wicket_organization":"","_seat_count":"","_member_id":[],"_edit_last":"6718","_start_date":"","_end_date":"","footnotes":""},"class_list":["post-49962","page","type-page","status-publish","hentry"],"acf":[],"yoast_head":"<!-- This site is optimized with the Yoast SEO plugin v23.5 - https:\/\/yoast.com\/wordpress\/plugins\/seo\/ -->\n<title>Soutien et ressources en mati\u00e8re de sant\u00e9 mentale - \u00c9chographie Canada<\/title>\n<meta name=\"robots\" content=\"index, follow, max-snippet:-1, max-image-preview:large, max-video-preview:-1\" \/>\n<link rel=\"canonical\" href=\"https:\/\/sonographycanada.ca\/fr\/ressources\/covid-19-declarations-ressources-et-renseignements-a-lintention-des-echographistes-medicaux-diagnostiques-au-canada\/soutien-et-ressources-en-matiere-de-sante-mentale\" \/>\n<meta property=\"og:locale\" content=\"fr_FR\" \/>\n<meta property=\"og:type\" content=\"article\" \/>\n<meta property=\"og:title\" content=\"Soutien et ressources en mati\u00e8re de sant\u00e9 mentale - \u00c9chographie Canada\" \/>\n<meta property=\"og:description\" content=\"Il s\u2019agit d\u2019une p\u00e9riode difficile pour les \u00e9chographistes \u00e0 travers le pays. Nous vivons divers sc\u00e9narios; certains membres ont subi des mises \u00e0 pied en raison de la pand\u00e9mie du COVID-19 tandis que d\u2019autres poursuivent leur travail sur site, en pratiquant la distanciation sociale de leurs coll\u00e8gues et en portant les \u00e9quipements de protection individuelle [&hellip;]\" \/>\n<meta property=\"og:url\" content=\"https:\/\/sonographycanada.ca\/fr\/ressources\/covid-19-declarations-ressources-et-renseignements-a-lintention-des-echographistes-medicaux-diagnostiques-au-canada\/soutien-et-ressources-en-matiere-de-sante-mentale\" \/>\n<meta property=\"og:site_name\" content=\"\u00c9chographie Canada\" \/>\n<meta property=\"article:modified_time\" content=\"2020-05-05T09:55:31+00:00\" \/>\n<meta name=\"twitter:card\" content=\"summary_large_image\" \/>\n<meta name=\"twitter:label1\" content=\"Est. reading time\" \/>\n\t<meta name=\"twitter:data1\" content=\"1 minute\" \/>\n<script type=\"application\/ld+json\" class=\"yoast-schema-graph\">{\"@context\":\"https:\/\/schema.org\",\"@graph\":[{\"@type\":\"WebPage\",\"@id\":\"https:\/\/sonographycanada.ca\/fr\/ressources\/covid-19-declarations-ressources-et-renseignements-a-lintention-des-echographistes-medicaux-diagnostiques-au-canada\/soutien-et-ressources-en-matiere-de-sante-mentale\",\"url\":\"https:\/\/sonographycanada.ca\/fr\/ressources\/covid-19-declarations-ressources-et-renseignements-a-lintention-des-echographistes-medicaux-diagnostiques-au-canada\/soutien-et-ressources-en-matiere-de-sante-mentale\",\"name\":\"Soutien et ressources en mati\u00e8re de sant\u00e9 mentale - \u00c9chographie Canada\",\"isPartOf\":{\"@id\":\"https:\/\/sonographycanada.ca\/#website\"},\"datePublished\":\"2020-04-27T14:01:53+00:00\",\"dateModified\":\"2020-05-05T09:55:31+00:00\",\"breadcrumb\":{\"@id\":\"https:\/\/sonographycanada.ca\/fr\/ressources\/covid-19-declarations-ressources-et-renseignements-a-lintention-des-echographistes-medicaux-diagnostiques-au-canada\/soutien-et-ressources-en-matiere-de-sante-mentale#breadcrumb\"},\"inLanguage\":\"fr-FR\",\"potentialAction\":[{\"@type\":\"ReadAction\",\"target\":[\"https:\/\/sonographycanada.ca\/fr\/ressources\/covid-19-declarations-ressources-et-renseignements-a-lintention-des-echographistes-medicaux-diagnostiques-au-canada\/soutien-et-ressources-en-matiere-de-sante-mentale\"]}]},{\"@type\":\"BreadcrumbList\",\"@id\":\"https:\/\/sonographycanada.ca\/fr\/ressources\/covid-19-declarations-ressources-et-renseignements-a-lintention-des-echographistes-medicaux-diagnostiques-au-canada\/soutien-et-ressources-en-matiere-de-sante-mentale#breadcrumb\",\"itemListElement\":[{\"@type\":\"ListItem\",\"position\":1,\"name\":\"Accueil\",\"item\":\"https:\/\/sonographycanada.ca\/fr\"},{\"@type\":\"ListItem\",\"position\":2,\"name\":\"Ressources\",\"item\":\"https:\/\/sonographycanada.ca\/fr\/ressources\"},{\"@type\":\"ListItem\",\"position\":3,\"name\":\"COVID-19 : D\u00e9clarations, ressources et renseignements \u00e0 l\u2019intention des \u00e9chographistes m\u00e9dicaux diagnostiques au Canada\",\"item\":\"https:\/\/sonographycanada.ca\/fr\/ressources\/covid-19-declarations-ressources-et-renseignements-a-lintention-des-echographistes-medicaux-diagnostiques-au-canada\"},{\"@type\":\"ListItem\",\"position\":4,\"name\":\"Soutien et ressources en mati\u00e8re de sant\u00e9 mentale\"}]},{\"@type\":\"WebSite\",\"@id\":\"https:\/\/sonographycanada.ca\/#website\",\"url\":\"https:\/\/sonographycanada.ca\/\",\"name\":\"\u00c9chographie Canada\",\"description\":\"La voix des \u00e9chographistes m\u00e9dicaux diagnostiques au Canada\",\"potentialAction\":[{\"@type\":\"SearchAction\",\"target\":{\"@type\":\"EntryPoint\",\"urlTemplate\":\"https:\/\/sonographycanada.ca\/?s={search_term_string}\"},\"query-input\":{\"@type\":\"PropertyValueSpecification\",\"valueRequired\":true,\"valueName\":\"search_term_string\"}}],\"inLanguage\":\"fr-FR\"}]}<\/script>\n<!-- \/ Yoast SEO plugin. -->","yoast_head_json":{"title":"Soutien et ressources en mati\u00e8re de sant\u00e9 mentale - \u00c9chographie Canada","robots":{"index":"index","follow":"follow","max-snippet":"max-snippet:-1","max-image-preview":"max-image-preview:large","max-video-preview":"max-video-preview:-1"},"canonical":"https:\/\/sonographycanada.ca\/fr\/ressources\/covid-19-declarations-ressources-et-renseignements-a-lintention-des-echographistes-medicaux-diagnostiques-au-canada\/soutien-et-ressources-en-matiere-de-sante-mentale","og_locale":"fr_FR","og_type":"article","og_title":"Soutien et ressources en mati\u00e8re de sant\u00e9 mentale - \u00c9chographie Canada","og_description":"Il s\u2019agit d\u2019une p\u00e9riode difficile pour les \u00e9chographistes \u00e0 travers le pays. Nous vivons divers sc\u00e9narios; certains membres ont subi des mises \u00e0 pied en raison de la pand\u00e9mie du COVID-19 tandis que d\u2019autres poursuivent leur travail sur site, en pratiquant la distanciation sociale de leurs coll\u00e8gues et en portant les \u00e9quipements de protection individuelle [&hellip;]","og_url":"https:\/\/sonographycanada.ca\/fr\/ressources\/covid-19-declarations-ressources-et-renseignements-a-lintention-des-echographistes-medicaux-diagnostiques-au-canada\/soutien-et-ressources-en-matiere-de-sante-mentale","og_site_name":"\u00c9chographie Canada","article_modified_time":"2020-05-05T09:55:31+00:00","twitter_card":"summary_large_image","twitter_misc":{"Est. reading time":"1 minute"},"schema":{"@context":"https:\/\/schema.org","@graph":[{"@type":"WebPage","@id":"https:\/\/sonographycanada.ca\/fr\/ressources\/covid-19-declarations-ressources-et-renseignements-a-lintention-des-echographistes-medicaux-diagnostiques-au-canada\/soutien-et-ressources-en-matiere-de-sante-mentale","url":"https:\/\/sonographycanada.ca\/fr\/ressources\/covid-19-declarations-ressources-et-renseignements-a-lintention-des-echographistes-medicaux-diagnostiques-au-canada\/soutien-et-ressources-en-matiere-de-sante-mentale","name":"Soutien et ressources en mati\u00e8re de sant\u00e9 mentale - \u00c9chographie Canada","isPartOf":{"@id":"https:\/\/sonographycanada.ca\/#website"},"datePublished":"2020-04-27T14:01:53+00:00","dateModified":"2020-05-05T09:55:31+00:00","breadcrumb":{"@id":"https:\/\/sonographycanada.ca\/fr\/ressources\/covid-19-declarations-ressources-et-renseignements-a-lintention-des-echographistes-medicaux-diagnostiques-au-canada\/soutien-et-ressources-en-matiere-de-sante-mentale#breadcrumb"},"inLanguage":"fr-FR","potentialAction":[{"@type":"ReadAction","target":["https:\/\/sonographycanada.ca\/fr\/ressources\/covid-19-declarations-ressources-et-renseignements-a-lintention-des-echographistes-medicaux-diagnostiques-au-canada\/soutien-et-ressources-en-matiere-de-sante-mentale"]}]},{"@type":"BreadcrumbList","@id":"https:\/\/sonographycanada.ca\/fr\/ressources\/covid-19-declarations-ressources-et-renseignements-a-lintention-des-echographistes-medicaux-diagnostiques-au-canada\/soutien-et-ressources-en-matiere-de-sante-mentale#breadcrumb","itemListElement":[{"@type":"ListItem","position":1,"name":"Accueil","item":"https:\/\/sonographycanada.ca\/fr"},{"@type":"ListItem","position":2,"name":"Ressources","item":"https:\/\/sonographycanada.ca\/fr\/ressources"},{"@type":"ListItem","position":3,"name":"COVID-19 : D\u00e9clarations, ressources et renseignements \u00e0 l\u2019intention des \u00e9chographistes m\u00e9dicaux diagnostiques au Canada","item":"https:\/\/sonographycanada.ca\/fr\/ressources\/covid-19-declarations-ressources-et-renseignements-a-lintention-des-echographistes-medicaux-diagnostiques-au-canada"},{"@type":"ListItem","position":4,"name":"Soutien et ressources en mati\u00e8re de sant\u00e9 mentale"}]},{"@type":"WebSite","@id":"https:\/\/sonographycanada.ca\/#website","url":"https:\/\/sonographycanada.ca\/","name":"\u00c9chographie Canada","description":"La voix des \u00e9chographistes m\u00e9dicaux diagnostiques au Canada","potentialAction":[{"@type":"SearchAction","target":{"@type":"EntryPoint","urlTemplate":"https:\/\/sonographycanada.ca\/?s={search_term_string}"},"query-input":{"@type":"PropertyValueSpecification","valueRequired":true,"valueName":"search_term_string"}}],"inLanguage":"fr-FR"}]}},"coauthors":[],"author_meta":{"author_link":"https:\/\/sonographycanada.ca\/fr\/author\/263a58fd-0292-4830-a513-b6bccee25d5d","display_name":"Riad Kadi"},"relative_dates":{"created":"Publi\u00e9 6 years il y a","modified":"Mis \u00e0 jour 6 years il y a"},"absolute_dates":{"created":"Publi\u00e9 le avril 27, 2020","modified":"Mise \u00e0 jour le mai 5, 2020"},"absolute_dates_time":{"created":"Publi\u00e9 le avril 27, 2020 2:01 pm","modified":"Mise \u00e0 jour le mai 5, 2020 9:55 am"},"featured_img_caption":"","featured_img":false,"series_order":"","_links":{"self":[{"href":"https:\/\/sonographycanada.ca\/fr\/wp-json\/wp\/v2\/pages\/49962"}],"collection":[{"href":"https:\/\/sonographycanada.ca\/fr\/wp-json\/wp\/v2\/pages"}],"about":[{"href":"https:\/\/sonographycanada.ca\/fr\/wp-json\/wp\/v2\/types\/page"}],"author":[{"embeddable":true,"href":"https:\/\/sonographycanada.ca\/fr\/wp-json\/wp\/v2\/users\/6718"}],"replies":[{"embeddable":true,"href":"https:\/\/sonographycanada.ca\/fr\/wp-json\/wp\/v2\/comments?post=49962"}],"version-history":[{"count":1,"href":"https:\/\/sonographycanada.ca\/fr\/wp-json\/wp\/v2\/pages\/49962\/revisions"}],"predecessor-version":[{"id":49963,"href":"https:\/\/sonographycanada.ca\/fr\/wp-json\/wp\/v2\/pages\/49962\/revisions\/49963"}],"up":[{"embeddable":true,"href":"https:\/\/sonographycanada.ca\/fr\/wp-json\/wp\/v2\/pages\/49947"}],"wp:attachment":[{"href":"https:\/\/sonographycanada.ca\/fr\/wp-json\/wp\/v2\/media?parent=49962"}],"curies":[{"name":"wp","href":"https:\/\/api.w.org\/{rel}","templated":true}]}}