{"id":49967,"date":"2020-05-04T13:49:27","date_gmt":"2020-05-04T13:49:27","guid":{"rendered":"https:\/\/sonographycanada.ca\/ressources\/covid-19-declarations-ressources-et-renseignements-a-lintention-des-echographistes-medicaux-diagnostiques-au-canada\/letter-to-the-premier-of-ontario-may-1-2020"},"modified":"2020-05-05T10:03:56","modified_gmt":"2020-05-05T10:03:56","slug":"letter-to-the-premier-of-ontario-may-1-2020","status":"publish","type":"page","link":"https:\/\/sonographycanada.ca\/fr\/ressources\/covid-19-declarations-ressources-et-renseignements-a-lintention-des-echographistes-medicaux-diagnostiques-au-canada\/letter-to-the-premier-of-ontario-may-1-2020","title":{"rendered":"Lettre au Premier Ministre de l&#8217;Ontario &#8211; Le 1er Mai, 2020 (En anglais seulement)"},"content":{"rendered":"<p> May 1, 2020<\/p><p><br> The Honourable Doug Ford, M.L.A.<br> Premier of Ontario<br> Legislative Building, Queen\u2019s Park<br> Toronto, ON       M7A 1A1<br> <\/p><p>Dear Premier Ford,<\/p><p style=\"text-align: justify;\"><br> Sonography Canada would like to congratulate the Ontario government for its proactive and well-coordinated response to the COVID-19 pandemic, including the April 25, 2020 announcement regarding pandemic pay for frontline workers who are contributing to the fight against COVID-19 in Ontario.<\/p><p style=\"text-align: justify;\">According to the information presented in the announcement, Ontario\u2019s diagnostic medical sonographers have been omitted from the list of those eligible for pandemic pay. Please consider this as a request to reconsider so that sonographers be added to this list of those eligible to receive pandemic pay for frontline workers. We also support requests made by the Ontario Association of Medical Radiation Sciences and the Ontario Association of Radiology Managers to recognize all diagnostic medical imaging professionals, including sonographers, as frontline healthcare professionals.<\/p><p style=\"text-align: justify;\">Ontario diagnostic medical sonographers represent a key part of Canada\u2019s frontline healthcare response to COVID-19. The very nature of ultrasound requires that sonographers be in close physical contact with each patient, for a prolonged period of time. Sonographers can spend anywhere from ten minutes to a full hour conducting an ultrasound examination of a patient in close quarters. There is no escaping the very hands-on nature of the procedures whether it is an echocardiogram, lung scan, or any other ultrasound examination for a COVID-positive patient, or those with other urgent conditions.<\/p><p style=\"text-align: justify;\"> Sonography Canada is the voice for Canada\u2019s growing community of sonographers at local and national levels, including Ontario. In addition to our role as the national credentialing body for sonographers in Canada, we advocate for sonographers, the Canadian public, and for the profession of sonography across Canada and internationally. Ensuring that diagnostic medical sonographers are recognized for their contributions to the healthcare system is a strong priority for our organization.<\/p><p style=\"text-align: justify;\"> Sonographers are increasingly essential members of the Ontario healthcare workforce, alongside doctors, nurses and other interprofessional colleagues to ensure safe, accessible and cost effective diagnostic medical care for those affected during this unprecedented time, and beyond. It is critical that the contributions and expertise of Ontario\u2019s sonographer professionals be recognized alongside those of their colleagues listed in the April 25 announcement.<\/p><p style=\"text-align: justify;\"> On behalf of Sonography Canada, I would like to thank you in advance for your consideration of this matter. Should you wish to discuss further, please do not hesitate to contact our Executive Director, Susan Clarke, at execdir@sonographycanada.ca.<br><\/p><p> Sincerely,<br><\/p><div class=\"grid\">\n<div class=\"grid__col--md-6\">\n<figure class=\"wp-block-image size-large\"><img decoding=\"async\" src=\"https:\/\/sonographycanada.ca\/app\/uploads\/2020\/05\/signature-victor-lee-1.jpg\" alt=\"\" class=\"wp-image-49868\"\/><\/figure>\nVictor Lee, CRGS, CRCS<\/br>\nChair, Board of Directors<\/br>\nSonography Canada<\/br>\n<\/div>\n\n<div class=\"grid__col--md-6\">\n<figure class=\"wp-block-image size-large\"><img loading=\"lazy\" decoding=\"async\" width=\"183\" height=\"84\" src=\"https:\/\/sonographycanada.ca\/app\/uploads\/2020\/05\/signature-susan-clarke.png\" alt=\"\" class=\"wp-image-49870\"\/><\/figure>\nSusan Clarke<\/br>\nExecutive Director<\/br>\nSonography Canada<\/br>\n<\/div>\n<\/div><p> c.c. The Honourable Christine Elliot,<br> Deputy Premier and Minister of Health <\/p>","protected":false},"excerpt":{"rendered":"<p>May 1, 2020 The Honourable Doug Ford, M.L.A. Premier of Ontario Legislative Building, Queen\u2019s Park Toronto, ON M7A 1A1 Dear Premier Ford, Sonography Canada would like to congratulate the Ontario government for its proactive and well-coordinated response to the COVID-19 pandemic, including the April 25, 2020 announcement regarding pandemic pay for frontline workers who are [&hellip;]<\/p>\n","protected":false},"author":6718,"featured_media":0,"parent":49947,"menu_order":0,"comment_status":"closed","ping_status":"closed","template":"","meta":{"_acf_changed":false,"advgb_blocks_editor_width":"","advgb_blocks_columns_visual_guide":"","wicket_organization":"","_seat_count":"","_member_id":[],"_edit_last":"6718","_start_date":"","_end_date":"","footnotes":""},"class_list":["post-49967","page","type-page","status-publish","hentry"],"acf":[],"yoast_head":"<!-- This site is optimized with the Yoast SEO plugin v23.5 - https:\/\/yoast.com\/wordpress\/plugins\/seo\/ -->\n<title>Lettre au Premier Ministre de l&#039;Ontario - Le 1er Mai, 2020 (En anglais seulement) - \u00c9chographie Canada<\/title>\n<meta name=\"robots\" content=\"index, follow, max-snippet:-1, max-image-preview:large, max-video-preview:-1\" \/>\n<link rel=\"canonical\" href=\"https:\/\/sonographycanada.ca\/fr\/ressources\/covid-19-declarations-ressources-et-renseignements-a-lintention-des-echographistes-medicaux-diagnostiques-au-canada\/letter-to-the-premier-of-ontario-may-1-2020\" \/>\n<meta property=\"og:locale\" content=\"fr_FR\" \/>\n<meta property=\"og:type\" content=\"article\" \/>\n<meta property=\"og:title\" content=\"Lettre au Premier Ministre de l&#039;Ontario - Le 1er Mai, 2020 (En anglais seulement) - \u00c9chographie Canada\" \/>\n<meta property=\"og:description\" content=\"May 1, 2020 The Honourable Doug Ford, M.L.A. Premier of Ontario Legislative Building, Queen\u2019s Park Toronto, ON M7A 1A1 Dear Premier Ford, Sonography Canada would like to congratulate the Ontario government for its proactive and well-coordinated response to the COVID-19 pandemic, including the April 25, 2020 announcement regarding pandemic pay for frontline workers who are [&hellip;]\" \/>\n<meta property=\"og:url\" content=\"https:\/\/sonographycanada.ca\/fr\/ressources\/covid-19-declarations-ressources-et-renseignements-a-lintention-des-echographistes-medicaux-diagnostiques-au-canada\/letter-to-the-premier-of-ontario-may-1-2020\" \/>\n<meta property=\"og:site_name\" content=\"\u00c9chographie Canada\" \/>\n<meta property=\"article:modified_time\" content=\"2020-05-05T10:03:56+00:00\" \/>\n<meta property=\"og:image\" content=\"https:\/\/sonographycanada.ca\/app\/uploads\/2020\/05\/signature-victor-lee-1.jpg\" \/>\n<meta name=\"twitter:card\" content=\"summary_large_image\" \/>\n<meta name=\"twitter:label1\" content=\"Est. reading time\" \/>\n\t<meta name=\"twitter:data1\" content=\"2 minutes\" \/>\n<script type=\"application\/ld+json\" class=\"yoast-schema-graph\">{\"@context\":\"https:\/\/schema.org\",\"@graph\":[{\"@type\":\"WebPage\",\"@id\":\"https:\/\/sonographycanada.ca\/fr\/ressources\/covid-19-declarations-ressources-et-renseignements-a-lintention-des-echographistes-medicaux-diagnostiques-au-canada\/letter-to-the-premier-of-ontario-may-1-2020\",\"url\":\"https:\/\/sonographycanada.ca\/fr\/ressources\/covid-19-declarations-ressources-et-renseignements-a-lintention-des-echographistes-medicaux-diagnostiques-au-canada\/letter-to-the-premier-of-ontario-may-1-2020\",\"name\":\"Lettre au Premier Ministre de l'Ontario - Le 1er Mai, 2020 (En anglais seulement) - \u00c9chographie Canada\",\"isPartOf\":{\"@id\":\"https:\/\/sonographycanada.ca\/#website\"},\"primaryImageOfPage\":{\"@id\":\"https:\/\/sonographycanada.ca\/fr\/ressources\/covid-19-declarations-ressources-et-renseignements-a-lintention-des-echographistes-medicaux-diagnostiques-au-canada\/letter-to-the-premier-of-ontario-may-1-2020#primaryimage\"},\"image\":{\"@id\":\"https:\/\/sonographycanada.ca\/fr\/ressources\/covid-19-declarations-ressources-et-renseignements-a-lintention-des-echographistes-medicaux-diagnostiques-au-canada\/letter-to-the-premier-of-ontario-may-1-2020#primaryimage\"},\"thumbnailUrl\":\"https:\/\/sonographycanada.ca\/app\/uploads\/2020\/05\/signature-victor-lee-1.jpg\",\"datePublished\":\"2020-05-04T13:49:27+00:00\",\"dateModified\":\"2020-05-05T10:03:56+00:00\",\"breadcrumb\":{\"@id\":\"https:\/\/sonographycanada.ca\/fr\/ressources\/covid-19-declarations-ressources-et-renseignements-a-lintention-des-echographistes-medicaux-diagnostiques-au-canada\/letter-to-the-premier-of-ontario-may-1-2020#breadcrumb\"},\"inLanguage\":\"fr-FR\",\"potentialAction\":[{\"@type\":\"ReadAction\",\"target\":[\"https:\/\/sonographycanada.ca\/fr\/ressources\/covid-19-declarations-ressources-et-renseignements-a-lintention-des-echographistes-medicaux-diagnostiques-au-canada\/letter-to-the-premier-of-ontario-may-1-2020\"]}]},{\"@type\":\"ImageObject\",\"inLanguage\":\"fr-FR\",\"@id\":\"https:\/\/sonographycanada.ca\/fr\/ressources\/covid-19-declarations-ressources-et-renseignements-a-lintention-des-echographistes-medicaux-diagnostiques-au-canada\/letter-to-the-premier-of-ontario-may-1-2020#primaryimage\",\"url\":\"https:\/\/sonographycanada.ca\/app\/uploads\/2020\/05\/signature-victor-lee-1.jpg\",\"contentUrl\":\"https:\/\/sonographycanada.ca\/app\/uploads\/2020\/05\/signature-victor-lee-1.jpg\"},{\"@type\":\"BreadcrumbList\",\"@id\":\"https:\/\/sonographycanada.ca\/fr\/ressources\/covid-19-declarations-ressources-et-renseignements-a-lintention-des-echographistes-medicaux-diagnostiques-au-canada\/letter-to-the-premier-of-ontario-may-1-2020#breadcrumb\",\"itemListElement\":[{\"@type\":\"ListItem\",\"position\":1,\"name\":\"Accueil\",\"item\":\"https:\/\/sonographycanada.ca\/fr\"},{\"@type\":\"ListItem\",\"position\":2,\"name\":\"Ressources\",\"item\":\"https:\/\/sonographycanada.ca\/fr\/ressources\"},{\"@type\":\"ListItem\",\"position\":3,\"name\":\"COVID-19 : D\u00e9clarations, ressources et renseignements \u00e0 l\u2019intention des \u00e9chographistes m\u00e9dicaux diagnostiques au Canada\",\"item\":\"https:\/\/sonographycanada.ca\/fr\/ressources\/covid-19-declarations-ressources-et-renseignements-a-lintention-des-echographistes-medicaux-diagnostiques-au-canada\"},{\"@type\":\"ListItem\",\"position\":4,\"name\":\"Lettre au Premier Ministre de l&#8217;Ontario &#8211; Le 1er Mai, 2020 (En anglais seulement)\"}]},{\"@type\":\"WebSite\",\"@id\":\"https:\/\/sonographycanada.ca\/#website\",\"url\":\"https:\/\/sonographycanada.ca\/\",\"name\":\"\u00c9chographie Canada\",\"description\":\"La voix des \u00e9chographistes m\u00e9dicaux diagnostiques au Canada\",\"potentialAction\":[{\"@type\":\"SearchAction\",\"target\":{\"@type\":\"EntryPoint\",\"urlTemplate\":\"https:\/\/sonographycanada.ca\/?s={search_term_string}\"},\"query-input\":{\"@type\":\"PropertyValueSpecification\",\"valueRequired\":true,\"valueName\":\"search_term_string\"}}],\"inLanguage\":\"fr-FR\"}]}<\/script>\n<!-- \/ Yoast SEO plugin. -->","yoast_head_json":{"title":"Lettre au Premier Ministre de l'Ontario - Le 1er Mai, 2020 (En anglais seulement) - \u00c9chographie Canada","robots":{"index":"index","follow":"follow","max-snippet":"max-snippet:-1","max-image-preview":"max-image-preview:large","max-video-preview":"max-video-preview:-1"},"canonical":"https:\/\/sonographycanada.ca\/fr\/ressources\/covid-19-declarations-ressources-et-renseignements-a-lintention-des-echographistes-medicaux-diagnostiques-au-canada\/letter-to-the-premier-of-ontario-may-1-2020","og_locale":"fr_FR","og_type":"article","og_title":"Lettre au Premier Ministre de l'Ontario - Le 1er Mai, 2020 (En anglais seulement) - \u00c9chographie Canada","og_description":"May 1, 2020 The Honourable Doug Ford, M.L.A. Premier of Ontario Legislative Building, Queen\u2019s Park Toronto, ON M7A 1A1 Dear Premier Ford, Sonography Canada would like to congratulate the Ontario government for its proactive and well-coordinated response to the COVID-19 pandemic, including the April 25, 2020 announcement regarding pandemic pay for frontline workers who are [&hellip;]","og_url":"https:\/\/sonographycanada.ca\/fr\/ressources\/covid-19-declarations-ressources-et-renseignements-a-lintention-des-echographistes-medicaux-diagnostiques-au-canada\/letter-to-the-premier-of-ontario-may-1-2020","og_site_name":"\u00c9chographie Canada","article_modified_time":"2020-05-05T10:03:56+00:00","og_image":[{"url":"https:\/\/sonographycanada.ca\/app\/uploads\/2020\/05\/signature-victor-lee-1.jpg"}],"twitter_card":"summary_large_image","twitter_misc":{"Est. reading time":"2 minutes"},"schema":{"@context":"https:\/\/schema.org","@graph":[{"@type":"WebPage","@id":"https:\/\/sonographycanada.ca\/fr\/ressources\/covid-19-declarations-ressources-et-renseignements-a-lintention-des-echographistes-medicaux-diagnostiques-au-canada\/letter-to-the-premier-of-ontario-may-1-2020","url":"https:\/\/sonographycanada.ca\/fr\/ressources\/covid-19-declarations-ressources-et-renseignements-a-lintention-des-echographistes-medicaux-diagnostiques-au-canada\/letter-to-the-premier-of-ontario-may-1-2020","name":"Lettre au Premier Ministre de l'Ontario - Le 1er Mai, 2020 (En anglais seulement) - \u00c9chographie Canada","isPartOf":{"@id":"https:\/\/sonographycanada.ca\/#website"},"primaryImageOfPage":{"@id":"https:\/\/sonographycanada.ca\/fr\/ressources\/covid-19-declarations-ressources-et-renseignements-a-lintention-des-echographistes-medicaux-diagnostiques-au-canada\/letter-to-the-premier-of-ontario-may-1-2020#primaryimage"},"image":{"@id":"https:\/\/sonographycanada.ca\/fr\/ressources\/covid-19-declarations-ressources-et-renseignements-a-lintention-des-echographistes-medicaux-diagnostiques-au-canada\/letter-to-the-premier-of-ontario-may-1-2020#primaryimage"},"thumbnailUrl":"https:\/\/sonographycanada.ca\/app\/uploads\/2020\/05\/signature-victor-lee-1.jpg","datePublished":"2020-05-04T13:49:27+00:00","dateModified":"2020-05-05T10:03:56+00:00","breadcrumb":{"@id":"https:\/\/sonographycanada.ca\/fr\/ressources\/covid-19-declarations-ressources-et-renseignements-a-lintention-des-echographistes-medicaux-diagnostiques-au-canada\/letter-to-the-premier-of-ontario-may-1-2020#breadcrumb"},"inLanguage":"fr-FR","potentialAction":[{"@type":"ReadAction","target":["https:\/\/sonographycanada.ca\/fr\/ressources\/covid-19-declarations-ressources-et-renseignements-a-lintention-des-echographistes-medicaux-diagnostiques-au-canada\/letter-to-the-premier-of-ontario-may-1-2020"]}]},{"@type":"ImageObject","inLanguage":"fr-FR","@id":"https:\/\/sonographycanada.ca\/fr\/ressources\/covid-19-declarations-ressources-et-renseignements-a-lintention-des-echographistes-medicaux-diagnostiques-au-canada\/letter-to-the-premier-of-ontario-may-1-2020#primaryimage","url":"https:\/\/sonographycanada.ca\/app\/uploads\/2020\/05\/signature-victor-lee-1.jpg","contentUrl":"https:\/\/sonographycanada.ca\/app\/uploads\/2020\/05\/signature-victor-lee-1.jpg"},{"@type":"BreadcrumbList","@id":"https:\/\/sonographycanada.ca\/fr\/ressources\/covid-19-declarations-ressources-et-renseignements-a-lintention-des-echographistes-medicaux-diagnostiques-au-canada\/letter-to-the-premier-of-ontario-may-1-2020#breadcrumb","itemListElement":[{"@type":"ListItem","position":1,"name":"Accueil","item":"https:\/\/sonographycanada.ca\/fr"},{"@type":"ListItem","position":2,"name":"Ressources","item":"https:\/\/sonographycanada.ca\/fr\/ressources"},{"@type":"ListItem","position":3,"name":"COVID-19 : D\u00e9clarations, ressources et renseignements \u00e0 l\u2019intention des \u00e9chographistes m\u00e9dicaux diagnostiques au Canada","item":"https:\/\/sonographycanada.ca\/fr\/ressources\/covid-19-declarations-ressources-et-renseignements-a-lintention-des-echographistes-medicaux-diagnostiques-au-canada"},{"@type":"ListItem","position":4,"name":"Lettre au Premier Ministre de l&#8217;Ontario &#8211; Le 1er Mai, 2020 (En anglais seulement)"}]},{"@type":"WebSite","@id":"https:\/\/sonographycanada.ca\/#website","url":"https:\/\/sonographycanada.ca\/","name":"\u00c9chographie Canada","description":"La voix des \u00e9chographistes m\u00e9dicaux diagnostiques au Canada","potentialAction":[{"@type":"SearchAction","target":{"@type":"EntryPoint","urlTemplate":"https:\/\/sonographycanada.ca\/?s={search_term_string}"},"query-input":{"@type":"PropertyValueSpecification","valueRequired":true,"valueName":"search_term_string"}}],"inLanguage":"fr-FR"}]}},"coauthors":[],"author_meta":{"author_link":"https:\/\/sonographycanada.ca\/fr\/author\/263a58fd-0292-4830-a513-b6bccee25d5d","display_name":"Riad Kadi"},"relative_dates":{"created":"Publi\u00e9 6 years il y a","modified":"Mis \u00e0 jour 6 years il y a"},"absolute_dates":{"created":"Publi\u00e9 le mai 4, 2020","modified":"Mise \u00e0 jour le mai 5, 2020"},"absolute_dates_time":{"created":"Publi\u00e9 le mai 4, 2020 1:49 pm","modified":"Mise \u00e0 jour le mai 5, 2020 10:03 am"},"featured_img_caption":"","featured_img":false,"series_order":"","_links":{"self":[{"href":"https:\/\/sonographycanada.ca\/fr\/wp-json\/wp\/v2\/pages\/49967"}],"collection":[{"href":"https:\/\/sonographycanada.ca\/fr\/wp-json\/wp\/v2\/pages"}],"about":[{"href":"https:\/\/sonographycanada.ca\/fr\/wp-json\/wp\/v2\/types\/page"}],"author":[{"embeddable":true,"href":"https:\/\/sonographycanada.ca\/fr\/wp-json\/wp\/v2\/users\/6718"}],"replies":[{"embeddable":true,"href":"https:\/\/sonographycanada.ca\/fr\/wp-json\/wp\/v2\/comments?post=49967"}],"version-history":[{"count":1,"href":"https:\/\/sonographycanada.ca\/fr\/wp-json\/wp\/v2\/pages\/49967\/revisions"}],"predecessor-version":[{"id":49969,"href":"https:\/\/sonographycanada.ca\/fr\/wp-json\/wp\/v2\/pages\/49967\/revisions\/49969"}],"up":[{"embeddable":true,"href":"https:\/\/sonographycanada.ca\/fr\/wp-json\/wp\/v2\/pages\/49947"}],"wp:attachment":[{"href":"https:\/\/sonographycanada.ca\/fr\/wp-json\/wp\/v2\/media?parent=49967"}],"curies":[{"name":"wp","href":"https:\/\/api.w.org\/{rel}","templated":true}]}}