{"id":502,"date":"2019-02-28T19:45:40","date_gmt":"2019-02-28T19:45:40","guid":{"rendered":"http:\/\/sonographycanada.ca\/?page_id=502"},"modified":"2019-08-21T20:20:59","modified_gmt":"2019-08-21T20:20:59","slug":"devenir-echographiste","status":"publish","type":"page","link":"https:\/\/sonographycanada.ca\/fr\/concernant-echographie\/devenir-echographiste","title":{"rendered":"Devenir \u00e9chographiste"},"content":{"rendered":"<p>L\u2019\u00e9chographie est une profession dynamique et en pleine croissance et les \u00e9chographistes sont en demande dans les h\u00f4pitaux, les cliniques d\u2019imagerie m\u00e9dicale et les \u00e9tablissements de soins de sant\u00e9 tertiaires.&nbsp; De nombreux \u00e9chographistes sont \u00e9galement des formateurs, des sp\u00e9cialistes d\u2019applications et des repr\u00e9sentants des ventes au service de fabricants de dispositifs m\u00e9dicaux ou sont des chercheurs. <\/p><p>\u00c9chographie Canada conseille aux personnes souhaitant devenir \u00e9chographiste de s\u2019inscrire \u00e0 un programme d\u2019\u00e9chographie de diagnostic m\u00e9dical accr\u00e9dit\u00e9\/agr\u00e9\u00e9 offert dans une douzaine d\u2019\u00e9tablissements d\u2019enseignement \u00e0 travers le pays.\u00a0 Le contenu des programmes et la dur\u00e9e des programmes d\u2019\u00e9chographie au Canada varient. \u00a0Il est possible d\u2019obtenir de la formation dans les trois domaines suivants : <\/p><ul class=\"wp-block-list\"><li>G\u00e9n\u00e9raliste&nbsp;\u2013&nbsp;comprend l\u2019abdomen, le bassin chez les hommes et les femmes, l\u2019obst\u00e9trique, la glande thyro\u00efde, etc. Les examens se font dans des cliniques ou dans des h\u00f4pitaux.  <br><\/li><li>Cardiaque&nbsp;\u2013&nbsp;comprend des \u00e9valuations au niveau du c\u0153ur chez des adultes; travaille habituellement avec des cardiologues <\/li><li> Vasculaire \u2013 comprend les \u00e9valuations des art\u00e8res et des veines dans les bras, les jambes, l\u2019abdomen, etc. : peut \u00eatre de mani\u00e8re g\u00e9n\u00e9rale ou dans un service sp\u00e9cialis\u00e9 avec des chirurgiens vasculaires<\/li><\/ul><p>Les programmes comptent un volet didactique (en classe) et un volet clinique.&nbsp; Apr\u00e8s avoir r\u00e9ussi un programme accr\u00e9dit\u00e9\/agr\u00e9\u00e9, les dipl\u00f4m\u00e9s sont admissibles \u00e0 l\u2019obtention de titres de comp\u00e9tence conf\u00e9r\u00e9s par \u00c9chographie Canada, apr\u00e8s avoir r\u00e9ussi nos examens de d\u00e9but de carri\u00e8re. Votre titre de comp\u00e9tence d\u2019\u00c9chographie Canada accompagnant votre nom, vous affirmez aux employeurs potentiels, \u00e0 d\u2019autres fournisseurs de soins de sant\u00e9 et au public que vous poss\u00e9dez les comp\u00e9tences et les connaissances, les aptitudes et le jugement requis pour pratiquer votre m\u00e9tier dans des domaines particuliers de l\u2019\u00e9chographie.&nbsp;&nbsp; Un titre de comp\u00e9tence d\u2019\u00c9chographie Canada est reconnu par les employeurs et les organismes de r\u00e9glementation de tout le pays.&nbsp; <\/p><p>Pour en voir plus, voir cette page sur les <a href=\"https:\/\/sonographycanada.ca\/fr\/concernant-echographie\/devenir-echographiste\/programmes-education\" target=\"_blank\" rel=\"noreferrer noopener\" aria-label=\"programmes d'education (opens in a new tab)\">programmes d&#8217;education<\/a><\/p>","protected":false},"excerpt":{"rendered":"<p>L\u2019\u00e9chographie est une profession dynamique et en pleine croissance et les \u00e9chographistes sont en demande dans les h\u00f4pitaux, les cliniques d\u2019imagerie m\u00e9dicale et les \u00e9tablissements de soins de sant\u00e9 tertiaires.&nbsp; De nombreux \u00e9chographistes sont \u00e9galement des formateurs, des sp\u00e9cialistes d\u2019applications et des repr\u00e9sentants des ventes au service de fabricants de dispositifs m\u00e9dicaux ou sont des [&hellip;]<\/p>\n","protected":false},"author":1,"featured_media":0,"parent":498,"menu_order":2020,"comment_status":"closed","ping_status":"closed","template":"","meta":{"_acf_changed":false,"advgb_blocks_editor_width":"","advgb_blocks_columns_visual_guide":"","wicket_organization":"","_seat_count":"","_member_id":[],"_edit_last":"99","_start_date":"","_end_date":"","footnotes":""},"class_list":["post-502","page","type-page","status-publish","hentry"],"acf":[],"yoast_head":"<!-- This site is optimized with the Yoast SEO plugin v23.5 - https:\/\/yoast.com\/wordpress\/plugins\/seo\/ -->\n<title>Devenir \u00e9chographiste - \u00c9chographie Canada<\/title>\n<meta name=\"robots\" content=\"index, follow, max-snippet:-1, max-image-preview:large, max-video-preview:-1\" \/>\n<link rel=\"canonical\" href=\"https:\/\/sonographycanada.ca\/fr\/concernant-echographie\/devenir-echographiste\" \/>\n<meta property=\"og:locale\" content=\"fr_FR\" \/>\n<meta property=\"og:type\" content=\"article\" \/>\n<meta property=\"og:title\" content=\"Devenir \u00e9chographiste - \u00c9chographie Canada\" \/>\n<meta property=\"og:description\" content=\"L\u2019\u00e9chographie est une profession dynamique et en pleine croissance et les \u00e9chographistes sont en demande dans les h\u00f4pitaux, les cliniques d\u2019imagerie m\u00e9dicale et les \u00e9tablissements de soins de sant\u00e9 tertiaires.&nbsp; De nombreux \u00e9chographistes sont \u00e9galement des formateurs, des sp\u00e9cialistes d\u2019applications et des repr\u00e9sentants des ventes au service de fabricants de dispositifs m\u00e9dicaux ou sont des [&hellip;]\" \/>\n<meta property=\"og:url\" content=\"https:\/\/sonographycanada.ca\/fr\/concernant-echographie\/devenir-echographiste\" \/>\n<meta property=\"og:site_name\" content=\"\u00c9chographie Canada\" \/>\n<meta property=\"article:modified_time\" content=\"2019-08-21T20:20:59+00:00\" \/>\n<meta name=\"twitter:card\" content=\"summary_large_image\" \/>\n<meta name=\"twitter:label1\" content=\"Est. reading time\" \/>\n\t<meta name=\"twitter:data1\" content=\"2 minutes\" \/>\n<script type=\"application\/ld+json\" class=\"yoast-schema-graph\">{\"@context\":\"https:\/\/schema.org\",\"@graph\":[{\"@type\":\"WebPage\",\"@id\":\"https:\/\/sonographycanada.ca\/fr\/concernant-echographie\/devenir-echographiste\",\"url\":\"https:\/\/sonographycanada.ca\/fr\/concernant-echographie\/devenir-echographiste\",\"name\":\"Devenir \u00e9chographiste - \u00c9chographie Canada\",\"isPartOf\":{\"@id\":\"https:\/\/sonographycanada.ca\/#website\"},\"datePublished\":\"2019-02-28T19:45:40+00:00\",\"dateModified\":\"2019-08-21T20:20:59+00:00\",\"breadcrumb\":{\"@id\":\"https:\/\/sonographycanada.ca\/fr\/concernant-echographie\/devenir-echographiste#breadcrumb\"},\"inLanguage\":\"fr-FR\",\"potentialAction\":[{\"@type\":\"ReadAction\",\"target\":[\"https:\/\/sonographycanada.ca\/fr\/concernant-echographie\/devenir-echographiste\"]}]},{\"@type\":\"BreadcrumbList\",\"@id\":\"https:\/\/sonographycanada.ca\/fr\/concernant-echographie\/devenir-echographiste#breadcrumb\",\"itemListElement\":[{\"@type\":\"ListItem\",\"position\":1,\"name\":\"Accueil\",\"item\":\"https:\/\/sonographycanada.ca\/fr\"},{\"@type\":\"ListItem\",\"position\":2,\"name\":\"Concernant l&#8217;\u00e9chographie\",\"item\":\"https:\/\/sonographycanada.ca\/fr\/concernant-echographie\"},{\"@type\":\"ListItem\",\"position\":3,\"name\":\"Devenir \u00e9chographiste\"}]},{\"@type\":\"WebSite\",\"@id\":\"https:\/\/sonographycanada.ca\/#website\",\"url\":\"https:\/\/sonographycanada.ca\/\",\"name\":\"\u00c9chographie Canada\",\"description\":\"La voix des \u00e9chographistes m\u00e9dicaux diagnostiques au Canada\",\"potentialAction\":[{\"@type\":\"SearchAction\",\"target\":{\"@type\":\"EntryPoint\",\"urlTemplate\":\"https:\/\/sonographycanada.ca\/?s={search_term_string}\"},\"query-input\":{\"@type\":\"PropertyValueSpecification\",\"valueRequired\":true,\"valueName\":\"search_term_string\"}}],\"inLanguage\":\"fr-FR\"}]}<\/script>\n<!-- \/ Yoast SEO plugin. -->","yoast_head_json":{"title":"Devenir \u00e9chographiste - \u00c9chographie Canada","robots":{"index":"index","follow":"follow","max-snippet":"max-snippet:-1","max-image-preview":"max-image-preview:large","max-video-preview":"max-video-preview:-1"},"canonical":"https:\/\/sonographycanada.ca\/fr\/concernant-echographie\/devenir-echographiste","og_locale":"fr_FR","og_type":"article","og_title":"Devenir \u00e9chographiste - \u00c9chographie Canada","og_description":"L\u2019\u00e9chographie est une profession dynamique et en pleine croissance et les \u00e9chographistes sont en demande dans les h\u00f4pitaux, les cliniques d\u2019imagerie m\u00e9dicale et les \u00e9tablissements de soins de sant\u00e9 tertiaires.&nbsp; De nombreux \u00e9chographistes sont \u00e9galement des formateurs, des sp\u00e9cialistes d\u2019applications et des repr\u00e9sentants des ventes au service de fabricants de dispositifs m\u00e9dicaux ou sont des [&hellip;]","og_url":"https:\/\/sonographycanada.ca\/fr\/concernant-echographie\/devenir-echographiste","og_site_name":"\u00c9chographie Canada","article_modified_time":"2019-08-21T20:20:59+00:00","twitter_card":"summary_large_image","twitter_misc":{"Est. reading time":"2 minutes"},"schema":{"@context":"https:\/\/schema.org","@graph":[{"@type":"WebPage","@id":"https:\/\/sonographycanada.ca\/fr\/concernant-echographie\/devenir-echographiste","url":"https:\/\/sonographycanada.ca\/fr\/concernant-echographie\/devenir-echographiste","name":"Devenir \u00e9chographiste - \u00c9chographie Canada","isPartOf":{"@id":"https:\/\/sonographycanada.ca\/#website"},"datePublished":"2019-02-28T19:45:40+00:00","dateModified":"2019-08-21T20:20:59+00:00","breadcrumb":{"@id":"https:\/\/sonographycanada.ca\/fr\/concernant-echographie\/devenir-echographiste#breadcrumb"},"inLanguage":"fr-FR","potentialAction":[{"@type":"ReadAction","target":["https:\/\/sonographycanada.ca\/fr\/concernant-echographie\/devenir-echographiste"]}]},{"@type":"BreadcrumbList","@id":"https:\/\/sonographycanada.ca\/fr\/concernant-echographie\/devenir-echographiste#breadcrumb","itemListElement":[{"@type":"ListItem","position":1,"name":"Accueil","item":"https:\/\/sonographycanada.ca\/fr"},{"@type":"ListItem","position":2,"name":"Concernant l&#8217;\u00e9chographie","item":"https:\/\/sonographycanada.ca\/fr\/concernant-echographie"},{"@type":"ListItem","position":3,"name":"Devenir \u00e9chographiste"}]},{"@type":"WebSite","@id":"https:\/\/sonographycanada.ca\/#website","url":"https:\/\/sonographycanada.ca\/","name":"\u00c9chographie Canada","description":"La voix des \u00e9chographistes m\u00e9dicaux diagnostiques au Canada","potentialAction":[{"@type":"SearchAction","target":{"@type":"EntryPoint","urlTemplate":"https:\/\/sonographycanada.ca\/?s={search_term_string}"},"query-input":{"@type":"PropertyValueSpecification","valueRequired":true,"valueName":"search_term_string"}}],"inLanguage":"fr-FR"}]}},"coauthors":[],"author_meta":{"author_link":"https:\/\/sonographycanada.ca\/fr\/author\/admin","display_name":"Kevin Andrews"},"relative_dates":{"created":"Publi\u00e9 7 years il y a","modified":"Mis \u00e0 jour 7 years il y a"},"absolute_dates":{"created":"Publi\u00e9 le f\u00e9vrier 28, 2019","modified":"Mise \u00e0 jour le ao\u00fbt 21, 2019"},"absolute_dates_time":{"created":"Publi\u00e9 le f\u00e9vrier 28, 2019 7:45 pm","modified":"Mise \u00e0 jour le ao\u00fbt 21, 2019 8:20 pm"},"featured_img_caption":"","featured_img":false,"series_order":"","_links":{"self":[{"href":"https:\/\/sonographycanada.ca\/fr\/wp-json\/wp\/v2\/pages\/502"}],"collection":[{"href":"https:\/\/sonographycanada.ca\/fr\/wp-json\/wp\/v2\/pages"}],"about":[{"href":"https:\/\/sonographycanada.ca\/fr\/wp-json\/wp\/v2\/types\/page"}],"author":[{"embeddable":true,"href":"https:\/\/sonographycanada.ca\/fr\/wp-json\/wp\/v2\/users\/1"}],"replies":[{"embeddable":true,"href":"https:\/\/sonographycanada.ca\/fr\/wp-json\/wp\/v2\/comments?post=502"}],"version-history":[{"count":5,"href":"https:\/\/sonographycanada.ca\/fr\/wp-json\/wp\/v2\/pages\/502\/revisions"}],"predecessor-version":[{"id":6268,"href":"https:\/\/sonographycanada.ca\/fr\/wp-json\/wp\/v2\/pages\/502\/revisions\/6268"}],"up":[{"embeddable":true,"href":"https:\/\/sonographycanada.ca\/fr\/wp-json\/wp\/v2\/pages\/498"}],"wp:attachment":[{"href":"https:\/\/sonographycanada.ca\/fr\/wp-json\/wp\/v2\/media?parent=502"}],"curies":[{"name":"wp","href":"https:\/\/api.w.org\/{rel}","templated":true}]}}