{"id":50339,"date":"2019-09-18T19:32:33","date_gmt":"2019-09-18T19:32:33","guid":{"rendered":"https:\/\/sonographycanada.ca\/developpement-professionnel\/programme-triennial-de-dpc\/cpd-faqs"},"modified":"2020-05-07T16:43:42","modified_gmt":"2020-05-07T16:43:42","slug":"foire-aux-questions-sur-les-dpcs","status":"publish","type":"page","link":"https:\/\/sonographycanada.ca\/fr\/membres\/programme-triennial-de-dpc\/foire-aux-questions-sur-les-dpcs","title":{"rendered":"Foire aux questions sur les DPCs"},"content":{"rendered":"<p>Le Syst\u00e8me de d\u00e9claration du d\u00e9veloppement professionnel continu (DPC) est disponible en ligne et est maintenant pleinement op\u00e9rationnel. Si vous ne trouvez pas la r\u00e9ponse \u00e0 votre question ici, veuillez acheminer un courriel \u00e0 <a href=\"mailto:info@sonographycanada.ca\">info@sonographycanada.ca<\/a> ou communiquez avec nous par t\u00e9l\u00e9phone. Nous ne travaillons pas dans nos bureaux \u00e0 l\u2019heure actuelle en raison des restrictions li\u00e9es au COVID-19 qui sont impos\u00e9es sur les milieux de travail. Toutefois, nous v\u00e9rifions nos messages au cours de la journ\u00e9e et nous retournons vos appels d\u00e8s que possible.<\/p><p><strong>Est-ce que tous les cr\u00e9dits de DPC et\nrenseignements seront transf\u00e9r\u00e9s au nouveau syst\u00e8me de d\u00e9claration en ligne?<\/strong><\/p><p><em>Vous devriez \u00eatre en mesure de voir l\u2019ensemble des cr\u00e9dits et certificats acquis depuis le 1 mai 2016. Veuillez noter qu\u2019il est uniquement possible pour vous de t\u00e9l\u00e9charger des certificats de confirmation d\u2019ach\u00e8vement pour les cr\u00e9dits que vous avez obtenus aupr\u00e8s d\u2019\u00c9chographie Canada depuis mai 2019, le moment auquel nous avons discontinu\u00e9 l\u2019ancien syst\u00e8me.<\/em><\/p><p><strong>Quand est-ce que mon triennat d\u00e9bute et\nprend fin?<\/strong><\/p><p><em>Tous les triennats d\u00e9butent le 1 janvier et se terminent le 31 d\u00e9cembre de la derni\u00e8re ann\u00e9e identifi\u00e9e pour le triennat d\u2019un membre.<\/em><\/p><p><strong>Puis-je reporter des cr\u00e9dits \u00e8 un nouveau triennat?<\/strong><\/p><p><em>\u00c0 l\u2019heure actuelle, il n\u2019est pas possible pour les membres de reporter des cr\u00e9dits \u00e0 un nouveau triennat. D\u2019un triennat \u00e0 un autre, tous les membres connaissent des fluctuations au niveau des cr\u00e9dits acquis. Toutefois, l\u2019intention du programme de DPC est d\u2019\u00e9tablir des exigences minimales en mati\u00e8re de nombre de cr\u00e9dits de d\u00e9veloppement professionnel continu qui doivent \u00eatre accumul\u00e9s annuellement (10 cr\u00e9dits) et au cours d\u2019un triennat (40 cr\u00e9dits) afin que les membres puissent maintenir leurs comp\u00e9tences, am\u00e9liorer leur pratique, et soutenir la formation continue.<\/em><\/p><p><strong>Est-ce que des cr\u00e9dits de DPC sont\naccord\u00e9s pour les examens initiaux d\u2019admission \u00e0 la profession?<\/strong><\/p><p><em>Nous n\u2019accordons plus de cr\u00e9dits de DPC pour avoir compl\u00e9t\u00e9 les examens initiaux d\u2019admission \u00e0 la profession. Si vous avez poursuivi vos \u00e9tudes envers l\u2019obtention de titres de comp\u00e9tence additionnels depuis que vous \u00eates devenu membre, ceux-ci sont admissibles pour l\u2019octroi de cr\u00e9dits de DPC.<\/em><\/p><p><strong>Des questions et r\u00e9ponses suppl\u00e9mentaires<\/strong>\u2013 liens rapides aux r\u00e9ponses qui se trouvent sur notre site internet.<\/p><p><a href=\"https:\/\/vimeo.com\/341425373\/5c88184795\">Comment\nfonctionne le programme de triennat de DPC? (vid\u00e9o en anglais)<\/a><strong><\/strong><\/p><p><a href=\"https:\/\/sonographycanada.ca\/fr\/developpement-professionnel\/programme-triennial-de-dpc\/categories-dactivites-de-dpc\">Comment fonctionne le programme de triennat et\nqu\u2019est-ce qui est requis pour compl\u00e9ter le mien?<\/a><strong><\/strong><\/p><p><a href=\"https:\/\/sonographycanada.ca\/fr\/developpement-professionnel\/programme-triennial-de-dpc\/categories-dactivites-de-dpc\">Quelle est la diff\u00e9rence entre les diverses cat\u00e9gories\nde cr\u00e9dits de DPC? Quelles sont toutes ces abr\u00e9viations?<\/a><strong><\/strong><\/p><p><a href=\"https:\/\/sonographycanada.ca\/professional-development\/track-credits\">O\u00f9 et comment puis-je t\u00e9l\u00e9charger mes certificats?<\/a><strong><\/strong><\/p><p><a href=\"https:\/\/sonographycanada.ca\/fr\/mon-compte\">Quand est-ce que mon triennat d\u00e9bute et prend fin?<\/a><\/p><p><a href=\"https:\/\/sonographycanada.ca\/fr\/mon-compte\">Combien\nde cr\u00e9dits ai-je accumul\u00e9s? Combien m\u2019en faut-il?<\/a><strong><\/strong><\/p><p><a href=\"https:\/\/sonographycanada.ca\/fr\/developpement-professionnel\/video-library\">\u00c0 quel endroit puis-je visionner des webinaires et vid\u00e9os\nafin d\u2019obtenir des cr\u00e9dits de DPC?<\/a><strong><\/strong><\/p><p><a href=\"https:\/\/sonographycanada.ca\/fr\/developpement-professionnel\/rcem-quiz\">Existe-t-il un lien pour acc\u00e9der aux quiz li\u00e9s aux\narticles de la <em>Revue canadienne de l\u2019\u00e9chographie m\u00e9dicale <\/em>(RCEM)?<\/a><\/p>","protected":false},"excerpt":{"rendered":"<p>Le Syst\u00e8me de d\u00e9claration du d\u00e9veloppement professionnel continu (DPC) est disponible en ligne et est maintenant pleinement op\u00e9rationnel. Si vous ne trouvez pas la r\u00e9ponse \u00e0 votre question ici, veuillez acheminer un courriel \u00e0 info@sonographycanada.ca ou communiquez avec nous par t\u00e9l\u00e9phone. Nous ne travaillons pas dans nos bureaux \u00e0 l\u2019heure actuelle en raison des restrictions [&hellip;]<\/p>\n","protected":false},"author":99,"featured_media":0,"parent":24863,"menu_order":0,"comment_status":"closed","ping_status":"closed","template":"","meta":{"_acf_changed":false,"advgb_blocks_editor_width":"","advgb_blocks_columns_visual_guide":"","wicket_organization":"","_seat_count":"","_member_id":[],"_edit_last":"6718","_start_date":"","_end_date":"","footnotes":""},"class_list":["post-50339","page","type-page","status-publish","hentry"],"acf":[],"yoast_head":"<!-- This site is optimized with the Yoast SEO plugin v23.5 - https:\/\/yoast.com\/wordpress\/plugins\/seo\/ -->\n<title>Foire aux questions sur les DPCs - \u00c9chographie Canada<\/title>\n<meta name=\"robots\" content=\"index, follow, max-snippet:-1, max-image-preview:large, max-video-preview:-1\" \/>\n<link rel=\"canonical\" href=\"https:\/\/sonographycanada.ca\/fr\/membres\/programme-triennial-de-dpc\/foire-aux-questions-sur-les-dpcs\" \/>\n<meta property=\"og:locale\" content=\"fr_FR\" \/>\n<meta property=\"og:type\" content=\"article\" \/>\n<meta property=\"og:title\" content=\"Foire aux questions sur les DPCs - \u00c9chographie Canada\" \/>\n<meta property=\"og:description\" content=\"Le Syst\u00e8me de d\u00e9claration du d\u00e9veloppement professionnel continu (DPC) est disponible en ligne et est maintenant pleinement op\u00e9rationnel. Si vous ne trouvez pas la r\u00e9ponse \u00e0 votre question ici, veuillez acheminer un courriel \u00e0 info@sonographycanada.ca ou communiquez avec nous par t\u00e9l\u00e9phone. Nous ne travaillons pas dans nos bureaux \u00e0 l\u2019heure actuelle en raison des restrictions [&hellip;]\" \/>\n<meta property=\"og:url\" content=\"https:\/\/sonographycanada.ca\/fr\/membres\/programme-triennial-de-dpc\/foire-aux-questions-sur-les-dpcs\" \/>\n<meta property=\"og:site_name\" content=\"\u00c9chographie Canada\" \/>\n<meta property=\"article:modified_time\" content=\"2020-05-07T16:43:42+00:00\" \/>\n<meta name=\"twitter:card\" content=\"summary_large_image\" \/>\n<meta name=\"twitter:label1\" content=\"Est. reading time\" \/>\n\t<meta name=\"twitter:data1\" content=\"3 minutes\" \/>\n<script type=\"application\/ld+json\" class=\"yoast-schema-graph\">{\"@context\":\"https:\/\/schema.org\",\"@graph\":[{\"@type\":\"WebPage\",\"@id\":\"https:\/\/sonographycanada.ca\/fr\/membres\/programme-triennial-de-dpc\/foire-aux-questions-sur-les-dpcs\",\"url\":\"https:\/\/sonographycanada.ca\/fr\/membres\/programme-triennial-de-dpc\/foire-aux-questions-sur-les-dpcs\",\"name\":\"Foire aux questions sur les DPCs - \u00c9chographie Canada\",\"isPartOf\":{\"@id\":\"https:\/\/sonographycanada.ca\/#website\"},\"datePublished\":\"2019-09-18T19:32:33+00:00\",\"dateModified\":\"2020-05-07T16:43:42+00:00\",\"breadcrumb\":{\"@id\":\"https:\/\/sonographycanada.ca\/fr\/membres\/programme-triennial-de-dpc\/foire-aux-questions-sur-les-dpcs#breadcrumb\"},\"inLanguage\":\"fr-FR\",\"potentialAction\":[{\"@type\":\"ReadAction\",\"target\":[\"https:\/\/sonographycanada.ca\/fr\/membres\/programme-triennial-de-dpc\/foire-aux-questions-sur-les-dpcs\"]}]},{\"@type\":\"BreadcrumbList\",\"@id\":\"https:\/\/sonographycanada.ca\/fr\/membres\/programme-triennial-de-dpc\/foire-aux-questions-sur-les-dpcs#breadcrumb\",\"itemListElement\":[{\"@type\":\"ListItem\",\"position\":1,\"name\":\"Accueil\",\"item\":\"https:\/\/sonographycanada.ca\/fr\"},{\"@type\":\"ListItem\",\"position\":2,\"name\":\"Membres\",\"item\":\"https:\/\/sonographycanada.ca\/fr\/membres\"},{\"@type\":\"ListItem\",\"position\":3,\"name\":\"Programme triennial de DPC\",\"item\":\"https:\/\/sonographycanada.ca\/fr\/membres\/programme-triennial-de-dpc\"},{\"@type\":\"ListItem\",\"position\":4,\"name\":\"Foire aux questions sur les DPCs\"}]},{\"@type\":\"WebSite\",\"@id\":\"https:\/\/sonographycanada.ca\/#website\",\"url\":\"https:\/\/sonographycanada.ca\/\",\"name\":\"\u00c9chographie Canada\",\"description\":\"La voix des \u00e9chographistes m\u00e9dicaux diagnostiques au Canada\",\"potentialAction\":[{\"@type\":\"SearchAction\",\"target\":{\"@type\":\"EntryPoint\",\"urlTemplate\":\"https:\/\/sonographycanada.ca\/?s={search_term_string}\"},\"query-input\":{\"@type\":\"PropertyValueSpecification\",\"valueRequired\":true,\"valueName\":\"search_term_string\"}}],\"inLanguage\":\"fr-FR\"}]}<\/script>\n<!-- \/ Yoast SEO plugin. -->","yoast_head_json":{"title":"Foire aux questions sur les DPCs - \u00c9chographie Canada","robots":{"index":"index","follow":"follow","max-snippet":"max-snippet:-1","max-image-preview":"max-image-preview:large","max-video-preview":"max-video-preview:-1"},"canonical":"https:\/\/sonographycanada.ca\/fr\/membres\/programme-triennial-de-dpc\/foire-aux-questions-sur-les-dpcs","og_locale":"fr_FR","og_type":"article","og_title":"Foire aux questions sur les DPCs - \u00c9chographie Canada","og_description":"Le Syst\u00e8me de d\u00e9claration du d\u00e9veloppement professionnel continu (DPC) est disponible en ligne et est maintenant pleinement op\u00e9rationnel. Si vous ne trouvez pas la r\u00e9ponse \u00e0 votre question ici, veuillez acheminer un courriel \u00e0 info@sonographycanada.ca ou communiquez avec nous par t\u00e9l\u00e9phone. Nous ne travaillons pas dans nos bureaux \u00e0 l\u2019heure actuelle en raison des restrictions [&hellip;]","og_url":"https:\/\/sonographycanada.ca\/fr\/membres\/programme-triennial-de-dpc\/foire-aux-questions-sur-les-dpcs","og_site_name":"\u00c9chographie Canada","article_modified_time":"2020-05-07T16:43:42+00:00","twitter_card":"summary_large_image","twitter_misc":{"Est. reading time":"3 minutes"},"schema":{"@context":"https:\/\/schema.org","@graph":[{"@type":"WebPage","@id":"https:\/\/sonographycanada.ca\/fr\/membres\/programme-triennial-de-dpc\/foire-aux-questions-sur-les-dpcs","url":"https:\/\/sonographycanada.ca\/fr\/membres\/programme-triennial-de-dpc\/foire-aux-questions-sur-les-dpcs","name":"Foire aux questions sur les DPCs - \u00c9chographie Canada","isPartOf":{"@id":"https:\/\/sonographycanada.ca\/#website"},"datePublished":"2019-09-18T19:32:33+00:00","dateModified":"2020-05-07T16:43:42+00:00","breadcrumb":{"@id":"https:\/\/sonographycanada.ca\/fr\/membres\/programme-triennial-de-dpc\/foire-aux-questions-sur-les-dpcs#breadcrumb"},"inLanguage":"fr-FR","potentialAction":[{"@type":"ReadAction","target":["https:\/\/sonographycanada.ca\/fr\/membres\/programme-triennial-de-dpc\/foire-aux-questions-sur-les-dpcs"]}]},{"@type":"BreadcrumbList","@id":"https:\/\/sonographycanada.ca\/fr\/membres\/programme-triennial-de-dpc\/foire-aux-questions-sur-les-dpcs#breadcrumb","itemListElement":[{"@type":"ListItem","position":1,"name":"Accueil","item":"https:\/\/sonographycanada.ca\/fr"},{"@type":"ListItem","position":2,"name":"Membres","item":"https:\/\/sonographycanada.ca\/fr\/membres"},{"@type":"ListItem","position":3,"name":"Programme triennial de DPC","item":"https:\/\/sonographycanada.ca\/fr\/membres\/programme-triennial-de-dpc"},{"@type":"ListItem","position":4,"name":"Foire aux questions sur les DPCs"}]},{"@type":"WebSite","@id":"https:\/\/sonographycanada.ca\/#website","url":"https:\/\/sonographycanada.ca\/","name":"\u00c9chographie Canada","description":"La voix des \u00e9chographistes m\u00e9dicaux diagnostiques au Canada","potentialAction":[{"@type":"SearchAction","target":{"@type":"EntryPoint","urlTemplate":"https:\/\/sonographycanada.ca\/?s={search_term_string}"},"query-input":{"@type":"PropertyValueSpecification","valueRequired":true,"valueName":"search_term_string"}}],"inLanguage":"fr-FR"}]}},"coauthors":[],"author_meta":{"author_link":"https:\/\/sonographycanada.ca\/fr\/author\/ce124cb3-74c2-4ca8-90e3-5f1af488d0df","display_name":"Beth Bresee"},"relative_dates":{"created":"Publi\u00e9 7 years il y a","modified":"Mis \u00e0 jour 6 years il y a"},"absolute_dates":{"created":"Publi\u00e9 le septembre 18, 2019","modified":"Mise \u00e0 jour le mai 7, 2020"},"absolute_dates_time":{"created":"Publi\u00e9 le septembre 18, 2019 7:32 pm","modified":"Mise \u00e0 jour le mai 7, 2020 4:43 pm"},"featured_img_caption":"","featured_img":false,"series_order":"","_links":{"self":[{"href":"https:\/\/sonographycanada.ca\/fr\/wp-json\/wp\/v2\/pages\/50339"}],"collection":[{"href":"https:\/\/sonographycanada.ca\/fr\/wp-json\/wp\/v2\/pages"}],"about":[{"href":"https:\/\/sonographycanada.ca\/fr\/wp-json\/wp\/v2\/types\/page"}],"author":[{"embeddable":true,"href":"https:\/\/sonographycanada.ca\/fr\/wp-json\/wp\/v2\/users\/99"}],"replies":[{"embeddable":true,"href":"https:\/\/sonographycanada.ca\/fr\/wp-json\/wp\/v2\/comments?post=50339"}],"version-history":[{"count":1,"href":"https:\/\/sonographycanada.ca\/fr\/wp-json\/wp\/v2\/pages\/50339\/revisions"}],"predecessor-version":[{"id":50340,"href":"https:\/\/sonographycanada.ca\/fr\/wp-json\/wp\/v2\/pages\/50339\/revisions\/50340"}],"up":[{"embeddable":true,"href":"https:\/\/sonographycanada.ca\/fr\/wp-json\/wp\/v2\/pages\/24863"}],"wp:attachment":[{"href":"https:\/\/sonographycanada.ca\/fr\/wp-json\/wp\/v2\/media?parent=50339"}],"curies":[{"name":"wp","href":"https:\/\/api.w.org\/{rel}","templated":true}]}}