{"id":504,"date":"2019-02-28T19:49:25","date_gmt":"2019-02-28T19:49:25","guid":{"rendered":"http:\/\/sonographycanada.ca\/?page_id=504"},"modified":"2025-09-18T13:48:04","modified_gmt":"2025-09-18T17:48:04","slug":"programmes-education","status":"publish","type":"page","link":"https:\/\/sonographycanada.ca\/fr\/concernant-echographie\/devenir-echographiste\/programmes-education","title":{"rendered":"Programmes d&#8217;\u00e9tudes"},"content":{"rendered":"<p>\u00c9chographie Canada ne peut approuver ni recommander des programmes d&#8217;\u00e9tudes en \u00e9chographie m\u00e9dicale diagnostique agr\u00e9\u00e9s ou inscrits qui figurent actuellement sur le site internet d&#8217;Agr\u00e9ment (Accreditation) Canada.  Les personnes int\u00e9ress\u00e9es \u00e0 en savoir plus sur les programmes offerts doivent communiquer directement avec les \u00e9coles.<\/p><h2 class=\"wp-block-heading\">Admissibilit\u00e9 aux examens<\/h2><p>Seuls les dipl\u00f4m\u00e9s de programmes <em>agr\u00e9\u00e9s<\/em> ou <em>agr\u00e9\u00e9s sous conditions<\/em> par Agr\u00e9ment (Accreditation) Canada peuvent s&#8217;inscrire aux examens de certification d&#8217;\u00c9chographie Canada. Veuillez <a rel=\"noreferrer noopener\" aria-label=\" (opens in a new tab)\" href=\"https:\/\/sonographycanada.ca\/app\/uploads\/2022\/01\/Exam-Eligibility-Policy-6nov2021-FR-final-for-website.pdf\" target=\"_blank\">cliquer ici<\/a> pour consulter la politique d&#8217;admissibilit\u00e9 des dipl\u00f4m\u00e9s de programmes accr\u00e9dit\u00e9s.<\/p><h2 class=\"wp-block-heading\">Programmes d&#8217;\u00e9tudes agr\u00e9\u00e9s en \u00e9chographie<\/h2><p>Agr\u00e9ment (Accreditation) Canada (<a href=\"https:\/\/accreditation.ca\/ca-fr\/?acref=self\">www.accreditation.ca<\/a>) offre des services d&#8217;accr\u00e9ditation pour les programmes d&#8217;enseignement en \u00e9chographie m\u00e9dicale diagnostique au Canada.  Vous pouvez consulter la liste actuelle et le statut des programmes agr\u00e9\u00e9s <a href=\"https:\/\/accreditation.ca\/ca-fr\/agrement-de-leducation-en-sante\/programmes-deducation\/?acref=self\">ici<\/a> et s\u00e9lectionnez la cat\u00e9gorie <em>\u00ab<\/em>\u00c9chographie m\u00e9dicale<em>\u00bb<\/em>.<\/p><p>Agr\u00e9ment (Accreditation) Canada accorde l&#8217;un des statuts suivants aux programmes identifi\u00e9s sur leur liste :<\/p><p><\/p><p><strong>AGR\u00c9\u00c9<\/strong><br>Le programme d\u2019\u00e9tudes est conforme \u00e0 la norme d\u2019agr\u00e9ment. Le statut \u00ab agr\u00e9\u00e9 \u00bb expire six ans apr\u00e8s que l\u2019agr\u00e9ment a \u00e9t\u00e9 accord\u00e9. Les dipl\u00f4m\u00e9s d\u2019un programme agr\u00e9\u00e9 peuvent \u00eatre admissibles \u00e0 d\u2019autres titres, certificats ou agr\u00e9ments requis par la profession ou l\u2019organisme de r\u00e9glementation.<\/p><p><strong>AGR\u00c9\u00c9 SOUS CONDITION<\/strong><br>Le programme d\u2019\u00e9tudes est partiellement conforme \u00e0 la norme d\u2019agr\u00e9ment. Pour conserver son statut d\u2019agr\u00e9ment, le programme d\u2019\u00e9tudes doit apporter des changements pr\u00e9cis dans les deux ans suivant l\u2019obtention du statut \u00ab agr\u00e9\u00e9 sous condition \u00bb. Cela \u00e9tant dit, les \u00e9tudiants du programme doivent \u00eatre inform\u00e9s du risque que le statut d\u2019agr\u00e9ment soit retir\u00e9 pour cause d\u2019incapacit\u00e9 du programme \u00e0 apporter les changements n\u00e9cessaires. Si le programme apporte les changements requis, il obtient le statut d\u2019agr\u00e9ment et ses \u00e9tudiants peuvent \u00eatre admissibles \u00e0 d\u2019autres titres, certificats ou agr\u00e9ments requis par la profession ou l\u2019organisme de r\u00e9glementation.<\/p><p><strong>ADMIS<\/strong>&nbsp;(anciennement \u00ab inscrit \u00bb)<br>Le programme d\u2019\u00e9tudes a demand\u00e9 l\u2019agr\u00e9ment et le processus d\u2019agr\u00e9ment est en cours. Le statut \u00ab admis \u00bb expire trois ans apr\u00e8s la date d\u2019admission, sauf indication contraire. Il est sugg\u00e9r\u00e9 aux \u00e9tudiants de surveiller le statut d\u2019agr\u00e9ment du programme admis pour s\u2019assurer que le programme obtient le statut \u00ab agr\u00e9\u00e9 \u00bb avant l\u2019obtention de leur dipl\u00f4me. Il se peut que les \u00e9tudiants inscrits \u00e0 un programme d\u2019\u00e9tudes n\u2019ayant pas le statut \u00ab agr\u00e9\u00e9 \u00bb au moment de l\u2019obtention de leur dipl\u00f4me ne soient pas admissibles \u00e0 d\u2019autres titres, certificats ou agr\u00e9ments requis par la profession ou l\u2019organisme de r\u00e9glementation.<\/p><p><\/p>","protected":false},"excerpt":{"rendered":"<p>\u00c9chographie Canada ne peut approuver ni recommander des programmes d&#8217;\u00e9tudes en \u00e9chographie m\u00e9dicale diagnostique agr\u00e9\u00e9s ou inscrits qui figurent actuellement sur le site internet d&#8217;Agr\u00e9ment (Accreditation) Canada. Les personnes int\u00e9ress\u00e9es \u00e0 en savoir plus sur les programmes offerts doivent communiquer directement avec les \u00e9coles. Admissibilit\u00e9 aux examens Seuls les dipl\u00f4m\u00e9s de programmes agr\u00e9\u00e9s ou agr\u00e9\u00e9s [&hellip;]<\/p>\n","protected":false},"author":1,"featured_media":0,"parent":502,"menu_order":202010,"comment_status":"closed","ping_status":"closed","template":"","meta":{"_acf_changed":false,"advgb_blocks_editor_width":"","advgb_blocks_columns_visual_guide":"","wicket_organization":"","_seat_count":"","_member_id":[],"_edit_last":"31","_start_date":"","_end_date":"","footnotes":""},"class_list":["post-504","page","type-page","status-publish","hentry"],"acf":[],"yoast_head":"<!-- This site is optimized with the Yoast SEO plugin v23.5 - https:\/\/yoast.com\/wordpress\/plugins\/seo\/ -->\n<title>Programmes d&#039;\u00e9tudes - \u00c9chographie Canada<\/title>\n<meta name=\"robots\" content=\"index, follow, max-snippet:-1, max-image-preview:large, max-video-preview:-1\" \/>\n<link rel=\"canonical\" href=\"https:\/\/sonographycanada.ca\/fr\/concernant-echographie\/devenir-echographiste\/programmes-education\" \/>\n<meta property=\"og:locale\" content=\"fr_FR\" \/>\n<meta property=\"og:type\" content=\"article\" \/>\n<meta property=\"og:title\" content=\"Programmes d&#039;\u00e9tudes - \u00c9chographie Canada\" \/>\n<meta property=\"og:description\" content=\"\u00c9chographie Canada ne peut approuver ni recommander des programmes d&#8217;\u00e9tudes en \u00e9chographie m\u00e9dicale diagnostique agr\u00e9\u00e9s ou inscrits qui figurent actuellement sur le site internet d&#8217;Agr\u00e9ment (Accreditation) Canada. Les personnes int\u00e9ress\u00e9es \u00e0 en savoir plus sur les programmes offerts doivent communiquer directement avec les \u00e9coles. Admissibilit\u00e9 aux examens Seuls les dipl\u00f4m\u00e9s de programmes agr\u00e9\u00e9s ou agr\u00e9\u00e9s [&hellip;]\" \/>\n<meta property=\"og:url\" content=\"https:\/\/sonographycanada.ca\/fr\/concernant-echographie\/devenir-echographiste\/programmes-education\" \/>\n<meta property=\"og:site_name\" content=\"\u00c9chographie Canada\" \/>\n<meta property=\"article:modified_time\" content=\"2025-09-18T17:48:04+00:00\" \/>\n<meta name=\"twitter:card\" content=\"summary_large_image\" \/>\n<meta name=\"twitter:label1\" content=\"Est. reading time\" \/>\n\t<meta name=\"twitter:data1\" content=\"2 minutes\" \/>\n<script type=\"application\/ld+json\" class=\"yoast-schema-graph\">{\"@context\":\"https:\/\/schema.org\",\"@graph\":[{\"@type\":\"WebPage\",\"@id\":\"https:\/\/sonographycanada.ca\/fr\/concernant-echographie\/devenir-echographiste\/programmes-education\",\"url\":\"https:\/\/sonographycanada.ca\/fr\/concernant-echographie\/devenir-echographiste\/programmes-education\",\"name\":\"Programmes d'\u00e9tudes - \u00c9chographie Canada\",\"isPartOf\":{\"@id\":\"https:\/\/sonographycanada.ca\/#website\"},\"datePublished\":\"2019-02-28T19:49:25+00:00\",\"dateModified\":\"2025-09-18T17:48:04+00:00\",\"breadcrumb\":{\"@id\":\"https:\/\/sonographycanada.ca\/fr\/concernant-echographie\/devenir-echographiste\/programmes-education#breadcrumb\"},\"inLanguage\":\"fr-FR\",\"potentialAction\":[{\"@type\":\"ReadAction\",\"target\":[\"https:\/\/sonographycanada.ca\/fr\/concernant-echographie\/devenir-echographiste\/programmes-education\"]}]},{\"@type\":\"BreadcrumbList\",\"@id\":\"https:\/\/sonographycanada.ca\/fr\/concernant-echographie\/devenir-echographiste\/programmes-education#breadcrumb\",\"itemListElement\":[{\"@type\":\"ListItem\",\"position\":1,\"name\":\"Accueil\",\"item\":\"https:\/\/sonographycanada.ca\/fr\"},{\"@type\":\"ListItem\",\"position\":2,\"name\":\"Concernant l&#8217;\u00e9chographie\",\"item\":\"https:\/\/sonographycanada.ca\/fr\/concernant-echographie\"},{\"@type\":\"ListItem\",\"position\":3,\"name\":\"Devenir \u00e9chographiste\",\"item\":\"https:\/\/sonographycanada.ca\/fr\/concernant-echographie\/devenir-echographiste\"},{\"@type\":\"ListItem\",\"position\":4,\"name\":\"Programmes d&#8217;\u00e9tudes\"}]},{\"@type\":\"WebSite\",\"@id\":\"https:\/\/sonographycanada.ca\/#website\",\"url\":\"https:\/\/sonographycanada.ca\/\",\"name\":\"\u00c9chographie Canada\",\"description\":\"La voix des \u00e9chographistes m\u00e9dicaux diagnostiques au Canada\",\"potentialAction\":[{\"@type\":\"SearchAction\",\"target\":{\"@type\":\"EntryPoint\",\"urlTemplate\":\"https:\/\/sonographycanada.ca\/?s={search_term_string}\"},\"query-input\":{\"@type\":\"PropertyValueSpecification\",\"valueRequired\":true,\"valueName\":\"search_term_string\"}}],\"inLanguage\":\"fr-FR\"}]}<\/script>\n<!-- \/ Yoast SEO plugin. -->","yoast_head_json":{"title":"Programmes d'\u00e9tudes - \u00c9chographie Canada","robots":{"index":"index","follow":"follow","max-snippet":"max-snippet:-1","max-image-preview":"max-image-preview:large","max-video-preview":"max-video-preview:-1"},"canonical":"https:\/\/sonographycanada.ca\/fr\/concernant-echographie\/devenir-echographiste\/programmes-education","og_locale":"fr_FR","og_type":"article","og_title":"Programmes d'\u00e9tudes - \u00c9chographie Canada","og_description":"\u00c9chographie Canada ne peut approuver ni recommander des programmes d&#8217;\u00e9tudes en \u00e9chographie m\u00e9dicale diagnostique agr\u00e9\u00e9s ou inscrits qui figurent actuellement sur le site internet d&#8217;Agr\u00e9ment (Accreditation) Canada. Les personnes int\u00e9ress\u00e9es \u00e0 en savoir plus sur les programmes offerts doivent communiquer directement avec les \u00e9coles. Admissibilit\u00e9 aux examens Seuls les dipl\u00f4m\u00e9s de programmes agr\u00e9\u00e9s ou agr\u00e9\u00e9s [&hellip;]","og_url":"https:\/\/sonographycanada.ca\/fr\/concernant-echographie\/devenir-echographiste\/programmes-education","og_site_name":"\u00c9chographie Canada","article_modified_time":"2025-09-18T17:48:04+00:00","twitter_card":"summary_large_image","twitter_misc":{"Est. reading time":"2 minutes"},"schema":{"@context":"https:\/\/schema.org","@graph":[{"@type":"WebPage","@id":"https:\/\/sonographycanada.ca\/fr\/concernant-echographie\/devenir-echographiste\/programmes-education","url":"https:\/\/sonographycanada.ca\/fr\/concernant-echographie\/devenir-echographiste\/programmes-education","name":"Programmes d'\u00e9tudes - \u00c9chographie Canada","isPartOf":{"@id":"https:\/\/sonographycanada.ca\/#website"},"datePublished":"2019-02-28T19:49:25+00:00","dateModified":"2025-09-18T17:48:04+00:00","breadcrumb":{"@id":"https:\/\/sonographycanada.ca\/fr\/concernant-echographie\/devenir-echographiste\/programmes-education#breadcrumb"},"inLanguage":"fr-FR","potentialAction":[{"@type":"ReadAction","target":["https:\/\/sonographycanada.ca\/fr\/concernant-echographie\/devenir-echographiste\/programmes-education"]}]},{"@type":"BreadcrumbList","@id":"https:\/\/sonographycanada.ca\/fr\/concernant-echographie\/devenir-echographiste\/programmes-education#breadcrumb","itemListElement":[{"@type":"ListItem","position":1,"name":"Accueil","item":"https:\/\/sonographycanada.ca\/fr"},{"@type":"ListItem","position":2,"name":"Concernant l&#8217;\u00e9chographie","item":"https:\/\/sonographycanada.ca\/fr\/concernant-echographie"},{"@type":"ListItem","position":3,"name":"Devenir \u00e9chographiste","item":"https:\/\/sonographycanada.ca\/fr\/concernant-echographie\/devenir-echographiste"},{"@type":"ListItem","position":4,"name":"Programmes d&#8217;\u00e9tudes"}]},{"@type":"WebSite","@id":"https:\/\/sonographycanada.ca\/#website","url":"https:\/\/sonographycanada.ca\/","name":"\u00c9chographie Canada","description":"La voix des \u00e9chographistes m\u00e9dicaux diagnostiques au Canada","potentialAction":[{"@type":"SearchAction","target":{"@type":"EntryPoint","urlTemplate":"https:\/\/sonographycanada.ca\/?s={search_term_string}"},"query-input":{"@type":"PropertyValueSpecification","valueRequired":true,"valueName":"search_term_string"}}],"inLanguage":"fr-FR"}]}},"coauthors":[],"author_meta":{"author_link":"https:\/\/sonographycanada.ca\/fr\/author\/admin","display_name":"Kevin Andrews"},"relative_dates":{"created":"Publi\u00e9 7 years il y a","modified":"Mis \u00e0 jour 7 months il y a"},"absolute_dates":{"created":"Publi\u00e9 le f\u00e9vrier 28, 2019","modified":"Mise \u00e0 jour le septembre 18, 2025"},"absolute_dates_time":{"created":"Publi\u00e9 le f\u00e9vrier 28, 2019 7:49 pm","modified":"Mise \u00e0 jour le septembre 18, 2025 1:48 pm"},"featured_img_caption":"","featured_img":false,"series_order":"","_links":{"self":[{"href":"https:\/\/sonographycanada.ca\/fr\/wp-json\/wp\/v2\/pages\/504"}],"collection":[{"href":"https:\/\/sonographycanada.ca\/fr\/wp-json\/wp\/v2\/pages"}],"about":[{"href":"https:\/\/sonographycanada.ca\/fr\/wp-json\/wp\/v2\/types\/page"}],"author":[{"embeddable":true,"href":"https:\/\/sonographycanada.ca\/fr\/wp-json\/wp\/v2\/users\/1"}],"replies":[{"embeddable":true,"href":"https:\/\/sonographycanada.ca\/fr\/wp-json\/wp\/v2\/comments?post=504"}],"version-history":[{"count":32,"href":"https:\/\/sonographycanada.ca\/fr\/wp-json\/wp\/v2\/pages\/504\/revisions"}],"predecessor-version":[{"id":292391,"href":"https:\/\/sonographycanada.ca\/fr\/wp-json\/wp\/v2\/pages\/504\/revisions\/292391"}],"up":[{"embeddable":true,"href":"https:\/\/sonographycanada.ca\/fr\/wp-json\/wp\/v2\/pages\/502"}],"wp:attachment":[{"href":"https:\/\/sonographycanada.ca\/fr\/wp-json\/wp\/v2\/media?parent=504"}],"curies":[{"name":"wp","href":"https:\/\/api.w.org\/{rel}","templated":true}]}}