{"id":506,"date":"2019-02-28T19:55:02","date_gmt":"2019-02-28T19:55:02","guid":{"rendered":"http:\/\/sonographycanada.ca\/?page_id=506"},"modified":"2026-01-14T11:51:39","modified_gmt":"2026-01-14T16:51:39","slug":"competences-normes","status":"publish","type":"page","link":"https:\/\/sonographycanada.ca\/fr\/ressources\/competences-normes","title":{"rendered":"Comp\u00e9tences et normes"},"content":{"rendered":"<p><em>Publi\u00e9 le 28 octobre, 2021<\/em><\/p><hr class=\"wp-block-separator has-css-opacity\"\/><h2 class=\"wp-block-heading\">Profils nationaux des comp\u00e9tences<\/h2><p>Les Profils nationaux des comp\u00e9tences (PNC) d\u00e9crivent les comp\u00e9tences attendues des \u00e9chographistes en d\u00e9but de carri\u00e8re pour les trois cat\u00e9gories de certification. Les profils visent tout d\u2019abord \u00e0 \u00e9tablir les normes de formation et de certification.<\/p><p>Agr\u00e9ment Canada a accept\u00e9 d\u2019utiliser les PNC pour l\u2019accr\u00e9ditation des programmes de formation en \u00e9chographie. En plus d\u2019avoir \u00e0 r\u00e9pondre \u00e0 d\u2019autres exigences, les programmes agr\u00e9\u00e9s\/accr\u00e9dit\u00e9s doivent reposer sur un programme d\u2019\u00e9tudes et des activit\u00e9s d\u2019apprentissage qui feront en sorte que les dipl\u00f4m\u00e9s poss\u00e8dent toutes les comp\u00e9tences (aptitudes) \u00e9num\u00e9r\u00e9es dans la section correspondante du PNC.<\/p><p>Les PNC \u00e9tablissent une norme de formation minimale; les programmes peuvent, \u00e0 leur discr\u00e9tion, inclure des composantes suppl\u00e9mentaires afin de r\u00e9pondre aux besoins locaux et r\u00e9gionaux. Pour accorder une certification comme \u00e9chographiste, \u00c9chographie Canada \u00e9value le niveau de comp\u00e9tence des candidats en utilisant des m\u00e9thodes d\u2019\u00e9valuation cliniques et des m\u00e9thodes ax\u00e9es sur les connaissances acquises. Les principes g\u00e9n\u00e9raux de ces m\u00e9thodes d\u2019\u00e9valuation sont fond\u00e9s sur les PNC.<\/p><p>Puisqu\u2019ils fournissent de l\u2019information au sujet des t\u00e2ches professionnelles dont pourraient devoir s\u2019acquitter les \u00e9chographistes, les PNC seront \u00e9galement utiles \u00e0 bien d\u2019autres intervenants au sein de la profession : employeurs, m\u00e9decins, \u00e9chographistes praticiens, \u00e9tudiants, organismes gouvernementaux et le grand public.<\/p><p>Les examens sur les connaissances seront fond\u00e9s sur un mod\u00e8le qui d\u00e9coule de la <a href=\"https:\/\/sonographycanada.ca\/app\/uploads\/2021\/10\/Sonography-Canada-NCP-6.1-FR-for-website-10.20.2021.pdf\">version 6.1<\/a>\u00a0et ce, \u00e0 compter du mois de janvier 2022.\u00a0<strong> <\/strong><\/p><p><strong>A compter de Janvier 2027,&nbsp;<\/strong>les examens de certification seront bas\u00e9s sur les&nbsp;<a href=\"https:\/\/sonographycanada.ca\/app\/uploads\/2025\/11\/Sonography-Canada-NCP-7.0-final-FR.pdf\">PNC 7.0<\/a>; Les plans d\u2019examen pour la version 7.0 sont actuellement en cours d\u00e9veloppement.<\/p><p><\/p>","protected":false},"excerpt":{"rendered":"<p>Publi\u00e9 le 28 octobre, 2021 Profils nationaux des comp\u00e9tences Les Profils nationaux des comp\u00e9tences (PNC) d\u00e9crivent les comp\u00e9tences attendues des \u00e9chographistes en d\u00e9but de carri\u00e8re pour les trois cat\u00e9gories de certification. Les profils visent tout d\u2019abord \u00e0 \u00e9tablir les normes de formation et de certification. Agr\u00e9ment Canada a accept\u00e9 d\u2019utiliser les PNC pour l\u2019accr\u00e9ditation des [&hellip;]<\/p>\n","protected":false},"author":1,"featured_media":0,"parent":557,"menu_order":2030,"comment_status":"closed","ping_status":"closed","template":"","meta":{"_acf_changed":false,"advgb_blocks_editor_width":"","advgb_blocks_columns_visual_guide":"","wicket_organization":"","_seat_count":"","_member_id":[],"_edit_last":"11984","_start_date":"","_end_date":"","footnotes":""},"class_list":["post-506","page","type-page","status-publish","hentry"],"acf":[],"yoast_head":"<!-- This site is optimized with the Yoast SEO plugin v23.5 - https:\/\/yoast.com\/wordpress\/plugins\/seo\/ -->\n<title>Comp\u00e9tences et normes - \u00c9chographie Canada<\/title>\n<meta name=\"robots\" content=\"index, follow, max-snippet:-1, max-image-preview:large, max-video-preview:-1\" \/>\n<link rel=\"canonical\" href=\"https:\/\/sonographycanada.ca\/fr\/ressources\/competences-normes\" \/>\n<meta property=\"og:locale\" content=\"fr_FR\" \/>\n<meta property=\"og:type\" content=\"article\" \/>\n<meta property=\"og:title\" content=\"Comp\u00e9tences et normes - \u00c9chographie Canada\" \/>\n<meta property=\"og:description\" content=\"Publi\u00e9 le 28 octobre, 2021 Profils nationaux des comp\u00e9tences Les Profils nationaux des comp\u00e9tences (PNC) d\u00e9crivent les comp\u00e9tences attendues des \u00e9chographistes en d\u00e9but de carri\u00e8re pour les trois cat\u00e9gories de certification. Les profils visent tout d\u2019abord \u00e0 \u00e9tablir les normes de formation et de certification. Agr\u00e9ment Canada a accept\u00e9 d\u2019utiliser les PNC pour l\u2019accr\u00e9ditation des [&hellip;]\" \/>\n<meta property=\"og:url\" content=\"https:\/\/sonographycanada.ca\/fr\/ressources\/competences-normes\" \/>\n<meta property=\"og:site_name\" content=\"\u00c9chographie Canada\" \/>\n<meta property=\"article:modified_time\" content=\"2026-01-14T16:51:39+00:00\" \/>\n<meta name=\"twitter:card\" content=\"summary_large_image\" \/>\n<meta name=\"twitter:label1\" content=\"Est. reading time\" \/>\n\t<meta name=\"twitter:data1\" content=\"2 minutes\" \/>\n<script type=\"application\/ld+json\" class=\"yoast-schema-graph\">{\"@context\":\"https:\/\/schema.org\",\"@graph\":[{\"@type\":\"WebPage\",\"@id\":\"https:\/\/sonographycanada.ca\/fr\/ressources\/competences-normes\",\"url\":\"https:\/\/sonographycanada.ca\/fr\/ressources\/competences-normes\",\"name\":\"Comp\u00e9tences et normes - \u00c9chographie Canada\",\"isPartOf\":{\"@id\":\"https:\/\/sonographycanada.ca\/#website\"},\"datePublished\":\"2019-02-28T19:55:02+00:00\",\"dateModified\":\"2026-01-14T16:51:39+00:00\",\"breadcrumb\":{\"@id\":\"https:\/\/sonographycanada.ca\/fr\/ressources\/competences-normes#breadcrumb\"},\"inLanguage\":\"fr-FR\",\"potentialAction\":[{\"@type\":\"ReadAction\",\"target\":[\"https:\/\/sonographycanada.ca\/fr\/ressources\/competences-normes\"]}]},{\"@type\":\"BreadcrumbList\",\"@id\":\"https:\/\/sonographycanada.ca\/fr\/ressources\/competences-normes#breadcrumb\",\"itemListElement\":[{\"@type\":\"ListItem\",\"position\":1,\"name\":\"Accueil\",\"item\":\"https:\/\/sonographycanada.ca\/fr\"},{\"@type\":\"ListItem\",\"position\":2,\"name\":\"Ressources\",\"item\":\"https:\/\/sonographycanada.ca\/fr\/ressources\"},{\"@type\":\"ListItem\",\"position\":3,\"name\":\"Comp\u00e9tences et normes\"}]},{\"@type\":\"WebSite\",\"@id\":\"https:\/\/sonographycanada.ca\/#website\",\"url\":\"https:\/\/sonographycanada.ca\/\",\"name\":\"\u00c9chographie Canada\",\"description\":\"La voix des \u00e9chographistes m\u00e9dicaux diagnostiques au Canada\",\"potentialAction\":[{\"@type\":\"SearchAction\",\"target\":{\"@type\":\"EntryPoint\",\"urlTemplate\":\"https:\/\/sonographycanada.ca\/?s={search_term_string}\"},\"query-input\":{\"@type\":\"PropertyValueSpecification\",\"valueRequired\":true,\"valueName\":\"search_term_string\"}}],\"inLanguage\":\"fr-FR\"}]}<\/script>\n<!-- \/ Yoast SEO plugin. -->","yoast_head_json":{"title":"Comp\u00e9tences et normes - \u00c9chographie Canada","robots":{"index":"index","follow":"follow","max-snippet":"max-snippet:-1","max-image-preview":"max-image-preview:large","max-video-preview":"max-video-preview:-1"},"canonical":"https:\/\/sonographycanada.ca\/fr\/ressources\/competences-normes","og_locale":"fr_FR","og_type":"article","og_title":"Comp\u00e9tences et normes - \u00c9chographie Canada","og_description":"Publi\u00e9 le 28 octobre, 2021 Profils nationaux des comp\u00e9tences Les Profils nationaux des comp\u00e9tences (PNC) d\u00e9crivent les comp\u00e9tences attendues des \u00e9chographistes en d\u00e9but de carri\u00e8re pour les trois cat\u00e9gories de certification. Les profils visent tout d\u2019abord \u00e0 \u00e9tablir les normes de formation et de certification. Agr\u00e9ment Canada a accept\u00e9 d\u2019utiliser les PNC pour l\u2019accr\u00e9ditation des [&hellip;]","og_url":"https:\/\/sonographycanada.ca\/fr\/ressources\/competences-normes","og_site_name":"\u00c9chographie Canada","article_modified_time":"2026-01-14T16:51:39+00:00","twitter_card":"summary_large_image","twitter_misc":{"Est. reading time":"2 minutes"},"schema":{"@context":"https:\/\/schema.org","@graph":[{"@type":"WebPage","@id":"https:\/\/sonographycanada.ca\/fr\/ressources\/competences-normes","url":"https:\/\/sonographycanada.ca\/fr\/ressources\/competences-normes","name":"Comp\u00e9tences et normes - \u00c9chographie Canada","isPartOf":{"@id":"https:\/\/sonographycanada.ca\/#website"},"datePublished":"2019-02-28T19:55:02+00:00","dateModified":"2026-01-14T16:51:39+00:00","breadcrumb":{"@id":"https:\/\/sonographycanada.ca\/fr\/ressources\/competences-normes#breadcrumb"},"inLanguage":"fr-FR","potentialAction":[{"@type":"ReadAction","target":["https:\/\/sonographycanada.ca\/fr\/ressources\/competences-normes"]}]},{"@type":"BreadcrumbList","@id":"https:\/\/sonographycanada.ca\/fr\/ressources\/competences-normes#breadcrumb","itemListElement":[{"@type":"ListItem","position":1,"name":"Accueil","item":"https:\/\/sonographycanada.ca\/fr"},{"@type":"ListItem","position":2,"name":"Ressources","item":"https:\/\/sonographycanada.ca\/fr\/ressources"},{"@type":"ListItem","position":3,"name":"Comp\u00e9tences et normes"}]},{"@type":"WebSite","@id":"https:\/\/sonographycanada.ca\/#website","url":"https:\/\/sonographycanada.ca\/","name":"\u00c9chographie Canada","description":"La voix des \u00e9chographistes m\u00e9dicaux diagnostiques au Canada","potentialAction":[{"@type":"SearchAction","target":{"@type":"EntryPoint","urlTemplate":"https:\/\/sonographycanada.ca\/?s={search_term_string}"},"query-input":{"@type":"PropertyValueSpecification","valueRequired":true,"valueName":"search_term_string"}}],"inLanguage":"fr-FR"}]}},"coauthors":[],"author_meta":{"author_link":"https:\/\/sonographycanada.ca\/fr\/author\/admin","display_name":"Kevin Andrews"},"relative_dates":{"created":"Publi\u00e9 7 years il y a","modified":"Mis \u00e0 jour 3 months il y a"},"absolute_dates":{"created":"Publi\u00e9 le f\u00e9vrier 28, 2019","modified":"Mise \u00e0 jour le janvier 14, 2026"},"absolute_dates_time":{"created":"Publi\u00e9 le f\u00e9vrier 28, 2019 7:55 pm","modified":"Mise \u00e0 jour le janvier 14, 2026 11:51 am"},"featured_img_caption":"","featured_img":false,"series_order":"","_links":{"self":[{"href":"https:\/\/sonographycanada.ca\/fr\/wp-json\/wp\/v2\/pages\/506"}],"collection":[{"href":"https:\/\/sonographycanada.ca\/fr\/wp-json\/wp\/v2\/pages"}],"about":[{"href":"https:\/\/sonographycanada.ca\/fr\/wp-json\/wp\/v2\/types\/page"}],"author":[{"embeddable":true,"href":"https:\/\/sonographycanada.ca\/fr\/wp-json\/wp\/v2\/users\/1"}],"replies":[{"embeddable":true,"href":"https:\/\/sonographycanada.ca\/fr\/wp-json\/wp\/v2\/comments?post=506"}],"version-history":[{"count":16,"href":"https:\/\/sonographycanada.ca\/fr\/wp-json\/wp\/v2\/pages\/506\/revisions"}],"predecessor-version":[{"id":305331,"href":"https:\/\/sonographycanada.ca\/fr\/wp-json\/wp\/v2\/pages\/506\/revisions\/305331"}],"up":[{"embeddable":true,"href":"https:\/\/sonographycanada.ca\/fr\/wp-json\/wp\/v2\/pages\/557"}],"wp:attachment":[{"href":"https:\/\/sonographycanada.ca\/fr\/wp-json\/wp\/v2\/media?parent=506"}],"curies":[{"name":"wp","href":"https:\/\/api.w.org\/{rel}","templated":true}]}}