{"id":51464,"date":"2020-05-15T11:39:53","date_gmt":"2020-05-15T11:39:53","guid":{"rendered":"https:\/\/sonographycanada.ca\/governance"},"modified":"2021-04-30T15:46:43","modified_gmt":"2021-04-30T15:46:43","slug":"gouvernance","status":"publish","type":"page","link":"https:\/\/sonographycanada.ca\/fr\/membres\/gouvernance","title":{"rendered":"Gouvernance"},"content":{"rendered":"<h2 class=\"wp-block-heading\"><a href=\"https:\/\/sonographycanada.ca\/fr\/membres\/gouvernance\/aga-2021\">Assembl\u00e9e g\u00e9n\u00e9rale annuelle<\/a><\/h2><p>L\u2019Assembl\u00e9e g\u00e9n\u00e9rale annuelle (AGA) d\u2019\u00c9chographie Canada 2021 aura lieu en format virtuel, le samedi 29  mai 2021, \u00e0 midi (heure de l\u2019Est). <\/p><p><a href=\"https:\/\/sonographycanada.ca\/fr\/membres\/gouvernance\/aga-2021\">Cliquez ici<\/a> pour acc\u00e9der \u00e0 l\u2019ordre du jour et aux documents de la r\u00e9union.&nbsp; &nbsp;<\/p><p>Tous les membres actifs ont droit d\u2019y participer et de voter.<\/p><p><a href=\"https:\/\/pheedloop.com\/AGM2021\/site\/home\/\">Cliquez ici<\/a> pour vous enregistrer et pour confirmer votre participation.<\/p><hr class=\"wp-block-separator\"\/><h2 class=\"wp-block-heading\">Constitution et statuts<\/h2><p><a href=\"https:\/\/sonographycanada.ca\/app\/uploads\/2020\/05\/Constitution-and-By-laws-SC-revised-October-2019_Member-Approved-1.pdf\" target=\"_blank\" rel=\"noreferrer noopener\" aria-label=\" Cliquez ici (opens in a new tab)\"> Cliquez ici<\/a> pour acc\u00e9der \u00e0 la constitution et aux statuts d\u2019\u00c9chographie Canada (en anglais) qui ont \u00e9t\u00e9 r\u00e9vis\u00e9s en octobre 2019, ont \u00e9t\u00e9 approuv\u00e9s par le conseil d\u2019administration le 2 novembre 2019, et ont \u00e9t\u00e9 approuv\u00e9s par les membres le 15 d\u00e9cembre 2019. <\/p><p><\/p>","protected":false},"excerpt":{"rendered":"<p>Assembl\u00e9e g\u00e9n\u00e9rale annuelle L\u2019Assembl\u00e9e g\u00e9n\u00e9rale annuelle (AGA) d\u2019\u00c9chographie Canada 2021 aura lieu en format virtuel, le samedi 29 mai 2021, \u00e0 midi (heure de l\u2019Est). Cliquez ici pour acc\u00e9der \u00e0 l\u2019ordre du jour et aux documents de la r\u00e9union.&nbsp; &nbsp; Tous les membres actifs ont droit d\u2019y participer et de voter. Cliquez ici pour vous [&hellip;]<\/p>\n","protected":false},"author":6718,"featured_media":0,"parent":569,"menu_order":0,"comment_status":"closed","ping_status":"closed","template":"","meta":{"_acf_changed":false,"advgb_blocks_editor_width":"","advgb_blocks_columns_visual_guide":"","wicket_organization":"","_seat_count":"","_member_id":[],"_edit_last":"6718","_start_date":"","_end_date":"","footnotes":""},"class_list":["post-51464","page","type-page","status-publish","hentry"],"acf":[],"yoast_head":"<!-- This site is optimized with the Yoast SEO plugin v23.5 - https:\/\/yoast.com\/wordpress\/plugins\/seo\/ -->\n<title>Gouvernance - \u00c9chographie Canada<\/title>\n<meta name=\"robots\" content=\"index, follow, max-snippet:-1, max-image-preview:large, max-video-preview:-1\" \/>\n<link rel=\"canonical\" href=\"https:\/\/sonographycanada.ca\/fr\/membres\/gouvernance\" \/>\n<meta property=\"og:locale\" content=\"fr_FR\" \/>\n<meta property=\"og:type\" content=\"article\" \/>\n<meta property=\"og:title\" content=\"Gouvernance - \u00c9chographie Canada\" \/>\n<meta property=\"og:description\" content=\"Assembl\u00e9e g\u00e9n\u00e9rale annuelle L\u2019Assembl\u00e9e g\u00e9n\u00e9rale annuelle (AGA) d\u2019\u00c9chographie Canada 2021 aura lieu en format virtuel, le samedi 29 mai 2021, \u00e0 midi (heure de l\u2019Est). Cliquez ici pour acc\u00e9der \u00e0 l\u2019ordre du jour et aux documents de la r\u00e9union.&nbsp; &nbsp; Tous les membres actifs ont droit d\u2019y participer et de voter. Cliquez ici pour vous [&hellip;]\" \/>\n<meta property=\"og:url\" content=\"https:\/\/sonographycanada.ca\/fr\/membres\/gouvernance\" \/>\n<meta property=\"og:site_name\" content=\"\u00c9chographie Canada\" \/>\n<meta property=\"article:modified_time\" content=\"2021-04-30T15:46:43+00:00\" \/>\n<meta name=\"twitter:card\" content=\"summary_large_image\" \/>\n<meta name=\"twitter:label1\" content=\"Est. reading time\" \/>\n\t<meta name=\"twitter:data1\" content=\"1 minute\" \/>\n<script type=\"application\/ld+json\" class=\"yoast-schema-graph\">{\"@context\":\"https:\/\/schema.org\",\"@graph\":[{\"@type\":\"WebPage\",\"@id\":\"https:\/\/sonographycanada.ca\/fr\/membres\/gouvernance\",\"url\":\"https:\/\/sonographycanada.ca\/fr\/membres\/gouvernance\",\"name\":\"Gouvernance - \u00c9chographie Canada\",\"isPartOf\":{\"@id\":\"https:\/\/sonographycanada.ca\/#website\"},\"datePublished\":\"2020-05-15T11:39:53+00:00\",\"dateModified\":\"2021-04-30T15:46:43+00:00\",\"breadcrumb\":{\"@id\":\"https:\/\/sonographycanada.ca\/fr\/membres\/gouvernance#breadcrumb\"},\"inLanguage\":\"fr-FR\",\"potentialAction\":[{\"@type\":\"ReadAction\",\"target\":[\"https:\/\/sonographycanada.ca\/fr\/membres\/gouvernance\"]}]},{\"@type\":\"BreadcrumbList\",\"@id\":\"https:\/\/sonographycanada.ca\/fr\/membres\/gouvernance#breadcrumb\",\"itemListElement\":[{\"@type\":\"ListItem\",\"position\":1,\"name\":\"Accueil\",\"item\":\"https:\/\/sonographycanada.ca\/fr\"},{\"@type\":\"ListItem\",\"position\":2,\"name\":\"Membres\",\"item\":\"https:\/\/sonographycanada.ca\/fr\/membres\"},{\"@type\":\"ListItem\",\"position\":3,\"name\":\"Gouvernance\"}]},{\"@type\":\"WebSite\",\"@id\":\"https:\/\/sonographycanada.ca\/#website\",\"url\":\"https:\/\/sonographycanada.ca\/\",\"name\":\"\u00c9chographie Canada\",\"description\":\"La voix des \u00e9chographistes m\u00e9dicaux diagnostiques au Canada\",\"potentialAction\":[{\"@type\":\"SearchAction\",\"target\":{\"@type\":\"EntryPoint\",\"urlTemplate\":\"https:\/\/sonographycanada.ca\/?s={search_term_string}\"},\"query-input\":{\"@type\":\"PropertyValueSpecification\",\"valueRequired\":true,\"valueName\":\"search_term_string\"}}],\"inLanguage\":\"fr-FR\"}]}<\/script>\n<!-- \/ Yoast SEO plugin. -->","yoast_head_json":{"title":"Gouvernance - \u00c9chographie Canada","robots":{"index":"index","follow":"follow","max-snippet":"max-snippet:-1","max-image-preview":"max-image-preview:large","max-video-preview":"max-video-preview:-1"},"canonical":"https:\/\/sonographycanada.ca\/fr\/membres\/gouvernance","og_locale":"fr_FR","og_type":"article","og_title":"Gouvernance - \u00c9chographie Canada","og_description":"Assembl\u00e9e g\u00e9n\u00e9rale annuelle L\u2019Assembl\u00e9e g\u00e9n\u00e9rale annuelle (AGA) d\u2019\u00c9chographie Canada 2021 aura lieu en format virtuel, le samedi 29 mai 2021, \u00e0 midi (heure de l\u2019Est). Cliquez ici pour acc\u00e9der \u00e0 l\u2019ordre du jour et aux documents de la r\u00e9union.&nbsp; &nbsp; Tous les membres actifs ont droit d\u2019y participer et de voter. Cliquez ici pour vous [&hellip;]","og_url":"https:\/\/sonographycanada.ca\/fr\/membres\/gouvernance","og_site_name":"\u00c9chographie Canada","article_modified_time":"2021-04-30T15:46:43+00:00","twitter_card":"summary_large_image","twitter_misc":{"Est. reading time":"1 minute"},"schema":{"@context":"https:\/\/schema.org","@graph":[{"@type":"WebPage","@id":"https:\/\/sonographycanada.ca\/fr\/membres\/gouvernance","url":"https:\/\/sonographycanada.ca\/fr\/membres\/gouvernance","name":"Gouvernance - \u00c9chographie Canada","isPartOf":{"@id":"https:\/\/sonographycanada.ca\/#website"},"datePublished":"2020-05-15T11:39:53+00:00","dateModified":"2021-04-30T15:46:43+00:00","breadcrumb":{"@id":"https:\/\/sonographycanada.ca\/fr\/membres\/gouvernance#breadcrumb"},"inLanguage":"fr-FR","potentialAction":[{"@type":"ReadAction","target":["https:\/\/sonographycanada.ca\/fr\/membres\/gouvernance"]}]},{"@type":"BreadcrumbList","@id":"https:\/\/sonographycanada.ca\/fr\/membres\/gouvernance#breadcrumb","itemListElement":[{"@type":"ListItem","position":1,"name":"Accueil","item":"https:\/\/sonographycanada.ca\/fr"},{"@type":"ListItem","position":2,"name":"Membres","item":"https:\/\/sonographycanada.ca\/fr\/membres"},{"@type":"ListItem","position":3,"name":"Gouvernance"}]},{"@type":"WebSite","@id":"https:\/\/sonographycanada.ca\/#website","url":"https:\/\/sonographycanada.ca\/","name":"\u00c9chographie Canada","description":"La voix des \u00e9chographistes m\u00e9dicaux diagnostiques au Canada","potentialAction":[{"@type":"SearchAction","target":{"@type":"EntryPoint","urlTemplate":"https:\/\/sonographycanada.ca\/?s={search_term_string}"},"query-input":{"@type":"PropertyValueSpecification","valueRequired":true,"valueName":"search_term_string"}}],"inLanguage":"fr-FR"}]}},"coauthors":[],"author_meta":{"author_link":"https:\/\/sonographycanada.ca\/fr\/author\/263a58fd-0292-4830-a513-b6bccee25d5d","display_name":"Riad Kadi"},"relative_dates":{"created":"Publi\u00e9 6 years il y a","modified":"Mis \u00e0 jour 5 years il y a"},"absolute_dates":{"created":"Publi\u00e9 le mai 15, 2020","modified":"Mise \u00e0 jour le avril 30, 2021"},"absolute_dates_time":{"created":"Publi\u00e9 le mai 15, 2020 11:39 am","modified":"Mise \u00e0 jour le avril 30, 2021 3:46 pm"},"featured_img_caption":"","featured_img":false,"series_order":"","_links":{"self":[{"href":"https:\/\/sonographycanada.ca\/fr\/wp-json\/wp\/v2\/pages\/51464"}],"collection":[{"href":"https:\/\/sonographycanada.ca\/fr\/wp-json\/wp\/v2\/pages"}],"about":[{"href":"https:\/\/sonographycanada.ca\/fr\/wp-json\/wp\/v2\/types\/page"}],"author":[{"embeddable":true,"href":"https:\/\/sonographycanada.ca\/fr\/wp-json\/wp\/v2\/users\/6718"}],"replies":[{"embeddable":true,"href":"https:\/\/sonographycanada.ca\/fr\/wp-json\/wp\/v2\/comments?post=51464"}],"version-history":[{"count":7,"href":"https:\/\/sonographycanada.ca\/fr\/wp-json\/wp\/v2\/pages\/51464\/revisions"}],"predecessor-version":[{"id":128470,"href":"https:\/\/sonographycanada.ca\/fr\/wp-json\/wp\/v2\/pages\/51464\/revisions\/128470"}],"up":[{"embeddable":true,"href":"https:\/\/sonographycanada.ca\/fr\/wp-json\/wp\/v2\/pages\/569"}],"wp:attachment":[{"href":"https:\/\/sonographycanada.ca\/fr\/wp-json\/wp\/v2\/media?parent=51464"}],"curies":[{"name":"wp","href":"https:\/\/api.w.org\/{rel}","templated":true}]}}