{"id":51468,"date":"2020-05-15T11:40:08","date_gmt":"2020-05-15T11:40:08","guid":{"rendered":"https:\/\/sonographycanada.ca\/2020-agm"},"modified":"2023-06-12T09:50:59","modified_gmt":"2023-06-12T13:50:59","slug":"aga","status":"publish","type":"page","link":"https:\/\/sonographycanada.ca\/fr\/membres\/gouvernance\/aga","title":{"rendered":"Assembl\u00e9e g\u00e9n\u00e9rale annuelle 2023 (AGA)"},"content":{"rendered":"<p> <br>Mise \u00e0 jour le 5 juin 2023<\/p><h2 class=\"wp-block-heading\">Assembl\u00e9e g\u00e9n\u00e9rale annuelle des membres d\u2019\u00c9chographie Canada<\/h2><p>Tous les membres actifs d\u2019\u00c9chographie Canada sont admissibles pour participer et voter lors de l\u2019Assembl\u00e9e g\u00e9n\u00e9rale annuelle virtuelle des membres d\u2019\u00c9chographie Canada qui aura lieu :<\/p><p><strong>Le samedi 24 juin 2023<br>midi (heure de l\u2019Est)<\/strong><\/p><p>Le but de l\u2019AGA est de recevoir et, le cas \u00e9ch\u00e9ant, d\u2019approuver :<\/p><ul class=\"wp-block-list\"><li>le nombre pour le quorum pour une r\u00e9union virtuelle des membres <\/li><li>les \u00e9tats financiers v\u00e9rifi\u00e9s pour l\u2019ann\u00e9e se terminant le 31 d\u00e9cembre 2022<\/li><li>l\u2019affectation du v\u00e9rificateur pour l\u2019ann\u00e9e 2022<\/li><\/ul><h3 class=\"wp-block-heading\"><strong>Documents pour l\u2019AGA 202<\/strong>2<\/h3><ul class=\"wp-block-list\"><li><a href=\"https:\/\/sonographycanada.ca\/app\/uploads\/2023\/06\/2023-Assemblee-generale-annuelle-AGA-Ebauche-Ordre-du-jour-1.pdf\" target=\"_blank\" rel=\"noreferrer noopener\">Ordre du jour de l\u2019Assembl\u00e9e g\u00e9n\u00e9rale annuelle 2023<\/a><\/li><li><a href=\"https:\/\/sonographycanada.ca\/app\/uploads\/2023\/06\/EBAUCHE_Proces-verbal-AGA-2022_FR.pdf\" target=\"_blank\" rel=\"noreferrer noopener\">PROJET DE PROC\u00c8S-VERBAL de l\u2019Assembl\u00e9e g\u00e9n\u00e9rale annuelle 2022<\/a><\/li><li><a href=\"https:\/\/sonographycanada.ca\/app\/uploads\/2023\/06\/Propositions-de-modification-des-statuts-et-reglements_AGA_24_juin_2023.pdf\" target=\"_blank\" rel=\"noreferrer noopener\">Constitution d\u2019\u00c9chographie Canada &amp; modifications propos\u00e9es<\/a> <\/li><li><a href=\"https:\/\/sonographycanada.ca\/app\/uploads\/2023\/06\/Sonography-2022-Draft-Financial-Statements-2nd-revision.pdf\" target=\"_blank\" rel=\"noreferrer noopener\">\u00c9tats financiers v\u00e9rifi\u00e9s par \u00c9chographie Canada<\/a> (fin d\u2019exercice, 31 d\u00e9cembre 2022)<\/li><\/ul><p>Veuillez adresser toute question concernant les documents de l&#8217;AGA \u00e0 <a href=\"mailto:info@sonographycanada.ca\">info@sonographycanada.ca<\/a> avant la r\u00e9union des membres.<\/p>","protected":false},"excerpt":{"rendered":"<p>Mise \u00e0 jour le 5 juin 2023 Assembl\u00e9e g\u00e9n\u00e9rale annuelle des membres d\u2019\u00c9chographie Canada Tous les membres actifs d\u2019\u00c9chographie Canada sont admissibles pour participer et voter lors de l\u2019Assembl\u00e9e g\u00e9n\u00e9rale annuelle virtuelle des membres d\u2019\u00c9chographie Canada qui aura lieu : Le samedi 24 juin 2023midi (heure de l\u2019Est) Le but de l\u2019AGA est de recevoir [&hellip;]<\/p>\n","protected":false},"author":6718,"featured_media":128553,"parent":51464,"menu_order":0,"comment_status":"closed","ping_status":"closed","template":"","meta":{"_acf_changed":false,"advgb_blocks_editor_width":"","advgb_blocks_columns_visual_guide":"","wicket_organization":"","_seat_count":"","_member_id":[],"_edit_last":"6481","_start_date":"","_end_date":"","footnotes":""},"class_list":["post-51468","page","type-page","status-publish","has-post-thumbnail","hentry"],"acf":[],"yoast_head":"<!-- This site is optimized with the Yoast SEO plugin v23.5 - https:\/\/yoast.com\/wordpress\/plugins\/seo\/ -->\n<title>Assembl\u00e9e g\u00e9n\u00e9rale annuelle 2023 (AGA) - \u00c9chographie Canada<\/title>\n<meta name=\"robots\" content=\"index, follow, max-snippet:-1, max-image-preview:large, max-video-preview:-1\" \/>\n<link rel=\"canonical\" href=\"https:\/\/sonographycanada.ca\/fr\/membres\/gouvernance\/aga\" \/>\n<meta property=\"og:locale\" content=\"fr_FR\" \/>\n<meta property=\"og:type\" content=\"article\" \/>\n<meta property=\"og:title\" content=\"Assembl\u00e9e g\u00e9n\u00e9rale annuelle 2023 (AGA) - \u00c9chographie Canada\" \/>\n<meta property=\"og:description\" content=\"Mise \u00e0 jour le 5 juin 2023 Assembl\u00e9e g\u00e9n\u00e9rale annuelle des membres d\u2019\u00c9chographie Canada Tous les membres actifs d\u2019\u00c9chographie Canada sont admissibles pour participer et voter lors de l\u2019Assembl\u00e9e g\u00e9n\u00e9rale annuelle virtuelle des membres d\u2019\u00c9chographie Canada qui aura lieu : Le samedi 24 juin 2023midi (heure de l\u2019Est) Le but de l\u2019AGA est de recevoir [&hellip;]\" \/>\n<meta property=\"og:url\" content=\"https:\/\/sonographycanada.ca\/fr\/membres\/gouvernance\/aga\" \/>\n<meta property=\"og:site_name\" content=\"\u00c9chographie Canada\" \/>\n<meta property=\"article:modified_time\" content=\"2023-06-12T13:50:59+00:00\" \/>\n<meta property=\"og:image\" content=\"https:\/\/sonographycanada.ca\/app\/uploads\/2021\/05\/AGM-Thumbnail-FRE-website.png\" \/>\n\t<meta property=\"og:image:width\" content=\"390\" \/>\n\t<meta property=\"og:image:height\" content=\"172\" \/>\n\t<meta property=\"og:image:type\" content=\"image\/png\" \/>\n<meta name=\"twitter:card\" content=\"summary_large_image\" \/>\n<meta name=\"twitter:label1\" content=\"Est. reading time\" \/>\n\t<meta name=\"twitter:data1\" content=\"1 minute\" \/>\n<script type=\"application\/ld+json\" class=\"yoast-schema-graph\">{\"@context\":\"https:\/\/schema.org\",\"@graph\":[{\"@type\":\"WebPage\",\"@id\":\"https:\/\/sonographycanada.ca\/fr\/membres\/gouvernance\/aga\",\"url\":\"https:\/\/sonographycanada.ca\/fr\/membres\/gouvernance\/aga\",\"name\":\"Assembl\u00e9e g\u00e9n\u00e9rale annuelle 2023 (AGA) - \u00c9chographie Canada\",\"isPartOf\":{\"@id\":\"https:\/\/sonographycanada.ca\/#website\"},\"primaryImageOfPage\":{\"@id\":\"https:\/\/sonographycanada.ca\/fr\/membres\/gouvernance\/aga#primaryimage\"},\"image\":{\"@id\":\"https:\/\/sonographycanada.ca\/fr\/membres\/gouvernance\/aga#primaryimage\"},\"thumbnailUrl\":\"https:\/\/sonographycanada.ca\/app\/uploads\/2021\/05\/AGM-Thumbnail-FRE-website.png\",\"datePublished\":\"2020-05-15T11:40:08+00:00\",\"dateModified\":\"2023-06-12T13:50:59+00:00\",\"breadcrumb\":{\"@id\":\"https:\/\/sonographycanada.ca\/fr\/membres\/gouvernance\/aga#breadcrumb\"},\"inLanguage\":\"fr-FR\",\"potentialAction\":[{\"@type\":\"ReadAction\",\"target\":[\"https:\/\/sonographycanada.ca\/fr\/membres\/gouvernance\/aga\"]}]},{\"@type\":\"ImageObject\",\"inLanguage\":\"fr-FR\",\"@id\":\"https:\/\/sonographycanada.ca\/fr\/membres\/gouvernance\/aga#primaryimage\",\"url\":\"https:\/\/sonographycanada.ca\/app\/uploads\/2021\/05\/AGM-Thumbnail-FRE-website.png\",\"contentUrl\":\"https:\/\/sonographycanada.ca\/app\/uploads\/2021\/05\/AGM-Thumbnail-FRE-website.png\",\"width\":390,\"height\":172},{\"@type\":\"BreadcrumbList\",\"@id\":\"https:\/\/sonographycanada.ca\/fr\/membres\/gouvernance\/aga#breadcrumb\",\"itemListElement\":[{\"@type\":\"ListItem\",\"position\":1,\"name\":\"Accueil\",\"item\":\"https:\/\/sonographycanada.ca\/fr\"},{\"@type\":\"ListItem\",\"position\":2,\"name\":\"Membres\",\"item\":\"https:\/\/sonographycanada.ca\/fr\/membres\"},{\"@type\":\"ListItem\",\"position\":3,\"name\":\"Gouvernance\",\"item\":\"https:\/\/sonographycanada.ca\/fr\/membres\/gouvernance\"},{\"@type\":\"ListItem\",\"position\":4,\"name\":\"Assembl\u00e9e g\u00e9n\u00e9rale annuelle 2023 (AGA)\"}]},{\"@type\":\"WebSite\",\"@id\":\"https:\/\/sonographycanada.ca\/#website\",\"url\":\"https:\/\/sonographycanada.ca\/\",\"name\":\"\u00c9chographie Canada\",\"description\":\"La voix des \u00e9chographistes m\u00e9dicaux diagnostiques au Canada\",\"potentialAction\":[{\"@type\":\"SearchAction\",\"target\":{\"@type\":\"EntryPoint\",\"urlTemplate\":\"https:\/\/sonographycanada.ca\/?s={search_term_string}\"},\"query-input\":{\"@type\":\"PropertyValueSpecification\",\"valueRequired\":true,\"valueName\":\"search_term_string\"}}],\"inLanguage\":\"fr-FR\"}]}<\/script>\n<!-- \/ Yoast SEO plugin. -->","yoast_head_json":{"title":"Assembl\u00e9e g\u00e9n\u00e9rale annuelle 2023 (AGA) - \u00c9chographie Canada","robots":{"index":"index","follow":"follow","max-snippet":"max-snippet:-1","max-image-preview":"max-image-preview:large","max-video-preview":"max-video-preview:-1"},"canonical":"https:\/\/sonographycanada.ca\/fr\/membres\/gouvernance\/aga","og_locale":"fr_FR","og_type":"article","og_title":"Assembl\u00e9e g\u00e9n\u00e9rale annuelle 2023 (AGA) - \u00c9chographie Canada","og_description":"Mise \u00e0 jour le 5 juin 2023 Assembl\u00e9e g\u00e9n\u00e9rale annuelle des membres d\u2019\u00c9chographie Canada Tous les membres actifs d\u2019\u00c9chographie Canada sont admissibles pour participer et voter lors de l\u2019Assembl\u00e9e g\u00e9n\u00e9rale annuelle virtuelle des membres d\u2019\u00c9chographie Canada qui aura lieu : Le samedi 24 juin 2023midi (heure de l\u2019Est) Le but de l\u2019AGA est de recevoir [&hellip;]","og_url":"https:\/\/sonographycanada.ca\/fr\/membres\/gouvernance\/aga","og_site_name":"\u00c9chographie Canada","article_modified_time":"2023-06-12T13:50:59+00:00","og_image":[{"width":390,"height":172,"url":"https:\/\/sonographycanada.ca\/app\/uploads\/2021\/05\/AGM-Thumbnail-FRE-website.png","type":"image\/png"}],"twitter_card":"summary_large_image","twitter_misc":{"Est. reading time":"1 minute"},"schema":{"@context":"https:\/\/schema.org","@graph":[{"@type":"WebPage","@id":"https:\/\/sonographycanada.ca\/fr\/membres\/gouvernance\/aga","url":"https:\/\/sonographycanada.ca\/fr\/membres\/gouvernance\/aga","name":"Assembl\u00e9e g\u00e9n\u00e9rale annuelle 2023 (AGA) - \u00c9chographie Canada","isPartOf":{"@id":"https:\/\/sonographycanada.ca\/#website"},"primaryImageOfPage":{"@id":"https:\/\/sonographycanada.ca\/fr\/membres\/gouvernance\/aga#primaryimage"},"image":{"@id":"https:\/\/sonographycanada.ca\/fr\/membres\/gouvernance\/aga#primaryimage"},"thumbnailUrl":"https:\/\/sonographycanada.ca\/app\/uploads\/2021\/05\/AGM-Thumbnail-FRE-website.png","datePublished":"2020-05-15T11:40:08+00:00","dateModified":"2023-06-12T13:50:59+00:00","breadcrumb":{"@id":"https:\/\/sonographycanada.ca\/fr\/membres\/gouvernance\/aga#breadcrumb"},"inLanguage":"fr-FR","potentialAction":[{"@type":"ReadAction","target":["https:\/\/sonographycanada.ca\/fr\/membres\/gouvernance\/aga"]}]},{"@type":"ImageObject","inLanguage":"fr-FR","@id":"https:\/\/sonographycanada.ca\/fr\/membres\/gouvernance\/aga#primaryimage","url":"https:\/\/sonographycanada.ca\/app\/uploads\/2021\/05\/AGM-Thumbnail-FRE-website.png","contentUrl":"https:\/\/sonographycanada.ca\/app\/uploads\/2021\/05\/AGM-Thumbnail-FRE-website.png","width":390,"height":172},{"@type":"BreadcrumbList","@id":"https:\/\/sonographycanada.ca\/fr\/membres\/gouvernance\/aga#breadcrumb","itemListElement":[{"@type":"ListItem","position":1,"name":"Accueil","item":"https:\/\/sonographycanada.ca\/fr"},{"@type":"ListItem","position":2,"name":"Membres","item":"https:\/\/sonographycanada.ca\/fr\/membres"},{"@type":"ListItem","position":3,"name":"Gouvernance","item":"https:\/\/sonographycanada.ca\/fr\/membres\/gouvernance"},{"@type":"ListItem","position":4,"name":"Assembl\u00e9e g\u00e9n\u00e9rale annuelle 2023 (AGA)"}]},{"@type":"WebSite","@id":"https:\/\/sonographycanada.ca\/#website","url":"https:\/\/sonographycanada.ca\/","name":"\u00c9chographie Canada","description":"La voix des \u00e9chographistes m\u00e9dicaux diagnostiques au Canada","potentialAction":[{"@type":"SearchAction","target":{"@type":"EntryPoint","urlTemplate":"https:\/\/sonographycanada.ca\/?s={search_term_string}"},"query-input":{"@type":"PropertyValueSpecification","valueRequired":true,"valueName":"search_term_string"}}],"inLanguage":"fr-FR"}]}},"coauthors":[],"author_meta":{"author_link":"https:\/\/sonographycanada.ca\/fr\/author\/263a58fd-0292-4830-a513-b6bccee25d5d","display_name":"Riad Kadi"},"relative_dates":{"created":"Publi\u00e9 6 years il y a","modified":"Mis \u00e0 jour 3 years il y a"},"absolute_dates":{"created":"Publi\u00e9 le mai 15, 2020","modified":"Mise \u00e0 jour le juin 12, 2023"},"absolute_dates_time":{"created":"Publi\u00e9 le mai 15, 2020 11:40 am","modified":"Mise \u00e0 jour le juin 12, 2023 9:50 am"},"featured_img_caption":"","featured_img":"https:\/\/sonographycanada.ca\/app\/uploads\/2021\/05\/AGM-Thumbnail-FRE-website.png","series_order":"","_links":{"self":[{"href":"https:\/\/sonographycanada.ca\/fr\/wp-json\/wp\/v2\/pages\/51468"}],"collection":[{"href":"https:\/\/sonographycanada.ca\/fr\/wp-json\/wp\/v2\/pages"}],"about":[{"href":"https:\/\/sonographycanada.ca\/fr\/wp-json\/wp\/v2\/types\/page"}],"author":[{"embeddable":true,"href":"https:\/\/sonographycanada.ca\/fr\/wp-json\/wp\/v2\/users\/6718"}],"replies":[{"embeddable":true,"href":"https:\/\/sonographycanada.ca\/fr\/wp-json\/wp\/v2\/comments?post=51468"}],"version-history":[{"count":41,"href":"https:\/\/sonographycanada.ca\/fr\/wp-json\/wp\/v2\/pages\/51468\/revisions"}],"predecessor-version":[{"id":194300,"href":"https:\/\/sonographycanada.ca\/fr\/wp-json\/wp\/v2\/pages\/51468\/revisions\/194300"}],"up":[{"embeddable":true,"href":"https:\/\/sonographycanada.ca\/fr\/wp-json\/wp\/v2\/pages\/51464"}],"wp:featuredmedia":[{"embeddable":true,"href":"https:\/\/sonographycanada.ca\/fr\/wp-json\/wp\/v2\/media\/128553"}],"wp:attachment":[{"href":"https:\/\/sonographycanada.ca\/fr\/wp-json\/wp\/v2\/media?parent=51468"}],"curies":[{"name":"wp","href":"https:\/\/api.w.org\/{rel}","templated":true}]}}