{"id":520,"date":"2019-02-28T20:06:11","date_gmt":"2019-02-28T20:06:11","guid":{"rendered":"http:\/\/sonographycanada.ca\/?page_id=520"},"modified":"2024-02-22T09:57:09","modified_gmt":"2024-02-22T14:57:09","slug":"avantages","status":"publish","type":"page","link":"https:\/\/sonographycanada.ca\/fr\/adhesion\/avantages","title":{"rendered":"Les avantages de l\u2019adh\u00e9sion"},"content":{"rendered":"<p> \u00c9chographie Canada vous comprend et comprend votre profession. Nous sommes l\u2019organisme d\u2019agr\u00e9ment officiel pour les \u00e9chographistes au Canada et nous sommes la seule association professionnelle nationale enti\u00e8rement d\u00e9vou\u00e9e aux besoins, pr\u00e9occupations et int\u00e9r\u00eats des \u00e9chographistes m\u00e9dicaux diagnostiques au pays. Notre association soutient votre croissance et d\u00e9veloppement en tant que professionnels tout au long de votre carri\u00e8re \u2014 du moment que vous vous inscrivez comme \u00e9tudiant au moment o\u00f9 vous choisissez de prendre votre retraite.<\/p><p>\u00c9chographie Canada vous offre le meilleur rapport qualit\u00e9-prix pour vos frais d\u2019adh\u00e9sion. Nous vous offrons des avantages uniques tant sur le plan personnel que professionnel. Visionnez notre vid\u00e9o sur les avantages de l&#8217;adh\u00e9sion ou consultez les renseignements additionnels ci-bas.<\/p><div style=\"padding:75% 0 0 0;position:relative;\"><iframe src=\"https:\/\/player.vimeo.com\/video\/681385697?h=3bcbc09185&amp;badge=0&amp;autopause=0&amp;player_id=0&amp;app_id=58479\" frameborder=\"0\" allow=\"autoplay; fullscreen; picture-in-picture\" allowfullscreen=\"\" style=\"position:absolute;top:0;left:0;width:100%;height:100%;\" title=\"Benefits of Membership_FR.mp4\"><\/iframe><\/div><script src=\"https:\/\/player.vimeo.com\/api\/player.js\"><\/script><h3 class=\"wp-block-heading\"><strong>\u00c9chographie Canada vous aide \u00e0 enrichir votre carri\u00e8re<\/strong><\/h3><ul class=\"wp-block-list\"><li>Nous offrons diverses ressources de d\u00e9veloppement professionnel continu (DPC) r\u00e9serv\u00e9es aux membres afin de vous aider \u00e0 vous tenir au courant et \u00e0 \u00e9largir vos connaissances au sujet des diverses sp\u00e9cialit\u00e9s \u00e9chographiques&nbsp;: g\u00e9n\u00e9raliste, vasculaire, cardiaque, seins, musculosquelettique, etc.<\/li><li>Nous offrons un d\u00e9p\u00f4t central o\u00f9 les membres peuvent entreposer et documenter leurs certificats de DPC et leurs heures-cr\u00e9dits \u2014 notre syst\u00e8me de d\u00e9claration du DPC<\/li><li>Nous facilitons la t\u00e2che d\u2019accumuler et de d\u00e9clarer les cr\u00e9dits de DPC obtenus aupr\u00e8s de partenaires d&#8217;apprentissage tels Aprende Canada et l\u2019Institute for Advanced Medical Education (IAME)<\/li><li>Nous publions quatre num\u00e9ros de la revue nationale professionnelle du Canada&nbsp;: <a href=\"https:\/\/sonographycanada.ca\/fr\/a-propos\/publications\"><em>La Revue canadienne d\u2019\u00e9chographie m\u00e9dicale<\/em><\/a>.<\/li><li>Nous publions un bulletin mensuel vous offrant des renseignements et conseils pratiques.<\/li><li>Nous offrons des occasions de b\u00e9n\u00e9volat nationales et internationales.<\/li><li>Nous reconnaissons et nous soulignons l\u2019excellence en accordant divers prix annuels.<\/li><\/ul><h3 class=\"wp-block-heading\">\u00c9chographie Canada vous offre une communaut\u00e9 en ligne \u00e0 l&#8217;intention des \u00e9chographistes<\/h3><ul class=\"wp-block-list\"><li>Nous avons lanc\u00e9 <a href=\"https:\/\/sonographycanada.ca\/fr\/sonotalk\">SonoTalk<\/a> &#8211; une plateforme sociale o\u00f9 vous pouvez partager vos id\u00e9es, vos exp\u00e9riences, vos commentaires et vos suggestions et ce, autant ou aussi peu que vous le souhaitez. SonoTalk comprend un r\u00e9pertoire des membres, une biblioth\u00e8que croissante de ressources archiv\u00e9es et la possibilit\u00e9 de participer \u00e0 des projets de collaboration.<\/li><li>Contrairement \u00e0 d&#8217;autres plateformes sociales, SonoTalk est un r\u00e9seau priv\u00e9 et s\u00e9curis\u00e9 <strong><em>r\u00e9serv\u00e9 aux membres d&#8217;\u00c9chographie Canada<\/em><\/strong> <strong><em>seulement <\/em><\/strong>&#8212; non accessible au grand public.    <\/li><li><a href=\"https:\/\/connect.sonographycanada.ca\/home\">Connectez-vous \u00e0 SonoTalk<\/a> d\u00e8s aujourd&#8217;hui. Votre compte est fonctionnel et vous pouvez vous connecter avec les m\u00eames renseignements d&#8217;identification que votre compte de membre d\u2019\u00c9chographie Canada.  <\/li><\/ul><h3 class=\"wp-block-heading\"><strong>\u00c9chographie Canada vous offre la paix d\u2019esprit<\/strong><\/h3><ul class=\"wp-block-list\"><li>Nous offrons aux technologues sp\u00e9cialis\u00e9s en \u00e9chographie <a href=\"https:\/\/sonographycanada.ca\/fr\/membres\/assurance-responsabilite-professionnelle\">une assurance responsabilit\u00e9 professionnelle<\/a> abordable et \u00e9tendue.<\/li><\/ul><h3 class=\"wp-block-heading\"><strong>\u00c9chographie Canada vous fait \u00e9conomiser<\/strong><\/h3><ul class=\"wp-block-list\"><li>B\u00e9n\u00e9ficiez d\u2019une assurance responsabilit\u00e9 professionnelle compl\u00e8te en profitant de tarifs comp\u00e9titifs<\/li><li>Profitez de 150+ heures de formation continue SANS FRAIS en acc\u00e9dant \u00e0 la\u00a0<a href=\"https:\/\/sonographycanada.ca\/fr\/developpement-professionnel\/video-library\">vid\u00e9oth\u00e8que<\/a>\u00a0du DPC et en participant aux webinaires mensuels.<\/li><li>Profitez des tarifs r\u00e9duits r\u00e9serv\u00e9s aux membres pour la conf\u00e9rence annuelle d\u2019\u00c9chographie Canada.<\/li><li>Profitez gratuitement des conseils juridiques de Miller Thompson lorsque vous vous procurez une assurance responsabilit\u00e9 professionnelle aupr\u00e8s d\u2019\u00c9chographie Canada.<\/li><li>Profitez des \u00e9conomies offertes par nos partenaires\u00a0<\/li><li><a href=\"https:\/\/sonographycanada.ca\/fr\/membres\/rabais-membres\/assurances-habitation-auto-td\">Assurances habitation et auto TD<\/a><\/li><li><a href=\"https:\/\/sonographycanada.ca\/fr\/membres\/rabais-membres\/adhesion-goodlife-fitness\">Adh\u00e9sion Goodlife Fitness<\/a><\/li><\/ul><h3 class=\"wp-block-heading\"><strong>\u00c9chographie Canada exprime les besoins, int\u00e9r\u00eats et pr\u00e9occupations des \u00e9chographistes canadiens<\/strong><\/h3><ul class=\"wp-block-list\"><li>Nous pr\u00e9conisons la reconnaissance de l\u2019\u00e9chographie m\u00e9dicale diagnostique comme profession des soins de la sant\u00e9 unique avec des profils nationaux de comp\u00e9tences reconnus.<\/li><li>Nous pr\u00e9conisons que les titres de comp\u00e9tence soient une exigence d\u2019emploi pour pratiquer au Canada.<\/li><li>Nous pr\u00e9conisons la mise en \u0153uvre des lignes directrices de pratique professionnelle nationales afin d\u2019am\u00e9liorer les normes, les r\u00e8glements et les pratiques de notre profession.<\/li><\/ul><p><em>Page r\u00e9vis\u00e9e le 7 septembre 2022<\/em><\/p>","protected":false},"excerpt":{"rendered":"<p>\u00c9chographie Canada vous comprend et comprend votre profession. Nous sommes l\u2019organisme d\u2019agr\u00e9ment officiel pour les \u00e9chographistes au Canada et nous sommes la seule association professionnelle nationale enti\u00e8rement d\u00e9vou\u00e9e aux besoins, pr\u00e9occupations et int\u00e9r\u00eats des \u00e9chographistes m\u00e9dicaux diagnostiques au pays. Notre association soutient votre croissance et d\u00e9veloppement en tant que professionnels tout au long de votre [&hellip;]<\/p>\n","protected":false},"author":1,"featured_media":22874,"parent":516,"menu_order":3020,"comment_status":"closed","ping_status":"closed","template":"","meta":{"_acf_changed":false,"advgb_blocks_editor_width":"","advgb_blocks_columns_visual_guide":"","wicket_organization":"","_seat_count":"","_member_id":[],"_edit_last":"6292","_start_date":"","_end_date":"","footnotes":""},"class_list":["post-520","page","type-page","status-publish","has-post-thumbnail","hentry"],"acf":[],"yoast_head":"<!-- This site is optimized with the Yoast SEO plugin v23.5 - https:\/\/yoast.com\/wordpress\/plugins\/seo\/ -->\n<title>Les avantages de l\u2019adh\u00e9sion - \u00c9chographie Canada<\/title>\n<meta name=\"robots\" content=\"index, follow, max-snippet:-1, max-image-preview:large, max-video-preview:-1\" \/>\n<link rel=\"canonical\" href=\"https:\/\/sonographycanada.ca\/fr\/adhesion\/avantages\" \/>\n<meta property=\"og:locale\" content=\"fr_FR\" \/>\n<meta property=\"og:type\" content=\"article\" \/>\n<meta property=\"og:title\" content=\"Les avantages de l\u2019adh\u00e9sion - \u00c9chographie Canada\" \/>\n<meta property=\"og:description\" content=\"\u00c9chographie Canada vous comprend et comprend votre profession. Nous sommes l\u2019organisme d\u2019agr\u00e9ment officiel pour les \u00e9chographistes au Canada et nous sommes la seule association professionnelle nationale enti\u00e8rement d\u00e9vou\u00e9e aux besoins, pr\u00e9occupations et int\u00e9r\u00eats des \u00e9chographistes m\u00e9dicaux diagnostiques au pays. Notre association soutient votre croissance et d\u00e9veloppement en tant que professionnels tout au long de votre [&hellip;]\" \/>\n<meta property=\"og:url\" content=\"https:\/\/sonographycanada.ca\/fr\/adhesion\/avantages\" \/>\n<meta property=\"og:site_name\" content=\"\u00c9chographie Canada\" \/>\n<meta property=\"article:modified_time\" content=\"2024-02-22T14:57:09+00:00\" \/>\n<meta property=\"og:image\" content=\"https:\/\/sonographycanada.ca\/app\/uploads\/2020\/04\/renewal-notice_FR.jpg\" \/>\n\t<meta property=\"og:image:width\" content=\"390\" \/>\n\t<meta property=\"og:image:height\" content=\"172\" \/>\n\t<meta property=\"og:image:type\" content=\"image\/jpeg\" \/>\n<meta name=\"twitter:card\" content=\"summary_large_image\" \/>\n<meta name=\"twitter:label1\" content=\"Est. reading time\" \/>\n\t<meta name=\"twitter:data1\" content=\"3 minutes\" \/>\n<script type=\"application\/ld+json\" class=\"yoast-schema-graph\">{\"@context\":\"https:\/\/schema.org\",\"@graph\":[{\"@type\":\"WebPage\",\"@id\":\"https:\/\/sonographycanada.ca\/fr\/adhesion\/avantages\",\"url\":\"https:\/\/sonographycanada.ca\/fr\/adhesion\/avantages\",\"name\":\"Les avantages de l\u2019adh\u00e9sion - \u00c9chographie Canada\",\"isPartOf\":{\"@id\":\"https:\/\/sonographycanada.ca\/#website\"},\"primaryImageOfPage\":{\"@id\":\"https:\/\/sonographycanada.ca\/fr\/adhesion\/avantages#primaryimage\"},\"image\":{\"@id\":\"https:\/\/sonographycanada.ca\/fr\/adhesion\/avantages#primaryimage\"},\"thumbnailUrl\":\"https:\/\/sonographycanada.ca\/app\/uploads\/2020\/04\/renewal-notice_FR.jpg\",\"datePublished\":\"2019-02-28T20:06:11+00:00\",\"dateModified\":\"2024-02-22T14:57:09+00:00\",\"breadcrumb\":{\"@id\":\"https:\/\/sonographycanada.ca\/fr\/adhesion\/avantages#breadcrumb\"},\"inLanguage\":\"fr-FR\",\"potentialAction\":[{\"@type\":\"ReadAction\",\"target\":[\"https:\/\/sonographycanada.ca\/fr\/adhesion\/avantages\"]}]},{\"@type\":\"ImageObject\",\"inLanguage\":\"fr-FR\",\"@id\":\"https:\/\/sonographycanada.ca\/fr\/adhesion\/avantages#primaryimage\",\"url\":\"https:\/\/sonographycanada.ca\/app\/uploads\/2020\/04\/renewal-notice_FR.jpg\",\"contentUrl\":\"https:\/\/sonographycanada.ca\/app\/uploads\/2020\/04\/renewal-notice_FR.jpg\",\"width\":390,\"height\":172},{\"@type\":\"BreadcrumbList\",\"@id\":\"https:\/\/sonographycanada.ca\/fr\/adhesion\/avantages#breadcrumb\",\"itemListElement\":[{\"@type\":\"ListItem\",\"position\":1,\"name\":\"Accueil\",\"item\":\"https:\/\/sonographycanada.ca\/fr\"},{\"@type\":\"ListItem\",\"position\":2,\"name\":\"Adh\u00e9sion\",\"item\":\"https:\/\/sonographycanada.ca\/fr\/adhesion\"},{\"@type\":\"ListItem\",\"position\":3,\"name\":\"Les avantages de l\u2019adh\u00e9sion\"}]},{\"@type\":\"WebSite\",\"@id\":\"https:\/\/sonographycanada.ca\/#website\",\"url\":\"https:\/\/sonographycanada.ca\/\",\"name\":\"\u00c9chographie Canada\",\"description\":\"La voix des \u00e9chographistes m\u00e9dicaux diagnostiques au Canada\",\"potentialAction\":[{\"@type\":\"SearchAction\",\"target\":{\"@type\":\"EntryPoint\",\"urlTemplate\":\"https:\/\/sonographycanada.ca\/?s={search_term_string}\"},\"query-input\":{\"@type\":\"PropertyValueSpecification\",\"valueRequired\":true,\"valueName\":\"search_term_string\"}}],\"inLanguage\":\"fr-FR\"}]}<\/script>\n<!-- \/ Yoast SEO plugin. -->","yoast_head_json":{"title":"Les avantages de l\u2019adh\u00e9sion - \u00c9chographie Canada","robots":{"index":"index","follow":"follow","max-snippet":"max-snippet:-1","max-image-preview":"max-image-preview:large","max-video-preview":"max-video-preview:-1"},"canonical":"https:\/\/sonographycanada.ca\/fr\/adhesion\/avantages","og_locale":"fr_FR","og_type":"article","og_title":"Les avantages de l\u2019adh\u00e9sion - \u00c9chographie Canada","og_description":"\u00c9chographie Canada vous comprend et comprend votre profession. Nous sommes l\u2019organisme d\u2019agr\u00e9ment officiel pour les \u00e9chographistes au Canada et nous sommes la seule association professionnelle nationale enti\u00e8rement d\u00e9vou\u00e9e aux besoins, pr\u00e9occupations et int\u00e9r\u00eats des \u00e9chographistes m\u00e9dicaux diagnostiques au pays. Notre association soutient votre croissance et d\u00e9veloppement en tant que professionnels tout au long de votre [&hellip;]","og_url":"https:\/\/sonographycanada.ca\/fr\/adhesion\/avantages","og_site_name":"\u00c9chographie Canada","article_modified_time":"2024-02-22T14:57:09+00:00","og_image":[{"width":390,"height":172,"url":"https:\/\/sonographycanada.ca\/app\/uploads\/2020\/04\/renewal-notice_FR.jpg","type":"image\/jpeg"}],"twitter_card":"summary_large_image","twitter_misc":{"Est. reading time":"3 minutes"},"schema":{"@context":"https:\/\/schema.org","@graph":[{"@type":"WebPage","@id":"https:\/\/sonographycanada.ca\/fr\/adhesion\/avantages","url":"https:\/\/sonographycanada.ca\/fr\/adhesion\/avantages","name":"Les avantages de l\u2019adh\u00e9sion - \u00c9chographie Canada","isPartOf":{"@id":"https:\/\/sonographycanada.ca\/#website"},"primaryImageOfPage":{"@id":"https:\/\/sonographycanada.ca\/fr\/adhesion\/avantages#primaryimage"},"image":{"@id":"https:\/\/sonographycanada.ca\/fr\/adhesion\/avantages#primaryimage"},"thumbnailUrl":"https:\/\/sonographycanada.ca\/app\/uploads\/2020\/04\/renewal-notice_FR.jpg","datePublished":"2019-02-28T20:06:11+00:00","dateModified":"2024-02-22T14:57:09+00:00","breadcrumb":{"@id":"https:\/\/sonographycanada.ca\/fr\/adhesion\/avantages#breadcrumb"},"inLanguage":"fr-FR","potentialAction":[{"@type":"ReadAction","target":["https:\/\/sonographycanada.ca\/fr\/adhesion\/avantages"]}]},{"@type":"ImageObject","inLanguage":"fr-FR","@id":"https:\/\/sonographycanada.ca\/fr\/adhesion\/avantages#primaryimage","url":"https:\/\/sonographycanada.ca\/app\/uploads\/2020\/04\/renewal-notice_FR.jpg","contentUrl":"https:\/\/sonographycanada.ca\/app\/uploads\/2020\/04\/renewal-notice_FR.jpg","width":390,"height":172},{"@type":"BreadcrumbList","@id":"https:\/\/sonographycanada.ca\/fr\/adhesion\/avantages#breadcrumb","itemListElement":[{"@type":"ListItem","position":1,"name":"Accueil","item":"https:\/\/sonographycanada.ca\/fr"},{"@type":"ListItem","position":2,"name":"Adh\u00e9sion","item":"https:\/\/sonographycanada.ca\/fr\/adhesion"},{"@type":"ListItem","position":3,"name":"Les avantages de l\u2019adh\u00e9sion"}]},{"@type":"WebSite","@id":"https:\/\/sonographycanada.ca\/#website","url":"https:\/\/sonographycanada.ca\/","name":"\u00c9chographie Canada","description":"La voix des \u00e9chographistes m\u00e9dicaux diagnostiques au Canada","potentialAction":[{"@type":"SearchAction","target":{"@type":"EntryPoint","urlTemplate":"https:\/\/sonographycanada.ca\/?s={search_term_string}"},"query-input":{"@type":"PropertyValueSpecification","valueRequired":true,"valueName":"search_term_string"}}],"inLanguage":"fr-FR"}]}},"coauthors":[],"author_meta":{"author_link":"https:\/\/sonographycanada.ca\/fr\/author\/admin","display_name":"Kevin Andrews"},"relative_dates":{"created":"Publi\u00e9 7 years il y a","modified":"Mis \u00e0 jour 2 years il y a"},"absolute_dates":{"created":"Publi\u00e9 le f\u00e9vrier 28, 2019","modified":"Mise \u00e0 jour le f\u00e9vrier 22, 2024"},"absolute_dates_time":{"created":"Publi\u00e9 le f\u00e9vrier 28, 2019 8:06 pm","modified":"Mise \u00e0 jour le f\u00e9vrier 22, 2024 9:57 am"},"featured_img_caption":"","featured_img":"https:\/\/sonographycanada.ca\/app\/uploads\/2020\/04\/renewal-notice_FR.jpg","series_order":"","_links":{"self":[{"href":"https:\/\/sonographycanada.ca\/fr\/wp-json\/wp\/v2\/pages\/520"}],"collection":[{"href":"https:\/\/sonographycanada.ca\/fr\/wp-json\/wp\/v2\/pages"}],"about":[{"href":"https:\/\/sonographycanada.ca\/fr\/wp-json\/wp\/v2\/types\/page"}],"author":[{"embeddable":true,"href":"https:\/\/sonographycanada.ca\/fr\/wp-json\/wp\/v2\/users\/1"}],"replies":[{"embeddable":true,"href":"https:\/\/sonographycanada.ca\/fr\/wp-json\/wp\/v2\/comments?post=520"}],"version-history":[{"count":15,"href":"https:\/\/sonographycanada.ca\/fr\/wp-json\/wp\/v2\/pages\/520\/revisions"}],"predecessor-version":[{"id":215674,"href":"https:\/\/sonographycanada.ca\/fr\/wp-json\/wp\/v2\/pages\/520\/revisions\/215674"}],"up":[{"embeddable":true,"href":"https:\/\/sonographycanada.ca\/fr\/wp-json\/wp\/v2\/pages\/516"}],"wp:featuredmedia":[{"embeddable":true,"href":"https:\/\/sonographycanada.ca\/fr\/wp-json\/wp\/v2\/media\/22874"}],"wp:attachment":[{"href":"https:\/\/sonographycanada.ca\/fr\/wp-json\/wp\/v2\/media?parent=520"}],"curies":[{"name":"wp","href":"https:\/\/api.w.org\/{rel}","templated":true}]}}