{"id":530,"date":"2019-02-28T20:14:10","date_gmt":"2019-02-28T20:14:10","guid":{"rendered":"http:\/\/sonographycanada.ca\/?page_id=530"},"modified":"2026-01-12T11:40:53","modified_gmt":"2026-01-12T16:40:53","slug":"examens-admission-profession","status":"publish","type":"page","link":"https:\/\/sonographycanada.ca\/fr\/agrement\/examens-admission-profession","title":{"rendered":"Examens d&#8217;admission \u00e0 la profession"},"content":{"rendered":"<h2 class=\"wp-block-heading\">Informations importantes sur les examens d&#8217;\u00c9chographie Canada<\/h2><p>\u00c0 partir de janvier&nbsp;2027, lorsque le nouveau Profil national des comp\u00e9tences 7.0 entrera en vigueur, des changements seront apport\u00e9s \u00e0 la fa\u00e7on dont les examens sont administr\u00e9s.&nbsp; \u00c0 partir de janvier&nbsp;2027, l\u2019examen de base sera int\u00e9gr\u00e9 aux examens de certification g\u00e9n\u00e9raliste, cardiaque et vasculaire. Il n\u2019y aura plus d\u2019examen de base autonome.<\/p><p>La session d\u2019examen de septembre&nbsp;2026 sera la derni\u00e8re fois que l\u2019examen de base sera disponible pour les candidats.<\/p><p>Les candidats aux examens d&#8217;\u00c9chographie Canada ont deux choix&nbsp;:<\/p><p>1. Si vous choisissez de passer les examens de certification en janvier, mai ou septembre&nbsp;2026, vous passerez les examens dans le format d\u2019examen actuel&nbsp;: c\u2019est-\u00e0-dire deux examens.<\/p><p>Examen de base ET de sp\u00e9cialit\u00e9 dans votre domaine de formation (g\u00e9n\u00e9raliste, ou cardiaque, ou vasculaire).<\/p><p>2. Si vous choisissez de passer les examens de certification \u00e0 partir de janvier&nbsp;2027, vous passerez seulement un examen.<br>Vous ne passerez PAS un examen de base s\u00e9par\u00e9.<br>Vous passerez le nouvel examen d\u2019accr\u00e9ditation de sp\u00e9cialit\u00e9 int\u00e9gr\u00e9 (qui comprend le contenu principal) dans votre domaine de formation (g\u00e9n\u00e9raliste, ou cardiaque ou vasculaire).<\/p><h2 class=\"wp-block-heading\"><strong>Veuillez noter:<\/strong><\/h2><p>\u00c0 compter de janvier 2022, les plans d&#8217;examen d&#8217;\u00c9chographie Canada seront bas\u00e9s sur la version 6.1 du Profil national de comp\u00e9tences (PNC). Les d\u00e9tails et les plans d&#8217;examen mis \u00e0 jour sont affich\u00e9s ci-dessous.<\/p><p>\u00c9galement \u00e0 compter de janvier 2022, l&#8217;examen g\u00e9n\u00e9raliste comprendra tout le contenu requis de l&#8217;abdomen\/des structures superficielles, de l&#8217;obst\u00e9trique\/de la gyn\u00e9cologie et des veines p\u00e9riph\u00e9riques et sera propos\u00e9 sous la forme d&#8217;un examen avec une note.<\/p><h2 class=\"wp-block-heading\"><strong>Examen de base<\/strong><\/h2><p>Tous les candidats au titre d&#8217;\u00c9chographie Canada doivent r\u00e9ussir l&#8217;examen de base qui \u00e9value les comp\u00e9tences fondamentales applicables \u00e0 tous les technologues en \u00e9chographie.<\/p><h3 class=\"wp-block-heading\">L&#8217;examen des comp\u00e9tences \u00e9chographiques de base se compose de 80 questions \u00e0 choix multiples auxquelles il faut r\u00e9pondre dans un d\u00e9lai de 80 minutes.<\/h3><p>Cet examen sera ax\u00e9 sur:<\/p><ul class=\"wp-block-list\"><li>la connaissance des principes de la physique del&#8217;\u00e9chographie;<\/li>\n\n<li>les techniques g\u00e9n\u00e9rales de l&#8217;\u00e9chographie et l&#8217;utilisation d&#8217;\u00e9quipement;<\/li>\n\n<li>la gestion des patients;<\/li>\n\n<li>les questions propres au milieu et les questions de s\u00e9curit\u00e9;<\/li>\n\n<li>la conformit\u00e9 et le professionnalisme;<\/li>\n\n<li>les activit\u00e9s d&#8217;analyse et de pr\u00e9sentation derapport.<\/li><\/ul><p>La r\u00e9ussite de l&#8217;examen des comp\u00e9tences essentielles en \u00e9chographie est requise pour la certification en tant qu&#8217;\u00e9chographiste g\u00e9n\u00e9raliste, \u00e9chographiste cardiaque et \u00e9chographiste vasculaire. Le cr\u00e9dit pour cet examen est transf\u00e9rable vers des certifications suppl\u00e9mentaires \u00e0 l&#8217;avenir.<\/p><p><strong>Mat\u00e9riel de l&#8217;examen<\/strong><\/p><p><a href=\"https:\/\/sonographycanada.ca\/app\/uploads\/2021\/10\/Core-6.1-exam-blueprint-FR-for-website-10.25.2021.pdf\" target=\"_blank\" rel=\"noreferrer noopener\" aria-label=\"Plan d'examen de base 6.1 (opens in a new tab)\">Plan d&#8217;examen de base 6.1<\/a><\/p><p><strong>Document de r\u00e9f\u00e9rence pour le contenu de base<\/strong><\/p><ul class=\"wp-block-list\"><li><a aria-label=\" (opens in a new tab)\" href=\"https:\/\/sonographycanada.ca\/app\/uploads\/2022\/05\/Suggested-reference-material-for-Core-content_update-May-2022-1.pdf\" target=\"_blank\" rel=\"noreferrer noopener\">Document de r\u00e9f\u00e9rence sugg\u00e9r\u00e9 pour le contenu de base<\/a>&nbsp; (anglais seulement)<\/li><\/ul><h2 class=\"wp-block-heading\"><strong>G\u00c9N\u00c9RALISTE<\/strong><br><\/h2><p>Pour obtenir le titre de comp\u00e9tence d&#8217;\u00e9chographiste g\u00e9n\u00e9raliste, les candidats doivent r\u00e9ussir deux examens :<\/p><ol class=\"wp-block-list\"><li>L&#8217;examen des comp\u00e9tences \u00e9chographiques de base<\/li>\n\n<li>L&#8217;examen d&#8217;\u00e9chographiste g\u00e9n\u00e9raliste, qui comprendra tout le contenu requis d&#8217;Abdomen\/Structures superficielles\/Veineux p\u00e9riph\u00e9rique et Obst\u00e9trique\/Gyn\u00e9cologie. L&#8217;examen consiste en 240 questions \u00e0 choix multiples auxquelles il faut r\u00e9pondre dans un d\u00e9lai de 240 minutes. Une pause de 10 minutes sera accord\u00e9e apr\u00e8s avoir r\u00e9pondu \u00e0 la question 140.<\/li><\/ol><p>Les candidats \u00e0 l&#8217;examen d\u2019\u00e9chographiste g\u00e9n\u00e9raliste qui \u00e9chouent une ou plusieurs parties de l&#8217;examen pourront reprendre la partie \u00e9chou\u00e9e au cours de la prochaine s\u00e9ance d&#8217;examens pr\u00e9vue.<\/p><p><strong>Mat\u00e9riel de l&#8217;examen<\/strong><\/p><p><a rel=\"noreferrer noopener\" aria-label=\"Plan d'examen 6.1  g\u00e9n\u00e9raliste  (opens in a new tab)\" href=\"https:\/\/sonographycanada.ca\/app\/uploads\/2021\/10\/Generalist-6.1-exam-blueprint-FR-for-website-10.25.2021.pdf\" target=\"_blank\">Plan d&#8217;examen g\u00e9n\u00e9raliste 6.1 <\/a><\/p><p><a href=\"https:\/\/sonographycanada.ca\/app\/uploads\/2026\/01\/7.0-exam-blueprint-FR-final.pdf\">Plan d&#8217;examen de certification PNC 7.0<\/a><\/p><p><strong>Document de r\u00e9f\u00e9rence pour le contenu g\u00e9n\u00e9raliste<\/strong><\/p><ul class=\"wp-block-list\"><li><a aria-label=\" (opens in a new tab)\" href=\"https:\/\/sonographycanada.ca\/app\/uploads\/2022\/02\/Suggested-reference-material-for-Generalist-content_update-Feb-2022.pdf\" target=\"_blank\" rel=\"noreferrer noopener\">Document de r\u00e9f\u00e9rence sugg\u00e9r\u00e9 pour le contenu g\u00e9n\u00e9raliste<\/a>&nbsp; (anglais seulement)<\/li><\/ul><h2 class=\"wp-block-heading\"><strong>CARDIAQUE<\/strong><br><\/h2><p>Pour obtenir le titre de comp\u00e9tence d&#8217;\u00e9chographiste cardiaque, les candidats devront r\u00e9ussir deux examens :<\/p><ol class=\"wp-block-list\"><li>L&#8217;examen des comp\u00e9tences \u00e9chographiques de base<\/li>\n\n<li>L\u2019examen d\u2019\u00e9chographiste cardiaque,&nbsp;qui comptera 180 questions \u00e0 choix multiples auxquelles il faut r\u00e9pondre en 180 minutes.<\/li><\/ol><p><strong>Mat\u00e9riel de l&#8217;examen<\/strong><\/p><p><a href=\"https:\/\/sonographycanada.ca\/app\/uploads\/2021\/10\/Cardiac-6.1-exam-blueprint-FR-for-website-10.25.2021.pdf\" target=\"_blank\" rel=\"noreferrer noopener\" aria-label=\"Plan d'examen cardiaque 6.1 (opens in a new tab)\">Plan d&#8217;examen cardiaque 6.1<\/a><\/p><p><a href=\"https:\/\/sonographycanada.ca\/app\/uploads\/2026\/01\/7.0-exam-blueprint-FR-final.pdf\">Plan d&#8217;examen de certification PNC 7.0<\/a><\/p><p><strong>Document de r\u00e9f\u00e9rence pour le contenu cardiaque<\/strong><\/p><ul class=\"wp-block-list\"><li><a aria-label=\" (opens in a new tab)\" href=\"https:\/\/sonographycanada.ca\/app\/uploads\/2022\/02\/Suggested-reference-material-for-Cardiac-content_update-Feb-2022.pdf\" target=\"_blank\" rel=\"noreferrer noopener\">Document de r\u00e9f\u00e9rence sugg\u00e9r\u00e9 pour le contenu cardiaque<\/a>&nbsp; &nbsp;(anglais seulement)<\/li><\/ul><h2 class=\"wp-block-heading\"><strong>VASCULAIRE<\/strong><\/h2><p>Pour obtenir le titre de comp\u00e9tences d&#8217;\u00e9chographiste vasculaire, les candidats devront r\u00e9ussir deux examens:<\/p><ol class=\"wp-block-list\"><li>L&#8217;examen des comp\u00e9tences \u00e9chographiques de base<\/li>\n\n<li>L&#8217;examen d&#8217;\u00e9chographie vasculaire qui comprendra tout le contenu requis des quatre cat\u00e9gories suivantes : vasculaire c\u00e9r\u00e9bral, veineux p\u00e9riph\u00e9rique, art\u00e9riel p\u00e9riph\u00e9rique et vasculaire abdominal. L&#8217;examen consistera en 180 questions \u00e0 choix multiples auxquelles il faudra r\u00e9pondre dans un d\u00e9lai de 180 minutes.<\/li><\/ol><p><strong>Mat\u00e9riel de l&#8217;examen<\/strong><\/p><p><a aria-label=\"Plan d'examen vasculaire 6.1 (opens in a new tab)\" href=\"https:\/\/sonographycanada.ca\/app\/uploads\/2021\/10\/Vascular-6.1-exam-blueprint-FR-for-website-10.25.2021.pdf\" target=\"_blank\" rel=\"noreferrer noopener\">Plan d&#8217;examen vasculaire 6.1<\/a><\/p><p><a href=\"https:\/\/sonographycanada.ca\/app\/uploads\/2026\/01\/7.0-exam-blueprint-FR-final.pdf\">Plan d&#8217;examen de certification PNC 7.0<\/a><\/p><p><strong>Document de r\u00e9f\u00e9rence pour le contenu cardiaque<\/strong><\/p><ul class=\"wp-block-list\"><li><a aria-label=\" (opens in a new tab)\" href=\"https:\/\/sonographycanada.ca\/app\/uploads\/2022\/04\/Suggested-reference-material-for-Vascular-content_update-Feb-2022.pdf\" target=\"_blank\" rel=\"noreferrer noopener\">Document de r\u00e9f\u00e9rence sugg\u00e9r\u00e9 pour le contenu vasculaire<\/a>&nbsp;&nbsp;<\/li><\/ul>","protected":false},"excerpt":{"rendered":"<p>Informations importantes sur les examens d&#8217;\u00c9chographie Canada \u00c0 partir de janvier&nbsp;2027, lorsque le nouveau Profil national des comp\u00e9tences 7.0 entrera en vigueur, des changements seront apport\u00e9s \u00e0 la fa\u00e7on dont les examens sont administr\u00e9s.&nbsp; \u00c0 partir de janvier&nbsp;2027, l\u2019examen de base sera int\u00e9gr\u00e9 aux examens de certification g\u00e9n\u00e9raliste, cardiaque et vasculaire. Il n\u2019y aura plus [&hellip;]<\/p>\n","protected":false},"author":1,"featured_media":0,"parent":526,"menu_order":4020,"comment_status":"closed","ping_status":"closed","template":"","meta":{"_acf_changed":false,"advgb_blocks_editor_width":"","advgb_blocks_columns_visual_guide":"","wicket_organization":"","_seat_count":"","_member_id":[],"_edit_last":"11984","_start_date":"","_end_date":"","footnotes":""},"class_list":["post-530","page","type-page","status-publish","hentry"],"acf":[],"yoast_head":"<!-- This site is optimized with the Yoast SEO plugin v23.5 - https:\/\/yoast.com\/wordpress\/plugins\/seo\/ -->\n<title>Examens d&#039;admission \u00e0 la profession - \u00c9chographie Canada<\/title>\n<meta name=\"robots\" content=\"index, follow, max-snippet:-1, max-image-preview:large, max-video-preview:-1\" \/>\n<link rel=\"canonical\" href=\"https:\/\/sonographycanada.ca\/fr\/agrement\/examens-admission-profession\" \/>\n<meta property=\"og:locale\" content=\"fr_FR\" \/>\n<meta property=\"og:type\" content=\"article\" \/>\n<meta property=\"og:title\" content=\"Examens d&#039;admission \u00e0 la profession - \u00c9chographie Canada\" \/>\n<meta property=\"og:description\" content=\"Informations importantes sur les examens d&#8217;\u00c9chographie Canada \u00c0 partir de janvier&nbsp;2027, lorsque le nouveau Profil national des comp\u00e9tences 7.0 entrera en vigueur, des changements seront apport\u00e9s \u00e0 la fa\u00e7on dont les examens sont administr\u00e9s.&nbsp; \u00c0 partir de janvier&nbsp;2027, l\u2019examen de base sera int\u00e9gr\u00e9 aux examens de certification g\u00e9n\u00e9raliste, cardiaque et vasculaire. Il n\u2019y aura plus [&hellip;]\" \/>\n<meta property=\"og:url\" content=\"https:\/\/sonographycanada.ca\/fr\/agrement\/examens-admission-profession\" \/>\n<meta property=\"og:site_name\" content=\"\u00c9chographie Canada\" \/>\n<meta property=\"article:modified_time\" content=\"2026-01-12T16:40:53+00:00\" \/>\n<meta name=\"twitter:card\" content=\"summary_large_image\" \/>\n<meta name=\"twitter:label1\" content=\"Est. reading time\" \/>\n\t<meta name=\"twitter:data1\" content=\"4 minutes\" \/>\n<script type=\"application\/ld+json\" class=\"yoast-schema-graph\">{\"@context\":\"https:\/\/schema.org\",\"@graph\":[{\"@type\":\"WebPage\",\"@id\":\"https:\/\/sonographycanada.ca\/fr\/agrement\/examens-admission-profession\",\"url\":\"https:\/\/sonographycanada.ca\/fr\/agrement\/examens-admission-profession\",\"name\":\"Examens d'admission \u00e0 la profession - \u00c9chographie Canada\",\"isPartOf\":{\"@id\":\"https:\/\/sonographycanada.ca\/#website\"},\"datePublished\":\"2019-02-28T20:14:10+00:00\",\"dateModified\":\"2026-01-12T16:40:53+00:00\",\"breadcrumb\":{\"@id\":\"https:\/\/sonographycanada.ca\/fr\/agrement\/examens-admission-profession#breadcrumb\"},\"inLanguage\":\"fr-FR\",\"potentialAction\":[{\"@type\":\"ReadAction\",\"target\":[\"https:\/\/sonographycanada.ca\/fr\/agrement\/examens-admission-profession\"]}]},{\"@type\":\"BreadcrumbList\",\"@id\":\"https:\/\/sonographycanada.ca\/fr\/agrement\/examens-admission-profession#breadcrumb\",\"itemListElement\":[{\"@type\":\"ListItem\",\"position\":1,\"name\":\"Accueil\",\"item\":\"https:\/\/sonographycanada.ca\/fr\"},{\"@type\":\"ListItem\",\"position\":2,\"name\":\"Certification\",\"item\":\"https:\/\/sonographycanada.ca\/certification\"},{\"@type\":\"ListItem\",\"position\":3,\"name\":\"Examens d&#8217;admission \u00e0 la profession\"}]},{\"@type\":\"WebSite\",\"@id\":\"https:\/\/sonographycanada.ca\/#website\",\"url\":\"https:\/\/sonographycanada.ca\/\",\"name\":\"\u00c9chographie Canada\",\"description\":\"La voix des \u00e9chographistes m\u00e9dicaux diagnostiques au Canada\",\"potentialAction\":[{\"@type\":\"SearchAction\",\"target\":{\"@type\":\"EntryPoint\",\"urlTemplate\":\"https:\/\/sonographycanada.ca\/?s={search_term_string}\"},\"query-input\":{\"@type\":\"PropertyValueSpecification\",\"valueRequired\":true,\"valueName\":\"search_term_string\"}}],\"inLanguage\":\"fr-FR\"}]}<\/script>\n<!-- \/ Yoast SEO plugin. -->","yoast_head_json":{"title":"Examens d'admission \u00e0 la profession - \u00c9chographie Canada","robots":{"index":"index","follow":"follow","max-snippet":"max-snippet:-1","max-image-preview":"max-image-preview:large","max-video-preview":"max-video-preview:-1"},"canonical":"https:\/\/sonographycanada.ca\/fr\/agrement\/examens-admission-profession","og_locale":"fr_FR","og_type":"article","og_title":"Examens d'admission \u00e0 la profession - \u00c9chographie Canada","og_description":"Informations importantes sur les examens d&#8217;\u00c9chographie Canada \u00c0 partir de janvier&nbsp;2027, lorsque le nouveau Profil national des comp\u00e9tences 7.0 entrera en vigueur, des changements seront apport\u00e9s \u00e0 la fa\u00e7on dont les examens sont administr\u00e9s.&nbsp; \u00c0 partir de janvier&nbsp;2027, l\u2019examen de base sera int\u00e9gr\u00e9 aux examens de certification g\u00e9n\u00e9raliste, cardiaque et vasculaire. Il n\u2019y aura plus [&hellip;]","og_url":"https:\/\/sonographycanada.ca\/fr\/agrement\/examens-admission-profession","og_site_name":"\u00c9chographie Canada","article_modified_time":"2026-01-12T16:40:53+00:00","twitter_card":"summary_large_image","twitter_misc":{"Est. reading time":"4 minutes"},"schema":{"@context":"https:\/\/schema.org","@graph":[{"@type":"WebPage","@id":"https:\/\/sonographycanada.ca\/fr\/agrement\/examens-admission-profession","url":"https:\/\/sonographycanada.ca\/fr\/agrement\/examens-admission-profession","name":"Examens d'admission \u00e0 la profession - \u00c9chographie Canada","isPartOf":{"@id":"https:\/\/sonographycanada.ca\/#website"},"datePublished":"2019-02-28T20:14:10+00:00","dateModified":"2026-01-12T16:40:53+00:00","breadcrumb":{"@id":"https:\/\/sonographycanada.ca\/fr\/agrement\/examens-admission-profession#breadcrumb"},"inLanguage":"fr-FR","potentialAction":[{"@type":"ReadAction","target":["https:\/\/sonographycanada.ca\/fr\/agrement\/examens-admission-profession"]}]},{"@type":"BreadcrumbList","@id":"https:\/\/sonographycanada.ca\/fr\/agrement\/examens-admission-profession#breadcrumb","itemListElement":[{"@type":"ListItem","position":1,"name":"Accueil","item":"https:\/\/sonographycanada.ca\/fr"},{"@type":"ListItem","position":2,"name":"Certification","item":"https:\/\/sonographycanada.ca\/certification"},{"@type":"ListItem","position":3,"name":"Examens d&#8217;admission \u00e0 la profession"}]},{"@type":"WebSite","@id":"https:\/\/sonographycanada.ca\/#website","url":"https:\/\/sonographycanada.ca\/","name":"\u00c9chographie Canada","description":"La voix des \u00e9chographistes m\u00e9dicaux diagnostiques au Canada","potentialAction":[{"@type":"SearchAction","target":{"@type":"EntryPoint","urlTemplate":"https:\/\/sonographycanada.ca\/?s={search_term_string}"},"query-input":{"@type":"PropertyValueSpecification","valueRequired":true,"valueName":"search_term_string"}}],"inLanguage":"fr-FR"}]}},"coauthors":[],"author_meta":{"author_link":"https:\/\/sonographycanada.ca\/fr\/author\/admin","display_name":"Kevin Andrews"},"relative_dates":{"created":"Publi\u00e9 7 years il y a","modified":"Mis \u00e0 jour 3 months il y a"},"absolute_dates":{"created":"Publi\u00e9 le f\u00e9vrier 28, 2019","modified":"Mise \u00e0 jour le janvier 12, 2026"},"absolute_dates_time":{"created":"Publi\u00e9 le f\u00e9vrier 28, 2019 8:14 pm","modified":"Mise \u00e0 jour le janvier 12, 2026 11:40 am"},"featured_img_caption":"","featured_img":false,"series_order":"","_links":{"self":[{"href":"https:\/\/sonographycanada.ca\/fr\/wp-json\/wp\/v2\/pages\/530"}],"collection":[{"href":"https:\/\/sonographycanada.ca\/fr\/wp-json\/wp\/v2\/pages"}],"about":[{"href":"https:\/\/sonographycanada.ca\/fr\/wp-json\/wp\/v2\/types\/page"}],"author":[{"embeddable":true,"href":"https:\/\/sonographycanada.ca\/fr\/wp-json\/wp\/v2\/users\/1"}],"replies":[{"embeddable":true,"href":"https:\/\/sonographycanada.ca\/fr\/wp-json\/wp\/v2\/comments?post=530"}],"version-history":[{"count":28,"href":"https:\/\/sonographycanada.ca\/fr\/wp-json\/wp\/v2\/pages\/530\/revisions"}],"predecessor-version":[{"id":305248,"href":"https:\/\/sonographycanada.ca\/fr\/wp-json\/wp\/v2\/pages\/530\/revisions\/305248"}],"up":[{"embeddable":true,"href":"https:\/\/sonographycanada.ca\/fr\/wp-json\/wp\/v2\/pages\/526"}],"wp:attachment":[{"href":"https:\/\/sonographycanada.ca\/fr\/wp-json\/wp\/v2\/media?parent=530"}],"curies":[{"name":"wp","href":"https:\/\/api.w.org\/{rel}","templated":true}]}}