{"id":53014,"date":"2019-03-28T20:31:10","date_gmt":"2019-03-28T20:31:10","guid":{"rendered":"https:\/\/sonographycanada.ca\/membres\/gouvernance\/constitution-and-bylaws"},"modified":"2020-05-29T21:46:10","modified_gmt":"2020-05-29T21:46:10","slug":"constitution-et-statuts","status":"publish","type":"page","link":"https:\/\/sonographycanada.ca\/fr\/membres\/gouvernance\/constitution-et-statuts","title":{"rendered":"Constitution et Statuts"},"content":{"rendered":"<p>La constitution est \u00e0 la base de l\u2019\u00e9dification de\nnotre association professionnelle. Elle contient les principes fondamentaux qui\ngouvernent ses op\u00e9rations. Les statuts \u00e9tablissent les r\u00e8glements particuliers\npour le fonctionnement de l\u2019organisation.<\/p><p>La constitution et les statuts d\u2019\u00c9chographie Canada\nsont approuv\u00e9s par le conseil d\u2019administration, sous r\u00e9serve de ratification\npar les membres. <\/p><p>Veuillez noter : Conform\u00e9ment \u00e0 la <em>Loi\ncanadienne sur les organisations \u00e0 but non lucratif<\/em>, tout amendement aux\nstatuts approuv\u00e9 par le conseil d\u2019administration est en vigueur d\u00e8s\nl\u2019approbation du conseil d\u2019administration, mais doit \u00eatre soumis \u00e0 ratification\npar les membres lors de la prochaine Assembl\u00e9e g\u00e9n\u00e9rale annuelle. <\/p><p>La Constitution et les statuts actuels\nd\u2019\u00c9chographie Canada ont \u00e9t\u00e9 r\u00e9vis\u00e9s en octobre 2019, ont \u00e9t\u00e9 approuv\u00e9s par le\nconseil d\u2019administration le 2 novembre 2019, et ont \u00e9t\u00e9 approuv\u00e9s par les membres\nle 15 d\u00e9cembre 2019.<\/p><p><a href=\"https:\/\/sonographycanada.ca\/app\/uploads\/2020\/05\/Constitution-and-By-laws-SC-revised-October-2019_Member-Approved-1.pdf\" target=\"_blank\" rel=\"noreferrer noopener\" aria-label=\" (opens in a new tab)\">Constitution et statuts<\/a>&nbsp; (en anglais)<\/p>","protected":false},"excerpt":{"rendered":"<p>La constitution est \u00e0 la base de l\u2019\u00e9dification de notre association professionnelle. Elle contient les principes fondamentaux qui gouvernent ses op\u00e9rations. Les statuts \u00e9tablissent les r\u00e8glements particuliers pour le fonctionnement de l\u2019organisation. La constitution et les statuts d\u2019\u00c9chographie Canada sont approuv\u00e9s par le conseil d\u2019administration, sous r\u00e9serve de ratification par les membres. Veuillez noter : [&hellip;]<\/p>\n","protected":false},"author":1,"featured_media":0,"parent":51464,"menu_order":0,"comment_status":"closed","ping_status":"closed","template":"","meta":{"_acf_changed":false,"advgb_blocks_editor_width":"","advgb_blocks_columns_visual_guide":"","wicket_organization":"","_seat_count":"","_member_id":[],"_edit_last":"6718","_start_date":"","_end_date":"","footnotes":""},"class_list":["post-53014","page","type-page","status-publish","hentry"],"acf":[],"yoast_head":"<!-- This site is optimized with the Yoast SEO plugin v23.5 - https:\/\/yoast.com\/wordpress\/plugins\/seo\/ -->\n<title>Constitution et Statuts - \u00c9chographie Canada<\/title>\n<meta name=\"robots\" content=\"index, follow, max-snippet:-1, max-image-preview:large, max-video-preview:-1\" \/>\n<link rel=\"canonical\" href=\"https:\/\/sonographycanada.ca\/fr\/membres\/gouvernance\/constitution-et-statuts\" \/>\n<meta property=\"og:locale\" content=\"fr_FR\" \/>\n<meta property=\"og:type\" content=\"article\" \/>\n<meta property=\"og:title\" content=\"Constitution et Statuts - \u00c9chographie Canada\" \/>\n<meta property=\"og:description\" content=\"La constitution est \u00e0 la base de l\u2019\u00e9dification de notre association professionnelle. Elle contient les principes fondamentaux qui gouvernent ses op\u00e9rations. Les statuts \u00e9tablissent les r\u00e8glements particuliers pour le fonctionnement de l\u2019organisation. La constitution et les statuts d\u2019\u00c9chographie Canada sont approuv\u00e9s par le conseil d\u2019administration, sous r\u00e9serve de ratification par les membres. Veuillez noter : [&hellip;]\" \/>\n<meta property=\"og:url\" content=\"https:\/\/sonographycanada.ca\/fr\/membres\/gouvernance\/constitution-et-statuts\" \/>\n<meta property=\"og:site_name\" content=\"\u00c9chographie Canada\" \/>\n<meta property=\"article:modified_time\" content=\"2020-05-29T21:46:10+00:00\" \/>\n<meta name=\"twitter:card\" content=\"summary_large_image\" \/>\n<meta name=\"twitter:label1\" content=\"Est. reading time\" \/>\n\t<meta name=\"twitter:data1\" content=\"1 minute\" \/>\n<script type=\"application\/ld+json\" class=\"yoast-schema-graph\">{\"@context\":\"https:\/\/schema.org\",\"@graph\":[{\"@type\":\"WebPage\",\"@id\":\"https:\/\/sonographycanada.ca\/fr\/membres\/gouvernance\/constitution-et-statuts\",\"url\":\"https:\/\/sonographycanada.ca\/fr\/membres\/gouvernance\/constitution-et-statuts\",\"name\":\"Constitution et Statuts - \u00c9chographie Canada\",\"isPartOf\":{\"@id\":\"https:\/\/sonographycanada.ca\/#website\"},\"datePublished\":\"2019-03-28T20:31:10+00:00\",\"dateModified\":\"2020-05-29T21:46:10+00:00\",\"breadcrumb\":{\"@id\":\"https:\/\/sonographycanada.ca\/fr\/membres\/gouvernance\/constitution-et-statuts#breadcrumb\"},\"inLanguage\":\"fr-FR\",\"potentialAction\":[{\"@type\":\"ReadAction\",\"target\":[\"https:\/\/sonographycanada.ca\/fr\/membres\/gouvernance\/constitution-et-statuts\"]}]},{\"@type\":\"BreadcrumbList\",\"@id\":\"https:\/\/sonographycanada.ca\/fr\/membres\/gouvernance\/constitution-et-statuts#breadcrumb\",\"itemListElement\":[{\"@type\":\"ListItem\",\"position\":1,\"name\":\"Accueil\",\"item\":\"https:\/\/sonographycanada.ca\/fr\"},{\"@type\":\"ListItem\",\"position\":2,\"name\":\"Membres\",\"item\":\"https:\/\/sonographycanada.ca\/fr\/membres\"},{\"@type\":\"ListItem\",\"position\":3,\"name\":\"Gouvernance\",\"item\":\"https:\/\/sonographycanada.ca\/fr\/membres\/gouvernance\"},{\"@type\":\"ListItem\",\"position\":4,\"name\":\"Constitution et Statuts\"}]},{\"@type\":\"WebSite\",\"@id\":\"https:\/\/sonographycanada.ca\/#website\",\"url\":\"https:\/\/sonographycanada.ca\/\",\"name\":\"\u00c9chographie Canada\",\"description\":\"La voix des \u00e9chographistes m\u00e9dicaux diagnostiques au Canada\",\"potentialAction\":[{\"@type\":\"SearchAction\",\"target\":{\"@type\":\"EntryPoint\",\"urlTemplate\":\"https:\/\/sonographycanada.ca\/?s={search_term_string}\"},\"query-input\":{\"@type\":\"PropertyValueSpecification\",\"valueRequired\":true,\"valueName\":\"search_term_string\"}}],\"inLanguage\":\"fr-FR\"}]}<\/script>\n<!-- \/ Yoast SEO plugin. -->","yoast_head_json":{"title":"Constitution et Statuts - \u00c9chographie Canada","robots":{"index":"index","follow":"follow","max-snippet":"max-snippet:-1","max-image-preview":"max-image-preview:large","max-video-preview":"max-video-preview:-1"},"canonical":"https:\/\/sonographycanada.ca\/fr\/membres\/gouvernance\/constitution-et-statuts","og_locale":"fr_FR","og_type":"article","og_title":"Constitution et Statuts - \u00c9chographie Canada","og_description":"La constitution est \u00e0 la base de l\u2019\u00e9dification de notre association professionnelle. Elle contient les principes fondamentaux qui gouvernent ses op\u00e9rations. Les statuts \u00e9tablissent les r\u00e8glements particuliers pour le fonctionnement de l\u2019organisation. La constitution et les statuts d\u2019\u00c9chographie Canada sont approuv\u00e9s par le conseil d\u2019administration, sous r\u00e9serve de ratification par les membres. Veuillez noter : [&hellip;]","og_url":"https:\/\/sonographycanada.ca\/fr\/membres\/gouvernance\/constitution-et-statuts","og_site_name":"\u00c9chographie Canada","article_modified_time":"2020-05-29T21:46:10+00:00","twitter_card":"summary_large_image","twitter_misc":{"Est. reading time":"1 minute"},"schema":{"@context":"https:\/\/schema.org","@graph":[{"@type":"WebPage","@id":"https:\/\/sonographycanada.ca\/fr\/membres\/gouvernance\/constitution-et-statuts","url":"https:\/\/sonographycanada.ca\/fr\/membres\/gouvernance\/constitution-et-statuts","name":"Constitution et Statuts - \u00c9chographie Canada","isPartOf":{"@id":"https:\/\/sonographycanada.ca\/#website"},"datePublished":"2019-03-28T20:31:10+00:00","dateModified":"2020-05-29T21:46:10+00:00","breadcrumb":{"@id":"https:\/\/sonographycanada.ca\/fr\/membres\/gouvernance\/constitution-et-statuts#breadcrumb"},"inLanguage":"fr-FR","potentialAction":[{"@type":"ReadAction","target":["https:\/\/sonographycanada.ca\/fr\/membres\/gouvernance\/constitution-et-statuts"]}]},{"@type":"BreadcrumbList","@id":"https:\/\/sonographycanada.ca\/fr\/membres\/gouvernance\/constitution-et-statuts#breadcrumb","itemListElement":[{"@type":"ListItem","position":1,"name":"Accueil","item":"https:\/\/sonographycanada.ca\/fr"},{"@type":"ListItem","position":2,"name":"Membres","item":"https:\/\/sonographycanada.ca\/fr\/membres"},{"@type":"ListItem","position":3,"name":"Gouvernance","item":"https:\/\/sonographycanada.ca\/fr\/membres\/gouvernance"},{"@type":"ListItem","position":4,"name":"Constitution et Statuts"}]},{"@type":"WebSite","@id":"https:\/\/sonographycanada.ca\/#website","url":"https:\/\/sonographycanada.ca\/","name":"\u00c9chographie Canada","description":"La voix des \u00e9chographistes m\u00e9dicaux diagnostiques au Canada","potentialAction":[{"@type":"SearchAction","target":{"@type":"EntryPoint","urlTemplate":"https:\/\/sonographycanada.ca\/?s={search_term_string}"},"query-input":{"@type":"PropertyValueSpecification","valueRequired":true,"valueName":"search_term_string"}}],"inLanguage":"fr-FR"}]}},"coauthors":[],"author_meta":{"author_link":"https:\/\/sonographycanada.ca\/fr\/author\/admin","display_name":"Kevin Andrews"},"relative_dates":{"created":"Publi\u00e9 7 years il y a","modified":"Mis \u00e0 jour 6 years il y a"},"absolute_dates":{"created":"Publi\u00e9 le mars 28, 2019","modified":"Mise \u00e0 jour le mai 29, 2020"},"absolute_dates_time":{"created":"Publi\u00e9 le mars 28, 2019 8:31 pm","modified":"Mise \u00e0 jour le mai 29, 2020 9:46 pm"},"featured_img_caption":"","featured_img":false,"series_order":"","_links":{"self":[{"href":"https:\/\/sonographycanada.ca\/fr\/wp-json\/wp\/v2\/pages\/53014"}],"collection":[{"href":"https:\/\/sonographycanada.ca\/fr\/wp-json\/wp\/v2\/pages"}],"about":[{"href":"https:\/\/sonographycanada.ca\/fr\/wp-json\/wp\/v2\/types\/page"}],"author":[{"embeddable":true,"href":"https:\/\/sonographycanada.ca\/fr\/wp-json\/wp\/v2\/users\/1"}],"replies":[{"embeddable":true,"href":"https:\/\/sonographycanada.ca\/fr\/wp-json\/wp\/v2\/comments?post=53014"}],"version-history":[{"count":4,"href":"https:\/\/sonographycanada.ca\/fr\/wp-json\/wp\/v2\/pages\/53014\/revisions"}],"predecessor-version":[{"id":53027,"href":"https:\/\/sonographycanada.ca\/fr\/wp-json\/wp\/v2\/pages\/53014\/revisions\/53027"}],"up":[{"embeddable":true,"href":"https:\/\/sonographycanada.ca\/fr\/wp-json\/wp\/v2\/pages\/51464"}],"wp:attachment":[{"href":"https:\/\/sonographycanada.ca\/fr\/wp-json\/wp\/v2\/media?parent=53014"}],"curies":[{"name":"wp","href":"https:\/\/api.w.org\/{rel}","templated":true}]}}