{"id":534,"date":"2019-02-28T20:18:53","date_gmt":"2019-02-28T20:18:53","guid":{"rendered":"http:\/\/sonographycanada.ca\/?page_id=534"},"modified":"2026-01-02T13:25:28","modified_gmt":"2026-01-02T18:25:28","slug":"dates-et-horaires","status":"publish","type":"page","link":"https:\/\/sonographycanada.ca\/fr\/agrement\/examens-admission-profession\/dates-et-horaires","title":{"rendered":"Dates d&#8217;examen, p\u00e9riodes  d&#8217;enregistrement, et horaires"},"content":{"rendered":"<p><\/p><p> <strong>Veuillez noter: Les dates d&#8217;examen, d&#8217;inscription ou de retrait sont susceptibles d&#8217;\u00eatre modifi\u00e9es<\/strong><\/p><hr class=\"wp-block-separator has-css-opacity\"\/><h3 class=\"wp-block-heading\">Horaires (pour les examens 2026 &#8211; 2028)<\/h3><h3 class=\"wp-block-heading\">Dates d&#8217;examens 2026<\/h3><figure class=\"wp-block-table\"><table><tbody><tr><td class=\"has-text-align-left\" data-align=\"left\"><strong>P\u00e9riode <\/strong><br><strong>d&#8217;examen<\/strong><\/td><td class=\"has-text-align-left\" data-align=\"left\"><strong>P\u00e9riode d&#8217;inscription<\/strong><br>Heure limite d&#8217;inscription 14 h HNE<\/td><td><strong>Date de retrait<\/strong> <br>(et date limite pour soumettre les documents d&#8217;\u00e9ligibilit\u00e9) <\/td><td class=\"has-text-align-left\" data-align=\"left\"><strong><span style=\"text-decoration: underline;\">Jour 1<\/span><\/strong><br>Examen de base <em>et\/ou <\/em>vasculaire (Mercredi)<\/td><td class=\"has-text-align-left\" data-align=\"left\"><strong><span style=\"text-decoration: underline;\">Jour 2<\/span><\/strong><br>Examen cardiaque (Jeudi)<\/td><td class=\"has-text-align-left\" data-align=\"left\"><strong><span style=\"text-decoration: underline;\">Jour 3<\/span><\/strong><br>Examen  g\u00e9n\u00e9raliste (Vendredi)<\/td><\/tr><tr><td class=\"has-text-align-left\" data-align=\"left\">14-16 janvier 2026<\/td><td class=\"has-text-align-left\" data-align=\"left\">du 15 oct. au <br>6 nov. 2024<\/td><td>30 d\u00e9c. 2025 (Centres de test)<br>19 jan. 2026 (Surveillance \u00e0 distance)<\/td><td class=\"has-text-align-left\" data-align=\"left\">15 jan.<\/td><td class=\"has-text-align-left\" data-align=\"left\">16 jan. <\/td><td class=\"has-text-align-left\" data-align=\"left\">17 jan.<\/td><\/tr><tr><td class=\"has-text-align-left\" data-align=\"left\">13-15 mai 2026<\/td><td class=\"has-text-align-left\" data-align=\"left\">du 24 f\u00e9v. au <br>19 mars 2025<\/td><td>28 avril 2026 (Centres de test)<br>7 mai 2026 (Surveillance \u00e0 distance)<\/td><td class=\"has-text-align-left\" data-align=\"left\">14 mai<\/td><td class=\"has-text-align-left\" data-align=\"left\">15 mai<\/td><td class=\"has-text-align-left\" data-align=\"left\">16 mai<\/td><\/tr><tr><td class=\"has-text-align-left\" data-align=\"left\">9-11 septembre 2026<\/td><td class=\"has-text-align-left\" data-align=\"left\">du 24 juin au <br>15 juillet 2025<\/td><td>24 ao\u00fbt 2026 (Centres de test)<br>4 sept. 2026 (Surveillance \u00e0 distance)<\/td><td class=\"has-text-align-left\" data-align=\"left\">10 sept.<\/td><td class=\"has-text-align-left\" data-align=\"left\">11 sept.<\/td><td class=\"has-text-align-left\" data-align=\"left\">12 sept.<\/td><\/tr><\/tbody><\/table><\/figure><h3 class=\"wp-block-heading\">Date d&#8217;examens 2027<\/h3><table class=\"wp-block-advgb-table advgb-table-frontend\"><tbody><tr><td><strong>P\u00e9riode <\/strong><br><strong>d&#8217;examen<\/strong><\/td><td><strong>P\u00e9riode d&#8217;inscription<\/strong><br>Heure limite d&#8217;inscription 14 h HNE<\/td><td><strong>Date de retrait<\/strong> <br>(et date limite pour soumettre les documents d&#8217;\u00e9ligibilit\u00e9)<\/td><td><strong><span style=\"text-decoration: underline;\">Jour 1<\/span><\/strong><br>Examen de base <em>et\/ou <\/em>vasculaire (Mercredi)<\/td><td><strong><span style=\"text-decoration: underline;\">Jour 2<\/span><\/strong><br>Examen cardiaque (Jeudi)<\/td><td><strong><span style=\"text-decoration: underline;\">Jour 3<\/span><\/strong><br>Examen g\u00e9n\u00e9raliste (Vendredi)<\/td><\/tr><tr><td>13-15 janvier 2027<\/td><td>\u00e0 d\u00e9terminer<\/td><td>\u00e0 d\u00e9terminer<\/td><td>13 jan.<\/td><td>14 jan.<\/td><td>15 jan.<\/td><\/tr><tr><td><strong>P\u00e9riode <\/strong><br><strong>d&#8217;examen<\/strong><\/td><td><strong>P\u00e9riode d&#8217;inscription<\/strong><br>Heure limite d&#8217;inscription 14 h HNE<\/td><td><strong>Date de retrait<\/strong> <br>(et date limite pour soumettre les documents d&#8217;\u00e9ligibilit\u00e9)<\/td><td><strong><span style=\"text-decoration: underline;\">Jour 1<\/span><\/strong><br>Examen g\u00e9n\u00e9raliste (Mercredi)<\/td><td><strong><span style=\"text-decoration: underline;\">Jour 2<\/span><\/strong><br>Examen cardiaque <em>et\/ou <\/em>vasculaire (Jeudi)<\/td><td><\/td><\/tr><tr><td>12-13 mai 2027<\/td><td>\u00e0 d\u00e9terminer<\/td><td>\u00e0 d\u00e9terminer<\/td><td>12 mai<\/td><td>13 mai<\/td><td><\/td><\/tr><tr><td>8-9 septembre 2027<\/td><td>\u00e0 d\u00e9terminer<\/td><td>\u00e0 d\u00e9terminer<\/td><td>8 sept.<\/td><td>9 sept.<\/td><td><\/td><\/tr><\/tbody><\/table><div class=\"wp-block-group\"><div class=\"wp-block-group__inner-container is-layout-constrained wp-block-group-is-layout-constrained\"><h3 class=\"wp-block-heading\">Date d&#8217;examens 2028<\/h3>\n\n<table class=\"wp-block-advgb-table advgb-table-frontend\"><tbody><tr><td><strong>P\u00e9riode <\/strong><br><strong>d&#8217;examen<\/strong><\/td><td><strong>P\u00e9riode d&#8217;inscription<\/strong><br>Heure limite d&#8217;inscription 14 h HNE<\/td><td><strong>Date de retrait<\/strong> <br>(et date limite pour soumettre les documents d&#8217;\u00e9ligibilit\u00e9)<\/td><td><strong><span style=\"text-decoration: underline;\">Jour 1<\/span><\/strong><br>Examen g\u00e9n\u00e9raliste (Mercredi)<\/td><td><strong><span style=\"text-decoration: underline;\">Jour 1<\/span><\/strong><br>Examen g\u00e9n\u00e9raliste (Mercredi)<strong><span style=\"text-decoration: underline;\">Jour 2<\/span><\/strong><br>Examen cardiaque <em>et\/ou <\/em>vasculaire (Jeudi)<\/td><\/tr><tr><td>12-13 janvier 2028<\/td><td>\u00e0 d\u00e9terminer<\/td><td>\u00e0 d\u00e9terminer<\/td><td>12 jan.<\/td><td>13 jan.<\/td><\/tr><tr><td>10-11 mai 2028<\/td><td>\u00e0 d\u00e9terminer<\/td><td>\u00e0 d\u00e9terminer<\/td><td>10 mai<\/td><td>11 mai<\/td><\/tr><tr><td>13-14 septembre 2028<\/td><td>\u00e0 d\u00e9terminer<\/td><td>\u00e0 d\u00e9terminer<\/td><td>13 sept.<\/td><td>14 sept.<\/td><\/tr><\/tbody><\/table><\/div><\/div><p><\/p><div class=\"wp-block-group\"><div class=\"wp-block-group__inner-container is-layout-constrained wp-block-group-is-layout-constrained\"><p>*Les candidats qui ecrivent avec surveillance \u00e0 distance planifieront des examens entre 8h00 et 19h00, heure de l&#8217;Est. Les candidats recevront des informations plus pr\u00e8s de la date de l&#8217;examen lors de la r\u00e9servation de leurs plages horaires d&#8217;examen.<\/p>\n\n<p class=\"has-text-align-left\">*Les candidats qui \u00e9crivent dans les centres de test en personne suivront le calendrier ci-dessous (pour tous les fuseaux horaires). Les candidats recevront des informations plus pr\u00e8s de la date de l&#8217;examen avec l&#8217;emplacement du centre d&#8217;examen. <\/p><\/div><\/div><p><\/p>","protected":false},"excerpt":{"rendered":"<p>Veuillez noter: Les dates d&#8217;examen, d&#8217;inscription ou de retrait sont susceptibles d&#8217;\u00eatre modifi\u00e9es Horaires (pour les examens 2026 &#8211; 2028) Dates d&#8217;examens 2026 P\u00e9riode d&#8217;examen P\u00e9riode d&#8217;inscriptionHeure limite d&#8217;inscription 14 h HNE Date de retrait (et date limite pour soumettre les documents d&#8217;\u00e9ligibilit\u00e9) Jour 1Examen de base et\/ou vasculaire (Mercredi) Jour 2Examen cardiaque (Jeudi) Jour [&hellip;]<\/p>\n","protected":false},"author":1,"featured_media":0,"parent":530,"menu_order":70,"comment_status":"closed","ping_status":"closed","template":"","meta":{"_acf_changed":false,"advgb_blocks_editor_width":"","advgb_blocks_columns_visual_guide":"","wicket_organization":"","_seat_count":"","_member_id":[],"_edit_last":"11984","_start_date":"","_end_date":"","footnotes":""},"class_list":["post-534","page","type-page","status-publish","hentry"],"acf":[],"yoast_head":"<!-- This site is optimized with the Yoast SEO plugin v23.5 - https:\/\/yoast.com\/wordpress\/plugins\/seo\/ -->\n<title>Dates d&#039;examen, p\u00e9riodes d&#039;enregistrement, et horaires - \u00c9chographie Canada<\/title>\n<meta name=\"robots\" content=\"index, follow, max-snippet:-1, max-image-preview:large, max-video-preview:-1\" \/>\n<link rel=\"canonical\" href=\"https:\/\/sonographycanada.ca\/fr\/agrement\/examens-admission-profession\/dates-et-horaires\" \/>\n<meta property=\"og:locale\" content=\"fr_FR\" \/>\n<meta property=\"og:type\" content=\"article\" \/>\n<meta property=\"og:title\" content=\"Dates d&#039;examen, p\u00e9riodes d&#039;enregistrement, et horaires - \u00c9chographie Canada\" \/>\n<meta property=\"og:description\" content=\"Veuillez noter: Les dates d&#8217;examen, d&#8217;inscription ou de retrait sont susceptibles d&#8217;\u00eatre modifi\u00e9es Horaires (pour les examens 2026 &#8211; 2028) Dates d&#8217;examens 2026 P\u00e9riode d&#8217;examen P\u00e9riode d&#8217;inscriptionHeure limite d&#8217;inscription 14 h HNE Date de retrait (et date limite pour soumettre les documents d&#8217;\u00e9ligibilit\u00e9) Jour 1Examen de base et\/ou vasculaire (Mercredi) Jour 2Examen cardiaque (Jeudi) Jour [&hellip;]\" \/>\n<meta property=\"og:url\" content=\"https:\/\/sonographycanada.ca\/fr\/agrement\/examens-admission-profession\/dates-et-horaires\" \/>\n<meta property=\"og:site_name\" content=\"\u00c9chographie Canada\" \/>\n<meta property=\"article:modified_time\" content=\"2026-01-02T18:25:28+00:00\" \/>\n<meta name=\"twitter:card\" content=\"summary_large_image\" \/>\n<meta name=\"twitter:label1\" content=\"Est. reading time\" \/>\n\t<meta name=\"twitter:data1\" content=\"2 minutes\" \/>\n<script type=\"application\/ld+json\" class=\"yoast-schema-graph\">{\"@context\":\"https:\/\/schema.org\",\"@graph\":[{\"@type\":\"WebPage\",\"@id\":\"https:\/\/sonographycanada.ca\/fr\/agrement\/examens-admission-profession\/dates-et-horaires\",\"url\":\"https:\/\/sonographycanada.ca\/fr\/agrement\/examens-admission-profession\/dates-et-horaires\",\"name\":\"Dates d'examen, p\u00e9riodes d'enregistrement, et horaires - \u00c9chographie Canada\",\"isPartOf\":{\"@id\":\"https:\/\/sonographycanada.ca\/#website\"},\"datePublished\":\"2019-02-28T20:18:53+00:00\",\"dateModified\":\"2026-01-02T18:25:28+00:00\",\"breadcrumb\":{\"@id\":\"https:\/\/sonographycanada.ca\/fr\/agrement\/examens-admission-profession\/dates-et-horaires#breadcrumb\"},\"inLanguage\":\"fr-FR\",\"potentialAction\":[{\"@type\":\"ReadAction\",\"target\":[\"https:\/\/sonographycanada.ca\/fr\/agrement\/examens-admission-profession\/dates-et-horaires\"]}]},{\"@type\":\"BreadcrumbList\",\"@id\":\"https:\/\/sonographycanada.ca\/fr\/agrement\/examens-admission-profession\/dates-et-horaires#breadcrumb\",\"itemListElement\":[{\"@type\":\"ListItem\",\"position\":1,\"name\":\"Accueil\",\"item\":\"https:\/\/sonographycanada.ca\/fr\"},{\"@type\":\"ListItem\",\"position\":2,\"name\":\"Certification\",\"item\":\"https:\/\/sonographycanada.ca\/certification\"},{\"@type\":\"ListItem\",\"position\":3,\"name\":\"Examens d&#8217;admission \u00e0 la profession\",\"item\":\"https:\/\/sonographycanada.ca\/fr\/agrement\/examens-admission-profession\"},{\"@type\":\"ListItem\",\"position\":4,\"name\":\"Dates d&#8217;examen, p\u00e9riodes d&#8217;enregistrement, et horaires\"}]},{\"@type\":\"WebSite\",\"@id\":\"https:\/\/sonographycanada.ca\/#website\",\"url\":\"https:\/\/sonographycanada.ca\/\",\"name\":\"\u00c9chographie Canada\",\"description\":\"La voix des \u00e9chographistes m\u00e9dicaux diagnostiques au Canada\",\"potentialAction\":[{\"@type\":\"SearchAction\",\"target\":{\"@type\":\"EntryPoint\",\"urlTemplate\":\"https:\/\/sonographycanada.ca\/?s={search_term_string}\"},\"query-input\":{\"@type\":\"PropertyValueSpecification\",\"valueRequired\":true,\"valueName\":\"search_term_string\"}}],\"inLanguage\":\"fr-FR\"}]}<\/script>\n<!-- \/ Yoast SEO plugin. -->","yoast_head_json":{"title":"Dates d'examen, p\u00e9riodes d'enregistrement, et horaires - \u00c9chographie Canada","robots":{"index":"index","follow":"follow","max-snippet":"max-snippet:-1","max-image-preview":"max-image-preview:large","max-video-preview":"max-video-preview:-1"},"canonical":"https:\/\/sonographycanada.ca\/fr\/agrement\/examens-admission-profession\/dates-et-horaires","og_locale":"fr_FR","og_type":"article","og_title":"Dates d'examen, p\u00e9riodes d'enregistrement, et horaires - \u00c9chographie Canada","og_description":"Veuillez noter: Les dates d&#8217;examen, d&#8217;inscription ou de retrait sont susceptibles d&#8217;\u00eatre modifi\u00e9es Horaires (pour les examens 2026 &#8211; 2028) Dates d&#8217;examens 2026 P\u00e9riode d&#8217;examen P\u00e9riode d&#8217;inscriptionHeure limite d&#8217;inscription 14 h HNE Date de retrait (et date limite pour soumettre les documents d&#8217;\u00e9ligibilit\u00e9) Jour 1Examen de base et\/ou vasculaire (Mercredi) Jour 2Examen cardiaque (Jeudi) Jour [&hellip;]","og_url":"https:\/\/sonographycanada.ca\/fr\/agrement\/examens-admission-profession\/dates-et-horaires","og_site_name":"\u00c9chographie Canada","article_modified_time":"2026-01-02T18:25:28+00:00","twitter_card":"summary_large_image","twitter_misc":{"Est. reading time":"2 minutes"},"schema":{"@context":"https:\/\/schema.org","@graph":[{"@type":"WebPage","@id":"https:\/\/sonographycanada.ca\/fr\/agrement\/examens-admission-profession\/dates-et-horaires","url":"https:\/\/sonographycanada.ca\/fr\/agrement\/examens-admission-profession\/dates-et-horaires","name":"Dates d'examen, p\u00e9riodes d'enregistrement, et horaires - \u00c9chographie Canada","isPartOf":{"@id":"https:\/\/sonographycanada.ca\/#website"},"datePublished":"2019-02-28T20:18:53+00:00","dateModified":"2026-01-02T18:25:28+00:00","breadcrumb":{"@id":"https:\/\/sonographycanada.ca\/fr\/agrement\/examens-admission-profession\/dates-et-horaires#breadcrumb"},"inLanguage":"fr-FR","potentialAction":[{"@type":"ReadAction","target":["https:\/\/sonographycanada.ca\/fr\/agrement\/examens-admission-profession\/dates-et-horaires"]}]},{"@type":"BreadcrumbList","@id":"https:\/\/sonographycanada.ca\/fr\/agrement\/examens-admission-profession\/dates-et-horaires#breadcrumb","itemListElement":[{"@type":"ListItem","position":1,"name":"Accueil","item":"https:\/\/sonographycanada.ca\/fr"},{"@type":"ListItem","position":2,"name":"Certification","item":"https:\/\/sonographycanada.ca\/certification"},{"@type":"ListItem","position":3,"name":"Examens d&#8217;admission \u00e0 la profession","item":"https:\/\/sonographycanada.ca\/fr\/agrement\/examens-admission-profession"},{"@type":"ListItem","position":4,"name":"Dates d&#8217;examen, p\u00e9riodes d&#8217;enregistrement, et horaires"}]},{"@type":"WebSite","@id":"https:\/\/sonographycanada.ca\/#website","url":"https:\/\/sonographycanada.ca\/","name":"\u00c9chographie Canada","description":"La voix des \u00e9chographistes m\u00e9dicaux diagnostiques au Canada","potentialAction":[{"@type":"SearchAction","target":{"@type":"EntryPoint","urlTemplate":"https:\/\/sonographycanada.ca\/?s={search_term_string}"},"query-input":{"@type":"PropertyValueSpecification","valueRequired":true,"valueName":"search_term_string"}}],"inLanguage":"fr-FR"}]}},"coauthors":[],"author_meta":{"author_link":"https:\/\/sonographycanada.ca\/fr\/author\/admin","display_name":"Kevin Andrews"},"relative_dates":{"created":"Publi\u00e9 7 years il y a","modified":"Mis \u00e0 jour 3 months il y a"},"absolute_dates":{"created":"Publi\u00e9 le f\u00e9vrier 28, 2019","modified":"Mise \u00e0 jour le janvier 2, 2026"},"absolute_dates_time":{"created":"Publi\u00e9 le f\u00e9vrier 28, 2019 8:18 pm","modified":"Mise \u00e0 jour le janvier 2, 2026 1:25 pm"},"featured_img_caption":"","featured_img":false,"series_order":"","_links":{"self":[{"href":"https:\/\/sonographycanada.ca\/fr\/wp-json\/wp\/v2\/pages\/534"}],"collection":[{"href":"https:\/\/sonographycanada.ca\/fr\/wp-json\/wp\/v2\/pages"}],"about":[{"href":"https:\/\/sonographycanada.ca\/fr\/wp-json\/wp\/v2\/types\/page"}],"author":[{"embeddable":true,"href":"https:\/\/sonographycanada.ca\/fr\/wp-json\/wp\/v2\/users\/1"}],"replies":[{"embeddable":true,"href":"https:\/\/sonographycanada.ca\/fr\/wp-json\/wp\/v2\/comments?post=534"}],"version-history":[{"count":42,"href":"https:\/\/sonographycanada.ca\/fr\/wp-json\/wp\/v2\/pages\/534\/revisions"}],"predecessor-version":[{"id":304717,"href":"https:\/\/sonographycanada.ca\/fr\/wp-json\/wp\/v2\/pages\/534\/revisions\/304717"}],"up":[{"embeddable":true,"href":"https:\/\/sonographycanada.ca\/fr\/wp-json\/wp\/v2\/pages\/530"}],"wp:attachment":[{"href":"https:\/\/sonographycanada.ca\/fr\/wp-json\/wp\/v2\/media?parent=534"}],"curies":[{"name":"wp","href":"https:\/\/api.w.org\/{rel}","templated":true}]}}