{"id":536,"date":"2019-02-28T20:19:47","date_gmt":"2019-02-28T20:19:47","guid":{"rendered":"http:\/\/sonographycanada.ca\/?page_id=536"},"modified":"2022-12-09T09:08:17","modified_gmt":"2022-12-09T09:08:17","slug":"frais","status":"publish","type":"page","link":"https:\/\/sonographycanada.ca\/fr\/agrement\/examens-admission-profession\/frais","title":{"rendered":"Frais d&#8217;examen"},"content":{"rendered":"<p class=\"has-text-align-left\"> (les frais d\u2019examen sont indiqu\u00e9s en dollars canadiens est sont susceptibles d\u2019\u00eatre modifi\u00e9s sans pr\u00e9avis) <\/p><figure class=\"wp-block-table\"><table class=\"\"><tbody><tr><td>Frais d&#8217;inscription non remboursables<\/td><td>$125.00<\/td><\/tr><tr><td><strong>BASE<\/strong><\/td><td>$300.00<\/td><\/tr><tr><td><strong>G\u00c9N\u00c9RALISTE<\/strong><\/td><td>$600.00<\/td><\/tr><tr><td><strong>CARDIAQUE<\/strong><\/td><td>(uniquement en Anglais)<\/td><\/tr><tr><td><strong>VASCULAIRE<\/strong><\/td><td>(uniquement en Anglais) <\/td><\/tr><\/tbody><\/table><\/figure><p> <em>Publi\u00e9<\/em>&nbsp;<em>le 9 decembre, 2022<\/em> <\/p>","protected":false},"excerpt":{"rendered":"<p>(les frais d\u2019examen sont indiqu\u00e9s en dollars canadiens est sont susceptibles d\u2019\u00eatre modifi\u00e9s sans pr\u00e9avis) Frais d&#8217;inscription non remboursables $125.00 BASE $300.00 G\u00c9N\u00c9RALISTE $600.00 CARDIAQUE (uniquement en Anglais) VASCULAIRE (uniquement en Anglais) Publi\u00e9&nbsp;le 9 decembre, 2022<\/p>\n","protected":false},"author":1,"featured_media":0,"parent":530,"menu_order":75,"comment_status":"closed","ping_status":"closed","template":"","meta":{"_acf_changed":false,"advgb_blocks_editor_width":"","advgb_blocks_columns_visual_guide":"","wicket_organization":"","_seat_count":"","_member_id":[],"_edit_last":"1287","_start_date":"","_end_date":"","footnotes":""},"class_list":["post-536","page","type-page","status-publish","hentry"],"acf":[],"yoast_head":"<!-- This site is optimized with the Yoast SEO plugin v23.5 - https:\/\/yoast.com\/wordpress\/plugins\/seo\/ -->\n<title>Frais d&#039;examen - \u00c9chographie Canada<\/title>\n<meta name=\"robots\" content=\"index, follow, max-snippet:-1, max-image-preview:large, max-video-preview:-1\" \/>\n<link rel=\"canonical\" href=\"https:\/\/sonographycanada.ca\/fr\/agrement\/examens-admission-profession\/frais\" \/>\n<meta property=\"og:locale\" content=\"fr_FR\" \/>\n<meta property=\"og:type\" content=\"article\" \/>\n<meta property=\"og:title\" content=\"Frais d&#039;examen - \u00c9chographie Canada\" \/>\n<meta property=\"og:description\" content=\"(les frais d\u2019examen sont indiqu\u00e9s en dollars canadiens est sont susceptibles d\u2019\u00eatre modifi\u00e9s sans pr\u00e9avis) Frais d&#8217;inscription non remboursables $125.00 BASE $300.00 G\u00c9N\u00c9RALISTE $600.00 CARDIAQUE (uniquement en Anglais) VASCULAIRE (uniquement en Anglais) Publi\u00e9&nbsp;le 9 decembre, 2022\" \/>\n<meta property=\"og:url\" content=\"https:\/\/sonographycanada.ca\/fr\/agrement\/examens-admission-profession\/frais\" \/>\n<meta property=\"og:site_name\" content=\"\u00c9chographie Canada\" \/>\n<meta property=\"article:modified_time\" content=\"2022-12-09T09:08:17+00:00\" \/>\n<meta name=\"twitter:card\" content=\"summary_large_image\" \/>\n<script type=\"application\/ld+json\" class=\"yoast-schema-graph\">{\"@context\":\"https:\/\/schema.org\",\"@graph\":[{\"@type\":\"WebPage\",\"@id\":\"https:\/\/sonographycanada.ca\/fr\/agrement\/examens-admission-profession\/frais\",\"url\":\"https:\/\/sonographycanada.ca\/fr\/agrement\/examens-admission-profession\/frais\",\"name\":\"Frais d'examen - \u00c9chographie Canada\",\"isPartOf\":{\"@id\":\"https:\/\/sonographycanada.ca\/#website\"},\"datePublished\":\"2019-02-28T20:19:47+00:00\",\"dateModified\":\"2022-12-09T09:08:17+00:00\",\"breadcrumb\":{\"@id\":\"https:\/\/sonographycanada.ca\/fr\/agrement\/examens-admission-profession\/frais#breadcrumb\"},\"inLanguage\":\"fr-FR\",\"potentialAction\":[{\"@type\":\"ReadAction\",\"target\":[\"https:\/\/sonographycanada.ca\/fr\/agrement\/examens-admission-profession\/frais\"]}]},{\"@type\":\"BreadcrumbList\",\"@id\":\"https:\/\/sonographycanada.ca\/fr\/agrement\/examens-admission-profession\/frais#breadcrumb\",\"itemListElement\":[{\"@type\":\"ListItem\",\"position\":1,\"name\":\"Accueil\",\"item\":\"https:\/\/sonographycanada.ca\/fr\"},{\"@type\":\"ListItem\",\"position\":2,\"name\":\"Certification\",\"item\":\"https:\/\/sonographycanada.ca\/certification\"},{\"@type\":\"ListItem\",\"position\":3,\"name\":\"Examens d&#8217;admission \u00e0 la profession\",\"item\":\"https:\/\/sonographycanada.ca\/fr\/agrement\/examens-admission-profession\"},{\"@type\":\"ListItem\",\"position\":4,\"name\":\"Frais d&#8217;examen\"}]},{\"@type\":\"WebSite\",\"@id\":\"https:\/\/sonographycanada.ca\/#website\",\"url\":\"https:\/\/sonographycanada.ca\/\",\"name\":\"\u00c9chographie Canada\",\"description\":\"La voix des \u00e9chographistes m\u00e9dicaux diagnostiques au Canada\",\"potentialAction\":[{\"@type\":\"SearchAction\",\"target\":{\"@type\":\"EntryPoint\",\"urlTemplate\":\"https:\/\/sonographycanada.ca\/?s={search_term_string}\"},\"query-input\":{\"@type\":\"PropertyValueSpecification\",\"valueRequired\":true,\"valueName\":\"search_term_string\"}}],\"inLanguage\":\"fr-FR\"}]}<\/script>\n<!-- \/ Yoast SEO plugin. -->","yoast_head_json":{"title":"Frais d'examen - \u00c9chographie Canada","robots":{"index":"index","follow":"follow","max-snippet":"max-snippet:-1","max-image-preview":"max-image-preview:large","max-video-preview":"max-video-preview:-1"},"canonical":"https:\/\/sonographycanada.ca\/fr\/agrement\/examens-admission-profession\/frais","og_locale":"fr_FR","og_type":"article","og_title":"Frais d'examen - \u00c9chographie Canada","og_description":"(les frais d\u2019examen sont indiqu\u00e9s en dollars canadiens est sont susceptibles d\u2019\u00eatre modifi\u00e9s sans pr\u00e9avis) Frais d&#8217;inscription non remboursables $125.00 BASE $300.00 G\u00c9N\u00c9RALISTE $600.00 CARDIAQUE (uniquement en Anglais) VASCULAIRE (uniquement en Anglais) Publi\u00e9&nbsp;le 9 decembre, 2022","og_url":"https:\/\/sonographycanada.ca\/fr\/agrement\/examens-admission-profession\/frais","og_site_name":"\u00c9chographie Canada","article_modified_time":"2022-12-09T09:08:17+00:00","twitter_card":"summary_large_image","schema":{"@context":"https:\/\/schema.org","@graph":[{"@type":"WebPage","@id":"https:\/\/sonographycanada.ca\/fr\/agrement\/examens-admission-profession\/frais","url":"https:\/\/sonographycanada.ca\/fr\/agrement\/examens-admission-profession\/frais","name":"Frais d'examen - \u00c9chographie Canada","isPartOf":{"@id":"https:\/\/sonographycanada.ca\/#website"},"datePublished":"2019-02-28T20:19:47+00:00","dateModified":"2022-12-09T09:08:17+00:00","breadcrumb":{"@id":"https:\/\/sonographycanada.ca\/fr\/agrement\/examens-admission-profession\/frais#breadcrumb"},"inLanguage":"fr-FR","potentialAction":[{"@type":"ReadAction","target":["https:\/\/sonographycanada.ca\/fr\/agrement\/examens-admission-profession\/frais"]}]},{"@type":"BreadcrumbList","@id":"https:\/\/sonographycanada.ca\/fr\/agrement\/examens-admission-profession\/frais#breadcrumb","itemListElement":[{"@type":"ListItem","position":1,"name":"Accueil","item":"https:\/\/sonographycanada.ca\/fr"},{"@type":"ListItem","position":2,"name":"Certification","item":"https:\/\/sonographycanada.ca\/certification"},{"@type":"ListItem","position":3,"name":"Examens d&#8217;admission \u00e0 la profession","item":"https:\/\/sonographycanada.ca\/fr\/agrement\/examens-admission-profession"},{"@type":"ListItem","position":4,"name":"Frais d&#8217;examen"}]},{"@type":"WebSite","@id":"https:\/\/sonographycanada.ca\/#website","url":"https:\/\/sonographycanada.ca\/","name":"\u00c9chographie Canada","description":"La voix des \u00e9chographistes m\u00e9dicaux diagnostiques au Canada","potentialAction":[{"@type":"SearchAction","target":{"@type":"EntryPoint","urlTemplate":"https:\/\/sonographycanada.ca\/?s={search_term_string}"},"query-input":{"@type":"PropertyValueSpecification","valueRequired":true,"valueName":"search_term_string"}}],"inLanguage":"fr-FR"}]}},"coauthors":[],"author_meta":{"author_link":"https:\/\/sonographycanada.ca\/fr\/author\/admin","display_name":"Kevin Andrews"},"relative_dates":{"created":"Publi\u00e9 7 years il y a","modified":"Mis \u00e0 jour 3 years il y a"},"absolute_dates":{"created":"Publi\u00e9 le f\u00e9vrier 28, 2019","modified":"Mise \u00e0 jour le d\u00e9cembre 9, 2022"},"absolute_dates_time":{"created":"Publi\u00e9 le f\u00e9vrier 28, 2019 8:19 pm","modified":"Mise \u00e0 jour le d\u00e9cembre 9, 2022 9:08 am"},"featured_img_caption":"","featured_img":false,"series_order":"","_links":{"self":[{"href":"https:\/\/sonographycanada.ca\/fr\/wp-json\/wp\/v2\/pages\/536"}],"collection":[{"href":"https:\/\/sonographycanada.ca\/fr\/wp-json\/wp\/v2\/pages"}],"about":[{"href":"https:\/\/sonographycanada.ca\/fr\/wp-json\/wp\/v2\/types\/page"}],"author":[{"embeddable":true,"href":"https:\/\/sonographycanada.ca\/fr\/wp-json\/wp\/v2\/users\/1"}],"replies":[{"embeddable":true,"href":"https:\/\/sonographycanada.ca\/fr\/wp-json\/wp\/v2\/comments?post=536"}],"version-history":[{"count":11,"href":"https:\/\/sonographycanada.ca\/fr\/wp-json\/wp\/v2\/pages\/536\/revisions"}],"predecessor-version":[{"id":162128,"href":"https:\/\/sonographycanada.ca\/fr\/wp-json\/wp\/v2\/pages\/536\/revisions\/162128"}],"up":[{"embeddable":true,"href":"https:\/\/sonographycanada.ca\/fr\/wp-json\/wp\/v2\/pages\/530"}],"wp:attachment":[{"href":"https:\/\/sonographycanada.ca\/fr\/wp-json\/wp\/v2\/media?parent=536"}],"curies":[{"name":"wp","href":"https:\/\/api.w.org\/{rel}","templated":true}]}}