{"id":542,"date":"2019-02-28T20:25:08","date_gmt":"2019-02-28T20:25:08","guid":{"rendered":"http:\/\/sonographycanada.ca\/?page_id=542"},"modified":"2019-03-27T18:11:06","modified_gmt":"2019-03-27T18:11:06","slug":"developpement-professionnel","status":"publish","type":"page","link":"https:\/\/sonographycanada.ca\/fr\/developpement-professionnel","title":{"rendered":"D\u00e9veloppement professionnel continu (DPC)"},"content":{"rendered":"<h2 class=\"wp-block-heading\">Important<\/h2><p>En raison de travaux d\u2019am\u00e9lioration de notre site Web afin de mieux servir nos membres, la vid\u00e9oth\u00e8que sera temporairement inaccessible. Les membres seront avis\u00e9s lorsque les travaux d\u2019am\u00e9lioration seront compl\u00e9t\u00e9s.&nbsp;<em>N\u2019oubliez pas que les trienniums de DPC d\u2019\u00c9chographie Canada sont maintenant synchronis\u00e9s aux ann\u00e9es civiles et prennent donc fin le 31 d\u00e9cembre.<\/em><\/p>","protected":false},"excerpt":{"rendered":"<p>Important En raison de travaux d\u2019am\u00e9lioration de notre site Web afin de mieux servir nos membres, la vid\u00e9oth\u00e8que sera temporairement inaccessible. Les membres seront avis\u00e9s lorsque les travaux d\u2019am\u00e9lioration seront compl\u00e9t\u00e9s.&nbsp;N\u2019oubliez pas que les trienniums de DPC d\u2019\u00c9chographie Canada sont maintenant synchronis\u00e9s aux ann\u00e9es civiles et prennent donc fin le 31 d\u00e9cembre.<\/p>\n","protected":false},"author":1,"featured_media":0,"parent":0,"menu_order":500,"comment_status":"closed","ping_status":"closed","template":"","meta":{"_acf_changed":false,"advgb_blocks_editor_width":"","advgb_blocks_columns_visual_guide":"","wicket_organization":"","_seat_count":"","_member_id":[],"_edit_last":"1","_start_date":"","_end_date":"","footnotes":""},"class_list":["post-542","page","type-page","status-publish","hentry"],"acf":[],"yoast_head":"<!-- This site is optimized with the Yoast SEO plugin v23.5 - https:\/\/yoast.com\/wordpress\/plugins\/seo\/ -->\n<title>D\u00e9veloppement professionnel continu (DPC) - \u00c9chographie Canada<\/title>\n<meta name=\"robots\" content=\"index, follow, max-snippet:-1, max-image-preview:large, max-video-preview:-1\" \/>\n<link rel=\"canonical\" href=\"https:\/\/sonographycanada.ca\/fr\/developpement-professionnel\" \/>\n<meta property=\"og:locale\" content=\"fr_FR\" \/>\n<meta property=\"og:type\" content=\"article\" \/>\n<meta property=\"og:title\" content=\"D\u00e9veloppement professionnel continu (DPC) - \u00c9chographie Canada\" \/>\n<meta property=\"og:description\" content=\"Important En raison de travaux d\u2019am\u00e9lioration de notre site Web afin de mieux servir nos membres, la vid\u00e9oth\u00e8que sera temporairement inaccessible. Les membres seront avis\u00e9s lorsque les travaux d\u2019am\u00e9lioration seront compl\u00e9t\u00e9s.&nbsp;N\u2019oubliez pas que les trienniums de DPC d\u2019\u00c9chographie Canada sont maintenant synchronis\u00e9s aux ann\u00e9es civiles et prennent donc fin le 31 d\u00e9cembre.\" \/>\n<meta property=\"og:url\" content=\"https:\/\/sonographycanada.ca\/fr\/developpement-professionnel\" \/>\n<meta property=\"og:site_name\" content=\"\u00c9chographie Canada\" \/>\n<meta property=\"article:modified_time\" content=\"2019-03-27T18:11:06+00:00\" \/>\n<meta name=\"twitter:card\" content=\"summary_large_image\" \/>\n<script type=\"application\/ld+json\" class=\"yoast-schema-graph\">{\"@context\":\"https:\/\/schema.org\",\"@graph\":[{\"@type\":\"WebPage\",\"@id\":\"https:\/\/sonographycanada.ca\/fr\/developpement-professionnel\",\"url\":\"https:\/\/sonographycanada.ca\/fr\/developpement-professionnel\",\"name\":\"D\u00e9veloppement professionnel continu (DPC) - \u00c9chographie Canada\",\"isPartOf\":{\"@id\":\"https:\/\/sonographycanada.ca\/#website\"},\"datePublished\":\"2019-02-28T20:25:08+00:00\",\"dateModified\":\"2019-03-27T18:11:06+00:00\",\"breadcrumb\":{\"@id\":\"https:\/\/sonographycanada.ca\/fr\/developpement-professionnel#breadcrumb\"},\"inLanguage\":\"fr-FR\",\"potentialAction\":[{\"@type\":\"ReadAction\",\"target\":[\"https:\/\/sonographycanada.ca\/fr\/developpement-professionnel\"]}]},{\"@type\":\"BreadcrumbList\",\"@id\":\"https:\/\/sonographycanada.ca\/fr\/developpement-professionnel#breadcrumb\",\"itemListElement\":[{\"@type\":\"ListItem\",\"position\":1,\"name\":\"Accueil\",\"item\":\"https:\/\/sonographycanada.ca\/fr\"},{\"@type\":\"ListItem\",\"position\":2,\"name\":\"D\u00e9veloppement professionnel continu (DPC)\"}]},{\"@type\":\"WebSite\",\"@id\":\"https:\/\/sonographycanada.ca\/#website\",\"url\":\"https:\/\/sonographycanada.ca\/\",\"name\":\"\u00c9chographie Canada\",\"description\":\"La voix des \u00e9chographistes m\u00e9dicaux diagnostiques au Canada\",\"potentialAction\":[{\"@type\":\"SearchAction\",\"target\":{\"@type\":\"EntryPoint\",\"urlTemplate\":\"https:\/\/sonographycanada.ca\/?s={search_term_string}\"},\"query-input\":{\"@type\":\"PropertyValueSpecification\",\"valueRequired\":true,\"valueName\":\"search_term_string\"}}],\"inLanguage\":\"fr-FR\"}]}<\/script>\n<!-- \/ Yoast SEO plugin. -->","yoast_head_json":{"title":"D\u00e9veloppement professionnel continu (DPC) - \u00c9chographie Canada","robots":{"index":"index","follow":"follow","max-snippet":"max-snippet:-1","max-image-preview":"max-image-preview:large","max-video-preview":"max-video-preview:-1"},"canonical":"https:\/\/sonographycanada.ca\/fr\/developpement-professionnel","og_locale":"fr_FR","og_type":"article","og_title":"D\u00e9veloppement professionnel continu (DPC) - \u00c9chographie Canada","og_description":"Important En raison de travaux d\u2019am\u00e9lioration de notre site Web afin de mieux servir nos membres, la vid\u00e9oth\u00e8que sera temporairement inaccessible. Les membres seront avis\u00e9s lorsque les travaux d\u2019am\u00e9lioration seront compl\u00e9t\u00e9s.&nbsp;N\u2019oubliez pas que les trienniums de DPC d\u2019\u00c9chographie Canada sont maintenant synchronis\u00e9s aux ann\u00e9es civiles et prennent donc fin le 31 d\u00e9cembre.","og_url":"https:\/\/sonographycanada.ca\/fr\/developpement-professionnel","og_site_name":"\u00c9chographie Canada","article_modified_time":"2019-03-27T18:11:06+00:00","twitter_card":"summary_large_image","schema":{"@context":"https:\/\/schema.org","@graph":[{"@type":"WebPage","@id":"https:\/\/sonographycanada.ca\/fr\/developpement-professionnel","url":"https:\/\/sonographycanada.ca\/fr\/developpement-professionnel","name":"D\u00e9veloppement professionnel continu (DPC) - \u00c9chographie Canada","isPartOf":{"@id":"https:\/\/sonographycanada.ca\/#website"},"datePublished":"2019-02-28T20:25:08+00:00","dateModified":"2019-03-27T18:11:06+00:00","breadcrumb":{"@id":"https:\/\/sonographycanada.ca\/fr\/developpement-professionnel#breadcrumb"},"inLanguage":"fr-FR","potentialAction":[{"@type":"ReadAction","target":["https:\/\/sonographycanada.ca\/fr\/developpement-professionnel"]}]},{"@type":"BreadcrumbList","@id":"https:\/\/sonographycanada.ca\/fr\/developpement-professionnel#breadcrumb","itemListElement":[{"@type":"ListItem","position":1,"name":"Accueil","item":"https:\/\/sonographycanada.ca\/fr"},{"@type":"ListItem","position":2,"name":"D\u00e9veloppement professionnel continu (DPC)"}]},{"@type":"WebSite","@id":"https:\/\/sonographycanada.ca\/#website","url":"https:\/\/sonographycanada.ca\/","name":"\u00c9chographie Canada","description":"La voix des \u00e9chographistes m\u00e9dicaux diagnostiques au Canada","potentialAction":[{"@type":"SearchAction","target":{"@type":"EntryPoint","urlTemplate":"https:\/\/sonographycanada.ca\/?s={search_term_string}"},"query-input":{"@type":"PropertyValueSpecification","valueRequired":true,"valueName":"search_term_string"}}],"inLanguage":"fr-FR"}]}},"coauthors":[],"author_meta":{"author_link":"https:\/\/sonographycanada.ca\/fr\/author\/admin","display_name":"Kevin Andrews"},"relative_dates":{"created":"Publi\u00e9 7 years il y a","modified":"Mis \u00e0 jour 7 years il y a"},"absolute_dates":{"created":"Publi\u00e9 le f\u00e9vrier 28, 2019","modified":"Mise \u00e0 jour le mars 27, 2019"},"absolute_dates_time":{"created":"Publi\u00e9 le f\u00e9vrier 28, 2019 8:25 pm","modified":"Mise \u00e0 jour le mars 27, 2019 6:11 pm"},"featured_img_caption":"","featured_img":false,"series_order":"","_links":{"self":[{"href":"https:\/\/sonographycanada.ca\/fr\/wp-json\/wp\/v2\/pages\/542"}],"collection":[{"href":"https:\/\/sonographycanada.ca\/fr\/wp-json\/wp\/v2\/pages"}],"about":[{"href":"https:\/\/sonographycanada.ca\/fr\/wp-json\/wp\/v2\/types\/page"}],"author":[{"embeddable":true,"href":"https:\/\/sonographycanada.ca\/fr\/wp-json\/wp\/v2\/users\/1"}],"replies":[{"embeddable":true,"href":"https:\/\/sonographycanada.ca\/fr\/wp-json\/wp\/v2\/comments?post=542"}],"version-history":[{"count":4,"href":"https:\/\/sonographycanada.ca\/fr\/wp-json\/wp\/v2\/pages\/542\/revisions"}],"predecessor-version":[{"id":2294,"href":"https:\/\/sonographycanada.ca\/fr\/wp-json\/wp\/v2\/pages\/542\/revisions\/2294"}],"wp:attachment":[{"href":"https:\/\/sonographycanada.ca\/fr\/wp-json\/wp\/v2\/media?parent=542"}],"curies":[{"name":"wp","href":"https:\/\/api.w.org\/{rel}","templated":true}]}}