{"id":552,"date":"2019-02-28T20:40:40","date_gmt":"2019-02-28T20:40:40","guid":{"rendered":"http:\/\/sonographycanada.ca\/?page_id=552"},"modified":"2021-03-18T13:24:28","modified_gmt":"2021-03-18T13:24:28","slug":"offrir-credits-dpc","status":"publish","type":"page","link":"https:\/\/sonographycanada.ca\/fr\/developpement-professionnel\/offrir-credits-dpc","title":{"rendered":"Offrir des cr\u00e9dits de DPC"},"content":{"rendered":"<p>\u00c9chographie Canada a pour objectif de promouvoir et d&#8217;offrir des possibilit\u00e9s de d\u00e9veloppement professionnel continu (DPC) \u00e0 tous les \u00e9chographistes canadiens. Les activit\u00e9s p\u00e9dagogies pour lesquelles des cr\u00e9dits de DPC sont octroy\u00e9s facilitent le cumul de cr\u00e9dits tant aux fins d\u2019\u00c9chographie Canada que de l\u2019American Registry for Diagnostic Medical Sonography (ARDMS). \u00c9chographie Canada n&#8217;accordera pas de cr\u00e9dits pour des programmes ayant d\u00e9j\u00e0 \u00e9t\u00e9 cr\u00e9dit\u00e9s par l\u2019American Medical Association (en vertu de la cat\u00e9gorie 1) ou par la Society of Diagnostic Medical Sonographers (SDMS).<\/p><p>Il incombe au coordonnateur de programmes de s\u2019assurer qu\u2019\u00c9chographie Canada ait re\u00e7u au moins 6 semaines avant l\u2019activit\u00e9 les documents de demande d\u00fbment remplis et les frais.<\/p><p><a href=\"https:\/\/sonographycanada.ca\/app\/uploads\/2021\/03\/FIll-CPD-DPC-Application-French-V-March-2021.pdf\" target=\"_blank\" rel=\"noreferrer noopener\" aria-label=\" (opens in a new tab)\">T\u00e9l\u00e9chargez le Formulaire d&#8217;adh\u00e9sion DPC<\/a><\/p>","protected":false},"excerpt":{"rendered":"<p>\u00c9chographie Canada a pour objectif de promouvoir et d&#8217;offrir des possibilit\u00e9s de d\u00e9veloppement professionnel continu (DPC) \u00e0 tous les \u00e9chographistes canadiens. Les activit\u00e9s p\u00e9dagogies pour lesquelles des cr\u00e9dits de DPC sont octroy\u00e9s facilitent le cumul de cr\u00e9dits tant aux fins d\u2019\u00c9chographie Canada que de l\u2019American Registry for Diagnostic Medical Sonography (ARDMS). \u00c9chographie Canada n&#8217;accordera pas [&hellip;]<\/p>\n","protected":false},"author":1,"featured_media":0,"parent":542,"menu_order":2,"comment_status":"closed","ping_status":"closed","template":"","meta":{"_acf_changed":false,"advgb_blocks_editor_width":"","advgb_blocks_columns_visual_guide":"","wicket_organization":"","_seat_count":"","_member_id":[],"_edit_last":"6718","_start_date":"","_end_date":"","footnotes":""},"class_list":["post-552","page","type-page","status-publish","hentry"],"acf":[],"yoast_head":"<!-- This site is optimized with the Yoast SEO plugin v23.5 - https:\/\/yoast.com\/wordpress\/plugins\/seo\/ -->\n<title>Offrir des cr\u00e9dits de DPC - \u00c9chographie Canada<\/title>\n<meta name=\"robots\" content=\"index, follow, max-snippet:-1, max-image-preview:large, max-video-preview:-1\" \/>\n<link rel=\"canonical\" href=\"https:\/\/sonographycanada.ca\/fr\/developpement-professionnel\/offrir-credits-dpc\" \/>\n<meta property=\"og:locale\" content=\"fr_FR\" \/>\n<meta property=\"og:type\" content=\"article\" \/>\n<meta property=\"og:title\" content=\"Offrir des cr\u00e9dits de DPC - \u00c9chographie Canada\" \/>\n<meta property=\"og:description\" content=\"\u00c9chographie Canada a pour objectif de promouvoir et d&#8217;offrir des possibilit\u00e9s de d\u00e9veloppement professionnel continu (DPC) \u00e0 tous les \u00e9chographistes canadiens. Les activit\u00e9s p\u00e9dagogies pour lesquelles des cr\u00e9dits de DPC sont octroy\u00e9s facilitent le cumul de cr\u00e9dits tant aux fins d\u2019\u00c9chographie Canada que de l\u2019American Registry for Diagnostic Medical Sonography (ARDMS). \u00c9chographie Canada n&#8217;accordera pas [&hellip;]\" \/>\n<meta property=\"og:url\" content=\"https:\/\/sonographycanada.ca\/fr\/developpement-professionnel\/offrir-credits-dpc\" \/>\n<meta property=\"og:site_name\" content=\"\u00c9chographie Canada\" \/>\n<meta property=\"article:modified_time\" content=\"2021-03-18T13:24:28+00:00\" \/>\n<meta name=\"twitter:card\" content=\"summary_large_image\" \/>\n<meta name=\"twitter:label1\" content=\"Est. reading time\" \/>\n\t<meta name=\"twitter:data1\" content=\"1 minute\" \/>\n<script type=\"application\/ld+json\" class=\"yoast-schema-graph\">{\"@context\":\"https:\/\/schema.org\",\"@graph\":[{\"@type\":\"WebPage\",\"@id\":\"https:\/\/sonographycanada.ca\/fr\/developpement-professionnel\/offrir-credits-dpc\",\"url\":\"https:\/\/sonographycanada.ca\/fr\/developpement-professionnel\/offrir-credits-dpc\",\"name\":\"Offrir des cr\u00e9dits de DPC - \u00c9chographie Canada\",\"isPartOf\":{\"@id\":\"https:\/\/sonographycanada.ca\/#website\"},\"datePublished\":\"2019-02-28T20:40:40+00:00\",\"dateModified\":\"2021-03-18T13:24:28+00:00\",\"breadcrumb\":{\"@id\":\"https:\/\/sonographycanada.ca\/fr\/developpement-professionnel\/offrir-credits-dpc#breadcrumb\"},\"inLanguage\":\"fr-FR\",\"potentialAction\":[{\"@type\":\"ReadAction\",\"target\":[\"https:\/\/sonographycanada.ca\/fr\/developpement-professionnel\/offrir-credits-dpc\"]}]},{\"@type\":\"BreadcrumbList\",\"@id\":\"https:\/\/sonographycanada.ca\/fr\/developpement-professionnel\/offrir-credits-dpc#breadcrumb\",\"itemListElement\":[{\"@type\":\"ListItem\",\"position\":1,\"name\":\"Accueil\",\"item\":\"https:\/\/sonographycanada.ca\/fr\"},{\"@type\":\"ListItem\",\"position\":2,\"name\":\"D\u00e9veloppement professionnel continu (DPC)\",\"item\":\"https:\/\/sonographycanada.ca\/fr\/developpement-professionnel\"},{\"@type\":\"ListItem\",\"position\":3,\"name\":\"Offrir des cr\u00e9dits de DPC\"}]},{\"@type\":\"WebSite\",\"@id\":\"https:\/\/sonographycanada.ca\/#website\",\"url\":\"https:\/\/sonographycanada.ca\/\",\"name\":\"\u00c9chographie Canada\",\"description\":\"La voix des \u00e9chographistes m\u00e9dicaux diagnostiques au Canada\",\"potentialAction\":[{\"@type\":\"SearchAction\",\"target\":{\"@type\":\"EntryPoint\",\"urlTemplate\":\"https:\/\/sonographycanada.ca\/?s={search_term_string}\"},\"query-input\":{\"@type\":\"PropertyValueSpecification\",\"valueRequired\":true,\"valueName\":\"search_term_string\"}}],\"inLanguage\":\"fr-FR\"}]}<\/script>\n<!-- \/ Yoast SEO plugin. -->","yoast_head_json":{"title":"Offrir des cr\u00e9dits de DPC - \u00c9chographie Canada","robots":{"index":"index","follow":"follow","max-snippet":"max-snippet:-1","max-image-preview":"max-image-preview:large","max-video-preview":"max-video-preview:-1"},"canonical":"https:\/\/sonographycanada.ca\/fr\/developpement-professionnel\/offrir-credits-dpc","og_locale":"fr_FR","og_type":"article","og_title":"Offrir des cr\u00e9dits de DPC - \u00c9chographie Canada","og_description":"\u00c9chographie Canada a pour objectif de promouvoir et d&#8217;offrir des possibilit\u00e9s de d\u00e9veloppement professionnel continu (DPC) \u00e0 tous les \u00e9chographistes canadiens. Les activit\u00e9s p\u00e9dagogies pour lesquelles des cr\u00e9dits de DPC sont octroy\u00e9s facilitent le cumul de cr\u00e9dits tant aux fins d\u2019\u00c9chographie Canada que de l\u2019American Registry for Diagnostic Medical Sonography (ARDMS). \u00c9chographie Canada n&#8217;accordera pas [&hellip;]","og_url":"https:\/\/sonographycanada.ca\/fr\/developpement-professionnel\/offrir-credits-dpc","og_site_name":"\u00c9chographie Canada","article_modified_time":"2021-03-18T13:24:28+00:00","twitter_card":"summary_large_image","twitter_misc":{"Est. reading time":"1 minute"},"schema":{"@context":"https:\/\/schema.org","@graph":[{"@type":"WebPage","@id":"https:\/\/sonographycanada.ca\/fr\/developpement-professionnel\/offrir-credits-dpc","url":"https:\/\/sonographycanada.ca\/fr\/developpement-professionnel\/offrir-credits-dpc","name":"Offrir des cr\u00e9dits de DPC - \u00c9chographie Canada","isPartOf":{"@id":"https:\/\/sonographycanada.ca\/#website"},"datePublished":"2019-02-28T20:40:40+00:00","dateModified":"2021-03-18T13:24:28+00:00","breadcrumb":{"@id":"https:\/\/sonographycanada.ca\/fr\/developpement-professionnel\/offrir-credits-dpc#breadcrumb"},"inLanguage":"fr-FR","potentialAction":[{"@type":"ReadAction","target":["https:\/\/sonographycanada.ca\/fr\/developpement-professionnel\/offrir-credits-dpc"]}]},{"@type":"BreadcrumbList","@id":"https:\/\/sonographycanada.ca\/fr\/developpement-professionnel\/offrir-credits-dpc#breadcrumb","itemListElement":[{"@type":"ListItem","position":1,"name":"Accueil","item":"https:\/\/sonographycanada.ca\/fr"},{"@type":"ListItem","position":2,"name":"D\u00e9veloppement professionnel continu (DPC)","item":"https:\/\/sonographycanada.ca\/fr\/developpement-professionnel"},{"@type":"ListItem","position":3,"name":"Offrir des cr\u00e9dits de DPC"}]},{"@type":"WebSite","@id":"https:\/\/sonographycanada.ca\/#website","url":"https:\/\/sonographycanada.ca\/","name":"\u00c9chographie Canada","description":"La voix des \u00e9chographistes m\u00e9dicaux diagnostiques au Canada","potentialAction":[{"@type":"SearchAction","target":{"@type":"EntryPoint","urlTemplate":"https:\/\/sonographycanada.ca\/?s={search_term_string}"},"query-input":{"@type":"PropertyValueSpecification","valueRequired":true,"valueName":"search_term_string"}}],"inLanguage":"fr-FR"}]}},"coauthors":[],"author_meta":{"author_link":"https:\/\/sonographycanada.ca\/fr\/author\/admin","display_name":"Kevin Andrews"},"relative_dates":{"created":"Publi\u00e9 7 years il y a","modified":"Mis \u00e0 jour 5 years il y a"},"absolute_dates":{"created":"Publi\u00e9 le f\u00e9vrier 28, 2019","modified":"Mise \u00e0 jour le mars 18, 2021"},"absolute_dates_time":{"created":"Publi\u00e9 le f\u00e9vrier 28, 2019 8:40 pm","modified":"Mise \u00e0 jour le mars 18, 2021 1:24 pm"},"featured_img_caption":"","featured_img":false,"series_order":"","_links":{"self":[{"href":"https:\/\/sonographycanada.ca\/fr\/wp-json\/wp\/v2\/pages\/552"}],"collection":[{"href":"https:\/\/sonographycanada.ca\/fr\/wp-json\/wp\/v2\/pages"}],"about":[{"href":"https:\/\/sonographycanada.ca\/fr\/wp-json\/wp\/v2\/types\/page"}],"author":[{"embeddable":true,"href":"https:\/\/sonographycanada.ca\/fr\/wp-json\/wp\/v2\/users\/1"}],"replies":[{"embeddable":true,"href":"https:\/\/sonographycanada.ca\/fr\/wp-json\/wp\/v2\/comments?post=552"}],"version-history":[{"count":7,"href":"https:\/\/sonographycanada.ca\/fr\/wp-json\/wp\/v2\/pages\/552\/revisions"}],"predecessor-version":[{"id":126130,"href":"https:\/\/sonographycanada.ca\/fr\/wp-json\/wp\/v2\/pages\/552\/revisions\/126130"}],"up":[{"embeddable":true,"href":"https:\/\/sonographycanada.ca\/fr\/wp-json\/wp\/v2\/pages\/542"}],"wp:attachment":[{"href":"https:\/\/sonographycanada.ca\/fr\/wp-json\/wp\/v2\/media?parent=552"}],"curies":[{"name":"wp","href":"https:\/\/api.w.org\/{rel}","templated":true}]}}