{"id":563,"date":"2019-04-08T19:51:26","date_gmt":"2019-04-08T19:51:26","guid":{"rendered":"http:\/\/sonographycanada.ca\/?page_id=563"},"modified":"2019-05-01T19:58:24","modified_gmt":"2019-05-01T19:58:24","slug":"repertoire-membres","status":"publish","type":"page","link":"https:\/\/sonographycanada.ca\/fr\/ressources\/repertoire-membres","title":{"rendered":"Trouver un membre (r\u00e9pertoire)"},"content":{"rendered":"<p>Ceci est un r\u00e9pertoire public volontaire des membres actifs en r\u00e8gle avec \u00c9chographie Canada. Les membres qui ne souhaitant pas avoir leur nom affich\u00e9 peuvent le retirer de ce repertoire public en communiquant <a href=\"mailto:info@sonographycanada.ca\">info@sonographycanada.ca<\/a> ou en t\u00e9l\u00e9phonnant 1-888-273-6746.<\/p><p>Pour trouver un membre d\u2019\u00c9chographie Canada, cherchez son nom ou son num\u00e9ro d\u2019identification.<\/p>","protected":false},"excerpt":{"rendered":"<p>Ceci est un r\u00e9pertoire public volontaire des membres actifs en r\u00e8gle avec \u00c9chographie Canada. Les membres qui ne souhaitant pas avoir leur nom affich\u00e9 peuvent le retirer de ce repertoire public en communiquant info@sonographycanada.ca ou en t\u00e9l\u00e9phonnant 1-888-273-6746. Pour trouver un membre d\u2019\u00c9chographie Canada, cherchez son nom ou son num\u00e9ro d\u2019identification.<\/p>\n","protected":false},"author":1,"featured_media":0,"parent":557,"menu_order":6020,"comment_status":"closed","ping_status":"closed","template":"template_member_search.php","meta":{"_acf_changed":false,"advgb_blocks_editor_width":"","advgb_blocks_columns_visual_guide":"","wicket_organization":"","_seat_count":"","_member_id":[],"_edit_last":"99","_start_date":"","_end_date":"","footnotes":""},"class_list":["post-563","page","type-page","status-publish","hentry"],"acf":[],"yoast_head":"<!-- This site is optimized with the Yoast SEO plugin v23.5 - https:\/\/yoast.com\/wordpress\/plugins\/seo\/ -->\n<title>Trouver un membre (r\u00e9pertoire) - \u00c9chographie Canada<\/title>\n<meta name=\"robots\" content=\"index, follow, max-snippet:-1, max-image-preview:large, max-video-preview:-1\" \/>\n<link rel=\"canonical\" href=\"https:\/\/sonographycanada.ca\/fr\/ressources\/repertoire-membres\" \/>\n<meta property=\"og:locale\" content=\"fr_FR\" \/>\n<meta property=\"og:type\" content=\"article\" \/>\n<meta property=\"og:title\" content=\"Trouver un membre (r\u00e9pertoire) - \u00c9chographie Canada\" \/>\n<meta property=\"og:description\" content=\"Ceci est un r\u00e9pertoire public volontaire des membres actifs en r\u00e8gle avec \u00c9chographie Canada. Les membres qui ne souhaitant pas avoir leur nom affich\u00e9 peuvent le retirer de ce repertoire public en communiquant info@sonographycanada.ca ou en t\u00e9l\u00e9phonnant 1-888-273-6746. Pour trouver un membre d\u2019\u00c9chographie Canada, cherchez son nom ou son num\u00e9ro d\u2019identification.\" \/>\n<meta property=\"og:url\" content=\"https:\/\/sonographycanada.ca\/fr\/ressources\/repertoire-membres\" \/>\n<meta property=\"og:site_name\" content=\"\u00c9chographie Canada\" \/>\n<meta property=\"article:modified_time\" content=\"2019-05-01T19:58:24+00:00\" \/>\n<meta name=\"twitter:card\" content=\"summary_large_image\" \/>\n<script type=\"application\/ld+json\" class=\"yoast-schema-graph\">{\"@context\":\"https:\/\/schema.org\",\"@graph\":[{\"@type\":\"WebPage\",\"@id\":\"https:\/\/sonographycanada.ca\/fr\/ressources\/repertoire-membres\",\"url\":\"https:\/\/sonographycanada.ca\/fr\/ressources\/repertoire-membres\",\"name\":\"Trouver un membre (r\u00e9pertoire) - \u00c9chographie Canada\",\"isPartOf\":{\"@id\":\"https:\/\/sonographycanada.ca\/#website\"},\"datePublished\":\"2019-04-08T19:51:26+00:00\",\"dateModified\":\"2019-05-01T19:58:24+00:00\",\"breadcrumb\":{\"@id\":\"https:\/\/sonographycanada.ca\/fr\/ressources\/repertoire-membres#breadcrumb\"},\"inLanguage\":\"fr-FR\",\"potentialAction\":[{\"@type\":\"ReadAction\",\"target\":[\"https:\/\/sonographycanada.ca\/fr\/ressources\/repertoire-membres\"]}]},{\"@type\":\"BreadcrumbList\",\"@id\":\"https:\/\/sonographycanada.ca\/fr\/ressources\/repertoire-membres#breadcrumb\",\"itemListElement\":[{\"@type\":\"ListItem\",\"position\":1,\"name\":\"Accueil\",\"item\":\"https:\/\/sonographycanada.ca\/fr\"},{\"@type\":\"ListItem\",\"position\":2,\"name\":\"Ressources\",\"item\":\"https:\/\/sonographycanada.ca\/fr\/ressources\"},{\"@type\":\"ListItem\",\"position\":3,\"name\":\"Trouver un membre (r\u00e9pertoire)\"}]},{\"@type\":\"WebSite\",\"@id\":\"https:\/\/sonographycanada.ca\/#website\",\"url\":\"https:\/\/sonographycanada.ca\/\",\"name\":\"\u00c9chographie Canada\",\"description\":\"La voix des \u00e9chographistes m\u00e9dicaux diagnostiques au Canada\",\"potentialAction\":[{\"@type\":\"SearchAction\",\"target\":{\"@type\":\"EntryPoint\",\"urlTemplate\":\"https:\/\/sonographycanada.ca\/?s={search_term_string}\"},\"query-input\":{\"@type\":\"PropertyValueSpecification\",\"valueRequired\":true,\"valueName\":\"search_term_string\"}}],\"inLanguage\":\"fr-FR\"}]}<\/script>\n<!-- \/ Yoast SEO plugin. -->","yoast_head_json":{"title":"Trouver un membre (r\u00e9pertoire) - \u00c9chographie Canada","robots":{"index":"index","follow":"follow","max-snippet":"max-snippet:-1","max-image-preview":"max-image-preview:large","max-video-preview":"max-video-preview:-1"},"canonical":"https:\/\/sonographycanada.ca\/fr\/ressources\/repertoire-membres","og_locale":"fr_FR","og_type":"article","og_title":"Trouver un membre (r\u00e9pertoire) - \u00c9chographie Canada","og_description":"Ceci est un r\u00e9pertoire public volontaire des membres actifs en r\u00e8gle avec \u00c9chographie Canada. Les membres qui ne souhaitant pas avoir leur nom affich\u00e9 peuvent le retirer de ce repertoire public en communiquant info@sonographycanada.ca ou en t\u00e9l\u00e9phonnant 1-888-273-6746. Pour trouver un membre d\u2019\u00c9chographie Canada, cherchez son nom ou son num\u00e9ro d\u2019identification.","og_url":"https:\/\/sonographycanada.ca\/fr\/ressources\/repertoire-membres","og_site_name":"\u00c9chographie Canada","article_modified_time":"2019-05-01T19:58:24+00:00","twitter_card":"summary_large_image","schema":{"@context":"https:\/\/schema.org","@graph":[{"@type":"WebPage","@id":"https:\/\/sonographycanada.ca\/fr\/ressources\/repertoire-membres","url":"https:\/\/sonographycanada.ca\/fr\/ressources\/repertoire-membres","name":"Trouver un membre (r\u00e9pertoire) - \u00c9chographie Canada","isPartOf":{"@id":"https:\/\/sonographycanada.ca\/#website"},"datePublished":"2019-04-08T19:51:26+00:00","dateModified":"2019-05-01T19:58:24+00:00","breadcrumb":{"@id":"https:\/\/sonographycanada.ca\/fr\/ressources\/repertoire-membres#breadcrumb"},"inLanguage":"fr-FR","potentialAction":[{"@type":"ReadAction","target":["https:\/\/sonographycanada.ca\/fr\/ressources\/repertoire-membres"]}]},{"@type":"BreadcrumbList","@id":"https:\/\/sonographycanada.ca\/fr\/ressources\/repertoire-membres#breadcrumb","itemListElement":[{"@type":"ListItem","position":1,"name":"Accueil","item":"https:\/\/sonographycanada.ca\/fr"},{"@type":"ListItem","position":2,"name":"Ressources","item":"https:\/\/sonographycanada.ca\/fr\/ressources"},{"@type":"ListItem","position":3,"name":"Trouver un membre (r\u00e9pertoire)"}]},{"@type":"WebSite","@id":"https:\/\/sonographycanada.ca\/#website","url":"https:\/\/sonographycanada.ca\/","name":"\u00c9chographie Canada","description":"La voix des \u00e9chographistes m\u00e9dicaux diagnostiques au Canada","potentialAction":[{"@type":"SearchAction","target":{"@type":"EntryPoint","urlTemplate":"https:\/\/sonographycanada.ca\/?s={search_term_string}"},"query-input":{"@type":"PropertyValueSpecification","valueRequired":true,"valueName":"search_term_string"}}],"inLanguage":"fr-FR"}]}},"coauthors":[],"author_meta":{"author_link":"https:\/\/sonographycanada.ca\/fr\/author\/admin","display_name":"Kevin Andrews"},"relative_dates":{"created":"Publi\u00e9 7 years il y a","modified":"Mis \u00e0 jour 7 years il y a"},"absolute_dates":{"created":"Publi\u00e9 le avril 8, 2019","modified":"Mise \u00e0 jour le mai 1, 2019"},"absolute_dates_time":{"created":"Publi\u00e9 le avril 8, 2019 7:51 pm","modified":"Mise \u00e0 jour le mai 1, 2019 7:58 pm"},"featured_img_caption":"","featured_img":false,"series_order":"","_links":{"self":[{"href":"https:\/\/sonographycanada.ca\/fr\/wp-json\/wp\/v2\/pages\/563"}],"collection":[{"href":"https:\/\/sonographycanada.ca\/fr\/wp-json\/wp\/v2\/pages"}],"about":[{"href":"https:\/\/sonographycanada.ca\/fr\/wp-json\/wp\/v2\/types\/page"}],"author":[{"embeddable":true,"href":"https:\/\/sonographycanada.ca\/fr\/wp-json\/wp\/v2\/users\/1"}],"replies":[{"embeddable":true,"href":"https:\/\/sonographycanada.ca\/fr\/wp-json\/wp\/v2\/comments?post=563"}],"version-history":[{"count":5,"href":"https:\/\/sonographycanada.ca\/fr\/wp-json\/wp\/v2\/pages\/563\/revisions"}],"predecessor-version":[{"id":3105,"href":"https:\/\/sonographycanada.ca\/fr\/wp-json\/wp\/v2\/pages\/563\/revisions\/3105"}],"up":[{"embeddable":true,"href":"https:\/\/sonographycanada.ca\/fr\/wp-json\/wp\/v2\/pages\/557"}],"wp:attachment":[{"href":"https:\/\/sonographycanada.ca\/fr\/wp-json\/wp\/v2\/media?parent=563"}],"curies":[{"name":"wp","href":"https:\/\/api.w.org\/{rel}","templated":true}]}}