{"id":571,"date":"2019-02-28T20:49:25","date_gmt":"2019-02-28T20:49:25","guid":{"rendered":"http:\/\/sonographycanada.ca\/?page_id=571"},"modified":"2024-02-22T10:02:36","modified_gmt":"2024-02-22T15:02:36","slug":"assurance-responsabilite-professionnelle","status":"publish","type":"page","link":"https:\/\/sonographycanada.ca\/fr\/membres\/assurance-responsabilite-professionnelle","title":{"rendered":"Assurance responsabilit\u00e9 professionnelle (ARP)"},"content":{"rendered":"<p><em>Le texte suivant a \u00e9t\u00e9 \u00e9labor\u00e9 en partenariat avec le courtier d\u2019assurance de l\u2019\u00c9chographie Canada, BMS Canada Services de Risque Lt\u00e9e (BMS). Il est fourni \u00e0 titre informatif seulement et ne remplace en rien les conseils d\u2019un courtier. Si vous avez des questions sur votre couverture d\u2019assurance ou vos besoins particuliers en mati\u00e8re d\u2019assurance, veuillez en parler avec un courtier de BMS.<\/em><\/p><h2 class=\"wp-block-heading\">Qu&#8217;est-ce qu&#8217;une assurance responsabilit\u00e9 personnelle?<\/h2><p><strong>Une<\/strong>police d\u2019assurance responsabilit\u00e9 professionnelle vous prot\u00e8ge contre toute responsabilit\u00e9 ou all\u00e9gation de responsabilit\u00e9 li\u00e9e \u00e0 des blessures ou des dommages r\u00e9sultant d\u2019un acte fautif envers un tiers (acte de n\u00e9gligence, erreur, omission ou faute professionnelle) d\u00e9coulant des activit\u00e9s professionnelles que vous exercez \u00e0 titre de technologue sp\u00e9cialis\u00e9 ou technologue sp\u00e9cialis\u00e9e en \u00e9chographie. L\u2019assurance responsabilit\u00e9 professionnelle vous prot\u00e8ge en vous assurant que votre d\u00e9fense juridique est coordonn\u00e9e et pay\u00e9e si une r\u00e9clamation est faite contre vous. \u00a0L\u2019assurance responsabilit\u00e9 professionnelle couvre \u00e9galement le co\u00fbt de l\u2019indemnisation du patient ou des dommages.<\/p><h2 class=\"wp-block-heading\">Pourquoi ai-je besoin d\u2019une assurance responsabilit\u00e9 professionnelle?<\/h2><p> <\/p><p>\u00c9chographie Canada ne saurait trop insister sur l\u2019importance, pour un \u00e9chographiste, de souscrire \u00e0 sa propre assurance responsabilit\u00e9 professionnelle. Les \u00e9chographistes doivent se prot\u00e9ger contre les poursuites au civil; les erreurs ou les omissions et la n\u00e9gligence professionnelle ou une conduite inappropri\u00e9e.<\/p><p>Il est fortement recommand\u00e9 aux technologues sp\u00e9cialis\u00e9s en \u00e9chographie d\u2019avoir une assurance pour prot\u00e9ger leur r\u00e9putation professionnelle et leurs moyens de subsistance si jamais ils sont en cause dans une r\u00e9clamation. L\u2019assurance responsabilit\u00e9 professionnelle offerte par les employeurs, les syndicats ou d\u2019autres organisations est souvent reli\u00e9e au lieu de travail, n\u2019est pas forc\u00e9ment propre \u00e0 une profession et peut \u00eatre assortie de restrictions importantes.<\/p><p>La police d\u2019assurance responsabilit\u00e9 professionnelle offerte par \u00c9chographie Canada vous prot\u00e8ge o\u00f9 que vous travailliez ou fassiez du b\u00e9n\u00e9volat au Canada et selon l\u2019\u00e9ventail complet des activit\u00e9s de votre pratique en tant qu\u2019\u00e9chographiste.<\/p><p>lice d\u2019ARP offerte par \u00c9chographie Canada vous prot\u00e8ge o\u00f9 que vous travailliez ou fassiez du b\u00e9n\u00e9volat au Canada et selon l\u2019\u00e9ventail complet des activit\u00e9s de votre pratique en tant qu\u2019\u00e9chographiste.<\/p><h2 class=\"wp-block-heading\">Assurance responsabilit\u00e9 professionnelle obligatoire dans les provinces o\u00f9 la profession est r\u00e9glement\u00e9e<\/h2><p>Au moment o\u00f9 la r\u00e9glementation provinciale de l\u2019\u00e9chographie est adopt\u00e9e, l\u2019assurance responsabilit\u00e9 professionnelle devient une exigence obligatoire de l\u2019organisme de r\u00e9glementation.&nbsp;<\/p><p>Le programme d\u2019assurance responsabilit\u00e9 professionnelle offert par \u00c9chographie Canada a \u00e9t\u00e9 tout sp\u00e9cialement con\u00e7u pour contrer les risques \u00e9mergents de la pratique professionnelle en \u00e9chographie aujourd\u2019hui. La politique offre des limites de protection individuelles qui r\u00e9pondent aux exigences r\u00e9glementaires propos\u00e9es ou qui d\u00e9passent celles-ci.<\/p><h2 class=\"wp-block-heading\">L&#8217;Assurance responsabilit\u00e9 professionnelle dans les provinces o\u00f9 la profession n\u2019est pas r\u00e9glement\u00e9e<\/h2><p>L\u2019assurance responsabilit\u00e9 professionnelle est facultative dans les provinces o\u00f9 la profession n\u2019est pas r\u00e9glement\u00e9e, mais il est fortement recommand\u00e9 de souscrire votre propre police d\u2019assurance responsabilit\u00e9 professionnelle. L\u2019assurance responsabilit\u00e9 professionnelle offerte par les employeurs, les syndicats ou d\u2019autres organisations est souvent reli\u00e9e au lieu de travail, n\u2019est pas forc\u00e9ment propre \u00e0 une profession et peut \u00eatre assortie de restrictions importantes.<\/p><p>Les personnes qui exercent la profession de technologue sp\u00e9cialis\u00e9 en \u00e9chographie doivent consulter leurs polices d\u2019assurance responsabilit\u00e9 professionnelle pour s\u2019assurer de disposer d\u2019une protection ad\u00e9quate. <a href=\"https:\/\/sonographycanada.ca\/fr\/membres\/assurance-responsabilite-professionnelle\/couverture-dassurance-responsabilite-professionnelle\">Cliquez ici <\/a>pour en savoir plus sur l\u2019assurance responsabilit\u00e9 professionnelle offerte aux membres d\u2019\u00c9chographie Canada.<\/p><p>Pour de plus amples informations sur votre courtier d\u2019assurance, BMS, et les principes de conduite de la r\u00e9glementation en assurance, veuillez<a href=\"https:\/\/www.bmsgroup.com\/regulation\"> cliquer ici<\/a>.<\/p>","protected":false},"excerpt":{"rendered":"<p>Le texte suivant a \u00e9t\u00e9 \u00e9labor\u00e9 en partenariat avec le courtier d\u2019assurance de l\u2019\u00c9chographie Canada, BMS Canada Services de Risque Lt\u00e9e (BMS). Il est fourni \u00e0 titre informatif seulement et ne remplace en rien les conseils d\u2019un courtier. Si vous avez des questions sur votre couverture d\u2019assurance ou vos besoins particuliers en mati\u00e8re d\u2019assurance, veuillez [&hellip;]<\/p>\n","protected":false},"author":1,"featured_media":0,"parent":569,"menu_order":7010,"comment_status":"closed","ping_status":"closed","template":"","meta":{"_acf_changed":false,"advgb_blocks_editor_width":"","advgb_blocks_columns_visual_guide":"","wicket_organization":"","_seat_count":"","_member_id":[],"_edit_last":"6292","_start_date":"","_end_date":"","footnotes":""},"class_list":["post-571","page","type-page","status-publish","hentry"],"acf":[],"yoast_head":"<!-- This site is optimized with the Yoast SEO plugin v23.5 - https:\/\/yoast.com\/wordpress\/plugins\/seo\/ -->\n<title>Assurance responsabilit\u00e9 professionnelle (ARP) - \u00c9chographie Canada<\/title>\n<meta name=\"robots\" content=\"index, follow, max-snippet:-1, max-image-preview:large, max-video-preview:-1\" \/>\n<link rel=\"canonical\" href=\"https:\/\/sonographycanada.ca\/fr\/membres\/assurance-responsabilite-professionnelle\" \/>\n<meta property=\"og:locale\" content=\"fr_FR\" \/>\n<meta property=\"og:type\" content=\"article\" \/>\n<meta property=\"og:title\" content=\"Assurance responsabilit\u00e9 professionnelle (ARP) - \u00c9chographie Canada\" \/>\n<meta property=\"og:description\" content=\"Le texte suivant a \u00e9t\u00e9 \u00e9labor\u00e9 en partenariat avec le courtier d\u2019assurance de l\u2019\u00c9chographie Canada, BMS Canada Services de Risque Lt\u00e9e (BMS). Il est fourni \u00e0 titre informatif seulement et ne remplace en rien les conseils d\u2019un courtier. Si vous avez des questions sur votre couverture d\u2019assurance ou vos besoins particuliers en mati\u00e8re d\u2019assurance, veuillez [&hellip;]\" \/>\n<meta property=\"og:url\" content=\"https:\/\/sonographycanada.ca\/fr\/membres\/assurance-responsabilite-professionnelle\" \/>\n<meta property=\"og:site_name\" content=\"\u00c9chographie Canada\" \/>\n<meta property=\"article:modified_time\" content=\"2024-02-22T15:02:36+00:00\" \/>\n<meta name=\"twitter:card\" content=\"summary_large_image\" \/>\n<meta name=\"twitter:label1\" content=\"Est. reading time\" \/>\n\t<meta name=\"twitter:data1\" content=\"3 minutes\" \/>\n<script type=\"application\/ld+json\" class=\"yoast-schema-graph\">{\"@context\":\"https:\/\/schema.org\",\"@graph\":[{\"@type\":\"WebPage\",\"@id\":\"https:\/\/sonographycanada.ca\/fr\/membres\/assurance-responsabilite-professionnelle\",\"url\":\"https:\/\/sonographycanada.ca\/fr\/membres\/assurance-responsabilite-professionnelle\",\"name\":\"Assurance responsabilit\u00e9 professionnelle (ARP) - \u00c9chographie Canada\",\"isPartOf\":{\"@id\":\"https:\/\/sonographycanada.ca\/#website\"},\"datePublished\":\"2019-02-28T20:49:25+00:00\",\"dateModified\":\"2024-02-22T15:02:36+00:00\",\"breadcrumb\":{\"@id\":\"https:\/\/sonographycanada.ca\/fr\/membres\/assurance-responsabilite-professionnelle#breadcrumb\"},\"inLanguage\":\"fr-FR\",\"potentialAction\":[{\"@type\":\"ReadAction\",\"target\":[\"https:\/\/sonographycanada.ca\/fr\/membres\/assurance-responsabilite-professionnelle\"]}]},{\"@type\":\"BreadcrumbList\",\"@id\":\"https:\/\/sonographycanada.ca\/fr\/membres\/assurance-responsabilite-professionnelle#breadcrumb\",\"itemListElement\":[{\"@type\":\"ListItem\",\"position\":1,\"name\":\"Accueil\",\"item\":\"https:\/\/sonographycanada.ca\/fr\"},{\"@type\":\"ListItem\",\"position\":2,\"name\":\"Membres\",\"item\":\"https:\/\/sonographycanada.ca\/fr\/membres\"},{\"@type\":\"ListItem\",\"position\":3,\"name\":\"Assurance responsabilit\u00e9 professionnelle (ARP)\"}]},{\"@type\":\"WebSite\",\"@id\":\"https:\/\/sonographycanada.ca\/#website\",\"url\":\"https:\/\/sonographycanada.ca\/\",\"name\":\"\u00c9chographie Canada\",\"description\":\"La voix des \u00e9chographistes m\u00e9dicaux diagnostiques au Canada\",\"potentialAction\":[{\"@type\":\"SearchAction\",\"target\":{\"@type\":\"EntryPoint\",\"urlTemplate\":\"https:\/\/sonographycanada.ca\/?s={search_term_string}\"},\"query-input\":{\"@type\":\"PropertyValueSpecification\",\"valueRequired\":true,\"valueName\":\"search_term_string\"}}],\"inLanguage\":\"fr-FR\"}]}<\/script>\n<!-- \/ Yoast SEO plugin. -->","yoast_head_json":{"title":"Assurance responsabilit\u00e9 professionnelle (ARP) - \u00c9chographie Canada","robots":{"index":"index","follow":"follow","max-snippet":"max-snippet:-1","max-image-preview":"max-image-preview:large","max-video-preview":"max-video-preview:-1"},"canonical":"https:\/\/sonographycanada.ca\/fr\/membres\/assurance-responsabilite-professionnelle","og_locale":"fr_FR","og_type":"article","og_title":"Assurance responsabilit\u00e9 professionnelle (ARP) - \u00c9chographie Canada","og_description":"Le texte suivant a \u00e9t\u00e9 \u00e9labor\u00e9 en partenariat avec le courtier d\u2019assurance de l\u2019\u00c9chographie Canada, BMS Canada Services de Risque Lt\u00e9e (BMS). Il est fourni \u00e0 titre informatif seulement et ne remplace en rien les conseils d\u2019un courtier. Si vous avez des questions sur votre couverture d\u2019assurance ou vos besoins particuliers en mati\u00e8re d\u2019assurance, veuillez [&hellip;]","og_url":"https:\/\/sonographycanada.ca\/fr\/membres\/assurance-responsabilite-professionnelle","og_site_name":"\u00c9chographie Canada","article_modified_time":"2024-02-22T15:02:36+00:00","twitter_card":"summary_large_image","twitter_misc":{"Est. reading time":"3 minutes"},"schema":{"@context":"https:\/\/schema.org","@graph":[{"@type":"WebPage","@id":"https:\/\/sonographycanada.ca\/fr\/membres\/assurance-responsabilite-professionnelle","url":"https:\/\/sonographycanada.ca\/fr\/membres\/assurance-responsabilite-professionnelle","name":"Assurance responsabilit\u00e9 professionnelle (ARP) - \u00c9chographie Canada","isPartOf":{"@id":"https:\/\/sonographycanada.ca\/#website"},"datePublished":"2019-02-28T20:49:25+00:00","dateModified":"2024-02-22T15:02:36+00:00","breadcrumb":{"@id":"https:\/\/sonographycanada.ca\/fr\/membres\/assurance-responsabilite-professionnelle#breadcrumb"},"inLanguage":"fr-FR","potentialAction":[{"@type":"ReadAction","target":["https:\/\/sonographycanada.ca\/fr\/membres\/assurance-responsabilite-professionnelle"]}]},{"@type":"BreadcrumbList","@id":"https:\/\/sonographycanada.ca\/fr\/membres\/assurance-responsabilite-professionnelle#breadcrumb","itemListElement":[{"@type":"ListItem","position":1,"name":"Accueil","item":"https:\/\/sonographycanada.ca\/fr"},{"@type":"ListItem","position":2,"name":"Membres","item":"https:\/\/sonographycanada.ca\/fr\/membres"},{"@type":"ListItem","position":3,"name":"Assurance responsabilit\u00e9 professionnelle (ARP)"}]},{"@type":"WebSite","@id":"https:\/\/sonographycanada.ca\/#website","url":"https:\/\/sonographycanada.ca\/","name":"\u00c9chographie Canada","description":"La voix des \u00e9chographistes m\u00e9dicaux diagnostiques au Canada","potentialAction":[{"@type":"SearchAction","target":{"@type":"EntryPoint","urlTemplate":"https:\/\/sonographycanada.ca\/?s={search_term_string}"},"query-input":{"@type":"PropertyValueSpecification","valueRequired":true,"valueName":"search_term_string"}}],"inLanguage":"fr-FR"}]}},"coauthors":[],"author_meta":{"author_link":"https:\/\/sonographycanada.ca\/fr\/author\/admin","display_name":"Kevin Andrews"},"relative_dates":{"created":"Publi\u00e9 7 years il y a","modified":"Mis \u00e0 jour 2 years il y a"},"absolute_dates":{"created":"Publi\u00e9 le f\u00e9vrier 28, 2019","modified":"Mise \u00e0 jour le f\u00e9vrier 22, 2024"},"absolute_dates_time":{"created":"Publi\u00e9 le f\u00e9vrier 28, 2019 8:49 pm","modified":"Mise \u00e0 jour le f\u00e9vrier 22, 2024 10:02 am"},"featured_img_caption":"","featured_img":false,"series_order":"","_links":{"self":[{"href":"https:\/\/sonographycanada.ca\/fr\/wp-json\/wp\/v2\/pages\/571"}],"collection":[{"href":"https:\/\/sonographycanada.ca\/fr\/wp-json\/wp\/v2\/pages"}],"about":[{"href":"https:\/\/sonographycanada.ca\/fr\/wp-json\/wp\/v2\/types\/page"}],"author":[{"embeddable":true,"href":"https:\/\/sonographycanada.ca\/fr\/wp-json\/wp\/v2\/users\/1"}],"replies":[{"embeddable":true,"href":"https:\/\/sonographycanada.ca\/fr\/wp-json\/wp\/v2\/comments?post=571"}],"version-history":[{"count":11,"href":"https:\/\/sonographycanada.ca\/fr\/wp-json\/wp\/v2\/pages\/571\/revisions"}],"predecessor-version":[{"id":215677,"href":"https:\/\/sonographycanada.ca\/fr\/wp-json\/wp\/v2\/pages\/571\/revisions\/215677"}],"up":[{"embeddable":true,"href":"https:\/\/sonographycanada.ca\/fr\/wp-json\/wp\/v2\/pages\/569"}],"wp:attachment":[{"href":"https:\/\/sonographycanada.ca\/fr\/wp-json\/wp\/v2\/media?parent=571"}],"curies":[{"name":"wp","href":"https:\/\/api.w.org\/{rel}","templated":true}]}}