{"id":579,"date":"2019-02-28T20:54:35","date_gmt":"2019-02-28T20:54:35","guid":{"rendered":"http:\/\/sonographycanada.ca\/?page_id=579"},"modified":"2019-11-01T14:16:51","modified_gmt":"2019-11-01T14:16:51","slug":"revue-canadienne-echographie-medicale","status":"publish","type":"page","link":"https:\/\/sonographycanada.ca\/fr\/membres\/revue-canadienne-echographie-medicale","title":{"rendered":"Revue canadienne d&#8217;\u00e9chographie m\u00e9dicale (RCEM)"},"content":{"rendered":"<h2 class=\"wp-block-heading\">Num\u00e9ros courants : Volume 10<\/h2><ul class=\"wp-block-list\"><li><a href=\"https:\/\/sonographycanada.ca\/app\/uploads\/2019\/09\/CJMS_3_2019_172208-Sept-30-.pdf\" target=\"_blank\" rel=\"noreferrer noopener\" aria-label=\" (opens in a new tab)\">Volume 10 Num\u00e9ro 3<\/a><\/li><\/ul><ul class=\"wp-block-list\"><li><a href=\"https:\/\/sonographycanada.ca\/app\/uploads\/2019\/05\/CJMS-Vol-10-_Iss-2_27May2019.pdf\" target=\"_blank\" rel=\"noreferrer noopener\" aria-label=\"Volume 10 Num\u00e9ro 2 (opens in a new tab)\">Volume 10 Num\u00e9ro 2<\/a><\/li><\/ul><ul class=\"wp-block-list\"><li><a rel=\"noreferrer noopener\" aria-label=\"Volume 10 Num\u00e9ro 1 (opens in a new tab)\" href=\"https:\/\/sonographycanada.ca\/app\/uploads\/2019\/04\/CJMS-4_2019_March-21_-1.pdf\" target=\"_blank\">Volume 10 Num\u00e9ro 1<\/a><\/li><\/ul><h2 class=\"wp-block-heading\">Num\u00e9ros archiv\u00e9s<\/h2><div class=\"wp-block-advgb-accordions advgb-accordion-wrapper\" data-collapsed=\"true\"><div class=\"wp-block-advgb-accordion-item advgb-accordion-item\" style=\"margin-bottom:15px\"><div class=\"advgb-accordion-header\" style=\"background-color:#d8e1ec;color:#313131;border-style:solid;border-color:#ffffff\"><span class=\"advgb-accordion-header-icon\"><svg fill=\"#313131\" xmlns=\"http:\/\/www.w3.org\/2000\/svg\" width=\"24\" height=\"24\" viewbox=\"0 0 24 24\"><path opacity=\"0.87\" fill=\"none\" d=\"M24,24H0L0,0l24,0V24z\"><\/path><path d=\"M16.59,8.59L12,13.17L7.41,8.59L6,10l6,6l6-6L16.59,8.59z\"><\/path><\/svg><\/span><h4 class=\"advgb-accordion-header-title\" style=\"color:inherit\">Num\u00e9ros de 2018 &#8211; Volume 9<\/h4><\/div><div class=\"advgb-accordion-body\" style=\"background-color:#e9eef4;border-style:solid;border-color:#ffffff\"><ul class=\"wp-block-list\"><li><a rel=\"noreferrer noopener\" href=\"https:\/\/sonographycanada.ca\/app\/uploads\/2019\/03\/CJMS-Vol9_Issue4_2018_Feb-4v5.pdf\" target=\"_blank\">Volume 9 Num\u00e9ro 4<\/a><\/li><li><a rel=\"noreferrer noopener\" href=\"https:\/\/sonographycanada.ca\/app\/uploads\/2019\/03\/CJMS_Vol9_Issue3_2018_169439-6.pdf\" target=\"_blank\">Volume 9 Num\u00e9ro 3<\/a><\/li><li><a rel=\"noreferrer noopener\" href=\"https:\/\/sonographycanada.ca\/app\/uploads\/2019\/03\/CJMS_Vol9_Issue2-2018_79224.pdf\" target=\"_blank\">Volume 9 Num\u00e9ro 2<\/a><\/li><li><a rel=\"noreferrer noopener\" href=\"https:\/\/sonographycanada.ca\/app\/uploads\/2019\/03\/CJMS_2018_167767.pdf\" target=\"_blank\">Volume 9 Num\u00e9ro 1\ufeff<\/a><\/li><\/ul><\/div><\/div>\n\n<div class=\"wp-block-advgb-accordion-item advgb-accordion-item\" style=\"margin-bottom:15px\"><div class=\"advgb-accordion-header\" style=\"background-color:#d8e1ec;color:#313131;border-style:solid;border-color:#ffffff\"><span class=\"advgb-accordion-header-icon\"><svg fill=\"#313131\" xmlns=\"http:\/\/www.w3.org\/2000\/svg\" width=\"24\" height=\"24\" viewbox=\"0 0 24 24\"><path opacity=\"0.87\" fill=\"none\" d=\"M24,24H0L0,0l24,0V24z\"><\/path><path d=\"M16.59,8.59L12,13.17L7.41,8.59L6,10l6,6l6-6L16.59,8.59z\"><\/path><\/svg><\/span><h4 class=\"advgb-accordion-header-title\" style=\"color:inherit\">Num\u00e9ros de 2017 &#8211; Volume 8<\/h4><\/div><div class=\"advgb-accordion-body\" style=\"background-color:#e9eef4;border-style:solid;border-color:#ffffff\"><ul class=\"wp-block-list\"><li><a rel=\"noreferrer noopener\" href=\"https:\/\/sonographycanada.ca\/app\/uploads\/2019\/03\/CJMS_4-final.pdf\" target=\"_blank\">Volume 8 Num\u00e9ro 4<\/a><\/li><li><a rel=\"noreferrer noopener\" href=\"https:\/\/sonographycanada.ca\/app\/uploads\/2019\/03\/CJMS-8-3.pdf\" target=\"_blank\">Volume 8 Num\u00e9ro 3<\/a><\/li><li><a rel=\"noreferrer noopener\" href=\"https:\/\/sonographycanada.ca\/app\/uploads\/2019\/03\/CJMS-8-2.pdf\" target=\"_blank\">Volume 8 Num\u00e9ro 2<\/a><\/li><li><a rel=\"noreferrer noopener\" href=\"https:\/\/sonographycanada.ca\/app\/uploads\/2019\/03\/CJMS-8-1.pdf\" target=\"_blank\">Volume 8 Num\u00e9ro 1\ufeff<\/a><\/li><\/ul><\/div><\/div>\n\n<div class=\"wp-block-advgb-accordion-item advgb-accordion-item\" style=\"margin-bottom:15px\"><div class=\"advgb-accordion-header\" style=\"background-color:#d8e1ec;color:#313131;border-style:solid;border-color:#ffffff\"><span class=\"advgb-accordion-header-icon\"><svg fill=\"#313131\" xmlns=\"http:\/\/www.w3.org\/2000\/svg\" width=\"24\" height=\"24\" viewbox=\"0 0 24 24\"><path opacity=\"0.87\" fill=\"none\" d=\"M24,24H0L0,0l24,0V24z\"><\/path><path d=\"M16.59,8.59L12,13.17L7.41,8.59L6,10l6,6l6-6L16.59,8.59z\"><\/path><\/svg><\/span><h4 class=\"advgb-accordion-header-title\" style=\"color:inherit\">Num\u00e9ros de 2016 &#8211; Volume 7<\/h4><\/div><div class=\"advgb-accordion-body\" style=\"background-color:#e9eef4;border-style:solid;border-color:#ffffff\"><ul class=\"wp-block-list\"><li><a rel=\"noreferrer noopener\" href=\"https:\/\/sonographycanada.ca\/app\/uploads\/2019\/03\/CJMS-Vol-7-4.pdf\" target=\"_blank\">Volume 7 Num\u00e9ro 4<\/a><\/li><li><a rel=\"noreferrer noopener\" href=\"https:\/\/sonographycanada.ca\/app\/uploads\/2019\/03\/CJMS-7-3.pdf\" target=\"_blank\">Volume 7 Num\u00e9ro 3<\/a><\/li><li><a rel=\"noreferrer noopener\" href=\"https:\/\/sonographycanada.ca\/app\/uploads\/2019\/03\/cjms-7-2.pdf\" target=\"_blank\">Volume 7 Num\u00e9ro 2<\/a><\/li><li><a rel=\"noreferrer noopener\" href=\"https:\/\/sonographycanada.ca\/app\/uploads\/2019\/03\/cjms_7-1.pdf\" target=\"_blank\">Volume 7 Num\u00e9ro 1\ufeff<\/a><\/li><\/ul><\/div><\/div>\n\n<div class=\"wp-block-advgb-accordion-item advgb-accordion-item\" style=\"margin-bottom:15px\"><div class=\"advgb-accordion-header\" style=\"background-color:#d8e1ec;color:#313131;border-style:solid;border-color:#ffffff\"><span class=\"advgb-accordion-header-icon\"><svg fill=\"#313131\" xmlns=\"http:\/\/www.w3.org\/2000\/svg\" width=\"24\" height=\"24\" viewbox=\"0 0 24 24\"><path opacity=\"0.87\" fill=\"none\" d=\"M24,24H0L0,0l24,0V24z\"><\/path><path d=\"M16.59,8.59L12,13.17L7.41,8.59L6,10l6,6l6-6L16.59,8.59z\"><\/path><\/svg><\/span><h4 class=\"advgb-accordion-header-title\" style=\"color:inherit\">Num\u00e9ros de 2015 &#8211; Volume 6<\/h4><\/div><div class=\"advgb-accordion-body\" style=\"background-color:#e9eef4;border-style:solid;border-color:#ffffff\"><ul class=\"wp-block-list\"><li><a rel=\"noreferrer noopener\" href=\"https:\/\/sonographycanada.ca\/app\/uploads\/2019\/03\/cjms_6-5-final.pdf\" target=\"_blank\">Volume 6 Num\u00e9ro 5<\/a><\/li><li><a rel=\"noreferrer noopener\" href=\"https:\/\/sonographycanada.ca\/app\/uploads\/2019\/03\/Sonography-Vol-6-4-vi-final.pdf\" target=\"_blank\">Volume 6 Num\u00e9ro 4<\/a><\/li><li><a rel=\"noreferrer noopener\" href=\"https:\/\/sonographycanada.ca\/app\/uploads\/2019\/03\/Sonography-Vol-6-3-vf-final.pdf\" target=\"_blank\">Volume 6 Num\u00e9ro 3<\/a><\/li><li><a rel=\"noreferrer noopener\" href=\"https:\/\/sonographycanada.ca\/app\/uploads\/2019\/03\/Sonography-Vol-6-2-final.pdf\" target=\"_blank\">Volume 6 Num\u00e9ro 2<\/a><\/li><li><a rel=\"noreferrer noopener\" href=\"https:\/\/sonographycanada.ca\/app\/uploads\/2019\/03\/Sonography-Vol-6-1-jan-20.pdf\" target=\"_blank\">Volume 6 Num\u00e9ro 1\ufeff<\/a><\/li><\/ul><\/div><\/div>\n\n<div class=\"wp-block-advgb-accordion-item advgb-accordion-item\" style=\"margin-bottom:15px\"><div class=\"advgb-accordion-header\" style=\"background-color:#d8e1ec;color:#313131;border-style:solid;border-color:#ffffff\"><span class=\"advgb-accordion-header-icon\"><svg fill=\"#313131\" xmlns=\"http:\/\/www.w3.org\/2000\/svg\" width=\"24\" height=\"24\" viewbox=\"0 0 24 24\"><path opacity=\"0.87\" fill=\"none\" d=\"M24,24H0L0,0l24,0V24z\"><\/path><path d=\"M16.59,8.59L12,13.17L7.41,8.59L6,10l6,6l6-6L16.59,8.59z\"><\/path><\/svg><\/span><h4 class=\"advgb-accordion-header-title\" style=\"color:inherit\">Num\u00e9ros de 2014 &#8211; Volume 5<\/h4><\/div><div class=\"advgb-accordion-body\" style=\"background-color:#e9eef4;border-style:solid;border-color:#ffffff\"><ul class=\"wp-block-list\"><li><a rel=\"noreferrer noopener\" href=\"https:\/\/sonographycanada.ca\/app\/uploads\/2019\/03\/cjms_5-3.pdf\" target=\"_blank\">Volume 5 Num\u00e9ro 3<\/a><\/li><li><a rel=\"noreferrer noopener\" href=\"https:\/\/sonographycanada.ca\/app\/uploads\/2019\/03\/ALG48108-AJPI-Sonography-Vol-5-2_final.pdf\" target=\"_blank\">Volume 5 Num\u00e9ro 2<\/a><\/li><li><a href=\"https:\/\/sonographycanada.ca\/app\/uploads\/2019\/03\/cjms_5-1-linked-final.pdf\" target=\"_blank\" rel=\"noreferrer noopener\" aria-label=\"Volume 5 Num\u00e9ro 1 (opens in a new tab)\">Volume 5 Num\u00e9ro 1<\/a><a href=\"https:\/\/sonographycanada.ca\/app\/uploads\/2019\/03\/cjms_5-1-linked-final.pdf\">\ufeff<\/a><\/li><\/ul><\/div><\/div>\n\n<div class=\"wp-block-advgb-accordion-item advgb-accordion-item\" style=\"margin-bottom:15px\"><div class=\"advgb-accordion-header\" style=\"background-color:#d8e1ec;color:#313131;border-style:solid;border-color:#ffffff\"><span class=\"advgb-accordion-header-icon\"><svg fill=\"#313131\" xmlns=\"http:\/\/www.w3.org\/2000\/svg\" width=\"24\" height=\"24\" viewbox=\"0 0 24 24\"><path opacity=\"0.87\" fill=\"none\" d=\"M24,24H0L0,0l24,0V24z\"><\/path><path d=\"M16.59,8.59L12,13.17L7.41,8.59L6,10l6,6l6-6L16.59,8.59z\"><\/path><\/svg><\/span><h4 class=\"advgb-accordion-header-title\" style=\"color:inherit\">Num\u00e9ros de 2013 &#8211; Volume 4<\/h4><\/div><div class=\"advgb-accordion-body\" style=\"background-color:#e9eef4;border-style:solid;border-color:#ffffff\"><ul class=\"wp-block-list\"><li><a rel=\"noreferrer noopener\" href=\"https:\/\/sonographycanada.ca\/app\/uploads\/2019\/03\/ALG46320-AJPI-Sonography-Vol-4-4-final.pdf\" target=\"_blank\">Volume 4 Num\u00e9ro 4<\/a><\/li><li><a rel=\"noreferrer noopener\" href=\"https:\/\/sonographycanada.ca\/app\/uploads\/2019\/03\/Appendix-final-for-online-only.pdf\" target=\"_blank\">Annexe 4-4<\/a><\/li><li><a rel=\"noreferrer noopener\" href=\"https:\/\/sonographycanada.ca\/app\/uploads\/2019\/03\/ALG45791-AJPI-Sonography-Vol-4-3_LR-final.pdf\" target=\"_blank\">Volume 4 Num\u00e9ro 3<\/a><\/li><li><a rel=\"noreferrer noopener\" href=\"https:\/\/sonographycanada.ca\/app\/uploads\/2019\/03\/ALG44819-AJPI-Sonography-Vol-4-2-final.pdf\" target=\"_blank\">Volume 4 Num\u00e9ro 2<\/a><\/li><li><a rel=\"noreferrer noopener\" href=\"https:\/\/sonographycanada.ca\/app\/uploads\/2019\/03\/ALG44028-AJPI-Sonography-Vol-4-1-Final.pdf\" target=\"_blank\">Volume 4 Num\u00e9ro 1\ufeff<\/a><\/li><\/ul><\/div><\/div>\n\n<div class=\"wp-block-advgb-accordion-item advgb-accordion-item\" style=\"margin-bottom:15px\"><div class=\"advgb-accordion-header\" style=\"background-color:#d8e1ec;color:#313131;border-style:solid;border-color:#ffffff\"><span class=\"advgb-accordion-header-icon\"><svg fill=\"#313131\" xmlns=\"http:\/\/www.w3.org\/2000\/svg\" width=\"24\" height=\"24\" viewbox=\"0 0 24 24\"><path opacity=\"0.87\" fill=\"none\" d=\"M24,24H0L0,0l24,0V24z\"><\/path><path d=\"M16.59,8.59L12,13.17L7.41,8.59L6,10l6,6l6-6L16.59,8.59z\"><\/path><\/svg><\/span><h4 class=\"advgb-accordion-header-title\" style=\"color:inherit\">Num\u00e9ros de 2012 &#8211; Volume 3<\/h4><\/div><div class=\"advgb-accordion-body\" style=\"background-color:#e9eef4;border-style:solid;border-color:#ffffff\"><ul class=\"wp-block-list\"><li><a rel=\"noreferrer noopener\" href=\"https:\/\/sonographycanada.ca\/app\/uploads\/2019\/03\/ALG42648-AJPI-Sonography-Vol-3-3-final_Linked.pdf\" target=\"_blank\">Volume 3 Num\u00e9ro 3<\/a><\/li><li><a rel=\"noreferrer noopener\" href=\"https:\/\/sonographycanada.ca\/app\/uploads\/2019\/03\/ALG41673-AJPI-Sonography-Vol-3-2-final.pdf\" target=\"_blank\">Volume 3 Num\u00e9ro 2<\/a><\/li><li><a rel=\"noreferrer noopener\" href=\"https:\/\/sonographycanada.ca\/app\/uploads\/2019\/03\/3.2-appendix.pdf\" target=\"_blank\">Annexe 3-2<\/a><\/li><li><a rel=\"noreferrer noopener\" href=\"https:\/\/sonographycanada.ca\/app\/uploads\/2019\/03\/ALG40183-AJPI-Sonography-Vol-3-1_Final.pdf\" target=\"_blank\">Volume 3 Num\u00e9ro 1<\/a><\/li><li><a rel=\"noreferrer noopener\" href=\"https:\/\/sonographycanada.ca\/app\/uploads\/2019\/03\/appendix-3.1.pdf\" target=\"_blank\">Annexe 3-1\ufeff<\/a><\/li><\/ul><\/div><\/div>\n\n<div class=\"wp-block-advgb-accordion-item advgb-accordion-item\" style=\"margin-bottom:15px\"><div class=\"advgb-accordion-header\" style=\"background-color:#d8e1ec;color:#313131;border-style:solid;border-color:#ffffff\"><span class=\"advgb-accordion-header-icon\"><svg fill=\"#313131\" xmlns=\"http:\/\/www.w3.org\/2000\/svg\" width=\"24\" height=\"24\" viewbox=\"0 0 24 24\"><path opacity=\"0.87\" fill=\"none\" d=\"M24,24H0L0,0l24,0V24z\"><\/path><path d=\"M16.59,8.59L12,13.17L7.41,8.59L6,10l6,6l6-6L16.59,8.59z\"><\/path><\/svg><\/span><h4 class=\"advgb-accordion-header-title\" style=\"color:inherit\">Num\u00e9ros de 2011 &#8211; Volume 2<\/h4><\/div><div class=\"advgb-accordion-body\" style=\"background-color:#e9eef4;border-style:solid;border-color:#ffffff\"><ul class=\"wp-block-list\"><li><a rel=\"noreferrer noopener\" href=\"https:\/\/sonographycanada.ca\/app\/uploads\/2019\/03\/Volume-2-Issue-3-December-2011.pdf\" target=\"_blank\">Volume 2 Num\u00e9ro 3<\/a><\/li><li><a rel=\"noreferrer noopener\" href=\"https:\/\/sonographycanada.ca\/app\/uploads\/2019\/03\/Conference-Edition-2011.pdf\" target=\"_blank\">Volume 2 Num\u00e9ro 2<\/a><\/li><li><a rel=\"noreferrer noopener\" href=\"https:\/\/sonographycanada.ca\/app\/uploads\/2019\/03\/Volume-2-Issue-1-February-2011.pdf\" target=\"_blank\">Volume 2 Num\u00e9ro 1\ufeff<\/a><\/li><\/ul><\/div><\/div>\n\n<div class=\"wp-block-advgb-accordion-item advgb-accordion-item\" style=\"margin-bottom:15px\"><div class=\"advgb-accordion-header\" style=\"background-color:#d8e1ec;color:#313131;border-style:solid;border-color:#ffffff\"><span class=\"advgb-accordion-header-icon\"><svg fill=\"#313131\" xmlns=\"http:\/\/www.w3.org\/2000\/svg\" width=\"24\" height=\"24\" viewbox=\"0 0 24 24\"><path opacity=\"0.87\" fill=\"none\" d=\"M24,24H0L0,0l24,0V24z\"><\/path><path d=\"M16.59,8.59L12,13.17L7.41,8.59L6,10l6,6l6-6L16.59,8.59z\"><\/path><\/svg><\/span><h4 class=\"advgb-accordion-header-title\" style=\"color:inherit\">Num\u00e9ros de 2010 &#8211; Volume 1<\/h4><\/div><div class=\"advgb-accordion-body\" style=\"background-color:#e9eef4;border-style:solid;border-color:#ffffff\"><ul class=\"wp-block-list\"><li><a rel=\"noreferrer noopener\" href=\"https:\/\/sonographycanada.ca\/app\/uploads\/2019\/03\/Volume-1-Issue-2-October-2010.pdf\" target=\"_blank\">Volume 1 Num\u00e9ro 2<\/a><\/li><li><a rel=\"noreferrer noopener\" href=\"https:\/\/sonographycanada.ca\/app\/uploads\/2019\/03\/Volume-1-Issue-1-March-2010-v2.pdf\" target=\"_blank\">Volume 1 Num\u00e9ro 1\ufeff<\/a><\/li><\/ul><\/div><\/div><\/div>","protected":false},"excerpt":{"rendered":"<p>Num\u00e9ros courants : Volume 10 Volume 10 Num\u00e9ro 3 Volume 10 Num\u00e9ro 2 Volume 10 Num\u00e9ro 1 Num\u00e9ros archiv\u00e9s<\/p>\n","protected":false},"author":1,"featured_media":0,"parent":569,"menu_order":7020,"comment_status":"closed","ping_status":"closed","template":"","meta":{"_acf_changed":false,"advgb_blocks_editor_width":"","advgb_blocks_columns_visual_guide":"","wicket_organization":"","_seat_count":"","_member_id":[],"_edit_last":"99","_start_date":"","_end_date":"","footnotes":""},"class_list":["post-579","page","type-page","status-publish","hentry"],"acf":[],"yoast_head":"<!-- This site is optimized with the Yoast SEO plugin v23.5 - https:\/\/yoast.com\/wordpress\/plugins\/seo\/ -->\n<title>Revue canadienne d&#039;\u00e9chographie m\u00e9dicale (RCEM) - \u00c9chographie Canada<\/title>\n<meta name=\"robots\" content=\"index, follow, max-snippet:-1, max-image-preview:large, max-video-preview:-1\" \/>\n<link rel=\"canonical\" href=\"https:\/\/sonographycanada.ca\/fr\/membres\/revue-canadienne-echographie-medicale\" \/>\n<meta property=\"og:locale\" content=\"fr_FR\" \/>\n<meta property=\"og:type\" content=\"article\" \/>\n<meta property=\"og:title\" content=\"Revue canadienne d&#039;\u00e9chographie m\u00e9dicale (RCEM) - \u00c9chographie Canada\" \/>\n<meta property=\"og:description\" content=\"Num\u00e9ros courants : Volume 10 Volume 10 Num\u00e9ro 3 Volume 10 Num\u00e9ro 2 Volume 10 Num\u00e9ro 1 Num\u00e9ros archiv\u00e9s\" \/>\n<meta property=\"og:url\" content=\"https:\/\/sonographycanada.ca\/fr\/membres\/revue-canadienne-echographie-medicale\" \/>\n<meta property=\"og:site_name\" content=\"\u00c9chographie Canada\" \/>\n<meta property=\"article:modified_time\" content=\"2019-11-01T14:16:51+00:00\" \/>\n<meta name=\"twitter:card\" content=\"summary_large_image\" \/>\n<meta name=\"twitter:label1\" content=\"Est. reading time\" \/>\n\t<meta name=\"twitter:data1\" content=\"1 minute\" \/>\n<script type=\"application\/ld+json\" class=\"yoast-schema-graph\">{\"@context\":\"https:\/\/schema.org\",\"@graph\":[{\"@type\":\"WebPage\",\"@id\":\"https:\/\/sonographycanada.ca\/fr\/membres\/revue-canadienne-echographie-medicale\",\"url\":\"https:\/\/sonographycanada.ca\/fr\/membres\/revue-canadienne-echographie-medicale\",\"name\":\"Revue canadienne d'\u00e9chographie m\u00e9dicale (RCEM) - \u00c9chographie Canada\",\"isPartOf\":{\"@id\":\"https:\/\/sonographycanada.ca\/#website\"},\"datePublished\":\"2019-02-28T20:54:35+00:00\",\"dateModified\":\"2019-11-01T14:16:51+00:00\",\"breadcrumb\":{\"@id\":\"https:\/\/sonographycanada.ca\/fr\/membres\/revue-canadienne-echographie-medicale#breadcrumb\"},\"inLanguage\":\"fr-FR\",\"potentialAction\":[{\"@type\":\"ReadAction\",\"target\":[\"https:\/\/sonographycanada.ca\/fr\/membres\/revue-canadienne-echographie-medicale\"]}]},{\"@type\":\"BreadcrumbList\",\"@id\":\"https:\/\/sonographycanada.ca\/fr\/membres\/revue-canadienne-echographie-medicale#breadcrumb\",\"itemListElement\":[{\"@type\":\"ListItem\",\"position\":1,\"name\":\"Accueil\",\"item\":\"https:\/\/sonographycanada.ca\/fr\"},{\"@type\":\"ListItem\",\"position\":2,\"name\":\"Membres\",\"item\":\"https:\/\/sonographycanada.ca\/fr\/membres\"},{\"@type\":\"ListItem\",\"position\":3,\"name\":\"Revue canadienne d&#8217;\u00e9chographie m\u00e9dicale (RCEM)\"}]},{\"@type\":\"WebSite\",\"@id\":\"https:\/\/sonographycanada.ca\/#website\",\"url\":\"https:\/\/sonographycanada.ca\/\",\"name\":\"\u00c9chographie Canada\",\"description\":\"La voix des \u00e9chographistes m\u00e9dicaux diagnostiques au Canada\",\"potentialAction\":[{\"@type\":\"SearchAction\",\"target\":{\"@type\":\"EntryPoint\",\"urlTemplate\":\"https:\/\/sonographycanada.ca\/?s={search_term_string}\"},\"query-input\":{\"@type\":\"PropertyValueSpecification\",\"valueRequired\":true,\"valueName\":\"search_term_string\"}}],\"inLanguage\":\"fr-FR\"}]}<\/script>\n<!-- \/ Yoast SEO plugin. -->","yoast_head_json":{"title":"Revue canadienne d'\u00e9chographie m\u00e9dicale (RCEM) - \u00c9chographie Canada","robots":{"index":"index","follow":"follow","max-snippet":"max-snippet:-1","max-image-preview":"max-image-preview:large","max-video-preview":"max-video-preview:-1"},"canonical":"https:\/\/sonographycanada.ca\/fr\/membres\/revue-canadienne-echographie-medicale","og_locale":"fr_FR","og_type":"article","og_title":"Revue canadienne d'\u00e9chographie m\u00e9dicale (RCEM) - \u00c9chographie Canada","og_description":"Num\u00e9ros courants : Volume 10 Volume 10 Num\u00e9ro 3 Volume 10 Num\u00e9ro 2 Volume 10 Num\u00e9ro 1 Num\u00e9ros archiv\u00e9s","og_url":"https:\/\/sonographycanada.ca\/fr\/membres\/revue-canadienne-echographie-medicale","og_site_name":"\u00c9chographie Canada","article_modified_time":"2019-11-01T14:16:51+00:00","twitter_card":"summary_large_image","twitter_misc":{"Est. reading time":"1 minute"},"schema":{"@context":"https:\/\/schema.org","@graph":[{"@type":"WebPage","@id":"https:\/\/sonographycanada.ca\/fr\/membres\/revue-canadienne-echographie-medicale","url":"https:\/\/sonographycanada.ca\/fr\/membres\/revue-canadienne-echographie-medicale","name":"Revue canadienne d'\u00e9chographie m\u00e9dicale (RCEM) - \u00c9chographie Canada","isPartOf":{"@id":"https:\/\/sonographycanada.ca\/#website"},"datePublished":"2019-02-28T20:54:35+00:00","dateModified":"2019-11-01T14:16:51+00:00","breadcrumb":{"@id":"https:\/\/sonographycanada.ca\/fr\/membres\/revue-canadienne-echographie-medicale#breadcrumb"},"inLanguage":"fr-FR","potentialAction":[{"@type":"ReadAction","target":["https:\/\/sonographycanada.ca\/fr\/membres\/revue-canadienne-echographie-medicale"]}]},{"@type":"BreadcrumbList","@id":"https:\/\/sonographycanada.ca\/fr\/membres\/revue-canadienne-echographie-medicale#breadcrumb","itemListElement":[{"@type":"ListItem","position":1,"name":"Accueil","item":"https:\/\/sonographycanada.ca\/fr"},{"@type":"ListItem","position":2,"name":"Membres","item":"https:\/\/sonographycanada.ca\/fr\/membres"},{"@type":"ListItem","position":3,"name":"Revue canadienne d&#8217;\u00e9chographie m\u00e9dicale (RCEM)"}]},{"@type":"WebSite","@id":"https:\/\/sonographycanada.ca\/#website","url":"https:\/\/sonographycanada.ca\/","name":"\u00c9chographie Canada","description":"La voix des \u00e9chographistes m\u00e9dicaux diagnostiques au Canada","potentialAction":[{"@type":"SearchAction","target":{"@type":"EntryPoint","urlTemplate":"https:\/\/sonographycanada.ca\/?s={search_term_string}"},"query-input":{"@type":"PropertyValueSpecification","valueRequired":true,"valueName":"search_term_string"}}],"inLanguage":"fr-FR"}]}},"coauthors":[],"author_meta":{"author_link":"https:\/\/sonographycanada.ca\/fr\/author\/admin","display_name":"Kevin Andrews"},"relative_dates":{"created":"Publi\u00e9 7 years il y a","modified":"Mis \u00e0 jour 6 years il y a"},"absolute_dates":{"created":"Publi\u00e9 le f\u00e9vrier 28, 2019","modified":"Mise \u00e0 jour le novembre 1, 2019"},"absolute_dates_time":{"created":"Publi\u00e9 le f\u00e9vrier 28, 2019 8:54 pm","modified":"Mise \u00e0 jour le novembre 1, 2019 2:16 pm"},"featured_img_caption":"","featured_img":false,"series_order":"","_links":{"self":[{"href":"https:\/\/sonographycanada.ca\/fr\/wp-json\/wp\/v2\/pages\/579"}],"collection":[{"href":"https:\/\/sonographycanada.ca\/fr\/wp-json\/wp\/v2\/pages"}],"about":[{"href":"https:\/\/sonographycanada.ca\/fr\/wp-json\/wp\/v2\/types\/page"}],"author":[{"embeddable":true,"href":"https:\/\/sonographycanada.ca\/fr\/wp-json\/wp\/v2\/users\/1"}],"replies":[{"embeddable":true,"href":"https:\/\/sonographycanada.ca\/fr\/wp-json\/wp\/v2\/comments?post=579"}],"version-history":[{"count":14,"href":"https:\/\/sonographycanada.ca\/fr\/wp-json\/wp\/v2\/pages\/579\/revisions"}],"predecessor-version":[{"id":7610,"href":"https:\/\/sonographycanada.ca\/fr\/wp-json\/wp\/v2\/pages\/579\/revisions\/7610"}],"up":[{"embeddable":true,"href":"https:\/\/sonographycanada.ca\/fr\/wp-json\/wp\/v2\/pages\/569"}],"wp:attachment":[{"href":"https:\/\/sonographycanada.ca\/fr\/wp-json\/wp\/v2\/media?parent=579"}],"curies":[{"name":"wp","href":"https:\/\/api.w.org\/{rel}","templated":true}]}}