{"id":581,"date":"2019-02-28T20:56:00","date_gmt":"2019-02-28T20:56:00","guid":{"rendered":"http:\/\/sonographycanada.ca\/?page_id=581"},"modified":"2022-12-14T14:08:26","modified_gmt":"2022-12-14T14:08:26","slug":"possibilites-benevolat","status":"publish","type":"page","link":"https:\/\/sonographycanada.ca\/fr\/membres\/possibilites-benevolat","title":{"rendered":"Possibilit\u00e9s de b\u00e9n\u00e9volat"},"content":{"rendered":"<p>\u00c9chographie Canada est soutenue par l&#8217;\u00e9nergie et l&#8217;engagement des b\u00e9n\u00e9voles de la profession. Faire du b\u00e9n\u00e9volat n\u2019est pas seulement une excellente fa\u00e7on de redonner \u00e0 la profession, mais vous permet d\u2019obtenir des cr\u00e9dits de DPC pour votre participation.<\/p><p><strong>Le Conseil d\u2019administration :&nbsp;<\/strong>&nbsp; &nbsp;&nbsp;&nbsp;&nbsp;&nbsp;&nbsp;<br>Le Conseil est compos\u00e9 de b\u00e9n\u00e9voles qui acceptent que leur nom soit pris en consid\u00e9ration lors des \u00e9lections et du vote par les membres.<\/p><p><strong>Les comit\u00e9s op\u00e9rationnels :&nbsp;<\/strong>&nbsp;<br>Il y a six comit\u00e9s choisis par le Conseil d\u2019administration et \u00e0 qui les comit\u00e9s doivent rendre des comptes.&nbsp; Les comit\u00e9s sont ax\u00e9s sur les secteurs suivants : la pratique professionnelle, les examens, les prix et bourses, l\u2019\u00e9ducation, la planification de la conf\u00e9rence annuelle, et le contenu \u00e9ditorial de la <em>Revue canadienne d&#8217;\u00e9chographie m\u00e9dicale<\/em>. Pour obtenir plus d\u2019information sur ces comit\u00e9s, veuillez consulter la page&nbsp;<a href=\"https:\/\/sonographycanada.ca\/fr\/a-propos\/comites\">Comit\u00e9s<\/a>.<\/p><p><strong>La r\u00e9daction d&#8217;articles :<\/strong>\u00a0\u00a0\u00a0\u00a0\u00a0\u00a0\u00a0\u00a0\u00a0\u00a0\u00a0\u00a0\u00a0\u00a0\u00a0\u00a0<br>La <em>Revue canadienne d\u2019\u00e9chographie m\u00e9dicale<\/em> est toujours \u00e0 la recherche d&#8217;articles pertinents. Il est facile de soumettre un article en acc\u00e9dant \u00e0 <a href=\"https:\/\/jsonocan.com\/index.php\/CJMS\/index\">notre portail<\/a>. Une abondance de ressources sont mises \u00e0 la disposition de tous ceux qui veulent contribuer par un article dans la Revue.<\/p><p><strong>Cliquez ici <\/strong>pour vous familiariser avec les ouvertures actuelles.<\/p>","protected":false},"excerpt":{"rendered":"<p>\u00c9chographie Canada est soutenue par l&#8217;\u00e9nergie et l&#8217;engagement des b\u00e9n\u00e9voles de la profession. Faire du b\u00e9n\u00e9volat n\u2019est pas seulement une excellente fa\u00e7on de redonner \u00e0 la profession, mais vous permet d\u2019obtenir des cr\u00e9dits de DPC pour votre participation. Le Conseil d\u2019administration :&nbsp;&nbsp; &nbsp;&nbsp;&nbsp;&nbsp;&nbsp;&nbsp;Le Conseil est compos\u00e9 de b\u00e9n\u00e9voles qui acceptent que leur nom soit pris [&hellip;]<\/p>\n","protected":false},"author":1,"featured_media":5215,"parent":569,"menu_order":7030,"comment_status":"closed","ping_status":"closed","template":"","meta":{"_acf_changed":false,"advgb_blocks_editor_width":"","advgb_blocks_columns_visual_guide":"","wicket_organization":"","_seat_count":"","_member_id":[],"_edit_last":"1307","_start_date":"","_end_date":"","footnotes":""},"class_list":["post-581","page","type-page","status-publish","has-post-thumbnail","hentry"],"acf":[],"yoast_head":"<!-- This site is optimized with the Yoast SEO plugin v23.5 - https:\/\/yoast.com\/wordpress\/plugins\/seo\/ -->\n<title>Possibilit\u00e9s de b\u00e9n\u00e9volat - \u00c9chographie Canada<\/title>\n<meta name=\"robots\" content=\"index, follow, max-snippet:-1, max-image-preview:large, max-video-preview:-1\" \/>\n<link rel=\"canonical\" href=\"https:\/\/sonographycanada.ca\/fr\/membres\/possibilites-benevolat\" \/>\n<meta property=\"og:locale\" content=\"fr_FR\" \/>\n<meta property=\"og:type\" content=\"article\" \/>\n<meta property=\"og:title\" content=\"Possibilit\u00e9s de b\u00e9n\u00e9volat - \u00c9chographie Canada\" \/>\n<meta property=\"og:description\" content=\"\u00c9chographie Canada est soutenue par l&#8217;\u00e9nergie et l&#8217;engagement des b\u00e9n\u00e9voles de la profession. Faire du b\u00e9n\u00e9volat n\u2019est pas seulement une excellente fa\u00e7on de redonner \u00e0 la profession, mais vous permet d\u2019obtenir des cr\u00e9dits de DPC pour votre participation. Le Conseil d\u2019administration :&nbsp;&nbsp; &nbsp;&nbsp;&nbsp;&nbsp;&nbsp;&nbsp;Le Conseil est compos\u00e9 de b\u00e9n\u00e9voles qui acceptent que leur nom soit pris [&hellip;]\" \/>\n<meta property=\"og:url\" content=\"https:\/\/sonographycanada.ca\/fr\/membres\/possibilites-benevolat\" \/>\n<meta property=\"og:site_name\" content=\"\u00c9chographie Canada\" \/>\n<meta property=\"article:modified_time\" content=\"2022-12-14T14:08:26+00:00\" \/>\n<meta property=\"og:image\" content=\"https:\/\/sonographycanada.ca\/app\/uploads\/2019\/06\/B\u00e9n\u00e9voles-recherch\u00e9s.png\" \/>\n\t<meta property=\"og:image:width\" content=\"390\" \/>\n\t<meta property=\"og:image:height\" content=\"173\" \/>\n\t<meta property=\"og:image:type\" content=\"image\/png\" \/>\n<meta name=\"twitter:card\" content=\"summary_large_image\" \/>\n<meta name=\"twitter:label1\" content=\"Est. reading time\" \/>\n\t<meta name=\"twitter:data1\" content=\"1 minute\" \/>\n<script type=\"application\/ld+json\" class=\"yoast-schema-graph\">{\"@context\":\"https:\/\/schema.org\",\"@graph\":[{\"@type\":\"WebPage\",\"@id\":\"https:\/\/sonographycanada.ca\/fr\/membres\/possibilites-benevolat\",\"url\":\"https:\/\/sonographycanada.ca\/fr\/membres\/possibilites-benevolat\",\"name\":\"Possibilit\u00e9s de b\u00e9n\u00e9volat - \u00c9chographie Canada\",\"isPartOf\":{\"@id\":\"https:\/\/sonographycanada.ca\/#website\"},\"primaryImageOfPage\":{\"@id\":\"https:\/\/sonographycanada.ca\/fr\/membres\/possibilites-benevolat#primaryimage\"},\"image\":{\"@id\":\"https:\/\/sonographycanada.ca\/fr\/membres\/possibilites-benevolat#primaryimage\"},\"thumbnailUrl\":\"https:\/\/sonographycanada.ca\/app\/uploads\/2019\/06\/B\u00e9n\u00e9voles-recherch\u00e9s.png\",\"datePublished\":\"2019-02-28T20:56:00+00:00\",\"dateModified\":\"2022-12-14T14:08:26+00:00\",\"breadcrumb\":{\"@id\":\"https:\/\/sonographycanada.ca\/fr\/membres\/possibilites-benevolat#breadcrumb\"},\"inLanguage\":\"fr-FR\",\"potentialAction\":[{\"@type\":\"ReadAction\",\"target\":[\"https:\/\/sonographycanada.ca\/fr\/membres\/possibilites-benevolat\"]}]},{\"@type\":\"ImageObject\",\"inLanguage\":\"fr-FR\",\"@id\":\"https:\/\/sonographycanada.ca\/fr\/membres\/possibilites-benevolat#primaryimage\",\"url\":\"https:\/\/sonographycanada.ca\/app\/uploads\/2019\/06\/B\u00e9n\u00e9voles-recherch\u00e9s.png\",\"contentUrl\":\"https:\/\/sonographycanada.ca\/app\/uploads\/2019\/06\/B\u00e9n\u00e9voles-recherch\u00e9s.png\",\"width\":390,\"height\":173},{\"@type\":\"BreadcrumbList\",\"@id\":\"https:\/\/sonographycanada.ca\/fr\/membres\/possibilites-benevolat#breadcrumb\",\"itemListElement\":[{\"@type\":\"ListItem\",\"position\":1,\"name\":\"Accueil\",\"item\":\"https:\/\/sonographycanada.ca\/fr\"},{\"@type\":\"ListItem\",\"position\":2,\"name\":\"Membres\",\"item\":\"https:\/\/sonographycanada.ca\/fr\/membres\"},{\"@type\":\"ListItem\",\"position\":3,\"name\":\"Possibilit\u00e9s de b\u00e9n\u00e9volat\"}]},{\"@type\":\"WebSite\",\"@id\":\"https:\/\/sonographycanada.ca\/#website\",\"url\":\"https:\/\/sonographycanada.ca\/\",\"name\":\"\u00c9chographie Canada\",\"description\":\"La voix des \u00e9chographistes m\u00e9dicaux diagnostiques au Canada\",\"potentialAction\":[{\"@type\":\"SearchAction\",\"target\":{\"@type\":\"EntryPoint\",\"urlTemplate\":\"https:\/\/sonographycanada.ca\/?s={search_term_string}\"},\"query-input\":{\"@type\":\"PropertyValueSpecification\",\"valueRequired\":true,\"valueName\":\"search_term_string\"}}],\"inLanguage\":\"fr-FR\"}]}<\/script>\n<!-- \/ Yoast SEO plugin. -->","yoast_head_json":{"title":"Possibilit\u00e9s de b\u00e9n\u00e9volat - \u00c9chographie Canada","robots":{"index":"index","follow":"follow","max-snippet":"max-snippet:-1","max-image-preview":"max-image-preview:large","max-video-preview":"max-video-preview:-1"},"canonical":"https:\/\/sonographycanada.ca\/fr\/membres\/possibilites-benevolat","og_locale":"fr_FR","og_type":"article","og_title":"Possibilit\u00e9s de b\u00e9n\u00e9volat - \u00c9chographie Canada","og_description":"\u00c9chographie Canada est soutenue par l&#8217;\u00e9nergie et l&#8217;engagement des b\u00e9n\u00e9voles de la profession. Faire du b\u00e9n\u00e9volat n\u2019est pas seulement une excellente fa\u00e7on de redonner \u00e0 la profession, mais vous permet d\u2019obtenir des cr\u00e9dits de DPC pour votre participation. Le Conseil d\u2019administration :&nbsp;&nbsp; &nbsp;&nbsp;&nbsp;&nbsp;&nbsp;&nbsp;Le Conseil est compos\u00e9 de b\u00e9n\u00e9voles qui acceptent que leur nom soit pris [&hellip;]","og_url":"https:\/\/sonographycanada.ca\/fr\/membres\/possibilites-benevolat","og_site_name":"\u00c9chographie Canada","article_modified_time":"2022-12-14T14:08:26+00:00","og_image":[{"width":390,"height":173,"url":"https:\/\/sonographycanada.ca\/app\/uploads\/2019\/06\/B\u00e9n\u00e9voles-recherch\u00e9s.png","type":"image\/png"}],"twitter_card":"summary_large_image","twitter_misc":{"Est. reading time":"1 minute"},"schema":{"@context":"https:\/\/schema.org","@graph":[{"@type":"WebPage","@id":"https:\/\/sonographycanada.ca\/fr\/membres\/possibilites-benevolat","url":"https:\/\/sonographycanada.ca\/fr\/membres\/possibilites-benevolat","name":"Possibilit\u00e9s de b\u00e9n\u00e9volat - \u00c9chographie Canada","isPartOf":{"@id":"https:\/\/sonographycanada.ca\/#website"},"primaryImageOfPage":{"@id":"https:\/\/sonographycanada.ca\/fr\/membres\/possibilites-benevolat#primaryimage"},"image":{"@id":"https:\/\/sonographycanada.ca\/fr\/membres\/possibilites-benevolat#primaryimage"},"thumbnailUrl":"https:\/\/sonographycanada.ca\/app\/uploads\/2019\/06\/B\u00e9n\u00e9voles-recherch\u00e9s.png","datePublished":"2019-02-28T20:56:00+00:00","dateModified":"2022-12-14T14:08:26+00:00","breadcrumb":{"@id":"https:\/\/sonographycanada.ca\/fr\/membres\/possibilites-benevolat#breadcrumb"},"inLanguage":"fr-FR","potentialAction":[{"@type":"ReadAction","target":["https:\/\/sonographycanada.ca\/fr\/membres\/possibilites-benevolat"]}]},{"@type":"ImageObject","inLanguage":"fr-FR","@id":"https:\/\/sonographycanada.ca\/fr\/membres\/possibilites-benevolat#primaryimage","url":"https:\/\/sonographycanada.ca\/app\/uploads\/2019\/06\/B\u00e9n\u00e9voles-recherch\u00e9s.png","contentUrl":"https:\/\/sonographycanada.ca\/app\/uploads\/2019\/06\/B\u00e9n\u00e9voles-recherch\u00e9s.png","width":390,"height":173},{"@type":"BreadcrumbList","@id":"https:\/\/sonographycanada.ca\/fr\/membres\/possibilites-benevolat#breadcrumb","itemListElement":[{"@type":"ListItem","position":1,"name":"Accueil","item":"https:\/\/sonographycanada.ca\/fr"},{"@type":"ListItem","position":2,"name":"Membres","item":"https:\/\/sonographycanada.ca\/fr\/membres"},{"@type":"ListItem","position":3,"name":"Possibilit\u00e9s de b\u00e9n\u00e9volat"}]},{"@type":"WebSite","@id":"https:\/\/sonographycanada.ca\/#website","url":"https:\/\/sonographycanada.ca\/","name":"\u00c9chographie Canada","description":"La voix des \u00e9chographistes m\u00e9dicaux diagnostiques au Canada","potentialAction":[{"@type":"SearchAction","target":{"@type":"EntryPoint","urlTemplate":"https:\/\/sonographycanada.ca\/?s={search_term_string}"},"query-input":{"@type":"PropertyValueSpecification","valueRequired":true,"valueName":"search_term_string"}}],"inLanguage":"fr-FR"}]}},"coauthors":[],"author_meta":{"author_link":"https:\/\/sonographycanada.ca\/fr\/author\/admin","display_name":"Kevin Andrews"},"relative_dates":{"created":"Publi\u00e9 7 years il y a","modified":"Mis \u00e0 jour 3 years il y a"},"absolute_dates":{"created":"Publi\u00e9 le f\u00e9vrier 28, 2019","modified":"Mise \u00e0 jour le d\u00e9cembre 14, 2022"},"absolute_dates_time":{"created":"Publi\u00e9 le f\u00e9vrier 28, 2019 8:56 pm","modified":"Mise \u00e0 jour le d\u00e9cembre 14, 2022 2:08 pm"},"featured_img_caption":"","featured_img":"https:\/\/sonographycanada.ca\/app\/uploads\/2019\/06\/B\u00e9n\u00e9voles-recherch\u00e9s-390x173.png","series_order":"","_links":{"self":[{"href":"https:\/\/sonographycanada.ca\/fr\/wp-json\/wp\/v2\/pages\/581"}],"collection":[{"href":"https:\/\/sonographycanada.ca\/fr\/wp-json\/wp\/v2\/pages"}],"about":[{"href":"https:\/\/sonographycanada.ca\/fr\/wp-json\/wp\/v2\/types\/page"}],"author":[{"embeddable":true,"href":"https:\/\/sonographycanada.ca\/fr\/wp-json\/wp\/v2\/users\/1"}],"replies":[{"embeddable":true,"href":"https:\/\/sonographycanada.ca\/fr\/wp-json\/wp\/v2\/comments?post=581"}],"version-history":[{"count":13,"href":"https:\/\/sonographycanada.ca\/fr\/wp-json\/wp\/v2\/pages\/581\/revisions"}],"predecessor-version":[{"id":162542,"href":"https:\/\/sonographycanada.ca\/fr\/wp-json\/wp\/v2\/pages\/581\/revisions\/162542"}],"up":[{"embeddable":true,"href":"https:\/\/sonographycanada.ca\/fr\/wp-json\/wp\/v2\/pages\/569"}],"wp:featuredmedia":[{"embeddable":true,"href":"https:\/\/sonographycanada.ca\/fr\/wp-json\/wp\/v2\/media\/5215"}],"wp:attachment":[{"href":"https:\/\/sonographycanada.ca\/fr\/wp-json\/wp\/v2\/media?parent=581"}],"curies":[{"name":"wp","href":"https:\/\/api.w.org\/{rel}","templated":true}]}}