{"id":584,"date":"2019-02-28T20:56:50","date_gmt":"2019-02-28T20:56:50","guid":{"rendered":"http:\/\/sonographycanada.ca\/?page_id=584"},"modified":"2019-09-25T15:25:02","modified_gmt":"2019-09-25T15:25:02","slug":"rad-aid-international","status":"publish","type":"page","link":"https:\/\/sonographycanada.ca\/fr\/membres\/possibilites-benevolat\/rad-aid-international","title":{"rendered":"RAD-AID International"},"content":{"rendered":"<figure class=\"wp-block-image\"><img loading=\"lazy\" decoding=\"async\" width=\"653\" height=\"99\" src=\"https:\/\/sonographycanada.ca\/app\/uploads\/2019\/03\/F9491F5271229B5C87179489BFCD299920181213021207_o-2.jpg\" alt=\"\" class=\"wp-image-1267\" srcset=\"https:\/\/sonographycanada.ca\/app\/uploads\/2019\/03\/F9491F5271229B5C87179489BFCD299920181213021207_o-2.jpg 653w, https:\/\/sonographycanada.ca\/app\/uploads\/2019\/03\/F9491F5271229B5C87179489BFCD299920181213021207_o-2-600x91.jpg 600w, https:\/\/sonographycanada.ca\/app\/uploads\/2019\/03\/F9491F5271229B5C87179489BFCD299920181213021207_o-2-300x45.jpg 300w, https:\/\/sonographycanada.ca\/app\/uploads\/2019\/03\/F9491F5271229B5C87179489BFCD299920181213021207_o-2-390x59.jpg 390w\" sizes=\"(max-width: 653px) 100vw, 653px\" \/><\/figure><h3 class=\"wp-block-heading\"><strong>Bourse de b\u00e9n\u00e9volat RAD-AID \u00c9chographie Canada \u00e0 l&#8217;intention des \u00e9chographistes<\/strong><\/h3><p>RAD-AID est une organisation sans but lucratif ayant pour mission d\u2019accro\u00eetre et d\u2019am\u00e9liorer les ressources de radiologie dans les pays en d\u00e9veloppement et dans les pays appauvris. Selon l&#8217;Organisation mondiale de la sant\u00e9 (OMS), quatre milliards de personnes environ sont expos\u00e9es \u00e0 des risques de pertes \u00e0 grande \u00e9chelle et de d\u00e9c\u00e8s qu\u2019on pourrait \u00e9viter ou traiter si ces personnes avaient recours \u00e0 des services de radiologie. RAD-AID a \u00e9t\u00e9 cr\u00e9\u00e9 en 2008 pour r\u00e9pondre \u00e0 ce besoin. L\u2019organisation a pris de l\u2019ampleur depuis et compte aujourd\u2019hui plus de 3&nbsp;500 collaborateurs issus de 200 pays et des programmes sur place dans plus de 14 pays.<br><br>RAD-AID International et \u00c9chographie Canada ont le plaisir de collaborer dans le cadre d\u2019un programme offrant aux \u00e9chographistes au Canada l\u2019occasion de r\u00e9pondre aux besoins en soins de sant\u00e9 du monde en d\u00e9veloppement. Les personnes \u00e0 qui sera d\u00e9cern\u00e9e cette bourse jouiront d\u2019un appui financier qui leur permettra de se joindre \u00e0 des \u00e9quipes de RAD-AID participant \u00e0 des projets internationaux visant \u00e0 am\u00e9liorer l\u2019acc\u00e8s \u00e0 de l\u2019imagerie m\u00e9dicale de qualit\u00e9 pour les populations dans le besoin.<br><br>L\u2019exp\u00e9rience de travail acquise au sein d\u2019une \u00e9quipe pluridisciplinaire autour du monde peut \u00eatre valorisante sur les plans personnel et professionnel.&nbsp; Vous vous renseignerez au sujet d\u2019autres cultures et syst\u00e8mes de soins de sant\u00e9 et appliquerez vos talents en \u00e9chographie afin d\u2019am\u00e9liorer la sant\u00e9 dans le monde.&nbsp; Nous vous incitons donc \u00e0 poser votre candidature \u00e0 cette nouvelle occasion d\u2019appliquer vos comp\u00e9tences au service des r\u00e9gions en d\u00e9veloppement du monde.<br><\/p><h4 class=\"wp-block-heading\"><strong>Comment poser sa candidature \u00e0 la bourse de b\u00e9n\u00e9volat<\/strong><\/h4><p>RAD-AID et \u00c9chographie Canada acceptent les candidatures \u00e0 ce programme en ce moment m\u00eame!&nbsp; Cette bourse s\u2019adresse aux membres actifs d\u2019\u00c9chographie Canada comptant trois ann\u00e9es et plus d\u2019exp\u00e9rience de l\u2019\u00e9chographie.&nbsp;Pour en apprendre davantage sur la bourse de b\u00e9n\u00e9volat et la fa\u00e7on de pr\u00e9senter sa candidature, veuillez visiter le&nbsp;<a rel=\"noreferrer noopener\" aria-label=\" (opens in a new tab)\" href=\"https:\/\/www.rad-aid.org\/programs\/rad-aid-sonography-canada-fellowship\/\" target=\"_blank\">site Web d\u2019\u00c9chographie Canada et RAD-AID<\/a>.&nbsp;<\/p>","protected":false},"excerpt":{"rendered":"<p>Bourse de b\u00e9n\u00e9volat RAD-AID \u00c9chographie Canada \u00e0 l&#8217;intention des \u00e9chographistes RAD-AID est une organisation sans but lucratif ayant pour mission d\u2019accro\u00eetre et d\u2019am\u00e9liorer les ressources de radiologie dans les pays en d\u00e9veloppement et dans les pays appauvris. Selon l&#8217;Organisation mondiale de la sant\u00e9 (OMS), quatre milliards de personnes environ sont expos\u00e9es \u00e0 des risques de [&hellip;]<\/p>\n","protected":false},"author":1,"featured_media":0,"parent":581,"menu_order":703010,"comment_status":"closed","ping_status":"closed","template":"","meta":{"_acf_changed":false,"advgb_blocks_editor_width":"","advgb_blocks_columns_visual_guide":"","wicket_organization":"","_seat_count":"","_member_id":[],"_edit_last":"99","_start_date":"","_end_date":"","footnotes":""},"class_list":["post-584","page","type-page","status-publish","hentry"],"acf":[],"yoast_head":"<!-- This site is optimized with the Yoast SEO plugin v23.5 - https:\/\/yoast.com\/wordpress\/plugins\/seo\/ -->\n<title>RAD-AID International - \u00c9chographie Canada<\/title>\n<meta name=\"robots\" content=\"index, follow, max-snippet:-1, max-image-preview:large, max-video-preview:-1\" \/>\n<link rel=\"canonical\" href=\"https:\/\/sonographycanada.ca\/fr\/membres\/possibilites-benevolat\/rad-aid-international\" \/>\n<meta property=\"og:locale\" content=\"fr_FR\" \/>\n<meta property=\"og:type\" content=\"article\" \/>\n<meta property=\"og:title\" content=\"RAD-AID International - \u00c9chographie Canada\" \/>\n<meta property=\"og:description\" content=\"Bourse de b\u00e9n\u00e9volat RAD-AID \u00c9chographie Canada \u00e0 l&#8217;intention des \u00e9chographistes RAD-AID est une organisation sans but lucratif ayant pour mission d\u2019accro\u00eetre et d\u2019am\u00e9liorer les ressources de radiologie dans les pays en d\u00e9veloppement et dans les pays appauvris. Selon l&#8217;Organisation mondiale de la sant\u00e9 (OMS), quatre milliards de personnes environ sont expos\u00e9es \u00e0 des risques de [&hellip;]\" \/>\n<meta property=\"og:url\" content=\"https:\/\/sonographycanada.ca\/fr\/membres\/possibilites-benevolat\/rad-aid-international\" \/>\n<meta property=\"og:site_name\" content=\"\u00c9chographie Canada\" \/>\n<meta property=\"article:modified_time\" content=\"2019-09-25T15:25:02+00:00\" \/>\n<meta property=\"og:image\" content=\"https:\/\/sonographycanada.ca\/app\/uploads\/2019\/03\/F9491F5271229B5C87179489BFCD299920181213021207_o-2.jpg\" \/>\n<meta name=\"twitter:card\" content=\"summary_large_image\" \/>\n<meta name=\"twitter:label1\" content=\"Est. reading time\" \/>\n\t<meta name=\"twitter:data1\" content=\"2 minutes\" \/>\n<script type=\"application\/ld+json\" class=\"yoast-schema-graph\">{\"@context\":\"https:\/\/schema.org\",\"@graph\":[{\"@type\":\"WebPage\",\"@id\":\"https:\/\/sonographycanada.ca\/fr\/membres\/possibilites-benevolat\/rad-aid-international\",\"url\":\"https:\/\/sonographycanada.ca\/fr\/membres\/possibilites-benevolat\/rad-aid-international\",\"name\":\"RAD-AID International - \u00c9chographie Canada\",\"isPartOf\":{\"@id\":\"https:\/\/sonographycanada.ca\/#website\"},\"primaryImageOfPage\":{\"@id\":\"https:\/\/sonographycanada.ca\/fr\/membres\/possibilites-benevolat\/rad-aid-international#primaryimage\"},\"image\":{\"@id\":\"https:\/\/sonographycanada.ca\/fr\/membres\/possibilites-benevolat\/rad-aid-international#primaryimage\"},\"thumbnailUrl\":\"https:\/\/sonographycanada.ca\/app\/uploads\/2019\/03\/F9491F5271229B5C87179489BFCD299920181213021207_o-2.jpg\",\"datePublished\":\"2019-02-28T20:56:50+00:00\",\"dateModified\":\"2019-09-25T15:25:02+00:00\",\"breadcrumb\":{\"@id\":\"https:\/\/sonographycanada.ca\/fr\/membres\/possibilites-benevolat\/rad-aid-international#breadcrumb\"},\"inLanguage\":\"fr-FR\",\"potentialAction\":[{\"@type\":\"ReadAction\",\"target\":[\"https:\/\/sonographycanada.ca\/fr\/membres\/possibilites-benevolat\/rad-aid-international\"]}]},{\"@type\":\"ImageObject\",\"inLanguage\":\"fr-FR\",\"@id\":\"https:\/\/sonographycanada.ca\/fr\/membres\/possibilites-benevolat\/rad-aid-international#primaryimage\",\"url\":\"https:\/\/sonographycanada.ca\/app\/uploads\/2019\/03\/F9491F5271229B5C87179489BFCD299920181213021207_o-2.jpg\",\"contentUrl\":\"https:\/\/sonographycanada.ca\/app\/uploads\/2019\/03\/F9491F5271229B5C87179489BFCD299920181213021207_o-2.jpg\"},{\"@type\":\"BreadcrumbList\",\"@id\":\"https:\/\/sonographycanada.ca\/fr\/membres\/possibilites-benevolat\/rad-aid-international#breadcrumb\",\"itemListElement\":[{\"@type\":\"ListItem\",\"position\":1,\"name\":\"Accueil\",\"item\":\"https:\/\/sonographycanada.ca\/fr\"},{\"@type\":\"ListItem\",\"position\":2,\"name\":\"Membres\",\"item\":\"https:\/\/sonographycanada.ca\/fr\/membres\"},{\"@type\":\"ListItem\",\"position\":3,\"name\":\"Possibilit\u00e9s de b\u00e9n\u00e9volat\",\"item\":\"https:\/\/sonographycanada.ca\/fr\/membres\/possibilites-benevolat\"},{\"@type\":\"ListItem\",\"position\":4,\"name\":\"RAD-AID International\"}]},{\"@type\":\"WebSite\",\"@id\":\"https:\/\/sonographycanada.ca\/#website\",\"url\":\"https:\/\/sonographycanada.ca\/\",\"name\":\"\u00c9chographie Canada\",\"description\":\"La voix des \u00e9chographistes m\u00e9dicaux diagnostiques au Canada\",\"potentialAction\":[{\"@type\":\"SearchAction\",\"target\":{\"@type\":\"EntryPoint\",\"urlTemplate\":\"https:\/\/sonographycanada.ca\/?s={search_term_string}\"},\"query-input\":{\"@type\":\"PropertyValueSpecification\",\"valueRequired\":true,\"valueName\":\"search_term_string\"}}],\"inLanguage\":\"fr-FR\"}]}<\/script>\n<!-- \/ Yoast SEO plugin. -->","yoast_head_json":{"title":"RAD-AID International - \u00c9chographie Canada","robots":{"index":"index","follow":"follow","max-snippet":"max-snippet:-1","max-image-preview":"max-image-preview:large","max-video-preview":"max-video-preview:-1"},"canonical":"https:\/\/sonographycanada.ca\/fr\/membres\/possibilites-benevolat\/rad-aid-international","og_locale":"fr_FR","og_type":"article","og_title":"RAD-AID International - \u00c9chographie Canada","og_description":"Bourse de b\u00e9n\u00e9volat RAD-AID \u00c9chographie Canada \u00e0 l&#8217;intention des \u00e9chographistes RAD-AID est une organisation sans but lucratif ayant pour mission d\u2019accro\u00eetre et d\u2019am\u00e9liorer les ressources de radiologie dans les pays en d\u00e9veloppement et dans les pays appauvris. Selon l&#8217;Organisation mondiale de la sant\u00e9 (OMS), quatre milliards de personnes environ sont expos\u00e9es \u00e0 des risques de [&hellip;]","og_url":"https:\/\/sonographycanada.ca\/fr\/membres\/possibilites-benevolat\/rad-aid-international","og_site_name":"\u00c9chographie Canada","article_modified_time":"2019-09-25T15:25:02+00:00","og_image":[{"url":"https:\/\/sonographycanada.ca\/app\/uploads\/2019\/03\/F9491F5271229B5C87179489BFCD299920181213021207_o-2.jpg"}],"twitter_card":"summary_large_image","twitter_misc":{"Est. reading time":"2 minutes"},"schema":{"@context":"https:\/\/schema.org","@graph":[{"@type":"WebPage","@id":"https:\/\/sonographycanada.ca\/fr\/membres\/possibilites-benevolat\/rad-aid-international","url":"https:\/\/sonographycanada.ca\/fr\/membres\/possibilites-benevolat\/rad-aid-international","name":"RAD-AID International - \u00c9chographie Canada","isPartOf":{"@id":"https:\/\/sonographycanada.ca\/#website"},"primaryImageOfPage":{"@id":"https:\/\/sonographycanada.ca\/fr\/membres\/possibilites-benevolat\/rad-aid-international#primaryimage"},"image":{"@id":"https:\/\/sonographycanada.ca\/fr\/membres\/possibilites-benevolat\/rad-aid-international#primaryimage"},"thumbnailUrl":"https:\/\/sonographycanada.ca\/app\/uploads\/2019\/03\/F9491F5271229B5C87179489BFCD299920181213021207_o-2.jpg","datePublished":"2019-02-28T20:56:50+00:00","dateModified":"2019-09-25T15:25:02+00:00","breadcrumb":{"@id":"https:\/\/sonographycanada.ca\/fr\/membres\/possibilites-benevolat\/rad-aid-international#breadcrumb"},"inLanguage":"fr-FR","potentialAction":[{"@type":"ReadAction","target":["https:\/\/sonographycanada.ca\/fr\/membres\/possibilites-benevolat\/rad-aid-international"]}]},{"@type":"ImageObject","inLanguage":"fr-FR","@id":"https:\/\/sonographycanada.ca\/fr\/membres\/possibilites-benevolat\/rad-aid-international#primaryimage","url":"https:\/\/sonographycanada.ca\/app\/uploads\/2019\/03\/F9491F5271229B5C87179489BFCD299920181213021207_o-2.jpg","contentUrl":"https:\/\/sonographycanada.ca\/app\/uploads\/2019\/03\/F9491F5271229B5C87179489BFCD299920181213021207_o-2.jpg"},{"@type":"BreadcrumbList","@id":"https:\/\/sonographycanada.ca\/fr\/membres\/possibilites-benevolat\/rad-aid-international#breadcrumb","itemListElement":[{"@type":"ListItem","position":1,"name":"Accueil","item":"https:\/\/sonographycanada.ca\/fr"},{"@type":"ListItem","position":2,"name":"Membres","item":"https:\/\/sonographycanada.ca\/fr\/membres"},{"@type":"ListItem","position":3,"name":"Possibilit\u00e9s de b\u00e9n\u00e9volat","item":"https:\/\/sonographycanada.ca\/fr\/membres\/possibilites-benevolat"},{"@type":"ListItem","position":4,"name":"RAD-AID International"}]},{"@type":"WebSite","@id":"https:\/\/sonographycanada.ca\/#website","url":"https:\/\/sonographycanada.ca\/","name":"\u00c9chographie Canada","description":"La voix des \u00e9chographistes m\u00e9dicaux diagnostiques au Canada","potentialAction":[{"@type":"SearchAction","target":{"@type":"EntryPoint","urlTemplate":"https:\/\/sonographycanada.ca\/?s={search_term_string}"},"query-input":{"@type":"PropertyValueSpecification","valueRequired":true,"valueName":"search_term_string"}}],"inLanguage":"fr-FR"}]}},"coauthors":[],"author_meta":{"author_link":"https:\/\/sonographycanada.ca\/fr\/author\/admin","display_name":"Kevin Andrews"},"relative_dates":{"created":"Publi\u00e9 7 years il y a","modified":"Mis \u00e0 jour 7 years il y a"},"absolute_dates":{"created":"Publi\u00e9 le f\u00e9vrier 28, 2019","modified":"Mise \u00e0 jour le septembre 25, 2019"},"absolute_dates_time":{"created":"Publi\u00e9 le f\u00e9vrier 28, 2019 8:56 pm","modified":"Mise \u00e0 jour le septembre 25, 2019 3:25 pm"},"featured_img_caption":"","featured_img":false,"series_order":"","_links":{"self":[{"href":"https:\/\/sonographycanada.ca\/fr\/wp-json\/wp\/v2\/pages\/584"}],"collection":[{"href":"https:\/\/sonographycanada.ca\/fr\/wp-json\/wp\/v2\/pages"}],"about":[{"href":"https:\/\/sonographycanada.ca\/fr\/wp-json\/wp\/v2\/types\/page"}],"author":[{"embeddable":true,"href":"https:\/\/sonographycanada.ca\/fr\/wp-json\/wp\/v2\/users\/1"}],"replies":[{"embeddable":true,"href":"https:\/\/sonographycanada.ca\/fr\/wp-json\/wp\/v2\/comments?post=584"}],"version-history":[{"count":7,"href":"https:\/\/sonographycanada.ca\/fr\/wp-json\/wp\/v2\/pages\/584\/revisions"}],"predecessor-version":[{"id":6786,"href":"https:\/\/sonographycanada.ca\/fr\/wp-json\/wp\/v2\/pages\/584\/revisions\/6786"}],"up":[{"embeddable":true,"href":"https:\/\/sonographycanada.ca\/fr\/wp-json\/wp\/v2\/pages\/581"}],"wp:attachment":[{"href":"https:\/\/sonographycanada.ca\/fr\/wp-json\/wp\/v2\/media?parent=584"}],"curies":[{"name":"wp","href":"https:\/\/api.w.org\/{rel}","templated":true}]}}