{"id":5941,"date":"2019-07-31T16:13:58","date_gmt":"2019-07-31T16:13:58","guid":{"rendered":"https:\/\/sonographycanada.ca\/?page_id=5941"},"modified":"2019-07-31T16:14:25","modified_gmt":"2019-07-31T16:14:25","slug":"la-videotheque-de-la-generaliste","status":"publish","type":"page","link":"https:\/\/sonographycanada.ca\/fr\/membres\/video-library\/la-videotheque-de-la-generaliste","title":{"rendered":"La vid\u00e9oth\u00e8que de la G\u00e9n\u00e9raliste"},"content":{"rendered":"<div id=\"ld-course-list-content-c071a4dac56ccb9afbffa1a2002380a9\" class=\"ld-course-list-content\" data-shortcode-atts=\"{&quot;orderby&quot;:&quot;date&quot;,&quot;course_category_name&quot;:&quot;generalist&quot;}\">\n\t\t\t<div class=\"ld-course-list-items row\">\n\t\t<\/div>\n\t\t\t<\/div>\n\t\t","protected":false},"excerpt":{"rendered":"","protected":false},"author":1,"featured_media":0,"parent":1058,"menu_order":0,"comment_status":"closed","ping_status":"closed","template":"","meta":{"_acf_changed":false,"advgb_blocks_editor_width":"","advgb_blocks_columns_visual_guide":"","wicket_organization":"","_seat_count":"","_member_id":[],"_edit_last":"1","_start_date":"","_end_date":"","footnotes":""},"class_list":["post-5941","page","type-page","status-publish","hentry"],"acf":[],"yoast_head":"<!-- This site is optimized with the Yoast SEO plugin v23.5 - https:\/\/yoast.com\/wordpress\/plugins\/seo\/ -->\n<title>La vid\u00e9oth\u00e8que de la G\u00e9n\u00e9raliste - \u00c9chographie Canada<\/title>\n<meta name=\"robots\" content=\"index, follow, max-snippet:-1, max-image-preview:large, max-video-preview:-1\" \/>\n<link rel=\"canonical\" href=\"https:\/\/sonographycanada.ca\/fr\/membres\/video-library\/la-videotheque-de-la-generaliste\" \/>\n<meta property=\"og:locale\" content=\"fr_FR\" \/>\n<meta property=\"og:type\" content=\"article\" \/>\n<meta property=\"og:title\" content=\"La vid\u00e9oth\u00e8que de la G\u00e9n\u00e9raliste - \u00c9chographie Canada\" \/>\n<meta property=\"og:url\" content=\"https:\/\/sonographycanada.ca\/fr\/membres\/video-library\/la-videotheque-de-la-generaliste\" \/>\n<meta property=\"og:site_name\" content=\"\u00c9chographie Canada\" \/>\n<meta property=\"article:modified_time\" content=\"2019-07-31T16:14:25+00:00\" \/>\n<meta name=\"twitter:card\" content=\"summary_large_image\" \/>\n<script type=\"application\/ld+json\" class=\"yoast-schema-graph\">{\"@context\":\"https:\/\/schema.org\",\"@graph\":[{\"@type\":\"WebPage\",\"@id\":\"https:\/\/sonographycanada.ca\/fr\/membres\/video-library\/la-videotheque-de-la-generaliste\",\"url\":\"https:\/\/sonographycanada.ca\/fr\/membres\/video-library\/la-videotheque-de-la-generaliste\",\"name\":\"La vid\u00e9oth\u00e8que de la G\u00e9n\u00e9raliste - \u00c9chographie Canada\",\"isPartOf\":{\"@id\":\"https:\/\/sonographycanada.ca\/#website\"},\"datePublished\":\"2019-07-31T16:13:58+00:00\",\"dateModified\":\"2019-07-31T16:14:25+00:00\",\"breadcrumb\":{\"@id\":\"https:\/\/sonographycanada.ca\/fr\/membres\/video-library\/la-videotheque-de-la-generaliste#breadcrumb\"},\"inLanguage\":\"fr-FR\",\"potentialAction\":[{\"@type\":\"ReadAction\",\"target\":[\"https:\/\/sonographycanada.ca\/fr\/membres\/video-library\/la-videotheque-de-la-generaliste\"]}]},{\"@type\":\"BreadcrumbList\",\"@id\":\"https:\/\/sonographycanada.ca\/fr\/membres\/video-library\/la-videotheque-de-la-generaliste#breadcrumb\",\"itemListElement\":[{\"@type\":\"ListItem\",\"position\":1,\"name\":\"Accueil\",\"item\":\"https:\/\/sonographycanada.ca\/fr\"},{\"@type\":\"ListItem\",\"position\":2,\"name\":\"Membres\",\"item\":\"https:\/\/sonographycanada.ca\/fr\/membres\"},{\"@type\":\"ListItem\",\"position\":3,\"name\":\"Vid\u00e9oth\u00e8que\",\"item\":\"https:\/\/sonographycanada.ca\/fr\/membres\/video-library\"},{\"@type\":\"ListItem\",\"position\":4,\"name\":\"La vid\u00e9oth\u00e8que de la G\u00e9n\u00e9raliste\"}]},{\"@type\":\"WebSite\",\"@id\":\"https:\/\/sonographycanada.ca\/#website\",\"url\":\"https:\/\/sonographycanada.ca\/\",\"name\":\"\u00c9chographie Canada\",\"description\":\"La voix des \u00e9chographistes m\u00e9dicaux diagnostiques au Canada\",\"potentialAction\":[{\"@type\":\"SearchAction\",\"target\":{\"@type\":\"EntryPoint\",\"urlTemplate\":\"https:\/\/sonographycanada.ca\/?s={search_term_string}\"},\"query-input\":{\"@type\":\"PropertyValueSpecification\",\"valueRequired\":true,\"valueName\":\"search_term_string\"}}],\"inLanguage\":\"fr-FR\"}]}<\/script>\n<!-- \/ Yoast SEO plugin. -->","yoast_head_json":{"title":"La vid\u00e9oth\u00e8que de la G\u00e9n\u00e9raliste - \u00c9chographie Canada","robots":{"index":"index","follow":"follow","max-snippet":"max-snippet:-1","max-image-preview":"max-image-preview:large","max-video-preview":"max-video-preview:-1"},"canonical":"https:\/\/sonographycanada.ca\/fr\/membres\/video-library\/la-videotheque-de-la-generaliste","og_locale":"fr_FR","og_type":"article","og_title":"La vid\u00e9oth\u00e8que de la G\u00e9n\u00e9raliste - \u00c9chographie Canada","og_url":"https:\/\/sonographycanada.ca\/fr\/membres\/video-library\/la-videotheque-de-la-generaliste","og_site_name":"\u00c9chographie Canada","article_modified_time":"2019-07-31T16:14:25+00:00","twitter_card":"summary_large_image","schema":{"@context":"https:\/\/schema.org","@graph":[{"@type":"WebPage","@id":"https:\/\/sonographycanada.ca\/fr\/membres\/video-library\/la-videotheque-de-la-generaliste","url":"https:\/\/sonographycanada.ca\/fr\/membres\/video-library\/la-videotheque-de-la-generaliste","name":"La vid\u00e9oth\u00e8que de la G\u00e9n\u00e9raliste - \u00c9chographie Canada","isPartOf":{"@id":"https:\/\/sonographycanada.ca\/#website"},"datePublished":"2019-07-31T16:13:58+00:00","dateModified":"2019-07-31T16:14:25+00:00","breadcrumb":{"@id":"https:\/\/sonographycanada.ca\/fr\/membres\/video-library\/la-videotheque-de-la-generaliste#breadcrumb"},"inLanguage":"fr-FR","potentialAction":[{"@type":"ReadAction","target":["https:\/\/sonographycanada.ca\/fr\/membres\/video-library\/la-videotheque-de-la-generaliste"]}]},{"@type":"BreadcrumbList","@id":"https:\/\/sonographycanada.ca\/fr\/membres\/video-library\/la-videotheque-de-la-generaliste#breadcrumb","itemListElement":[{"@type":"ListItem","position":1,"name":"Accueil","item":"https:\/\/sonographycanada.ca\/fr"},{"@type":"ListItem","position":2,"name":"Membres","item":"https:\/\/sonographycanada.ca\/fr\/membres"},{"@type":"ListItem","position":3,"name":"Vid\u00e9oth\u00e8que","item":"https:\/\/sonographycanada.ca\/fr\/membres\/video-library"},{"@type":"ListItem","position":4,"name":"La vid\u00e9oth\u00e8que de la G\u00e9n\u00e9raliste"}]},{"@type":"WebSite","@id":"https:\/\/sonographycanada.ca\/#website","url":"https:\/\/sonographycanada.ca\/","name":"\u00c9chographie Canada","description":"La voix des \u00e9chographistes m\u00e9dicaux diagnostiques au Canada","potentialAction":[{"@type":"SearchAction","target":{"@type":"EntryPoint","urlTemplate":"https:\/\/sonographycanada.ca\/?s={search_term_string}"},"query-input":{"@type":"PropertyValueSpecification","valueRequired":true,"valueName":"search_term_string"}}],"inLanguage":"fr-FR"}]}},"coauthors":[],"author_meta":{"author_link":"https:\/\/sonographycanada.ca\/fr\/author\/admin","display_name":"Kevin Andrews"},"relative_dates":{"created":"Publi\u00e9 7 years il y a","modified":"Mis \u00e0 jour 7 years il y a"},"absolute_dates":{"created":"Publi\u00e9 le juillet 31, 2019","modified":"Mise \u00e0 jour le juillet 31, 2019"},"absolute_dates_time":{"created":"Publi\u00e9 le juillet 31, 2019 4:13 pm","modified":"Mise \u00e0 jour le juillet 31, 2019 4:14 pm"},"featured_img_caption":"","featured_img":false,"series_order":"","_links":{"self":[{"href":"https:\/\/sonographycanada.ca\/fr\/wp-json\/wp\/v2\/pages\/5941"}],"collection":[{"href":"https:\/\/sonographycanada.ca\/fr\/wp-json\/wp\/v2\/pages"}],"about":[{"href":"https:\/\/sonographycanada.ca\/fr\/wp-json\/wp\/v2\/types\/page"}],"author":[{"embeddable":true,"href":"https:\/\/sonographycanada.ca\/fr\/wp-json\/wp\/v2\/users\/1"}],"replies":[{"embeddable":true,"href":"https:\/\/sonographycanada.ca\/fr\/wp-json\/wp\/v2\/comments?post=5941"}],"version-history":[{"count":3,"href":"https:\/\/sonographycanada.ca\/fr\/wp-json\/wp\/v2\/pages\/5941\/revisions"}],"predecessor-version":[{"id":5949,"href":"https:\/\/sonographycanada.ca\/fr\/wp-json\/wp\/v2\/pages\/5941\/revisions\/5949"}],"up":[{"embeddable":true,"href":"https:\/\/sonographycanada.ca\/fr\/wp-json\/wp\/v2\/pages\/1058"}],"wp:attachment":[{"href":"https:\/\/sonographycanada.ca\/fr\/wp-json\/wp\/v2\/media?parent=5941"}],"curies":[{"name":"wp","href":"https:\/\/api.w.org\/{rel}","templated":true}]}}