{"id":597,"date":"2019-02-28T21:12:40","date_gmt":"2019-02-28T21:12:40","guid":{"rendered":"http:\/\/sonographycanada.ca\/?page_id=597"},"modified":"2025-11-05T10:06:52","modified_gmt":"2025-11-05T15:06:52","slug":"rabais-membres","status":"publish","type":"page","link":"https:\/\/sonographycanada.ca\/fr\/membres\/rabais-membres","title":{"rendered":"Rabais offerts aux membres"},"content":{"rendered":"<div class=\"wp-block-media-text alignwide\" style=\"grid-template-columns:24% auto\"><figure class=\"wp-block-media-text__media\"><img loading=\"lazy\" decoding=\"async\" width=\"300\" height=\"200\" src=\"https:\/\/sonographycanada.ca\/app\/uploads\/2019\/06\/assurance_meloche_monnex_logo.jpg\" alt=\"\" class=\"wp-image-5115 size-full\"\/><\/figure><div class=\"wp-block-media-text__content\"><p class=\"has-normal-font-size\"><strong><a href=\"https:\/\/www.tdinsurance.com\/affinity\/sonography-echographie\">\u00c9conomisez davantage avec TD Assurance<\/a><\/strong> &#8211; Profitez de vos privil\u00e8ges de groupe et \u00e9conomisez davantage* lorsque vous combinez vos assurances habitation et automobile avec nous!<\/p><\/div><\/div><hr class=\"wp-block-separator has-css-opacity\"\/><div class=\"wp-block-media-text alignwide\" style=\"grid-template-columns:24% auto\"><figure class=\"wp-block-media-text__media\"><img loading=\"lazy\" decoding=\"async\" width=\"1024\" height=\"558\" src=\"https:\/\/sonographycanada.ca\/app\/uploads\/2022\/09\/GoodLife-Bien-\u00eatre-au-travail-1024x558.png\" alt=\"\" class=\"wp-image-155666 size-full\" srcset=\"https:\/\/sonographycanada.ca\/app\/uploads\/2022\/09\/GoodLife-Bien-\u00eatre-au-travail-1024x558.png 1024w, https:\/\/sonographycanada.ca\/app\/uploads\/2022\/09\/GoodLife-Bien-\u00eatre-au-travail-600x327.png 600w, https:\/\/sonographycanada.ca\/app\/uploads\/2022\/09\/GoodLife-Bien-\u00eatre-au-travail-300x163.png 300w, https:\/\/sonographycanada.ca\/app\/uploads\/2022\/09\/GoodLife-Bien-\u00eatre-au-travail-768x418.png 768w, https:\/\/sonographycanada.ca\/app\/uploads\/2022\/09\/GoodLife-Bien-\u00eatre-au-travail-1536x837.png 1536w, https:\/\/sonographycanada.ca\/app\/uploads\/2022\/09\/GoodLife-Bien-\u00eatre-au-travail-2048x1116.png 2048w, https:\/\/sonographycanada.ca\/app\/uploads\/2022\/09\/GoodLife-Bien-\u00eatre-au-travail-367x200.png 367w\" sizes=\"(max-width: 1024px) 100vw, 1024px\" \/><\/figure><div class=\"wp-block-media-text__content\"><p class=\"has-normal-font-size\"><strong><a href=\"https:\/\/sonographycanada.ca\/fr\/membres\/rabais-membres\/adhesion-goodlife-fitness\">Adh\u00e9sion d&#8217;entreprise GoodLife Fitness<\/a><\/strong> &#8211; \u00c9conomisez sur les tarifs d&#8217;adh\u00e9sion aux gymnases et profitez du programme de r\u00e9compenses Goodlife Fitness avec des \u00e9conomies suppl\u00e9mentaires et des offres sp\u00e9ciales de plus de 100 marques diff\u00e9rentes.<\/p><\/div><\/div><hr class=\"wp-block-separator has-css-opacity\"\/><div class=\"wp-block-media-text alignwide\" style=\"grid-template-columns:24% auto\"><figure class=\"wp-block-media-text__media\"><img loading=\"lazy\" decoding=\"async\" width=\"1024\" height=\"512\" src=\"https:\/\/sonographycanada.ca\/app\/uploads\/2022\/05\/scrubscanada-logo-2000-1024x512.png\" alt=\"\" class=\"wp-image-151756 size-full\" srcset=\"https:\/\/sonographycanada.ca\/app\/uploads\/2022\/05\/scrubscanada-logo-2000-1024x512.png 1024w, https:\/\/sonographycanada.ca\/app\/uploads\/2022\/05\/scrubscanada-logo-2000-600x300.png 600w, https:\/\/sonographycanada.ca\/app\/uploads\/2022\/05\/scrubscanada-logo-2000-300x150.png 300w, https:\/\/sonographycanada.ca\/app\/uploads\/2022\/05\/scrubscanada-logo-2000-768x384.png 768w, https:\/\/sonographycanada.ca\/app\/uploads\/2022\/05\/scrubscanada-logo-2000-1536x768.png 1536w, https:\/\/sonographycanada.ca\/app\/uploads\/2022\/05\/scrubscanada-logo-2000-390x195.png 390w, https:\/\/sonographycanada.ca\/app\/uploads\/2022\/05\/scrubscanada-logo-2000.png 2000w\" sizes=\"(max-width: 1024px) 100vw, 1024px\" \/><\/figure><div class=\"wp-block-media-text__content\"><p class=\"has-normal-font-size\">Les membres d&#8217;\u00c9chographie Canada b\u00e9n\u00e9ficient d&#8217;un rabais de 10 % sur toutes les commandes en ligne chez Scrubs Canada. Choisissez parmi une vari\u00e9t\u00e9 d&#8217;uniformes m\u00e9dicaux \u00e9l\u00e9gants et de chaussures de confort de qualit\u00e9 de Dansko. Votre code :  SONOCAN <\/p><\/div><\/div><hr class=\"wp-block-separator has-css-opacity\"\/><div class=\"wp-block-media-text alignwide\" style=\"grid-template-columns:24% auto\"><figure class=\"wp-block-media-text__media\"><img loading=\"lazy\" decoding=\"async\" width=\"789\" height=\"528\" src=\"https:\/\/sonographycanada.ca\/app\/uploads\/2021\/06\/MarksLogo.png\" alt=\"\" class=\"wp-image-131143 size-full\" srcset=\"https:\/\/sonographycanada.ca\/app\/uploads\/2021\/06\/MarksLogo.png 789w, https:\/\/sonographycanada.ca\/app\/uploads\/2021\/06\/MarksLogo-600x402.png 600w, https:\/\/sonographycanada.ca\/app\/uploads\/2021\/06\/MarksLogo-300x201.png 300w, https:\/\/sonographycanada.ca\/app\/uploads\/2021\/06\/MarksLogo-768x514.png 768w, https:\/\/sonographycanada.ca\/app\/uploads\/2021\/06\/MarksLogo-299x200.png 299w\" sizes=\"(max-width: 789px) 100vw, 789px\" \/><\/figure><div class=\"wp-block-media-text__content\"><p class=\"has-normal-font-size\">Carte d&#8217;escompte imprimable : \u00c9conomisez 10 % sur des articles de qualit\u00e9 chez Mark&#8217;s tout au long de l&#8217;ann\u00e9e &#8211; et surveillez les \u00e9v\u00e9nements d&#8217;\u00e9conomies exclusifs, juste pour vous!<\/p>\n\n<p><a href=\"https:\/\/sonographycanada.ca\/app\/uploads\/2025\/11\/Marks-commercial-Loyalty-Program-French-card.jpg\" target=\"_blank\" rel=\"noreferrer noopener\">Cliquez ici pour t\u00e9l\u00e9chargez la carte<\/a><\/p><\/div><\/div><hr class=\"wp-block-separator has-css-opacity\"\/><div class=\"wp-block-media-text alignwide\" style=\"grid-template-columns:24% auto\"><figure class=\"wp-block-media-text__media\"><img loading=\"lazy\" decoding=\"async\" width=\"389\" height=\"92\" src=\"https:\/\/sonographycanada.ca\/app\/uploads\/2022\/07\/header_logo.png\" alt=\"\" class=\"wp-image-154195 size-full\" srcset=\"https:\/\/sonographycanada.ca\/app\/uploads\/2022\/07\/header_logo.png 389w, https:\/\/sonographycanada.ca\/app\/uploads\/2022\/07\/header_logo-300x71.png 300w\" sizes=\"(max-width: 389px) 100vw, 389px\" \/><\/figure><div class=\"wp-block-media-text__content\"><p class=\"has-normal-font-size\">\u00c9chographie Canada s&#8217;est associ\u00e9 \u00e0 l&#8217;ACTRM pour offrir des occasions d&#8217;apprentissage uniques \u00e0 nos membres \u00e0 un prix sp\u00e9cial.  <a href=\"https:\/\/sonographycanada.ca\/fr\/membres\/rabais-membres\/collaboration-echographie-canada-actrm\">Cliquez ici<\/a> pour en apprendre davantage.<\/p><\/div><\/div>","protected":false},"excerpt":{"rendered":"<p>\u00c9conomisez davantage avec TD Assurance &#8211; Profitez de vos privil\u00e8ges de groupe et \u00e9conomisez davantage* lorsque vous combinez vos assurances habitation et automobile avec nous! Adh\u00e9sion d&#8217;entreprise GoodLife Fitness &#8211; \u00c9conomisez sur les tarifs d&#8217;adh\u00e9sion aux gymnases et profitez du programme de r\u00e9compenses Goodlife Fitness avec des \u00e9conomies suppl\u00e9mentaires et des offres sp\u00e9ciales de plus [&hellip;]<\/p>\n","protected":false},"author":1,"featured_media":0,"parent":569,"menu_order":7050,"comment_status":"closed","ping_status":"closed","template":"","meta":{"_acf_changed":false,"advgb_blocks_editor_width":"","advgb_blocks_columns_visual_guide":"","wicket_organization":"","_seat_count":"","_member_id":[],"_edit_last":"6718","_start_date":"","_end_date":"","footnotes":""},"class_list":["post-597","page","type-page","status-publish","hentry"],"acf":[],"yoast_head":"<!-- This site is optimized with the Yoast SEO plugin v23.5 - https:\/\/yoast.com\/wordpress\/plugins\/seo\/ -->\n<title>Rabais offerts aux membres - \u00c9chographie Canada<\/title>\n<meta name=\"robots\" content=\"index, follow, max-snippet:-1, max-image-preview:large, max-video-preview:-1\" \/>\n<link rel=\"canonical\" href=\"https:\/\/sonographycanada.ca\/fr\/membres\/rabais-membres\" \/>\n<meta property=\"og:locale\" content=\"fr_FR\" \/>\n<meta property=\"og:type\" content=\"article\" \/>\n<meta property=\"og:title\" content=\"Rabais offerts aux membres - \u00c9chographie Canada\" \/>\n<meta property=\"og:description\" content=\"\u00c9conomisez davantage avec TD Assurance &#8211; Profitez de vos privil\u00e8ges de groupe et \u00e9conomisez davantage* lorsque vous combinez vos assurances habitation et automobile avec nous! Adh\u00e9sion d&#8217;entreprise GoodLife Fitness &#8211; \u00c9conomisez sur les tarifs d&#8217;adh\u00e9sion aux gymnases et profitez du programme de r\u00e9compenses Goodlife Fitness avec des \u00e9conomies suppl\u00e9mentaires et des offres sp\u00e9ciales de plus [&hellip;]\" \/>\n<meta property=\"og:url\" content=\"https:\/\/sonographycanada.ca\/fr\/membres\/rabais-membres\" \/>\n<meta property=\"og:site_name\" content=\"\u00c9chographie Canada\" \/>\n<meta property=\"article:modified_time\" content=\"2025-11-05T15:06:52+00:00\" \/>\n<meta property=\"og:image\" content=\"https:\/\/sonographycanada.ca\/app\/uploads\/2019\/06\/assurance_meloche_monnex_logo.jpg\" \/>\n<meta name=\"twitter:card\" content=\"summary_large_image\" \/>\n<meta name=\"twitter:label1\" content=\"Est. reading time\" \/>\n\t<meta name=\"twitter:data1\" content=\"2 minutes\" \/>\n<script type=\"application\/ld+json\" class=\"yoast-schema-graph\">{\"@context\":\"https:\/\/schema.org\",\"@graph\":[{\"@type\":\"WebPage\",\"@id\":\"https:\/\/sonographycanada.ca\/fr\/membres\/rabais-membres\",\"url\":\"https:\/\/sonographycanada.ca\/fr\/membres\/rabais-membres\",\"name\":\"Rabais offerts aux membres - \u00c9chographie Canada\",\"isPartOf\":{\"@id\":\"https:\/\/sonographycanada.ca\/#website\"},\"primaryImageOfPage\":{\"@id\":\"https:\/\/sonographycanada.ca\/fr\/membres\/rabais-membres#primaryimage\"},\"image\":{\"@id\":\"https:\/\/sonographycanada.ca\/fr\/membres\/rabais-membres#primaryimage\"},\"thumbnailUrl\":\"https:\/\/sonographycanada.ca\/app\/uploads\/2019\/06\/assurance_meloche_monnex_logo.jpg\",\"datePublished\":\"2019-02-28T21:12:40+00:00\",\"dateModified\":\"2025-11-05T15:06:52+00:00\",\"breadcrumb\":{\"@id\":\"https:\/\/sonographycanada.ca\/fr\/membres\/rabais-membres#breadcrumb\"},\"inLanguage\":\"fr-FR\",\"potentialAction\":[{\"@type\":\"ReadAction\",\"target\":[\"https:\/\/sonographycanada.ca\/fr\/membres\/rabais-membres\"]}]},{\"@type\":\"ImageObject\",\"inLanguage\":\"fr-FR\",\"@id\":\"https:\/\/sonographycanada.ca\/fr\/membres\/rabais-membres#primaryimage\",\"url\":\"https:\/\/sonographycanada.ca\/app\/uploads\/2019\/06\/assurance_meloche_monnex_logo.jpg\",\"contentUrl\":\"https:\/\/sonographycanada.ca\/app\/uploads\/2019\/06\/assurance_meloche_monnex_logo.jpg\"},{\"@type\":\"BreadcrumbList\",\"@id\":\"https:\/\/sonographycanada.ca\/fr\/membres\/rabais-membres#breadcrumb\",\"itemListElement\":[{\"@type\":\"ListItem\",\"position\":1,\"name\":\"Accueil\",\"item\":\"https:\/\/sonographycanada.ca\/fr\"},{\"@type\":\"ListItem\",\"position\":2,\"name\":\"Membres\",\"item\":\"https:\/\/sonographycanada.ca\/fr\/membres\"},{\"@type\":\"ListItem\",\"position\":3,\"name\":\"Rabais offerts aux membres\"}]},{\"@type\":\"WebSite\",\"@id\":\"https:\/\/sonographycanada.ca\/#website\",\"url\":\"https:\/\/sonographycanada.ca\/\",\"name\":\"\u00c9chographie Canada\",\"description\":\"La voix des \u00e9chographistes m\u00e9dicaux diagnostiques au Canada\",\"potentialAction\":[{\"@type\":\"SearchAction\",\"target\":{\"@type\":\"EntryPoint\",\"urlTemplate\":\"https:\/\/sonographycanada.ca\/?s={search_term_string}\"},\"query-input\":{\"@type\":\"PropertyValueSpecification\",\"valueRequired\":true,\"valueName\":\"search_term_string\"}}],\"inLanguage\":\"fr-FR\"}]}<\/script>\n<!-- \/ Yoast SEO plugin. -->","yoast_head_json":{"title":"Rabais offerts aux membres - \u00c9chographie Canada","robots":{"index":"index","follow":"follow","max-snippet":"max-snippet:-1","max-image-preview":"max-image-preview:large","max-video-preview":"max-video-preview:-1"},"canonical":"https:\/\/sonographycanada.ca\/fr\/membres\/rabais-membres","og_locale":"fr_FR","og_type":"article","og_title":"Rabais offerts aux membres - \u00c9chographie Canada","og_description":"\u00c9conomisez davantage avec TD Assurance &#8211; Profitez de vos privil\u00e8ges de groupe et \u00e9conomisez davantage* lorsque vous combinez vos assurances habitation et automobile avec nous! Adh\u00e9sion d&#8217;entreprise GoodLife Fitness &#8211; \u00c9conomisez sur les tarifs d&#8217;adh\u00e9sion aux gymnases et profitez du programme de r\u00e9compenses Goodlife Fitness avec des \u00e9conomies suppl\u00e9mentaires et des offres sp\u00e9ciales de plus [&hellip;]","og_url":"https:\/\/sonographycanada.ca\/fr\/membres\/rabais-membres","og_site_name":"\u00c9chographie Canada","article_modified_time":"2025-11-05T15:06:52+00:00","og_image":[{"url":"https:\/\/sonographycanada.ca\/app\/uploads\/2019\/06\/assurance_meloche_monnex_logo.jpg"}],"twitter_card":"summary_large_image","twitter_misc":{"Est. reading time":"2 minutes"},"schema":{"@context":"https:\/\/schema.org","@graph":[{"@type":"WebPage","@id":"https:\/\/sonographycanada.ca\/fr\/membres\/rabais-membres","url":"https:\/\/sonographycanada.ca\/fr\/membres\/rabais-membres","name":"Rabais offerts aux membres - \u00c9chographie Canada","isPartOf":{"@id":"https:\/\/sonographycanada.ca\/#website"},"primaryImageOfPage":{"@id":"https:\/\/sonographycanada.ca\/fr\/membres\/rabais-membres#primaryimage"},"image":{"@id":"https:\/\/sonographycanada.ca\/fr\/membres\/rabais-membres#primaryimage"},"thumbnailUrl":"https:\/\/sonographycanada.ca\/app\/uploads\/2019\/06\/assurance_meloche_monnex_logo.jpg","datePublished":"2019-02-28T21:12:40+00:00","dateModified":"2025-11-05T15:06:52+00:00","breadcrumb":{"@id":"https:\/\/sonographycanada.ca\/fr\/membres\/rabais-membres#breadcrumb"},"inLanguage":"fr-FR","potentialAction":[{"@type":"ReadAction","target":["https:\/\/sonographycanada.ca\/fr\/membres\/rabais-membres"]}]},{"@type":"ImageObject","inLanguage":"fr-FR","@id":"https:\/\/sonographycanada.ca\/fr\/membres\/rabais-membres#primaryimage","url":"https:\/\/sonographycanada.ca\/app\/uploads\/2019\/06\/assurance_meloche_monnex_logo.jpg","contentUrl":"https:\/\/sonographycanada.ca\/app\/uploads\/2019\/06\/assurance_meloche_monnex_logo.jpg"},{"@type":"BreadcrumbList","@id":"https:\/\/sonographycanada.ca\/fr\/membres\/rabais-membres#breadcrumb","itemListElement":[{"@type":"ListItem","position":1,"name":"Accueil","item":"https:\/\/sonographycanada.ca\/fr"},{"@type":"ListItem","position":2,"name":"Membres","item":"https:\/\/sonographycanada.ca\/fr\/membres"},{"@type":"ListItem","position":3,"name":"Rabais offerts aux membres"}]},{"@type":"WebSite","@id":"https:\/\/sonographycanada.ca\/#website","url":"https:\/\/sonographycanada.ca\/","name":"\u00c9chographie Canada","description":"La voix des \u00e9chographistes m\u00e9dicaux diagnostiques au Canada","potentialAction":[{"@type":"SearchAction","target":{"@type":"EntryPoint","urlTemplate":"https:\/\/sonographycanada.ca\/?s={search_term_string}"},"query-input":{"@type":"PropertyValueSpecification","valueRequired":true,"valueName":"search_term_string"}}],"inLanguage":"fr-FR"}]}},"coauthors":[],"author_meta":{"author_link":"https:\/\/sonographycanada.ca\/fr\/author\/admin","display_name":"Kevin Andrews"},"relative_dates":{"created":"Publi\u00e9 7 years il y a","modified":"Mis \u00e0 jour 6 months il y a"},"absolute_dates":{"created":"Publi\u00e9 le f\u00e9vrier 28, 2019","modified":"Mise \u00e0 jour le novembre 5, 2025"},"absolute_dates_time":{"created":"Publi\u00e9 le f\u00e9vrier 28, 2019 9:12 pm","modified":"Mise \u00e0 jour le novembre 5, 2025 10:06 am"},"featured_img_caption":"","featured_img":false,"series_order":"","_links":{"self":[{"href":"https:\/\/sonographycanada.ca\/fr\/wp-json\/wp\/v2\/pages\/597"}],"collection":[{"href":"https:\/\/sonographycanada.ca\/fr\/wp-json\/wp\/v2\/pages"}],"about":[{"href":"https:\/\/sonographycanada.ca\/fr\/wp-json\/wp\/v2\/types\/page"}],"author":[{"embeddable":true,"href":"https:\/\/sonographycanada.ca\/fr\/wp-json\/wp\/v2\/users\/1"}],"replies":[{"embeddable":true,"href":"https:\/\/sonographycanada.ca\/fr\/wp-json\/wp\/v2\/comments?post=597"}],"version-history":[{"count":14,"href":"https:\/\/sonographycanada.ca\/fr\/wp-json\/wp\/v2\/pages\/597\/revisions"}],"predecessor-version":[{"id":298402,"href":"https:\/\/sonographycanada.ca\/fr\/wp-json\/wp\/v2\/pages\/597\/revisions\/298402"}],"up":[{"embeddable":true,"href":"https:\/\/sonographycanada.ca\/fr\/wp-json\/wp\/v2\/pages\/569"}],"wp:attachment":[{"href":"https:\/\/sonographycanada.ca\/fr\/wp-json\/wp\/v2\/media?parent=597"}],"curies":[{"name":"wp","href":"https:\/\/api.w.org\/{rel}","templated":true}]}}