{"id":600,"date":"2019-02-28T21:13:48","date_gmt":"2019-02-28T21:13:48","guid":{"rendered":"http:\/\/sonographycanada.ca\/?page_id=600"},"modified":"2019-10-30T20:36:46","modified_gmt":"2019-10-30T20:36:46","slug":"assurances-habitation-auto-td","status":"publish","type":"page","link":"https:\/\/sonographycanada.ca\/fr\/membres\/rabais-membres\/assurances-habitation-auto-td","title":{"rendered":"Assurances habitation et auto TD"},"content":{"rendered":"<figure class=\"wp-block-image\"><img loading=\"lazy\" decoding=\"async\" width=\"228\" height=\"98\" src=\"https:\/\/sonographycanada.ca\/app\/uploads\/2019\/03\/ContentImage45389_1033_o-2.gif\" alt=\"\" class=\"wp-image-1109\"\/><\/figure><h4 class=\"wp-block-heading\"><strong>\u00c9conomisez davantage avec TD Assurance<\/strong><\/h4><p>\u00c9chographie Canada a conclu une entente avec TD Assurance. \u00catre membre d&#8217;\u00c9chographie Canada a ses avantages. Profitez-en pleinement en vous pr\u00e9valant d\u2019un acc\u00e8s privil\u00e9gi\u00e9 au programme TD Assurance Meloche Monnex et aux \u00e9conomies que procurent ses tarifs d\u2019assurance pr\u00e9f\u00e9rentiels. Des conseillers comp\u00e9tents seront toujours l\u00e0 pour vous aider, pr\u00eats \u00e0 vous fournir le service exceptionnel que vous m\u00e9ritez.<br><br><strong>Faire partie d&#8217;un groupe a ses avantages. Profitez-en! Vous pourriez \u00e9conomiser 415$* ou plus en nous confi ant \u00e0 la fois vos assurances habitation et auto.<\/strong><br><br>Nous servons des milliers de professionnels comme vous depuis maintenant 65 ans. Nous serions heureux de vous compter parmi nos nombreux clients satisfaits.<br><br><a href=\"http:\/\/www.melochemonnex.com\/fr\/group\/sonography-echographie?campaignid=PONMETEXT155232\" target=\"_blank\" rel=\"noreferrer noopener\" aria-label=\" (opens in a new tab)\">Cliquez ici pour en savoir plus et pour voir combien vous pourriez \u00e9conomiser.<\/a><\/p>","protected":false},"excerpt":{"rendered":"<p>\u00c9conomisez davantage avec TD Assurance \u00c9chographie Canada a conclu une entente avec TD Assurance. \u00catre membre d&#8217;\u00c9chographie Canada a ses avantages. Profitez-en pleinement en vous pr\u00e9valant d\u2019un acc\u00e8s privil\u00e9gi\u00e9 au programme TD Assurance Meloche Monnex et aux \u00e9conomies que procurent ses tarifs d\u2019assurance pr\u00e9f\u00e9rentiels. Des conseillers comp\u00e9tents seront toujours l\u00e0 pour vous aider, pr\u00eats \u00e0 [&hellip;]<\/p>\n","protected":false},"author":1,"featured_media":0,"parent":597,"menu_order":705020,"comment_status":"closed","ping_status":"closed","template":"","meta":{"_acf_changed":false,"advgb_blocks_editor_width":"","advgb_blocks_columns_visual_guide":"","wicket_organization":"","_seat_count":"","_member_id":[],"_edit_last":"99","_start_date":"","_end_date":"","footnotes":""},"class_list":["post-600","page","type-page","status-publish","hentry"],"acf":[],"yoast_head":"<!-- This site is optimized with the Yoast SEO plugin v23.5 - https:\/\/yoast.com\/wordpress\/plugins\/seo\/ -->\n<title>Assurances habitation et auto TD - \u00c9chographie Canada<\/title>\n<meta name=\"robots\" content=\"index, follow, max-snippet:-1, max-image-preview:large, max-video-preview:-1\" \/>\n<link rel=\"canonical\" href=\"https:\/\/sonographycanada.ca\/fr\/membres\/rabais-membres\/assurances-habitation-auto-td\" \/>\n<meta property=\"og:locale\" content=\"fr_FR\" \/>\n<meta property=\"og:type\" content=\"article\" \/>\n<meta property=\"og:title\" content=\"Assurances habitation et auto TD - \u00c9chographie Canada\" \/>\n<meta property=\"og:description\" content=\"\u00c9conomisez davantage avec TD Assurance \u00c9chographie Canada a conclu une entente avec TD Assurance. \u00catre membre d&#8217;\u00c9chographie Canada a ses avantages. Profitez-en pleinement en vous pr\u00e9valant d\u2019un acc\u00e8s privil\u00e9gi\u00e9 au programme TD Assurance Meloche Monnex et aux \u00e9conomies que procurent ses tarifs d\u2019assurance pr\u00e9f\u00e9rentiels. Des conseillers comp\u00e9tents seront toujours l\u00e0 pour vous aider, pr\u00eats \u00e0 [&hellip;]\" \/>\n<meta property=\"og:url\" content=\"https:\/\/sonographycanada.ca\/fr\/membres\/rabais-membres\/assurances-habitation-auto-td\" \/>\n<meta property=\"og:site_name\" content=\"\u00c9chographie Canada\" \/>\n<meta property=\"article:modified_time\" content=\"2019-10-30T20:36:46+00:00\" \/>\n<meta property=\"og:image\" content=\"https:\/\/sonographycanada.ca\/app\/uploads\/2019\/03\/ContentImage45389_1033_o-2.gif\" \/>\n<meta name=\"twitter:card\" content=\"summary_large_image\" \/>\n<meta name=\"twitter:label1\" content=\"Est. reading time\" \/>\n\t<meta name=\"twitter:data1\" content=\"1 minute\" \/>\n<script type=\"application\/ld+json\" class=\"yoast-schema-graph\">{\"@context\":\"https:\/\/schema.org\",\"@graph\":[{\"@type\":\"WebPage\",\"@id\":\"https:\/\/sonographycanada.ca\/fr\/membres\/rabais-membres\/assurances-habitation-auto-td\",\"url\":\"https:\/\/sonographycanada.ca\/fr\/membres\/rabais-membres\/assurances-habitation-auto-td\",\"name\":\"Assurances habitation et auto TD - \u00c9chographie Canada\",\"isPartOf\":{\"@id\":\"https:\/\/sonographycanada.ca\/#website\"},\"primaryImageOfPage\":{\"@id\":\"https:\/\/sonographycanada.ca\/fr\/membres\/rabais-membres\/assurances-habitation-auto-td#primaryimage\"},\"image\":{\"@id\":\"https:\/\/sonographycanada.ca\/fr\/membres\/rabais-membres\/assurances-habitation-auto-td#primaryimage\"},\"thumbnailUrl\":\"https:\/\/sonographycanada.ca\/app\/uploads\/2019\/03\/ContentImage45389_1033_o-2.gif\",\"datePublished\":\"2019-02-28T21:13:48+00:00\",\"dateModified\":\"2019-10-30T20:36:46+00:00\",\"breadcrumb\":{\"@id\":\"https:\/\/sonographycanada.ca\/fr\/membres\/rabais-membres\/assurances-habitation-auto-td#breadcrumb\"},\"inLanguage\":\"fr-FR\",\"potentialAction\":[{\"@type\":\"ReadAction\",\"target\":[\"https:\/\/sonographycanada.ca\/fr\/membres\/rabais-membres\/assurances-habitation-auto-td\"]}]},{\"@type\":\"ImageObject\",\"inLanguage\":\"fr-FR\",\"@id\":\"https:\/\/sonographycanada.ca\/fr\/membres\/rabais-membres\/assurances-habitation-auto-td#primaryimage\",\"url\":\"https:\/\/sonographycanada.ca\/app\/uploads\/2019\/03\/ContentImage45389_1033_o-2.gif\",\"contentUrl\":\"https:\/\/sonographycanada.ca\/app\/uploads\/2019\/03\/ContentImage45389_1033_o-2.gif\"},{\"@type\":\"BreadcrumbList\",\"@id\":\"https:\/\/sonographycanada.ca\/fr\/membres\/rabais-membres\/assurances-habitation-auto-td#breadcrumb\",\"itemListElement\":[{\"@type\":\"ListItem\",\"position\":1,\"name\":\"Accueil\",\"item\":\"https:\/\/sonographycanada.ca\/fr\"},{\"@type\":\"ListItem\",\"position\":2,\"name\":\"Membres\",\"item\":\"https:\/\/sonographycanada.ca\/fr\/membres\"},{\"@type\":\"ListItem\",\"position\":3,\"name\":\"Rabais offerts aux membres\",\"item\":\"https:\/\/sonographycanada.ca\/fr\/membres\/rabais-membres\"},{\"@type\":\"ListItem\",\"position\":4,\"name\":\"Assurances habitation et auto TD\"}]},{\"@type\":\"WebSite\",\"@id\":\"https:\/\/sonographycanada.ca\/#website\",\"url\":\"https:\/\/sonographycanada.ca\/\",\"name\":\"\u00c9chographie Canada\",\"description\":\"La voix des \u00e9chographistes m\u00e9dicaux diagnostiques au Canada\",\"potentialAction\":[{\"@type\":\"SearchAction\",\"target\":{\"@type\":\"EntryPoint\",\"urlTemplate\":\"https:\/\/sonographycanada.ca\/?s={search_term_string}\"},\"query-input\":{\"@type\":\"PropertyValueSpecification\",\"valueRequired\":true,\"valueName\":\"search_term_string\"}}],\"inLanguage\":\"fr-FR\"}]}<\/script>\n<!-- \/ Yoast SEO plugin. -->","yoast_head_json":{"title":"Assurances habitation et auto TD - \u00c9chographie Canada","robots":{"index":"index","follow":"follow","max-snippet":"max-snippet:-1","max-image-preview":"max-image-preview:large","max-video-preview":"max-video-preview:-1"},"canonical":"https:\/\/sonographycanada.ca\/fr\/membres\/rabais-membres\/assurances-habitation-auto-td","og_locale":"fr_FR","og_type":"article","og_title":"Assurances habitation et auto TD - \u00c9chographie Canada","og_description":"\u00c9conomisez davantage avec TD Assurance \u00c9chographie Canada a conclu une entente avec TD Assurance. \u00catre membre d&#8217;\u00c9chographie Canada a ses avantages. Profitez-en pleinement en vous pr\u00e9valant d\u2019un acc\u00e8s privil\u00e9gi\u00e9 au programme TD Assurance Meloche Monnex et aux \u00e9conomies que procurent ses tarifs d\u2019assurance pr\u00e9f\u00e9rentiels. Des conseillers comp\u00e9tents seront toujours l\u00e0 pour vous aider, pr\u00eats \u00e0 [&hellip;]","og_url":"https:\/\/sonographycanada.ca\/fr\/membres\/rabais-membres\/assurances-habitation-auto-td","og_site_name":"\u00c9chographie Canada","article_modified_time":"2019-10-30T20:36:46+00:00","og_image":[{"url":"https:\/\/sonographycanada.ca\/app\/uploads\/2019\/03\/ContentImage45389_1033_o-2.gif"}],"twitter_card":"summary_large_image","twitter_misc":{"Est. reading time":"1 minute"},"schema":{"@context":"https:\/\/schema.org","@graph":[{"@type":"WebPage","@id":"https:\/\/sonographycanada.ca\/fr\/membres\/rabais-membres\/assurances-habitation-auto-td","url":"https:\/\/sonographycanada.ca\/fr\/membres\/rabais-membres\/assurances-habitation-auto-td","name":"Assurances habitation et auto TD - \u00c9chographie Canada","isPartOf":{"@id":"https:\/\/sonographycanada.ca\/#website"},"primaryImageOfPage":{"@id":"https:\/\/sonographycanada.ca\/fr\/membres\/rabais-membres\/assurances-habitation-auto-td#primaryimage"},"image":{"@id":"https:\/\/sonographycanada.ca\/fr\/membres\/rabais-membres\/assurances-habitation-auto-td#primaryimage"},"thumbnailUrl":"https:\/\/sonographycanada.ca\/app\/uploads\/2019\/03\/ContentImage45389_1033_o-2.gif","datePublished":"2019-02-28T21:13:48+00:00","dateModified":"2019-10-30T20:36:46+00:00","breadcrumb":{"@id":"https:\/\/sonographycanada.ca\/fr\/membres\/rabais-membres\/assurances-habitation-auto-td#breadcrumb"},"inLanguage":"fr-FR","potentialAction":[{"@type":"ReadAction","target":["https:\/\/sonographycanada.ca\/fr\/membres\/rabais-membres\/assurances-habitation-auto-td"]}]},{"@type":"ImageObject","inLanguage":"fr-FR","@id":"https:\/\/sonographycanada.ca\/fr\/membres\/rabais-membres\/assurances-habitation-auto-td#primaryimage","url":"https:\/\/sonographycanada.ca\/app\/uploads\/2019\/03\/ContentImage45389_1033_o-2.gif","contentUrl":"https:\/\/sonographycanada.ca\/app\/uploads\/2019\/03\/ContentImage45389_1033_o-2.gif"},{"@type":"BreadcrumbList","@id":"https:\/\/sonographycanada.ca\/fr\/membres\/rabais-membres\/assurances-habitation-auto-td#breadcrumb","itemListElement":[{"@type":"ListItem","position":1,"name":"Accueil","item":"https:\/\/sonographycanada.ca\/fr"},{"@type":"ListItem","position":2,"name":"Membres","item":"https:\/\/sonographycanada.ca\/fr\/membres"},{"@type":"ListItem","position":3,"name":"Rabais offerts aux membres","item":"https:\/\/sonographycanada.ca\/fr\/membres\/rabais-membres"},{"@type":"ListItem","position":4,"name":"Assurances habitation et auto TD"}]},{"@type":"WebSite","@id":"https:\/\/sonographycanada.ca\/#website","url":"https:\/\/sonographycanada.ca\/","name":"\u00c9chographie Canada","description":"La voix des \u00e9chographistes m\u00e9dicaux diagnostiques au Canada","potentialAction":[{"@type":"SearchAction","target":{"@type":"EntryPoint","urlTemplate":"https:\/\/sonographycanada.ca\/?s={search_term_string}"},"query-input":{"@type":"PropertyValueSpecification","valueRequired":true,"valueName":"search_term_string"}}],"inLanguage":"fr-FR"}]}},"coauthors":[],"author_meta":{"author_link":"https:\/\/sonographycanada.ca\/fr\/author\/admin","display_name":"Kevin Andrews"},"relative_dates":{"created":"Publi\u00e9 7 years il y a","modified":"Mis \u00e0 jour 6 years il y a"},"absolute_dates":{"created":"Publi\u00e9 le f\u00e9vrier 28, 2019","modified":"Mise \u00e0 jour le octobre 30, 2019"},"absolute_dates_time":{"created":"Publi\u00e9 le f\u00e9vrier 28, 2019 9:13 pm","modified":"Mise \u00e0 jour le octobre 30, 2019 8:36 pm"},"featured_img_caption":"","featured_img":false,"series_order":"","_links":{"self":[{"href":"https:\/\/sonographycanada.ca\/fr\/wp-json\/wp\/v2\/pages\/600"}],"collection":[{"href":"https:\/\/sonographycanada.ca\/fr\/wp-json\/wp\/v2\/pages"}],"about":[{"href":"https:\/\/sonographycanada.ca\/fr\/wp-json\/wp\/v2\/types\/page"}],"author":[{"embeddable":true,"href":"https:\/\/sonographycanada.ca\/fr\/wp-json\/wp\/v2\/users\/1"}],"replies":[{"embeddable":true,"href":"https:\/\/sonographycanada.ca\/fr\/wp-json\/wp\/v2\/comments?post=600"}],"version-history":[{"count":4,"href":"https:\/\/sonographycanada.ca\/fr\/wp-json\/wp\/v2\/pages\/600\/revisions"}],"predecessor-version":[{"id":1617,"href":"https:\/\/sonographycanada.ca\/fr\/wp-json\/wp\/v2\/pages\/600\/revisions\/1617"}],"up":[{"embeddable":true,"href":"https:\/\/sonographycanada.ca\/fr\/wp-json\/wp\/v2\/pages\/597"}],"wp:attachment":[{"href":"https:\/\/sonographycanada.ca\/fr\/wp-json\/wp\/v2\/media?parent=600"}],"curies":[{"name":"wp","href":"https:\/\/api.w.org\/{rel}","templated":true}]}}