{"id":604,"date":"2019-10-25T20:26:29","date_gmt":"2019-10-25T20:26:29","guid":{"rendered":"http:\/\/sonographycanada.ca\/?page_id=604"},"modified":"2019-10-30T20:35:59","modified_gmt":"2019-10-30T20:35:59","slug":"adhesion-goodlife-fitness","status":"publish","type":"page","link":"https:\/\/sonographycanada.ca\/fr\/membres\/rabais-membres\/adhesion-goodlife-fitness","title":{"rendered":"Adh\u00e9sion Goodlife Fitness"},"content":{"rendered":"<p>\u00c9chographie Canada a investi dans votre sant\u00e9 et votre bien-\u00eatre<\/p><figure class=\"wp-block-image\"><img loading=\"lazy\" decoding=\"async\" width=\"241\" height=\"117\" src=\"https:\/\/sonographycanada.ca\/app\/uploads\/2019\/10\/Goodlife-image-FR.jpg\" alt=\"\" class=\"wp-image-7346\"\/><\/figure><h3 class=\"wp-block-heading\">Concours des membres corporatifs d&#8217;automne!<\/h3><p>Tous les nouveaux membres qui se joignent au programme d&#8217;adh\u00e9sion d&#8217;\u00c9chographie Canada seront inscrits pour gagner l&#8217;un des cinq T\u00e9l\u00e9viseurs LG de 50 po (valeur approximative de 799 $ chacun). Il y a 5 chances de gagner !  Pour plus d&#8217;informations cliquez sur <a rel=\"noreferrer noopener\" aria-label=\"contest flyer (opens in a new tab)\" href=\"https:\/\/sonographycanada.ca\/app\/uploads\/2019\/10\/GoodLife-WW-LGTV_ContestFlyer_CERT_FRE.pdf\" target=\"_blank\">contest flyer<\/a><\/p><p>Pour vous abonner au programme corporatif de GoodLife Mise-enforme,<br> il vous suffit de vous rendre au:<br><a rel=\"noreferrer noopener\" aria-label=\" https:\/\/corporate.goodlifefitness.com (opens in a new tab)\" href=\"https:\/\/corporate.goodlifefitness.com\" target=\"_blank\"> https:\/\/corporate.goodlifefitness.com<\/a><\/p><ul class=\"wp-block-list\"><li>Profitez de rabais importants sur le prix courant d\u2019un abonnement chez GoodLife Mise-en-forme, et acc\u00e9dez \u00e0:<\/li><li>Plus de 250 clubs GoodLife Mise-en-forme partout au Canada et 30 centres \u00c9nergie Cardio au Qu\u00e9bec<\/li><li>Jusqu\u2019\u00e0 4 membres de votre famille peuvent aussi profiter du tarif corporatif<\/li><li>\u00c9quipement cardiovasculaire \u00e0 la fine pointe de la technologie<\/li><li>Tous les poids libres et appareils de musculation<\/li><li>Cours en groupe de renomm\u00e9e mondiale<\/li><li>Personnel certifi\u00e9 pour vous aider \u00e0 atteindre vos objectifs<\/li><li>Service de serviettes (l\u00e0 o\u00f9 le service est offert, sauf Energie Cardio)<\/li><li>Halte-garderie (co\u00fbts additionnels)<\/li><li>Vous recherchez une \u00e9valuation de votre condition physique ou de votre sant\u00e9? Renseignez-vous \u00e0 propos de notre forfait \u00ab LifeChanger \u00bb<\/li><li>Acc\u00e8s au Programme Avantages des membres GoodLife Mise-en-Forme \u2013 \u00c9conomies et offres sp\u00e9ciales sur plus de 100 marques populaires<\/li><\/ul><p>Pour une liste compl\u00e8te de nos clubs et des services qui y sont offerts : <a rel=\"noreferrer noopener\" aria-label=\"http:\/\/www.goodlifefitness.com (opens in a new tab)\" href=\"http:\/\/www.goodlifefitness.com\" target=\"_blank\">http:\/\/www.goodlifefitness.com<\/a> <br><a href=\"https:\/\/www.energiecardio.com\/fr\" target=\"_blank\" rel=\"noreferrer noopener\" aria-label=\"https:\/\/www.energiecardio.com\/fr (opens in a new tab)\">https:\/\/www.energiecardio.com\/fr<\/a><\/p>","protected":false},"excerpt":{"rendered":"<p>\u00c9chographie Canada a investi dans votre sant\u00e9 et votre bien-\u00eatre Concours des membres corporatifs d&#8217;automne! Tous les nouveaux membres qui se joignent au programme d&#8217;adh\u00e9sion d&#8217;\u00c9chographie Canada seront inscrits pour gagner l&#8217;un des cinq T\u00e9l\u00e9viseurs LG de 50 po (valeur approximative de 799 $ chacun). Il y a 5 chances de gagner ! Pour plus [&hellip;]<\/p>\n","protected":false},"author":1,"featured_media":7503,"parent":597,"menu_order":705030,"comment_status":"closed","ping_status":"closed","template":"","meta":{"_acf_changed":false,"advgb_blocks_editor_width":"","advgb_blocks_columns_visual_guide":"","wicket_organization":"","_seat_count":"","_member_id":[],"_edit_last":"99","_start_date":"","_end_date":"","footnotes":""},"class_list":["post-604","page","type-page","status-publish","has-post-thumbnail","hentry"],"acf":[],"yoast_head":"<!-- This site is optimized with the Yoast SEO plugin v23.5 - https:\/\/yoast.com\/wordpress\/plugins\/seo\/ -->\n<title>Adh\u00e9sion Goodlife Fitness - \u00c9chographie Canada<\/title>\n<meta name=\"robots\" content=\"index, follow, max-snippet:-1, max-image-preview:large, max-video-preview:-1\" \/>\n<link rel=\"canonical\" href=\"https:\/\/sonographycanada.ca\/fr\/membres\/rabais-membres\/adhesion-goodlife-fitness\" \/>\n<meta property=\"og:locale\" content=\"fr_FR\" \/>\n<meta property=\"og:type\" content=\"article\" \/>\n<meta property=\"og:title\" content=\"Adh\u00e9sion Goodlife Fitness - \u00c9chographie Canada\" \/>\n<meta property=\"og:description\" content=\"\u00c9chographie Canada a investi dans votre sant\u00e9 et votre bien-\u00eatre Concours des membres corporatifs d&#8217;automne! Tous les nouveaux membres qui se joignent au programme d&#8217;adh\u00e9sion d&#8217;\u00c9chographie Canada seront inscrits pour gagner l&#8217;un des cinq T\u00e9l\u00e9viseurs LG de 50 po (valeur approximative de 799 $ chacun). Il y a 5 chances de gagner ! Pour plus [&hellip;]\" \/>\n<meta property=\"og:url\" content=\"https:\/\/sonographycanada.ca\/fr\/membres\/rabais-membres\/adhesion-goodlife-fitness\" \/>\n<meta property=\"og:site_name\" content=\"\u00c9chographie Canada\" \/>\n<meta property=\"article:modified_time\" content=\"2019-10-30T20:35:59+00:00\" \/>\n<meta property=\"og:image\" content=\"https:\/\/sonographycanada.ca\/app\/uploads\/2019\/10\/GoodLife-bien-\u00eatre-au-travail-Concours-website-home-page-2.png\" \/>\n\t<meta property=\"og:image:width\" content=\"390\" \/>\n\t<meta property=\"og:image:height\" content=\"172\" \/>\n\t<meta property=\"og:image:type\" content=\"image\/png\" \/>\n<meta name=\"twitter:card\" content=\"summary_large_image\" \/>\n<meta name=\"twitter:label1\" content=\"Est. reading time\" \/>\n\t<meta name=\"twitter:data1\" content=\"1 minute\" \/>\n<script type=\"application\/ld+json\" class=\"yoast-schema-graph\">{\"@context\":\"https:\/\/schema.org\",\"@graph\":[{\"@type\":\"WebPage\",\"@id\":\"https:\/\/sonographycanada.ca\/fr\/membres\/rabais-membres\/adhesion-goodlife-fitness\",\"url\":\"https:\/\/sonographycanada.ca\/fr\/membres\/rabais-membres\/adhesion-goodlife-fitness\",\"name\":\"Adh\u00e9sion Goodlife Fitness - \u00c9chographie Canada\",\"isPartOf\":{\"@id\":\"https:\/\/sonographycanada.ca\/#website\"},\"primaryImageOfPage\":{\"@id\":\"https:\/\/sonographycanada.ca\/fr\/membres\/rabais-membres\/adhesion-goodlife-fitness#primaryimage\"},\"image\":{\"@id\":\"https:\/\/sonographycanada.ca\/fr\/membres\/rabais-membres\/adhesion-goodlife-fitness#primaryimage\"},\"thumbnailUrl\":\"https:\/\/sonographycanada.ca\/app\/uploads\/2019\/10\/GoodLife-bien-\u00eatre-au-travail-Concours-website-home-page-2.png\",\"datePublished\":\"2019-10-25T20:26:29+00:00\",\"dateModified\":\"2019-10-30T20:35:59+00:00\",\"breadcrumb\":{\"@id\":\"https:\/\/sonographycanada.ca\/fr\/membres\/rabais-membres\/adhesion-goodlife-fitness#breadcrumb\"},\"inLanguage\":\"fr-FR\",\"potentialAction\":[{\"@type\":\"ReadAction\",\"target\":[\"https:\/\/sonographycanada.ca\/fr\/membres\/rabais-membres\/adhesion-goodlife-fitness\"]}]},{\"@type\":\"ImageObject\",\"inLanguage\":\"fr-FR\",\"@id\":\"https:\/\/sonographycanada.ca\/fr\/membres\/rabais-membres\/adhesion-goodlife-fitness#primaryimage\",\"url\":\"https:\/\/sonographycanada.ca\/app\/uploads\/2019\/10\/GoodLife-bien-\u00eatre-au-travail-Concours-website-home-page-2.png\",\"contentUrl\":\"https:\/\/sonographycanada.ca\/app\/uploads\/2019\/10\/GoodLife-bien-\u00eatre-au-travail-Concours-website-home-page-2.png\",\"width\":390,\"height\":172},{\"@type\":\"BreadcrumbList\",\"@id\":\"https:\/\/sonographycanada.ca\/fr\/membres\/rabais-membres\/adhesion-goodlife-fitness#breadcrumb\",\"itemListElement\":[{\"@type\":\"ListItem\",\"position\":1,\"name\":\"Accueil\",\"item\":\"https:\/\/sonographycanada.ca\/fr\"},{\"@type\":\"ListItem\",\"position\":2,\"name\":\"Membres\",\"item\":\"https:\/\/sonographycanada.ca\/fr\/membres\"},{\"@type\":\"ListItem\",\"position\":3,\"name\":\"Rabais offerts aux membres\",\"item\":\"https:\/\/sonographycanada.ca\/fr\/membres\/rabais-membres\"},{\"@type\":\"ListItem\",\"position\":4,\"name\":\"Adh\u00e9sion Goodlife Fitness\"}]},{\"@type\":\"WebSite\",\"@id\":\"https:\/\/sonographycanada.ca\/#website\",\"url\":\"https:\/\/sonographycanada.ca\/\",\"name\":\"\u00c9chographie Canada\",\"description\":\"La voix des \u00e9chographistes m\u00e9dicaux diagnostiques au Canada\",\"potentialAction\":[{\"@type\":\"SearchAction\",\"target\":{\"@type\":\"EntryPoint\",\"urlTemplate\":\"https:\/\/sonographycanada.ca\/?s={search_term_string}\"},\"query-input\":{\"@type\":\"PropertyValueSpecification\",\"valueRequired\":true,\"valueName\":\"search_term_string\"}}],\"inLanguage\":\"fr-FR\"}]}<\/script>\n<!-- \/ Yoast SEO plugin. -->","yoast_head_json":{"title":"Adh\u00e9sion Goodlife Fitness - \u00c9chographie Canada","robots":{"index":"index","follow":"follow","max-snippet":"max-snippet:-1","max-image-preview":"max-image-preview:large","max-video-preview":"max-video-preview:-1"},"canonical":"https:\/\/sonographycanada.ca\/fr\/membres\/rabais-membres\/adhesion-goodlife-fitness","og_locale":"fr_FR","og_type":"article","og_title":"Adh\u00e9sion Goodlife Fitness - \u00c9chographie Canada","og_description":"\u00c9chographie Canada a investi dans votre sant\u00e9 et votre bien-\u00eatre Concours des membres corporatifs d&#8217;automne! Tous les nouveaux membres qui se joignent au programme d&#8217;adh\u00e9sion d&#8217;\u00c9chographie Canada seront inscrits pour gagner l&#8217;un des cinq T\u00e9l\u00e9viseurs LG de 50 po (valeur approximative de 799 $ chacun). Il y a 5 chances de gagner ! Pour plus [&hellip;]","og_url":"https:\/\/sonographycanada.ca\/fr\/membres\/rabais-membres\/adhesion-goodlife-fitness","og_site_name":"\u00c9chographie Canada","article_modified_time":"2019-10-30T20:35:59+00:00","og_image":[{"width":390,"height":172,"url":"https:\/\/sonographycanada.ca\/app\/uploads\/2019\/10\/GoodLife-bien-\u00eatre-au-travail-Concours-website-home-page-2.png","type":"image\/png"}],"twitter_card":"summary_large_image","twitter_misc":{"Est. reading time":"1 minute"},"schema":{"@context":"https:\/\/schema.org","@graph":[{"@type":"WebPage","@id":"https:\/\/sonographycanada.ca\/fr\/membres\/rabais-membres\/adhesion-goodlife-fitness","url":"https:\/\/sonographycanada.ca\/fr\/membres\/rabais-membres\/adhesion-goodlife-fitness","name":"Adh\u00e9sion Goodlife Fitness - \u00c9chographie Canada","isPartOf":{"@id":"https:\/\/sonographycanada.ca\/#website"},"primaryImageOfPage":{"@id":"https:\/\/sonographycanada.ca\/fr\/membres\/rabais-membres\/adhesion-goodlife-fitness#primaryimage"},"image":{"@id":"https:\/\/sonographycanada.ca\/fr\/membres\/rabais-membres\/adhesion-goodlife-fitness#primaryimage"},"thumbnailUrl":"https:\/\/sonographycanada.ca\/app\/uploads\/2019\/10\/GoodLife-bien-\u00eatre-au-travail-Concours-website-home-page-2.png","datePublished":"2019-10-25T20:26:29+00:00","dateModified":"2019-10-30T20:35:59+00:00","breadcrumb":{"@id":"https:\/\/sonographycanada.ca\/fr\/membres\/rabais-membres\/adhesion-goodlife-fitness#breadcrumb"},"inLanguage":"fr-FR","potentialAction":[{"@type":"ReadAction","target":["https:\/\/sonographycanada.ca\/fr\/membres\/rabais-membres\/adhesion-goodlife-fitness"]}]},{"@type":"ImageObject","inLanguage":"fr-FR","@id":"https:\/\/sonographycanada.ca\/fr\/membres\/rabais-membres\/adhesion-goodlife-fitness#primaryimage","url":"https:\/\/sonographycanada.ca\/app\/uploads\/2019\/10\/GoodLife-bien-\u00eatre-au-travail-Concours-website-home-page-2.png","contentUrl":"https:\/\/sonographycanada.ca\/app\/uploads\/2019\/10\/GoodLife-bien-\u00eatre-au-travail-Concours-website-home-page-2.png","width":390,"height":172},{"@type":"BreadcrumbList","@id":"https:\/\/sonographycanada.ca\/fr\/membres\/rabais-membres\/adhesion-goodlife-fitness#breadcrumb","itemListElement":[{"@type":"ListItem","position":1,"name":"Accueil","item":"https:\/\/sonographycanada.ca\/fr"},{"@type":"ListItem","position":2,"name":"Membres","item":"https:\/\/sonographycanada.ca\/fr\/membres"},{"@type":"ListItem","position":3,"name":"Rabais offerts aux membres","item":"https:\/\/sonographycanada.ca\/fr\/membres\/rabais-membres"},{"@type":"ListItem","position":4,"name":"Adh\u00e9sion Goodlife Fitness"}]},{"@type":"WebSite","@id":"https:\/\/sonographycanada.ca\/#website","url":"https:\/\/sonographycanada.ca\/","name":"\u00c9chographie Canada","description":"La voix des \u00e9chographistes m\u00e9dicaux diagnostiques au Canada","potentialAction":[{"@type":"SearchAction","target":{"@type":"EntryPoint","urlTemplate":"https:\/\/sonographycanada.ca\/?s={search_term_string}"},"query-input":{"@type":"PropertyValueSpecification","valueRequired":true,"valueName":"search_term_string"}}],"inLanguage":"fr-FR"}]}},"coauthors":[],"author_meta":{"author_link":"https:\/\/sonographycanada.ca\/fr\/author\/admin","display_name":"Kevin Andrews"},"relative_dates":{"created":"Publi\u00e9 6 years il y a","modified":"Mis \u00e0 jour 6 years il y a"},"absolute_dates":{"created":"Publi\u00e9 le octobre 25, 2019","modified":"Mise \u00e0 jour le octobre 30, 2019"},"absolute_dates_time":{"created":"Publi\u00e9 le octobre 25, 2019 8:26 pm","modified":"Mise \u00e0 jour le octobre 30, 2019 8:35 pm"},"featured_img_caption":"","featured_img":"https:\/\/sonographycanada.ca\/app\/uploads\/2019\/10\/GoodLife-bien-\u00eatre-au-travail-Concours-website-home-page-2-390x172.png","series_order":"","_links":{"self":[{"href":"https:\/\/sonographycanada.ca\/fr\/wp-json\/wp\/v2\/pages\/604"}],"collection":[{"href":"https:\/\/sonographycanada.ca\/fr\/wp-json\/wp\/v2\/pages"}],"about":[{"href":"https:\/\/sonographycanada.ca\/fr\/wp-json\/wp\/v2\/types\/page"}],"author":[{"embeddable":true,"href":"https:\/\/sonographycanada.ca\/fr\/wp-json\/wp\/v2\/users\/1"}],"replies":[{"embeddable":true,"href":"https:\/\/sonographycanada.ca\/fr\/wp-json\/wp\/v2\/comments?post=604"}],"version-history":[{"count":2,"href":"https:\/\/sonographycanada.ca\/fr\/wp-json\/wp\/v2\/pages\/604\/revisions"}],"predecessor-version":[{"id":7501,"href":"https:\/\/sonographycanada.ca\/fr\/wp-json\/wp\/v2\/pages\/604\/revisions\/7501"}],"up":[{"embeddable":true,"href":"https:\/\/sonographycanada.ca\/fr\/wp-json\/wp\/v2\/pages\/597"}],"wp:featuredmedia":[{"embeddable":true,"href":"https:\/\/sonographycanada.ca\/fr\/wp-json\/wp\/v2\/media\/7503"}],"wp:attachment":[{"href":"https:\/\/sonographycanada.ca\/fr\/wp-json\/wp\/v2\/media?parent=604"}],"curies":[{"name":"wp","href":"https:\/\/api.w.org\/{rel}","templated":true}]}}