{"id":6324,"date":"2019-08-27T14:15:16","date_gmt":"2019-08-27T14:15:16","guid":{"rendered":"https:\/\/sonographycanada.ca\/?page_id=6324"},"modified":"2019-11-22T21:55:01","modified_gmt":"2019-11-22T16:55:01","slug":"rcem-quiz","status":"publish","type":"page","link":"https:\/\/sonographycanada.ca\/fr\/membres\/rcem-quiz","title":{"rendered":"RCEM quiz"},"content":{"rendered":"<p class=\"has-normal-font-size\"><strong>Les certificats d\u2019ach\u00e8vement enregistr\u00e9s automatiquement dans votre compte de membre (&lt;&lt;Mon compte>>) et peuvent \u00eatre t\u00e9l\u00e9charg\u00e9s \u00e0 partir de celui-ci.<\/strong><br><\/p><div id=\"ld-course-list-content-217996b5e341d73aa9304a746f742ba9\" class=\"ld-course-list-content\" data-shortcode-atts=\"{&quot;orderby&quot;:&quot;date&quot;,&quot;course_category_name&quot;:&quot;cjms-quiz&quot;}\">\n\t\t\t<div class=\"ld-course-list-items row\">\n\t\t<\/div>\n\t\t\t<\/div>\n\t\t","protected":false},"excerpt":{"rendered":"<p>Les certificats d\u2019ach\u00e8vement enregistr\u00e9s automatiquement dans votre compte de membre (&lt;&lt;Mon compte>>) et peuvent \u00eatre t\u00e9l\u00e9charg\u00e9s \u00e0 partir de celui-ci.<\/p>\n","protected":false},"author":99,"featured_media":0,"parent":569,"menu_order":99999,"comment_status":"closed","ping_status":"closed","template":"","meta":{"_acf_changed":false,"advgb_blocks_editor_width":"","advgb_blocks_columns_visual_guide":"","wicket_organization":"","_seat_count":"","_member_id":[],"_edit_last":"99","_start_date":"","_end_date":"","footnotes":""},"class_list":["post-6324","page","type-page","status-publish","hentry"],"acf":[],"yoast_head":"<!-- This site is optimized with the Yoast SEO plugin v23.5 - https:\/\/yoast.com\/wordpress\/plugins\/seo\/ -->\n<title>RCEM quiz - \u00c9chographie Canada<\/title>\n<meta name=\"robots\" content=\"index, follow, max-snippet:-1, max-image-preview:large, max-video-preview:-1\" \/>\n<link rel=\"canonical\" href=\"https:\/\/sonographycanada.ca\/fr\/membres\/rcem-quiz\" \/>\n<meta property=\"og:locale\" content=\"fr_FR\" \/>\n<meta property=\"og:type\" content=\"article\" \/>\n<meta property=\"og:title\" content=\"RCEM quiz - \u00c9chographie Canada\" \/>\n<meta property=\"og:description\" content=\"Les certificats d\u2019ach\u00e8vement enregistr\u00e9s automatiquement dans votre compte de membre (&lt;&lt;Mon compte&gt;&gt;) et peuvent \u00eatre t\u00e9l\u00e9charg\u00e9s \u00e0 partir de celui-ci.\" \/>\n<meta property=\"og:url\" content=\"https:\/\/sonographycanada.ca\/fr\/membres\/rcem-quiz\" \/>\n<meta property=\"og:site_name\" content=\"\u00c9chographie Canada\" \/>\n<meta property=\"article:modified_time\" content=\"2019-11-22T16:55:01+00:00\" \/>\n<meta name=\"twitter:card\" content=\"summary_large_image\" \/>\n<script type=\"application\/ld+json\" class=\"yoast-schema-graph\">{\"@context\":\"https:\/\/schema.org\",\"@graph\":[{\"@type\":\"WebPage\",\"@id\":\"https:\/\/sonographycanada.ca\/fr\/membres\/rcem-quiz\",\"url\":\"https:\/\/sonographycanada.ca\/fr\/membres\/rcem-quiz\",\"name\":\"RCEM quiz - \u00c9chographie Canada\",\"isPartOf\":{\"@id\":\"https:\/\/sonographycanada.ca\/#website\"},\"datePublished\":\"2019-08-27T14:15:16+00:00\",\"dateModified\":\"2019-11-22T16:55:01+00:00\",\"breadcrumb\":{\"@id\":\"https:\/\/sonographycanada.ca\/fr\/membres\/rcem-quiz#breadcrumb\"},\"inLanguage\":\"fr-FR\",\"potentialAction\":[{\"@type\":\"ReadAction\",\"target\":[\"https:\/\/sonographycanada.ca\/fr\/membres\/rcem-quiz\"]}]},{\"@type\":\"BreadcrumbList\",\"@id\":\"https:\/\/sonographycanada.ca\/fr\/membres\/rcem-quiz#breadcrumb\",\"itemListElement\":[{\"@type\":\"ListItem\",\"position\":1,\"name\":\"Accueil\",\"item\":\"https:\/\/sonographycanada.ca\/fr\"},{\"@type\":\"ListItem\",\"position\":2,\"name\":\"Membres\",\"item\":\"https:\/\/sonographycanada.ca\/fr\/membres\"},{\"@type\":\"ListItem\",\"position\":3,\"name\":\"RCEM quiz\"}]},{\"@type\":\"WebSite\",\"@id\":\"https:\/\/sonographycanada.ca\/#website\",\"url\":\"https:\/\/sonographycanada.ca\/\",\"name\":\"\u00c9chographie Canada\",\"description\":\"La voix des \u00e9chographistes m\u00e9dicaux diagnostiques au Canada\",\"potentialAction\":[{\"@type\":\"SearchAction\",\"target\":{\"@type\":\"EntryPoint\",\"urlTemplate\":\"https:\/\/sonographycanada.ca\/?s={search_term_string}\"},\"query-input\":{\"@type\":\"PropertyValueSpecification\",\"valueRequired\":true,\"valueName\":\"search_term_string\"}}],\"inLanguage\":\"fr-FR\"}]}<\/script>\n<!-- \/ Yoast SEO plugin. -->","yoast_head_json":{"title":"RCEM quiz - \u00c9chographie Canada","robots":{"index":"index","follow":"follow","max-snippet":"max-snippet:-1","max-image-preview":"max-image-preview:large","max-video-preview":"max-video-preview:-1"},"canonical":"https:\/\/sonographycanada.ca\/fr\/membres\/rcem-quiz","og_locale":"fr_FR","og_type":"article","og_title":"RCEM quiz - \u00c9chographie Canada","og_description":"Les certificats d\u2019ach\u00e8vement enregistr\u00e9s automatiquement dans votre compte de membre (&lt;&lt;Mon compte>>) et peuvent \u00eatre t\u00e9l\u00e9charg\u00e9s \u00e0 partir de celui-ci.","og_url":"https:\/\/sonographycanada.ca\/fr\/membres\/rcem-quiz","og_site_name":"\u00c9chographie Canada","article_modified_time":"2019-11-22T16:55:01+00:00","twitter_card":"summary_large_image","schema":{"@context":"https:\/\/schema.org","@graph":[{"@type":"WebPage","@id":"https:\/\/sonographycanada.ca\/fr\/membres\/rcem-quiz","url":"https:\/\/sonographycanada.ca\/fr\/membres\/rcem-quiz","name":"RCEM quiz - \u00c9chographie Canada","isPartOf":{"@id":"https:\/\/sonographycanada.ca\/#website"},"datePublished":"2019-08-27T14:15:16+00:00","dateModified":"2019-11-22T16:55:01+00:00","breadcrumb":{"@id":"https:\/\/sonographycanada.ca\/fr\/membres\/rcem-quiz#breadcrumb"},"inLanguage":"fr-FR","potentialAction":[{"@type":"ReadAction","target":["https:\/\/sonographycanada.ca\/fr\/membres\/rcem-quiz"]}]},{"@type":"BreadcrumbList","@id":"https:\/\/sonographycanada.ca\/fr\/membres\/rcem-quiz#breadcrumb","itemListElement":[{"@type":"ListItem","position":1,"name":"Accueil","item":"https:\/\/sonographycanada.ca\/fr"},{"@type":"ListItem","position":2,"name":"Membres","item":"https:\/\/sonographycanada.ca\/fr\/membres"},{"@type":"ListItem","position":3,"name":"RCEM quiz"}]},{"@type":"WebSite","@id":"https:\/\/sonographycanada.ca\/#website","url":"https:\/\/sonographycanada.ca\/","name":"\u00c9chographie Canada","description":"La voix des \u00e9chographistes m\u00e9dicaux diagnostiques au Canada","potentialAction":[{"@type":"SearchAction","target":{"@type":"EntryPoint","urlTemplate":"https:\/\/sonographycanada.ca\/?s={search_term_string}"},"query-input":{"@type":"PropertyValueSpecification","valueRequired":true,"valueName":"search_term_string"}}],"inLanguage":"fr-FR"}]}},"coauthors":[],"author_meta":{"author_link":"https:\/\/sonographycanada.ca\/fr\/author\/ce124cb3-74c2-4ca8-90e3-5f1af488d0df","display_name":"Beth Bresee"},"relative_dates":{"created":"Publi\u00e9 7 years il y a","modified":"Mis \u00e0 jour 6 years il y a"},"absolute_dates":{"created":"Publi\u00e9 le ao\u00fbt 27, 2019","modified":"Mise \u00e0 jour le novembre 22, 2019"},"absolute_dates_time":{"created":"Publi\u00e9 le ao\u00fbt 27, 2019 2:15 pm","modified":"Mise \u00e0 jour le novembre 22, 2019 9:55 pm"},"featured_img_caption":"","featured_img":false,"series_order":"","_links":{"self":[{"href":"https:\/\/sonographycanada.ca\/fr\/wp-json\/wp\/v2\/pages\/6324"}],"collection":[{"href":"https:\/\/sonographycanada.ca\/fr\/wp-json\/wp\/v2\/pages"}],"about":[{"href":"https:\/\/sonographycanada.ca\/fr\/wp-json\/wp\/v2\/types\/page"}],"author":[{"embeddable":true,"href":"https:\/\/sonographycanada.ca\/fr\/wp-json\/wp\/v2\/users\/99"}],"replies":[{"embeddable":true,"href":"https:\/\/sonographycanada.ca\/fr\/wp-json\/wp\/v2\/comments?post=6324"}],"version-history":[{"count":5,"href":"https:\/\/sonographycanada.ca\/fr\/wp-json\/wp\/v2\/pages\/6324\/revisions"}],"predecessor-version":[{"id":8793,"href":"https:\/\/sonographycanada.ca\/fr\/wp-json\/wp\/v2\/pages\/6324\/revisions\/8793"}],"up":[{"embeddable":true,"href":"https:\/\/sonographycanada.ca\/fr\/wp-json\/wp\/v2\/pages\/569"}],"wp:attachment":[{"href":"https:\/\/sonographycanada.ca\/fr\/wp-json\/wp\/v2\/media?parent=6324"}],"curies":[{"name":"wp","href":"https:\/\/api.w.org\/{rel}","templated":true}]}}