{"id":6545,"date":"2019-08-29T17:41:32","date_gmt":"2019-08-29T17:41:32","guid":{"rendered":"https:\/\/sonographycanada.ca\/?page_id=6545"},"modified":"2024-12-06T12:32:35","modified_gmt":"2024-12-06T17:32:35","slug":"laureats-de-2020","status":"publish","type":"page","link":"https:\/\/sonographycanada.ca\/fr\/laureats-de-2020","title":{"rendered":"Laur\u00e9ats de 2020"},"content":{"rendered":"<h3 class=\"wp-block-heading\">F\u00e9licitations aux r\u00e9cipiendaires des prix d&#8217;\u00c9chographie Canada en 2020!<\/h3><div class=\"wp-block-image\"><figure class=\"aligncenter size-large\"><a href=\"https:\/\/sonographycanada.ca\/app\/uploads\/2020\/06\/\u00c9dition-sp\u00e9ciale-Prix-2020-d\u00c9chographie-Canada.pdf\" target=\"_blank\" rel=\"noopener noreferrer\"><img decoding=\"async\" src=\"https:\/\/sonographycanada.ca\/app\/uploads\/2020\/06\/\u00c9dition-sp\u00e9ciale-Prix-2020-d\u00c9chographie-Canada_Page_01.jpg\" alt=\"\u00c9dition sp\u00e9ciale - Prix 2020 d'\u00c9chographie Canada\" class=\"wp-image-54676\"><\/a><\/figure><\/div><a target=\"_blank\" class=\"button button--primary text--centered\" href=\"https:\/\/sonographycanada.ca\/app\/uploads\/2020\/06\/\u00c9dition-sp\u00e9ciale-Prix-2020-d\u00c9chographie-Canada.pdf\" rel=\"noopener noreferrer\">T\u00e9l\u00e9chargez l&#8217;\u00e9dition sp\u00e9ciale SONOgramme<\/a>","protected":false},"excerpt":{"rendered":"<p>F\u00e9licitations aux r\u00e9cipiendaires des prix d&#8217;\u00c9chographie Canada en 2020! T\u00e9l\u00e9chargez l&#8217;\u00e9dition sp\u00e9ciale SONOgramme<\/p>\n","protected":false},"author":99,"featured_media":55974,"parent":0,"menu_order":74,"comment_status":"closed","ping_status":"closed","template":"","meta":{"_acf_changed":false,"advgb_blocks_editor_width":"","advgb_blocks_columns_visual_guide":"","wicket_organization":"","_seat_count":"","_member_id":[],"_edit_last":"6718","_start_date":"","_end_date":"","footnotes":""},"class_list":["post-6545","page","type-page","status-publish","has-post-thumbnail","hentry"],"acf":[],"yoast_head":"<!-- This site is optimized with the Yoast SEO plugin v23.5 - https:\/\/yoast.com\/wordpress\/plugins\/seo\/ -->\n<title>Laur\u00e9ats de 2020 - \u00c9chographie Canada<\/title>\n<meta name=\"robots\" content=\"index, follow, max-snippet:-1, max-image-preview:large, max-video-preview:-1\" \/>\n<link rel=\"canonical\" href=\"https:\/\/sonographycanada.ca\/award-recipients\" \/>\n<meta property=\"og:locale\" content=\"fr_FR\" \/>\n<meta property=\"og:type\" content=\"article\" \/>\n<meta property=\"og:title\" content=\"Laur\u00e9ats de 2020 - \u00c9chographie Canada\" \/>\n<meta property=\"og:description\" content=\"F\u00e9licitations aux r\u00e9cipiendaires des prix d&#8217;\u00c9chographie Canada en 2020! T\u00e9l\u00e9chargez l&#8217;\u00e9dition sp\u00e9ciale SONOgramme\" \/>\n<meta property=\"og:url\" content=\"https:\/\/sonographycanada.ca\/award-recipients\" \/>\n<meta property=\"og:site_name\" content=\"\u00c9chographie Canada\" \/>\n<meta property=\"article:modified_time\" content=\"2024-12-06T17:32:35+00:00\" \/>\n<meta property=\"og:image\" content=\"https:\/\/sonographycanada.ca\/app\/uploads\/2020\/07\/Laur\u00e9ats-2020-website.png\" \/>\n\t<meta property=\"og:image:width\" content=\"390\" \/>\n\t<meta property=\"og:image:height\" content=\"172\" \/>\n\t<meta property=\"og:image:type\" content=\"image\/png\" \/>\n<meta name=\"twitter:card\" content=\"summary_large_image\" \/>\n<script type=\"application\/ld+json\" class=\"yoast-schema-graph\">{\"@context\":\"https:\/\/schema.org\",\"@graph\":[{\"@type\":\"WebPage\",\"@id\":\"https:\/\/sonographycanada.ca\/award-recipients\",\"url\":\"https:\/\/sonographycanada.ca\/award-recipients\",\"name\":\"Laur\u00e9ats de 2020 - \u00c9chographie Canada\",\"isPartOf\":{\"@id\":\"https:\/\/sonographycanada.ca\/#website\"},\"primaryImageOfPage\":{\"@id\":\"https:\/\/sonographycanada.ca\/award-recipients#primaryimage\"},\"image\":{\"@id\":\"https:\/\/sonographycanada.ca\/award-recipients#primaryimage\"},\"thumbnailUrl\":\"https:\/\/sonographycanada.ca\/app\/uploads\/2020\/07\/Laur\u00e9ats-2020-website.png\",\"datePublished\":\"2019-08-29T17:41:32+00:00\",\"dateModified\":\"2024-12-06T17:32:35+00:00\",\"breadcrumb\":{\"@id\":\"https:\/\/sonographycanada.ca\/award-recipients#breadcrumb\"},\"inLanguage\":\"fr-FR\",\"potentialAction\":[{\"@type\":\"ReadAction\",\"target\":[\"https:\/\/sonographycanada.ca\/award-recipients\"]}]},{\"@type\":\"ImageObject\",\"inLanguage\":\"fr-FR\",\"@id\":\"https:\/\/sonographycanada.ca\/award-recipients#primaryimage\",\"url\":\"https:\/\/sonographycanada.ca\/app\/uploads\/2020\/07\/Laur\u00e9ats-2020-website.png\",\"contentUrl\":\"https:\/\/sonographycanada.ca\/app\/uploads\/2020\/07\/Laur\u00e9ats-2020-website.png\",\"width\":390,\"height\":172,\"caption\":\"Sonography Canada Laur\u00e9ats 2020\"},{\"@type\":\"BreadcrumbList\",\"@id\":\"https:\/\/sonographycanada.ca\/award-recipients#breadcrumb\",\"itemListElement\":[{\"@type\":\"ListItem\",\"position\":1,\"name\":\"Accueil\",\"item\":\"https:\/\/sonographycanada.ca\/fr\"},{\"@type\":\"ListItem\",\"position\":2,\"name\":\"Laur\u00e9ats de 2020\"}]},{\"@type\":\"WebSite\",\"@id\":\"https:\/\/sonographycanada.ca\/#website\",\"url\":\"https:\/\/sonographycanada.ca\/\",\"name\":\"\u00c9chographie Canada\",\"description\":\"La voix des \u00e9chographistes m\u00e9dicaux diagnostiques au Canada\",\"potentialAction\":[{\"@type\":\"SearchAction\",\"target\":{\"@type\":\"EntryPoint\",\"urlTemplate\":\"https:\/\/sonographycanada.ca\/?s={search_term_string}\"},\"query-input\":{\"@type\":\"PropertyValueSpecification\",\"valueRequired\":true,\"valueName\":\"search_term_string\"}}],\"inLanguage\":\"fr-FR\"}]}<\/script>\n<!-- \/ Yoast SEO plugin. -->","yoast_head_json":{"title":"Laur\u00e9ats de 2020 - \u00c9chographie Canada","robots":{"index":"index","follow":"follow","max-snippet":"max-snippet:-1","max-image-preview":"max-image-preview:large","max-video-preview":"max-video-preview:-1"},"canonical":"https:\/\/sonographycanada.ca\/award-recipients","og_locale":"fr_FR","og_type":"article","og_title":"Laur\u00e9ats de 2020 - \u00c9chographie Canada","og_description":"F\u00e9licitations aux r\u00e9cipiendaires des prix d&#8217;\u00c9chographie Canada en 2020! T\u00e9l\u00e9chargez l&#8217;\u00e9dition sp\u00e9ciale SONOgramme","og_url":"https:\/\/sonographycanada.ca\/award-recipients","og_site_name":"\u00c9chographie Canada","article_modified_time":"2024-12-06T17:32:35+00:00","og_image":[{"width":390,"height":172,"url":"https:\/\/sonographycanada.ca\/app\/uploads\/2020\/07\/Laur\u00e9ats-2020-website.png","type":"image\/png"}],"twitter_card":"summary_large_image","schema":{"@context":"https:\/\/schema.org","@graph":[{"@type":"WebPage","@id":"https:\/\/sonographycanada.ca\/award-recipients","url":"https:\/\/sonographycanada.ca\/award-recipients","name":"Laur\u00e9ats de 2020 - \u00c9chographie Canada","isPartOf":{"@id":"https:\/\/sonographycanada.ca\/#website"},"primaryImageOfPage":{"@id":"https:\/\/sonographycanada.ca\/award-recipients#primaryimage"},"image":{"@id":"https:\/\/sonographycanada.ca\/award-recipients#primaryimage"},"thumbnailUrl":"https:\/\/sonographycanada.ca\/app\/uploads\/2020\/07\/Laur\u00e9ats-2020-website.png","datePublished":"2019-08-29T17:41:32+00:00","dateModified":"2024-12-06T17:32:35+00:00","breadcrumb":{"@id":"https:\/\/sonographycanada.ca\/award-recipients#breadcrumb"},"inLanguage":"fr-FR","potentialAction":[{"@type":"ReadAction","target":["https:\/\/sonographycanada.ca\/award-recipients"]}]},{"@type":"ImageObject","inLanguage":"fr-FR","@id":"https:\/\/sonographycanada.ca\/award-recipients#primaryimage","url":"https:\/\/sonographycanada.ca\/app\/uploads\/2020\/07\/Laur\u00e9ats-2020-website.png","contentUrl":"https:\/\/sonographycanada.ca\/app\/uploads\/2020\/07\/Laur\u00e9ats-2020-website.png","width":390,"height":172,"caption":"Sonography Canada Laur\u00e9ats 2020"},{"@type":"BreadcrumbList","@id":"https:\/\/sonographycanada.ca\/award-recipients#breadcrumb","itemListElement":[{"@type":"ListItem","position":1,"name":"Accueil","item":"https:\/\/sonographycanada.ca\/fr"},{"@type":"ListItem","position":2,"name":"Laur\u00e9ats de 2020"}]},{"@type":"WebSite","@id":"https:\/\/sonographycanada.ca\/#website","url":"https:\/\/sonographycanada.ca\/","name":"\u00c9chographie Canada","description":"La voix des \u00e9chographistes m\u00e9dicaux diagnostiques au Canada","potentialAction":[{"@type":"SearchAction","target":{"@type":"EntryPoint","urlTemplate":"https:\/\/sonographycanada.ca\/?s={search_term_string}"},"query-input":{"@type":"PropertyValueSpecification","valueRequired":true,"valueName":"search_term_string"}}],"inLanguage":"fr-FR"}]}},"coauthors":[],"author_meta":{"author_link":"https:\/\/sonographycanada.ca\/fr\/author\/ce124cb3-74c2-4ca8-90e3-5f1af488d0df","display_name":"Beth Bresee"},"relative_dates":{"created":"Publi\u00e9 7 years il y a","modified":"Mis \u00e0 jour 1 year il y a"},"absolute_dates":{"created":"Publi\u00e9 le ao\u00fbt 29, 2019","modified":"Mise \u00e0 jour le d\u00e9cembre 6, 2024"},"absolute_dates_time":{"created":"Publi\u00e9 le ao\u00fbt 29, 2019 5:41 pm","modified":"Mise \u00e0 jour le d\u00e9cembre 6, 2024 12:32 pm"},"featured_img_caption":"","featured_img":"https:\/\/sonographycanada.ca\/app\/uploads\/2020\/07\/Laur\u00e9ats-2020-website.png","series_order":"","_links":{"self":[{"href":"https:\/\/sonographycanada.ca\/fr\/wp-json\/wp\/v2\/pages\/6545"}],"collection":[{"href":"https:\/\/sonographycanada.ca\/fr\/wp-json\/wp\/v2\/pages"}],"about":[{"href":"https:\/\/sonographycanada.ca\/fr\/wp-json\/wp\/v2\/types\/page"}],"author":[{"embeddable":true,"href":"https:\/\/sonographycanada.ca\/fr\/wp-json\/wp\/v2\/users\/99"}],"replies":[{"embeddable":true,"href":"https:\/\/sonographycanada.ca\/fr\/wp-json\/wp\/v2\/comments?post=6545"}],"version-history":[{"count":9,"href":"https:\/\/sonographycanada.ca\/fr\/wp-json\/wp\/v2\/pages\/6545\/revisions"}],"predecessor-version":[{"id":55272,"href":"https:\/\/sonographycanada.ca\/fr\/wp-json\/wp\/v2\/pages\/6545\/revisions\/55272"}],"wp:featuredmedia":[{"embeddable":true,"href":"https:\/\/sonographycanada.ca\/fr\/wp-json\/wp\/v2\/media\/55974"}],"wp:attachment":[{"href":"https:\/\/sonographycanada.ca\/fr\/wp-json\/wp\/v2\/media?parent=6545"}],"curies":[{"name":"wp","href":"https:\/\/api.w.org\/{rel}","templated":true}]}}