{"id":6576,"date":"2019-08-29T19:48:55","date_gmt":"2019-08-29T19:48:55","guid":{"rendered":"https:\/\/sonographycanada.ca\/?page_id=6576"},"modified":"2020-12-10T14:49:26","modified_gmt":"2020-12-10T14:49:26","slug":"prix-fellowship","status":"publish","type":"page","link":"https:\/\/sonographycanada.ca\/fr\/adhesion\/prix-et-bourses\/prix-fellowship","title":{"rendered":"Prix Fellowship"},"content":{"rendered":"<p>Le Prix Fellowship reconnait les r\u00e9alisations exceptionnelles d\u2019un membre actif qui a eu une incidence importante sur la profession et notre organisation. Ce membre a clairement d\u00e9montr\u00e9 les qualit\u00e9s personnelles et professionnelles qui l\u2019ont men\u00e9 \u00e0 contribuer de fa\u00e7on significative \u00e0 notre profession.&nbsp; Les r\u00e9alisations peuvent toucher \u00e0 l\u2019une ou plusieurs des cat\u00e9gories suivantes&nbsp;:<\/p><ul class=\"wp-block-list\"><li>\u00c9ducation<\/li><li>Service professionnel<\/li><li>Relations avec les patients<\/li><li>La d\u00e9fense des droits<\/li><li>Pr\u00e9ceptorat aupr\u00e8s des \u00e9tudiants<\/li><li>Pr\u00e9ceptorat en \u00e9chographie<\/li><li>Recherche<\/li><\/ul><h4 class=\"wp-block-heading\"><strong>Crit\u00e8res d\u2019admissibilit\u00e9<\/strong><\/h4><ul class=\"wp-block-list\"><li>Tout candidat doit \u00eatre un membre actif en r\u00e8gle de l\u2019association et d\u00e9tenir un titre de comp\u00e9tence d\u2019\u00c9chographie Canada au moment de sa mise en candidature et de sa nomination au statut de Fellow.<\/li><li>Tout candidat doit r\u00e9pondre aux normes et poss\u00e9der les comp\u00e9tences professionnelles associ\u00e9s au statut de Fellow.<\/li><li>Tout candidat doit se conformer aux exigences d\u2019adh\u00e9sion aupr\u00e8s d\u2019\u00c9chographie Canada au moment de la mise en candidature et de la nomination au statut de Fellow.<\/li><li>Tout candidat doit avoir un minimum de cinq (5) ann\u00e9es cons\u00e9cutives \u00e0 titre de membre actif en r\u00e8gle aupr\u00e8s d\u2019\u00c9chographie Canada au moment de la mise en candidature et de la nomination au statut de Fellow.  <\/li><\/ul><h4 class=\"wp-block-heading\"><strong>Processus de mise en candidature<\/strong><\/h4><ul class=\"wp-block-list\"><li>Veuillez compl\u00e9ter le <a href=\"https:\/\/sonographycanada.ca\/awards-nomination-application-form\">Formulaire de mise en candidature<\/a> (en anglais seulement \u00e0 l\u2019heure actuelle) <\/li><li>Toute mise en candidature doit provenir d\u2019un membre actif d\u2019\u00c9chographie Canada en r\u00e8gle.<\/li><li>Toute mise en candidature doit \u00eatre accompagn\u00e9e de deux (2) lettres de soutien provenant de deux autres membres actifs d\u2019\u00c9chographie Canada en r\u00e8gle.  <\/li><li>Les mises en candidature peuvent \u00eatre soumises en fran\u00e7ais ou en anglais.  <\/li><\/ul><h4 class=\"wp-block-heading\"><strong>Processus de s\u00e9lection<\/strong><\/h4><p>Le conseil d&#8217;administration d&#8217;\u00c9chographie Canada s\u00e9lectionne le laur\u00e9at pour ce prix.<\/p><h4 class=\"wp-block-heading\">\u00c9ch\u00e9anciers<\/h4><p><strong>Les mises en candidature doivent \u00eatre re\u00e7ues, au plus tard, le 15 f\u00e9vrier 2021.<\/strong><\/p><h4 class=\"wp-block-heading\">Prix<\/h4><ul class=\"wp-block-list\"><li>accueil au sein du Fellowship d&#8217;\u00c9chographie Canada<\/li><li>adh\u00e9sion \u00e0 vie aupr\u00e8s d&#8217;\u00c9chographie Canada (cela n&#8217;inclut pas l&#8217;ARP)<\/li><li>inscription \u00e0 la conf\u00e9rence annuelle<\/li><li>participation \u00e0 la c\u00e9r\u00e9monie de remise des prix. Les d\u00e9penses de voyage pour participer \u00e0 la c\u00e9r\u00e9monie seront couverts conform\u00e9ment \u00e0 la politique sur les voyages d&#8217;\u00c9chographie Canada, le cas \u00e9ch\u00e9ant.<\/li><li>un certificat de reconnaissance<\/li><\/ul><h4 class=\"wp-block-heading\">Questions<\/h4><p> Veuillez acheminer vos questions au sujet de ce prix \u00e0\u00a0<a rel=\"noreferrer noopener\" href=\"mailto:awards@sonographycanada.ca\" target=\"_blank\">awards@sonographycanada.ca<\/a>. <\/p>","protected":false},"excerpt":{"rendered":"<p>Le Prix Fellowship reconnait les r\u00e9alisations exceptionnelles d\u2019un membre actif qui a eu une incidence importante sur la profession et notre organisation. Ce membre a clairement d\u00e9montr\u00e9 les qualit\u00e9s personnelles et professionnelles qui l\u2019ont men\u00e9 \u00e0 contribuer de fa\u00e7on significative \u00e0 notre profession.&nbsp; Les r\u00e9alisations peuvent toucher \u00e0 l\u2019une ou plusieurs des cat\u00e9gories suivantes&nbsp;: \u00c9ducation [&hellip;]<\/p>\n","protected":false},"author":99,"featured_media":0,"parent":486,"menu_order":107020,"comment_status":"closed","ping_status":"closed","template":"","meta":{"_acf_changed":false,"advgb_blocks_editor_width":"","advgb_blocks_columns_visual_guide":"","wicket_organization":"","_seat_count":"","_member_id":[],"_edit_last":"1307","_start_date":"","_end_date":"","footnotes":""},"class_list":["post-6576","page","type-page","status-publish","hentry"],"acf":[],"yoast_head":"<!-- This site is optimized with the Yoast SEO plugin v23.5 - https:\/\/yoast.com\/wordpress\/plugins\/seo\/ -->\n<title>Prix Fellowship - \u00c9chographie Canada<\/title>\n<meta name=\"robots\" content=\"index, follow, max-snippet:-1, max-image-preview:large, max-video-preview:-1\" \/>\n<link rel=\"canonical\" href=\"https:\/\/sonographycanada.ca\/fr\/adhesion\/prix-et-bourses\/prix-fellowship\" \/>\n<meta property=\"og:locale\" content=\"fr_FR\" \/>\n<meta property=\"og:type\" content=\"article\" \/>\n<meta property=\"og:title\" content=\"Prix Fellowship - \u00c9chographie Canada\" \/>\n<meta property=\"og:description\" content=\"Le Prix Fellowship reconnait les r\u00e9alisations exceptionnelles d\u2019un membre actif qui a eu une incidence importante sur la profession et notre organisation. Ce membre a clairement d\u00e9montr\u00e9 les qualit\u00e9s personnelles et professionnelles qui l\u2019ont men\u00e9 \u00e0 contribuer de fa\u00e7on significative \u00e0 notre profession.&nbsp; Les r\u00e9alisations peuvent toucher \u00e0 l\u2019une ou plusieurs des cat\u00e9gories suivantes&nbsp;: \u00c9ducation [&hellip;]\" \/>\n<meta property=\"og:url\" content=\"https:\/\/sonographycanada.ca\/fr\/adhesion\/prix-et-bourses\/prix-fellowship\" \/>\n<meta property=\"og:site_name\" content=\"\u00c9chographie Canada\" \/>\n<meta property=\"article:modified_time\" content=\"2020-12-10T14:49:26+00:00\" \/>\n<meta name=\"twitter:card\" content=\"summary_large_image\" \/>\n<meta name=\"twitter:label1\" content=\"Est. reading time\" \/>\n\t<meta name=\"twitter:data1\" content=\"2 minutes\" \/>\n<script type=\"application\/ld+json\" class=\"yoast-schema-graph\">{\"@context\":\"https:\/\/schema.org\",\"@graph\":[{\"@type\":\"WebPage\",\"@id\":\"https:\/\/sonographycanada.ca\/fr\/adhesion\/prix-et-bourses\/prix-fellowship\",\"url\":\"https:\/\/sonographycanada.ca\/fr\/adhesion\/prix-et-bourses\/prix-fellowship\",\"name\":\"Prix Fellowship - \u00c9chographie Canada\",\"isPartOf\":{\"@id\":\"https:\/\/sonographycanada.ca\/#website\"},\"datePublished\":\"2019-08-29T19:48:55+00:00\",\"dateModified\":\"2020-12-10T14:49:26+00:00\",\"breadcrumb\":{\"@id\":\"https:\/\/sonographycanada.ca\/fr\/adhesion\/prix-et-bourses\/prix-fellowship#breadcrumb\"},\"inLanguage\":\"fr-FR\",\"potentialAction\":[{\"@type\":\"ReadAction\",\"target\":[\"https:\/\/sonographycanada.ca\/fr\/adhesion\/prix-et-bourses\/prix-fellowship\"]}]},{\"@type\":\"BreadcrumbList\",\"@id\":\"https:\/\/sonographycanada.ca\/fr\/adhesion\/prix-et-bourses\/prix-fellowship#breadcrumb\",\"itemListElement\":[{\"@type\":\"ListItem\",\"position\":1,\"name\":\"Accueil\",\"item\":\"https:\/\/sonographycanada.ca\/fr\"},{\"@type\":\"ListItem\",\"position\":2,\"name\":\"Adh\u00e9sion\",\"item\":\"https:\/\/sonographycanada.ca\/fr\/adhesion\"},{\"@type\":\"ListItem\",\"position\":3,\"name\":\"Prix et bourses\",\"item\":\"https:\/\/sonographycanada.ca\/fr\/adhesion\/prix-et-bourses\"},{\"@type\":\"ListItem\",\"position\":4,\"name\":\"Prix Fellowship\"}]},{\"@type\":\"WebSite\",\"@id\":\"https:\/\/sonographycanada.ca\/#website\",\"url\":\"https:\/\/sonographycanada.ca\/\",\"name\":\"\u00c9chographie Canada\",\"description\":\"La voix des \u00e9chographistes m\u00e9dicaux diagnostiques au Canada\",\"potentialAction\":[{\"@type\":\"SearchAction\",\"target\":{\"@type\":\"EntryPoint\",\"urlTemplate\":\"https:\/\/sonographycanada.ca\/?s={search_term_string}\"},\"query-input\":{\"@type\":\"PropertyValueSpecification\",\"valueRequired\":true,\"valueName\":\"search_term_string\"}}],\"inLanguage\":\"fr-FR\"}]}<\/script>\n<!-- \/ Yoast SEO plugin. -->","yoast_head_json":{"title":"Prix Fellowship - \u00c9chographie Canada","robots":{"index":"index","follow":"follow","max-snippet":"max-snippet:-1","max-image-preview":"max-image-preview:large","max-video-preview":"max-video-preview:-1"},"canonical":"https:\/\/sonographycanada.ca\/fr\/adhesion\/prix-et-bourses\/prix-fellowship","og_locale":"fr_FR","og_type":"article","og_title":"Prix Fellowship - \u00c9chographie Canada","og_description":"Le Prix Fellowship reconnait les r\u00e9alisations exceptionnelles d\u2019un membre actif qui a eu une incidence importante sur la profession et notre organisation. Ce membre a clairement d\u00e9montr\u00e9 les qualit\u00e9s personnelles et professionnelles qui l\u2019ont men\u00e9 \u00e0 contribuer de fa\u00e7on significative \u00e0 notre profession.&nbsp; Les r\u00e9alisations peuvent toucher \u00e0 l\u2019une ou plusieurs des cat\u00e9gories suivantes&nbsp;: \u00c9ducation [&hellip;]","og_url":"https:\/\/sonographycanada.ca\/fr\/adhesion\/prix-et-bourses\/prix-fellowship","og_site_name":"\u00c9chographie Canada","article_modified_time":"2020-12-10T14:49:26+00:00","twitter_card":"summary_large_image","twitter_misc":{"Est. reading time":"2 minutes"},"schema":{"@context":"https:\/\/schema.org","@graph":[{"@type":"WebPage","@id":"https:\/\/sonographycanada.ca\/fr\/adhesion\/prix-et-bourses\/prix-fellowship","url":"https:\/\/sonographycanada.ca\/fr\/adhesion\/prix-et-bourses\/prix-fellowship","name":"Prix Fellowship - \u00c9chographie Canada","isPartOf":{"@id":"https:\/\/sonographycanada.ca\/#website"},"datePublished":"2019-08-29T19:48:55+00:00","dateModified":"2020-12-10T14:49:26+00:00","breadcrumb":{"@id":"https:\/\/sonographycanada.ca\/fr\/adhesion\/prix-et-bourses\/prix-fellowship#breadcrumb"},"inLanguage":"fr-FR","potentialAction":[{"@type":"ReadAction","target":["https:\/\/sonographycanada.ca\/fr\/adhesion\/prix-et-bourses\/prix-fellowship"]}]},{"@type":"BreadcrumbList","@id":"https:\/\/sonographycanada.ca\/fr\/adhesion\/prix-et-bourses\/prix-fellowship#breadcrumb","itemListElement":[{"@type":"ListItem","position":1,"name":"Accueil","item":"https:\/\/sonographycanada.ca\/fr"},{"@type":"ListItem","position":2,"name":"Adh\u00e9sion","item":"https:\/\/sonographycanada.ca\/fr\/adhesion"},{"@type":"ListItem","position":3,"name":"Prix et bourses","item":"https:\/\/sonographycanada.ca\/fr\/adhesion\/prix-et-bourses"},{"@type":"ListItem","position":4,"name":"Prix Fellowship"}]},{"@type":"WebSite","@id":"https:\/\/sonographycanada.ca\/#website","url":"https:\/\/sonographycanada.ca\/","name":"\u00c9chographie Canada","description":"La voix des \u00e9chographistes m\u00e9dicaux diagnostiques au Canada","potentialAction":[{"@type":"SearchAction","target":{"@type":"EntryPoint","urlTemplate":"https:\/\/sonographycanada.ca\/?s={search_term_string}"},"query-input":{"@type":"PropertyValueSpecification","valueRequired":true,"valueName":"search_term_string"}}],"inLanguage":"fr-FR"}]}},"coauthors":[],"author_meta":{"author_link":"https:\/\/sonographycanada.ca\/fr\/author\/ce124cb3-74c2-4ca8-90e3-5f1af488d0df","display_name":"Beth Bresee"},"relative_dates":{"created":"Publi\u00e9 7 years il y a","modified":"Mis \u00e0 jour 5 years il y a"},"absolute_dates":{"created":"Publi\u00e9 le ao\u00fbt 29, 2019","modified":"Mise \u00e0 jour le d\u00e9cembre 10, 2020"},"absolute_dates_time":{"created":"Publi\u00e9 le ao\u00fbt 29, 2019 7:48 pm","modified":"Mise \u00e0 jour le d\u00e9cembre 10, 2020 2:49 pm"},"featured_img_caption":"","featured_img":false,"series_order":"","_links":{"self":[{"href":"https:\/\/sonographycanada.ca\/fr\/wp-json\/wp\/v2\/pages\/6576"}],"collection":[{"href":"https:\/\/sonographycanada.ca\/fr\/wp-json\/wp\/v2\/pages"}],"about":[{"href":"https:\/\/sonographycanada.ca\/fr\/wp-json\/wp\/v2\/types\/page"}],"author":[{"embeddable":true,"href":"https:\/\/sonographycanada.ca\/fr\/wp-json\/wp\/v2\/users\/99"}],"replies":[{"embeddable":true,"href":"https:\/\/sonographycanada.ca\/fr\/wp-json\/wp\/v2\/comments?post=6576"}],"version-history":[{"count":9,"href":"https:\/\/sonographycanada.ca\/fr\/wp-json\/wp\/v2\/pages\/6576\/revisions"}],"predecessor-version":[{"id":117857,"href":"https:\/\/sonographycanada.ca\/fr\/wp-json\/wp\/v2\/pages\/6576\/revisions\/117857"}],"up":[{"embeddable":true,"href":"https:\/\/sonographycanada.ca\/fr\/wp-json\/wp\/v2\/pages\/486"}],"wp:attachment":[{"href":"https:\/\/sonographycanada.ca\/fr\/wp-json\/wp\/v2\/media?parent=6576"}],"curies":[{"name":"wp","href":"https:\/\/api.w.org\/{rel}","templated":true}]}}