{"id":6579,"date":"2019-08-29T20:00:27","date_gmt":"2019-08-29T20:00:27","guid":{"rendered":"https:\/\/sonographycanada.ca\/?page_id=6579"},"modified":"2020-12-10T14:48:06","modified_gmt":"2020-12-10T14:48:06","slug":"prix-de-reussite-professionnelle-precoce","status":"publish","type":"page","link":"https:\/\/sonographycanada.ca\/fr\/adhesion\/prix-et-bourses\/prix-de-reussite-professionnelle-precoce","title":{"rendered":"Prix de r\u00e9ussite professionnelle pr\u00e9coce"},"content":{"rendered":"<p>Ce prix c\u00e9l\u00e8bre des \u00e9chographistes juniors exceptionnels qui se distinguent en d\u00e9but de carri\u00e8re par le leadership qu\u2019ils d\u00e9montrent, le d\u00e9sir de parfaire leurs connaissances et leurs comp\u00e9tences, et leur participation active au sein de la profession.<\/p><p>Il existe une p\u00e9riode de transition importante entre le statut d\u2019\u00e9tudiant en \u00e9chographie et celui d\u2019un \u00e9chographiste chevronn\u00e9. L\u2019objectif de ce prix est de souligner les r\u00e9alisations et contributions d\u2019\u00e9chographistes juniors pendant cette p\u00e9riode de transition. En accentuant leurs r\u00e9alisations, nous souhaitons inspirer d\u2019autres \u00e9tudiants et \u00e9chographistes \u00e0 participer davantage \u00e0 l\u2019am\u00e9lioration de notre profession.<\/p><p class=\"has-medium-font-size\"><strong>Admissibilit\u00e9 et crit\u00e8res de s\u00e9lection<\/strong><\/p><ul class=\"wp-block-list\"><li>Tout candidat doit \u00eatre un membre actif en r\u00e8gle d&#8217;\u00c9chographie Canada.<\/li><li>Les candidats doivent d\u00e9tenir un\/des titre(s) de comp\u00e9tence d\u2019\u00c9chographie Canada pendant cinq (5) ou moins au moment de la date limite pour les mises en candidature.<\/li><li>Tout candidat doit avoir surpasser les attentes en mati\u00e8re de contributions \u00e0 la profession en fonction du nombre d\u2019ann\u00e9es de service.<\/li><li>Veuillez consulter le <a rel=\"noreferrer noopener\" href=\"https:\/\/sonographycanada.ca\/app\/uploads\/2019\/03\/Early-Professional-Achievement-Award-Rubric.pdf\" target=\"_blank\">formulaire d\u2019\u00e9valuation<\/a> (en anglais seulement \u00e0 l\u2019heure actuelle) afin de vous familiariser avec les param\u00e8tres en fonction desquels les laur\u00e9ats seront s\u00e9lectionn\u00e9s. <\/li><\/ul><p class=\"has-medium-font-size\"><strong>Processus de mise en candidature<\/strong><\/p><ul class=\"wp-block-list\"><li>Veuillez compl\u00e9ter le <a href=\"https:\/\/sonographycanada.ca\/awards-nomination-application-form\">Formulaire de mise en candidature<\/a> (en anglais seulement \u00e0 l\u2019heure actuelle) et le faire parvenir  au bureau national d\u2019\u00c9chographie Canada par courriel \u00e0 <a href=\"mailto:info@sonographycanada.ca.\">info@sonographycanada.ca.<\/a> <\/li><li>Sous forme de dissertation, r\u00e9diger un r\u00e9ponse d&#8217;une longueur maximale de 250 mots pour chacun des th\u00e8mes&nbsp;suivants:<ol><li>le leadership<\/li><li>le d\u00e9veloppement professionnel continu<\/li><li>le niveau d\u2019implication au sein de la profession.<\/li><\/ol><\/li><li>Afin d&#8217;assurer l&#8217;impartialit\u00e9 du processus de s\u00e9lection, nous n&#8217;accepterons pas les dissertations qui contiennent  le nom du candidat ou tout autre indicateur personnel.<\/li><li>Les mises en candidature peuvent \u00eatre soumises en fran\u00e7ais ou en anglais.<\/li><\/ul><p class=\"has-medium-font-size\"><strong>Processus de s\u00e9lection<\/strong><\/p><ul class=\"wp-block-list\"><li>Le bureau national d\u2019\u00c9chographie Canada acheminera les mises en candidature re\u00e7ues au comit\u00e9 des prix et bourses aux fins d&#8217;\u00e9valuation.<\/li><\/ul><p class=\"has-medium-font-size\"><strong>\u00c9ch\u00e9anciers<\/strong><\/p><p><strong>Les<\/strong> <strong>soumissions doivent \u00eatre re\u00e7ues au plus tard le 15 f\u00e9vrier 2021<\/strong>. <\/p><p class=\"has-medium-font-size\"><strong>Prix<\/strong><\/p><ul class=\"wp-block-list\"><li>une inscription gratuite \u00e0 la conf\u00e9rence annuelle<\/li><li>la participation \u00e0 la c\u00e9r\u00e9monie de remise des prix d&#8217;\u00c9chographie Canada.  Les d\u00e9penses de voyage pour participer \u00e0 la c\u00e9r\u00e9monie seront couverts conform\u00e9ment \u00e0 la politique sur les voyages d&#8217;\u00c9chographie Canada, le cas \u00e9ch\u00e9ant. <\/li><li>un certificat de reconnaissance.<\/li><\/ul><h4 class=\"wp-block-heading\">Questions<\/h4><p> Veuillez acheminer vos questions au sujet de ce prix \u00e0\u00a0<a rel=\"noreferrer noopener\" href=\"mailto:awards@sonographycanada.ca\" target=\"_blank\">awards@sonographycanada.ca<\/a>. <\/p>","protected":false},"excerpt":{"rendered":"<p>Ce prix c\u00e9l\u00e8bre des \u00e9chographistes juniors exceptionnels qui se distinguent en d\u00e9but de carri\u00e8re par le leadership qu\u2019ils d\u00e9montrent, le d\u00e9sir de parfaire leurs connaissances et leurs comp\u00e9tences, et leur participation active au sein de la profession. Il existe une p\u00e9riode de transition importante entre le statut d\u2019\u00e9tudiant en \u00e9chographie et celui d\u2019un \u00e9chographiste chevronn\u00e9. [&hellip;]<\/p>\n","protected":false},"author":99,"featured_media":0,"parent":486,"menu_order":107010,"comment_status":"closed","ping_status":"closed","template":"","meta":{"_acf_changed":false,"advgb_blocks_editor_width":"","advgb_blocks_columns_visual_guide":"","wicket_organization":"","_seat_count":"","_member_id":[],"_edit_last":"1307","_start_date":"","_end_date":"","footnotes":""},"class_list":["post-6579","page","type-page","status-publish","hentry"],"acf":[],"yoast_head":"<!-- This site is optimized with the Yoast SEO plugin v23.5 - https:\/\/yoast.com\/wordpress\/plugins\/seo\/ -->\n<title>Prix de r\u00e9ussite professionnelle pr\u00e9coce - \u00c9chographie Canada<\/title>\n<meta name=\"robots\" content=\"index, follow, max-snippet:-1, max-image-preview:large, max-video-preview:-1\" \/>\n<link rel=\"canonical\" href=\"https:\/\/sonographycanada.ca\/fr\/adhesion\/prix-et-bourses\/prix-de-reussite-professionnelle-precoce\" \/>\n<meta property=\"og:locale\" content=\"fr_FR\" \/>\n<meta property=\"og:type\" content=\"article\" \/>\n<meta property=\"og:title\" content=\"Prix de r\u00e9ussite professionnelle pr\u00e9coce - \u00c9chographie Canada\" \/>\n<meta property=\"og:description\" content=\"Ce prix c\u00e9l\u00e8bre des \u00e9chographistes juniors exceptionnels qui se distinguent en d\u00e9but de carri\u00e8re par le leadership qu\u2019ils d\u00e9montrent, le d\u00e9sir de parfaire leurs connaissances et leurs comp\u00e9tences, et leur participation active au sein de la profession. Il existe une p\u00e9riode de transition importante entre le statut d\u2019\u00e9tudiant en \u00e9chographie et celui d\u2019un \u00e9chographiste chevronn\u00e9. [&hellip;]\" \/>\n<meta property=\"og:url\" content=\"https:\/\/sonographycanada.ca\/fr\/adhesion\/prix-et-bourses\/prix-de-reussite-professionnelle-precoce\" \/>\n<meta property=\"og:site_name\" content=\"\u00c9chographie Canada\" \/>\n<meta property=\"article:modified_time\" content=\"2020-12-10T14:48:06+00:00\" \/>\n<meta name=\"twitter:card\" content=\"summary_large_image\" \/>\n<meta name=\"twitter:label1\" content=\"Est. reading time\" \/>\n\t<meta name=\"twitter:data1\" content=\"2 minutes\" \/>\n<script type=\"application\/ld+json\" class=\"yoast-schema-graph\">{\"@context\":\"https:\/\/schema.org\",\"@graph\":[{\"@type\":\"WebPage\",\"@id\":\"https:\/\/sonographycanada.ca\/fr\/adhesion\/prix-et-bourses\/prix-de-reussite-professionnelle-precoce\",\"url\":\"https:\/\/sonographycanada.ca\/fr\/adhesion\/prix-et-bourses\/prix-de-reussite-professionnelle-precoce\",\"name\":\"Prix de r\u00e9ussite professionnelle pr\u00e9coce - \u00c9chographie Canada\",\"isPartOf\":{\"@id\":\"https:\/\/sonographycanada.ca\/#website\"},\"datePublished\":\"2019-08-29T20:00:27+00:00\",\"dateModified\":\"2020-12-10T14:48:06+00:00\",\"breadcrumb\":{\"@id\":\"https:\/\/sonographycanada.ca\/fr\/adhesion\/prix-et-bourses\/prix-de-reussite-professionnelle-precoce#breadcrumb\"},\"inLanguage\":\"fr-FR\",\"potentialAction\":[{\"@type\":\"ReadAction\",\"target\":[\"https:\/\/sonographycanada.ca\/fr\/adhesion\/prix-et-bourses\/prix-de-reussite-professionnelle-precoce\"]}]},{\"@type\":\"BreadcrumbList\",\"@id\":\"https:\/\/sonographycanada.ca\/fr\/adhesion\/prix-et-bourses\/prix-de-reussite-professionnelle-precoce#breadcrumb\",\"itemListElement\":[{\"@type\":\"ListItem\",\"position\":1,\"name\":\"Accueil\",\"item\":\"https:\/\/sonographycanada.ca\/fr\"},{\"@type\":\"ListItem\",\"position\":2,\"name\":\"Adh\u00e9sion\",\"item\":\"https:\/\/sonographycanada.ca\/fr\/adhesion\"},{\"@type\":\"ListItem\",\"position\":3,\"name\":\"Prix et bourses\",\"item\":\"https:\/\/sonographycanada.ca\/fr\/adhesion\/prix-et-bourses\"},{\"@type\":\"ListItem\",\"position\":4,\"name\":\"Prix de r\u00e9ussite professionnelle pr\u00e9coce\"}]},{\"@type\":\"WebSite\",\"@id\":\"https:\/\/sonographycanada.ca\/#website\",\"url\":\"https:\/\/sonographycanada.ca\/\",\"name\":\"\u00c9chographie Canada\",\"description\":\"La voix des \u00e9chographistes m\u00e9dicaux diagnostiques au Canada\",\"potentialAction\":[{\"@type\":\"SearchAction\",\"target\":{\"@type\":\"EntryPoint\",\"urlTemplate\":\"https:\/\/sonographycanada.ca\/?s={search_term_string}\"},\"query-input\":{\"@type\":\"PropertyValueSpecification\",\"valueRequired\":true,\"valueName\":\"search_term_string\"}}],\"inLanguage\":\"fr-FR\"}]}<\/script>\n<!-- \/ Yoast SEO plugin. -->","yoast_head_json":{"title":"Prix de r\u00e9ussite professionnelle pr\u00e9coce - \u00c9chographie Canada","robots":{"index":"index","follow":"follow","max-snippet":"max-snippet:-1","max-image-preview":"max-image-preview:large","max-video-preview":"max-video-preview:-1"},"canonical":"https:\/\/sonographycanada.ca\/fr\/adhesion\/prix-et-bourses\/prix-de-reussite-professionnelle-precoce","og_locale":"fr_FR","og_type":"article","og_title":"Prix de r\u00e9ussite professionnelle pr\u00e9coce - \u00c9chographie Canada","og_description":"Ce prix c\u00e9l\u00e8bre des \u00e9chographistes juniors exceptionnels qui se distinguent en d\u00e9but de carri\u00e8re par le leadership qu\u2019ils d\u00e9montrent, le d\u00e9sir de parfaire leurs connaissances et leurs comp\u00e9tences, et leur participation active au sein de la profession. Il existe une p\u00e9riode de transition importante entre le statut d\u2019\u00e9tudiant en \u00e9chographie et celui d\u2019un \u00e9chographiste chevronn\u00e9. [&hellip;]","og_url":"https:\/\/sonographycanada.ca\/fr\/adhesion\/prix-et-bourses\/prix-de-reussite-professionnelle-precoce","og_site_name":"\u00c9chographie Canada","article_modified_time":"2020-12-10T14:48:06+00:00","twitter_card":"summary_large_image","twitter_misc":{"Est. reading time":"2 minutes"},"schema":{"@context":"https:\/\/schema.org","@graph":[{"@type":"WebPage","@id":"https:\/\/sonographycanada.ca\/fr\/adhesion\/prix-et-bourses\/prix-de-reussite-professionnelle-precoce","url":"https:\/\/sonographycanada.ca\/fr\/adhesion\/prix-et-bourses\/prix-de-reussite-professionnelle-precoce","name":"Prix de r\u00e9ussite professionnelle pr\u00e9coce - \u00c9chographie Canada","isPartOf":{"@id":"https:\/\/sonographycanada.ca\/#website"},"datePublished":"2019-08-29T20:00:27+00:00","dateModified":"2020-12-10T14:48:06+00:00","breadcrumb":{"@id":"https:\/\/sonographycanada.ca\/fr\/adhesion\/prix-et-bourses\/prix-de-reussite-professionnelle-precoce#breadcrumb"},"inLanguage":"fr-FR","potentialAction":[{"@type":"ReadAction","target":["https:\/\/sonographycanada.ca\/fr\/adhesion\/prix-et-bourses\/prix-de-reussite-professionnelle-precoce"]}]},{"@type":"BreadcrumbList","@id":"https:\/\/sonographycanada.ca\/fr\/adhesion\/prix-et-bourses\/prix-de-reussite-professionnelle-precoce#breadcrumb","itemListElement":[{"@type":"ListItem","position":1,"name":"Accueil","item":"https:\/\/sonographycanada.ca\/fr"},{"@type":"ListItem","position":2,"name":"Adh\u00e9sion","item":"https:\/\/sonographycanada.ca\/fr\/adhesion"},{"@type":"ListItem","position":3,"name":"Prix et bourses","item":"https:\/\/sonographycanada.ca\/fr\/adhesion\/prix-et-bourses"},{"@type":"ListItem","position":4,"name":"Prix de r\u00e9ussite professionnelle pr\u00e9coce"}]},{"@type":"WebSite","@id":"https:\/\/sonographycanada.ca\/#website","url":"https:\/\/sonographycanada.ca\/","name":"\u00c9chographie Canada","description":"La voix des \u00e9chographistes m\u00e9dicaux diagnostiques au Canada","potentialAction":[{"@type":"SearchAction","target":{"@type":"EntryPoint","urlTemplate":"https:\/\/sonographycanada.ca\/?s={search_term_string}"},"query-input":{"@type":"PropertyValueSpecification","valueRequired":true,"valueName":"search_term_string"}}],"inLanguage":"fr-FR"}]}},"coauthors":[],"author_meta":{"author_link":"https:\/\/sonographycanada.ca\/fr\/author\/ce124cb3-74c2-4ca8-90e3-5f1af488d0df","display_name":"Beth Bresee"},"relative_dates":{"created":"Publi\u00e9 7 years il y a","modified":"Mis \u00e0 jour 5 years il y a"},"absolute_dates":{"created":"Publi\u00e9 le ao\u00fbt 29, 2019","modified":"Mise \u00e0 jour le d\u00e9cembre 10, 2020"},"absolute_dates_time":{"created":"Publi\u00e9 le ao\u00fbt 29, 2019 8:00 pm","modified":"Mise \u00e0 jour le d\u00e9cembre 10, 2020 2:48 pm"},"featured_img_caption":"","featured_img":false,"series_order":"","_links":{"self":[{"href":"https:\/\/sonographycanada.ca\/fr\/wp-json\/wp\/v2\/pages\/6579"}],"collection":[{"href":"https:\/\/sonographycanada.ca\/fr\/wp-json\/wp\/v2\/pages"}],"about":[{"href":"https:\/\/sonographycanada.ca\/fr\/wp-json\/wp\/v2\/types\/page"}],"author":[{"embeddable":true,"href":"https:\/\/sonographycanada.ca\/fr\/wp-json\/wp\/v2\/users\/99"}],"replies":[{"embeddable":true,"href":"https:\/\/sonographycanada.ca\/fr\/wp-json\/wp\/v2\/comments?post=6579"}],"version-history":[{"count":12,"href":"https:\/\/sonographycanada.ca\/fr\/wp-json\/wp\/v2\/pages\/6579\/revisions"}],"predecessor-version":[{"id":117856,"href":"https:\/\/sonographycanada.ca\/fr\/wp-json\/wp\/v2\/pages\/6579\/revisions\/117856"}],"up":[{"embeddable":true,"href":"https:\/\/sonographycanada.ca\/fr\/wp-json\/wp\/v2\/pages\/486"}],"wp:attachment":[{"href":"https:\/\/sonographycanada.ca\/fr\/wp-json\/wp\/v2\/media?parent=6579"}],"curies":[{"name":"wp","href":"https:\/\/api.w.org\/{rel}","templated":true}]}}