{"id":6582,"date":"2019-08-29T20:17:11","date_gmt":"2019-08-29T20:17:11","guid":{"rendered":"https:\/\/sonographycanada.ca\/?page_id=6582"},"modified":"2020-12-10T14:46:49","modified_gmt":"2020-12-10T14:46:49","slug":"prix-de-la-reussite-dune-etudiante","status":"publish","type":"page","link":"https:\/\/sonographycanada.ca\/fr\/adhesion\/prix-et-bourses\/prix-de-la-reussite-dune-etudiante","title":{"rendered":"Prix de la r\u00e9ussite d\u2019un(e) \u00e9tudiant(e)"},"content":{"rendered":"<p>\u00c9chographie Canada invite tout \u00e9tudiant inscrit \u00e0 un programme d\u2019\u00e9tudes en \u00e9chographie diagnostique agr\u00e9\u00e9 par Agr\u00e9ment Canada  \u00e0 soumettre une observation \u00e9crite sur un sujet de leur choix.<\/p><p>Ce prix\ncherche \u00e0 encourager et \u00e0 reconna\u00eetre des rapports d\u2019\u00e9tudes de cas, des essais\nou des analyses documentaires exceptionnels effectu\u00e9s par des \u00e9tudiants \u00e0\ntravers le Canada. Ce prix annuel lance un d\u00e9fi aux \u00e9tudiants qui sont invit\u00e9s\n\u00e0 r\u00e9diger un article sur un sujet d\u2019int\u00e9r\u00eat pour leurs coll\u00e8gues en\n\u00e9chographie.<\/p><p>Ce prix\naccorde \u00e9galement l\u2019occasion aux \u00e9tudiants de partager des dossiers\nint\u00e9ressants, de discuter des questions courantes et d\u2019accro\u00eetre la\nsensibilisation des \u00e9chographistes \u00e0 de nouvelles id\u00e9es et \u00e0 de nouveaux\nrenseignements. \u00c9chographie Canada souhaite encourager les \u00e9tudiants en\n\u00e9chographie \u00e0 vivre l\u2019exp\u00e9rience enrichissante d\u2019\u00e9duquer leurs pairs et \u00e0\ninspirer les autres \u00e0 en faire autant.<\/p><p><strong>Deux (2) <\/strong>laur\u00e9ats seront choisis parmi les soumissions re\u00e7ues.<\/p><p class=\"has-medium-font-size\"><strong>Admissibilit\u00e9 et crit\u00e8res de s\u00e9lection<\/strong><\/p><ul class=\"wp-block-list\"><li>Tout candidat doit \u00eatre \u00e9tudiant dans un programme d\u2019\u00e9tudes en \u00e9chographie diagnostique agr\u00e9\u00e9 par Agr\u00e9ment Canada ou avoir obtenu leur dipl\u00f4me au cours des derniers douze (12) mois.<\/li><li> Veuillez consulter le <a href=\"https:\/\/sonographycanada.ca\/app\/uploads\/2019\/03\/Student-Presentation-Award_rubric-2.pdf\">formulaire d\u2019\u00e9valuation<\/a> (en anglais) afin de vous familiariser avec les param\u00e8tre en fonction desquels les laur\u00e9ats seront s\u00e9lectionn\u00e9s.<\/li><li>Les soumissions doivent \u00eatre r\u00e9dig\u00e9es par un individu ou un groupe alors que les candidat(e)s \u00e9taient \u00e9tudiant(e)s.<\/li><li>Les articles ou les \u00e9tudes de cas qui ont d\u00e9j\u00e0 \u00e9t\u00e9 publi\u00e9s (RCEM) ne sont pas admissibles pour ce prix.<\/li><li><strong>Deux (2) <\/strong>laur\u00e9ats seront s\u00e9lectionn\u00e9s parmi les soumissions re\u00e7ues.<\/li><\/ul><p><\/p><p class=\"has-medium-font-size\"><strong>Processus de mise en candidature<\/strong><\/p><ul class=\"wp-block-list\"><li>Veuillez compl\u00e9ter le <a href=\"https:\/\/sonographycanada.ca\/about-us\/awards\/awards-nomination-application-form\">Formulaire de mise en candidatu<\/a><a href=\"https:\/\/sonographycanada.ca\/awards-nomination-application-form\">re<\/a>.<\/li><li>Les soumissions doivent \u00eatre pr\u00e9sent\u00e9es sous forme de dissertation d&#8217;une longueur maximale de 1 500 mots, imprim\u00e9e \u00e0 double interligne, avec une marge de 1 pouce et une pagination claire.<\/li><li>La soumission doit \u00eatre pr\u00e9sent\u00e9e sous forme de rapport \u00e9crit comprenant les r\u00e9f\u00e9rences bibliographiques.<\/li><li>Les r\u00e9f\u00e9rences bibliographiques devraient \u00eatre pr\u00e9sent\u00e9es dans le style modifi\u00e9 Vancouver. Veuillez consulter le <em>Canadian Journal of Medical Sonography<\/em> pour des renseignements additionnels \u00e0 ce sujet. <\/li><li>Les soumissions peuvent \u00eatre achemin\u00e9es en fran\u00e7ais ou en anglais.   <\/li><\/ul><p>Les soumisions peuvent \u00eatre soumises en fonction de l\u2019une des cat\u00e9gories suivantes&nbsp;: <\/p><p class=\"has-medium-font-size\"><strong>\u00c9tude de cas<\/strong><\/p><ul class=\"wp-block-list\"><li><strong>R\u00e9sum\u00e9&nbsp;: <\/strong>Un sommaire structur\u00e9 de l&#8217;\u00e9tude de cas d\u2019un longueur maximale de 250 mots qui r\u00e9sume le contenu des sections \u00e0 suivre&nbsp;: Introduction, description du dossier, discussion et conclusion.<\/li><li><strong>Introduction&nbsp;:<\/strong> En trois (3) paragraphes ou moins, veuillez expliquer la signification de cette \u00e9tude de cas et fournir les d\u00e9finitions qui permettront de comprendre le dossier.<\/li><li><strong>Description du dossier&nbsp;:<\/strong> Veuillez inclure les renseignements pertinents tels que les donn\u00e9es d\u00e9mographiques du patient, les ant\u00e9c\u00e9dents du patient, les constatations \u00e9chographiques appuy\u00e9es par l\u2019imagerie diagnostique, les tests en laboratoire, les complications, le diagnostic ainsi que les r\u00e9sultats et traitements.<\/li><li><strong>Discussion&nbsp;:<\/strong> Expliquez bri\u00e8vement l\u2019\u00e9tiologie, la pathophysiologie, le diagnostic diff\u00e9rentiel et le traitement\/pronostic reli\u00e9s \u00e0 cette \u00e9tude de cas.<\/li><li><strong>Conclusion&nbsp;:<\/strong> En un paragraphe, veuillez fournir un r\u00e9sum\u00e9 succinct du dossier et d\u00e9crire son application aux pratiques \u00e9chographiques.<\/li><\/ul><a target=\"_blank\" class=\"button button--primary text--centered\" href=\"https:\/\/sonographycanada.ca\/app\/uploads\/2020\/11\/SC-Award-Case-Report-Rubric.pdf\" rel=\"noopener noreferrer\">T\u00e9l\u00e9chargez le document<\/a><p><\/p><p class=\"has-medium-font-size\"><strong>Dissertation ou analyse documentaire<\/strong><\/p><ul class=\"wp-block-list\"><li><strong>R\u00e9sum\u00e9&nbsp;: <\/strong>Un sommaire concis de la dissertation ou de l\u2019analyse documentaire<\/li><li><strong>Introduction&nbsp;: <\/strong>Fournissez des renseignements contextuels et pr\u00e9cisez pourquoi ce sujet a \u00e9t\u00e9 choisi.<\/li><li><strong>Description&nbsp;:<\/strong> Pr\u00e9cisez les titres et sous-titres qui permettront d\u2019organiser le contenu \u00e0 l\u2019appui de votre sujet. <\/li><li><strong>Discussion&nbsp;:<\/strong> Expliquez bri\u00e8vement l\u2019\u00e9tiologie, la pathophysiologie, et le traitement, s\u2019il y a lieu. Identifiez la valeur de cet article.  <\/li><li><strong>Conclusion&nbsp;:<\/strong> En un paragraphe, veuillez fournir un r\u00e9sum\u00e9 succinct de l\u2019essai\/analyse documentaire et d\u00e9crire son application aux pratiques \u00e9chographiques.  <\/li><\/ul><a target=\"_blank\" class=\"button button--primary text--centered\" href=\"https:\/\/sonographycanada.ca\/app\/uploads\/2020\/11\/SC-Award-Essay-and-Literature-Review-Rubric.pdf\" rel=\"noopener noreferrer\">T\u00e9l\u00e9chargez le document<\/a><p><\/p><p>Veuillez soumettre le <em><a href=\"https:\/\/sonographycanada.ca\/awards-nomination-application-form\">Formulaire de mise en candidature <\/a><\/em>d\u00fbment compl\u00e9t\u00e9 au bureau national d\u2019\u00c9chographie Canada par courriel \u00e0 <a href=\"mailto:awards@sonographycanada.ca.\">awards@sonographycanada.ca.<\/a><\/p><p class=\"has-medium-font-size\"><strong>Processus de s\u00e9lection<\/strong><\/p><ul class=\"wp-block-list\"><li>Le bureau national d\u2019\u00c9chographie Canada acheminera les mises en candidature re\u00e7ues au comit\u00e9 des bourses et des prix aux fins d&#8217;\u00e9valuation.<\/li><\/ul><p class=\"has-medium-font-size\"><strong>\u00c9ch\u00e9anciers<\/strong><\/p><p><strong>Les mises en candidature doivent \u00eatre re\u00e7ues au plus tard le 15 f\u00e9vrier 2021.<\/strong><\/p><p class=\"has-medium-font-size\"><strong>Prix<\/strong>*<\/p><p><\/p><ul class=\"wp-block-list\"><li>250 $ <strong>OU<\/strong><\/li><li>une inscription gratuite \u00e0 la conf\u00e9rence annuelle<\/li><li>participation \u00e0 la c\u00e9r\u00e9monie de remise des prix. Les d\u00e9penses de voyage pour participer \u00e0 la c\u00e9r\u00e9monie seront couverts conform\u00e9ment \u00e0 la politique sur les voyages d&#8217;\u00c9chographie Canada, le cas \u00e9ch\u00e9ant.<\/li><li>un certificat de reconnaissance.<\/li><\/ul><p>*Si un groupe est s\u00e9lectionn\u00e9 pour recevoir le prix, la bourse sera partag\u00e9e entre les r\u00e9cipiendaires. L&#8217;inscription et les frais de d\u00e9placement (le cas \u00e9ch\u00e9ant) seront accord\u00e9s \u00e0 un seul individu s\u00e9lectionn\u00e9 par le groupe.<\/p><h4 class=\"wp-block-heading\">Questions<\/h4><p> Veuillez acheminer vos questions au sujet de ce prix \u00e0\u00a0<a rel=\"noreferrer noopener\" href=\"mailto:awards@sonographycanada.ca\" target=\"_blank\">awards@sonographycanada.ca<\/a>. <\/p>","protected":false},"excerpt":{"rendered":"<p>\u00c9chographie Canada invite tout \u00e9tudiant inscrit \u00e0 un programme d\u2019\u00e9tudes en \u00e9chographie diagnostique agr\u00e9\u00e9 par Agr\u00e9ment Canada \u00e0 soumettre une observation \u00e9crite sur un sujet de leur choix. Ce prix cherche \u00e0 encourager et \u00e0 reconna\u00eetre des rapports d\u2019\u00e9tudes de cas, des essais ou des analyses documentaires exceptionnels effectu\u00e9s par des \u00e9tudiants \u00e0 travers le [&hellip;]<\/p>\n","protected":false},"author":99,"featured_media":0,"parent":486,"menu_order":0,"comment_status":"closed","ping_status":"closed","template":"","meta":{"_acf_changed":false,"advgb_blocks_editor_width":"","advgb_blocks_columns_visual_guide":"","wicket_organization":"","_seat_count":"","_member_id":[],"_edit_last":"1307","_start_date":"","_end_date":"","footnotes":""},"class_list":["post-6582","page","type-page","status-publish","hentry"],"acf":[],"yoast_head":"<!-- This site is optimized with the Yoast SEO plugin v23.5 - https:\/\/yoast.com\/wordpress\/plugins\/seo\/ -->\n<title>Prix de la r\u00e9ussite d\u2019un(e) \u00e9tudiant(e) - \u00c9chographie Canada<\/title>\n<meta name=\"robots\" content=\"index, follow, max-snippet:-1, max-image-preview:large, max-video-preview:-1\" \/>\n<link rel=\"canonical\" href=\"https:\/\/sonographycanada.ca\/fr\/adhesion\/prix-et-bourses\/prix-de-la-reussite-dune-etudiante\" \/>\n<meta property=\"og:locale\" content=\"fr_FR\" \/>\n<meta property=\"og:type\" content=\"article\" \/>\n<meta property=\"og:title\" content=\"Prix de la r\u00e9ussite d\u2019un(e) \u00e9tudiant(e) - \u00c9chographie Canada\" \/>\n<meta property=\"og:description\" content=\"\u00c9chographie Canada invite tout \u00e9tudiant inscrit \u00e0 un programme d\u2019\u00e9tudes en \u00e9chographie diagnostique agr\u00e9\u00e9 par Agr\u00e9ment Canada \u00e0 soumettre une observation \u00e9crite sur un sujet de leur choix. Ce prix cherche \u00e0 encourager et \u00e0 reconna\u00eetre des rapports d\u2019\u00e9tudes de cas, des essais ou des analyses documentaires exceptionnels effectu\u00e9s par des \u00e9tudiants \u00e0 travers le [&hellip;]\" \/>\n<meta property=\"og:url\" content=\"https:\/\/sonographycanada.ca\/fr\/adhesion\/prix-et-bourses\/prix-de-la-reussite-dune-etudiante\" \/>\n<meta property=\"og:site_name\" content=\"\u00c9chographie Canada\" \/>\n<meta property=\"article:modified_time\" content=\"2020-12-10T14:46:49+00:00\" \/>\n<meta name=\"twitter:card\" content=\"summary_large_image\" \/>\n<meta name=\"twitter:label1\" content=\"Est. reading time\" \/>\n\t<meta name=\"twitter:data1\" content=\"4 minutes\" \/>\n<script type=\"application\/ld+json\" class=\"yoast-schema-graph\">{\"@context\":\"https:\/\/schema.org\",\"@graph\":[{\"@type\":\"WebPage\",\"@id\":\"https:\/\/sonographycanada.ca\/fr\/adhesion\/prix-et-bourses\/prix-de-la-reussite-dune-etudiante\",\"url\":\"https:\/\/sonographycanada.ca\/fr\/adhesion\/prix-et-bourses\/prix-de-la-reussite-dune-etudiante\",\"name\":\"Prix de la r\u00e9ussite d\u2019un(e) \u00e9tudiant(e) - \u00c9chographie Canada\",\"isPartOf\":{\"@id\":\"https:\/\/sonographycanada.ca\/#website\"},\"datePublished\":\"2019-08-29T20:17:11+00:00\",\"dateModified\":\"2020-12-10T14:46:49+00:00\",\"breadcrumb\":{\"@id\":\"https:\/\/sonographycanada.ca\/fr\/adhesion\/prix-et-bourses\/prix-de-la-reussite-dune-etudiante#breadcrumb\"},\"inLanguage\":\"fr-FR\",\"potentialAction\":[{\"@type\":\"ReadAction\",\"target\":[\"https:\/\/sonographycanada.ca\/fr\/adhesion\/prix-et-bourses\/prix-de-la-reussite-dune-etudiante\"]}]},{\"@type\":\"BreadcrumbList\",\"@id\":\"https:\/\/sonographycanada.ca\/fr\/adhesion\/prix-et-bourses\/prix-de-la-reussite-dune-etudiante#breadcrumb\",\"itemListElement\":[{\"@type\":\"ListItem\",\"position\":1,\"name\":\"Accueil\",\"item\":\"https:\/\/sonographycanada.ca\/fr\"},{\"@type\":\"ListItem\",\"position\":2,\"name\":\"Adh\u00e9sion\",\"item\":\"https:\/\/sonographycanada.ca\/fr\/adhesion\"},{\"@type\":\"ListItem\",\"position\":3,\"name\":\"Prix et bourses\",\"item\":\"https:\/\/sonographycanada.ca\/fr\/adhesion\/prix-et-bourses\"},{\"@type\":\"ListItem\",\"position\":4,\"name\":\"Prix de la r\u00e9ussite d\u2019un(e) \u00e9tudiant(e)\"}]},{\"@type\":\"WebSite\",\"@id\":\"https:\/\/sonographycanada.ca\/#website\",\"url\":\"https:\/\/sonographycanada.ca\/\",\"name\":\"\u00c9chographie Canada\",\"description\":\"La voix des \u00e9chographistes m\u00e9dicaux diagnostiques au Canada\",\"potentialAction\":[{\"@type\":\"SearchAction\",\"target\":{\"@type\":\"EntryPoint\",\"urlTemplate\":\"https:\/\/sonographycanada.ca\/?s={search_term_string}\"},\"query-input\":{\"@type\":\"PropertyValueSpecification\",\"valueRequired\":true,\"valueName\":\"search_term_string\"}}],\"inLanguage\":\"fr-FR\"}]}<\/script>\n<!-- \/ Yoast SEO plugin. -->","yoast_head_json":{"title":"Prix de la r\u00e9ussite d\u2019un(e) \u00e9tudiant(e) - \u00c9chographie Canada","robots":{"index":"index","follow":"follow","max-snippet":"max-snippet:-1","max-image-preview":"max-image-preview:large","max-video-preview":"max-video-preview:-1"},"canonical":"https:\/\/sonographycanada.ca\/fr\/adhesion\/prix-et-bourses\/prix-de-la-reussite-dune-etudiante","og_locale":"fr_FR","og_type":"article","og_title":"Prix de la r\u00e9ussite d\u2019un(e) \u00e9tudiant(e) - \u00c9chographie Canada","og_description":"\u00c9chographie Canada invite tout \u00e9tudiant inscrit \u00e0 un programme d\u2019\u00e9tudes en \u00e9chographie diagnostique agr\u00e9\u00e9 par Agr\u00e9ment Canada \u00e0 soumettre une observation \u00e9crite sur un sujet de leur choix. Ce prix cherche \u00e0 encourager et \u00e0 reconna\u00eetre des rapports d\u2019\u00e9tudes de cas, des essais ou des analyses documentaires exceptionnels effectu\u00e9s par des \u00e9tudiants \u00e0 travers le [&hellip;]","og_url":"https:\/\/sonographycanada.ca\/fr\/adhesion\/prix-et-bourses\/prix-de-la-reussite-dune-etudiante","og_site_name":"\u00c9chographie Canada","article_modified_time":"2020-12-10T14:46:49+00:00","twitter_card":"summary_large_image","twitter_misc":{"Est. reading time":"4 minutes"},"schema":{"@context":"https:\/\/schema.org","@graph":[{"@type":"WebPage","@id":"https:\/\/sonographycanada.ca\/fr\/adhesion\/prix-et-bourses\/prix-de-la-reussite-dune-etudiante","url":"https:\/\/sonographycanada.ca\/fr\/adhesion\/prix-et-bourses\/prix-de-la-reussite-dune-etudiante","name":"Prix de la r\u00e9ussite d\u2019un(e) \u00e9tudiant(e) - \u00c9chographie Canada","isPartOf":{"@id":"https:\/\/sonographycanada.ca\/#website"},"datePublished":"2019-08-29T20:17:11+00:00","dateModified":"2020-12-10T14:46:49+00:00","breadcrumb":{"@id":"https:\/\/sonographycanada.ca\/fr\/adhesion\/prix-et-bourses\/prix-de-la-reussite-dune-etudiante#breadcrumb"},"inLanguage":"fr-FR","potentialAction":[{"@type":"ReadAction","target":["https:\/\/sonographycanada.ca\/fr\/adhesion\/prix-et-bourses\/prix-de-la-reussite-dune-etudiante"]}]},{"@type":"BreadcrumbList","@id":"https:\/\/sonographycanada.ca\/fr\/adhesion\/prix-et-bourses\/prix-de-la-reussite-dune-etudiante#breadcrumb","itemListElement":[{"@type":"ListItem","position":1,"name":"Accueil","item":"https:\/\/sonographycanada.ca\/fr"},{"@type":"ListItem","position":2,"name":"Adh\u00e9sion","item":"https:\/\/sonographycanada.ca\/fr\/adhesion"},{"@type":"ListItem","position":3,"name":"Prix et bourses","item":"https:\/\/sonographycanada.ca\/fr\/adhesion\/prix-et-bourses"},{"@type":"ListItem","position":4,"name":"Prix de la r\u00e9ussite d\u2019un(e) \u00e9tudiant(e)"}]},{"@type":"WebSite","@id":"https:\/\/sonographycanada.ca\/#website","url":"https:\/\/sonographycanada.ca\/","name":"\u00c9chographie Canada","description":"La voix des \u00e9chographistes m\u00e9dicaux diagnostiques au Canada","potentialAction":[{"@type":"SearchAction","target":{"@type":"EntryPoint","urlTemplate":"https:\/\/sonographycanada.ca\/?s={search_term_string}"},"query-input":{"@type":"PropertyValueSpecification","valueRequired":true,"valueName":"search_term_string"}}],"inLanguage":"fr-FR"}]}},"coauthors":[],"author_meta":{"author_link":"https:\/\/sonographycanada.ca\/fr\/author\/ce124cb3-74c2-4ca8-90e3-5f1af488d0df","display_name":"Beth Bresee"},"relative_dates":{"created":"Publi\u00e9 7 years il y a","modified":"Mis \u00e0 jour 5 years il y a"},"absolute_dates":{"created":"Publi\u00e9 le ao\u00fbt 29, 2019","modified":"Mise \u00e0 jour le d\u00e9cembre 10, 2020"},"absolute_dates_time":{"created":"Publi\u00e9 le ao\u00fbt 29, 2019 8:17 pm","modified":"Mise \u00e0 jour le d\u00e9cembre 10, 2020 2:46 pm"},"featured_img_caption":"","featured_img":false,"series_order":"","_links":{"self":[{"href":"https:\/\/sonographycanada.ca\/fr\/wp-json\/wp\/v2\/pages\/6582"}],"collection":[{"href":"https:\/\/sonographycanada.ca\/fr\/wp-json\/wp\/v2\/pages"}],"about":[{"href":"https:\/\/sonographycanada.ca\/fr\/wp-json\/wp\/v2\/types\/page"}],"author":[{"embeddable":true,"href":"https:\/\/sonographycanada.ca\/fr\/wp-json\/wp\/v2\/users\/99"}],"replies":[{"embeddable":true,"href":"https:\/\/sonographycanada.ca\/fr\/wp-json\/wp\/v2\/comments?post=6582"}],"version-history":[{"count":10,"href":"https:\/\/sonographycanada.ca\/fr\/wp-json\/wp\/v2\/pages\/6582\/revisions"}],"predecessor-version":[{"id":117855,"href":"https:\/\/sonographycanada.ca\/fr\/wp-json\/wp\/v2\/pages\/6582\/revisions\/117855"}],"up":[{"embeddable":true,"href":"https:\/\/sonographycanada.ca\/fr\/wp-json\/wp\/v2\/pages\/486"}],"wp:attachment":[{"href":"https:\/\/sonographycanada.ca\/fr\/wp-json\/wp\/v2\/media?parent=6582"}],"curies":[{"name":"wp","href":"https:\/\/api.w.org\/{rel}","templated":true}]}}