{"id":6588,"date":"2019-08-29T21:18:50","date_gmt":"2019-08-29T21:18:50","guid":{"rendered":"https:\/\/sonographycanada.ca\/?page_id=6588"},"modified":"2020-12-10T14:38:59","modified_gmt":"2020-12-10T14:38:59","slug":"bourses-detudes-et-dechographistes-commemoratives-peter-mclardie","status":"publish","type":"page","link":"https:\/\/sonographycanada.ca\/fr\/adhesion\/prix-et-bourses\/bourses-detudes-et-dechographistes-commemoratives-peter-mclardie","title":{"rendered":"Bourses d\u2019\u00e9tude comm\u00e9moratives Peter McLardie &#8211; pour \u00e9tudiants et \u00e9chographistes"},"content":{"rendered":"<figure class=\"wp-block-image size-large\"><img loading=\"lazy\" decoding=\"async\" width=\"97\" height=\"129\" src=\"https:\/\/sonographycanada.ca\/app\/uploads\/2020\/12\/Peter-Mclardie.png\" alt=\"\" class=\"wp-image-117806\"\/><\/figure><p> <strong>Peter McLardie, RTR, CRGS, CRVS, RDMS, RVT<\/strong><br>29 octobre 1951- 13 octobre 2009<\/p><h4 class=\"wp-block-heading\"><a href=\"https:\/\/sonographycanada.ca\/app\/uploads\/2019\/11\/In-Memorial-and-Tribute.pdf\">\u00c0 la m\u00e9moire et en hommage \u00e0 Peter McLardie<\/a><br><\/h4><p>Cette bourse a \u00e9t\u00e9 cr\u00e9\u00e9e pour reconna\u00eetre les nombreuses contributions de Peter McLardie \u00e0 la profession de l\u2019\u00e9chographie au Canada. Une bourse est d\u00e9cern\u00e9e dans chacune de deux cat\u00e9gories afin d&#8217;accorder un soutien financier pour couvrir les frais associ\u00e9s aux \u00e9tudes.<br><br>Veuillez acheminer vos questions au sujet de ces bourses \u00e0 <a href=\"mailto:awards@sonographycanada.ca\">awards@sonographycanada.ca<\/a>. <\/p><h4 class=\"wp-block-heading\">Bourse d&#8217;\u00e9tude comm\u00e9morative Peter McLardie &#8211; <a href=\"https:\/\/sonographycanada.ca\/fr\/bourse-detude-commemorative-peter-mclardie-etudiant\">\u00c9tudiant<\/a><\/h4><p>La bourse \u00e0 l&#8217;intention d&#8217;un(e) \u00e9tudiant(e) accorde un soutien financier \u00e0 un maximum de trois (3) \u00e9tudiant(e)s en assumant les frais associ\u00e9s aux examens d&#8217;admission \u00e0 la profession (premier essai seulement). <a href=\"https:\/\/sonographycanada.ca\/fr\/bourse-detude-commemorative-peter-mclardie-etudiant\">Cliquez ici <\/a>pour acc\u00e9der \u00e0 des renseignements additionnels au sujet de l&#8217;admissibilit\u00e9, des crit\u00e8res de s\u00e9lection (rubrique), des mises en candidature et du process de s\u00e9lection. <\/p><h4 class=\"wp-block-heading\">Bourse d&#8217;\u00e9tude comm\u00e9morative Peter McLardie &#8211; <a href=\"https:\/\/sonographycanada.ca\/fr\/2020\/12\/10\/bourse-detude-commemorative-peter-mclardie-echographiste\">\u00c9chographiste<\/a><\/h4><p>La bourse \u00e0 l&#8217;intention d&#8217;un \u00e9chographiste accorde un soutien financier \u00e0 un \u00e9tudiant pour appuyer leurs activit\u00e9s scolaires. <a href=\"https:\/\/sonographycanada.ca\/fr\/2020\/12\/10\/bourse-detude-commemorative-peter-mclardie-echographiste\">Cliquez ici<\/a> pour acc\u00e9der \u00e0  des renseignements additionnels au sujet de l&#8217;admissibilit\u00e9, des crit\u00e8res de s\u00e9lection (rubrique), des mises en candidature et du process de s\u00e9lection.  <\/p><h4 class=\"wp-block-heading\">Dons<\/h4><p>Les individus int\u00e9ress\u00e9s \u00e0 contribuer au fond des  bourses comm\u00e9moratives Peter McLardie sont invit\u00e9s \u00e0 communiquer avec \u00c9chographie Canada en acheminant un courriel \u00e0 <a href=\"mailto:info@sonographycanada.ca\">info@sonographycanada.ca<\/a>.  <\/p>","protected":false},"excerpt":{"rendered":"<p>Peter McLardie, RTR, CRGS, CRVS, RDMS, RVT29 octobre 1951- 13 octobre 2009 \u00c0 la m\u00e9moire et en hommage \u00e0 Peter McLardie Cette bourse a \u00e9t\u00e9 cr\u00e9\u00e9e pour reconna\u00eetre les nombreuses contributions de Peter McLardie \u00e0 la profession de l\u2019\u00e9chographie au Canada. Une bourse est d\u00e9cern\u00e9e dans chacune de deux cat\u00e9gories afin d&#8217;accorder un soutien financier [&hellip;]<\/p>\n","protected":false},"author":99,"featured_media":0,"parent":486,"menu_order":107060,"comment_status":"closed","ping_status":"closed","template":"","meta":{"_acf_changed":false,"advgb_blocks_editor_width":"","advgb_blocks_columns_visual_guide":"","wicket_organization":"","_seat_count":"","_member_id":[],"_edit_last":"1307","_start_date":"","_end_date":"","footnotes":""},"class_list":["post-6588","page","type-page","status-publish","hentry"],"acf":[],"yoast_head":"<!-- This site is optimized with the Yoast SEO plugin v23.5 - https:\/\/yoast.com\/wordpress\/plugins\/seo\/ -->\n<title>Bourses d\u2019\u00e9tude comm\u00e9moratives Peter McLardie - pour \u00e9tudiants et \u00e9chographistes - \u00c9chographie Canada<\/title>\n<meta name=\"robots\" content=\"index, follow, max-snippet:-1, max-image-preview:large, max-video-preview:-1\" \/>\n<link rel=\"canonical\" href=\"https:\/\/sonographycanada.ca\/fr\/adhesion\/prix-et-bourses\/bourses-detudes-et-dechographistes-commemoratives-peter-mclardie\" \/>\n<meta property=\"og:locale\" content=\"fr_FR\" \/>\n<meta property=\"og:type\" content=\"article\" \/>\n<meta property=\"og:title\" content=\"Bourses d\u2019\u00e9tude comm\u00e9moratives Peter McLardie - pour \u00e9tudiants et \u00e9chographistes - \u00c9chographie Canada\" \/>\n<meta property=\"og:description\" content=\"Peter McLardie, RTR, CRGS, CRVS, RDMS, RVT29 octobre 1951- 13 octobre 2009 \u00c0 la m\u00e9moire et en hommage \u00e0 Peter McLardie Cette bourse a \u00e9t\u00e9 cr\u00e9\u00e9e pour reconna\u00eetre les nombreuses contributions de Peter McLardie \u00e0 la profession de l\u2019\u00e9chographie au Canada. Une bourse est d\u00e9cern\u00e9e dans chacune de deux cat\u00e9gories afin d&#8217;accorder un soutien financier [&hellip;]\" \/>\n<meta property=\"og:url\" content=\"https:\/\/sonographycanada.ca\/fr\/adhesion\/prix-et-bourses\/bourses-detudes-et-dechographistes-commemoratives-peter-mclardie\" \/>\n<meta property=\"og:site_name\" content=\"\u00c9chographie Canada\" \/>\n<meta property=\"article:modified_time\" content=\"2020-12-10T14:38:59+00:00\" \/>\n<meta property=\"og:image\" content=\"https:\/\/sonographycanada.ca\/app\/uploads\/2020\/12\/Peter-Mclardie.png\" \/>\n<meta name=\"twitter:card\" content=\"summary_large_image\" \/>\n<meta name=\"twitter:label1\" content=\"Est. reading time\" \/>\n\t<meta name=\"twitter:data1\" content=\"1 minute\" \/>\n<script type=\"application\/ld+json\" class=\"yoast-schema-graph\">{\"@context\":\"https:\/\/schema.org\",\"@graph\":[{\"@type\":\"WebPage\",\"@id\":\"https:\/\/sonographycanada.ca\/fr\/adhesion\/prix-et-bourses\/bourses-detudes-et-dechographistes-commemoratives-peter-mclardie\",\"url\":\"https:\/\/sonographycanada.ca\/fr\/adhesion\/prix-et-bourses\/bourses-detudes-et-dechographistes-commemoratives-peter-mclardie\",\"name\":\"Bourses d\u2019\u00e9tude comm\u00e9moratives Peter McLardie - pour \u00e9tudiants et \u00e9chographistes - \u00c9chographie Canada\",\"isPartOf\":{\"@id\":\"https:\/\/sonographycanada.ca\/#website\"},\"primaryImageOfPage\":{\"@id\":\"https:\/\/sonographycanada.ca\/fr\/adhesion\/prix-et-bourses\/bourses-detudes-et-dechographistes-commemoratives-peter-mclardie#primaryimage\"},\"image\":{\"@id\":\"https:\/\/sonographycanada.ca\/fr\/adhesion\/prix-et-bourses\/bourses-detudes-et-dechographistes-commemoratives-peter-mclardie#primaryimage\"},\"thumbnailUrl\":\"https:\/\/sonographycanada.ca\/app\/uploads\/2020\/12\/Peter-Mclardie.png\",\"datePublished\":\"2019-08-29T21:18:50+00:00\",\"dateModified\":\"2020-12-10T14:38:59+00:00\",\"breadcrumb\":{\"@id\":\"https:\/\/sonographycanada.ca\/fr\/adhesion\/prix-et-bourses\/bourses-detudes-et-dechographistes-commemoratives-peter-mclardie#breadcrumb\"},\"inLanguage\":\"fr-FR\",\"potentialAction\":[{\"@type\":\"ReadAction\",\"target\":[\"https:\/\/sonographycanada.ca\/fr\/adhesion\/prix-et-bourses\/bourses-detudes-et-dechographistes-commemoratives-peter-mclardie\"]}]},{\"@type\":\"ImageObject\",\"inLanguage\":\"fr-FR\",\"@id\":\"https:\/\/sonographycanada.ca\/fr\/adhesion\/prix-et-bourses\/bourses-detudes-et-dechographistes-commemoratives-peter-mclardie#primaryimage\",\"url\":\"https:\/\/sonographycanada.ca\/app\/uploads\/2020\/12\/Peter-Mclardie.png\",\"contentUrl\":\"https:\/\/sonographycanada.ca\/app\/uploads\/2020\/12\/Peter-Mclardie.png\"},{\"@type\":\"BreadcrumbList\",\"@id\":\"https:\/\/sonographycanada.ca\/fr\/adhesion\/prix-et-bourses\/bourses-detudes-et-dechographistes-commemoratives-peter-mclardie#breadcrumb\",\"itemListElement\":[{\"@type\":\"ListItem\",\"position\":1,\"name\":\"Accueil\",\"item\":\"https:\/\/sonographycanada.ca\/fr\"},{\"@type\":\"ListItem\",\"position\":2,\"name\":\"Adh\u00e9sion\",\"item\":\"https:\/\/sonographycanada.ca\/fr\/adhesion\"},{\"@type\":\"ListItem\",\"position\":3,\"name\":\"Prix et bourses\",\"item\":\"https:\/\/sonographycanada.ca\/fr\/adhesion\/prix-et-bourses\"},{\"@type\":\"ListItem\",\"position\":4,\"name\":\"Bourses d\u2019\u00e9tude comm\u00e9moratives Peter McLardie &#8211; pour \u00e9tudiants et \u00e9chographistes\"}]},{\"@type\":\"WebSite\",\"@id\":\"https:\/\/sonographycanada.ca\/#website\",\"url\":\"https:\/\/sonographycanada.ca\/\",\"name\":\"\u00c9chographie Canada\",\"description\":\"La voix des \u00e9chographistes m\u00e9dicaux diagnostiques au Canada\",\"potentialAction\":[{\"@type\":\"SearchAction\",\"target\":{\"@type\":\"EntryPoint\",\"urlTemplate\":\"https:\/\/sonographycanada.ca\/?s={search_term_string}\"},\"query-input\":{\"@type\":\"PropertyValueSpecification\",\"valueRequired\":true,\"valueName\":\"search_term_string\"}}],\"inLanguage\":\"fr-FR\"}]}<\/script>\n<!-- \/ Yoast SEO plugin. -->","yoast_head_json":{"title":"Bourses d\u2019\u00e9tude comm\u00e9moratives Peter McLardie - pour \u00e9tudiants et \u00e9chographistes - \u00c9chographie Canada","robots":{"index":"index","follow":"follow","max-snippet":"max-snippet:-1","max-image-preview":"max-image-preview:large","max-video-preview":"max-video-preview:-1"},"canonical":"https:\/\/sonographycanada.ca\/fr\/adhesion\/prix-et-bourses\/bourses-detudes-et-dechographistes-commemoratives-peter-mclardie","og_locale":"fr_FR","og_type":"article","og_title":"Bourses d\u2019\u00e9tude comm\u00e9moratives Peter McLardie - pour \u00e9tudiants et \u00e9chographistes - \u00c9chographie Canada","og_description":"Peter McLardie, RTR, CRGS, CRVS, RDMS, RVT29 octobre 1951- 13 octobre 2009 \u00c0 la m\u00e9moire et en hommage \u00e0 Peter McLardie Cette bourse a \u00e9t\u00e9 cr\u00e9\u00e9e pour reconna\u00eetre les nombreuses contributions de Peter McLardie \u00e0 la profession de l\u2019\u00e9chographie au Canada. Une bourse est d\u00e9cern\u00e9e dans chacune de deux cat\u00e9gories afin d&#8217;accorder un soutien financier [&hellip;]","og_url":"https:\/\/sonographycanada.ca\/fr\/adhesion\/prix-et-bourses\/bourses-detudes-et-dechographistes-commemoratives-peter-mclardie","og_site_name":"\u00c9chographie Canada","article_modified_time":"2020-12-10T14:38:59+00:00","og_image":[{"url":"https:\/\/sonographycanada.ca\/app\/uploads\/2020\/12\/Peter-Mclardie.png"}],"twitter_card":"summary_large_image","twitter_misc":{"Est. reading time":"1 minute"},"schema":{"@context":"https:\/\/schema.org","@graph":[{"@type":"WebPage","@id":"https:\/\/sonographycanada.ca\/fr\/adhesion\/prix-et-bourses\/bourses-detudes-et-dechographistes-commemoratives-peter-mclardie","url":"https:\/\/sonographycanada.ca\/fr\/adhesion\/prix-et-bourses\/bourses-detudes-et-dechographistes-commemoratives-peter-mclardie","name":"Bourses d\u2019\u00e9tude comm\u00e9moratives Peter McLardie - pour \u00e9tudiants et \u00e9chographistes - \u00c9chographie Canada","isPartOf":{"@id":"https:\/\/sonographycanada.ca\/#website"},"primaryImageOfPage":{"@id":"https:\/\/sonographycanada.ca\/fr\/adhesion\/prix-et-bourses\/bourses-detudes-et-dechographistes-commemoratives-peter-mclardie#primaryimage"},"image":{"@id":"https:\/\/sonographycanada.ca\/fr\/adhesion\/prix-et-bourses\/bourses-detudes-et-dechographistes-commemoratives-peter-mclardie#primaryimage"},"thumbnailUrl":"https:\/\/sonographycanada.ca\/app\/uploads\/2020\/12\/Peter-Mclardie.png","datePublished":"2019-08-29T21:18:50+00:00","dateModified":"2020-12-10T14:38:59+00:00","breadcrumb":{"@id":"https:\/\/sonographycanada.ca\/fr\/adhesion\/prix-et-bourses\/bourses-detudes-et-dechographistes-commemoratives-peter-mclardie#breadcrumb"},"inLanguage":"fr-FR","potentialAction":[{"@type":"ReadAction","target":["https:\/\/sonographycanada.ca\/fr\/adhesion\/prix-et-bourses\/bourses-detudes-et-dechographistes-commemoratives-peter-mclardie"]}]},{"@type":"ImageObject","inLanguage":"fr-FR","@id":"https:\/\/sonographycanada.ca\/fr\/adhesion\/prix-et-bourses\/bourses-detudes-et-dechographistes-commemoratives-peter-mclardie#primaryimage","url":"https:\/\/sonographycanada.ca\/app\/uploads\/2020\/12\/Peter-Mclardie.png","contentUrl":"https:\/\/sonographycanada.ca\/app\/uploads\/2020\/12\/Peter-Mclardie.png"},{"@type":"BreadcrumbList","@id":"https:\/\/sonographycanada.ca\/fr\/adhesion\/prix-et-bourses\/bourses-detudes-et-dechographistes-commemoratives-peter-mclardie#breadcrumb","itemListElement":[{"@type":"ListItem","position":1,"name":"Accueil","item":"https:\/\/sonographycanada.ca\/fr"},{"@type":"ListItem","position":2,"name":"Adh\u00e9sion","item":"https:\/\/sonographycanada.ca\/fr\/adhesion"},{"@type":"ListItem","position":3,"name":"Prix et bourses","item":"https:\/\/sonographycanada.ca\/fr\/adhesion\/prix-et-bourses"},{"@type":"ListItem","position":4,"name":"Bourses d\u2019\u00e9tude comm\u00e9moratives Peter McLardie &#8211; pour \u00e9tudiants et \u00e9chographistes"}]},{"@type":"WebSite","@id":"https:\/\/sonographycanada.ca\/#website","url":"https:\/\/sonographycanada.ca\/","name":"\u00c9chographie Canada","description":"La voix des \u00e9chographistes m\u00e9dicaux diagnostiques au Canada","potentialAction":[{"@type":"SearchAction","target":{"@type":"EntryPoint","urlTemplate":"https:\/\/sonographycanada.ca\/?s={search_term_string}"},"query-input":{"@type":"PropertyValueSpecification","valueRequired":true,"valueName":"search_term_string"}}],"inLanguage":"fr-FR"}]}},"coauthors":[],"author_meta":{"author_link":"https:\/\/sonographycanada.ca\/fr\/author\/ce124cb3-74c2-4ca8-90e3-5f1af488d0df","display_name":"Beth Bresee"},"relative_dates":{"created":"Publi\u00e9 7 years il y a","modified":"Mis \u00e0 jour 5 years il y a"},"absolute_dates":{"created":"Publi\u00e9 le ao\u00fbt 29, 2019","modified":"Mise \u00e0 jour le d\u00e9cembre 10, 2020"},"absolute_dates_time":{"created":"Publi\u00e9 le ao\u00fbt 29, 2019 9:18 pm","modified":"Mise \u00e0 jour le d\u00e9cembre 10, 2020 2:38 pm"},"featured_img_caption":"","featured_img":false,"series_order":"","_links":{"self":[{"href":"https:\/\/sonographycanada.ca\/fr\/wp-json\/wp\/v2\/pages\/6588"}],"collection":[{"href":"https:\/\/sonographycanada.ca\/fr\/wp-json\/wp\/v2\/pages"}],"about":[{"href":"https:\/\/sonographycanada.ca\/fr\/wp-json\/wp\/v2\/types\/page"}],"author":[{"embeddable":true,"href":"https:\/\/sonographycanada.ca\/fr\/wp-json\/wp\/v2\/users\/99"}],"replies":[{"embeddable":true,"href":"https:\/\/sonographycanada.ca\/fr\/wp-json\/wp\/v2\/comments?post=6588"}],"version-history":[{"count":15,"href":"https:\/\/sonographycanada.ca\/fr\/wp-json\/wp\/v2\/pages\/6588\/revisions"}],"predecessor-version":[{"id":117835,"href":"https:\/\/sonographycanada.ca\/fr\/wp-json\/wp\/v2\/pages\/6588\/revisions\/117835"}],"up":[{"embeddable":true,"href":"https:\/\/sonographycanada.ca\/fr\/wp-json\/wp\/v2\/pages\/486"}],"wp:attachment":[{"href":"https:\/\/sonographycanada.ca\/fr\/wp-json\/wp\/v2\/media?parent=6588"}],"curies":[{"name":"wp","href":"https:\/\/api.w.org\/{rel}","templated":true}]}}