{"id":6948,"date":"2019-10-01T16:57:23","date_gmt":"2019-10-01T16:57:23","guid":{"rendered":"https:\/\/sonographycanada.ca\/?page_id=6948"},"modified":"2026-01-02T12:43:23","modified_gmt":"2026-01-02T17:43:23","slug":"titres-de-competence","status":"publish","type":"page","link":"https:\/\/sonographycanada.ca\/fr\/agrement\/titres-de-competence","title":{"rendered":"Titres de comp\u00e9tence"},"content":{"rendered":"<p> Les \u00e9chographistes qui souhaitent obtenir un titre de comp\u00e9tence canadien sont \u00e9valu\u00e9s en fonction des normes accept\u00e9es d\u00e9crites dans les <a rel=\"noreferrer noopener\" aria-label=\"Profils nationaux de comp\u00e9tence (opens in a new tab)\" href=\"https:\/\/sonographycanada.ca\/fr\/ressources\/competences-normes\" target=\"_blank\">Profils nationaux de comp\u00e9tence<\/a> d\u2019\u00c9chographie Canada. Un titre de comp\u00e9tence d\u2019\u00c9chographie Canada indique que le d\u00e9tenteur du titre a r\u00e9pondu aux exigences nationales de la profession en mati\u00e8re de formation et de comp\u00e9tences. Apr\u00e8s avoir obtenu sa certification et obtenu un titre de comp\u00e9tence, la personne est alors tenue professionnellement responsable de respecter les <a rel=\"noreferrer noopener\" aria-label=\" (opens in a new tab)\" href=\"https:\/\/sonographycanada.ca\/app\/uploads\/2019\/04\/PPGuideline-and-Policies-Sept-2018-FINAL.pdf\" target=\"_blank\">Lignes directrices de pratique professionnelle et politiques des membres <\/a>d\u2019\u00c9chographie Canada.   <br><br>Les cliniques et les h\u00f4pitaux qui embauchent des \u00e9chographistes imposent fr\u00e9quemment la possession d\u2019un titre de comp\u00e9tence d&#8217;\u00c9chographie Canada comme condition d\u2019emploi. <\/p><h2 class=\"wp-block-heading\"><strong>Quels sont les titres de comp\u00e9tence d\u2019\u00c9chographie Canada?<\/strong><strong><\/strong><\/h2><p>\u00c9chographie Canada accorde des titres de comp\u00e9tence dans trois domaines de sp\u00e9cialisation&nbsp;:<\/p><p><strong>\u00c9chographiste g\u00e9n\u00e9raliste canadien autoris\u00e9 (CRGS<sup>\u00ae<\/sup>)<\/strong> \u2013 d\u00e9signe un \u00e9chographiste certifi\u00e9 pour r\u00e9aliser des examens de l\u2019abdomen, du bassin chez la femme et l\u2019homme, de l\u2019obst\u00e9trique, des veines p\u00e9riph\u00e9riques pour une TVP et des structures superficielles, y compris, mais non limit\u00e9, la thyro\u00efde et le scrotum.<\/p><p><strong>\u00c9chographiste cardiaque canadien autoris\u00e9 (CRCS<sup>\u00ae<\/sup>) \u2013<\/strong> comprend l\u2019anatomie, la fonction, la physiologie, et la pathologie cardiaques chez l&#8217;adulte et l&#8217;\u00e9valuation cong\u00e9nitale chez l&#8217;adulte.<\/p><p><strong>\u00c9chographiste vasculaire canadien autoris\u00e9 (CRVS<sup>\u00ae<\/sup>) \u2013 <\/strong>comprend l\u2019imagerie ultrasonique vasculaire d\u00e9di\u00e9e, y compris, mais non limit\u00e9, les vaisseaux de l\u2019abdomen, les examens art\u00e9riels et veineux des membres sup\u00e9rieurs et inf\u00e9rieurs, de la t\u00eate et du cou et l\u2019\u00e9valuation physiologique des art\u00e8res.<\/p><p><em><strong>\u00c9chographiste canadien autoris\u00e9 (CRA)<\/strong> \u2013 <\/em>d\u00e9signe un \u00e9chographiste d\u00e9tenant un titre de comp\u00e9tence limit\u00e9 dans un volet particulier du titre de comp\u00e9tence CRGS<strong><sup>\u00ae <\/sup><\/strong>complet. Ces \u00e9chographistes d\u00e9tiennent un titre de comp\u00e9tence pour l\u2019abdomen ou l\u2019obst\u00e9trique et la gyn\u00e9cologie. <em>(Nota : Il n\u2019est plus possible d\u2019obtenir ce titre de comp\u00e9tence limit\u00e9.)<\/em><\/p><p>Ces d\u00e9signations de titre de comp\u00e9tence sont r\u00e9serv\u00e9es aux personnes certifi\u00e9es\/ayant obtenu un titre de comp\u00e9tence d\u2019\u00c9chographie Canada et qui demeurent en tout temps des membres en r\u00e8gle d\u2019\u00c9chographie Canada.<\/p><h2 class=\"wp-block-heading\">Les titres de comp\u00e9tence sont importants<\/h2><h4 class=\"wp-block-heading\"><strong>Ils valident les connaissances, les comp\u00e9tences, le jugement et les aptitudes cliniques<\/strong><\/h4><p>Trouver, embaucher, former et retenir des employ\u00e9s qualifi\u00e9s et de qualit\u00e9 peut \u00eatre une t\u00e2che qui prend du temps. Les personnes poss\u00e9dant des titres de comp\u00e9tence peuvent \u00eatre imm\u00e9diatement op\u00e9rationnelles et ont g\u00e9n\u00e9ralement besoin de beaucoup moins de formation en cours d&#8217;emploi. Les employeurs gagnent un temps pr\u00e9cieux en exigeant un titre de comp\u00e9tence comme condition d\u2019emploi essentielle.<\/p><h4 class=\"wp-block-heading\"><strong>Ils \u00e9tablissent une voie claire pour l&#8217;avancement de la carri\u00e8re<\/strong><\/h4><p>L&#8217;\u00e9chographie est de plus en plus reconnue comme une profession et est progressivement r\u00e9glement\u00e9e au Canada. Les \u00e9chographistes peuvent accro\u00eetre leur cr\u00e9dibilit\u00e9 et leur admissibilit\u00e9 \u00e0 des promotions ou \u00e0 de nouvelles possibilit\u00e9s d&#8217;emploi en obtenant ou en rajoutant \u00e0 leurs titres de comp\u00e9tence.<\/p><h4 class=\"wp-block-heading\"><strong>Ils favorisent la s\u00e9curit\u00e9 des patients<\/strong><\/h4><p>Les titres de comp\u00e9tence sont un \u00e9l\u00e9ment essentiel de la professionnalisation de l&#8217;\u00e9chographie m\u00e9dicale diagnostique. Ainsi, la stipulation voulant que les \u00e9chographistes ne pratiquent que dans les domaines dans lesquels ils sont form\u00e9s et exp\u00e9riment\u00e9s existe d\u00e9j\u00e0 ou est pr\u00e9vue. Lorsque les Canadiens entrent dans un \u00e9tablissement de sant\u00e9, ils s&#8217;attendent \u00e0 ce que les employ\u00e9s soient qualifi\u00e9s pour effectuer l&#8217;examen demand\u00e9 par leur m\u00e9decin.<\/p><h4 class=\"wp-block-heading\"><strong>Ils soutiennent la gestion des risques<\/strong><\/h4><p>Les titres de comp\u00e9tence contribuent \u00e0 garantir des soins de qualit\u00e9 constante aux patients et \u00e0 r\u00e9duire l&#8217;incidence de l&#8217;incomp\u00e9tence, de la mauvaise conduite ou de l&#8217;incapacit\u00e9 professionnelle. L&#8217;embauche de personnel qualifi\u00e9 pour fournir des soins de qualit\u00e9 aux patients permet d&#8217;\u00e9viter les pertes de revenus et les probl\u00e8mes juridiques potentiels.<\/p><p><strong><a href=\"https:\/\/sonographycanada.ca\/app\/uploads\/2021\/07\/Fiche-dinformation-La-valeur-des-titres-de-comp\u00e9tence.pdf\">Cliquez ici<\/a> pour t\u00e9l\u00e9charger une fiche d&#8217;information sur la valeur des titres de comp\u00e9tence.<\/strong><\/p><p><\/p>","protected":false},"excerpt":{"rendered":"<p>Les \u00e9chographistes qui souhaitent obtenir un titre de comp\u00e9tence canadien sont \u00e9valu\u00e9s en fonction des normes accept\u00e9es d\u00e9crites dans les Profils nationaux de comp\u00e9tence d\u2019\u00c9chographie Canada. Un titre de comp\u00e9tence d\u2019\u00c9chographie Canada indique que le d\u00e9tenteur du titre a r\u00e9pondu aux exigences nationales de la profession en mati\u00e8re de formation et de comp\u00e9tences. Apr\u00e8s avoir [&hellip;]<\/p>\n","protected":false},"author":99,"featured_media":0,"parent":526,"menu_order":10,"comment_status":"closed","ping_status":"closed","template":"","meta":{"_acf_changed":false,"advgb_blocks_editor_width":"","advgb_blocks_columns_visual_guide":"","wicket_organization":"","_seat_count":"","_member_id":[],"_edit_last":"11984","_start_date":"","_end_date":"","footnotes":""},"class_list":["post-6948","page","type-page","status-publish","hentry"],"acf":[],"yoast_head":"<!-- This site is optimized with the Yoast SEO plugin v23.5 - https:\/\/yoast.com\/wordpress\/plugins\/seo\/ -->\n<title>Titres de comp\u00e9tence - \u00c9chographie Canada<\/title>\n<meta name=\"robots\" content=\"index, follow, max-snippet:-1, max-image-preview:large, max-video-preview:-1\" \/>\n<link rel=\"canonical\" href=\"https:\/\/sonographycanada.ca\/fr\/agrement\/titres-de-competence\" \/>\n<meta property=\"og:locale\" content=\"fr_FR\" \/>\n<meta property=\"og:type\" content=\"article\" \/>\n<meta property=\"og:title\" content=\"Titres de comp\u00e9tence - \u00c9chographie Canada\" \/>\n<meta property=\"og:description\" content=\"Les \u00e9chographistes qui souhaitent obtenir un titre de comp\u00e9tence canadien sont \u00e9valu\u00e9s en fonction des normes accept\u00e9es d\u00e9crites dans les Profils nationaux de comp\u00e9tence d\u2019\u00c9chographie Canada. Un titre de comp\u00e9tence d\u2019\u00c9chographie Canada indique que le d\u00e9tenteur du titre a r\u00e9pondu aux exigences nationales de la profession en mati\u00e8re de formation et de comp\u00e9tences. Apr\u00e8s avoir [&hellip;]\" \/>\n<meta property=\"og:url\" content=\"https:\/\/sonographycanada.ca\/fr\/agrement\/titres-de-competence\" \/>\n<meta property=\"og:site_name\" content=\"\u00c9chographie Canada\" \/>\n<meta property=\"article:modified_time\" content=\"2026-01-02T17:43:23+00:00\" \/>\n<meta name=\"twitter:card\" content=\"summary_large_image\" \/>\n<meta name=\"twitter:label1\" content=\"Est. reading time\" \/>\n\t<meta name=\"twitter:data1\" content=\"3 minutes\" \/>\n<script type=\"application\/ld+json\" class=\"yoast-schema-graph\">{\"@context\":\"https:\/\/schema.org\",\"@graph\":[{\"@type\":\"WebPage\",\"@id\":\"https:\/\/sonographycanada.ca\/fr\/agrement\/titres-de-competence\",\"url\":\"https:\/\/sonographycanada.ca\/fr\/agrement\/titres-de-competence\",\"name\":\"Titres de comp\u00e9tence - \u00c9chographie Canada\",\"isPartOf\":{\"@id\":\"https:\/\/sonographycanada.ca\/#website\"},\"datePublished\":\"2019-10-01T16:57:23+00:00\",\"dateModified\":\"2026-01-02T17:43:23+00:00\",\"breadcrumb\":{\"@id\":\"https:\/\/sonographycanada.ca\/fr\/agrement\/titres-de-competence#breadcrumb\"},\"inLanguage\":\"fr-FR\",\"potentialAction\":[{\"@type\":\"ReadAction\",\"target\":[\"https:\/\/sonographycanada.ca\/fr\/agrement\/titres-de-competence\"]}]},{\"@type\":\"BreadcrumbList\",\"@id\":\"https:\/\/sonographycanada.ca\/fr\/agrement\/titres-de-competence#breadcrumb\",\"itemListElement\":[{\"@type\":\"ListItem\",\"position\":1,\"name\":\"Accueil\",\"item\":\"https:\/\/sonographycanada.ca\/fr\"},{\"@type\":\"ListItem\",\"position\":2,\"name\":\"Certification\",\"item\":\"https:\/\/sonographycanada.ca\/certification\"},{\"@type\":\"ListItem\",\"position\":3,\"name\":\"Titres de comp\u00e9tence\"}]},{\"@type\":\"WebSite\",\"@id\":\"https:\/\/sonographycanada.ca\/#website\",\"url\":\"https:\/\/sonographycanada.ca\/\",\"name\":\"\u00c9chographie Canada\",\"description\":\"La voix des \u00e9chographistes m\u00e9dicaux diagnostiques au Canada\",\"potentialAction\":[{\"@type\":\"SearchAction\",\"target\":{\"@type\":\"EntryPoint\",\"urlTemplate\":\"https:\/\/sonographycanada.ca\/?s={search_term_string}\"},\"query-input\":{\"@type\":\"PropertyValueSpecification\",\"valueRequired\":true,\"valueName\":\"search_term_string\"}}],\"inLanguage\":\"fr-FR\"}]}<\/script>\n<!-- \/ Yoast SEO plugin. -->","yoast_head_json":{"title":"Titres de comp\u00e9tence - \u00c9chographie Canada","robots":{"index":"index","follow":"follow","max-snippet":"max-snippet:-1","max-image-preview":"max-image-preview:large","max-video-preview":"max-video-preview:-1"},"canonical":"https:\/\/sonographycanada.ca\/fr\/agrement\/titres-de-competence","og_locale":"fr_FR","og_type":"article","og_title":"Titres de comp\u00e9tence - \u00c9chographie Canada","og_description":"Les \u00e9chographistes qui souhaitent obtenir un titre de comp\u00e9tence canadien sont \u00e9valu\u00e9s en fonction des normes accept\u00e9es d\u00e9crites dans les Profils nationaux de comp\u00e9tence d\u2019\u00c9chographie Canada. Un titre de comp\u00e9tence d\u2019\u00c9chographie Canada indique que le d\u00e9tenteur du titre a r\u00e9pondu aux exigences nationales de la profession en mati\u00e8re de formation et de comp\u00e9tences. Apr\u00e8s avoir [&hellip;]","og_url":"https:\/\/sonographycanada.ca\/fr\/agrement\/titres-de-competence","og_site_name":"\u00c9chographie Canada","article_modified_time":"2026-01-02T17:43:23+00:00","twitter_card":"summary_large_image","twitter_misc":{"Est. reading time":"3 minutes"},"schema":{"@context":"https:\/\/schema.org","@graph":[{"@type":"WebPage","@id":"https:\/\/sonographycanada.ca\/fr\/agrement\/titres-de-competence","url":"https:\/\/sonographycanada.ca\/fr\/agrement\/titres-de-competence","name":"Titres de comp\u00e9tence - \u00c9chographie Canada","isPartOf":{"@id":"https:\/\/sonographycanada.ca\/#website"},"datePublished":"2019-10-01T16:57:23+00:00","dateModified":"2026-01-02T17:43:23+00:00","breadcrumb":{"@id":"https:\/\/sonographycanada.ca\/fr\/agrement\/titres-de-competence#breadcrumb"},"inLanguage":"fr-FR","potentialAction":[{"@type":"ReadAction","target":["https:\/\/sonographycanada.ca\/fr\/agrement\/titres-de-competence"]}]},{"@type":"BreadcrumbList","@id":"https:\/\/sonographycanada.ca\/fr\/agrement\/titres-de-competence#breadcrumb","itemListElement":[{"@type":"ListItem","position":1,"name":"Accueil","item":"https:\/\/sonographycanada.ca\/fr"},{"@type":"ListItem","position":2,"name":"Certification","item":"https:\/\/sonographycanada.ca\/certification"},{"@type":"ListItem","position":3,"name":"Titres de comp\u00e9tence"}]},{"@type":"WebSite","@id":"https:\/\/sonographycanada.ca\/#website","url":"https:\/\/sonographycanada.ca\/","name":"\u00c9chographie Canada","description":"La voix des \u00e9chographistes m\u00e9dicaux diagnostiques au Canada","potentialAction":[{"@type":"SearchAction","target":{"@type":"EntryPoint","urlTemplate":"https:\/\/sonographycanada.ca\/?s={search_term_string}"},"query-input":{"@type":"PropertyValueSpecification","valueRequired":true,"valueName":"search_term_string"}}],"inLanguage":"fr-FR"}]}},"coauthors":[],"author_meta":{"author_link":"https:\/\/sonographycanada.ca\/fr\/author\/ce124cb3-74c2-4ca8-90e3-5f1af488d0df","display_name":"Beth Bresee"},"relative_dates":{"created":"Publi\u00e9 7 years il y a","modified":"Mis \u00e0 jour 3 months il y a"},"absolute_dates":{"created":"Publi\u00e9 le octobre 1, 2019","modified":"Mise \u00e0 jour le janvier 2, 2026"},"absolute_dates_time":{"created":"Publi\u00e9 le octobre 1, 2019 4:57 pm","modified":"Mise \u00e0 jour le janvier 2, 2026 12:43 pm"},"featured_img_caption":"","featured_img":false,"series_order":"","_links":{"self":[{"href":"https:\/\/sonographycanada.ca\/fr\/wp-json\/wp\/v2\/pages\/6948"}],"collection":[{"href":"https:\/\/sonographycanada.ca\/fr\/wp-json\/wp\/v2\/pages"}],"about":[{"href":"https:\/\/sonographycanada.ca\/fr\/wp-json\/wp\/v2\/types\/page"}],"author":[{"embeddable":true,"href":"https:\/\/sonographycanada.ca\/fr\/wp-json\/wp\/v2\/users\/99"}],"replies":[{"embeddable":true,"href":"https:\/\/sonographycanada.ca\/fr\/wp-json\/wp\/v2\/comments?post=6948"}],"version-history":[{"count":12,"href":"https:\/\/sonographycanada.ca\/fr\/wp-json\/wp\/v2\/pages\/6948\/revisions"}],"predecessor-version":[{"id":304701,"href":"https:\/\/sonographycanada.ca\/fr\/wp-json\/wp\/v2\/pages\/6948\/revisions\/304701"}],"up":[{"embeddable":true,"href":"https:\/\/sonographycanada.ca\/fr\/wp-json\/wp\/v2\/pages\/526"}],"wp:attachment":[{"href":"https:\/\/sonographycanada.ca\/fr\/wp-json\/wp\/v2\/media?parent=6948"}],"curies":[{"name":"wp","href":"https:\/\/api.w.org\/{rel}","templated":true}]}}