{"id":6954,"date":"2019-10-01T17:08:51","date_gmt":"2019-10-01T17:08:51","guid":{"rendered":"https:\/\/sonographycanada.ca\/?page_id=6954"},"modified":"2026-01-02T12:44:32","modified_gmt":"2026-01-02T17:44:32","slug":"obtenir-un-titre-de-competence","status":"publish","type":"page","link":"https:\/\/sonographycanada.ca\/fr\/agrement\/obtenir-un-titre-de-competence","title":{"rendered":"Obtenir des titres de comp\u00e9tence"},"content":{"rendered":"<h2 class=\"wp-block-heading\"><strong>Comment\nobtenir un titre de comp\u00e9tence d\u2019\u00c9chographie Canada<\/strong><strong><\/strong><\/h2><p>L\u2019obtention d\u2019un titre de comp\u00e9tence d\u2019\u00c9chographie Canada est un processus \u00e0 deux volets&nbsp;:&nbsp;en s\u2019inscrivant \u00e0 un examen fond\u00e9 sur les connaissances et en participant \u00e0 un volet clinique appel\u00e9 l\u2019\u00c9valuation canadienne des comp\u00e9tences cliniques (\u00c9CCC<sup>MD<\/sup>). Le candidat doit r\u00e9ussir les deux volets pour obtenir un titre de comp\u00e9tence.<\/p><p>Il existe deux voies d&#8217;acc\u00e8s aux titres de comp\u00e9tence d\u2019\u00c9chographie Canada&nbsp;:<\/p><ol class=\"wp-block-list\"><li><strong>Dipl\u00f4m\u00e9s d\u2019un programme d\u2019\u00e9chographie accr\u00e9dit\u00e9 canadien\u00a0: <\/strong><em>Les personnes qui ont r\u00e9ussi un programme d\u2019\u00e9tude dans un \u00e9tablissement canadien accr\u00e9dit\u00e9 par Agr\u00e9ment Canada.<\/em>  Si c\u2019est le cas pour vous, veuillez cliquer <strong><a href=\"https:\/\/sonographycanada.ca\/fr\/agrement\/candidats-diplomes-de-programmes-accredites-toute-les-autres-externe\" target=\"_blank\" rel=\"noreferrer noopener\">ICI<\/a><\/strong>. <\/li><\/ol><ol start=\"2\" class=\"wp-block-list\"><li><strong>Candidat externe suivant une voie alternative\u00a0: <\/strong><em>Ce qui suit peut s\u2019appliquer aux personnes qui souhaitent obtenir un titre de comp\u00e9tence d\u2019\u00c9chographie Canada, mais qui n\u2019ont pas suivi un programme d\u2019\u00e9tude canadien accr\u00e9dit\u00e9 en \u00e9chographie\u00a0:<\/em><\/li><\/ol><ul class=\"wp-block-list\"><li>Des professionnels d\u00e9tenteurs d\u2019un titre de<br>comp\u00e9tence international (y compris ARDMS\/CCI) ou professionnels ayant obtenu une<br>formation m\u00e9dicale \u00e0 l\u2019ext\u00e9rieur du Canada<\/li>\n\n<li>Les personnes poss\u00e9dant un titre de comp\u00e9tence<br>d\u2019\u00c9chographie Canada qui souhaitent obtenir un autre titre de comp\u00e9tence<\/li>\n\n<li>Les personnes poss\u00e9dant un titre de comp\u00e9tence<br>d\u2019\u00c9chographie Canada qui souhaitent ajouter \u00e0 leur titre de comp\u00e9tence limit\u00e9<\/li><\/ul><p>Si c\u2019est le cas pour vous, veuillez cliquer <strong><a href=\"https:\/\/sonographycanada.ca\/fr\/agrement\/candidats-externes-suivant-une-voie-alternative\" target=\"_blank\" rel=\"noreferrer noopener\" aria-label=\"ICI (opens in a new tab)\">ICI<\/a><\/strong>.<\/p><p>Veuillez communiquer avec \u00c9chographie Canada si vous avez des questions en acheminant un courriel \u00e0 <a href=\"mailto:info@sonographycanada.ca\">info@sonographycanada.ca<\/a>.<\/p><p><\/p>","protected":false},"excerpt":{"rendered":"<p>Comment obtenir un titre de comp\u00e9tence d\u2019\u00c9chographie Canada L\u2019obtention d\u2019un titre de comp\u00e9tence d\u2019\u00c9chographie Canada est un processus \u00e0 deux volets&nbsp;:&nbsp;en s\u2019inscrivant \u00e0 un examen fond\u00e9 sur les connaissances et en participant \u00e0 un volet clinique appel\u00e9 l\u2019\u00c9valuation canadienne des comp\u00e9tences cliniques (\u00c9CCCMD). Le candidat doit r\u00e9ussir les deux volets pour obtenir un titre de [&hellip;]<\/p>\n","protected":false},"author":99,"featured_media":0,"parent":526,"menu_order":20,"comment_status":"closed","ping_status":"closed","template":"","meta":{"_acf_changed":false,"advgb_blocks_editor_width":"","advgb_blocks_columns_visual_guide":"","wicket_organization":"","_seat_count":"","_member_id":[],"_edit_last":"11984","_start_date":"","_end_date":"","footnotes":""},"class_list":["post-6954","page","type-page","status-publish","hentry"],"acf":[],"yoast_head":"<!-- This site is optimized with the Yoast SEO plugin v23.5 - https:\/\/yoast.com\/wordpress\/plugins\/seo\/ -->\n<title>Obtenir des titres de comp\u00e9tence - \u00c9chographie Canada<\/title>\n<meta name=\"robots\" content=\"index, follow, max-snippet:-1, max-image-preview:large, max-video-preview:-1\" \/>\n<link rel=\"canonical\" href=\"https:\/\/sonographycanada.ca\/fr\/agrement\/obtenir-un-titre-de-competence\" \/>\n<meta property=\"og:locale\" content=\"fr_FR\" \/>\n<meta property=\"og:type\" content=\"article\" \/>\n<meta property=\"og:title\" content=\"Obtenir des titres de comp\u00e9tence - \u00c9chographie Canada\" \/>\n<meta property=\"og:description\" content=\"Comment obtenir un titre de comp\u00e9tence d\u2019\u00c9chographie Canada L\u2019obtention d\u2019un titre de comp\u00e9tence d\u2019\u00c9chographie Canada est un processus \u00e0 deux volets&nbsp;:&nbsp;en s\u2019inscrivant \u00e0 un examen fond\u00e9 sur les connaissances et en participant \u00e0 un volet clinique appel\u00e9 l\u2019\u00c9valuation canadienne des comp\u00e9tences cliniques (\u00c9CCCMD). Le candidat doit r\u00e9ussir les deux volets pour obtenir un titre de [&hellip;]\" \/>\n<meta property=\"og:url\" content=\"https:\/\/sonographycanada.ca\/fr\/agrement\/obtenir-un-titre-de-competence\" \/>\n<meta property=\"og:site_name\" content=\"\u00c9chographie Canada\" \/>\n<meta property=\"article:modified_time\" content=\"2026-01-02T17:44:32+00:00\" \/>\n<meta name=\"twitter:card\" content=\"summary_large_image\" \/>\n<meta name=\"twitter:label1\" content=\"Est. reading time\" \/>\n\t<meta name=\"twitter:data1\" content=\"1 minute\" \/>\n<script type=\"application\/ld+json\" class=\"yoast-schema-graph\">{\"@context\":\"https:\/\/schema.org\",\"@graph\":[{\"@type\":\"WebPage\",\"@id\":\"https:\/\/sonographycanada.ca\/fr\/agrement\/obtenir-un-titre-de-competence\",\"url\":\"https:\/\/sonographycanada.ca\/fr\/agrement\/obtenir-un-titre-de-competence\",\"name\":\"Obtenir des titres de comp\u00e9tence - \u00c9chographie Canada\",\"isPartOf\":{\"@id\":\"https:\/\/sonographycanada.ca\/#website\"},\"datePublished\":\"2019-10-01T17:08:51+00:00\",\"dateModified\":\"2026-01-02T17:44:32+00:00\",\"breadcrumb\":{\"@id\":\"https:\/\/sonographycanada.ca\/fr\/agrement\/obtenir-un-titre-de-competence#breadcrumb\"},\"inLanguage\":\"fr-FR\",\"potentialAction\":[{\"@type\":\"ReadAction\",\"target\":[\"https:\/\/sonographycanada.ca\/fr\/agrement\/obtenir-un-titre-de-competence\"]}]},{\"@type\":\"BreadcrumbList\",\"@id\":\"https:\/\/sonographycanada.ca\/fr\/agrement\/obtenir-un-titre-de-competence#breadcrumb\",\"itemListElement\":[{\"@type\":\"ListItem\",\"position\":1,\"name\":\"Accueil\",\"item\":\"https:\/\/sonographycanada.ca\/fr\"},{\"@type\":\"ListItem\",\"position\":2,\"name\":\"Certification\",\"item\":\"https:\/\/sonographycanada.ca\/certification\"},{\"@type\":\"ListItem\",\"position\":3,\"name\":\"Obtenir des titres de comp\u00e9tence\"}]},{\"@type\":\"WebSite\",\"@id\":\"https:\/\/sonographycanada.ca\/#website\",\"url\":\"https:\/\/sonographycanada.ca\/\",\"name\":\"\u00c9chographie Canada\",\"description\":\"La voix des \u00e9chographistes m\u00e9dicaux diagnostiques au Canada\",\"potentialAction\":[{\"@type\":\"SearchAction\",\"target\":{\"@type\":\"EntryPoint\",\"urlTemplate\":\"https:\/\/sonographycanada.ca\/?s={search_term_string}\"},\"query-input\":{\"@type\":\"PropertyValueSpecification\",\"valueRequired\":true,\"valueName\":\"search_term_string\"}}],\"inLanguage\":\"fr-FR\"}]}<\/script>\n<!-- \/ Yoast SEO plugin. -->","yoast_head_json":{"title":"Obtenir des titres de comp\u00e9tence - \u00c9chographie Canada","robots":{"index":"index","follow":"follow","max-snippet":"max-snippet:-1","max-image-preview":"max-image-preview:large","max-video-preview":"max-video-preview:-1"},"canonical":"https:\/\/sonographycanada.ca\/fr\/agrement\/obtenir-un-titre-de-competence","og_locale":"fr_FR","og_type":"article","og_title":"Obtenir des titres de comp\u00e9tence - \u00c9chographie Canada","og_description":"Comment obtenir un titre de comp\u00e9tence d\u2019\u00c9chographie Canada L\u2019obtention d\u2019un titre de comp\u00e9tence d\u2019\u00c9chographie Canada est un processus \u00e0 deux volets&nbsp;:&nbsp;en s\u2019inscrivant \u00e0 un examen fond\u00e9 sur les connaissances et en participant \u00e0 un volet clinique appel\u00e9 l\u2019\u00c9valuation canadienne des comp\u00e9tences cliniques (\u00c9CCCMD). Le candidat doit r\u00e9ussir les deux volets pour obtenir un titre de [&hellip;]","og_url":"https:\/\/sonographycanada.ca\/fr\/agrement\/obtenir-un-titre-de-competence","og_site_name":"\u00c9chographie Canada","article_modified_time":"2026-01-02T17:44:32+00:00","twitter_card":"summary_large_image","twitter_misc":{"Est. reading time":"1 minute"},"schema":{"@context":"https:\/\/schema.org","@graph":[{"@type":"WebPage","@id":"https:\/\/sonographycanada.ca\/fr\/agrement\/obtenir-un-titre-de-competence","url":"https:\/\/sonographycanada.ca\/fr\/agrement\/obtenir-un-titre-de-competence","name":"Obtenir des titres de comp\u00e9tence - \u00c9chographie Canada","isPartOf":{"@id":"https:\/\/sonographycanada.ca\/#website"},"datePublished":"2019-10-01T17:08:51+00:00","dateModified":"2026-01-02T17:44:32+00:00","breadcrumb":{"@id":"https:\/\/sonographycanada.ca\/fr\/agrement\/obtenir-un-titre-de-competence#breadcrumb"},"inLanguage":"fr-FR","potentialAction":[{"@type":"ReadAction","target":["https:\/\/sonographycanada.ca\/fr\/agrement\/obtenir-un-titre-de-competence"]}]},{"@type":"BreadcrumbList","@id":"https:\/\/sonographycanada.ca\/fr\/agrement\/obtenir-un-titre-de-competence#breadcrumb","itemListElement":[{"@type":"ListItem","position":1,"name":"Accueil","item":"https:\/\/sonographycanada.ca\/fr"},{"@type":"ListItem","position":2,"name":"Certification","item":"https:\/\/sonographycanada.ca\/certification"},{"@type":"ListItem","position":3,"name":"Obtenir des titres de comp\u00e9tence"}]},{"@type":"WebSite","@id":"https:\/\/sonographycanada.ca\/#website","url":"https:\/\/sonographycanada.ca\/","name":"\u00c9chographie Canada","description":"La voix des \u00e9chographistes m\u00e9dicaux diagnostiques au Canada","potentialAction":[{"@type":"SearchAction","target":{"@type":"EntryPoint","urlTemplate":"https:\/\/sonographycanada.ca\/?s={search_term_string}"},"query-input":{"@type":"PropertyValueSpecification","valueRequired":true,"valueName":"search_term_string"}}],"inLanguage":"fr-FR"}]}},"coauthors":[],"author_meta":{"author_link":"https:\/\/sonographycanada.ca\/fr\/author\/ce124cb3-74c2-4ca8-90e3-5f1af488d0df","display_name":"Beth Bresee"},"relative_dates":{"created":"Publi\u00e9 7 years il y a","modified":"Mis \u00e0 jour 3 months il y a"},"absolute_dates":{"created":"Publi\u00e9 le octobre 1, 2019","modified":"Mise \u00e0 jour le janvier 2, 2026"},"absolute_dates_time":{"created":"Publi\u00e9 le octobre 1, 2019 5:08 pm","modified":"Mise \u00e0 jour le janvier 2, 2026 12:44 pm"},"featured_img_caption":"","featured_img":false,"series_order":"","_links":{"self":[{"href":"https:\/\/sonographycanada.ca\/fr\/wp-json\/wp\/v2\/pages\/6954"}],"collection":[{"href":"https:\/\/sonographycanada.ca\/fr\/wp-json\/wp\/v2\/pages"}],"about":[{"href":"https:\/\/sonographycanada.ca\/fr\/wp-json\/wp\/v2\/types\/page"}],"author":[{"embeddable":true,"href":"https:\/\/sonographycanada.ca\/fr\/wp-json\/wp\/v2\/users\/99"}],"replies":[{"embeddable":true,"href":"https:\/\/sonographycanada.ca\/fr\/wp-json\/wp\/v2\/comments?post=6954"}],"version-history":[{"count":7,"href":"https:\/\/sonographycanada.ca\/fr\/wp-json\/wp\/v2\/pages\/6954\/revisions"}],"predecessor-version":[{"id":304702,"href":"https:\/\/sonographycanada.ca\/fr\/wp-json\/wp\/v2\/pages\/6954\/revisions\/304702"}],"up":[{"embeddable":true,"href":"https:\/\/sonographycanada.ca\/fr\/wp-json\/wp\/v2\/pages\/526"}],"wp:attachment":[{"href":"https:\/\/sonographycanada.ca\/fr\/wp-json\/wp\/v2\/media?parent=6954"}],"curies":[{"name":"wp","href":"https:\/\/api.w.org\/{rel}","templated":true}]}}