{"id":6963,"date":"2019-10-01T17:52:44","date_gmt":"2019-10-01T17:52:44","guid":{"rendered":"https:\/\/sonographycanada.ca\/?page_id=6963"},"modified":"2026-01-14T12:14:23","modified_gmt":"2026-01-14T17:14:23","slug":"candidats-externes-suivant-une-voie-alternative","status":"publish","type":"page","link":"https:\/\/sonographycanada.ca\/fr\/agrement\/candidats-externes-suivant-une-voie-alternative","title":{"rendered":"Candidats suivant une voie alternative"},"content":{"rendered":"<h3 class=\"wp-block-heading\">**\u00c9chographie Canada accepte maintenant de <a href=\"https:\/\/sonographycanada.ca\/newcomers-application-for-external-candidates\">nouvelles can<\/a><a href=\"https:\/\/sonographycanada.ca\/product\/application-for-alternative-pathway-candidates\">didatures<\/a> pour la voie alternative.**<\/h3><p><\/p><p class=\"has-vivid-red-color has-text-color\"><strong>Nous avons maintenant relanc\u00e9 les \u00c9valuations canadiennes des comp\u00e9tences cliniques (\u00c9CCC<sup>MD<\/sup>). Les d\u00e9lais d&#8217;admissibilit\u00e9 seront ajust\u00e9s en cons\u00e9quence pour les personnes touch\u00e9es par la fermeture. <\/strong><\/p><p>Les personnes qui n\u2019ont pas compl\u00e9t\u00e9 un programme canadien accr\u00e9dit\u00e9 en \u00e9chographie ou qui sont \u00e0 la recherche d&#8217;un titre de comp\u00e9tence additionnel peuvent pr\u00e9senter une demande en tant que <em>candidat suivant une voie alternative<\/em> pour obtenir un\/des titre(s) de comp\u00e9tence d\u2019\u00c9chographie Canada.<\/p><p>Ces candidats doivent soumettre un formulaire de candidature pour la voie alternative pour entamer le processus. La candidature sera \u00e9valu\u00e9e en fonction de la politique d\u2019admissibilit\u00e9 d\u2019\u00c9chographie Canada. <strong>Veuillez noter<\/strong> que ce processus peut prendre jusqu&#8217;\u00e0 six (6) semaines.<\/p><p>Les candidats approuv\u00e9s peut aller de l\u2019avant avec le processus d\u2019obtention d\u2019un titre de comp\u00e9tence, les examens fond\u00e9s sur les connaissances, et l\u2019\u00c9valuation canadienne des comp\u00e9tences cliniques (\u00c9CCC<sup>MD<\/sup>).<\/p><p>Pour obtenir d\u2019autres renseignements au sujet des conditions pr\u00e9alables, veuillez cliquer <a href=\"https:\/\/sonographycanada.ca\/certification\/alternate-pathway-applicants\" target=\"_blank\" rel=\"noreferrer noopener\">ICI<\/a>.<\/p><p><\/p><ul class=\"wp-block-list\"><li><a aria-label=\"Politique d\u2019admissibilit\u00e9 des candidats externes (opens in a new tab)\" href=\"https:\/\/sonographycanada.ca\/app\/uploads\/2019\/10\/External-Eligibility-Policy-revised-2018-04-30FRE.pdf\" target=\"_blank\" rel=\"noreferrer noopener\">Politique d\u2019admissibilit\u00e9 des candidats externes<\/a><\/li>\n\n<li><a href=\"https:\/\/sonographycanada.ca\/app\/uploads\/2024\/06\/Candidate-Guide-EN-updated-June-2024.pdf\"><\/a><a href=\"https:\/\/sonographycanada.ca\/app\/uploads\/2025\/01\/Candidate-Guide-EN-Dec-24.pdf\" target=\"_blank\" rel=\"noreferrer noopener\">Guid<\/a><a href=\"https:\/\/sonographycanada.ca\/app\/uploads\/2026\/01\/Candidate-Guide-FR-Jan-2026.pdf\" target=\"_blank\" rel=\"noreferrer noopener\">e du candidat<\/a><\/li>\n\n<li><a href=\"https:\/\/sonographycanada.ca\/app\/uploads\/2019\/03\/External-Algorithm-Dec-2016.pdf\" target=\"_blank\" rel=\"noreferrer noopener\">Algorithme g\u00e9n\u00e9raliste, cardiaque et vasculaire<\/a> (en anglais)<\/li><\/ul><ul class=\"wp-block-list\"><li><a href=\"https:\/\/sonographycanada.ca\/app\/uploads\/2019\/03\/Ext-Cand-Info-Gen-Car-Vasc-Feb2018.pdf\" target=\"_blank\" rel=\"noreferrer noopener\">Information \u00e0 l\u2019intention du candidat externe, g\u00e9n\u00e9raliste, cardiaque et vasculaire<\/a> (en anglais)<\/li>\n\n<li><a href=\"https:\/\/sonographycanada.ca\/certification\/applicants-accredited-program-graduates-all-others-external\/the-michener-insitute-of-education-at-uhn-generalist-sonography-bridging-program\">Le programme pont pour g\u00e9n\u00e9ralistes de la Michener Institute of Education<\/a> (en anglais)<\/li><\/ul><h3 class=\"wp-block-heading\"><strong>Formulaires et demande d&#8217;inscription<\/strong><\/h3><p>Les formulaires de demande pour ceux qui souhaitent subir les examens d&#8217;accr\u00e9ditation d&#8217;\u00c9chographie Canada sont disponibles ci-dessous pendant les p\u00e9riodes d&#8217;inscription seulement.<\/p><p>Veuillez consulter le <a href=\"https:\/\/sonographycanada.ca\/app\/uploads\/2024\/06\/Candidate-Guide-EN-updated-June-2024.pdf\"><\/a><a href=\"https:\/\/sonographycanada.ca\/app\/uploads\/2026\/01\/Candidate-Guide-FR-Jan-2026.pdf\" target=\"_blank\" rel=\"noreferrer noopener\">Guide du candidat<\/a> d&#8217;\u00c9chographie Canada avant de vous inscrire et de vous pr\u00e9senter aux examens. Pour conna\u00eetre toutes les dates d&#8217;examen et les dates limites d&#8217;inscription aux examens d&#8217;\u00c9chographie Canada, veuillez consulter la <a href=\"https:\/\/sonographycanada.ca\/fr\/agrement\/examens-admission-profession\/dates-et-horaires\">page Web sur les dates d&#8217;examens<\/a>.<\/p><ul class=\"wp-block-list\"><li><a href=\"https:\/\/sonographycanada.ca\/newcomers-application-for-external-candidates\">Demande d&#8217;inscription pour un candidat externe \/ suivant une voie alternative<\/a> (en anglais)<\/li>\n\n<li><a href=\"https:\/\/sonographycanada.ca\/external-application\">Formulaire de demande d&#8217;examen pour candidate (externe) suivant une voie alternative<\/a> (en anglais). Veuillez noter que les frais d\u2019administration de 125 $ ne sont pas remboursables<strong>.<\/strong> <\/li>\n\n<li> <a href=\"https:\/\/sonographycanada.ca\/newcomers-ccsa-application-form\">Formulaire pour l&#8217;\u00c9valuation canadienne des comp\u00e9tences cliniques (\u00c9CCC)<\/a> (en anglais)<\/li><\/ul><h4 class=\"wp-block-heading\">Renseignements importants sur la surveillance \u00e0 distance des examens \u00e9crits<\/h4><ol class=\"wp-block-list\"><li>Pour les prochaines dates d&#8217;administration des examens, les examens d&#8217;Echographie Canada seront administr\u00e9s en ligne avec surveillance \u00e0 distance par d\u00e9faut. Tous les candidats doivent remplir et soumettre le formulaire de candidature en ligne ci-dessous.<br><\/li>\n\n<li>Si un candidat souhaite faire une demande d&#8217;adaptation dans un centre d&#8217;examen, il <strong>DOIT<\/strong> joindre \u00c9chographie Canada \u00e0 <a href=\"mailto:examinfo@sonographycanada.ca\">examinfo@sonographycanada.ca<\/a>  <strong><em>AU<\/em><\/strong> <strong><em>PLUS TARD LE DERNIER JOUR D&#8217;INSCRIPTION \u00c0 L&#8217;EXAMEN<\/em><\/strong>. Cette demande doit \u00eatre faite dans les cas o\u00f9 le demandeur n&#8217;a pas acc\u00e8s \u00e0 l&#8217;\u00e9quipement requis (voir le point 3 ci-dessous) ou \u00e0 un espace priv\u00e9. La demande doit indiquer l&#8217;emplacement pr\u00e9f\u00e9r\u00e9 du centre d&#8217;essai; toutefois, la disponibilit\u00e9 pour n&#8217;importe quel centre ne peut \u00eatre garantie. VEUILLEZ NOTER : En raison de la pand\u00e9mie, de nombreux centres d\u2019examen en personne restent ferm\u00e9s ou sont ouverts avec une capacit\u00e9 consid\u00e9rablement r\u00e9duite. Les centres d\u2019examen peuvent exiger une preuve officielle de deux doses d\u2019un vaccin COVID-19 approuv\u00e9 par Sant\u00e9 Canada ou d\u2019un test COVID-19 n\u00e9gatif au cours des derni\u00e8res 48 \u00e0 72 heures (les exigences d\u00e9pendent du centre d\u2019examen individuel et les directives locales de sant\u00e9 publique au moment d\u2019examens). <br><\/li>\n\n<li>Les exigences en mati\u00e8re d&#8217;\u00e9quipement pour l&#8217;administration des examens en ligne avec surveillance \u00e0 distance &#8211; Veuillez consulter l\u2019annexe A du Guide du candidat et la liste d\u2019\u00e9quipement ci-dessous pour les exigences minimale et les recommandations. Vous devez satisfaire \u00e0&nbsp;<strong>TOUTES<\/strong>&nbsp;les exigences du syst\u00e8me indiqu\u00e9es dans la colonne \u201cminimum\u201d pour acc\u00e9der \u00e0 l\u2019examen.&nbsp;<strong>Aucune exception<\/strong>. Les candidats qui satisfont aux exigences minimales peuvent encore recontrer des difficult\u00e9s qui emp\u00eacheront l\u2019acc\u00e8s \u00e0 la platforme d\u2019examen. Par cons\u00e9quent, les <strong>candidats sont fortement encourag\u00e9s \u00e0 s\u2019assurer que leur \u00e9quipement r\u00e9pond aux d\u00e9tails \u00e9num\u00e9r\u00e9s dans la colonne \u201crecommended\u201d<\/strong>. Les examens ne seront pas report\u00e9s en raison de probl\u00e8mes techniques.<ul class=\"wp-block-list\"><li> <a href=\"https:\/\/support.proctoru.com\/hc\/en-us\/articles\/115011772748\" target=\"_blank\" rel=\"noreferrer noopener\">Liste des \u00e9quipmente requis\/recommand\u00e9s<\/a>&nbsp;(anglais seulement) <\/li><\/ul><\/li><\/ol><p>La communication de Meazure Learning\/Yardstick concernant les examens sera envoye\u00e9 par courriel. Veuillez noter que des messages \u00e9lectroniques peuvent \u00eatre redirig\u00e9s vers des dossiers de messages ind\u00e9sirables. Il est de la responsabilit\u00e9 du candidat de v\u00e9rifier les dossiers de pourriel s\u2019il ne re\u00e7oit pas de message dans sa bo\u00eete de r\u00e9ception. <\/p><h3 class=\"wp-block-heading\">Formulaires additionnels<\/h3><ul class=\"wp-block-list\"><li><a href=\"https:\/\/sonographycanada.ca\/request-form\">Demande de mesures d\u2019adaptation lors d\u2019un examen<\/a><br>Si une invalidit\u00e9 ou incapacit\u00e9 limite consid\u00e9rablement une activit\u00e9 importante de la vie, une demande de mesures d\u2019adaptation lors d\u2019un examen peut \u00eatre soumis par \u00e9crit \u00e0 \u00c9chographie Canada. Cette demande doit \u00eatre soumise avant la date limite de la p\u00e9riode d\u2019inscription pour la session d\u2019examens pour laquelle vous soumettez une demande d\u2019adaptation. <\/li><\/ul><ul class=\"wp-block-list\"><li><a href=\"https:\/\/sonographycanada.ca\/examination-withdrawal-and-refund-request\">Demande de retrait d\u2019un examen et de remboursement<\/a><\/li>\n\n<li><a href=\"https:\/\/sonographycanada.ca\/exam-change-request-form\">Formulaire de demande de modification pour les demandes d&#8217;examens<\/a><\/li>\n\n<li><a href=\"https:\/\/sonographycanada.ca\/certification-examination-appeal-request-form\">Demande d&#8217;appel d&#8217;examen de certification<\/a><\/li><\/ul><p> Veuillez acheminer vos formulaires par courriel \u00e0&nbsp; <a href=\"mailto:examinfo@sonographycanada.ca\">examinfo@sonographycanada.ca<\/a> <\/p>","protected":false},"excerpt":{"rendered":"<p>**\u00c9chographie Canada accepte maintenant de nouvelles candidatures pour la voie alternative.** Nous avons maintenant relanc\u00e9 les \u00c9valuations canadiennes des comp\u00e9tences cliniques (\u00c9CCCMD). Les d\u00e9lais d&#8217;admissibilit\u00e9 seront ajust\u00e9s en cons\u00e9quence pour les personnes touch\u00e9es par la fermeture. Les personnes qui n\u2019ont pas compl\u00e9t\u00e9 un programme canadien accr\u00e9dit\u00e9 en \u00e9chographie ou qui sont \u00e0 la recherche d&#8217;un [&hellip;]<\/p>\n","protected":false},"author":99,"featured_media":0,"parent":526,"menu_order":40,"comment_status":"closed","ping_status":"closed","template":"","meta":{"_acf_changed":false,"advgb_blocks_editor_width":"","advgb_blocks_columns_visual_guide":"","wicket_organization":"","_seat_count":"","_member_id":[],"_edit_last":"11984","_start_date":"","_end_date":"","footnotes":""},"class_list":["post-6963","page","type-page","status-publish","hentry"],"acf":[],"yoast_head":"<!-- This site is optimized with the Yoast SEO plugin v23.5 - https:\/\/yoast.com\/wordpress\/plugins\/seo\/ -->\n<title>Candidats suivant une voie alternative - \u00c9chographie Canada<\/title>\n<meta name=\"robots\" content=\"index, follow, max-snippet:-1, max-image-preview:large, max-video-preview:-1\" \/>\n<link rel=\"canonical\" href=\"https:\/\/sonographycanada.ca\/fr\/agrement\/candidats-externes-suivant-une-voie-alternative\" \/>\n<meta property=\"og:locale\" content=\"fr_FR\" \/>\n<meta property=\"og:type\" content=\"article\" \/>\n<meta property=\"og:title\" content=\"Candidats suivant une voie alternative - \u00c9chographie Canada\" \/>\n<meta property=\"og:description\" content=\"**\u00c9chographie Canada accepte maintenant de nouvelles candidatures pour la voie alternative.** Nous avons maintenant relanc\u00e9 les \u00c9valuations canadiennes des comp\u00e9tences cliniques (\u00c9CCCMD). Les d\u00e9lais d&#8217;admissibilit\u00e9 seront ajust\u00e9s en cons\u00e9quence pour les personnes touch\u00e9es par la fermeture. Les personnes qui n\u2019ont pas compl\u00e9t\u00e9 un programme canadien accr\u00e9dit\u00e9 en \u00e9chographie ou qui sont \u00e0 la recherche d&#8217;un [&hellip;]\" \/>\n<meta property=\"og:url\" content=\"https:\/\/sonographycanada.ca\/fr\/agrement\/candidats-externes-suivant-une-voie-alternative\" \/>\n<meta property=\"og:site_name\" content=\"\u00c9chographie Canada\" \/>\n<meta property=\"article:modified_time\" content=\"2026-01-14T17:14:23+00:00\" \/>\n<meta name=\"twitter:card\" content=\"summary_large_image\" \/>\n<meta name=\"twitter:label1\" content=\"Est. reading time\" \/>\n\t<meta name=\"twitter:data1\" content=\"4 minutes\" \/>\n<script type=\"application\/ld+json\" class=\"yoast-schema-graph\">{\"@context\":\"https:\/\/schema.org\",\"@graph\":[{\"@type\":\"WebPage\",\"@id\":\"https:\/\/sonographycanada.ca\/fr\/agrement\/candidats-externes-suivant-une-voie-alternative\",\"url\":\"https:\/\/sonographycanada.ca\/fr\/agrement\/candidats-externes-suivant-une-voie-alternative\",\"name\":\"Candidats suivant une voie alternative - \u00c9chographie Canada\",\"isPartOf\":{\"@id\":\"https:\/\/sonographycanada.ca\/#website\"},\"datePublished\":\"2019-10-01T17:52:44+00:00\",\"dateModified\":\"2026-01-14T17:14:23+00:00\",\"breadcrumb\":{\"@id\":\"https:\/\/sonographycanada.ca\/fr\/agrement\/candidats-externes-suivant-une-voie-alternative#breadcrumb\"},\"inLanguage\":\"fr-FR\",\"potentialAction\":[{\"@type\":\"ReadAction\",\"target\":[\"https:\/\/sonographycanada.ca\/fr\/agrement\/candidats-externes-suivant-une-voie-alternative\"]}]},{\"@type\":\"BreadcrumbList\",\"@id\":\"https:\/\/sonographycanada.ca\/fr\/agrement\/candidats-externes-suivant-une-voie-alternative#breadcrumb\",\"itemListElement\":[{\"@type\":\"ListItem\",\"position\":1,\"name\":\"Accueil\",\"item\":\"https:\/\/sonographycanada.ca\/fr\"},{\"@type\":\"ListItem\",\"position\":2,\"name\":\"Certification\",\"item\":\"https:\/\/sonographycanada.ca\/certification\"},{\"@type\":\"ListItem\",\"position\":3,\"name\":\"Candidats suivant une voie alternative\"}]},{\"@type\":\"WebSite\",\"@id\":\"https:\/\/sonographycanada.ca\/#website\",\"url\":\"https:\/\/sonographycanada.ca\/\",\"name\":\"\u00c9chographie Canada\",\"description\":\"La voix des \u00e9chographistes m\u00e9dicaux diagnostiques au Canada\",\"potentialAction\":[{\"@type\":\"SearchAction\",\"target\":{\"@type\":\"EntryPoint\",\"urlTemplate\":\"https:\/\/sonographycanada.ca\/?s={search_term_string}\"},\"query-input\":{\"@type\":\"PropertyValueSpecification\",\"valueRequired\":true,\"valueName\":\"search_term_string\"}}],\"inLanguage\":\"fr-FR\"}]}<\/script>\n<!-- \/ Yoast SEO plugin. -->","yoast_head_json":{"title":"Candidats suivant une voie alternative - \u00c9chographie Canada","robots":{"index":"index","follow":"follow","max-snippet":"max-snippet:-1","max-image-preview":"max-image-preview:large","max-video-preview":"max-video-preview:-1"},"canonical":"https:\/\/sonographycanada.ca\/fr\/agrement\/candidats-externes-suivant-une-voie-alternative","og_locale":"fr_FR","og_type":"article","og_title":"Candidats suivant une voie alternative - \u00c9chographie Canada","og_description":"**\u00c9chographie Canada accepte maintenant de nouvelles candidatures pour la voie alternative.** Nous avons maintenant relanc\u00e9 les \u00c9valuations canadiennes des comp\u00e9tences cliniques (\u00c9CCCMD). Les d\u00e9lais d&#8217;admissibilit\u00e9 seront ajust\u00e9s en cons\u00e9quence pour les personnes touch\u00e9es par la fermeture. Les personnes qui n\u2019ont pas compl\u00e9t\u00e9 un programme canadien accr\u00e9dit\u00e9 en \u00e9chographie ou qui sont \u00e0 la recherche d&#8217;un [&hellip;]","og_url":"https:\/\/sonographycanada.ca\/fr\/agrement\/candidats-externes-suivant-une-voie-alternative","og_site_name":"\u00c9chographie Canada","article_modified_time":"2026-01-14T17:14:23+00:00","twitter_card":"summary_large_image","twitter_misc":{"Est. reading time":"4 minutes"},"schema":{"@context":"https:\/\/schema.org","@graph":[{"@type":"WebPage","@id":"https:\/\/sonographycanada.ca\/fr\/agrement\/candidats-externes-suivant-une-voie-alternative","url":"https:\/\/sonographycanada.ca\/fr\/agrement\/candidats-externes-suivant-une-voie-alternative","name":"Candidats suivant une voie alternative - \u00c9chographie Canada","isPartOf":{"@id":"https:\/\/sonographycanada.ca\/#website"},"datePublished":"2019-10-01T17:52:44+00:00","dateModified":"2026-01-14T17:14:23+00:00","breadcrumb":{"@id":"https:\/\/sonographycanada.ca\/fr\/agrement\/candidats-externes-suivant-une-voie-alternative#breadcrumb"},"inLanguage":"fr-FR","potentialAction":[{"@type":"ReadAction","target":["https:\/\/sonographycanada.ca\/fr\/agrement\/candidats-externes-suivant-une-voie-alternative"]}]},{"@type":"BreadcrumbList","@id":"https:\/\/sonographycanada.ca\/fr\/agrement\/candidats-externes-suivant-une-voie-alternative#breadcrumb","itemListElement":[{"@type":"ListItem","position":1,"name":"Accueil","item":"https:\/\/sonographycanada.ca\/fr"},{"@type":"ListItem","position":2,"name":"Certification","item":"https:\/\/sonographycanada.ca\/certification"},{"@type":"ListItem","position":3,"name":"Candidats suivant une voie alternative"}]},{"@type":"WebSite","@id":"https:\/\/sonographycanada.ca\/#website","url":"https:\/\/sonographycanada.ca\/","name":"\u00c9chographie Canada","description":"La voix des \u00e9chographistes m\u00e9dicaux diagnostiques au Canada","potentialAction":[{"@type":"SearchAction","target":{"@type":"EntryPoint","urlTemplate":"https:\/\/sonographycanada.ca\/?s={search_term_string}"},"query-input":{"@type":"PropertyValueSpecification","valueRequired":true,"valueName":"search_term_string"}}],"inLanguage":"fr-FR"}]}},"coauthors":[],"author_meta":{"author_link":"https:\/\/sonographycanada.ca\/fr\/author\/ce124cb3-74c2-4ca8-90e3-5f1af488d0df","display_name":"Beth Bresee"},"relative_dates":{"created":"Publi\u00e9 7 years il y a","modified":"Mis \u00e0 jour 3 months il y a"},"absolute_dates":{"created":"Publi\u00e9 le octobre 1, 2019","modified":"Mise \u00e0 jour le janvier 14, 2026"},"absolute_dates_time":{"created":"Publi\u00e9 le octobre 1, 2019 5:52 pm","modified":"Mise \u00e0 jour le janvier 14, 2026 12:14 pm"},"featured_img_caption":"","featured_img":false,"series_order":"","_links":{"self":[{"href":"https:\/\/sonographycanada.ca\/fr\/wp-json\/wp\/v2\/pages\/6963"}],"collection":[{"href":"https:\/\/sonographycanada.ca\/fr\/wp-json\/wp\/v2\/pages"}],"about":[{"href":"https:\/\/sonographycanada.ca\/fr\/wp-json\/wp\/v2\/types\/page"}],"author":[{"embeddable":true,"href":"https:\/\/sonographycanada.ca\/fr\/wp-json\/wp\/v2\/users\/99"}],"replies":[{"embeddable":true,"href":"https:\/\/sonographycanada.ca\/fr\/wp-json\/wp\/v2\/comments?post=6963"}],"version-history":[{"count":61,"href":"https:\/\/sonographycanada.ca\/fr\/wp-json\/wp\/v2\/pages\/6963\/revisions"}],"predecessor-version":[{"id":305358,"href":"https:\/\/sonographycanada.ca\/fr\/wp-json\/wp\/v2\/pages\/6963\/revisions\/305358"}],"up":[{"embeddable":true,"href":"https:\/\/sonographycanada.ca\/fr\/wp-json\/wp\/v2\/pages\/526"}],"wp:attachment":[{"href":"https:\/\/sonographycanada.ca\/fr\/wp-json\/wp\/v2\/media?parent=6963"}],"curies":[{"name":"wp","href":"https:\/\/api.w.org\/{rel}","templated":true}]}}