{"id":7654,"date":"2019-11-01T19:40:15","date_gmt":"2019-11-01T19:40:15","guid":{"rendered":"https:\/\/sonographycanada.ca\/?page_id=7654"},"modified":"2019-12-17T13:29:44","modified_gmt":"2019-12-17T08:29:44","slug":"vote-special","status":"publish","type":"page","link":"https:\/\/sonographycanada.ca\/fr\/membres\/vote-special","title":{"rendered":"Vote sp\u00e9cial des membres"},"content":{"rendered":"<h2 class=\"wp-block-heading\"><strong>La motion pour apporter des changements \u00e0 la structure d\u2019adh\u00e9sion d\u2019\u00c9chographie Canada est adopt\u00e9e<\/strong> <\/h2><p>La\nmotion qui proposait de nouvelles cat\u00e9gories d\u2019adh\u00e9sion, de nouveaux droits et\nde nouvelles responsabilit\u00e9s par l\u2019entremise de changements \u00e0 la constitution\net aux r\u00e8glements administratifs d\u2019\u00c9chographie Canada a \u00e9t\u00e9 ratifi\u00e9e lors de la\np\u00e9riode du vote qui se terminait le dimanche 15 d\u00e9cembre 2019.<\/p><p>Pour\nque la motion soit adopt\u00e9e, \u00c9chographie Canada devait obtenir la participation\nde 10 % de l\u2019ensemble des membres ayant le droit de vote (soit 542 individus)\net un vote \u00e0 l\u2019appui de la motion de la part de 50 % des \u00e9lecteurs, plus le\nvote d\u2019une autre personne. Une fois les votes comptabilis\u00e9s, nous avons\nconstat\u00e9 que 19 % des membres admissibles ont exerc\u00e9 leur droit de vote, soit\npresque le double du nombre requis pour atteindre le quorum. Parmi ces\n\u00e9lecteurs, 56 % d\u2019entre eux ont vot\u00e9 en faveur de la motion.<\/p><p>Ainsi,\n\u00c9chographie Canada proc\u00e9dera maintenant \u00e0 la phase de mise en \u0153uvre. Nous\npr\u00e9voyons aligner nos efforts avec les \u00e9ch\u00e9anciers rattach\u00e9s \u00e0 la p\u00e9riode de\nrenouvellement des adh\u00e9sions qui aura lieu au printemps 2020. Un plan de\ncommunication proactif qui explique les changements \u00e0 la structure d\u2019adh\u00e9sion\net au processus de mise en \u0153uvre sera entam\u00e9 aupr\u00e8s des \u00e9chographistes, des\nemployeurs et des autres parties prenantes pertinentes au d\u00e9but de la nouvelle\nann\u00e9e.<\/p><p>A\nnom du conseil d\u2019administration, nous souhaitons remercier tous ceux qui ont\nparticip\u00e9 activement au vote sp\u00e9cial des membres. Votre opinion est extr\u00eamement\nimportante pour nous. C\u2019est pourquoi nous avons, et nous continuerons, \u00e0 revoir\nminutieusement les commentaires et pr\u00e9occupations exprim\u00e9s par les membres par\nl\u2019entremise de la plateforme de vote en ligne et\/ou par messages courriels au\nbureau national.<\/p><p>\u00c9chographie\nCanada est tr\u00e8s satisfaite du r\u00e9sultat du vote qui favorisera la croissance et\nun soutien accru pour nos membres et notre profession. Nous demeurons engag\u00e9s \u00e0\npromouvoir la valeur de nos titres de comp\u00e9tence ainsi que les normes de haute\nqualit\u00e9 pour lesquelles notre association est connue. Nous nous engageons aussi\n\u00e0 maintenir des communications transparentes, opportunes et continues tout au\nlong du processus de mise en \u0153uvre. <\/p><p>Veuillez\nacheminer toute question additionnelle \u00e0 <a href=\"mailto:info@sonographycanada.ca\">info@sonographycanada.ca<\/a>.<\/p>","protected":false},"excerpt":{"rendered":"<p>La motion pour apporter des changements \u00e0 la structure d\u2019adh\u00e9sion d\u2019\u00c9chographie Canada est adopt\u00e9e La motion qui proposait de nouvelles cat\u00e9gories d\u2019adh\u00e9sion, de nouveaux droits et de nouvelles responsabilit\u00e9s par l\u2019entremise de changements \u00e0 la constitution et aux r\u00e8glements administratifs d\u2019\u00c9chographie Canada a \u00e9t\u00e9 ratifi\u00e9e lors de la p\u00e9riode du vote qui se terminait le [&hellip;]<\/p>\n","protected":false},"author":1,"featured_media":8965,"parent":569,"menu_order":0,"comment_status":"closed","ping_status":"closed","template":"","meta":{"_acf_changed":false,"advgb_blocks_editor_width":"","advgb_blocks_columns_visual_guide":"","wicket_organization":"","_seat_count":"","_member_id":[],"_edit_last":"6457","_start_date":"","_end_date":"","footnotes":""},"class_list":["post-7654","page","type-page","status-publish","has-post-thumbnail","hentry"],"acf":[],"yoast_head":"<!-- This site is optimized with the Yoast SEO plugin v23.5 - https:\/\/yoast.com\/wordpress\/plugins\/seo\/ -->\n<title>Vote sp\u00e9cial des membres - \u00c9chographie Canada<\/title>\n<meta name=\"robots\" content=\"index, follow, max-snippet:-1, max-image-preview:large, max-video-preview:-1\" \/>\n<link rel=\"canonical\" href=\"https:\/\/sonographycanada.ca\/fr\/membres\/vote-special\" \/>\n<meta property=\"og:locale\" content=\"fr_FR\" \/>\n<meta property=\"og:type\" content=\"article\" \/>\n<meta property=\"og:title\" content=\"Vote sp\u00e9cial des membres - \u00c9chographie Canada\" \/>\n<meta property=\"og:description\" content=\"La motion pour apporter des changements \u00e0 la structure d\u2019adh\u00e9sion d\u2019\u00c9chographie Canada est adopt\u00e9e La motion qui proposait de nouvelles cat\u00e9gories d\u2019adh\u00e9sion, de nouveaux droits et de nouvelles responsabilit\u00e9s par l\u2019entremise de changements \u00e0 la constitution et aux r\u00e8glements administratifs d\u2019\u00c9chographie Canada a \u00e9t\u00e9 ratifi\u00e9e lors de la p\u00e9riode du vote qui se terminait le [&hellip;]\" \/>\n<meta property=\"og:url\" content=\"https:\/\/sonographycanada.ca\/fr\/membres\/vote-special\" \/>\n<meta property=\"og:site_name\" content=\"\u00c9chographie Canada\" \/>\n<meta property=\"article:modified_time\" content=\"2019-12-17T08:29:44+00:00\" \/>\n<meta property=\"og:image\" content=\"https:\/\/sonographycanada.ca\/app\/uploads\/2019\/12\/member-vote-website-home-page-FRE-390-X-172.png\" \/>\n\t<meta property=\"og:image:width\" content=\"390\" \/>\n\t<meta property=\"og:image:height\" content=\"172\" \/>\n\t<meta property=\"og:image:type\" content=\"image\/png\" \/>\n<meta name=\"twitter:card\" content=\"summary_large_image\" \/>\n<meta name=\"twitter:label1\" content=\"Est. reading time\" \/>\n\t<meta name=\"twitter:data1\" content=\"2 minutes\" \/>\n<script type=\"application\/ld+json\" class=\"yoast-schema-graph\">{\"@context\":\"https:\/\/schema.org\",\"@graph\":[{\"@type\":\"WebPage\",\"@id\":\"https:\/\/sonographycanada.ca\/fr\/membres\/vote-special\",\"url\":\"https:\/\/sonographycanada.ca\/fr\/membres\/vote-special\",\"name\":\"Vote sp\u00e9cial des membres - \u00c9chographie Canada\",\"isPartOf\":{\"@id\":\"https:\/\/sonographycanada.ca\/#website\"},\"primaryImageOfPage\":{\"@id\":\"https:\/\/sonographycanada.ca\/fr\/membres\/vote-special#primaryimage\"},\"image\":{\"@id\":\"https:\/\/sonographycanada.ca\/fr\/membres\/vote-special#primaryimage\"},\"thumbnailUrl\":\"https:\/\/sonographycanada.ca\/app\/uploads\/2019\/12\/member-vote-website-home-page-FRE-390-X-172.png\",\"datePublished\":\"2019-11-01T19:40:15+00:00\",\"dateModified\":\"2019-12-17T08:29:44+00:00\",\"breadcrumb\":{\"@id\":\"https:\/\/sonographycanada.ca\/fr\/membres\/vote-special#breadcrumb\"},\"inLanguage\":\"fr-FR\",\"potentialAction\":[{\"@type\":\"ReadAction\",\"target\":[\"https:\/\/sonographycanada.ca\/fr\/membres\/vote-special\"]}]},{\"@type\":\"ImageObject\",\"inLanguage\":\"fr-FR\",\"@id\":\"https:\/\/sonographycanada.ca\/fr\/membres\/vote-special#primaryimage\",\"url\":\"https:\/\/sonographycanada.ca\/app\/uploads\/2019\/12\/member-vote-website-home-page-FRE-390-X-172.png\",\"contentUrl\":\"https:\/\/sonographycanada.ca\/app\/uploads\/2019\/12\/member-vote-website-home-page-FRE-390-X-172.png\",\"width\":390,\"height\":172},{\"@type\":\"BreadcrumbList\",\"@id\":\"https:\/\/sonographycanada.ca\/fr\/membres\/vote-special#breadcrumb\",\"itemListElement\":[{\"@type\":\"ListItem\",\"position\":1,\"name\":\"Accueil\",\"item\":\"https:\/\/sonographycanada.ca\/fr\"},{\"@type\":\"ListItem\",\"position\":2,\"name\":\"Membres\",\"item\":\"https:\/\/sonographycanada.ca\/fr\/membres\"},{\"@type\":\"ListItem\",\"position\":3,\"name\":\"Vote sp\u00e9cial des membres\"}]},{\"@type\":\"WebSite\",\"@id\":\"https:\/\/sonographycanada.ca\/#website\",\"url\":\"https:\/\/sonographycanada.ca\/\",\"name\":\"\u00c9chographie Canada\",\"description\":\"La voix des \u00e9chographistes m\u00e9dicaux diagnostiques au Canada\",\"potentialAction\":[{\"@type\":\"SearchAction\",\"target\":{\"@type\":\"EntryPoint\",\"urlTemplate\":\"https:\/\/sonographycanada.ca\/?s={search_term_string}\"},\"query-input\":{\"@type\":\"PropertyValueSpecification\",\"valueRequired\":true,\"valueName\":\"search_term_string\"}}],\"inLanguage\":\"fr-FR\"}]}<\/script>\n<!-- \/ Yoast SEO plugin. -->","yoast_head_json":{"title":"Vote sp\u00e9cial des membres - \u00c9chographie Canada","robots":{"index":"index","follow":"follow","max-snippet":"max-snippet:-1","max-image-preview":"max-image-preview:large","max-video-preview":"max-video-preview:-1"},"canonical":"https:\/\/sonographycanada.ca\/fr\/membres\/vote-special","og_locale":"fr_FR","og_type":"article","og_title":"Vote sp\u00e9cial des membres - \u00c9chographie Canada","og_description":"La motion pour apporter des changements \u00e0 la structure d\u2019adh\u00e9sion d\u2019\u00c9chographie Canada est adopt\u00e9e La motion qui proposait de nouvelles cat\u00e9gories d\u2019adh\u00e9sion, de nouveaux droits et de nouvelles responsabilit\u00e9s par l\u2019entremise de changements \u00e0 la constitution et aux r\u00e8glements administratifs d\u2019\u00c9chographie Canada a \u00e9t\u00e9 ratifi\u00e9e lors de la p\u00e9riode du vote qui se terminait le [&hellip;]","og_url":"https:\/\/sonographycanada.ca\/fr\/membres\/vote-special","og_site_name":"\u00c9chographie Canada","article_modified_time":"2019-12-17T08:29:44+00:00","og_image":[{"width":390,"height":172,"url":"https:\/\/sonographycanada.ca\/app\/uploads\/2019\/12\/member-vote-website-home-page-FRE-390-X-172.png","type":"image\/png"}],"twitter_card":"summary_large_image","twitter_misc":{"Est. reading time":"2 minutes"},"schema":{"@context":"https:\/\/schema.org","@graph":[{"@type":"WebPage","@id":"https:\/\/sonographycanada.ca\/fr\/membres\/vote-special","url":"https:\/\/sonographycanada.ca\/fr\/membres\/vote-special","name":"Vote sp\u00e9cial des membres - \u00c9chographie Canada","isPartOf":{"@id":"https:\/\/sonographycanada.ca\/#website"},"primaryImageOfPage":{"@id":"https:\/\/sonographycanada.ca\/fr\/membres\/vote-special#primaryimage"},"image":{"@id":"https:\/\/sonographycanada.ca\/fr\/membres\/vote-special#primaryimage"},"thumbnailUrl":"https:\/\/sonographycanada.ca\/app\/uploads\/2019\/12\/member-vote-website-home-page-FRE-390-X-172.png","datePublished":"2019-11-01T19:40:15+00:00","dateModified":"2019-12-17T08:29:44+00:00","breadcrumb":{"@id":"https:\/\/sonographycanada.ca\/fr\/membres\/vote-special#breadcrumb"},"inLanguage":"fr-FR","potentialAction":[{"@type":"ReadAction","target":["https:\/\/sonographycanada.ca\/fr\/membres\/vote-special"]}]},{"@type":"ImageObject","inLanguage":"fr-FR","@id":"https:\/\/sonographycanada.ca\/fr\/membres\/vote-special#primaryimage","url":"https:\/\/sonographycanada.ca\/app\/uploads\/2019\/12\/member-vote-website-home-page-FRE-390-X-172.png","contentUrl":"https:\/\/sonographycanada.ca\/app\/uploads\/2019\/12\/member-vote-website-home-page-FRE-390-X-172.png","width":390,"height":172},{"@type":"BreadcrumbList","@id":"https:\/\/sonographycanada.ca\/fr\/membres\/vote-special#breadcrumb","itemListElement":[{"@type":"ListItem","position":1,"name":"Accueil","item":"https:\/\/sonographycanada.ca\/fr"},{"@type":"ListItem","position":2,"name":"Membres","item":"https:\/\/sonographycanada.ca\/fr\/membres"},{"@type":"ListItem","position":3,"name":"Vote sp\u00e9cial des membres"}]},{"@type":"WebSite","@id":"https:\/\/sonographycanada.ca\/#website","url":"https:\/\/sonographycanada.ca\/","name":"\u00c9chographie Canada","description":"La voix des \u00e9chographistes m\u00e9dicaux diagnostiques au Canada","potentialAction":[{"@type":"SearchAction","target":{"@type":"EntryPoint","urlTemplate":"https:\/\/sonographycanada.ca\/?s={search_term_string}"},"query-input":{"@type":"PropertyValueSpecification","valueRequired":true,"valueName":"search_term_string"}}],"inLanguage":"fr-FR"}]}},"coauthors":[],"author_meta":{"author_link":"https:\/\/sonographycanada.ca\/fr\/author\/admin","display_name":"Kevin Andrews"},"relative_dates":{"created":"Publi\u00e9 6 years il y a","modified":"Mis \u00e0 jour 6 years il y a"},"absolute_dates":{"created":"Publi\u00e9 le novembre 1, 2019","modified":"Mise \u00e0 jour le d\u00e9cembre 17, 2019"},"absolute_dates_time":{"created":"Publi\u00e9 le novembre 1, 2019 7:40 pm","modified":"Mise \u00e0 jour le d\u00e9cembre 17, 2019 1:29 pm"},"featured_img_caption":"","featured_img":"https:\/\/sonographycanada.ca\/app\/uploads\/2019\/12\/member-vote-website-home-page-FRE-390-X-172.png","series_order":"","_links":{"self":[{"href":"https:\/\/sonographycanada.ca\/fr\/wp-json\/wp\/v2\/pages\/7654"}],"collection":[{"href":"https:\/\/sonographycanada.ca\/fr\/wp-json\/wp\/v2\/pages"}],"about":[{"href":"https:\/\/sonographycanada.ca\/fr\/wp-json\/wp\/v2\/types\/page"}],"author":[{"embeddable":true,"href":"https:\/\/sonographycanada.ca\/fr\/wp-json\/wp\/v2\/users\/1"}],"replies":[{"embeddable":true,"href":"https:\/\/sonographycanada.ca\/fr\/wp-json\/wp\/v2\/comments?post=7654"}],"version-history":[{"count":10,"href":"https:\/\/sonographycanada.ca\/fr\/wp-json\/wp\/v2\/pages\/7654\/revisions"}],"predecessor-version":[{"id":9507,"href":"https:\/\/sonographycanada.ca\/fr\/wp-json\/wp\/v2\/pages\/7654\/revisions\/9507"}],"up":[{"embeddable":true,"href":"https:\/\/sonographycanada.ca\/fr\/wp-json\/wp\/v2\/pages\/569"}],"wp:featuredmedia":[{"embeddable":true,"href":"https:\/\/sonographycanada.ca\/fr\/wp-json\/wp\/v2\/media\/8965"}],"wp:attachment":[{"href":"https:\/\/sonographycanada.ca\/fr\/wp-json\/wp\/v2\/media?parent=7654"}],"curies":[{"name":"wp","href":"https:\/\/api.w.org\/{rel}","templated":true}]}}