{"id":7656,"date":"2019-11-01T19:43:11","date_gmt":"2019-11-01T19:43:11","guid":{"rendered":"https:\/\/sonographycanada.ca\/?page_id=7656"},"modified":"2019-11-12T19:53:58","modified_gmt":"2019-11-12T19:53:58","slug":"ontario-et-quebec","status":"publish","type":"page","link":"https:\/\/sonographycanada.ca\/fr\/membres\/vote-special\/ontario-et-quebec","title":{"rendered":"ONTARIO ET QU\u00c9BEC"},"content":{"rendered":"<p>\nLe conseil d\u2019administration d\u2019\u00c9chographie Canada croit fermement que la structure d&#8217;adh\u00e9sion propos\u00e9e dans la nouvelle motion&nbsp;:&nbsp;<\/p><ol class=\"wp-block-list\"><li>r\u00e9pond le mieux aux besoins des \u00e9chographistes en Ontario, province o\u00f9 l\u2019\u00e9chographie est un domaine r\u00e9glement\u00e9,<\/li><li>positionne de la meilleure fa\u00e7on possible \u00c9chographie Canada comme organisation repr\u00e9sentant tous les \u00e9chographistes au Canada, aujourd\u2019hui et demain.&nbsp;&nbsp;<\/li><\/ol><p>La structure d\u2019adh\u00e9sion propos\u00e9e confirme tout simplement les changements apport\u00e9s au cours des derni\u00e8res ann\u00e9es&nbsp;\u2013&nbsp;reconnaissance des acquis pour ceux qui d\u00e9tiennent des titres de l\u2019ARDMS en leur accordant des titres de comp\u00e9tence d\u2019\u00c9chographie Canada \u00e9quivalents jusqu\u2019en 2014 et acceptation, en 2018, des \u00e9chographistes de l\u2019Ontario non d\u00e9tenteurs d&#8217;un titre de comp\u00e9tence qui sont devenus des professionnels r\u00e9glement\u00e9s comme des membres \u00ab&nbsp;actifs, mais non d\u00e9tenteurs d\u2019un titre de comp\u00e9tence&nbsp;\u00bb. Par cons\u00e9quent, on avait ouvert partiellement la voie \u00e0 l&#8217;adh\u00e9sion de tous les \u00e9chographistes praticiens.&nbsp;<br><\/p><p>En ce moment, tout \u00e9chographiste pratiquant le m\u00e9tier en Ontario qui ne d\u00e9tient aucun titre de comp\u00e9tence d&#8217;\u00c9chographie Canada peut \u00eatre un membre actif non d\u00e9tenteur d&#8217;un titre de comp\u00e9tence selon notre mod\u00e8le d&#8217;adh\u00e9sion actuel et qui est en place depuis 2018.<br><\/p><p>Nous apportons d\u2019autres changements afin de rehausser les normes professionnelles de la profession \u00e0 travers le pays. Pour ce faire, nous devons \u00e9tablir des liens avec l\u2019ensemble des \u00e9chographistes praticiens. <\/p><ul class=\"wp-block-list\"><li>       <a href=\"https:\/\/sonographycanada.ca\/fr\/membres\/vote-special\/ontario-et-quebec\/pourquoi-propose-t-on-ces-changements\">Pourquoi propose-t\u2019on ces changements?<\/a><\/li><li>       <a href=\"https:\/\/sonographycanada.ca\/fr\/membres\/vote-special\/ontario-et-quebec\/quels-sont-les-changements-proposes\">Quels sont les changements propos\u00e9s?<\/a><\/li><li>       <a href=\"https:\/\/sonographycanada.ca\/fr\/membres\/vote-special\/ontario-et-quebec\/resume\">Sommaire<\/a><\/li><\/ul><h2 class=\"stripe wp-block-heading\">La p\u00e9riode du vote aura lieu du 2 d\u00e9cembre au 15 d\u00e9cembre 2019 <\/h2>","protected":false},"excerpt":{"rendered":"<p>Le conseil d\u2019administration d\u2019\u00c9chographie Canada croit fermement que la structure d&#8217;adh\u00e9sion propos\u00e9e dans la nouvelle motion&nbsp;:&nbsp; r\u00e9pond le mieux aux besoins des \u00e9chographistes en Ontario, province o\u00f9 l\u2019\u00e9chographie est un domaine r\u00e9glement\u00e9, positionne de la meilleure fa\u00e7on possible \u00c9chographie Canada comme organisation repr\u00e9sentant tous les \u00e9chographistes au Canada, aujourd\u2019hui et demain.&nbsp;&nbsp; La structure d\u2019adh\u00e9sion propos\u00e9e [&hellip;]<\/p>\n","protected":false},"author":1,"featured_media":0,"parent":7654,"menu_order":2,"comment_status":"closed","ping_status":"closed","template":"","meta":{"_acf_changed":false,"advgb_blocks_editor_width":"","advgb_blocks_columns_visual_guide":"","wicket_organization":"","_seat_count":"","_member_id":[],"_edit_last":"6457","_start_date":"","_end_date":"","footnotes":""},"class_list":["post-7656","page","type-page","status-publish","hentry"],"acf":[],"yoast_head":"<!-- This site is optimized with the Yoast SEO plugin v23.5 - https:\/\/yoast.com\/wordpress\/plugins\/seo\/ -->\n<title>ONTARIO ET QU\u00c9BEC - \u00c9chographie Canada<\/title>\n<meta name=\"robots\" content=\"index, follow, max-snippet:-1, max-image-preview:large, max-video-preview:-1\" \/>\n<link rel=\"canonical\" href=\"https:\/\/sonographycanada.ca\/fr\/membres\/vote-special\/ontario-et-quebec\" \/>\n<meta property=\"og:locale\" content=\"fr_FR\" \/>\n<meta property=\"og:type\" content=\"article\" \/>\n<meta property=\"og:title\" content=\"ONTARIO ET QU\u00c9BEC - \u00c9chographie Canada\" \/>\n<meta property=\"og:description\" content=\"Le conseil d\u2019administration d\u2019\u00c9chographie Canada croit fermement que la structure d&#8217;adh\u00e9sion propos\u00e9e dans la nouvelle motion&nbsp;:&nbsp; r\u00e9pond le mieux aux besoins des \u00e9chographistes en Ontario, province o\u00f9 l\u2019\u00e9chographie est un domaine r\u00e9glement\u00e9, positionne de la meilleure fa\u00e7on possible \u00c9chographie Canada comme organisation repr\u00e9sentant tous les \u00e9chographistes au Canada, aujourd\u2019hui et demain.&nbsp;&nbsp; La structure d\u2019adh\u00e9sion propos\u00e9e [&hellip;]\" \/>\n<meta property=\"og:url\" content=\"https:\/\/sonographycanada.ca\/fr\/membres\/vote-special\/ontario-et-quebec\" \/>\n<meta property=\"og:site_name\" content=\"\u00c9chographie Canada\" \/>\n<meta property=\"article:modified_time\" content=\"2019-11-12T19:53:58+00:00\" \/>\n<meta name=\"twitter:card\" content=\"summary_large_image\" \/>\n<meta name=\"twitter:label1\" content=\"Est. reading time\" \/>\n\t<meta name=\"twitter:data1\" content=\"1 minute\" \/>\n<script type=\"application\/ld+json\" class=\"yoast-schema-graph\">{\"@context\":\"https:\/\/schema.org\",\"@graph\":[{\"@type\":\"WebPage\",\"@id\":\"https:\/\/sonographycanada.ca\/fr\/membres\/vote-special\/ontario-et-quebec\",\"url\":\"https:\/\/sonographycanada.ca\/fr\/membres\/vote-special\/ontario-et-quebec\",\"name\":\"ONTARIO ET QU\u00c9BEC - \u00c9chographie Canada\",\"isPartOf\":{\"@id\":\"https:\/\/sonographycanada.ca\/#website\"},\"datePublished\":\"2019-11-01T19:43:11+00:00\",\"dateModified\":\"2019-11-12T19:53:58+00:00\",\"breadcrumb\":{\"@id\":\"https:\/\/sonographycanada.ca\/fr\/membres\/vote-special\/ontario-et-quebec#breadcrumb\"},\"inLanguage\":\"fr-FR\",\"potentialAction\":[{\"@type\":\"ReadAction\",\"target\":[\"https:\/\/sonographycanada.ca\/fr\/membres\/vote-special\/ontario-et-quebec\"]}]},{\"@type\":\"BreadcrumbList\",\"@id\":\"https:\/\/sonographycanada.ca\/fr\/membres\/vote-special\/ontario-et-quebec#breadcrumb\",\"itemListElement\":[{\"@type\":\"ListItem\",\"position\":1,\"name\":\"Accueil\",\"item\":\"https:\/\/sonographycanada.ca\/fr\"},{\"@type\":\"ListItem\",\"position\":2,\"name\":\"Membres\",\"item\":\"https:\/\/sonographycanada.ca\/fr\/membres\"},{\"@type\":\"ListItem\",\"position\":3,\"name\":\"Vote sp\u00e9cial des membres\",\"item\":\"https:\/\/sonographycanada.ca\/fr\/membres\/vote-special\"},{\"@type\":\"ListItem\",\"position\":4,\"name\":\"ONTARIO ET QU\u00c9BEC\"}]},{\"@type\":\"WebSite\",\"@id\":\"https:\/\/sonographycanada.ca\/#website\",\"url\":\"https:\/\/sonographycanada.ca\/\",\"name\":\"\u00c9chographie Canada\",\"description\":\"La voix des \u00e9chographistes m\u00e9dicaux diagnostiques au Canada\",\"potentialAction\":[{\"@type\":\"SearchAction\",\"target\":{\"@type\":\"EntryPoint\",\"urlTemplate\":\"https:\/\/sonographycanada.ca\/?s={search_term_string}\"},\"query-input\":{\"@type\":\"PropertyValueSpecification\",\"valueRequired\":true,\"valueName\":\"search_term_string\"}}],\"inLanguage\":\"fr-FR\"}]}<\/script>\n<!-- \/ Yoast SEO plugin. -->","yoast_head_json":{"title":"ONTARIO ET QU\u00c9BEC - \u00c9chographie Canada","robots":{"index":"index","follow":"follow","max-snippet":"max-snippet:-1","max-image-preview":"max-image-preview:large","max-video-preview":"max-video-preview:-1"},"canonical":"https:\/\/sonographycanada.ca\/fr\/membres\/vote-special\/ontario-et-quebec","og_locale":"fr_FR","og_type":"article","og_title":"ONTARIO ET QU\u00c9BEC - \u00c9chographie Canada","og_description":"Le conseil d\u2019administration d\u2019\u00c9chographie Canada croit fermement que la structure d&#8217;adh\u00e9sion propos\u00e9e dans la nouvelle motion&nbsp;:&nbsp; r\u00e9pond le mieux aux besoins des \u00e9chographistes en Ontario, province o\u00f9 l\u2019\u00e9chographie est un domaine r\u00e9glement\u00e9, positionne de la meilleure fa\u00e7on possible \u00c9chographie Canada comme organisation repr\u00e9sentant tous les \u00e9chographistes au Canada, aujourd\u2019hui et demain.&nbsp;&nbsp; La structure d\u2019adh\u00e9sion propos\u00e9e [&hellip;]","og_url":"https:\/\/sonographycanada.ca\/fr\/membres\/vote-special\/ontario-et-quebec","og_site_name":"\u00c9chographie Canada","article_modified_time":"2019-11-12T19:53:58+00:00","twitter_card":"summary_large_image","twitter_misc":{"Est. reading time":"1 minute"},"schema":{"@context":"https:\/\/schema.org","@graph":[{"@type":"WebPage","@id":"https:\/\/sonographycanada.ca\/fr\/membres\/vote-special\/ontario-et-quebec","url":"https:\/\/sonographycanada.ca\/fr\/membres\/vote-special\/ontario-et-quebec","name":"ONTARIO ET QU\u00c9BEC - \u00c9chographie Canada","isPartOf":{"@id":"https:\/\/sonographycanada.ca\/#website"},"datePublished":"2019-11-01T19:43:11+00:00","dateModified":"2019-11-12T19:53:58+00:00","breadcrumb":{"@id":"https:\/\/sonographycanada.ca\/fr\/membres\/vote-special\/ontario-et-quebec#breadcrumb"},"inLanguage":"fr-FR","potentialAction":[{"@type":"ReadAction","target":["https:\/\/sonographycanada.ca\/fr\/membres\/vote-special\/ontario-et-quebec"]}]},{"@type":"BreadcrumbList","@id":"https:\/\/sonographycanada.ca\/fr\/membres\/vote-special\/ontario-et-quebec#breadcrumb","itemListElement":[{"@type":"ListItem","position":1,"name":"Accueil","item":"https:\/\/sonographycanada.ca\/fr"},{"@type":"ListItem","position":2,"name":"Membres","item":"https:\/\/sonographycanada.ca\/fr\/membres"},{"@type":"ListItem","position":3,"name":"Vote sp\u00e9cial des membres","item":"https:\/\/sonographycanada.ca\/fr\/membres\/vote-special"},{"@type":"ListItem","position":4,"name":"ONTARIO ET QU\u00c9BEC"}]},{"@type":"WebSite","@id":"https:\/\/sonographycanada.ca\/#website","url":"https:\/\/sonographycanada.ca\/","name":"\u00c9chographie Canada","description":"La voix des \u00e9chographistes m\u00e9dicaux diagnostiques au Canada","potentialAction":[{"@type":"SearchAction","target":{"@type":"EntryPoint","urlTemplate":"https:\/\/sonographycanada.ca\/?s={search_term_string}"},"query-input":{"@type":"PropertyValueSpecification","valueRequired":true,"valueName":"search_term_string"}}],"inLanguage":"fr-FR"}]}},"coauthors":[],"author_meta":{"author_link":"https:\/\/sonographycanada.ca\/fr\/author\/admin","display_name":"Kevin Andrews"},"relative_dates":{"created":"Publi\u00e9 6 years il y a","modified":"Mis \u00e0 jour 6 years il y a"},"absolute_dates":{"created":"Publi\u00e9 le novembre 1, 2019","modified":"Mise \u00e0 jour le novembre 12, 2019"},"absolute_dates_time":{"created":"Publi\u00e9 le novembre 1, 2019 7:43 pm","modified":"Mise \u00e0 jour le novembre 12, 2019 7:53 pm"},"featured_img_caption":"","featured_img":false,"series_order":"","_links":{"self":[{"href":"https:\/\/sonographycanada.ca\/fr\/wp-json\/wp\/v2\/pages\/7656"}],"collection":[{"href":"https:\/\/sonographycanada.ca\/fr\/wp-json\/wp\/v2\/pages"}],"about":[{"href":"https:\/\/sonographycanada.ca\/fr\/wp-json\/wp\/v2\/types\/page"}],"author":[{"embeddable":true,"href":"https:\/\/sonographycanada.ca\/fr\/wp-json\/wp\/v2\/users\/1"}],"replies":[{"embeddable":true,"href":"https:\/\/sonographycanada.ca\/fr\/wp-json\/wp\/v2\/comments?post=7656"}],"version-history":[{"count":9,"href":"https:\/\/sonographycanada.ca\/fr\/wp-json\/wp\/v2\/pages\/7656\/revisions"}],"predecessor-version":[{"id":8213,"href":"https:\/\/sonographycanada.ca\/fr\/wp-json\/wp\/v2\/pages\/7656\/revisions\/8213"}],"up":[{"embeddable":true,"href":"https:\/\/sonographycanada.ca\/fr\/wp-json\/wp\/v2\/pages\/7654"}],"wp:attachment":[{"href":"https:\/\/sonographycanada.ca\/fr\/wp-json\/wp\/v2\/media?parent=7656"}],"curies":[{"name":"wp","href":"https:\/\/api.w.org\/{rel}","templated":true}]}}