{"id":7659,"date":"2019-11-01T19:45:24","date_gmt":"2019-11-01T19:45:24","guid":{"rendered":"https:\/\/sonographycanada.ca\/?page_id=7659"},"modified":"2019-12-11T15:49:20","modified_gmt":"2019-12-11T10:49:20","slug":"resume","status":"publish","type":"page","link":"https:\/\/sonographycanada.ca\/fr\/membres\/vote-special\/ontario-et-quebec\/resume","title":{"rendered":"Sommaire et fiche d&#8217;information"},"content":{"rendered":"<p>Veuillez parcourir le r\u00e9sum\u00e9 ci-dessous des changements que nous proposons aux cat\u00e9gories de membres et aux droits et aux responsabilit\u00e9s des membres.&nbsp; Si vous avez des questions, nous vous invitons \u00e0 communiquer avec nous \u00e0 l\u2019adresse suivante&nbsp;:  <a href=\"mailto:vote@sonographycanada.ca\">vote@sonographycanada.ca<\/a>. <\/p><p>Pour vous familiariser avec les d\u00e9tails sur les modifications apport\u00e9es \u00e0 la constitution et aux statuts de l&#8217;association, veuillez consulter notre&nbsp;<a href=\"https:\/\/sonographycanada.ca\/app\/uploads\/2019\/11\/Bylaw-Changes_Summary_Oct2019.pdf\">sommaire des modifications apport\u00e9es aux statuts<\/a>&nbsp;ou&nbsp;<a href=\"https:\/\/sonographycanada.ca\/app\/uploads\/2019\/11\/Constitution-and-By-laws-SC-revised-October-2019_BoD-Approved.pdf\" target=\"_blank\" rel=\"noreferrer noopener\" aria-label=\" (opens in a new tab)\">la version r\u00e9vis\u00e9e compl\u00e8te de la constitution et des statuts<\/a>. Veuillez noter que la documentation existe uniquement en anglais.<\/p><p><strong>Fiche d&#8217;information <\/strong>: Pour une <a href=\"https:\/\/sonographycanada.ca\/app\/uploads\/2019\/11\/Tableau-comparatif-Vote-sur-le-mod\u00e8le-dadh\u00e9sion-r\u00e9vis\u00e9-.pdf \">comparaison compl\u00e8te entre la structure d&#8217;adh\u00e9sion actuelle, la proposition soumise lors de l&#8217;AGA et la toute nouvelle motion, cliquez ici<\/a>.  <\/p><p><strong>Foire aux questions<\/strong> : Mais que vous vous posez encore des questions au sujet de cette motion, veuillez prendre quelques minutes pour consulter notre <a href=\"https:\/\/sonographycanada.ca\/app\/uploads\/2019\/12\/FAQ-Mod\u00e8le-dadh\u00e9sion-R\u00e9pondre-aux-pr\u00e9occupations.pdf\" target=\"_blank\" rel=\"noreferrer noopener\" aria-label=\"Foire aux questions (PDF) (opens in a new tab)\">Foire aux questions (PDF)<\/a>.<\/p><p><strong>WEBINAIRE : <\/strong>Si vous avez manqu\u00e9 le r\u00e9cent webinaire (en anglais) qui offrait un compte rendu d\u00e9taill\u00e9 des modifications propos\u00e9es, vous pouvez <a rel=\"noreferrer noopener\" aria-label=\" (opens in a new tab)\" href=\"https:\/\/vimeo.com\/374263388\/8733fadc6f\" target=\"_blank\">visionner un enregistrement de la session ici<\/a>.<\/p><figure class=\"wp-block-embed-vimeo wp-block-embed is-type-video is-provider-vimeo wp-embed-aspect-16-9 wp-has-aspect-ratio\"><div class=\"wp-block-embed__wrapper\">\n<iframe loading=\"lazy\" title=\"The Revised Sonography Canada Membership Model\" src=\"https:\/\/player.vimeo.com\/video\/374263388?dnt=1&amp;app_id=122963\" width=\"500\" height=\"281\" frameborder=\"0\" allow=\"autoplay; fullscreen; picture-in-picture; clipboard-write\"><\/iframe>\n<\/div><\/figure><p>Cliquez pour passer au r\u00e9sum\u00e9 de chacune des cat\u00e9gories d&#8217;adh\u00e9sion \u00e9num\u00e9r\u00e9es ci-dessous :<\/p><ul class=\"wp-block-list\"><li><a href=\"#summary-1\"><\/a><a href=\"#resume-1\">Cat\u00e9gorie de membre <strong>actif<\/strong><\/a><\/li><li><a href=\"#summary-2\"><\/a><a href=\"#resume-2\">Membre <strong>praticien non accr\u00e9dit\u00e9 <\/strong><\/a><\/li><li><a href=\"#resume-3\">Cat\u00e9gorie de membre <strong>inactif<\/strong><\/a><\/li><li><a href=\"#resume-4\"><strong>Professionnel de la sant\u00e9 connexe<\/strong><\/a><strong> <\/strong><\/li><li><a href=\"#resume-5\">Cat\u00e9gorie de membre <strong>\u00e9tudiant<\/strong><\/a><\/li><li><a href=\"#resume-6\">Cat\u00e9gorie de membre <strong>nouveaux dipl\u00f4m\u00e9s<\/strong><\/a> <\/li><\/ul><p>\nPour confirmer, aucun changement n\u2019est propos\u00e9 \u00e0 la cat\u00e9gorie des membres r\u00e9gionaux et des membres corporatifs dans le cadre de cette motion.&nbsp; \n\n<\/p><h2 class=\"wp-block-heading\" id=\"resume-1\"> Cat\u00e9gorie de membre actif<\/h2><figure class=\"wp-block-table\"><table class=\"\"><thead><tr><th><\/th><th>Actif<\/th><\/tr><\/thead><tbody><tr><td>Frais annuels <\/td><td>175 $<\/td><\/tr><tr><td>Doit d\u00e9tenir un titre de comp\u00e9tence d\u2019EC <\/td><td>Non<\/td><\/tr><tr><td>Est autoris\u00e9 \u00e0 maintenir son titre de comp\u00e9tence d\u2019EC <\/td><td>Oui, s\u2019il d\u00e9tient le titre de comp\u00e9tence <\/td><\/tr><tr><td>Peut souscrire \u00e0 l\u2019ARP <\/td><td>Oui<\/td><\/tr><tr><td>A le droit de voter <\/td><td>Oui<br><\/td><\/tr><tr><td>Doit r\u00e9pondre aux exigences du DPC d\u2019EC <\/td><td>Oui, s\u2019il d\u00e9tient un titre de comp\u00e9tence <\/td><\/tr><tr><td>Participe comme b\u00e9n\u00e9vole (s\u2019il r\u00e9pond aux exigences du r\u00f4le b\u00e9n\u00e9vole)* <\/td><td>Oui<\/td><\/tr><\/tbody><\/table><\/figure><p>* Pour remplir certains r\u00f4les b\u00e9n\u00e9voles, la personne devra d\u00e9tenir un titre de comp\u00e9tence d\u2019\u00c9chographie Canada (p. ex pour si\u00e9ger \u00e0 des comit\u00e9s li\u00e9s aux processus d\u2019attribution des titres de comp\u00e9tences et \u00e0 l&#8217;\u00e9tablissement des normes et pour si\u00e9ger au conseil d&#8217;administration). Les b\u00e9n\u00e9voles pourraient \u00e9galement devoir d\u00e9tenir des titres de comp\u00e9tence depuis une p\u00e9riode prescrite.&nbsp;  <\/p><p>\n<!--StartFragment--><\/p><h2 class=\"wp-block-heading\" id=\"resume-2\">  Membre praticien non accr\u00e9dit\u00e9 <\/h2><figure class=\"wp-block-table\"><table class=\"\"><thead><tr><th><\/th><th> non accr\u00e9dit\u00e9<\/th><\/tr><\/thead><tbody><tr><td>Frais annuels <\/td><td>175 $<\/td><\/tr><tr><td>Doit d\u00e9tenir un titre de comp\u00e9tence d\u2019EC <\/td><td>Non<\/td><\/tr><tr><td>Est autoris\u00e9 \u00e0 maintenir son titre de comp\u00e9tence d\u2019EC <\/td><td>Non<\/td><\/tr><tr><td>Peut souscrire \u00e0 l\u2019ARP <\/td><td>Oui, mais doit verser une prime plus \u00e9lev\u00e9e <\/td><\/tr><tr><td>A le droit de voter <\/td><td>Non<br><\/td><\/tr><tr><td>Doit r\u00e9pondre aux exigences du DPC d\u2019EC <\/td><td>Oui<\/td><\/tr><tr><td>Participe comme b\u00e9n\u00e9vole (s\u2019il r\u00e9pond aux exigences du r\u00f4le b\u00e9n\u00e9vole)* <\/td><td>Non<\/td><\/tr><\/tbody><\/table><\/figure><p>* Pour remplir certains r\u00f4les b\u00e9n\u00e9voles, la personne devra d\u00e9tenir un titre de comp\u00e9tence d\u2019\u00c9chographie Canada (p. ex pour si\u00e9ger \u00e0 des comit\u00e9s li\u00e9s aux processus d\u2019attribution des titres de comp\u00e9tences et \u00e0 l&#8217;\u00e9tablissement des normes et pour si\u00e9ger au conseil d&#8217;administration). Les b\u00e9n\u00e9voles pourraient \u00e9galement devoir d\u00e9tenir des titres de comp\u00e9tence depuis une p\u00e9riode prescrite.&nbsp;  <\/p><p>\n<!--StartFragment--><\/p><h2 class=\"wp-block-heading\" id=\"resume-3\">Cat\u00e9gorie de membre inactif<\/h2><figure class=\"wp-block-table\"><table class=\"\"><thead><tr><th><\/th><th>inactif<\/th><\/tr><\/thead><tbody><tr><td>Frais annuels <\/td><td>75 $<\/td><\/tr><tr><td>Doit d\u00e9tenir un titre de comp\u00e9tence d\u2019EC <\/td><td>Non<\/td><\/tr><tr><td>Est autoris\u00e9 \u00e0 maintenir son titre de comp\u00e9tence d\u2019EC <\/td><td>Non<\/td><\/tr><tr><td>Peut souscrire \u00e0 l\u2019ARP <\/td><td>Non <\/td><\/tr><tr><td>A le droit de voter <\/td><td>Non <br><\/td><\/tr><tr><td>Doit r\u00e9pondre aux exigences du DPC d\u2019EC <\/td><td>Non <\/td><\/tr><tr><td>Participe comme b\u00e9n\u00e9vole (s\u2019il r\u00e9pond aux exigences du r\u00f4le b\u00e9n\u00e9vole)* <\/td><td>Non <\/td><\/tr><\/tbody><\/table><\/figure><p>Veuillez noter que la d\u00e9cision de permettre \u00e0 un membre patricien inactif de devenir membre actif \u00e0 nouveau, suite \u00e0 une p\u00e9riode de cinq ans, se fera \u00e0 la discr\u00e9tion du conseil d\u2019administration d\u2019\u00c9chographie Canada. <\/p><p>* Pour remplir certains r\u00f4les b\u00e9n\u00e9voles, la personne devra d\u00e9tenir un titre de comp\u00e9tence d\u2019\u00c9chographie Canada (p. ex pour si\u00e9ger \u00e0 des comit\u00e9s li\u00e9s aux processus d\u2019attribution des titres de comp\u00e9tences et \u00e0 l&#8217;\u00e9tablissement des normes et pour si\u00e9ger au conseil d&#8217;administration). Les b\u00e9n\u00e9voles pourraient \u00e9galement devoir d\u00e9tenir des titres de comp\u00e9tence depuis une p\u00e9riode prescrite.&nbsp;  <\/p><p>\n<!--StartFragment--><\/p><h2 class=\"wp-block-heading\" id=\"resume-4\">  Professionnel de la sant\u00e9 connexe <\/h2><figure class=\"wp-block-table\"><table class=\"\"><thead><tr><th><\/th><th> sant\u00e9 connexe  <\/th><\/tr><\/thead><tbody><tr><td>Frais annuels <\/td><td>75 $<\/td><\/tr><tr><td>Doit d\u00e9tenir un titre de comp\u00e9tence d\u2019EC <\/td><td>Non<\/td><\/tr><tr><td>Est autoris\u00e9 \u00e0 maintenir son titre de comp\u00e9tence d\u2019EC <\/td><td>Non<\/td><\/tr><tr><td>Peut souscrire \u00e0 l\u2019ARP <\/td><td>Non<\/td><\/tr><tr><td>A le droit de voter <\/td><td>Non<br><\/td><\/tr><tr><td>Doit r\u00e9pondre aux exigences du DPC d\u2019EC <\/td><td> Non, n&#8217;a acc\u00e8s qu&#8217;aux programmes de DPC <\/td><\/tr><tr><td>Participe comme b\u00e9n\u00e9vole (s\u2019il r\u00e9pond aux exigences du r\u00f4le b\u00e9n\u00e9vole)* <\/td><td>Non<\/td><\/tr><\/tbody><\/table><\/figure><p>* Pour remplir certains r\u00f4les b\u00e9n\u00e9voles, la personne devra d\u00e9tenir un titre de comp\u00e9tence d\u2019\u00c9chographie Canada (p. ex pour si\u00e9ger \u00e0 des comit\u00e9s li\u00e9s aux processus d\u2019attribution des titres de comp\u00e9tences et \u00e0 l&#8217;\u00e9tablissement des normes et pour si\u00e9ger au conseil d&#8217;administration). Les b\u00e9n\u00e9voles pourraient \u00e9galement devoir d\u00e9tenir des titres de comp\u00e9tence depuis une p\u00e9riode prescrite.&nbsp;  <\/p><p>\n<!--StartFragment--><\/p><h2 class=\"wp-block-heading\" id=\"resume-5\"> Cat\u00e9gorie de membre \u00e9tudiant <\/h2><figure class=\"wp-block-table\"><table class=\"\"><thead><tr><th><\/th><th> \u00e9tudiant  <\/th><\/tr><\/thead><tbody><tr><td>Frais annuels <\/td><td>0 $<\/td><\/tr><tr><td>Doit d\u00e9tenir un titre de comp\u00e9tence d\u2019EC <\/td><td>Non<\/td><\/tr><tr><td>Est autoris\u00e9 \u00e0 maintenir son titre de comp\u00e9tence d\u2019EC <\/td><td>Non <\/td><\/tr><tr><td>Peut souscrire \u00e0 l\u2019ARP <\/td><td>Non<\/td><\/tr><tr><td>A le droit de voter <\/td><td>Non<br><\/td><\/tr><tr><td>Doit r\u00e9pondre aux exigences du DPC d\u2019EC <\/td><td>Non<\/td><\/tr><tr><td>Participe comme b\u00e9n\u00e9vole (s\u2019il r\u00e9pond aux exigences du r\u00f4le b\u00e9n\u00e9vole)* <\/td><td>Oui<\/td><\/tr><\/tbody><\/table><\/figure><p>* Pour remplir certains r\u00f4les b\u00e9n\u00e9voles, la personne devra d\u00e9tenir un titre de comp\u00e9tence d\u2019\u00c9chographie Canada (p. ex pour si\u00e9ger \u00e0 des comit\u00e9s li\u00e9s aux processus d\u2019attribution des titres de comp\u00e9tences et \u00e0 l&#8217;\u00e9tablissement des normes et pour si\u00e9ger au conseil d&#8217;administration). Les b\u00e9n\u00e9voles pourraient \u00e9galement devoir d\u00e9tenir des titres de comp\u00e9tence depuis une p\u00e9riode prescrite.&nbsp;  <\/p><p>\n<!--StartFragment--><\/p><h2 class=\"wp-block-heading\" id=\"resume-6\"> Cat\u00e9gorie de membre nouveaux dipl\u00f4m\u00e9s <\/h2><figure class=\"wp-block-table\"><table class=\"\"><thead><tr><th><\/th><th> nouveaux dipl\u00f4m\u00e9s  <\/th><\/tr><\/thead><tbody><tr><td>Frais annuels <\/td><td>75 $<\/td><\/tr><tr><td>Doit d\u00e9tenir un titre de comp\u00e9tence d\u2019EC <\/td><td>Non<\/td><\/tr><tr><td>Est autoris\u00e9 \u00e0 maintenir son titre de comp\u00e9tence d\u2019EC <\/td><td> Oui, s\u2019il devient d\u00e9tenteur d\u2019un titre de comp\u00e9tence <\/td><\/tr><tr><td>Peut souscrire \u00e0 l\u2019ARP <\/td><td>Oui<\/td><\/tr><tr><td>A le droit de voter <\/td><td>Oui<br><\/td><\/tr><tr><td>Doit r\u00e9pondre aux exigences du DPC d\u2019EC <\/td><td>Oui, s\u2019il d\u00e9tient un titre de comp\u00e9tence <\/td><\/tr><tr><td>Participe comme b\u00e9n\u00e9vole (s\u2019il r\u00e9pond aux exigences du r\u00f4le b\u00e9n\u00e9vole)* <\/td><td>Oui<\/td><\/tr><\/tbody><\/table><\/figure><p>* Pour remplir certains r\u00f4les b\u00e9n\u00e9voles, la personne devra d\u00e9tenir un titre de comp\u00e9tence d\u2019\u00c9chographie Canada (p. ex pour si\u00e9ger \u00e0 des comit\u00e9s li\u00e9s aux processus d\u2019attribution des titres de comp\u00e9tences et \u00e0 l&#8217;\u00e9tablissement des normes et pour si\u00e9ger au conseil d&#8217;administration). Les b\u00e9n\u00e9voles pourraient \u00e9galement devoir d\u00e9tenir des titres de comp\u00e9tence depuis une p\u00e9riode prescrite.&nbsp;  <\/p>","protected":false},"excerpt":{"rendered":"<p>Veuillez parcourir le r\u00e9sum\u00e9 ci-dessous des changements que nous proposons aux cat\u00e9gories de membres et aux droits et aux responsabilit\u00e9s des membres.&nbsp; Si vous avez des questions, nous vous invitons \u00e0 communiquer avec nous \u00e0 l\u2019adresse suivante&nbsp;: vote@sonographycanada.ca. Pour vous familiariser avec les d\u00e9tails sur les modifications apport\u00e9es \u00e0 la constitution et aux statuts de [&hellip;]<\/p>\n","protected":false},"author":1,"featured_media":0,"parent":7656,"menu_order":3,"comment_status":"closed","ping_status":"closed","template":"","meta":{"_acf_changed":false,"advgb_blocks_editor_width":"","advgb_blocks_columns_visual_guide":"","wicket_organization":"","_seat_count":"","_member_id":[],"_edit_last":"6457","_start_date":"","_end_date":"","footnotes":""},"class_list":["post-7659","page","type-page","status-publish","hentry"],"acf":[],"yoast_head":"<!-- This site is optimized with the Yoast SEO plugin v23.5 - https:\/\/yoast.com\/wordpress\/plugins\/seo\/ -->\n<title>Sommaire et fiche d&#039;information - \u00c9chographie Canada<\/title>\n<meta name=\"robots\" content=\"index, follow, max-snippet:-1, max-image-preview:large, max-video-preview:-1\" \/>\n<link rel=\"canonical\" href=\"https:\/\/sonographycanada.ca\/fr\/membres\/vote-special\/ontario-et-quebec\/resume\" \/>\n<meta property=\"og:locale\" content=\"fr_FR\" \/>\n<meta property=\"og:type\" content=\"article\" \/>\n<meta property=\"og:title\" content=\"Sommaire et fiche d&#039;information - \u00c9chographie Canada\" \/>\n<meta property=\"og:description\" content=\"Veuillez parcourir le r\u00e9sum\u00e9 ci-dessous des changements que nous proposons aux cat\u00e9gories de membres et aux droits et aux responsabilit\u00e9s des membres.&nbsp; Si vous avez des questions, nous vous invitons \u00e0 communiquer avec nous \u00e0 l\u2019adresse suivante&nbsp;: vote@sonographycanada.ca. Pour vous familiariser avec les d\u00e9tails sur les modifications apport\u00e9es \u00e0 la constitution et aux statuts de [&hellip;]\" \/>\n<meta property=\"og:url\" content=\"https:\/\/sonographycanada.ca\/fr\/membres\/vote-special\/ontario-et-quebec\/resume\" \/>\n<meta property=\"og:site_name\" content=\"\u00c9chographie Canada\" \/>\n<meta property=\"article:modified_time\" content=\"2019-12-11T10:49:20+00:00\" \/>\n<meta name=\"twitter:card\" content=\"summary_large_image\" \/>\n<meta name=\"twitter:label1\" content=\"Est. reading time\" \/>\n\t<meta name=\"twitter:data1\" content=\"6 minutes\" \/>\n<script type=\"application\/ld+json\" class=\"yoast-schema-graph\">{\"@context\":\"https:\/\/schema.org\",\"@graph\":[{\"@type\":\"WebPage\",\"@id\":\"https:\/\/sonographycanada.ca\/fr\/membres\/vote-special\/ontario-et-quebec\/resume\",\"url\":\"https:\/\/sonographycanada.ca\/fr\/membres\/vote-special\/ontario-et-quebec\/resume\",\"name\":\"Sommaire et fiche d'information - \u00c9chographie Canada\",\"isPartOf\":{\"@id\":\"https:\/\/sonographycanada.ca\/#website\"},\"datePublished\":\"2019-11-01T19:45:24+00:00\",\"dateModified\":\"2019-12-11T10:49:20+00:00\",\"breadcrumb\":{\"@id\":\"https:\/\/sonographycanada.ca\/fr\/membres\/vote-special\/ontario-et-quebec\/resume#breadcrumb\"},\"inLanguage\":\"fr-FR\",\"potentialAction\":[{\"@type\":\"ReadAction\",\"target\":[\"https:\/\/sonographycanada.ca\/fr\/membres\/vote-special\/ontario-et-quebec\/resume\"]}]},{\"@type\":\"BreadcrumbList\",\"@id\":\"https:\/\/sonographycanada.ca\/fr\/membres\/vote-special\/ontario-et-quebec\/resume#breadcrumb\",\"itemListElement\":[{\"@type\":\"ListItem\",\"position\":1,\"name\":\"Accueil\",\"item\":\"https:\/\/sonographycanada.ca\/fr\"},{\"@type\":\"ListItem\",\"position\":2,\"name\":\"Membres\",\"item\":\"https:\/\/sonographycanada.ca\/fr\/membres\"},{\"@type\":\"ListItem\",\"position\":3,\"name\":\"Vote sp\u00e9cial des membres\",\"item\":\"https:\/\/sonographycanada.ca\/fr\/membres\/vote-special\"},{\"@type\":\"ListItem\",\"position\":4,\"name\":\"ONTARIO ET QU\u00c9BEC\",\"item\":\"https:\/\/sonographycanada.ca\/fr\/membres\/vote-special\/ontario-et-quebec\"},{\"@type\":\"ListItem\",\"position\":5,\"name\":\"Sommaire et fiche d&#8217;information\"}]},{\"@type\":\"WebSite\",\"@id\":\"https:\/\/sonographycanada.ca\/#website\",\"url\":\"https:\/\/sonographycanada.ca\/\",\"name\":\"\u00c9chographie Canada\",\"description\":\"La voix des \u00e9chographistes m\u00e9dicaux diagnostiques au Canada\",\"potentialAction\":[{\"@type\":\"SearchAction\",\"target\":{\"@type\":\"EntryPoint\",\"urlTemplate\":\"https:\/\/sonographycanada.ca\/?s={search_term_string}\"},\"query-input\":{\"@type\":\"PropertyValueSpecification\",\"valueRequired\":true,\"valueName\":\"search_term_string\"}}],\"inLanguage\":\"fr-FR\"}]}<\/script>\n<!-- \/ Yoast SEO plugin. -->","yoast_head_json":{"title":"Sommaire et fiche d'information - \u00c9chographie Canada","robots":{"index":"index","follow":"follow","max-snippet":"max-snippet:-1","max-image-preview":"max-image-preview:large","max-video-preview":"max-video-preview:-1"},"canonical":"https:\/\/sonographycanada.ca\/fr\/membres\/vote-special\/ontario-et-quebec\/resume","og_locale":"fr_FR","og_type":"article","og_title":"Sommaire et fiche d'information - \u00c9chographie Canada","og_description":"Veuillez parcourir le r\u00e9sum\u00e9 ci-dessous des changements que nous proposons aux cat\u00e9gories de membres et aux droits et aux responsabilit\u00e9s des membres.&nbsp; Si vous avez des questions, nous vous invitons \u00e0 communiquer avec nous \u00e0 l\u2019adresse suivante&nbsp;: vote@sonographycanada.ca. Pour vous familiariser avec les d\u00e9tails sur les modifications apport\u00e9es \u00e0 la constitution et aux statuts de [&hellip;]","og_url":"https:\/\/sonographycanada.ca\/fr\/membres\/vote-special\/ontario-et-quebec\/resume","og_site_name":"\u00c9chographie Canada","article_modified_time":"2019-12-11T10:49:20+00:00","twitter_card":"summary_large_image","twitter_misc":{"Est. reading time":"6 minutes"},"schema":{"@context":"https:\/\/schema.org","@graph":[{"@type":"WebPage","@id":"https:\/\/sonographycanada.ca\/fr\/membres\/vote-special\/ontario-et-quebec\/resume","url":"https:\/\/sonographycanada.ca\/fr\/membres\/vote-special\/ontario-et-quebec\/resume","name":"Sommaire et fiche d'information - \u00c9chographie Canada","isPartOf":{"@id":"https:\/\/sonographycanada.ca\/#website"},"datePublished":"2019-11-01T19:45:24+00:00","dateModified":"2019-12-11T10:49:20+00:00","breadcrumb":{"@id":"https:\/\/sonographycanada.ca\/fr\/membres\/vote-special\/ontario-et-quebec\/resume#breadcrumb"},"inLanguage":"fr-FR","potentialAction":[{"@type":"ReadAction","target":["https:\/\/sonographycanada.ca\/fr\/membres\/vote-special\/ontario-et-quebec\/resume"]}]},{"@type":"BreadcrumbList","@id":"https:\/\/sonographycanada.ca\/fr\/membres\/vote-special\/ontario-et-quebec\/resume#breadcrumb","itemListElement":[{"@type":"ListItem","position":1,"name":"Accueil","item":"https:\/\/sonographycanada.ca\/fr"},{"@type":"ListItem","position":2,"name":"Membres","item":"https:\/\/sonographycanada.ca\/fr\/membres"},{"@type":"ListItem","position":3,"name":"Vote sp\u00e9cial des membres","item":"https:\/\/sonographycanada.ca\/fr\/membres\/vote-special"},{"@type":"ListItem","position":4,"name":"ONTARIO ET QU\u00c9BEC","item":"https:\/\/sonographycanada.ca\/fr\/membres\/vote-special\/ontario-et-quebec"},{"@type":"ListItem","position":5,"name":"Sommaire et fiche d&#8217;information"}]},{"@type":"WebSite","@id":"https:\/\/sonographycanada.ca\/#website","url":"https:\/\/sonographycanada.ca\/","name":"\u00c9chographie Canada","description":"La voix des \u00e9chographistes m\u00e9dicaux diagnostiques au Canada","potentialAction":[{"@type":"SearchAction","target":{"@type":"EntryPoint","urlTemplate":"https:\/\/sonographycanada.ca\/?s={search_term_string}"},"query-input":{"@type":"PropertyValueSpecification","valueRequired":true,"valueName":"search_term_string"}}],"inLanguage":"fr-FR"}]}},"coauthors":[],"author_meta":{"author_link":"https:\/\/sonographycanada.ca\/fr\/author\/admin","display_name":"Kevin Andrews"},"relative_dates":{"created":"Publi\u00e9 6 years il y a","modified":"Mis \u00e0 jour 6 years il y a"},"absolute_dates":{"created":"Publi\u00e9 le novembre 1, 2019","modified":"Mise \u00e0 jour le d\u00e9cembre 11, 2019"},"absolute_dates_time":{"created":"Publi\u00e9 le novembre 1, 2019 7:45 pm","modified":"Mise \u00e0 jour le d\u00e9cembre 11, 2019 3:49 pm"},"featured_img_caption":"","featured_img":false,"series_order":"","_links":{"self":[{"href":"https:\/\/sonographycanada.ca\/fr\/wp-json\/wp\/v2\/pages\/7659"}],"collection":[{"href":"https:\/\/sonographycanada.ca\/fr\/wp-json\/wp\/v2\/pages"}],"about":[{"href":"https:\/\/sonographycanada.ca\/fr\/wp-json\/wp\/v2\/types\/page"}],"author":[{"embeddable":true,"href":"https:\/\/sonographycanada.ca\/fr\/wp-json\/wp\/v2\/users\/1"}],"replies":[{"embeddable":true,"href":"https:\/\/sonographycanada.ca\/fr\/wp-json\/wp\/v2\/comments?post=7659"}],"version-history":[{"count":16,"href":"https:\/\/sonographycanada.ca\/fr\/wp-json\/wp\/v2\/pages\/7659\/revisions"}],"predecessor-version":[{"id":9140,"href":"https:\/\/sonographycanada.ca\/fr\/wp-json\/wp\/v2\/pages\/7659\/revisions\/9140"}],"up":[{"embeddable":true,"href":"https:\/\/sonographycanada.ca\/fr\/wp-json\/wp\/v2\/pages\/7656"}],"wp:attachment":[{"href":"https:\/\/sonographycanada.ca\/fr\/wp-json\/wp\/v2\/media?parent=7659"}],"curies":[{"name":"wp","href":"https:\/\/api.w.org\/{rel}","templated":true}]}}