{"id":7661,"date":"2019-11-01T19:47:37","date_gmt":"2019-11-01T19:47:37","guid":{"rendered":"https:\/\/sonographycanada.ca\/?page_id=7661"},"modified":"2019-11-13T16:22:52","modified_gmt":"2019-11-13T16:22:52","slug":"pourquoi-propose-t-on-ces-changements","status":"publish","type":"page","link":"https:\/\/sonographycanada.ca\/fr\/membres\/vote-special\/ontario-et-quebec\/pourquoi-propose-t-on-ces-changements","title":{"rendered":"Pourquoi propose-t-on ces changements?"},"content":{"rendered":"<h2 class=\"wp-block-heading\">Raison #1&nbsp;: <\/h2><h3 class=\"wp-block-heading\"><strong>L\u2019autor\u00e9glementation a r\u00e9v\u00e9l\u00e9 qu\u2019il existe un plus grand nombre d\u2019\u00e9chographistes praticiens en Ontario que pr\u00e9vu, plusieurs d\u2019entre eux sans titre de comp\u00e9tence d\u2019\u00c9chographie Canada.&nbsp;<\/strong><\/h3><p>En raison de l\u2019adoption de mesures de r\u00e9glementation en Ontario par l\u2019entremise de l\u2019Ordre des technologues en radiation m\u00e9dicale de l\u2019Ontario (OTRMO), pendant la p\u00e9riode d\u2019inscription en 2018, un nombre important d\u2019\u00e9chographistes sont devenus autoris\u00e9s \u00e0 pratiquer le m\u00e9tier, c\u2019est-\u00e0-dire qu\u2019ils ont obtenu une d\u00e9signation de \u00ab\u00a0technicien\/technologue en \u00e9chographie diagnostique\u00a0\u00bb (TED), sans poss\u00e9der de titres de comp\u00e9tence d\u2019\u00c9chographie Canada.\u00a0<\/p><h2 class=\"wp-block-heading\">Raison #2&nbsp;: <\/h2><h3 class=\"wp-block-heading\"><strong>L\u2019OTRMO impose aux \u00e9chographistes enregistr\u00e9s des exigences annuelles en mati\u00e8re de d\u00e9veloppement professionnel continu (DPC) pour conserver leurs comp\u00e9tences (soit le double des exigences en mati\u00e8re de DPC d\u2019\u00c9chographie Canada).<\/strong><\/h3><p> Les exigences en mati\u00e8re de DPC de l\u2019OTRMO s\u2019harmonisent avec notre mission de favoriser les pratiques exemplaires et de promouvoir la qu\u00eate de l\u2019excellence en \u00e9chographie. Le nouveau mod\u00e8le d\u2019adh\u00e9sion reconna\u00eet l\u2019engagement des \u00e9chographistes enregistr\u00e9s \u00e0 la formation professionnelle continue et leur offrirait l\u2019acc\u00e8s \u00e0 des programmes de DPC de haute qualit\u00e9 d\u2019\u00c9chographie Canada qui sont accept\u00e9s par les organismes de r\u00e9glementation provinciaux.  <\/p><p>Bref, si\nnous ne sommes pas en mesure de communiquer avec ces \u00e9chographistes praticiens,\nil ne sera pas possible pour nous de les \u00e9duquer et de contribuer \u00e0 \u00e9lever\nleurs normes de pratique.<\/p><h2 class=\"wp-block-heading\"> Raison #3&nbsp;: <\/h2><h3 class=\"wp-block-heading\"> <\/h3><h3 class=\"wp-block-heading\">Les\n\u00e9chographistes nous rapportent que leur environnement de travail pourrait ne\npas \u00eatre soutenable, tant pour eux-m\u00eames que pour les soins de sant\u00e9 prodigu\u00e9s\naux Canadiens. Ils sont \u00e0 la recherche d\u2019un porte-parole, \u00ab&nbsp;d\u2019une\nvoix&nbsp;\u00bb qui pourra se prononcer pour eux aupr\u00e8s des employeurs et des\nparties prenantes. <\/h3><h3 class=\"wp-block-heading\">Afin de\ndevenir cette voix cr\u00e9dible, nous devons repr\u00e9senter autant d\u2019\u00e9chographistes\npraticiens que possible.<\/h3><p>Il\nest important de s\u2019assurer que nous ayons une voix forte et cr\u00e9dible pour\ngarantir de bonnes conditions d\u2019emploi pour tous les \u00e9chographistes, maintenant\net dans le futur, afin que nous puissions maintenir des normes \u00e9lev\u00e9es de soins\nde sant\u00e9 pour l\u2019ensemble des Canadiens.<\/p><p>L\u2019av\u00e8nement\nde la r\u00e9glementation a fait en sorte que les int\u00e9r\u00eats des \u00e9chographistes ont\n\u00e9t\u00e9 jumel\u00e9s \u00e0 ceux des autres professions dans le domaine de l\u2019imagerie m\u00e9dicale\ndiagnostique. Ceci souligne la n\u00e9cessit\u00e9 pour une organisation nationale\npuissante poss\u00e9dant un mandat uniquement ax\u00e9 sur les int\u00e9r\u00eats professionnels\ndes \u00e9chographistes. La meilleure fa\u00e7on de veiller \u00e0 ce que nous ayons une voix\nest de s\u2019assurer que nous repr\u00e9sentons autant d\u2019\u00e9chographistes praticiens que\npossible.<\/p><h2 class=\"wp-block-heading\"><strong>Raison #4 :<\/strong><\/h2><h3 class=\"wp-block-heading\"><strong>L\u2019av\u00e8nement de la r\u00e9glementation vient faire augmenter la demande d\u2019assurance responsabilit\u00e9 professionnelle (ARP).<\/strong><\/h3><p>Ce\nmod\u00e8le d\u2019adh\u00e9sion accordera aux \u00e9chographistes enregistr\u00e9s en Ontario, avec ou\nsans titre de comp\u00e9tences d\u2019\u00c9chographie Canada, l\u2019occasion de se procurer une\nassurance responsabilit\u00e9 professionnelle abordable et la plus compl\u00e8te\npossible. Cela ne fait que renforcer les modifications apport\u00e9es \u00e0 la\nconstitution et aux statuts en 2018 compte tenu de l\u2019introduction de la\nr\u00e9glementation en Ontario.<\/p><h2 class=\"wp-block-heading\"><strong>Raison #5 :<\/strong><\/h2><h3 class=\"wp-block-heading\"><strong>L\u2019\u00e9largissement de notre bassin de membres permet de soutenir la viabilit\u00e9 financi\u00e8re d\u2019une association professionnelle qui pourrait donc augmenter l\u2019offre de services offert aux membres aujourd\u2019hui et cro\u00eetre de fa\u00e7on abordable dans un environnement en constante \u00e9volution.<\/strong><\/h3><p>Plus\nnous avons de membres, plus nous pouvons tirer profit d\u2019un \u00e9ventail \u00e9largi de\nperspectives et plus nous aurons de ressources \u00e0 notre disposition pour\nd\u00e9velopper de nouveaux programmes innovateurs.<\/p><h4 class=\"wp-block-heading\" style=\"text-align:center\">Nous sommes la seule organisation nationale enti\u00e8rement d\u00e9vou\u00e9e au soutien et aux besoins professionnels des \u00e9chographistes. <\/h4>","protected":false},"excerpt":{"rendered":"<p>Raison #1&nbsp;: L\u2019autor\u00e9glementation a r\u00e9v\u00e9l\u00e9 qu\u2019il existe un plus grand nombre d\u2019\u00e9chographistes praticiens en Ontario que pr\u00e9vu, plusieurs d\u2019entre eux sans titre de comp\u00e9tence d\u2019\u00c9chographie Canada.&nbsp; En raison de l\u2019adoption de mesures de r\u00e9glementation en Ontario par l\u2019entremise de l\u2019Ordre des technologues en radiation m\u00e9dicale de l\u2019Ontario (OTRMO), pendant la p\u00e9riode d\u2019inscription en 2018, un [&hellip;]<\/p>\n","protected":false},"author":1,"featured_media":0,"parent":7656,"menu_order":1,"comment_status":"closed","ping_status":"closed","template":"","meta":{"_acf_changed":false,"advgb_blocks_editor_width":"","advgb_blocks_columns_visual_guide":"","wicket_organization":"","_seat_count":"","_member_id":[],"_edit_last":"6457","_start_date":"","_end_date":"","footnotes":""},"class_list":["post-7661","page","type-page","status-publish","hentry"],"acf":[],"yoast_head":"<!-- This site is optimized with the Yoast SEO plugin v23.5 - https:\/\/yoast.com\/wordpress\/plugins\/seo\/ -->\n<title>Pourquoi propose-t-on ces changements? - \u00c9chographie Canada<\/title>\n<meta name=\"robots\" content=\"index, follow, max-snippet:-1, max-image-preview:large, max-video-preview:-1\" \/>\n<link rel=\"canonical\" href=\"https:\/\/sonographycanada.ca\/fr\/membres\/vote-special\/ontario-et-quebec\/pourquoi-propose-t-on-ces-changements\" \/>\n<meta property=\"og:locale\" content=\"fr_FR\" \/>\n<meta property=\"og:type\" content=\"article\" \/>\n<meta property=\"og:title\" content=\"Pourquoi propose-t-on ces changements? - \u00c9chographie Canada\" \/>\n<meta property=\"og:description\" content=\"Raison #1&nbsp;: L\u2019autor\u00e9glementation a r\u00e9v\u00e9l\u00e9 qu\u2019il existe un plus grand nombre d\u2019\u00e9chographistes praticiens en Ontario que pr\u00e9vu, plusieurs d\u2019entre eux sans titre de comp\u00e9tence d\u2019\u00c9chographie Canada.&nbsp; En raison de l\u2019adoption de mesures de r\u00e9glementation en Ontario par l\u2019entremise de l\u2019Ordre des technologues en radiation m\u00e9dicale de l\u2019Ontario (OTRMO), pendant la p\u00e9riode d\u2019inscription en 2018, un [&hellip;]\" \/>\n<meta property=\"og:url\" content=\"https:\/\/sonographycanada.ca\/fr\/membres\/vote-special\/ontario-et-quebec\/pourquoi-propose-t-on-ces-changements\" \/>\n<meta property=\"og:site_name\" content=\"\u00c9chographie Canada\" \/>\n<meta property=\"article:modified_time\" content=\"2019-11-13T16:22:52+00:00\" \/>\n<meta name=\"twitter:card\" content=\"summary_large_image\" \/>\n<meta name=\"twitter:label1\" content=\"Est. reading time\" \/>\n\t<meta name=\"twitter:data1\" content=\"3 minutes\" \/>\n<script type=\"application\/ld+json\" class=\"yoast-schema-graph\">{\"@context\":\"https:\/\/schema.org\",\"@graph\":[{\"@type\":\"WebPage\",\"@id\":\"https:\/\/sonographycanada.ca\/fr\/membres\/vote-special\/ontario-et-quebec\/pourquoi-propose-t-on-ces-changements\",\"url\":\"https:\/\/sonographycanada.ca\/fr\/membres\/vote-special\/ontario-et-quebec\/pourquoi-propose-t-on-ces-changements\",\"name\":\"Pourquoi propose-t-on ces changements? - \u00c9chographie Canada\",\"isPartOf\":{\"@id\":\"https:\/\/sonographycanada.ca\/#website\"},\"datePublished\":\"2019-11-01T19:47:37+00:00\",\"dateModified\":\"2019-11-13T16:22:52+00:00\",\"breadcrumb\":{\"@id\":\"https:\/\/sonographycanada.ca\/fr\/membres\/vote-special\/ontario-et-quebec\/pourquoi-propose-t-on-ces-changements#breadcrumb\"},\"inLanguage\":\"fr-FR\",\"potentialAction\":[{\"@type\":\"ReadAction\",\"target\":[\"https:\/\/sonographycanada.ca\/fr\/membres\/vote-special\/ontario-et-quebec\/pourquoi-propose-t-on-ces-changements\"]}]},{\"@type\":\"BreadcrumbList\",\"@id\":\"https:\/\/sonographycanada.ca\/fr\/membres\/vote-special\/ontario-et-quebec\/pourquoi-propose-t-on-ces-changements#breadcrumb\",\"itemListElement\":[{\"@type\":\"ListItem\",\"position\":1,\"name\":\"Accueil\",\"item\":\"https:\/\/sonographycanada.ca\/fr\"},{\"@type\":\"ListItem\",\"position\":2,\"name\":\"Membres\",\"item\":\"https:\/\/sonographycanada.ca\/fr\/membres\"},{\"@type\":\"ListItem\",\"position\":3,\"name\":\"Vote sp\u00e9cial des membres\",\"item\":\"https:\/\/sonographycanada.ca\/fr\/membres\/vote-special\"},{\"@type\":\"ListItem\",\"position\":4,\"name\":\"ONTARIO ET QU\u00c9BEC\",\"item\":\"https:\/\/sonographycanada.ca\/fr\/membres\/vote-special\/ontario-et-quebec\"},{\"@type\":\"ListItem\",\"position\":5,\"name\":\"Pourquoi propose-t-on ces changements?\"}]},{\"@type\":\"WebSite\",\"@id\":\"https:\/\/sonographycanada.ca\/#website\",\"url\":\"https:\/\/sonographycanada.ca\/\",\"name\":\"\u00c9chographie Canada\",\"description\":\"La voix des \u00e9chographistes m\u00e9dicaux diagnostiques au Canada\",\"potentialAction\":[{\"@type\":\"SearchAction\",\"target\":{\"@type\":\"EntryPoint\",\"urlTemplate\":\"https:\/\/sonographycanada.ca\/?s={search_term_string}\"},\"query-input\":{\"@type\":\"PropertyValueSpecification\",\"valueRequired\":true,\"valueName\":\"search_term_string\"}}],\"inLanguage\":\"fr-FR\"}]}<\/script>\n<!-- \/ Yoast SEO plugin. -->","yoast_head_json":{"title":"Pourquoi propose-t-on ces changements? - \u00c9chographie Canada","robots":{"index":"index","follow":"follow","max-snippet":"max-snippet:-1","max-image-preview":"max-image-preview:large","max-video-preview":"max-video-preview:-1"},"canonical":"https:\/\/sonographycanada.ca\/fr\/membres\/vote-special\/ontario-et-quebec\/pourquoi-propose-t-on-ces-changements","og_locale":"fr_FR","og_type":"article","og_title":"Pourquoi propose-t-on ces changements? - \u00c9chographie Canada","og_description":"Raison #1&nbsp;: L\u2019autor\u00e9glementation a r\u00e9v\u00e9l\u00e9 qu\u2019il existe un plus grand nombre d\u2019\u00e9chographistes praticiens en Ontario que pr\u00e9vu, plusieurs d\u2019entre eux sans titre de comp\u00e9tence d\u2019\u00c9chographie Canada.&nbsp; En raison de l\u2019adoption de mesures de r\u00e9glementation en Ontario par l\u2019entremise de l\u2019Ordre des technologues en radiation m\u00e9dicale de l\u2019Ontario (OTRMO), pendant la p\u00e9riode d\u2019inscription en 2018, un [&hellip;]","og_url":"https:\/\/sonographycanada.ca\/fr\/membres\/vote-special\/ontario-et-quebec\/pourquoi-propose-t-on-ces-changements","og_site_name":"\u00c9chographie Canada","article_modified_time":"2019-11-13T16:22:52+00:00","twitter_card":"summary_large_image","twitter_misc":{"Est. reading time":"3 minutes"},"schema":{"@context":"https:\/\/schema.org","@graph":[{"@type":"WebPage","@id":"https:\/\/sonographycanada.ca\/fr\/membres\/vote-special\/ontario-et-quebec\/pourquoi-propose-t-on-ces-changements","url":"https:\/\/sonographycanada.ca\/fr\/membres\/vote-special\/ontario-et-quebec\/pourquoi-propose-t-on-ces-changements","name":"Pourquoi propose-t-on ces changements? - \u00c9chographie Canada","isPartOf":{"@id":"https:\/\/sonographycanada.ca\/#website"},"datePublished":"2019-11-01T19:47:37+00:00","dateModified":"2019-11-13T16:22:52+00:00","breadcrumb":{"@id":"https:\/\/sonographycanada.ca\/fr\/membres\/vote-special\/ontario-et-quebec\/pourquoi-propose-t-on-ces-changements#breadcrumb"},"inLanguage":"fr-FR","potentialAction":[{"@type":"ReadAction","target":["https:\/\/sonographycanada.ca\/fr\/membres\/vote-special\/ontario-et-quebec\/pourquoi-propose-t-on-ces-changements"]}]},{"@type":"BreadcrumbList","@id":"https:\/\/sonographycanada.ca\/fr\/membres\/vote-special\/ontario-et-quebec\/pourquoi-propose-t-on-ces-changements#breadcrumb","itemListElement":[{"@type":"ListItem","position":1,"name":"Accueil","item":"https:\/\/sonographycanada.ca\/fr"},{"@type":"ListItem","position":2,"name":"Membres","item":"https:\/\/sonographycanada.ca\/fr\/membres"},{"@type":"ListItem","position":3,"name":"Vote sp\u00e9cial des membres","item":"https:\/\/sonographycanada.ca\/fr\/membres\/vote-special"},{"@type":"ListItem","position":4,"name":"ONTARIO ET QU\u00c9BEC","item":"https:\/\/sonographycanada.ca\/fr\/membres\/vote-special\/ontario-et-quebec"},{"@type":"ListItem","position":5,"name":"Pourquoi propose-t-on ces changements?"}]},{"@type":"WebSite","@id":"https:\/\/sonographycanada.ca\/#website","url":"https:\/\/sonographycanada.ca\/","name":"\u00c9chographie Canada","description":"La voix des \u00e9chographistes m\u00e9dicaux diagnostiques au Canada","potentialAction":[{"@type":"SearchAction","target":{"@type":"EntryPoint","urlTemplate":"https:\/\/sonographycanada.ca\/?s={search_term_string}"},"query-input":{"@type":"PropertyValueSpecification","valueRequired":true,"valueName":"search_term_string"}}],"inLanguage":"fr-FR"}]}},"coauthors":[],"author_meta":{"author_link":"https:\/\/sonographycanada.ca\/fr\/author\/admin","display_name":"Kevin Andrews"},"relative_dates":{"created":"Publi\u00e9 6 years il y a","modified":"Mis \u00e0 jour 6 years il y a"},"absolute_dates":{"created":"Publi\u00e9 le novembre 1, 2019","modified":"Mise \u00e0 jour le novembre 13, 2019"},"absolute_dates_time":{"created":"Publi\u00e9 le novembre 1, 2019 7:47 pm","modified":"Mise \u00e0 jour le novembre 13, 2019 4:22 pm"},"featured_img_caption":"","featured_img":false,"series_order":"","_links":{"self":[{"href":"https:\/\/sonographycanada.ca\/fr\/wp-json\/wp\/v2\/pages\/7661"}],"collection":[{"href":"https:\/\/sonographycanada.ca\/fr\/wp-json\/wp\/v2\/pages"}],"about":[{"href":"https:\/\/sonographycanada.ca\/fr\/wp-json\/wp\/v2\/types\/page"}],"author":[{"embeddable":true,"href":"https:\/\/sonographycanada.ca\/fr\/wp-json\/wp\/v2\/users\/1"}],"replies":[{"embeddable":true,"href":"https:\/\/sonographycanada.ca\/fr\/wp-json\/wp\/v2\/comments?post=7661"}],"version-history":[{"count":10,"href":"https:\/\/sonographycanada.ca\/fr\/wp-json\/wp\/v2\/pages\/7661\/revisions"}],"predecessor-version":[{"id":8255,"href":"https:\/\/sonographycanada.ca\/fr\/wp-json\/wp\/v2\/pages\/7661\/revisions\/8255"}],"up":[{"embeddable":true,"href":"https:\/\/sonographycanada.ca\/fr\/wp-json\/wp\/v2\/pages\/7656"}],"wp:attachment":[{"href":"https:\/\/sonographycanada.ca\/fr\/wp-json\/wp\/v2\/media?parent=7661"}],"curies":[{"name":"wp","href":"https:\/\/api.w.org\/{rel}","templated":true}]}}