{"id":7800,"date":"2019-11-05T20:09:13","date_gmt":"2019-11-05T20:09:13","guid":{"rendered":"https:\/\/sonographycanada.ca\/?page_id=7800"},"modified":"2019-11-12T19:50:45","modified_gmt":"2019-11-12T19:50:45","slug":"autres-provinces-et-territoires","status":"publish","type":"page","link":"https:\/\/sonographycanada.ca\/fr\/membres\/vote-special\/autres-provinces-et-territoires","title":{"rendered":"Autres provinces et territoires"},"content":{"rendered":"<p>\nLe conseil d\u2019administration d\u2019\u00c9chographie Canada croit fermement que la structure d&#8217;adh\u00e9sion propos\u00e9e dans la nouvelle motion&nbsp;:&nbsp;<\/p><ol class=\"wp-block-list\"><li>tient mieux compte du milieu r\u00e9glementaire changeant au Canada,<\/li><li> positionne de la meilleure fa\u00e7on possible \u00c9chographie Canada comme  organisation repr\u00e9sentant tous les \u00e9chographistes au Canada, aujourd\u2019hui  et demain.&nbsp;  <\/li><\/ol><p><\/p><ul class=\"wp-block-list\"><li>       <a href=\"https:\/\/sonographycanada.ca\/fr\/membres\/vote-special\/autres-provinces-et-territoires\/pourquoi-propose-t-on-ces-changements\">Pourquoi propose-t\u2019on ces changements?<\/a><\/li><li>       <a href=\"https:\/\/sonographycanada.ca\/fr\/membres\/vote-special\/autres-provinces-et-territoires\/quels-sont-les-changements-proposes\">Quels sont les changements propos\u00e9s?<\/a><\/li><li>       <a href=\"https:\/\/sonographycanada.ca\/fr\/membres\/vote-special\/autres-provinces-et-territoires\/resume\">Sommaire<\/a><\/li><\/ul><h2 class=\"stripe wp-block-heading\"> La p\u00e9riode du vote aura lieu du 2 d\u00e9cembre au 15 d\u00e9cembre 2019  <\/h2>","protected":false},"excerpt":{"rendered":"<p>Le conseil d\u2019administration d\u2019\u00c9chographie Canada croit fermement que la structure d&#8217;adh\u00e9sion propos\u00e9e dans la nouvelle motion&nbsp;:&nbsp; tient mieux compte du milieu r\u00e9glementaire changeant au Canada, positionne de la meilleure fa\u00e7on possible \u00c9chographie Canada comme organisation repr\u00e9sentant tous les \u00e9chographistes au Canada, aujourd\u2019hui et demain.&nbsp; Pourquoi propose-t\u2019on ces changements? Quels sont les changements propos\u00e9s? Sommaire La [&hellip;]<\/p>\n","protected":false},"author":1,"featured_media":0,"parent":7654,"menu_order":4,"comment_status":"closed","ping_status":"closed","template":"","meta":{"_acf_changed":false,"advgb_blocks_editor_width":"","advgb_blocks_columns_visual_guide":"","wicket_organization":"","_seat_count":"","_member_id":[],"_edit_last":"6457","_start_date":"","_end_date":"","footnotes":""},"class_list":["post-7800","page","type-page","status-publish","hentry"],"acf":[],"yoast_head":"<!-- This site is optimized with the Yoast SEO plugin v23.5 - https:\/\/yoast.com\/wordpress\/plugins\/seo\/ -->\n<title>Autres provinces et territoires - \u00c9chographie Canada<\/title>\n<meta name=\"robots\" content=\"index, follow, max-snippet:-1, max-image-preview:large, max-video-preview:-1\" \/>\n<link rel=\"canonical\" href=\"https:\/\/sonographycanada.ca\/fr\/membres\/vote-special\/autres-provinces-et-territoires\" \/>\n<meta property=\"og:locale\" content=\"fr_FR\" \/>\n<meta property=\"og:type\" content=\"article\" \/>\n<meta property=\"og:title\" content=\"Autres provinces et territoires - \u00c9chographie Canada\" \/>\n<meta property=\"og:description\" content=\"Le conseil d\u2019administration d\u2019\u00c9chographie Canada croit fermement que la structure d&#8217;adh\u00e9sion propos\u00e9e dans la nouvelle motion&nbsp;:&nbsp; tient mieux compte du milieu r\u00e9glementaire changeant au Canada, positionne de la meilleure fa\u00e7on possible \u00c9chographie Canada comme organisation repr\u00e9sentant tous les \u00e9chographistes au Canada, aujourd\u2019hui et demain.&nbsp; Pourquoi propose-t\u2019on ces changements? Quels sont les changements propos\u00e9s? Sommaire La [&hellip;]\" \/>\n<meta property=\"og:url\" content=\"https:\/\/sonographycanada.ca\/fr\/membres\/vote-special\/autres-provinces-et-territoires\" \/>\n<meta property=\"og:site_name\" content=\"\u00c9chographie Canada\" \/>\n<meta property=\"article:modified_time\" content=\"2019-11-12T19:50:45+00:00\" \/>\n<meta name=\"twitter:card\" content=\"summary_large_image\" \/>\n<script type=\"application\/ld+json\" class=\"yoast-schema-graph\">{\"@context\":\"https:\/\/schema.org\",\"@graph\":[{\"@type\":\"WebPage\",\"@id\":\"https:\/\/sonographycanada.ca\/fr\/membres\/vote-special\/autres-provinces-et-territoires\",\"url\":\"https:\/\/sonographycanada.ca\/fr\/membres\/vote-special\/autres-provinces-et-territoires\",\"name\":\"Autres provinces et territoires - \u00c9chographie Canada\",\"isPartOf\":{\"@id\":\"https:\/\/sonographycanada.ca\/#website\"},\"datePublished\":\"2019-11-05T20:09:13+00:00\",\"dateModified\":\"2019-11-12T19:50:45+00:00\",\"breadcrumb\":{\"@id\":\"https:\/\/sonographycanada.ca\/fr\/membres\/vote-special\/autres-provinces-et-territoires#breadcrumb\"},\"inLanguage\":\"fr-FR\",\"potentialAction\":[{\"@type\":\"ReadAction\",\"target\":[\"https:\/\/sonographycanada.ca\/fr\/membres\/vote-special\/autres-provinces-et-territoires\"]}]},{\"@type\":\"BreadcrumbList\",\"@id\":\"https:\/\/sonographycanada.ca\/fr\/membres\/vote-special\/autres-provinces-et-territoires#breadcrumb\",\"itemListElement\":[{\"@type\":\"ListItem\",\"position\":1,\"name\":\"Accueil\",\"item\":\"https:\/\/sonographycanada.ca\/fr\"},{\"@type\":\"ListItem\",\"position\":2,\"name\":\"Membres\",\"item\":\"https:\/\/sonographycanada.ca\/fr\/membres\"},{\"@type\":\"ListItem\",\"position\":3,\"name\":\"Vote sp\u00e9cial des membres\",\"item\":\"https:\/\/sonographycanada.ca\/fr\/membres\/vote-special\"},{\"@type\":\"ListItem\",\"position\":4,\"name\":\"Autres provinces et territoires\"}]},{\"@type\":\"WebSite\",\"@id\":\"https:\/\/sonographycanada.ca\/#website\",\"url\":\"https:\/\/sonographycanada.ca\/\",\"name\":\"\u00c9chographie Canada\",\"description\":\"La voix des \u00e9chographistes m\u00e9dicaux diagnostiques au Canada\",\"potentialAction\":[{\"@type\":\"SearchAction\",\"target\":{\"@type\":\"EntryPoint\",\"urlTemplate\":\"https:\/\/sonographycanada.ca\/?s={search_term_string}\"},\"query-input\":{\"@type\":\"PropertyValueSpecification\",\"valueRequired\":true,\"valueName\":\"search_term_string\"}}],\"inLanguage\":\"fr-FR\"}]}<\/script>\n<!-- \/ Yoast SEO plugin. -->","yoast_head_json":{"title":"Autres provinces et territoires - \u00c9chographie Canada","robots":{"index":"index","follow":"follow","max-snippet":"max-snippet:-1","max-image-preview":"max-image-preview:large","max-video-preview":"max-video-preview:-1"},"canonical":"https:\/\/sonographycanada.ca\/fr\/membres\/vote-special\/autres-provinces-et-territoires","og_locale":"fr_FR","og_type":"article","og_title":"Autres provinces et territoires - \u00c9chographie Canada","og_description":"Le conseil d\u2019administration d\u2019\u00c9chographie Canada croit fermement que la structure d&#8217;adh\u00e9sion propos\u00e9e dans la nouvelle motion&nbsp;:&nbsp; tient mieux compte du milieu r\u00e9glementaire changeant au Canada, positionne de la meilleure fa\u00e7on possible \u00c9chographie Canada comme organisation repr\u00e9sentant tous les \u00e9chographistes au Canada, aujourd\u2019hui et demain.&nbsp; Pourquoi propose-t\u2019on ces changements? Quels sont les changements propos\u00e9s? Sommaire La [&hellip;]","og_url":"https:\/\/sonographycanada.ca\/fr\/membres\/vote-special\/autres-provinces-et-territoires","og_site_name":"\u00c9chographie Canada","article_modified_time":"2019-11-12T19:50:45+00:00","twitter_card":"summary_large_image","schema":{"@context":"https:\/\/schema.org","@graph":[{"@type":"WebPage","@id":"https:\/\/sonographycanada.ca\/fr\/membres\/vote-special\/autres-provinces-et-territoires","url":"https:\/\/sonographycanada.ca\/fr\/membres\/vote-special\/autres-provinces-et-territoires","name":"Autres provinces et territoires - \u00c9chographie Canada","isPartOf":{"@id":"https:\/\/sonographycanada.ca\/#website"},"datePublished":"2019-11-05T20:09:13+00:00","dateModified":"2019-11-12T19:50:45+00:00","breadcrumb":{"@id":"https:\/\/sonographycanada.ca\/fr\/membres\/vote-special\/autres-provinces-et-territoires#breadcrumb"},"inLanguage":"fr-FR","potentialAction":[{"@type":"ReadAction","target":["https:\/\/sonographycanada.ca\/fr\/membres\/vote-special\/autres-provinces-et-territoires"]}]},{"@type":"BreadcrumbList","@id":"https:\/\/sonographycanada.ca\/fr\/membres\/vote-special\/autres-provinces-et-territoires#breadcrumb","itemListElement":[{"@type":"ListItem","position":1,"name":"Accueil","item":"https:\/\/sonographycanada.ca\/fr"},{"@type":"ListItem","position":2,"name":"Membres","item":"https:\/\/sonographycanada.ca\/fr\/membres"},{"@type":"ListItem","position":3,"name":"Vote sp\u00e9cial des membres","item":"https:\/\/sonographycanada.ca\/fr\/membres\/vote-special"},{"@type":"ListItem","position":4,"name":"Autres provinces et territoires"}]},{"@type":"WebSite","@id":"https:\/\/sonographycanada.ca\/#website","url":"https:\/\/sonographycanada.ca\/","name":"\u00c9chographie Canada","description":"La voix des \u00e9chographistes m\u00e9dicaux diagnostiques au Canada","potentialAction":[{"@type":"SearchAction","target":{"@type":"EntryPoint","urlTemplate":"https:\/\/sonographycanada.ca\/?s={search_term_string}"},"query-input":{"@type":"PropertyValueSpecification","valueRequired":true,"valueName":"search_term_string"}}],"inLanguage":"fr-FR"}]}},"coauthors":[],"author_meta":{"author_link":"https:\/\/sonographycanada.ca\/fr\/author\/admin","display_name":"Kevin Andrews"},"relative_dates":{"created":"Publi\u00e9 6 years il y a","modified":"Mis \u00e0 jour 6 years il y a"},"absolute_dates":{"created":"Publi\u00e9 le novembre 5, 2019","modified":"Mise \u00e0 jour le novembre 12, 2019"},"absolute_dates_time":{"created":"Publi\u00e9 le novembre 5, 2019 8:09 pm","modified":"Mise \u00e0 jour le novembre 12, 2019 7:50 pm"},"featured_img_caption":"","featured_img":false,"series_order":"","_links":{"self":[{"href":"https:\/\/sonographycanada.ca\/fr\/wp-json\/wp\/v2\/pages\/7800"}],"collection":[{"href":"https:\/\/sonographycanada.ca\/fr\/wp-json\/wp\/v2\/pages"}],"about":[{"href":"https:\/\/sonographycanada.ca\/fr\/wp-json\/wp\/v2\/types\/page"}],"author":[{"embeddable":true,"href":"https:\/\/sonographycanada.ca\/fr\/wp-json\/wp\/v2\/users\/1"}],"replies":[{"embeddable":true,"href":"https:\/\/sonographycanada.ca\/fr\/wp-json\/wp\/v2\/comments?post=7800"}],"version-history":[{"count":8,"href":"https:\/\/sonographycanada.ca\/fr\/wp-json\/wp\/v2\/pages\/7800\/revisions"}],"predecessor-version":[{"id":8210,"href":"https:\/\/sonographycanada.ca\/fr\/wp-json\/wp\/v2\/pages\/7800\/revisions\/8210"}],"up":[{"embeddable":true,"href":"https:\/\/sonographycanada.ca\/fr\/wp-json\/wp\/v2\/pages\/7654"}],"wp:attachment":[{"href":"https:\/\/sonographycanada.ca\/fr\/wp-json\/wp\/v2\/media?parent=7800"}],"curies":[{"name":"wp","href":"https:\/\/api.w.org\/{rel}","templated":true}]}}